{"id":7937,"date":"2024-03-14T20:31:39","date_gmt":"2024-03-14T20:31:39","guid":{"rendered":"https:\/\/www.lojadeequipamentos.com.br\/loja\/?post_type=product&#038;p=7937"},"modified":"2026-01-27T16:08:34","modified_gmt":"2026-01-27T16:08:34","slug":"cadeira-guardiao-aco-inox-com-rodas-e-suporte-incisor","status":"publish","type":"product","link":"https:\/\/www.lojadeequipamentos.com.br\/loja\/produto\/cadeira-guardiao-aco-inox-com-rodas-e-suporte-incisor\/","title":{"rendered":"Cadeira Guardi\u00e3o A\u00e7o Inox com Rodas e Suporte \/ Incisor"},"content":{"rendered":"<h2>Cadeira Guardi\u00e3o Inox c\/ Rodas e Suporte<\/h2>\n<p>Descri\u00e7\u00e3o: Cadeira Guardi\u00e3o em Inox com Rodas, Plataforma em Madeira abaixo da Cadeira para Apoio de Pertences ou Equipamentos (OPCIONAL), Estrutura Tubular produzida em <strong>A\u00e7o Inox<\/strong>, Assento e Base para os P\u00e9s em Madeira, Todas as Madeiras s\u00e3o Certificadas e Envernizadas, Suporte para coloca\u00e7\u00e3o de 01 Guarda-Sol e 01 par de Roldanas para deslocamento.<br \/>\n\"Projeto Ergon\u00f4mico para livre circula\u00e7\u00e3o venosa das pernas\"<\/p>\n<p>Medida e Peso: largura 820mm x profundidade 1580mm x altura 2400mm, altura do assento 1860mm(norma da CBT) e peso de 60Kg.<br \/>\nGarantia: de 3 meses.<\/p>\n<p>Uso: Cadeira de Observa\u00e7\u00e3o para ampla vis\u00e3o de Piscinas para a sua pronta atua\u00e7\u00e3o, sendo obrigatoriamente instalada em local que permita perfeita visibilidade, Quadra de Tenis tendo a sua coloca\u00e7\u00e3o a 0,91 cm de distancia m\u00ednima do poste de rede\u00a0da quadra de t\u00eanis de acordo com a norma da CBT e areas para atua\u00e7\u00e3o de Seguran\u00e7a Geral.<\/p>\n<p><strong>Opcionais:<\/strong><\/p>\n<p><strong>Estofado para a Base da Cadeira e Costa<\/strong><\/p>\n<p><strong>Plataforma Superior (580,00\/522,00) e Plataforma Inferior (870,00\/783,00)<\/strong><\/p>\n<p><strong>Guarda Sol ou Ombrelone<\/strong><\/p>\n<p><strong>FAVOR ENTRAR EM CONTATO PARA COTA\u00c7\u00c3O DE FRETE<\/strong><\/p>\n<p><a href=\"https:\/\/api.whatsapp.com\/send?phone=5521964144201\"><img loading=\"lazy\" decoding=\"async\" class=\"alignnone size-full wp-image-4307\" src=\"http:\/\/www.lojadeequipamentos.com.br\/loja\/wp-content\/uploads\/2020\/08\/botao_whatsapp.png\" alt=\"botao_whatsapp\" width=\"226\" height=\"82\" \/><\/a><\/p>\n","protected":false},"excerpt":{"rendered":"<strong>Cadeira Guardi\u00e3o A\u00e7o Inox Incisor com Rodas e Suporte<\/strong>","protected":false},"featured_media":8037,"comment_status":"open","ping_status":"closed","template":"","meta":{"_links_to":"","_links_to_target":""},"product_brand":[],"product_cat":[1785],"product_tag":[1783,1789,4397,1492,1787,9539,9540,9545,9542,9543,9541,9544,1786,135,9546,9537,9550,9538,9549,3817,9547,3821,9548,3826,1795],"class_list":{"0":"post-7937","1":"product","2":"type-product","3":"status-publish","4":"has-post-thumbnail","6":"product_cat-cadeira-guardiao-aco-inox","7":"product_tag-cadeira-de-observacao","8":"product_tag-cadeira-de-observacao-inox","9":"product_tag-cadeira-guardiao-aco-inox","10":"product_tag-cadeira-guardiao-incisor","11":"product_tag-cadeira-guardiao-inox-incisor","12":"product_tag-cadeira-incisor-guardiao","13":"product_tag-cadeira-incisor-inox","14":"product_tag-cadeira-inos-salva-vidas","15":"product_tag-cadeira-inox-guardiao","16":"product_tag-cadeira-inox-guardiao-de-piscina","17":"product_tag-cadeira-inox-incisor","18":"product_tag-cadeira-inox-para-seguranca","19":"product_tag-cadeira-observacao-inox","20":"product_tag-cadeira-salva-vidas","21":"product_tag-cadeira-salva-vidas-inox","22":"product_tag-guardiao-cadeira-inox","23":"product_tag-incisor-cadeira-guardiao","24":"product_tag-incisor-cadeira-guardiao-inox","25":"product_tag-incisor-cadeira-inox","26":"product_tag-inox-cadeira-guardiao","27":"product_tag-inox-cadeira-salva-vidas","28":"product_tag-inox-cadeira-seguranca","29":"product_tag-inox-cadeira-segurancasalva-vida-cadeira-inox","30":"product_tag-salva-vida-cadeira-inox","31":"product_tag-seguranca-cadeira-inox","33":"first","34":"instock","35":"shipping-taxable","36":"purchasable","37":"product-type-simple"},"yoast_head":"<!-- This site is optimized with the Yoast SEO plugin v27.3 - https:\/\/yoast.com\/product\/yoast-seo-wordpress\/ -->\n<title>Cadeira Guardi\u00e3o A\u00e7o Inox com Rodas e Suporte \/ Incisor - Loja de Equipamentos<\/title>\n<meta name=\"description\" content=\"Cadeira Guardi\u00e3o A\u00e7o Inox e Seguran\u00e7a Incisor R$ 5.662,80 Assento em Fibra de Vidro, 01 Par de Rodas,Suporte para 01 Guarda-Sol. VER OPCIONAIS\" \/>\n<meta name=\"robots\" content=\"index, follow, max-snippet:-1, max-image-preview:large, max-video-preview:-1\" \/>\n<link rel=\"canonical\" href=\"https:\/\/www.lojadeequipamentos.com.br\/loja\/produto\/cadeira-guardiao-aco-inox-com-rodas-e-suporte-incisor\/\" \/>\n<meta property=\"og:locale\" content=\"pt_BR\" \/>\n<meta property=\"og:type\" content=\"article\" \/>\n<meta property=\"og:title\" content=\"Cadeira Guardi\u00e3o A\u00e7o Inox com Rodas e Suporte \/ Incisor - Loja de Equipamentos\" \/>\n<meta property=\"og:description\" content=\"Cadeira Guardi\u00e3o A\u00e7o Inox e Seguran\u00e7a Incisor R$ 5.662,80 Assento em Fibra de Vidro, 01 Par de Rodas,Suporte para 01 Guarda-Sol. VER OPCIONAIS\" \/>\n<meta property=\"og:url\" content=\"https:\/\/www.lojadeequipamentos.com.br\/loja\/produto\/cadeira-guardiao-aco-inox-com-rodas-e-suporte-incisor\/\" \/>\n<meta property=\"og:site_name\" content=\"Loja de Equipamentos\" \/>\n<meta property=\"article:modified_time\" content=\"2026-01-27T16:08:34+00:00\" \/>\n<meta property=\"og:image\" content=\"https:\/\/www.lojadeequipamentos.com.br\/loja\/wp-content\/uploads\/2024\/03\/Cadeira-Inox-Incisor.jpg\" \/>\n\t<meta property=\"og:image:width\" content=\"734\" \/>\n\t<meta property=\"og:image:height\" content=\"1092\" \/>\n\t<meta property=\"og:image:type\" content=\"image\/jpeg\" \/>\n<meta name=\"twitter:card\" content=\"summary_large_image\" \/>\n<meta name=\"twitter:label1\" content=\"Est. tempo de leitura\" \/>\n\t<meta name=\"twitter:data1\" content=\"2 minutos\" \/>\n<script type=\"application\/ld+json\" class=\"yoast-schema-graph\">{\"@context\":\"https:\\\/\\\/schema.org\",\"@graph\":[{\"@type\":\"WebPage\",\"@id\":\"https:\\\/\\\/www.lojadeequipamentos.com.br\\\/loja\\\/produto\\\/cadeira-guardiao-aco-inox-com-rodas-e-suporte-incisor\\\/\",\"url\":\"https:\\\/\\\/www.lojadeequipamentos.com.br\\\/loja\\\/produto\\\/cadeira-guardiao-aco-inox-com-rodas-e-suporte-incisor\\\/\",\"name\":\"Cadeira Guardi\u00e3o A\u00e7o Inox com Rodas e Suporte \\\/ Incisor - Loja de Equipamentos\",\"isPartOf\":{\"@id\":\"https:\\\/\\\/www.lojadeequipamentos.com.br\\\/loja\\\/#website\"},\"primaryImageOfPage\":{\"@id\":\"https:\\\/\\\/www.lojadeequipamentos.com.br\\\/loja\\\/produto\\\/cadeira-guardiao-aco-inox-com-rodas-e-suporte-incisor\\\/#primaryimage\"},\"image\":{\"@id\":\"https:\\\/\\\/www.lojadeequipamentos.com.br\\\/loja\\\/produto\\\/cadeira-guardiao-aco-inox-com-rodas-e-suporte-incisor\\\/#primaryimage\"},\"thumbnailUrl\":\"https:\\\/\\\/www.lojadeequipamentos.com.br\\\/loja\\\/wp-content\\\/uploads\\\/2024\\\/03\\\/Cadeira-Inox-Incisor.jpg\",\"datePublished\":\"2024-03-14T20:31:39+00:00\",\"dateModified\":\"2026-01-27T16:08:34+00:00\",\"description\":\"Cadeira Guardi\u00e3o A\u00e7o Inox e Seguran\u00e7a Incisor R$ 5.662,80 Assento em Fibra de Vidro, 01 Par de Rodas,Suporte para 01 Guarda-Sol. VER OPCIONAIS\",\"breadcrumb\":{\"@id\":\"https:\\\/\\\/www.lojadeequipamentos.com.br\\\/loja\\\/produto\\\/cadeira-guardiao-aco-inox-com-rodas-e-suporte-incisor\\\/#breadcrumb\"},\"inLanguage\":\"pt-BR\",\"potentialAction\":[{\"@type\":\"ReadAction\",\"target\":[\"https:\\\/\\\/www.lojadeequipamentos.com.br\\\/loja\\\/produto\\\/cadeira-guardiao-aco-inox-com-rodas-e-suporte-incisor\\\/\"]}]},{\"@type\":\"ImageObject\",\"inLanguage\":\"pt-BR\",\"@id\":\"https:\\\/\\\/www.lojadeequipamentos.com.br\\\/loja\\\/produto\\\/cadeira-guardiao-aco-inox-com-rodas-e-suporte-incisor\\\/#primaryimage\",\"url\":\"https:\\\/\\\/www.lojadeequipamentos.com.br\\\/loja\\\/wp-content\\\/uploads\\\/2024\\\/03\\\/Cadeira-Inox-Incisor.jpg\",\"contentUrl\":\"https:\\\/\\\/www.lojadeequipamentos.com.br\\\/loja\\\/wp-content\\\/uploads\\\/2024\\\/03\\\/Cadeira-Inox-Incisor.jpg\",\"width\":734,\"height\":1092},{\"@type\":\"BreadcrumbList\",\"@id\":\"https:\\\/\\\/www.lojadeequipamentos.com.br\\\/loja\\\/produto\\\/cadeira-guardiao-aco-inox-com-rodas-e-suporte-incisor\\\/#breadcrumb\",\"itemListElement\":[{\"@type\":\"ListItem\",\"position\":1,\"name\":\"In\u00edcio\",\"item\":\"https:\\\/\\\/www.lojadeequipamentos.com.br\\\/loja\\\/\"},{\"@type\":\"ListItem\",\"position\":2,\"name\":\"Loja Virtual\",\"item\":\"https:\\\/\\\/www.lojadeequipamentos.com.br\\\/loja\\\/shop\\\/\"},{\"@type\":\"ListItem\",\"position\":3,\"name\":\"Cadeira Guardi\u00e3o A\u00e7o Inox com Rodas e Suporte \\\/ Incisor\"}]},{\"@type\":\"WebSite\",\"@id\":\"https:\\\/\\\/www.lojadeequipamentos.com.br\\\/loja\\\/#website\",\"url\":\"https:\\\/\\\/www.lojadeequipamentos.com.br\\\/loja\\\/\",\"name\":\"Loja de Equipamentos\",\"description\":\"\",\"potentialAction\":[{\"@type\":\"SearchAction\",\"target\":{\"@type\":\"EntryPoint\",\"urlTemplate\":\"https:\\\/\\\/www.lojadeequipamentos.com.br\\\/loja\\\/?s={search_term_string}\"},\"query-input\":{\"@type\":\"PropertyValueSpecification\",\"valueRequired\":true,\"valueName\":\"search_term_string\"}}],\"inLanguage\":\"pt-BR\"}]}<\/script>\n<!-- \/ Yoast SEO plugin. -->","yoast_head_json":{"title":"Cadeira Guardi\u00e3o A\u00e7o Inox com Rodas e Suporte \/ Incisor - Loja de Equipamentos","description":"Cadeira Guardi\u00e3o A\u00e7o Inox e Seguran\u00e7a Incisor R$ 5.662,80 Assento em Fibra de Vidro, 01 Par de Rodas,Suporte para 01 Guarda-Sol. VER OPCIONAIS","robots":{"index":"index","follow":"follow","max-snippet":"max-snippet:-1","max-image-preview":"max-image-preview:large","max-video-preview":"max-video-preview:-1"},"canonical":"https:\/\/www.lojadeequipamentos.com.br\/loja\/produto\/cadeira-guardiao-aco-inox-com-rodas-e-suporte-incisor\/","og_locale":"pt_BR","og_type":"article","og_title":"Cadeira Guardi\u00e3o A\u00e7o Inox com Rodas e Suporte \/ Incisor - Loja de Equipamentos","og_description":"Cadeira Guardi\u00e3o A\u00e7o Inox e Seguran\u00e7a Incisor R$ 5.662,80 Assento em Fibra de Vidro, 01 Par de Rodas,Suporte para 01 Guarda-Sol. VER OPCIONAIS","og_url":"https:\/\/www.lojadeequipamentos.com.br\/loja\/produto\/cadeira-guardiao-aco-inox-com-rodas-e-suporte-incisor\/","og_site_name":"Loja de Equipamentos","article_modified_time":"2026-01-27T16:08:34+00:00","og_image":[{"width":734,"height":1092,"url":"https:\/\/www.lojadeequipamentos.com.br\/loja\/wp-content\/uploads\/2024\/03\/Cadeira-Inox-Incisor.jpg","type":"image\/jpeg"}],"twitter_card":"summary_large_image","twitter_misc":{"Est. tempo de leitura":"2 minutos"},"schema":{"@context":"https:\/\/schema.org","@graph":[{"@type":"WebPage","@id":"https:\/\/www.lojadeequipamentos.com.br\/loja\/produto\/cadeira-guardiao-aco-inox-com-rodas-e-suporte-incisor\/","url":"https:\/\/www.lojadeequipamentos.com.br\/loja\/produto\/cadeira-guardiao-aco-inox-com-rodas-e-suporte-incisor\/","name":"Cadeira Guardi\u00e3o A\u00e7o Inox com Rodas e Suporte \/ Incisor - Loja de Equipamentos","isPartOf":{"@id":"https:\/\/www.lojadeequipamentos.com.br\/loja\/#website"},"primaryImageOfPage":{"@id":"https:\/\/www.lojadeequipamentos.com.br\/loja\/produto\/cadeira-guardiao-aco-inox-com-rodas-e-suporte-incisor\/#primaryimage"},"image":{"@id":"https:\/\/www.lojadeequipamentos.com.br\/loja\/produto\/cadeira-guardiao-aco-inox-com-rodas-e-suporte-incisor\/#primaryimage"},"thumbnailUrl":"https:\/\/www.lojadeequipamentos.com.br\/loja\/wp-content\/uploads\/2024\/03\/Cadeira-Inox-Incisor.jpg","datePublished":"2024-03-14T20:31:39+00:00","dateModified":"2026-01-27T16:08:34+00:00","description":"Cadeira Guardi\u00e3o A\u00e7o Inox e Seguran\u00e7a Incisor R$ 5.662,80 Assento em Fibra de Vidro, 01 Par de Rodas,Suporte para 01 Guarda-Sol. VER OPCIONAIS","breadcrumb":{"@id":"https:\/\/www.lojadeequipamentos.com.br\/loja\/produto\/cadeira-guardiao-aco-inox-com-rodas-e-suporte-incisor\/#breadcrumb"},"inLanguage":"pt-BR","potentialAction":[{"@type":"ReadAction","target":["https:\/\/www.lojadeequipamentos.com.br\/loja\/produto\/cadeira-guardiao-aco-inox-com-rodas-e-suporte-incisor\/"]}]},{"@type":"ImageObject","inLanguage":"pt-BR","@id":"https:\/\/www.lojadeequipamentos.com.br\/loja\/produto\/cadeira-guardiao-aco-inox-com-rodas-e-suporte-incisor\/#primaryimage","url":"https:\/\/www.lojadeequipamentos.com.br\/loja\/wp-content\/uploads\/2024\/03\/Cadeira-Inox-Incisor.jpg","contentUrl":"https:\/\/www.lojadeequipamentos.com.br\/loja\/wp-content\/uploads\/2024\/03\/Cadeira-Inox-Incisor.jpg","width":734,"height":1092},{"@type":"BreadcrumbList","@id":"https:\/\/www.lojadeequipamentos.com.br\/loja\/produto\/cadeira-guardiao-aco-inox-com-rodas-e-suporte-incisor\/#breadcrumb","itemListElement":[{"@type":"ListItem","position":1,"name":"In\u00edcio","item":"https:\/\/www.lojadeequipamentos.com.br\/loja\/"},{"@type":"ListItem","position":2,"name":"Loja Virtual","item":"https:\/\/www.lojadeequipamentos.com.br\/loja\/shop\/"},{"@type":"ListItem","position":3,"name":"Cadeira Guardi\u00e3o A\u00e7o Inox com Rodas e Suporte \/ Incisor"}]},{"@type":"WebSite","@id":"https:\/\/www.lojadeequipamentos.com.br\/loja\/#website","url":"https:\/\/www.lojadeequipamentos.com.br\/loja\/","name":"Loja de Equipamentos","description":"","potentialAction":[{"@type":"SearchAction","target":{"@type":"EntryPoint","urlTemplate":"https:\/\/www.lojadeequipamentos.com.br\/loja\/?s={search_term_string}"},"query-input":{"@type":"PropertyValueSpecification","valueRequired":true,"valueName":"search_term_string"}}],"inLanguage":"pt-BR"}]}},"_links":{"self":[{"href":"https:\/\/www.lojadeequipamentos.com.br\/loja\/wp-json\/wp\/v2\/product\/7937","targetHints":{"allow":["GET"]}}],"collection":[{"href":"https:\/\/www.lojadeequipamentos.com.br\/loja\/wp-json\/wp\/v2\/product"}],"about":[{"href":"https:\/\/www.lojadeequipamentos.com.br\/loja\/wp-json\/wp\/v2\/types\/product"}],"replies":[{"embeddable":true,"href":"https:\/\/www.lojadeequipamentos.com.br\/loja\/wp-json\/wp\/v2\/comments?post=7937"}],"wp:featuredmedia":[{"embeddable":true,"href":"https:\/\/www.lojadeequipamentos.com.br\/loja\/wp-json\/wp\/v2\/media\/8037"}],"wp:attachment":[{"href":"https:\/\/www.lojadeequipamentos.com.br\/loja\/wp-json\/wp\/v2\/media?parent=7937"}],"wp:term":[{"taxonomy":"product_brand","embeddable":true,"href":"https:\/\/www.lojadeequipamentos.com.br\/loja\/wp-json\/wp\/v2\/product_brand?post=7937"},{"taxonomy":"product_cat","embeddable":true,"href":"https:\/\/www.lojadeequipamentos.com.br\/loja\/wp-json\/wp\/v2\/product_cat?post=7937"},{"taxonomy":"product_tag","embeddable":true,"href":"https:\/\/www.lojadeequipamentos.com.br\/loja\/wp-json\/wp\/v2\/product_tag?post=7937"}],"curies":[{"name":"wp","href":"https:\/\/api.w.org\/{rel}","templated":true}]}}