{"id":7844,"date":"2023-09-29T19:09:11","date_gmt":"2023-09-29T19:09:11","guid":{"rendered":"https:\/\/www.lojadeequipamentos.com.br\/loja\/?post_type=product&#038;p=7844"},"modified":"2023-09-29T19:25:20","modified_gmt":"2023-09-29T19:25:20","slug":"caixa-coletora-inox-cc-25hd-skymsen","status":"publish","type":"product","link":"https:\/\/www.lojadeequipamentos.com.br\/loja\/produto\/caixa-coletora-inox-cc-25hd-skymsen\/","title":{"rendered":"Caixa Coletora Inox CC 25HD &#8211; Skymsen"},"content":{"rendered":"<p><strong>Caixa Coletora Inox CC 25HD Heavy Duty \/ Trabalho Pesado - Skymsen<\/strong><\/p>\n<p>CAIXA COLETORA - DB-25HD, HEAVY DUTY<br \/>\nA organiza\u00e7\u00e3o e limpeza da cozinha s\u00e3o princ\u00edpios fundamentais para que os processos de prepara\u00e7\u00e3o dos alimentos sejam pr\u00e1ticos e r\u00e1pidos, mantendo a seguran\u00e7a alimentar para os consumidores. Pensando nisso, para ajudar a manter o ambiente sempre em ordem e limpo, a Skymsen apresenta a caixa coletora para descascador DB-25HD, um acess\u00f3rio essencial para a cozinha de restaurantes e estabelecimentos que buscam facilitar o dia a dia. Nela todos os res\u00edduos soltos durante o processo do DB-25HD ficam retidos, impedindo que sejam  levados junto com a \u00e1gua para o esgoto.<br \/>\nF\u00e1cil de ser manipulada, a caixa coletora para descascador \u00e9 um item exclusivo que pode ser utilizado em conjunto com o Descascador Inox 25kg Heavy Duty da Skymsen, sendo encaixada abaixo deste equipamento, servindo de base para o mesmo.<br \/>\n<strong>A caixa coletora para descascador \u00e9 um acess\u00f3rio dispon\u00edvel na linha de descascadores da Skymsen, compat\u00edvel com o modelo de BD-25HD.<\/strong> <\/p>\n<p>CARACTER\u00cdSTICAS T\u00c9CNICAS<br \/>\nC\u00f3digo: 35238.1<br \/>\nModelo: CC-25HD<br \/>\nDimens\u00f5es (AxLxP): 420 x 480 x 510 mm<br \/>\nDimens\u00f5es da embalagem (AxLxP): 465 x 510 x 550 mm<br \/>\nPeso l\u00edquido \/ bruto: 12,00 kg \/ 13,65 kg<br \/>\nClassifica\u00e7\u00e3o fiscal (NCM): 84389000<br \/>\nEAN-13: 7895707352384<\/p>\n<p><strong>FAVOR ENTRAR EM CONTATO PARA COTA\u00c7\u00c3O DE FRETE<\/strong><\/p>\n<p><a href=\"https:\/\/api.whatsapp.com\/send?phone=5521964144201\"><img loading=\"lazy\" decoding=\"async\" class=\"alignnone size-full wp-image-4307\" src=\"http:\/\/www.lojadeequipamentos.com.br\/loja\/wp-content\/uploads\/2020\/08\/botao_whatsapp.png\" alt=\"botao_whatsapp\" width=\"226\" height=\"82\" \/><\/a><\/p>\n","protected":false},"excerpt":{"rendered":"<strong>Caixa Coletora Inox CC 25HD Heavy Duty \/ Trabalho Pesado - Skymsen<\/strong>","protected":false},"featured_media":7845,"comment_status":"open","ping_status":"closed","template":"","meta":{"_links_to":"","_links_to_target":""},"product_brand":[],"product_cat":[6597],"product_tag":[9155,9158,9156,9157,9162,9163,9154,9159,9160,9161],"class_list":{"0":"post-7844","1":"product","2":"type-product","3":"status-publish","4":"has-post-thumbnail","6":"product_cat-descascador-e-ralador","7":"product_tag-caixa-coletora-cc25hd","8":"product_tag-caixa-coletora-para-descascadora-skymsen","9":"product_tag-caixa-coletora-skymsen","10":"product_tag-caixa-coletora-skymsen-cc25hd","11":"product_tag-cc25hd","12":"product_tag-cc25hd-skymsen","13":"product_tag-ean-13-7895707352384","14":"product_tag-skymsen-caixa-coletora","15":"product_tag-skymsen-caixa-coletora-cc25hd","16":"product_tag-skymsen-cc25hd","18":"first","19":"instock","20":"shipping-taxable","21":"purchasable","22":"product-type-simple"},"yoast_head":"<!-- This site is optimized with the Yoast SEO plugin v27.3 - https:\/\/yoast.com\/product\/yoast-seo-wordpress\/ -->\n<title>Caixa Coletora Inox CC 25HD - Skymsen - Loja de Equipamentos<\/title>\n<meta name=\"description\" content=\"Caixa Coletora Inox CC 25HD Heavy Duty \/ Trabalho Pesado - Skymsen R$ 2.499,30\" \/>\n<meta name=\"robots\" content=\"index, follow, max-snippet:-1, max-image-preview:large, max-video-preview:-1\" \/>\n<link rel=\"canonical\" href=\"https:\/\/www.lojadeequipamentos.com.br\/loja\/produto\/caixa-coletora-inox-cc-25hd-skymsen\/\" \/>\n<meta property=\"og:locale\" content=\"pt_BR\" \/>\n<meta property=\"og:type\" content=\"article\" \/>\n<meta property=\"og:title\" content=\"Caixa Coletora Inox CC 25HD - Skymsen - Loja de Equipamentos\" \/>\n<meta property=\"og:description\" content=\"Caixa Coletora Inox CC 25HD Heavy Duty \/ Trabalho Pesado - Skymsen R$ 2.499,30\" \/>\n<meta property=\"og:url\" content=\"https:\/\/www.lojadeequipamentos.com.br\/loja\/produto\/caixa-coletora-inox-cc-25hd-skymsen\/\" \/>\n<meta property=\"og:site_name\" content=\"Loja de Equipamentos\" \/>\n<meta property=\"article:modified_time\" content=\"2023-09-29T19:25:20+00:00\" \/>\n<meta property=\"og:image\" content=\"https:\/\/www.lojadeequipamentos.com.br\/loja\/wp-content\/uploads\/2023\/09\/Caixa-Coletora-CC25HD-Skymsen.jpeg\" \/>\n\t<meta property=\"og:image:width\" content=\"350\" \/>\n\t<meta property=\"og:image:height\" content=\"350\" \/>\n\t<meta property=\"og:image:type\" content=\"image\/jpeg\" \/>\n<meta name=\"twitter:card\" content=\"summary_large_image\" \/>\n<script type=\"application\/ld+json\" class=\"yoast-schema-graph\">{\"@context\":\"https:\\\/\\\/schema.org\",\"@graph\":[{\"@type\":\"WebPage\",\"@id\":\"https:\\\/\\\/www.lojadeequipamentos.com.br\\\/loja\\\/produto\\\/caixa-coletora-inox-cc-25hd-skymsen\\\/\",\"url\":\"https:\\\/\\\/www.lojadeequipamentos.com.br\\\/loja\\\/produto\\\/caixa-coletora-inox-cc-25hd-skymsen\\\/\",\"name\":\"Caixa Coletora Inox CC 25HD - Skymsen - Loja de Equipamentos\",\"isPartOf\":{\"@id\":\"https:\\\/\\\/www.lojadeequipamentos.com.br\\\/loja\\\/#website\"},\"primaryImageOfPage\":{\"@id\":\"https:\\\/\\\/www.lojadeequipamentos.com.br\\\/loja\\\/produto\\\/caixa-coletora-inox-cc-25hd-skymsen\\\/#primaryimage\"},\"image\":{\"@id\":\"https:\\\/\\\/www.lojadeequipamentos.com.br\\\/loja\\\/produto\\\/caixa-coletora-inox-cc-25hd-skymsen\\\/#primaryimage\"},\"thumbnailUrl\":\"https:\\\/\\\/www.lojadeequipamentos.com.br\\\/loja\\\/wp-content\\\/uploads\\\/2023\\\/09\\\/Caixa-Coletora-CC25HD-Skymsen.jpeg\",\"datePublished\":\"2023-09-29T19:09:11+00:00\",\"dateModified\":\"2023-09-29T19:25:20+00:00\",\"description\":\"Caixa Coletora Inox CC 25HD Heavy Duty \\\/ Trabalho Pesado - Skymsen R$ 2.499,30\",\"breadcrumb\":{\"@id\":\"https:\\\/\\\/www.lojadeequipamentos.com.br\\\/loja\\\/produto\\\/caixa-coletora-inox-cc-25hd-skymsen\\\/#breadcrumb\"},\"inLanguage\":\"pt-BR\",\"potentialAction\":[{\"@type\":\"ReadAction\",\"target\":[\"https:\\\/\\\/www.lojadeequipamentos.com.br\\\/loja\\\/produto\\\/caixa-coletora-inox-cc-25hd-skymsen\\\/\"]}]},{\"@type\":\"ImageObject\",\"inLanguage\":\"pt-BR\",\"@id\":\"https:\\\/\\\/www.lojadeequipamentos.com.br\\\/loja\\\/produto\\\/caixa-coletora-inox-cc-25hd-skymsen\\\/#primaryimage\",\"url\":\"https:\\\/\\\/www.lojadeequipamentos.com.br\\\/loja\\\/wp-content\\\/uploads\\\/2023\\\/09\\\/Caixa-Coletora-CC25HD-Skymsen.jpeg\",\"contentUrl\":\"https:\\\/\\\/www.lojadeequipamentos.com.br\\\/loja\\\/wp-content\\\/uploads\\\/2023\\\/09\\\/Caixa-Coletora-CC25HD-Skymsen.jpeg\",\"width\":350,\"height\":350},{\"@type\":\"BreadcrumbList\",\"@id\":\"https:\\\/\\\/www.lojadeequipamentos.com.br\\\/loja\\\/produto\\\/caixa-coletora-inox-cc-25hd-skymsen\\\/#breadcrumb\",\"itemListElement\":[{\"@type\":\"ListItem\",\"position\":1,\"name\":\"In\u00edcio\",\"item\":\"https:\\\/\\\/www.lojadeequipamentos.com.br\\\/loja\\\/\"},{\"@type\":\"ListItem\",\"position\":2,\"name\":\"Loja Virtual\",\"item\":\"https:\\\/\\\/www.lojadeequipamentos.com.br\\\/loja\\\/shop\\\/\"},{\"@type\":\"ListItem\",\"position\":3,\"name\":\"Caixa Coletora Inox CC 25HD &#8211; Skymsen\"}]},{\"@type\":\"WebSite\",\"@id\":\"https:\\\/\\\/www.lojadeequipamentos.com.br\\\/loja\\\/#website\",\"url\":\"https:\\\/\\\/www.lojadeequipamentos.com.br\\\/loja\\\/\",\"name\":\"Loja de Equipamentos\",\"description\":\"\",\"potentialAction\":[{\"@type\":\"SearchAction\",\"target\":{\"@type\":\"EntryPoint\",\"urlTemplate\":\"https:\\\/\\\/www.lojadeequipamentos.com.br\\\/loja\\\/?s={search_term_string}\"},\"query-input\":{\"@type\":\"PropertyValueSpecification\",\"valueRequired\":true,\"valueName\":\"search_term_string\"}}],\"inLanguage\":\"pt-BR\"}]}<\/script>\n<!-- \/ Yoast SEO plugin. -->","yoast_head_json":{"title":"Caixa Coletora Inox CC 25HD - Skymsen - Loja de Equipamentos","description":"Caixa Coletora Inox CC 25HD Heavy Duty \/ Trabalho Pesado - Skymsen R$ 2.499,30","robots":{"index":"index","follow":"follow","max-snippet":"max-snippet:-1","max-image-preview":"max-image-preview:large","max-video-preview":"max-video-preview:-1"},"canonical":"https:\/\/www.lojadeequipamentos.com.br\/loja\/produto\/caixa-coletora-inox-cc-25hd-skymsen\/","og_locale":"pt_BR","og_type":"article","og_title":"Caixa Coletora Inox CC 25HD - Skymsen - Loja de Equipamentos","og_description":"Caixa Coletora Inox CC 25HD Heavy Duty \/ Trabalho Pesado - Skymsen R$ 2.499,30","og_url":"https:\/\/www.lojadeequipamentos.com.br\/loja\/produto\/caixa-coletora-inox-cc-25hd-skymsen\/","og_site_name":"Loja de Equipamentos","article_modified_time":"2023-09-29T19:25:20+00:00","og_image":[{"width":350,"height":350,"url":"https:\/\/www.lojadeequipamentos.com.br\/loja\/wp-content\/uploads\/2023\/09\/Caixa-Coletora-CC25HD-Skymsen.jpeg","type":"image\/jpeg"}],"twitter_card":"summary_large_image","schema":{"@context":"https:\/\/schema.org","@graph":[{"@type":"WebPage","@id":"https:\/\/www.lojadeequipamentos.com.br\/loja\/produto\/caixa-coletora-inox-cc-25hd-skymsen\/","url":"https:\/\/www.lojadeequipamentos.com.br\/loja\/produto\/caixa-coletora-inox-cc-25hd-skymsen\/","name":"Caixa Coletora Inox CC 25HD - Skymsen - Loja de Equipamentos","isPartOf":{"@id":"https:\/\/www.lojadeequipamentos.com.br\/loja\/#website"},"primaryImageOfPage":{"@id":"https:\/\/www.lojadeequipamentos.com.br\/loja\/produto\/caixa-coletora-inox-cc-25hd-skymsen\/#primaryimage"},"image":{"@id":"https:\/\/www.lojadeequipamentos.com.br\/loja\/produto\/caixa-coletora-inox-cc-25hd-skymsen\/#primaryimage"},"thumbnailUrl":"https:\/\/www.lojadeequipamentos.com.br\/loja\/wp-content\/uploads\/2023\/09\/Caixa-Coletora-CC25HD-Skymsen.jpeg","datePublished":"2023-09-29T19:09:11+00:00","dateModified":"2023-09-29T19:25:20+00:00","description":"Caixa Coletora Inox CC 25HD Heavy Duty \/ Trabalho Pesado - Skymsen R$ 2.499,30","breadcrumb":{"@id":"https:\/\/www.lojadeequipamentos.com.br\/loja\/produto\/caixa-coletora-inox-cc-25hd-skymsen\/#breadcrumb"},"inLanguage":"pt-BR","potentialAction":[{"@type":"ReadAction","target":["https:\/\/www.lojadeequipamentos.com.br\/loja\/produto\/caixa-coletora-inox-cc-25hd-skymsen\/"]}]},{"@type":"ImageObject","inLanguage":"pt-BR","@id":"https:\/\/www.lojadeequipamentos.com.br\/loja\/produto\/caixa-coletora-inox-cc-25hd-skymsen\/#primaryimage","url":"https:\/\/www.lojadeequipamentos.com.br\/loja\/wp-content\/uploads\/2023\/09\/Caixa-Coletora-CC25HD-Skymsen.jpeg","contentUrl":"https:\/\/www.lojadeequipamentos.com.br\/loja\/wp-content\/uploads\/2023\/09\/Caixa-Coletora-CC25HD-Skymsen.jpeg","width":350,"height":350},{"@type":"BreadcrumbList","@id":"https:\/\/www.lojadeequipamentos.com.br\/loja\/produto\/caixa-coletora-inox-cc-25hd-skymsen\/#breadcrumb","itemListElement":[{"@type":"ListItem","position":1,"name":"In\u00edcio","item":"https:\/\/www.lojadeequipamentos.com.br\/loja\/"},{"@type":"ListItem","position":2,"name":"Loja Virtual","item":"https:\/\/www.lojadeequipamentos.com.br\/loja\/shop\/"},{"@type":"ListItem","position":3,"name":"Caixa Coletora Inox CC 25HD &#8211; Skymsen"}]},{"@type":"WebSite","@id":"https:\/\/www.lojadeequipamentos.com.br\/loja\/#website","url":"https:\/\/www.lojadeequipamentos.com.br\/loja\/","name":"Loja de Equipamentos","description":"","potentialAction":[{"@type":"SearchAction","target":{"@type":"EntryPoint","urlTemplate":"https:\/\/www.lojadeequipamentos.com.br\/loja\/?s={search_term_string}"},"query-input":{"@type":"PropertyValueSpecification","valueRequired":true,"valueName":"search_term_string"}}],"inLanguage":"pt-BR"}]}},"_links":{"self":[{"href":"https:\/\/www.lojadeequipamentos.com.br\/loja\/wp-json\/wp\/v2\/product\/7844","targetHints":{"allow":["GET"]}}],"collection":[{"href":"https:\/\/www.lojadeequipamentos.com.br\/loja\/wp-json\/wp\/v2\/product"}],"about":[{"href":"https:\/\/www.lojadeequipamentos.com.br\/loja\/wp-json\/wp\/v2\/types\/product"}],"replies":[{"embeddable":true,"href":"https:\/\/www.lojadeequipamentos.com.br\/loja\/wp-json\/wp\/v2\/comments?post=7844"}],"wp:featuredmedia":[{"embeddable":true,"href":"https:\/\/www.lojadeequipamentos.com.br\/loja\/wp-json\/wp\/v2\/media\/7845"}],"wp:attachment":[{"href":"https:\/\/www.lojadeequipamentos.com.br\/loja\/wp-json\/wp\/v2\/media?parent=7844"}],"wp:term":[{"taxonomy":"product_brand","embeddable":true,"href":"https:\/\/www.lojadeequipamentos.com.br\/loja\/wp-json\/wp\/v2\/product_brand?post=7844"},{"taxonomy":"product_cat","embeddable":true,"href":"https:\/\/www.lojadeequipamentos.com.br\/loja\/wp-json\/wp\/v2\/product_cat?post=7844"},{"taxonomy":"product_tag","embeddable":true,"href":"https:\/\/www.lojadeequipamentos.com.br\/loja\/wp-json\/wp\/v2\/product_tag?post=7844"}],"curies":[{"name":"wp","href":"https:\/\/api.w.org\/{rel}","templated":true}]}}