{"id":7806,"date":"2023-09-28T16:03:21","date_gmt":"2023-09-28T16:03:21","guid":{"rendered":"https:\/\/www.lojadeequipamentos.com.br\/loja\/?post_type=product&#038;p=7806"},"modified":"2023-09-28T19:20:59","modified_gmt":"2023-09-28T19:20:59","slug":"batedeira-planetaria-bps-05-n-rosa-skymsen","status":"publish","type":"product","link":"https:\/\/www.lojadeequipamentos.com.br\/loja\/produto\/batedeira-planetaria-bps-05-n-rosa-skymsen\/","title":{"rendered":"Batedeira Planet\u00e1ria BPS-05-N Rosa &#8211; Skymsen"},"content":{"rendered":"<p><strong>Batedeira Planet\u00e1ria BPS-05-N Rosa - 127\/220v - Skymsen<\/strong><\/p>\n<p>BATEDEIRA PLANET\u00c1RIA BRANCA 5 LITROS<br \/>\nNa produ\u00e7\u00e3o de coberturas, recheios de tortas, bolos, p\u00e3o de l\u00f3, cremes, merengues, chantilly, glac\u00eas e pr\u00e9-misturas, uma batedeira \u00e9 fundamental para realizar o processo com agilidade e m\u00e1xima efici\u00eancia. Para atender essa demanda no dia a dia de trabalho em padarias, confeitarias e cozinhas comerciais, a Skymsen apresenta a batedeira planet\u00e1ria rosa, um equipamento para padaria profissional de alta performance que pode aumentar significativamente a capacidade produtiva e rendimento em seu estabelecimento.<\/p>\n<p>Robusta e com design vintage, a batedeira planet\u00e1ria rosa \u00e9 bivolt e possui estrutura, base e cabe\u00e7ote em alum\u00ednio fundido e bojo em a\u00e7o inox com capacidade de 5 litros.  Conta com um sistema de varia\u00e7\u00e3o cont\u00ednua de velocidades, possibilitando um maior controle durante o processo. Acompanham tamb\u00e9m 3 batedores (globo, raquete e gancho) intercambi\u00e1veis e de f\u00e1cil encaixe, oferecendo, al\u00e9m de diferentes maneiras de produ\u00e7\u00e3o, maior facilidade na limpeza e higieniza\u00e7\u00e3o.<\/p>\n<p>CARACTER\u00cdSTICAS T\u00c9CNICAS<br \/>\nModelo: BPS-05-N Rosa<br \/>\nTens\u00e3o El\u00e9trica \/ Frequ\u00eancia \/ Fases: 127\/220v \/ 50-60 Hz \/ 1<br \/>\nPot\u00eancia Nominal: 250 w<br \/>\nPot\u00eancia do Motor: 500 w<br \/>\nConsumo: 0.25 kWh<br \/>\nDimens\u00f5es: [AxLxP]: 420 x 240 x 380 mm<br \/>\nDim. da Embalagem [AxLxP]: 480 x 290 x 440 mm<br \/>\nPeso Liquido \/ Bruto: 12.50 kg \/ 13.30 kg<br \/>\nVolume do Bojo: 5L<br \/>\nClassifica\u00e7\u00e3o Fiscal [NCM]: 84381000<br \/>\nEAN-13: 7895707643703 [Rosa]\n<p><strong>FAVOR ENTRAR EM CONTATO PARA COTA\u00c7\u00c3O DE FRETE<\/strong><\/p>\n<p><a href=\"https:\/\/api.whatsapp.com\/send?phone=5521964144201\"><img loading=\"lazy\" decoding=\"async\" class=\"alignnone size-full wp-image-4307\" src=\"http:\/\/www.lojadeequipamentos.com.br\/loja\/wp-content\/uploads\/2020\/08\/botao_whatsapp.png\" alt=\"botao_whatsapp\" width=\"226\" height=\"82\" \/><\/a><\/p>\n","protected":false},"excerpt":{"rendered":"<strong>Batedeira Planet\u00e1ria BPS-05-N Rosa - 127\/220v - Skymsen<\/strong>","protected":false},"featured_media":7810,"comment_status":"open","ping_status":"closed","template":"","meta":{"_links_to":"","_links_to_target":""},"product_brand":[],"product_cat":[7103],"product_tag":[9006,8936,8935,7104,7108,9007,8926,8942,9028,8944,8943,7105,8945,8941,8929,8948,9027,8951,8946,8947,8974,9029,8950,8949,9008,8930],"class_list":{"0":"post-7806","1":"product","2":"type-product","3":"status-publish","4":"has-post-thumbnail","6":"product_cat-batedeiras-skymsen","7":"product_tag-batedeira-bps-05n-rosa","8":"product_tag-batedeira-bps-05-n","9":"product_tag-batedeira-bps05n","10":"product_tag-batedeira-planetaria","11":"product_tag-batedeira-planetaria-bps-05-n-skymsen","12":"product_tag-batedeira-planetaria-bps-05n-rosa","13":"product_tag-batedeira-planetaria-bps-05-n","14":"product_tag-batedeira-planetaria-bps05n","15":"product_tag-batedeira-planetaria-bps05n-rosa","16":"product_tag-batedeira-planetaria-rosa","17":"product_tag-batedeira-planetaria-rosa-skymsen","18":"product_tag-batedeira-planetaria-skymsen","19":"product_tag-batedeira-rosa","20":"product_tag-batedeira-rosa-skymsen","21":"product_tag-bps-05-n","22":"product_tag-bps05n","23":"product_tag-bps05n-rosa","24":"product_tag-ean-13-7895707643703","25":"product_tag-rosa-batedeira","26":"product_tag-rosa-batedeira-planetaria","27":"product_tag-rosa-batedeira-planetaria-skymsen","28":"product_tag-skymsen-batedeira-bps-05-n-rosa","29":"product_tag-skymsen-batedeira-planetaria-rosa","30":"product_tag-skymsen-batedeira-rosa","31":"product_tag-skymsen-bps-05n-rosa","32":"product_tag-skymsen-bps-05-n","34":"first","35":"instock","36":"shipping-taxable","37":"purchasable","38":"product-type-simple"},"yoast_head":"<!-- This site is optimized with the Yoast SEO plugin v27.3 - https:\/\/yoast.com\/product\/yoast-seo-wordpress\/ -->\n<title>Batedeira Planet\u00e1ria BPS-05-N Rosa - Skymsen - Loja de Equipamentos<\/title>\n<meta name=\"description\" content=\"Batedeira Planet\u00e1ria BPS-05-N Rosa - 127\/220v - Skymsen R$ 3.252,60\" \/>\n<meta name=\"robots\" content=\"index, follow, max-snippet:-1, max-image-preview:large, max-video-preview:-1\" \/>\n<link rel=\"canonical\" href=\"https:\/\/www.lojadeequipamentos.com.br\/loja\/produto\/batedeira-planetaria-bps-05-n-rosa-skymsen\/\" \/>\n<meta property=\"og:locale\" content=\"pt_BR\" \/>\n<meta property=\"og:type\" content=\"article\" \/>\n<meta property=\"og:title\" content=\"Batedeira Planet\u00e1ria BPS-05-N Rosa - Skymsen - Loja de Equipamentos\" \/>\n<meta property=\"og:description\" content=\"Batedeira Planet\u00e1ria BPS-05-N Rosa - 127\/220v - Skymsen R$ 3.252,60\" \/>\n<meta property=\"og:url\" content=\"https:\/\/www.lojadeequipamentos.com.br\/loja\/produto\/batedeira-planetaria-bps-05-n-rosa-skymsen\/\" \/>\n<meta property=\"og:site_name\" content=\"Loja de Equipamentos\" \/>\n<meta property=\"article:modified_time\" content=\"2023-09-28T19:20:59+00:00\" \/>\n<meta property=\"og:image\" content=\"https:\/\/www.lojadeequipamentos.com.br\/loja\/wp-content\/uploads\/2023\/09\/Batedeira-BPS05N-Rosa-Skynsem.jpeg\" \/>\n\t<meta property=\"og:image:width\" content=\"315\" \/>\n\t<meta property=\"og:image:height\" content=\"315\" \/>\n\t<meta property=\"og:image:type\" content=\"image\/jpeg\" \/>\n<meta name=\"twitter:card\" content=\"summary_large_image\" \/>\n<meta name=\"twitter:label1\" content=\"Est. tempo de leitura\" \/>\n\t<meta name=\"twitter:data1\" content=\"2 minutos\" \/>\n<script type=\"application\/ld+json\" class=\"yoast-schema-graph\">{\"@context\":\"https:\\\/\\\/schema.org\",\"@graph\":[{\"@type\":\"WebPage\",\"@id\":\"https:\\\/\\\/www.lojadeequipamentos.com.br\\\/loja\\\/produto\\\/batedeira-planetaria-bps-05-n-rosa-skymsen\\\/\",\"url\":\"https:\\\/\\\/www.lojadeequipamentos.com.br\\\/loja\\\/produto\\\/batedeira-planetaria-bps-05-n-rosa-skymsen\\\/\",\"name\":\"Batedeira Planet\u00e1ria BPS-05-N Rosa - Skymsen - Loja de Equipamentos\",\"isPartOf\":{\"@id\":\"https:\\\/\\\/www.lojadeequipamentos.com.br\\\/loja\\\/#website\"},\"primaryImageOfPage\":{\"@id\":\"https:\\\/\\\/www.lojadeequipamentos.com.br\\\/loja\\\/produto\\\/batedeira-planetaria-bps-05-n-rosa-skymsen\\\/#primaryimage\"},\"image\":{\"@id\":\"https:\\\/\\\/www.lojadeequipamentos.com.br\\\/loja\\\/produto\\\/batedeira-planetaria-bps-05-n-rosa-skymsen\\\/#primaryimage\"},\"thumbnailUrl\":\"https:\\\/\\\/www.lojadeequipamentos.com.br\\\/loja\\\/wp-content\\\/uploads\\\/2023\\\/09\\\/Batedeira-BPS05N-Rosa-Skynsem.jpeg\",\"datePublished\":\"2023-09-28T16:03:21+00:00\",\"dateModified\":\"2023-09-28T19:20:59+00:00\",\"description\":\"Batedeira Planet\u00e1ria BPS-05-N Rosa - 127\\\/220v - Skymsen R$ 3.252,60\",\"breadcrumb\":{\"@id\":\"https:\\\/\\\/www.lojadeequipamentos.com.br\\\/loja\\\/produto\\\/batedeira-planetaria-bps-05-n-rosa-skymsen\\\/#breadcrumb\"},\"inLanguage\":\"pt-BR\",\"potentialAction\":[{\"@type\":\"ReadAction\",\"target\":[\"https:\\\/\\\/www.lojadeequipamentos.com.br\\\/loja\\\/produto\\\/batedeira-planetaria-bps-05-n-rosa-skymsen\\\/\"]}]},{\"@type\":\"ImageObject\",\"inLanguage\":\"pt-BR\",\"@id\":\"https:\\\/\\\/www.lojadeequipamentos.com.br\\\/loja\\\/produto\\\/batedeira-planetaria-bps-05-n-rosa-skymsen\\\/#primaryimage\",\"url\":\"https:\\\/\\\/www.lojadeequipamentos.com.br\\\/loja\\\/wp-content\\\/uploads\\\/2023\\\/09\\\/Batedeira-BPS05N-Rosa-Skynsem.jpeg\",\"contentUrl\":\"https:\\\/\\\/www.lojadeequipamentos.com.br\\\/loja\\\/wp-content\\\/uploads\\\/2023\\\/09\\\/Batedeira-BPS05N-Rosa-Skynsem.jpeg\",\"width\":315,\"height\":315},{\"@type\":\"BreadcrumbList\",\"@id\":\"https:\\\/\\\/www.lojadeequipamentos.com.br\\\/loja\\\/produto\\\/batedeira-planetaria-bps-05-n-rosa-skymsen\\\/#breadcrumb\",\"itemListElement\":[{\"@type\":\"ListItem\",\"position\":1,\"name\":\"In\u00edcio\",\"item\":\"https:\\\/\\\/www.lojadeequipamentos.com.br\\\/loja\\\/\"},{\"@type\":\"ListItem\",\"position\":2,\"name\":\"Loja Virtual\",\"item\":\"https:\\\/\\\/www.lojadeequipamentos.com.br\\\/loja\\\/shop\\\/\"},{\"@type\":\"ListItem\",\"position\":3,\"name\":\"Batedeira Planet\u00e1ria BPS-05-N Rosa &#8211; Skymsen\"}]},{\"@type\":\"WebSite\",\"@id\":\"https:\\\/\\\/www.lojadeequipamentos.com.br\\\/loja\\\/#website\",\"url\":\"https:\\\/\\\/www.lojadeequipamentos.com.br\\\/loja\\\/\",\"name\":\"Loja de Equipamentos\",\"description\":\"\",\"potentialAction\":[{\"@type\":\"SearchAction\",\"target\":{\"@type\":\"EntryPoint\",\"urlTemplate\":\"https:\\\/\\\/www.lojadeequipamentos.com.br\\\/loja\\\/?s={search_term_string}\"},\"query-input\":{\"@type\":\"PropertyValueSpecification\",\"valueRequired\":true,\"valueName\":\"search_term_string\"}}],\"inLanguage\":\"pt-BR\"}]}<\/script>\n<!-- \/ Yoast SEO plugin. -->","yoast_head_json":{"title":"Batedeira Planet\u00e1ria BPS-05-N Rosa - Skymsen - Loja de Equipamentos","description":"Batedeira Planet\u00e1ria BPS-05-N Rosa - 127\/220v - Skymsen R$ 3.252,60","robots":{"index":"index","follow":"follow","max-snippet":"max-snippet:-1","max-image-preview":"max-image-preview:large","max-video-preview":"max-video-preview:-1"},"canonical":"https:\/\/www.lojadeequipamentos.com.br\/loja\/produto\/batedeira-planetaria-bps-05-n-rosa-skymsen\/","og_locale":"pt_BR","og_type":"article","og_title":"Batedeira Planet\u00e1ria BPS-05-N Rosa - Skymsen - Loja de Equipamentos","og_description":"Batedeira Planet\u00e1ria BPS-05-N Rosa - 127\/220v - Skymsen R$ 3.252,60","og_url":"https:\/\/www.lojadeequipamentos.com.br\/loja\/produto\/batedeira-planetaria-bps-05-n-rosa-skymsen\/","og_site_name":"Loja de Equipamentos","article_modified_time":"2023-09-28T19:20:59+00:00","og_image":[{"width":315,"height":315,"url":"https:\/\/www.lojadeequipamentos.com.br\/loja\/wp-content\/uploads\/2023\/09\/Batedeira-BPS05N-Rosa-Skynsem.jpeg","type":"image\/jpeg"}],"twitter_card":"summary_large_image","twitter_misc":{"Est. tempo de leitura":"2 minutos"},"schema":{"@context":"https:\/\/schema.org","@graph":[{"@type":"WebPage","@id":"https:\/\/www.lojadeequipamentos.com.br\/loja\/produto\/batedeira-planetaria-bps-05-n-rosa-skymsen\/","url":"https:\/\/www.lojadeequipamentos.com.br\/loja\/produto\/batedeira-planetaria-bps-05-n-rosa-skymsen\/","name":"Batedeira Planet\u00e1ria BPS-05-N Rosa - Skymsen - Loja de Equipamentos","isPartOf":{"@id":"https:\/\/www.lojadeequipamentos.com.br\/loja\/#website"},"primaryImageOfPage":{"@id":"https:\/\/www.lojadeequipamentos.com.br\/loja\/produto\/batedeira-planetaria-bps-05-n-rosa-skymsen\/#primaryimage"},"image":{"@id":"https:\/\/www.lojadeequipamentos.com.br\/loja\/produto\/batedeira-planetaria-bps-05-n-rosa-skymsen\/#primaryimage"},"thumbnailUrl":"https:\/\/www.lojadeequipamentos.com.br\/loja\/wp-content\/uploads\/2023\/09\/Batedeira-BPS05N-Rosa-Skynsem.jpeg","datePublished":"2023-09-28T16:03:21+00:00","dateModified":"2023-09-28T19:20:59+00:00","description":"Batedeira Planet\u00e1ria BPS-05-N Rosa - 127\/220v - Skymsen R$ 3.252,60","breadcrumb":{"@id":"https:\/\/www.lojadeequipamentos.com.br\/loja\/produto\/batedeira-planetaria-bps-05-n-rosa-skymsen\/#breadcrumb"},"inLanguage":"pt-BR","potentialAction":[{"@type":"ReadAction","target":["https:\/\/www.lojadeequipamentos.com.br\/loja\/produto\/batedeira-planetaria-bps-05-n-rosa-skymsen\/"]}]},{"@type":"ImageObject","inLanguage":"pt-BR","@id":"https:\/\/www.lojadeequipamentos.com.br\/loja\/produto\/batedeira-planetaria-bps-05-n-rosa-skymsen\/#primaryimage","url":"https:\/\/www.lojadeequipamentos.com.br\/loja\/wp-content\/uploads\/2023\/09\/Batedeira-BPS05N-Rosa-Skynsem.jpeg","contentUrl":"https:\/\/www.lojadeequipamentos.com.br\/loja\/wp-content\/uploads\/2023\/09\/Batedeira-BPS05N-Rosa-Skynsem.jpeg","width":315,"height":315},{"@type":"BreadcrumbList","@id":"https:\/\/www.lojadeequipamentos.com.br\/loja\/produto\/batedeira-planetaria-bps-05-n-rosa-skymsen\/#breadcrumb","itemListElement":[{"@type":"ListItem","position":1,"name":"In\u00edcio","item":"https:\/\/www.lojadeequipamentos.com.br\/loja\/"},{"@type":"ListItem","position":2,"name":"Loja Virtual","item":"https:\/\/www.lojadeequipamentos.com.br\/loja\/shop\/"},{"@type":"ListItem","position":3,"name":"Batedeira Planet\u00e1ria BPS-05-N Rosa &#8211; Skymsen"}]},{"@type":"WebSite","@id":"https:\/\/www.lojadeequipamentos.com.br\/loja\/#website","url":"https:\/\/www.lojadeequipamentos.com.br\/loja\/","name":"Loja de Equipamentos","description":"","potentialAction":[{"@type":"SearchAction","target":{"@type":"EntryPoint","urlTemplate":"https:\/\/www.lojadeequipamentos.com.br\/loja\/?s={search_term_string}"},"query-input":{"@type":"PropertyValueSpecification","valueRequired":true,"valueName":"search_term_string"}}],"inLanguage":"pt-BR"}]}},"_links":{"self":[{"href":"https:\/\/www.lojadeequipamentos.com.br\/loja\/wp-json\/wp\/v2\/product\/7806","targetHints":{"allow":["GET"]}}],"collection":[{"href":"https:\/\/www.lojadeequipamentos.com.br\/loja\/wp-json\/wp\/v2\/product"}],"about":[{"href":"https:\/\/www.lojadeequipamentos.com.br\/loja\/wp-json\/wp\/v2\/types\/product"}],"replies":[{"embeddable":true,"href":"https:\/\/www.lojadeequipamentos.com.br\/loja\/wp-json\/wp\/v2\/comments?post=7806"}],"wp:featuredmedia":[{"embeddable":true,"href":"https:\/\/www.lojadeequipamentos.com.br\/loja\/wp-json\/wp\/v2\/media\/7810"}],"wp:attachment":[{"href":"https:\/\/www.lojadeequipamentos.com.br\/loja\/wp-json\/wp\/v2\/media?parent=7806"}],"wp:term":[{"taxonomy":"product_brand","embeddable":true,"href":"https:\/\/www.lojadeequipamentos.com.br\/loja\/wp-json\/wp\/v2\/product_brand?post=7806"},{"taxonomy":"product_cat","embeddable":true,"href":"https:\/\/www.lojadeequipamentos.com.br\/loja\/wp-json\/wp\/v2\/product_cat?post=7806"},{"taxonomy":"product_tag","embeddable":true,"href":"https:\/\/www.lojadeequipamentos.com.br\/loja\/wp-json\/wp\/v2\/product_tag?post=7806"}],"curies":[{"name":"wp","href":"https:\/\/api.w.org\/{rel}","templated":true}]}}