{"id":7789,"date":"2023-09-28T00:03:10","date_gmt":"2023-09-28T00:03:10","guid":{"rendered":"https:\/\/www.lojadeequipamentos.com.br\/loja\/?post_type=product&#038;p=7789"},"modified":"2023-09-28T00:19:10","modified_gmt":"2023-09-28T00:19:10","slug":"mixer-mx-500-haste-removivel-500mm-skymsen","status":"publish","type":"product","link":"https:\/\/www.lojadeequipamentos.com.br\/loja\/produto\/mixer-mx-500-haste-removivel-500mm-skymsen\/","title":{"rendered":"Mixer MX-500 Haste Removivel 500mm &#8211; Skymsen"},"content":{"rendered":"<p><strong>Mixer MX-500 Haste Removivel 505mm - 127 ou 220V - Skymsen<\/strong><\/p>\n<p>Aposte na agilidade e precis\u00e3o dos Mixer Profissional da Skymsen para elevar o n\u00edvel de sua cozinha. Este equipamento foi meticulosamente projetado para realizar tarefas de mistura, tritura\u00e7\u00e3o, emulsifica\u00e7\u00e3o e liquidifica\u00e7\u00e3o de alimentos em grande escala, independentemente se os ingredientes est\u00e3o quentes ou frios. Trabalhe diretamente na panela, tigela ou recipiente com o nosso mixer, facilitando o seu processo de prepara\u00e7\u00e3o de alimentos.<br \/>\nO Mixer Profissional processa eficientemente uma grande variedade de alimentos - desde frutas e vegetais at\u00e9 carnes e gr\u00e3os. Ideais para a cria\u00e7\u00e3o de sopas, molhos, cremes, pur\u00eas e mousses, tamb\u00e9m s\u00e3o excelentes em emulsionar l\u00edquidos para molhos como maionese. A versatilidade \u00e9 o nome do jogo com os nossos mixers, facilitando praticamente qualquer receita que exige mistura ou tritura\u00e7\u00e3o de ingredientes.<br \/>\nOptar por um Mixer Profissional da Skymsen significa investir na economia de sua cozinha. Com o processamento r\u00e1pido e eficiente de grandes volumes de alimentos, reduz os custos em cozinhas comerciais ou industriais. Mais, a portabilidade e design compacto facilitam o transporte e armazenamento. <\/p>\n<p>CARACTER\u00cdSTICAS T\u00c9CNICAS<br \/>\nModelo: MX-500<br \/>\nTens\u00e3o el\u00e9trica \/ frequ\u00eancia \/ fases: 127 V ou 220 V \/ 60 Hz \/ 1<br \/>\nPot\u00eancia nominal: 550 W<br \/>\nPot\u00eancia do motor: 550 W<br \/>\nRota\u00e7\u00e3o: 9.000 rpm<br \/>\nConsumo: 0,55 kW.h<br \/>\nDimens\u00f5es (AxLxP): 815 x 160 x 120 mm<br \/>\nDimens\u00f5es da embalagem (AxLxP): 137 x 147 x 935 mm<br \/>\nPeso l\u00edquido \/ bruto: 4,40 kg \/ 5,50 kg<br \/>\nVolume m\u00e1ximo do recipiente: 70 L<br \/>\n<strong>Comprimento da haste : 505 mm<\/strong><br \/>\nClassifica\u00e7\u00e3o fiscal (NCM): 84388090<br \/>\nEAN-13: 7895707707108 (127v)<br \/>\nEAN-13: 7895707705395 (220v)<\/p>\n<p><strong>FAVOR ENTRAR EM CONTATO PARA COTA\u00c7\u00c3O DE FRETE<\/strong><\/p>\n<p><a href=\"https:\/\/api.whatsapp.com\/send?phone=5521964144201\"><img loading=\"lazy\" decoding=\"async\" class=\"alignnone size-full wp-image-4307\" src=\"http:\/\/www.lojadeequipamentos.com.br\/loja\/wp-content\/uploads\/2020\/08\/botao_whatsapp.png\" alt=\"botao_whatsapp\" width=\"226\" height=\"82\" \/><\/a><\/p>\n","protected":false},"excerpt":{"rendered":"<strong>Mixer MX-500 Haste Removivel 505mm \/ 9000rpm - Skymsen<\/strong>","protected":false},"featured_media":7791,"comment_status":"open","ping_status":"closed","template":"","meta":{"_links_to":"","_links_to_target":""},"product_brand":[],"product_cat":[6778],"product_tag":[8843,8842,8844,8846,8845,8847,8848,8849,8850,8851,8810,8852,8853,8854,8855],"class_list":{"0":"post-7789","1":"product","2":"type-product","3":"status-publish","4":"has-post-thumbnail","6":"product_cat-extrator-e-centrifugador","7":"product_tag-ean-13-7895707705395","8":"product_tag-ean-13-7895707707108","9":"product_tag-mixer-mx-500","10":"product_tag-mixer-mx-500-skymsen","11":"product_tag-mixer-mx500","12":"product_tag-mixer-mx500-skymsen","13":"product_tag-mixer-skymsen-mx-500","14":"product_tag-mixer-skymsen-mx500","15":"product_tag-mx-500","16":"product_tag-mx500","17":"product_tag-skymsen-mixer","18":"product_tag-skymsen-mixer-mx-500","19":"product_tag-skymsen-mixer-mx500","20":"product_tag-skymsen-mx-500","21":"product_tag-skymsen-mx500","23":"first","24":"instock","25":"shipping-taxable","26":"purchasable","27":"product-type-simple"},"yoast_head":"<!-- This site is optimized with the Yoast SEO plugin v27.3 - https:\/\/yoast.com\/product\/yoast-seo-wordpress\/ -->\n<title>Mixer MX-500 Haste Removivel 500mm - Skymsen - Loja de Equipamentos<\/title>\n<meta name=\"description\" content=\"Mixer MX-500 Haste Removivel 505mm \/ 9000rpm - Skymsen R$ 3.528,00\" \/>\n<meta name=\"robots\" content=\"index, follow, max-snippet:-1, max-image-preview:large, max-video-preview:-1\" \/>\n<link rel=\"canonical\" href=\"https:\/\/www.lojadeequipamentos.com.br\/loja\/produto\/mixer-mx-500-haste-removivel-500mm-skymsen\/\" \/>\n<meta property=\"og:locale\" content=\"pt_BR\" \/>\n<meta property=\"og:type\" content=\"article\" \/>\n<meta property=\"og:title\" content=\"Mixer MX-500 Haste Removivel 500mm - Skymsen - Loja de Equipamentos\" \/>\n<meta property=\"og:description\" content=\"Mixer MX-500 Haste Removivel 505mm \/ 9000rpm - Skymsen R$ 3.528,00\" \/>\n<meta property=\"og:url\" content=\"https:\/\/www.lojadeequipamentos.com.br\/loja\/produto\/mixer-mx-500-haste-removivel-500mm-skymsen\/\" \/>\n<meta property=\"og:site_name\" content=\"Loja de Equipamentos\" \/>\n<meta property=\"article:modified_time\" content=\"2023-09-28T00:19:10+00:00\" \/>\n<meta property=\"og:image\" content=\"https:\/\/www.lojadeequipamentos.com.br\/loja\/wp-content\/uploads\/2023\/09\/Mixer-MX-500-Skymsen.jpeg\" \/>\n\t<meta property=\"og:image:width\" content=\"350\" \/>\n\t<meta property=\"og:image:height\" content=\"350\" \/>\n\t<meta property=\"og:image:type\" content=\"image\/jpeg\" \/>\n<meta name=\"twitter:card\" content=\"summary_large_image\" \/>\n<script type=\"application\/ld+json\" class=\"yoast-schema-graph\">{\"@context\":\"https:\\\/\\\/schema.org\",\"@graph\":[{\"@type\":\"WebPage\",\"@id\":\"https:\\\/\\\/www.lojadeequipamentos.com.br\\\/loja\\\/produto\\\/mixer-mx-500-haste-removivel-500mm-skymsen\\\/\",\"url\":\"https:\\\/\\\/www.lojadeequipamentos.com.br\\\/loja\\\/produto\\\/mixer-mx-500-haste-removivel-500mm-skymsen\\\/\",\"name\":\"Mixer MX-500 Haste Removivel 500mm - Skymsen - Loja de Equipamentos\",\"isPartOf\":{\"@id\":\"https:\\\/\\\/www.lojadeequipamentos.com.br\\\/loja\\\/#website\"},\"primaryImageOfPage\":{\"@id\":\"https:\\\/\\\/www.lojadeequipamentos.com.br\\\/loja\\\/produto\\\/mixer-mx-500-haste-removivel-500mm-skymsen\\\/#primaryimage\"},\"image\":{\"@id\":\"https:\\\/\\\/www.lojadeequipamentos.com.br\\\/loja\\\/produto\\\/mixer-mx-500-haste-removivel-500mm-skymsen\\\/#primaryimage\"},\"thumbnailUrl\":\"https:\\\/\\\/www.lojadeequipamentos.com.br\\\/loja\\\/wp-content\\\/uploads\\\/2023\\\/09\\\/Mixer-MX-500-Skymsen.jpeg\",\"datePublished\":\"2023-09-28T00:03:10+00:00\",\"dateModified\":\"2023-09-28T00:19:10+00:00\",\"description\":\"Mixer MX-500 Haste Removivel 505mm \\\/ 9000rpm - Skymsen R$ 3.528,00\",\"breadcrumb\":{\"@id\":\"https:\\\/\\\/www.lojadeequipamentos.com.br\\\/loja\\\/produto\\\/mixer-mx-500-haste-removivel-500mm-skymsen\\\/#breadcrumb\"},\"inLanguage\":\"pt-BR\",\"potentialAction\":[{\"@type\":\"ReadAction\",\"target\":[\"https:\\\/\\\/www.lojadeequipamentos.com.br\\\/loja\\\/produto\\\/mixer-mx-500-haste-removivel-500mm-skymsen\\\/\"]}]},{\"@type\":\"ImageObject\",\"inLanguage\":\"pt-BR\",\"@id\":\"https:\\\/\\\/www.lojadeequipamentos.com.br\\\/loja\\\/produto\\\/mixer-mx-500-haste-removivel-500mm-skymsen\\\/#primaryimage\",\"url\":\"https:\\\/\\\/www.lojadeequipamentos.com.br\\\/loja\\\/wp-content\\\/uploads\\\/2023\\\/09\\\/Mixer-MX-500-Skymsen.jpeg\",\"contentUrl\":\"https:\\\/\\\/www.lojadeequipamentos.com.br\\\/loja\\\/wp-content\\\/uploads\\\/2023\\\/09\\\/Mixer-MX-500-Skymsen.jpeg\",\"width\":350,\"height\":350},{\"@type\":\"BreadcrumbList\",\"@id\":\"https:\\\/\\\/www.lojadeequipamentos.com.br\\\/loja\\\/produto\\\/mixer-mx-500-haste-removivel-500mm-skymsen\\\/#breadcrumb\",\"itemListElement\":[{\"@type\":\"ListItem\",\"position\":1,\"name\":\"In\u00edcio\",\"item\":\"https:\\\/\\\/www.lojadeequipamentos.com.br\\\/loja\\\/\"},{\"@type\":\"ListItem\",\"position\":2,\"name\":\"Loja Virtual\",\"item\":\"https:\\\/\\\/www.lojadeequipamentos.com.br\\\/loja\\\/shop\\\/\"},{\"@type\":\"ListItem\",\"position\":3,\"name\":\"Mixer MX-500 Haste Removivel 500mm &#8211; Skymsen\"}]},{\"@type\":\"WebSite\",\"@id\":\"https:\\\/\\\/www.lojadeequipamentos.com.br\\\/loja\\\/#website\",\"url\":\"https:\\\/\\\/www.lojadeequipamentos.com.br\\\/loja\\\/\",\"name\":\"Loja de Equipamentos\",\"description\":\"\",\"potentialAction\":[{\"@type\":\"SearchAction\",\"target\":{\"@type\":\"EntryPoint\",\"urlTemplate\":\"https:\\\/\\\/www.lojadeequipamentos.com.br\\\/loja\\\/?s={search_term_string}\"},\"query-input\":{\"@type\":\"PropertyValueSpecification\",\"valueRequired\":true,\"valueName\":\"search_term_string\"}}],\"inLanguage\":\"pt-BR\"}]}<\/script>\n<!-- \/ Yoast SEO plugin. -->","yoast_head_json":{"title":"Mixer MX-500 Haste Removivel 500mm - Skymsen - Loja de Equipamentos","description":"Mixer MX-500 Haste Removivel 505mm \/ 9000rpm - Skymsen R$ 3.528,00","robots":{"index":"index","follow":"follow","max-snippet":"max-snippet:-1","max-image-preview":"max-image-preview:large","max-video-preview":"max-video-preview:-1"},"canonical":"https:\/\/www.lojadeequipamentos.com.br\/loja\/produto\/mixer-mx-500-haste-removivel-500mm-skymsen\/","og_locale":"pt_BR","og_type":"article","og_title":"Mixer MX-500 Haste Removivel 500mm - Skymsen - Loja de Equipamentos","og_description":"Mixer MX-500 Haste Removivel 505mm \/ 9000rpm - Skymsen R$ 3.528,00","og_url":"https:\/\/www.lojadeequipamentos.com.br\/loja\/produto\/mixer-mx-500-haste-removivel-500mm-skymsen\/","og_site_name":"Loja de Equipamentos","article_modified_time":"2023-09-28T00:19:10+00:00","og_image":[{"width":350,"height":350,"url":"https:\/\/www.lojadeequipamentos.com.br\/loja\/wp-content\/uploads\/2023\/09\/Mixer-MX-500-Skymsen.jpeg","type":"image\/jpeg"}],"twitter_card":"summary_large_image","schema":{"@context":"https:\/\/schema.org","@graph":[{"@type":"WebPage","@id":"https:\/\/www.lojadeequipamentos.com.br\/loja\/produto\/mixer-mx-500-haste-removivel-500mm-skymsen\/","url":"https:\/\/www.lojadeequipamentos.com.br\/loja\/produto\/mixer-mx-500-haste-removivel-500mm-skymsen\/","name":"Mixer MX-500 Haste Removivel 500mm - Skymsen - Loja de Equipamentos","isPartOf":{"@id":"https:\/\/www.lojadeequipamentos.com.br\/loja\/#website"},"primaryImageOfPage":{"@id":"https:\/\/www.lojadeequipamentos.com.br\/loja\/produto\/mixer-mx-500-haste-removivel-500mm-skymsen\/#primaryimage"},"image":{"@id":"https:\/\/www.lojadeequipamentos.com.br\/loja\/produto\/mixer-mx-500-haste-removivel-500mm-skymsen\/#primaryimage"},"thumbnailUrl":"https:\/\/www.lojadeequipamentos.com.br\/loja\/wp-content\/uploads\/2023\/09\/Mixer-MX-500-Skymsen.jpeg","datePublished":"2023-09-28T00:03:10+00:00","dateModified":"2023-09-28T00:19:10+00:00","description":"Mixer MX-500 Haste Removivel 505mm \/ 9000rpm - Skymsen R$ 3.528,00","breadcrumb":{"@id":"https:\/\/www.lojadeequipamentos.com.br\/loja\/produto\/mixer-mx-500-haste-removivel-500mm-skymsen\/#breadcrumb"},"inLanguage":"pt-BR","potentialAction":[{"@type":"ReadAction","target":["https:\/\/www.lojadeequipamentos.com.br\/loja\/produto\/mixer-mx-500-haste-removivel-500mm-skymsen\/"]}]},{"@type":"ImageObject","inLanguage":"pt-BR","@id":"https:\/\/www.lojadeequipamentos.com.br\/loja\/produto\/mixer-mx-500-haste-removivel-500mm-skymsen\/#primaryimage","url":"https:\/\/www.lojadeequipamentos.com.br\/loja\/wp-content\/uploads\/2023\/09\/Mixer-MX-500-Skymsen.jpeg","contentUrl":"https:\/\/www.lojadeequipamentos.com.br\/loja\/wp-content\/uploads\/2023\/09\/Mixer-MX-500-Skymsen.jpeg","width":350,"height":350},{"@type":"BreadcrumbList","@id":"https:\/\/www.lojadeequipamentos.com.br\/loja\/produto\/mixer-mx-500-haste-removivel-500mm-skymsen\/#breadcrumb","itemListElement":[{"@type":"ListItem","position":1,"name":"In\u00edcio","item":"https:\/\/www.lojadeequipamentos.com.br\/loja\/"},{"@type":"ListItem","position":2,"name":"Loja Virtual","item":"https:\/\/www.lojadeequipamentos.com.br\/loja\/shop\/"},{"@type":"ListItem","position":3,"name":"Mixer MX-500 Haste Removivel 500mm &#8211; Skymsen"}]},{"@type":"WebSite","@id":"https:\/\/www.lojadeequipamentos.com.br\/loja\/#website","url":"https:\/\/www.lojadeequipamentos.com.br\/loja\/","name":"Loja de Equipamentos","description":"","potentialAction":[{"@type":"SearchAction","target":{"@type":"EntryPoint","urlTemplate":"https:\/\/www.lojadeequipamentos.com.br\/loja\/?s={search_term_string}"},"query-input":{"@type":"PropertyValueSpecification","valueRequired":true,"valueName":"search_term_string"}}],"inLanguage":"pt-BR"}]}},"_links":{"self":[{"href":"https:\/\/www.lojadeequipamentos.com.br\/loja\/wp-json\/wp\/v2\/product\/7789","targetHints":{"allow":["GET"]}}],"collection":[{"href":"https:\/\/www.lojadeequipamentos.com.br\/loja\/wp-json\/wp\/v2\/product"}],"about":[{"href":"https:\/\/www.lojadeequipamentos.com.br\/loja\/wp-json\/wp\/v2\/types\/product"}],"replies":[{"embeddable":true,"href":"https:\/\/www.lojadeequipamentos.com.br\/loja\/wp-json\/wp\/v2\/comments?post=7789"}],"wp:featuredmedia":[{"embeddable":true,"href":"https:\/\/www.lojadeequipamentos.com.br\/loja\/wp-json\/wp\/v2\/media\/7791"}],"wp:attachment":[{"href":"https:\/\/www.lojadeequipamentos.com.br\/loja\/wp-json\/wp\/v2\/media?parent=7789"}],"wp:term":[{"taxonomy":"product_brand","embeddable":true,"href":"https:\/\/www.lojadeequipamentos.com.br\/loja\/wp-json\/wp\/v2\/product_brand?post=7789"},{"taxonomy":"product_cat","embeddable":true,"href":"https:\/\/www.lojadeequipamentos.com.br\/loja\/wp-json\/wp\/v2\/product_cat?post=7789"},{"taxonomy":"product_tag","embeddable":true,"href":"https:\/\/www.lojadeequipamentos.com.br\/loja\/wp-json\/wp\/v2\/product_tag?post=7789"}],"curies":[{"name":"wp","href":"https:\/\/api.w.org\/{rel}","templated":true}]}}