{"id":7700,"date":"2023-09-17T22:27:30","date_gmt":"2023-09-17T22:27:30","guid":{"rendered":"https:\/\/www.lojadeequipamentos.com.br\/loja\/?post_type=product&#038;p=7700"},"modified":"2023-09-17T22:57:42","modified_gmt":"2023-09-17T22:57:42","slug":"waffleira-quadrada-simples-mwqs-croydon","status":"publish","type":"product","link":"https:\/\/www.lojadeequipamentos.com.br\/loja\/produto\/waffleira-quadrada-simples-mwqs-croydon\/","title":{"rendered":"Waffleira Quadrada Simples MWQS &#8211; Croydon"},"content":{"rendered":"<p><strong>Waffleira Quadrada Simples MWQS - Croydon<\/strong><\/p>\n<p>Este Equipamento \u00e9 ideal para cafeterias, conveni\u00eancias, padarias, restaurantes, sorveterias, docerias, food trucks.Possui capacidade para produzir 04 waffles quadrados por vez; sua estrutura \u00e9 confeccionada em a\u00e7o inoxid\u00e1vel com duas chapas em alum\u00ednio fundido. Possui termostato com controle de temperatura com varia\u00e7\u00e3o de 0\u00ba a 300\u00baC e l\u00e2mpada piloto para indicar quando a temperatura desejada \u00e9 atingida. Este Equipamento possui puxador antit\u00e9rmico trazendo seguran\u00e7a para o Operador.<\/p>\n<p>Orienta\u00e7\u00f5es: A fim de evitar situa\u00e7\u00f5es de perigo devido a um rearmamento inadvertido de protetores t\u00e9rmicos, o aparelho n\u00e3o pode ser alimentado atrav\u00e9s de uma chave externa, como do tipo Contatora, ou conectado a um circuito que \u00e9 regularmente ligado e desligado por uma fonte de alimenta\u00e7\u00e3o independente de disjuntores.<br \/>\nComo n\u00e3o h\u00e1 tomadas\/plugues padronizados pelo INMETRO para correntes superiores a 10A, alguns equipamentos s\u00e3o fornecidos sem o plugue. O usu\u00e1rio poder\u00e1 optar pela aquisi\u00e7\u00e3o do conjunto plugue\/tomada que lhe for mais conveniente (desde que suporte a corrente total do equipamento + 20% de flutua\u00e7\u00e3o de tens\u00e3o) ou a liga\u00e7\u00e3o do equipamento diretamente em um disjuntor adequado pr\u00f3ximo a ele.<br \/>\nConecte o cabo de alimenta\u00e7\u00e3o do equipamento a uma fonte de energia el\u00e9trica apropriada para a carga indicada no item 1 \u2013 CARACTER\u00cdSTICAS T\u00c9CNICAS localizado no manual de instru\u00e7\u00f5es e na etiqueta de identifica\u00e7\u00e3o do produto localizada no pr\u00f3prio aparelho.<br \/>\n<br \/>\nNOTAS: Evite usar esponja met\u00e1lica ou qualquer esponja fibrosa\/abrasiva para evitar danos no acabamento do a\u00e7o inoxid\u00e1vel.<br \/>\n<\/p>\n<p>DADOS T\u00c9CNICOS<br \/>\nCapacidade Nominal: 4 Waffles (Quadrados)<br \/>\nPot\u00eancia(220V): 2000W<br \/>\nCorrente(220V): 9,1A<br \/>\nPot\u00eancia(127V): 1850W<br \/>\nCorrente(127V): 14,6A<br \/>\nComprimento: 54cm<br \/>\nLargura: 27cm<br \/>\nAltura: 20cm<br \/>\nPeso L\u00edquido: 7,2kg<br \/>\nPeso Bruto: 8,0kg<br \/>\nConsumo(220V): 1,0kWh<br \/>\nConsumo(127V): 0,9kWh<\/p>\n<p><strong>FAVOR ENTRAR EM CONTATO PARA COTA\u00c7\u00c3O DE FRETE<strong><br \/>\n<br \/>\n<a href=\"https:\/\/api.whatsapp.com\/send?phone=5521964144201\"><img loading=\"lazy\" decoding=\"async\" class=\"alignnone size-full wp-image-4307\" alt=\"botao_whatsapp\" src=\"http:\/\/www.lojadeequipamentos.com.br\/loja\/wp-content\/uploads\/2020\/08\/botao_whatsapp.png\" width=\"226\" height=\"82\" \/><\/a><\/p>\n","protected":false},"excerpt":{"rendered":"<strong>Waffleira Quadrada Simples MWQS - Croydon<\/strong>","protected":false},"featured_media":7688,"comment_status":"open","ping_status":"closed","template":"","meta":{"_links_to":"","_links_to_target":""},"product_brand":[],"product_cat":[4774],"product_tag":[8447,8448,8449,8450,8427,8426,8451,8452,8457,8458,8453,8454,8455,8456,8459],"class_list":{"0":"post-7700","1":"product","2":"type-product","3":"status-publish","4":"has-post-thumbnail","6":"product_cat-panquequeira","7":"product_tag-croydon-mwqs","8":"product_tag-croydon-waffleira-mwqs","9":"product_tag-croydon-waffleira-quadrada","10":"product_tag-croydon-waffleira-quadrada-simples","11":"product_tag-maquina-de-waffle","12":"product_tag-maquina-de-waffle-croydon","13":"product_tag-maquina-de-waffle-mwqs","14":"product_tag-mwqs-waffleira","15":"product_tag-waffleira-croydon","16":"product_tag-waffleira-croydon-mwqs","17":"product_tag-waffleira-mwqs","18":"product_tag-waffleira-quadrada","19":"product_tag-waffleira-quadrada-croydon","20":"product_tag-waffleira-quadrada-simples-mwqs","21":"product_tag-weffleira-quadrada-simples","23":"first","24":"instock","25":"shipping-taxable","26":"purchasable","27":"product-type-simple"},"yoast_head":"<!-- This site is optimized with the Yoast SEO plugin v27.3 - https:\/\/yoast.com\/product\/yoast-seo-wordpress\/ -->\n<title>Waffleira Quadrada Simples MWQS - Croydon - Loja de Equipamentos<\/title>\n<meta name=\"description\" content=\"Waffleira Quadrada Simples MWQS - Croydon R$ 1.773,00 produz 04 Waffles por vez.\" \/>\n<meta name=\"robots\" content=\"index, follow, max-snippet:-1, max-image-preview:large, max-video-preview:-1\" \/>\n<link rel=\"canonical\" href=\"https:\/\/www.lojadeequipamentos.com.br\/loja\/produto\/waffleira-quadrada-simples-mwqs-croydon\/\" \/>\n<meta property=\"og:locale\" content=\"pt_BR\" \/>\n<meta property=\"og:type\" content=\"article\" \/>\n<meta property=\"og:title\" content=\"Waffleira Quadrada Simples MWQS - Croydon - Loja de Equipamentos\" \/>\n<meta property=\"og:description\" content=\"Waffleira Quadrada Simples MWQS - Croydon R$ 1.773,00 produz 04 Waffles por vez.\" \/>\n<meta property=\"og:url\" content=\"https:\/\/www.lojadeequipamentos.com.br\/loja\/produto\/waffleira-quadrada-simples-mwqs-croydon\/\" \/>\n<meta property=\"og:site_name\" content=\"Loja de Equipamentos\" \/>\n<meta property=\"article:modified_time\" content=\"2023-09-17T22:57:42+00:00\" \/>\n<meta property=\"og:image\" content=\"https:\/\/www.lojadeequipamentos.com.br\/loja\/wp-content\/uploads\/2023\/09\/WAFFLE-MWQS.jpg\" \/>\n\t<meta property=\"og:image:width\" content=\"616\" \/>\n\t<meta property=\"og:image:height\" content=\"749\" \/>\n\t<meta property=\"og:image:type\" content=\"image\/jpeg\" \/>\n<meta name=\"twitter:card\" content=\"summary_large_image\" \/>\n<script type=\"application\/ld+json\" class=\"yoast-schema-graph\">{\"@context\":\"https:\\\/\\\/schema.org\",\"@graph\":[{\"@type\":\"WebPage\",\"@id\":\"https:\\\/\\\/www.lojadeequipamentos.com.br\\\/loja\\\/produto\\\/waffleira-quadrada-simples-mwqs-croydon\\\/\",\"url\":\"https:\\\/\\\/www.lojadeequipamentos.com.br\\\/loja\\\/produto\\\/waffleira-quadrada-simples-mwqs-croydon\\\/\",\"name\":\"Waffleira Quadrada Simples MWQS - Croydon - Loja de Equipamentos\",\"isPartOf\":{\"@id\":\"https:\\\/\\\/www.lojadeequipamentos.com.br\\\/loja\\\/#website\"},\"primaryImageOfPage\":{\"@id\":\"https:\\\/\\\/www.lojadeequipamentos.com.br\\\/loja\\\/produto\\\/waffleira-quadrada-simples-mwqs-croydon\\\/#primaryimage\"},\"image\":{\"@id\":\"https:\\\/\\\/www.lojadeequipamentos.com.br\\\/loja\\\/produto\\\/waffleira-quadrada-simples-mwqs-croydon\\\/#primaryimage\"},\"thumbnailUrl\":\"https:\\\/\\\/www.lojadeequipamentos.com.br\\\/loja\\\/wp-content\\\/uploads\\\/2023\\\/09\\\/WAFFLE-MWQS.jpg\",\"datePublished\":\"2023-09-17T22:27:30+00:00\",\"dateModified\":\"2023-09-17T22:57:42+00:00\",\"description\":\"Waffleira Quadrada Simples MWQS - Croydon R$ 1.773,00 produz 04 Waffles por vez.\",\"breadcrumb\":{\"@id\":\"https:\\\/\\\/www.lojadeequipamentos.com.br\\\/loja\\\/produto\\\/waffleira-quadrada-simples-mwqs-croydon\\\/#breadcrumb\"},\"inLanguage\":\"pt-BR\",\"potentialAction\":[{\"@type\":\"ReadAction\",\"target\":[\"https:\\\/\\\/www.lojadeequipamentos.com.br\\\/loja\\\/produto\\\/waffleira-quadrada-simples-mwqs-croydon\\\/\"]}]},{\"@type\":\"ImageObject\",\"inLanguage\":\"pt-BR\",\"@id\":\"https:\\\/\\\/www.lojadeequipamentos.com.br\\\/loja\\\/produto\\\/waffleira-quadrada-simples-mwqs-croydon\\\/#primaryimage\",\"url\":\"https:\\\/\\\/www.lojadeequipamentos.com.br\\\/loja\\\/wp-content\\\/uploads\\\/2023\\\/09\\\/WAFFLE-MWQS.jpg\",\"contentUrl\":\"https:\\\/\\\/www.lojadeequipamentos.com.br\\\/loja\\\/wp-content\\\/uploads\\\/2023\\\/09\\\/WAFFLE-MWQS.jpg\",\"width\":616,\"height\":749},{\"@type\":\"BreadcrumbList\",\"@id\":\"https:\\\/\\\/www.lojadeequipamentos.com.br\\\/loja\\\/produto\\\/waffleira-quadrada-simples-mwqs-croydon\\\/#breadcrumb\",\"itemListElement\":[{\"@type\":\"ListItem\",\"position\":1,\"name\":\"In\u00edcio\",\"item\":\"https:\\\/\\\/www.lojadeequipamentos.com.br\\\/loja\\\/\"},{\"@type\":\"ListItem\",\"position\":2,\"name\":\"Loja Virtual\",\"item\":\"https:\\\/\\\/www.lojadeequipamentos.com.br\\\/loja\\\/shop\\\/\"},{\"@type\":\"ListItem\",\"position\":3,\"name\":\"Waffleira Quadrada Simples MWQS &#8211; Croydon\"}]},{\"@type\":\"WebSite\",\"@id\":\"https:\\\/\\\/www.lojadeequipamentos.com.br\\\/loja\\\/#website\",\"url\":\"https:\\\/\\\/www.lojadeequipamentos.com.br\\\/loja\\\/\",\"name\":\"Loja de Equipamentos\",\"description\":\"\",\"potentialAction\":[{\"@type\":\"SearchAction\",\"target\":{\"@type\":\"EntryPoint\",\"urlTemplate\":\"https:\\\/\\\/www.lojadeequipamentos.com.br\\\/loja\\\/?s={search_term_string}\"},\"query-input\":{\"@type\":\"PropertyValueSpecification\",\"valueRequired\":true,\"valueName\":\"search_term_string\"}}],\"inLanguage\":\"pt-BR\"}]}<\/script>\n<!-- \/ Yoast SEO plugin. -->","yoast_head_json":{"title":"Waffleira Quadrada Simples MWQS - Croydon - Loja de Equipamentos","description":"Waffleira Quadrada Simples MWQS - Croydon R$ 1.773,00 produz 04 Waffles por vez.","robots":{"index":"index","follow":"follow","max-snippet":"max-snippet:-1","max-image-preview":"max-image-preview:large","max-video-preview":"max-video-preview:-1"},"canonical":"https:\/\/www.lojadeequipamentos.com.br\/loja\/produto\/waffleira-quadrada-simples-mwqs-croydon\/","og_locale":"pt_BR","og_type":"article","og_title":"Waffleira Quadrada Simples MWQS - Croydon - Loja de Equipamentos","og_description":"Waffleira Quadrada Simples MWQS - Croydon R$ 1.773,00 produz 04 Waffles por vez.","og_url":"https:\/\/www.lojadeequipamentos.com.br\/loja\/produto\/waffleira-quadrada-simples-mwqs-croydon\/","og_site_name":"Loja de Equipamentos","article_modified_time":"2023-09-17T22:57:42+00:00","og_image":[{"width":616,"height":749,"url":"https:\/\/www.lojadeequipamentos.com.br\/loja\/wp-content\/uploads\/2023\/09\/WAFFLE-MWQS.jpg","type":"image\/jpeg"}],"twitter_card":"summary_large_image","schema":{"@context":"https:\/\/schema.org","@graph":[{"@type":"WebPage","@id":"https:\/\/www.lojadeequipamentos.com.br\/loja\/produto\/waffleira-quadrada-simples-mwqs-croydon\/","url":"https:\/\/www.lojadeequipamentos.com.br\/loja\/produto\/waffleira-quadrada-simples-mwqs-croydon\/","name":"Waffleira Quadrada Simples MWQS - Croydon - Loja de Equipamentos","isPartOf":{"@id":"https:\/\/www.lojadeequipamentos.com.br\/loja\/#website"},"primaryImageOfPage":{"@id":"https:\/\/www.lojadeequipamentos.com.br\/loja\/produto\/waffleira-quadrada-simples-mwqs-croydon\/#primaryimage"},"image":{"@id":"https:\/\/www.lojadeequipamentos.com.br\/loja\/produto\/waffleira-quadrada-simples-mwqs-croydon\/#primaryimage"},"thumbnailUrl":"https:\/\/www.lojadeequipamentos.com.br\/loja\/wp-content\/uploads\/2023\/09\/WAFFLE-MWQS.jpg","datePublished":"2023-09-17T22:27:30+00:00","dateModified":"2023-09-17T22:57:42+00:00","description":"Waffleira Quadrada Simples MWQS - Croydon R$ 1.773,00 produz 04 Waffles por vez.","breadcrumb":{"@id":"https:\/\/www.lojadeequipamentos.com.br\/loja\/produto\/waffleira-quadrada-simples-mwqs-croydon\/#breadcrumb"},"inLanguage":"pt-BR","potentialAction":[{"@type":"ReadAction","target":["https:\/\/www.lojadeequipamentos.com.br\/loja\/produto\/waffleira-quadrada-simples-mwqs-croydon\/"]}]},{"@type":"ImageObject","inLanguage":"pt-BR","@id":"https:\/\/www.lojadeequipamentos.com.br\/loja\/produto\/waffleira-quadrada-simples-mwqs-croydon\/#primaryimage","url":"https:\/\/www.lojadeequipamentos.com.br\/loja\/wp-content\/uploads\/2023\/09\/WAFFLE-MWQS.jpg","contentUrl":"https:\/\/www.lojadeequipamentos.com.br\/loja\/wp-content\/uploads\/2023\/09\/WAFFLE-MWQS.jpg","width":616,"height":749},{"@type":"BreadcrumbList","@id":"https:\/\/www.lojadeequipamentos.com.br\/loja\/produto\/waffleira-quadrada-simples-mwqs-croydon\/#breadcrumb","itemListElement":[{"@type":"ListItem","position":1,"name":"In\u00edcio","item":"https:\/\/www.lojadeequipamentos.com.br\/loja\/"},{"@type":"ListItem","position":2,"name":"Loja Virtual","item":"https:\/\/www.lojadeequipamentos.com.br\/loja\/shop\/"},{"@type":"ListItem","position":3,"name":"Waffleira Quadrada Simples MWQS &#8211; Croydon"}]},{"@type":"WebSite","@id":"https:\/\/www.lojadeequipamentos.com.br\/loja\/#website","url":"https:\/\/www.lojadeequipamentos.com.br\/loja\/","name":"Loja de Equipamentos","description":"","potentialAction":[{"@type":"SearchAction","target":{"@type":"EntryPoint","urlTemplate":"https:\/\/www.lojadeequipamentos.com.br\/loja\/?s={search_term_string}"},"query-input":{"@type":"PropertyValueSpecification","valueRequired":true,"valueName":"search_term_string"}}],"inLanguage":"pt-BR"}]}},"_links":{"self":[{"href":"https:\/\/www.lojadeequipamentos.com.br\/loja\/wp-json\/wp\/v2\/product\/7700","targetHints":{"allow":["GET"]}}],"collection":[{"href":"https:\/\/www.lojadeequipamentos.com.br\/loja\/wp-json\/wp\/v2\/product"}],"about":[{"href":"https:\/\/www.lojadeequipamentos.com.br\/loja\/wp-json\/wp\/v2\/types\/product"}],"replies":[{"embeddable":true,"href":"https:\/\/www.lojadeequipamentos.com.br\/loja\/wp-json\/wp\/v2\/comments?post=7700"}],"wp:featuredmedia":[{"embeddable":true,"href":"https:\/\/www.lojadeequipamentos.com.br\/loja\/wp-json\/wp\/v2\/media\/7688"}],"wp:attachment":[{"href":"https:\/\/www.lojadeequipamentos.com.br\/loja\/wp-json\/wp\/v2\/media?parent=7700"}],"wp:term":[{"taxonomy":"product_brand","embeddable":true,"href":"https:\/\/www.lojadeequipamentos.com.br\/loja\/wp-json\/wp\/v2\/product_brand?post=7700"},{"taxonomy":"product_cat","embeddable":true,"href":"https:\/\/www.lojadeequipamentos.com.br\/loja\/wp-json\/wp\/v2\/product_cat?post=7700"},{"taxonomy":"product_tag","embeddable":true,"href":"https:\/\/www.lojadeequipamentos.com.br\/loja\/wp-json\/wp\/v2\/product_tag?post=7700"}],"curies":[{"name":"wp","href":"https:\/\/api.w.org\/{rel}","templated":true}]}}