{"id":7699,"date":"2023-09-17T20:52:00","date_gmt":"2023-09-17T20:52:00","guid":{"rendered":"https:\/\/www.lojadeequipamentos.com.br\/loja\/?post_type=product&#038;p=7699"},"modified":"2023-09-17T23:00:16","modified_gmt":"2023-09-17T23:00:16","slug":"waffleira-redonda-dupla-mwrd-croydon","status":"publish","type":"product","link":"https:\/\/www.lojadeequipamentos.com.br\/loja\/produto\/waffleira-redonda-dupla-mwrd-croydon\/","title":{"rendered":"Waffleira Redonda Dupla MWRD &#8211; Croydon"},"content":{"rendered":"<p><strong>Waffleira Redonda Dupla MWRD - Croydon<\/strong><\/p>\n<p>Este Equipamento possui capacidade para 02 waffler's por vez; sendo ideal para cafeterias, conveni\u00eancias, padarias, restaurantes, sorveterias, docerias, food trucks. Sua estrutura \u00e9 confeccionada em a\u00e7o inoxid\u00e1vel com 04 chapas em alum\u00ednio fundido de 18,5 de di\u00e2metro. Possui termostato com controle de temperatura variavel entre 0\u00ba a 300\u00baC e possui l\u00e2mpadas piloto para indicar quando as temperaturas desejadas forem atingidas. A Waffeleira possui 02 puxadores antit\u00e9rmico independentes para a seguran\u00e7a do operador.<\/p>\n<p>Orienta\u00e7\u00f5es: A fim de evitar situa\u00e7\u00f5es de perigo devido a um rearmamento inadvertido de protetores t\u00e9rmicos, o aparelho n\u00e3o pode ser alimentado atrav\u00e9s de uma chave externa, como do tipo Contatora, ou conectado a um circuito que \u00e9 regularmente ligado e desligado por uma fonte de alimenta\u00e7\u00e3o independente de disjuntores.<br \/>\nComo n\u00e3o h\u00e1 tomadas\/plugues padronizados pelo INMETRO para correntes superiores a 10A, alguns equipamentos s\u00e3o fornecidos sem o plugue. O usu\u00e1rio poder\u00e1 optar pela aquisi\u00e7\u00e3o do conjunto plugue\/tomada que lhe for mais conveniente (desde que suporte a corrente total do equipamento + 20% de flutua\u00e7\u00e3o de tens\u00e3o) ou a liga\u00e7\u00e3o do equipamento diretamente em um disjuntor adequado pr\u00f3ximo a ele.<br \/>\nConecte o cabo de alimenta\u00e7\u00e3o do equipamento a uma fonte de energia el\u00e9trica apropriada para a carga indicada no item 1 \u2013 CARACTER\u00cdSTICAS T\u00c9CNICAS localizado no manual de instru\u00e7\u00f5es e na etiqueta de identifica\u00e7\u00e3o do produto localizada no pr\u00f3prio aparelho.<br \/>\n<br \/>\nNOTAS: Evite usar esponja met\u00e1lica ou qualquer esponja fibrosa\/abrasiva para evitar danos no acabamento do a\u00e7o inoxid\u00e1vel.<br \/>\n<\/p>\n<p>DADOS T\u00c9CNICOS<br \/>\nCapacidade Nominal : 02 Waffles (Redondos)<br \/>\nPot\u00eancia(220V): 2400W<br \/>\nCorrente(220V): 11,0A<br \/>\nPot\u00eancia(127V): 2400W<br \/>\nCorrente(127V): 18,9A<br \/>\nComprimento: 54cm<br \/>\nLargura: 55cm<br \/>\nAltura: 18cm<br \/>\nPeso L\u00edquido: 10,7kg<br \/>\nPeso Bruto: 11,9kg<br \/>\nConsumo(127V - 220V): 1,2kWh<\/p>\n<p><strong>FAVOR ENTRAR EM CONTATO PARA COTA\u00c7\u00c3O DE FRETE<strong><br \/>\n<br \/>\n<a href=\"https:\/\/api.whatsapp.com\/send?phone=5521964144201\"><img loading=\"lazy\" decoding=\"async\" class=\"alignnone size-full wp-image-4307\" alt=\"botao_whatsapp\" src=\"http:\/\/www.lojadeequipamentos.com.br\/loja\/wp-content\/uploads\/2020\/08\/botao_whatsapp.png\" width=\"226\" height=\"82\" \/><\/a><\/p>\n","protected":false},"excerpt":{"rendered":"<strong>Waffleira Redonda Dupla MWRD - Croydon<\/strong>","protected":false},"featured_media":7689,"comment_status":"open","ping_status":"closed","template":"","meta":{"_links_to":"","_links_to_target":""},"product_brand":[],"product_cat":[4774],"product_tag":[8441,8445,8434,8444,8427,8426,8436,8437,8443,8438,8430,8439,8440,8442],"class_list":{"0":"post-7699","1":"product","2":"type-product","3":"status-publish","4":"has-post-thumbnail","6":"product_cat-panquequeira","7":"product_tag-croydon-mwrd","8":"product_tag-croydon-waffleira-mwrd","9":"product_tag-croydon-waffleira-redonda","10":"product_tag-croydon-waffleira-redonda-dupla","11":"product_tag-maquina-de-waffle","12":"product_tag-maquina-de-waffle-croydon","13":"product_tag-maquina-waffle-mwrd","14":"product_tag-mwrd-waffle","15":"product_tag-waffleira-croydon-mwrd","16":"product_tag-waffleira-mwrd","17":"product_tag-waffleira-redonda","18":"product_tag-waffleira-redonda-dupla","19":"product_tag-waffleira-redonda-dupla-croydon","20":"product_tag-waffleira-redonda-dupla-mwrd","22":"first","23":"instock","24":"shipping-taxable","25":"purchasable","26":"product-type-simple"},"yoast_head":"<!-- This site is optimized with the Yoast SEO plugin v27.3 - https:\/\/yoast.com\/product\/yoast-seo-wordpress\/ -->\n<title>Waffleira Redonda Dupla MWRD - Croydon - Loja de Equipamentos<\/title>\n<meta name=\"description\" content=\"Waffleira Redonda Dupla MWRD - Croydon R$ 3.422,70\" \/>\n<meta name=\"robots\" content=\"index, follow, max-snippet:-1, max-image-preview:large, max-video-preview:-1\" \/>\n<link rel=\"canonical\" href=\"https:\/\/www.lojadeequipamentos.com.br\/loja\/produto\/waffleira-redonda-dupla-mwrd-croydon\/\" \/>\n<meta property=\"og:locale\" content=\"pt_BR\" \/>\n<meta property=\"og:type\" content=\"article\" \/>\n<meta property=\"og:title\" content=\"Waffleira Redonda Dupla MWRD - Croydon - Loja de Equipamentos\" \/>\n<meta property=\"og:description\" content=\"Waffleira Redonda Dupla MWRD - Croydon R$ 3.422,70\" \/>\n<meta property=\"og:url\" content=\"https:\/\/www.lojadeequipamentos.com.br\/loja\/produto\/waffleira-redonda-dupla-mwrd-croydon\/\" \/>\n<meta property=\"og:site_name\" content=\"Loja de Equipamentos\" \/>\n<meta property=\"article:modified_time\" content=\"2023-09-17T23:00:16+00:00\" \/>\n<meta property=\"og:image\" content=\"https:\/\/www.lojadeequipamentos.com.br\/loja\/wp-content\/uploads\/2023\/09\/WAFFLE-MWRD.jpg\" \/>\n\t<meta property=\"og:image:width\" content=\"726\" \/>\n\t<meta property=\"og:image:height\" content=\"616\" \/>\n\t<meta property=\"og:image:type\" content=\"image\/jpeg\" \/>\n<meta name=\"twitter:card\" content=\"summary_large_image\" \/>\n<meta name=\"twitter:label1\" content=\"Est. tempo de leitura\" \/>\n\t<meta name=\"twitter:data1\" content=\"2 minutos\" \/>\n<script type=\"application\/ld+json\" class=\"yoast-schema-graph\">{\"@context\":\"https:\\\/\\\/schema.org\",\"@graph\":[{\"@type\":\"WebPage\",\"@id\":\"https:\\\/\\\/www.lojadeequipamentos.com.br\\\/loja\\\/produto\\\/waffleira-redonda-dupla-mwrd-croydon\\\/\",\"url\":\"https:\\\/\\\/www.lojadeequipamentos.com.br\\\/loja\\\/produto\\\/waffleira-redonda-dupla-mwrd-croydon\\\/\",\"name\":\"Waffleira Redonda Dupla MWRD - Croydon - Loja de Equipamentos\",\"isPartOf\":{\"@id\":\"https:\\\/\\\/www.lojadeequipamentos.com.br\\\/loja\\\/#website\"},\"primaryImageOfPage\":{\"@id\":\"https:\\\/\\\/www.lojadeequipamentos.com.br\\\/loja\\\/produto\\\/waffleira-redonda-dupla-mwrd-croydon\\\/#primaryimage\"},\"image\":{\"@id\":\"https:\\\/\\\/www.lojadeequipamentos.com.br\\\/loja\\\/produto\\\/waffleira-redonda-dupla-mwrd-croydon\\\/#primaryimage\"},\"thumbnailUrl\":\"https:\\\/\\\/www.lojadeequipamentos.com.br\\\/loja\\\/wp-content\\\/uploads\\\/2023\\\/09\\\/WAFFLE-MWRD.jpg\",\"datePublished\":\"2023-09-17T20:52:00+00:00\",\"dateModified\":\"2023-09-17T23:00:16+00:00\",\"description\":\"Waffleira Redonda Dupla MWRD - Croydon R$ 3.422,70\",\"breadcrumb\":{\"@id\":\"https:\\\/\\\/www.lojadeequipamentos.com.br\\\/loja\\\/produto\\\/waffleira-redonda-dupla-mwrd-croydon\\\/#breadcrumb\"},\"inLanguage\":\"pt-BR\",\"potentialAction\":[{\"@type\":\"ReadAction\",\"target\":[\"https:\\\/\\\/www.lojadeequipamentos.com.br\\\/loja\\\/produto\\\/waffleira-redonda-dupla-mwrd-croydon\\\/\"]}]},{\"@type\":\"ImageObject\",\"inLanguage\":\"pt-BR\",\"@id\":\"https:\\\/\\\/www.lojadeequipamentos.com.br\\\/loja\\\/produto\\\/waffleira-redonda-dupla-mwrd-croydon\\\/#primaryimage\",\"url\":\"https:\\\/\\\/www.lojadeequipamentos.com.br\\\/loja\\\/wp-content\\\/uploads\\\/2023\\\/09\\\/WAFFLE-MWRD.jpg\",\"contentUrl\":\"https:\\\/\\\/www.lojadeequipamentos.com.br\\\/loja\\\/wp-content\\\/uploads\\\/2023\\\/09\\\/WAFFLE-MWRD.jpg\",\"width\":726,\"height\":616},{\"@type\":\"BreadcrumbList\",\"@id\":\"https:\\\/\\\/www.lojadeequipamentos.com.br\\\/loja\\\/produto\\\/waffleira-redonda-dupla-mwrd-croydon\\\/#breadcrumb\",\"itemListElement\":[{\"@type\":\"ListItem\",\"position\":1,\"name\":\"In\u00edcio\",\"item\":\"https:\\\/\\\/www.lojadeequipamentos.com.br\\\/loja\\\/\"},{\"@type\":\"ListItem\",\"position\":2,\"name\":\"Loja Virtual\",\"item\":\"https:\\\/\\\/www.lojadeequipamentos.com.br\\\/loja\\\/shop\\\/\"},{\"@type\":\"ListItem\",\"position\":3,\"name\":\"Waffleira Redonda Dupla MWRD &#8211; Croydon\"}]},{\"@type\":\"WebSite\",\"@id\":\"https:\\\/\\\/www.lojadeequipamentos.com.br\\\/loja\\\/#website\",\"url\":\"https:\\\/\\\/www.lojadeequipamentos.com.br\\\/loja\\\/\",\"name\":\"Loja de Equipamentos\",\"description\":\"\",\"potentialAction\":[{\"@type\":\"SearchAction\",\"target\":{\"@type\":\"EntryPoint\",\"urlTemplate\":\"https:\\\/\\\/www.lojadeequipamentos.com.br\\\/loja\\\/?s={search_term_string}\"},\"query-input\":{\"@type\":\"PropertyValueSpecification\",\"valueRequired\":true,\"valueName\":\"search_term_string\"}}],\"inLanguage\":\"pt-BR\"}]}<\/script>\n<!-- \/ Yoast SEO plugin. -->","yoast_head_json":{"title":"Waffleira Redonda Dupla MWRD - Croydon - Loja de Equipamentos","description":"Waffleira Redonda Dupla MWRD - Croydon R$ 3.422,70","robots":{"index":"index","follow":"follow","max-snippet":"max-snippet:-1","max-image-preview":"max-image-preview:large","max-video-preview":"max-video-preview:-1"},"canonical":"https:\/\/www.lojadeequipamentos.com.br\/loja\/produto\/waffleira-redonda-dupla-mwrd-croydon\/","og_locale":"pt_BR","og_type":"article","og_title":"Waffleira Redonda Dupla MWRD - Croydon - Loja de Equipamentos","og_description":"Waffleira Redonda Dupla MWRD - Croydon R$ 3.422,70","og_url":"https:\/\/www.lojadeequipamentos.com.br\/loja\/produto\/waffleira-redonda-dupla-mwrd-croydon\/","og_site_name":"Loja de Equipamentos","article_modified_time":"2023-09-17T23:00:16+00:00","og_image":[{"width":726,"height":616,"url":"https:\/\/www.lojadeequipamentos.com.br\/loja\/wp-content\/uploads\/2023\/09\/WAFFLE-MWRD.jpg","type":"image\/jpeg"}],"twitter_card":"summary_large_image","twitter_misc":{"Est. tempo de leitura":"2 minutos"},"schema":{"@context":"https:\/\/schema.org","@graph":[{"@type":"WebPage","@id":"https:\/\/www.lojadeequipamentos.com.br\/loja\/produto\/waffleira-redonda-dupla-mwrd-croydon\/","url":"https:\/\/www.lojadeequipamentos.com.br\/loja\/produto\/waffleira-redonda-dupla-mwrd-croydon\/","name":"Waffleira Redonda Dupla MWRD - Croydon - Loja de Equipamentos","isPartOf":{"@id":"https:\/\/www.lojadeequipamentos.com.br\/loja\/#website"},"primaryImageOfPage":{"@id":"https:\/\/www.lojadeequipamentos.com.br\/loja\/produto\/waffleira-redonda-dupla-mwrd-croydon\/#primaryimage"},"image":{"@id":"https:\/\/www.lojadeequipamentos.com.br\/loja\/produto\/waffleira-redonda-dupla-mwrd-croydon\/#primaryimage"},"thumbnailUrl":"https:\/\/www.lojadeequipamentos.com.br\/loja\/wp-content\/uploads\/2023\/09\/WAFFLE-MWRD.jpg","datePublished":"2023-09-17T20:52:00+00:00","dateModified":"2023-09-17T23:00:16+00:00","description":"Waffleira Redonda Dupla MWRD - Croydon R$ 3.422,70","breadcrumb":{"@id":"https:\/\/www.lojadeequipamentos.com.br\/loja\/produto\/waffleira-redonda-dupla-mwrd-croydon\/#breadcrumb"},"inLanguage":"pt-BR","potentialAction":[{"@type":"ReadAction","target":["https:\/\/www.lojadeequipamentos.com.br\/loja\/produto\/waffleira-redonda-dupla-mwrd-croydon\/"]}]},{"@type":"ImageObject","inLanguage":"pt-BR","@id":"https:\/\/www.lojadeequipamentos.com.br\/loja\/produto\/waffleira-redonda-dupla-mwrd-croydon\/#primaryimage","url":"https:\/\/www.lojadeequipamentos.com.br\/loja\/wp-content\/uploads\/2023\/09\/WAFFLE-MWRD.jpg","contentUrl":"https:\/\/www.lojadeequipamentos.com.br\/loja\/wp-content\/uploads\/2023\/09\/WAFFLE-MWRD.jpg","width":726,"height":616},{"@type":"BreadcrumbList","@id":"https:\/\/www.lojadeequipamentos.com.br\/loja\/produto\/waffleira-redonda-dupla-mwrd-croydon\/#breadcrumb","itemListElement":[{"@type":"ListItem","position":1,"name":"In\u00edcio","item":"https:\/\/www.lojadeequipamentos.com.br\/loja\/"},{"@type":"ListItem","position":2,"name":"Loja Virtual","item":"https:\/\/www.lojadeequipamentos.com.br\/loja\/shop\/"},{"@type":"ListItem","position":3,"name":"Waffleira Redonda Dupla MWRD &#8211; Croydon"}]},{"@type":"WebSite","@id":"https:\/\/www.lojadeequipamentos.com.br\/loja\/#website","url":"https:\/\/www.lojadeequipamentos.com.br\/loja\/","name":"Loja de Equipamentos","description":"","potentialAction":[{"@type":"SearchAction","target":{"@type":"EntryPoint","urlTemplate":"https:\/\/www.lojadeequipamentos.com.br\/loja\/?s={search_term_string}"},"query-input":{"@type":"PropertyValueSpecification","valueRequired":true,"valueName":"search_term_string"}}],"inLanguage":"pt-BR"}]}},"_links":{"self":[{"href":"https:\/\/www.lojadeequipamentos.com.br\/loja\/wp-json\/wp\/v2\/product\/7699","targetHints":{"allow":["GET"]}}],"collection":[{"href":"https:\/\/www.lojadeequipamentos.com.br\/loja\/wp-json\/wp\/v2\/product"}],"about":[{"href":"https:\/\/www.lojadeequipamentos.com.br\/loja\/wp-json\/wp\/v2\/types\/product"}],"replies":[{"embeddable":true,"href":"https:\/\/www.lojadeequipamentos.com.br\/loja\/wp-json\/wp\/v2\/comments?post=7699"}],"wp:featuredmedia":[{"embeddable":true,"href":"https:\/\/www.lojadeequipamentos.com.br\/loja\/wp-json\/wp\/v2\/media\/7689"}],"wp:attachment":[{"href":"https:\/\/www.lojadeequipamentos.com.br\/loja\/wp-json\/wp\/v2\/media?parent=7699"}],"wp:term":[{"taxonomy":"product_brand","embeddable":true,"href":"https:\/\/www.lojadeequipamentos.com.br\/loja\/wp-json\/wp\/v2\/product_brand?post=7699"},{"taxonomy":"product_cat","embeddable":true,"href":"https:\/\/www.lojadeequipamentos.com.br\/loja\/wp-json\/wp\/v2\/product_cat?post=7699"},{"taxonomy":"product_tag","embeddable":true,"href":"https:\/\/www.lojadeequipamentos.com.br\/loja\/wp-json\/wp\/v2\/product_tag?post=7699"}],"curies":[{"name":"wp","href":"https:\/\/api.w.org\/{rel}","templated":true}]}}