{"id":7614,"date":"2023-02-01T20:59:25","date_gmt":"2023-02-01T20:59:25","guid":{"rendered":"https:\/\/www.lojadeequipamentos.com.br\/loja\/?post_type=product&#038;p=7614"},"modified":"2023-02-02T01:33:13","modified_gmt":"2023-02-02T01:33:13","slug":"coletor-solar-rinnai-black-tech-1x1","status":"publish","type":"product","link":"https:\/\/www.lojadeequipamentos.com.br\/loja\/produto\/coletor-solar-rinnai-black-tech-1x1\/","title":{"rendered":"Coletor Solar Rinnai Black Tech 1&#215;1"},"content":{"rendered":"<p><strong>Coletor Solar Rinnai Black Tech 1x1<\/strong><\/p>\n<p>Os Coletores ou Placas Solares Rinnai Linha Black Tech 1x1 s\u00e3o um componente essencial do Sistema Termo-Solar. S\u00e3o os respons\u00e1veis pela absor\u00e7\u00e3o da radia\u00e7\u00e3o solar ao longo do dia e promovem que esta energia seja transferida para a \u00e1gua que circula atrav\u00e9s deles. \u00c9 comum que mais de um coletor seja instalado em conjunto para atingir a \u00e1rea (em metros quadrados) demandada pela necessidade. Normalmente os coletores s\u00e3o instalados no telhado de uma resid\u00eancia ou na cobertura de um pr\u00e9dio, em um local livre de sombreamento para buscar a m\u00e1xima efici\u00eancia do sistema. A \u00e1gua aquecida nos coletores posteriormente pode ser direcionada para sua aplica\u00e7\u00e3o, que na maioria das vezes envolve o seu armazenamento em um Reservat\u00f3rio T\u00e9rmico, tamb\u00e9m chamado de Tanque ou Boiler, mas tamb\u00e9m pode ter outros usos, como por exemplo o aquecimento de \u00e1gua de piscinas atrav\u00e9s do uso de um trocador de calor indireto.<br \/>\nA utiliza\u00e7\u00e3o de Aquecimento de \u00c1gua por Energia Solar resulta em menor Impacto Ambiental e obviamente menor consumo de recursos naturais. A \u00e1gua circula pelos coletores, absorvendo o calor captado da radia\u00e7\u00e3o solar e \u00e9 armazenada no reservat\u00f3rio, aguardando o consumo. O Coletor Solar Black Tech tem estrutura feita em Alum\u00ednio, Vidro Temperado Prism\u00e1tico de Alto Rendimento e Revestimento Anodizado Especial.<\/p>\n<p>OBS: Somente inicie a instala\u00e7\u00e3o se no local tiver \u00e1gua para abastecer o Sistema de Aquecimento Solar, pois o mesmo n\u00e3o poder\u00e1 ficar sem \u00e1gua depois de instalado sob o risco de danificar o sistema. Para evitarmos riscos de acidentes pela estagna\u00e7\u00e3o e sob press\u00e3o no coletor, recomendamos que sejam cobertas as placas, mesmo sem o funcionamento do Sistema de Aquecimento Solar.<br \/>\nReferente a \u00c1gua; \u201cA garantia concedida de f\u00e1brica n\u00e3o cobre o uso de \u00e1gua fora dos padr\u00f5es de abastecimento da rede p\u00fablica\u201d; A \u00e1gua deve atender aos padr\u00f5es, conforme descritos na Portaria<br \/>\nde consolida\u00e7\u00e3o n\u00b0 5 de 2017 do Minist\u00e9rio da Sa\u00fade. Na utiliza\u00e7\u00e3o de \u00e1guas de po\u00e7os, \u00e1guas agressivas, n\u00e3o tratadas, entre outras; efetuar a an\u00e1lise f\u00edsico-qu\u00edmica da mesma, e adequ\u00e1-la aos padr\u00f5es acima descritos. Em caso de d\u00favidas consultar nosso departamento t\u00e9cnico.<\/p>\n<p>Para um dimensionamento mais adequado para cada resid\u00eancia, \u00e9 essencial que se avalie os h\u00e1bitos di\u00e1rios de consumo de \u00e1gua quente, quanto \u00e0 dura\u00e7\u00e3o de cada banho, vaz\u00e3o dos pontos de consumo de \u00e1gua quente, e como s\u00e3o distribu\u00eddos os banhos durante o dia, pois o aquecedor solar necessita de um tempo espec\u00edfico para recuperar em seu reservat\u00f3rio termo-solar a temperatura suficiente para um banho confort\u00e1vel, sem que haja necessidade de ser acionado o aquecimento de apoio, fazendo assim uso coerente dos recursos do Sistema de Aquecimento Solar de acordo com cada regi\u00e3o.<\/p>\n<p>Especifica\u00e7\u00e3o T\u00e9cnica:<br \/>\n<strong>Rendimento T\u00e9rmico por m\u00b2: 69,9 KWh\/m\u00eas<\/strong><br \/>\nModelo: RSC-1002V<br \/>\nN\u00b0 de Tubos: 07<br \/>\nVolume Interno: 1,15 Litros<br \/>\nPress\u00e3o Max. de Trabalho: 4kg\/cm\u00b2<br \/>\nDist\u00e2ncia entre Tubos de Conex\u00e3o: 948mm<br \/>\nAcabamento Frontal: Vidro Temperado<br \/>\nPeso Vazio: 14,5Kg<br \/>\nDimens\u00e3o (m): 1,00 x 1,00 x 0,06<\/p>\n<p><strong>FAVOR ENTRAR EM CONTATO PARA COTA\u00c7\u00c3O DE FRETE INDICANDO O VOSSO CEP.<strong><\/p>\n<p><a href=\"https:\/\/api.whatsapp.com\/send?phone=5521964144201\"><img loading=\"lazy\" decoding=\"async\" class=\"alignnone size-full wp-image-4307\" src=\"http:\/\/www.lojadeequipamentos.com.br\/loja\/wp-content\/uploads\/2020\/08\/botao_whatsapp.png\" alt=\"botao_whatsapp\" width=\"226\" height=\"82\" \/><\/a><\/strong><\/strong><\/p>\n","protected":false},"excerpt":{"rendered":"<strong>Coletor Solar Rinnai Black Tech 1x1<\/strong>","protected":false},"featured_media":7618,"comment_status":"open","ping_status":"closed","template":"","meta":{"_links_to":"","_links_to_target":""},"product_brand":[],"product_cat":[8206],"product_tag":[503,8212,8213,8218,8220,8211,8229,8217,8219,504,8207,8210,8216,8214,8208,8209,8215,8225,8226,8228,8227,8221,8223,8222,8224],"class_list":{"0":"post-7614","1":"product","2":"type-product","3":"status-publish","4":"has-post-thumbnail","6":"product_cat-coletor-solar-black","7":"product_tag-coletor-solar","8":"product_tag-coletor-solar-1x1","9":"product_tag-coletor-solar-1x1-rinnai","10":"product_tag-coletor-solar-black-tech","11":"product_tag-coletor-solar-black-tech-1x1","12":"product_tag-coletor-solar-rinnai","13":"product_tag-coletor-solar-rinnai-1x1","14":"product_tag-coletor-solar-rinnai-black-tech","15":"product_tag-coletor-solar-rinnai-black-tech-1x1","16":"product_tag-placa-solar","17":"product_tag-placa-solar-1x1","18":"product_tag-placa-solar-1x1-rinnai","19":"product_tag-placa-solar-black-tech","20":"product_tag-placa-solar-black-tech-1x1","21":"product_tag-placa-solar-rinnai","22":"product_tag-placa-solar-rinnai-1x1","23":"product_tag-placa-solar-rinnai-black-tech-1x1","24":"product_tag-rinnai-coletor-solar","25":"product_tag-rinnai-coletor-solar-1x1","26":"product_tag-rinnai-coletor-solar-black-tech","27":"product_tag-rinnai-coletor-solar-black-tech-1x1","28":"product_tag-rinnai-placa-solar","29":"product_tag-rinnai-placa-solar-1x1","30":"product_tag-rinnai-placa-solar-black-tech","31":"product_tag-rinnai-placa-solar-black-tech-1x1","33":"first","34":"instock","35":"shipping-taxable","36":"product-type-simple"},"yoast_head":"<!-- This site is optimized with the Yoast SEO plugin v27.3 - https:\/\/yoast.com\/product\/yoast-seo-wordpress\/ -->\n<title>Coletor Solar Rinnai Black Tech 1x1 - Loja de Equipamentos<\/title>\n<meta name=\"description\" content=\"Coletor Solar Rinnai Black Tech 1x1 R$ com rendimento T\u00e9rmico por m\u00b2: 69,9 KWh\/m\u00eas.\" \/>\n<meta name=\"robots\" content=\"index, follow, max-snippet:-1, max-image-preview:large, max-video-preview:-1\" \/>\n<link rel=\"canonical\" href=\"https:\/\/www.lojadeequipamentos.com.br\/loja\/produto\/coletor-solar-rinnai-black-tech-1x1\/\" \/>\n<meta property=\"og:locale\" content=\"pt_BR\" \/>\n<meta property=\"og:type\" content=\"article\" \/>\n<meta property=\"og:title\" content=\"Coletor Solar Rinnai Black Tech 1x1 - Loja de Equipamentos\" \/>\n<meta property=\"og:description\" content=\"Coletor Solar Rinnai Black Tech 1x1 R$ com rendimento T\u00e9rmico por m\u00b2: 69,9 KWh\/m\u00eas.\" \/>\n<meta property=\"og:url\" content=\"https:\/\/www.lojadeequipamentos.com.br\/loja\/produto\/coletor-solar-rinnai-black-tech-1x1\/\" \/>\n<meta property=\"og:site_name\" content=\"Loja de Equipamentos\" \/>\n<meta property=\"article:modified_time\" content=\"2023-02-02T01:33:13+00:00\" \/>\n<meta property=\"og:image\" content=\"https:\/\/www.lojadeequipamentos.com.br\/loja\/wp-content\/uploads\/2023\/02\/Placa-Solar-BLACK-TECH-Rinnai.webp\" \/>\n\t<meta property=\"og:image:width\" content=\"1000\" \/>\n\t<meta property=\"og:image:height\" content=\"800\" \/>\n\t<meta property=\"og:image:type\" content=\"image\/webp\" \/>\n<meta name=\"twitter:card\" content=\"summary_large_image\" \/>\n<meta name=\"twitter:label1\" content=\"Est. tempo de leitura\" \/>\n\t<meta name=\"twitter:data1\" content=\"3 minutos\" \/>\n<script type=\"application\/ld+json\" class=\"yoast-schema-graph\">{\"@context\":\"https:\\\/\\\/schema.org\",\"@graph\":[{\"@type\":\"WebPage\",\"@id\":\"https:\\\/\\\/www.lojadeequipamentos.com.br\\\/loja\\\/produto\\\/coletor-solar-rinnai-black-tech-1x1\\\/\",\"url\":\"https:\\\/\\\/www.lojadeequipamentos.com.br\\\/loja\\\/produto\\\/coletor-solar-rinnai-black-tech-1x1\\\/\",\"name\":\"Coletor Solar Rinnai Black Tech 1x1 - Loja de Equipamentos\",\"isPartOf\":{\"@id\":\"https:\\\/\\\/www.lojadeequipamentos.com.br\\\/loja\\\/#website\"},\"primaryImageOfPage\":{\"@id\":\"https:\\\/\\\/www.lojadeequipamentos.com.br\\\/loja\\\/produto\\\/coletor-solar-rinnai-black-tech-1x1\\\/#primaryimage\"},\"image\":{\"@id\":\"https:\\\/\\\/www.lojadeequipamentos.com.br\\\/loja\\\/produto\\\/coletor-solar-rinnai-black-tech-1x1\\\/#primaryimage\"},\"thumbnailUrl\":\"https:\\\/\\\/www.lojadeequipamentos.com.br\\\/loja\\\/wp-content\\\/uploads\\\/2023\\\/02\\\/Placa-Solar-BLACK-TECH-Rinnai.webp\",\"datePublished\":\"2023-02-01T20:59:25+00:00\",\"dateModified\":\"2023-02-02T01:33:13+00:00\",\"description\":\"Coletor Solar Rinnai Black Tech 1x1 R$ com rendimento T\u00e9rmico por m\u00b2: 69,9 KWh\\\/m\u00eas.\",\"breadcrumb\":{\"@id\":\"https:\\\/\\\/www.lojadeequipamentos.com.br\\\/loja\\\/produto\\\/coletor-solar-rinnai-black-tech-1x1\\\/#breadcrumb\"},\"inLanguage\":\"pt-BR\",\"potentialAction\":[{\"@type\":\"ReadAction\",\"target\":[\"https:\\\/\\\/www.lojadeequipamentos.com.br\\\/loja\\\/produto\\\/coletor-solar-rinnai-black-tech-1x1\\\/\"]}]},{\"@type\":\"ImageObject\",\"inLanguage\":\"pt-BR\",\"@id\":\"https:\\\/\\\/www.lojadeequipamentos.com.br\\\/loja\\\/produto\\\/coletor-solar-rinnai-black-tech-1x1\\\/#primaryimage\",\"url\":\"https:\\\/\\\/www.lojadeequipamentos.com.br\\\/loja\\\/wp-content\\\/uploads\\\/2023\\\/02\\\/Placa-Solar-BLACK-TECH-Rinnai.webp\",\"contentUrl\":\"https:\\\/\\\/www.lojadeequipamentos.com.br\\\/loja\\\/wp-content\\\/uploads\\\/2023\\\/02\\\/Placa-Solar-BLACK-TECH-Rinnai.webp\",\"width\":1000,\"height\":800},{\"@type\":\"BreadcrumbList\",\"@id\":\"https:\\\/\\\/www.lojadeequipamentos.com.br\\\/loja\\\/produto\\\/coletor-solar-rinnai-black-tech-1x1\\\/#breadcrumb\",\"itemListElement\":[{\"@type\":\"ListItem\",\"position\":1,\"name\":\"In\u00edcio\",\"item\":\"https:\\\/\\\/www.lojadeequipamentos.com.br\\\/loja\\\/\"},{\"@type\":\"ListItem\",\"position\":2,\"name\":\"Loja Virtual\",\"item\":\"https:\\\/\\\/www.lojadeequipamentos.com.br\\\/loja\\\/shop\\\/\"},{\"@type\":\"ListItem\",\"position\":3,\"name\":\"Coletor Solar Rinnai Black Tech 1&#215;1\"}]},{\"@type\":\"WebSite\",\"@id\":\"https:\\\/\\\/www.lojadeequipamentos.com.br\\\/loja\\\/#website\",\"url\":\"https:\\\/\\\/www.lojadeequipamentos.com.br\\\/loja\\\/\",\"name\":\"Loja de Equipamentos\",\"description\":\"\",\"potentialAction\":[{\"@type\":\"SearchAction\",\"target\":{\"@type\":\"EntryPoint\",\"urlTemplate\":\"https:\\\/\\\/www.lojadeequipamentos.com.br\\\/loja\\\/?s={search_term_string}\"},\"query-input\":{\"@type\":\"PropertyValueSpecification\",\"valueRequired\":true,\"valueName\":\"search_term_string\"}}],\"inLanguage\":\"pt-BR\"}]}<\/script>\n<!-- \/ Yoast SEO plugin. -->","yoast_head_json":{"title":"Coletor Solar Rinnai Black Tech 1x1 - Loja de Equipamentos","description":"Coletor Solar Rinnai Black Tech 1x1 R$ com rendimento T\u00e9rmico por m\u00b2: 69,9 KWh\/m\u00eas.","robots":{"index":"index","follow":"follow","max-snippet":"max-snippet:-1","max-image-preview":"max-image-preview:large","max-video-preview":"max-video-preview:-1"},"canonical":"https:\/\/www.lojadeequipamentos.com.br\/loja\/produto\/coletor-solar-rinnai-black-tech-1x1\/","og_locale":"pt_BR","og_type":"article","og_title":"Coletor Solar Rinnai Black Tech 1x1 - Loja de Equipamentos","og_description":"Coletor Solar Rinnai Black Tech 1x1 R$ com rendimento T\u00e9rmico por m\u00b2: 69,9 KWh\/m\u00eas.","og_url":"https:\/\/www.lojadeequipamentos.com.br\/loja\/produto\/coletor-solar-rinnai-black-tech-1x1\/","og_site_name":"Loja de Equipamentos","article_modified_time":"2023-02-02T01:33:13+00:00","og_image":[{"width":1000,"height":800,"url":"https:\/\/www.lojadeequipamentos.com.br\/loja\/wp-content\/uploads\/2023\/02\/Placa-Solar-BLACK-TECH-Rinnai.webp","type":"image\/webp"}],"twitter_card":"summary_large_image","twitter_misc":{"Est. tempo de leitura":"3 minutos"},"schema":{"@context":"https:\/\/schema.org","@graph":[{"@type":"WebPage","@id":"https:\/\/www.lojadeequipamentos.com.br\/loja\/produto\/coletor-solar-rinnai-black-tech-1x1\/","url":"https:\/\/www.lojadeequipamentos.com.br\/loja\/produto\/coletor-solar-rinnai-black-tech-1x1\/","name":"Coletor Solar Rinnai Black Tech 1x1 - Loja de Equipamentos","isPartOf":{"@id":"https:\/\/www.lojadeequipamentos.com.br\/loja\/#website"},"primaryImageOfPage":{"@id":"https:\/\/www.lojadeequipamentos.com.br\/loja\/produto\/coletor-solar-rinnai-black-tech-1x1\/#primaryimage"},"image":{"@id":"https:\/\/www.lojadeequipamentos.com.br\/loja\/produto\/coletor-solar-rinnai-black-tech-1x1\/#primaryimage"},"thumbnailUrl":"https:\/\/www.lojadeequipamentos.com.br\/loja\/wp-content\/uploads\/2023\/02\/Placa-Solar-BLACK-TECH-Rinnai.webp","datePublished":"2023-02-01T20:59:25+00:00","dateModified":"2023-02-02T01:33:13+00:00","description":"Coletor Solar Rinnai Black Tech 1x1 R$ com rendimento T\u00e9rmico por m\u00b2: 69,9 KWh\/m\u00eas.","breadcrumb":{"@id":"https:\/\/www.lojadeequipamentos.com.br\/loja\/produto\/coletor-solar-rinnai-black-tech-1x1\/#breadcrumb"},"inLanguage":"pt-BR","potentialAction":[{"@type":"ReadAction","target":["https:\/\/www.lojadeequipamentos.com.br\/loja\/produto\/coletor-solar-rinnai-black-tech-1x1\/"]}]},{"@type":"ImageObject","inLanguage":"pt-BR","@id":"https:\/\/www.lojadeequipamentos.com.br\/loja\/produto\/coletor-solar-rinnai-black-tech-1x1\/#primaryimage","url":"https:\/\/www.lojadeequipamentos.com.br\/loja\/wp-content\/uploads\/2023\/02\/Placa-Solar-BLACK-TECH-Rinnai.webp","contentUrl":"https:\/\/www.lojadeequipamentos.com.br\/loja\/wp-content\/uploads\/2023\/02\/Placa-Solar-BLACK-TECH-Rinnai.webp","width":1000,"height":800},{"@type":"BreadcrumbList","@id":"https:\/\/www.lojadeequipamentos.com.br\/loja\/produto\/coletor-solar-rinnai-black-tech-1x1\/#breadcrumb","itemListElement":[{"@type":"ListItem","position":1,"name":"In\u00edcio","item":"https:\/\/www.lojadeequipamentos.com.br\/loja\/"},{"@type":"ListItem","position":2,"name":"Loja Virtual","item":"https:\/\/www.lojadeequipamentos.com.br\/loja\/shop\/"},{"@type":"ListItem","position":3,"name":"Coletor Solar Rinnai Black Tech 1&#215;1"}]},{"@type":"WebSite","@id":"https:\/\/www.lojadeequipamentos.com.br\/loja\/#website","url":"https:\/\/www.lojadeequipamentos.com.br\/loja\/","name":"Loja de Equipamentos","description":"","potentialAction":[{"@type":"SearchAction","target":{"@type":"EntryPoint","urlTemplate":"https:\/\/www.lojadeequipamentos.com.br\/loja\/?s={search_term_string}"},"query-input":{"@type":"PropertyValueSpecification","valueRequired":true,"valueName":"search_term_string"}}],"inLanguage":"pt-BR"}]}},"_links":{"self":[{"href":"https:\/\/www.lojadeequipamentos.com.br\/loja\/wp-json\/wp\/v2\/product\/7614","targetHints":{"allow":["GET"]}}],"collection":[{"href":"https:\/\/www.lojadeequipamentos.com.br\/loja\/wp-json\/wp\/v2\/product"}],"about":[{"href":"https:\/\/www.lojadeequipamentos.com.br\/loja\/wp-json\/wp\/v2\/types\/product"}],"replies":[{"embeddable":true,"href":"https:\/\/www.lojadeequipamentos.com.br\/loja\/wp-json\/wp\/v2\/comments?post=7614"}],"wp:featuredmedia":[{"embeddable":true,"href":"https:\/\/www.lojadeequipamentos.com.br\/loja\/wp-json\/wp\/v2\/media\/7618"}],"wp:attachment":[{"href":"https:\/\/www.lojadeequipamentos.com.br\/loja\/wp-json\/wp\/v2\/media?parent=7614"}],"wp:term":[{"taxonomy":"product_brand","embeddable":true,"href":"https:\/\/www.lojadeequipamentos.com.br\/loja\/wp-json\/wp\/v2\/product_brand?post=7614"},{"taxonomy":"product_cat","embeddable":true,"href":"https:\/\/www.lojadeequipamentos.com.br\/loja\/wp-json\/wp\/v2\/product_cat?post=7614"},{"taxonomy":"product_tag","embeddable":true,"href":"https:\/\/www.lojadeequipamentos.com.br\/loja\/wp-json\/wp\/v2\/product_tag?post=7614"}],"curies":[{"name":"wp","href":"https:\/\/api.w.org\/{rel}","templated":true}]}}