{"id":7507,"date":"2022-06-03T21:54:29","date_gmt":"2022-06-03T21:54:29","guid":{"rendered":"https:\/\/www.lojadeequipamentos.com.br\/loja\/?post_type=product&#038;p=7507"},"modified":"2022-06-03T21:54:29","modified_gmt":"2022-06-03T21:54:29","slug":"forno-de-conveccao-wl-40x60-analogico-wictory","status":"publish","type":"product","link":"https:\/\/www.lojadeequipamentos.com.br\/loja\/produto\/forno-de-conveccao-wl-40x60-analogico-wictory\/","title":{"rendered":"Forno de Convec\u00e7\u00e3o WL 40\u00d760 Anal\u00f3gico \u2013 Wictory"},"content":{"rendered":"<p><strong>Forno de Convec\u00e7\u00e3o WL 40\u00d760 Anal\u00f3gico \u2013 Wictory<\/strong><\/p>\n<p>Fonte de energia: El\u00e9trico<br \/>\nCapacidade produtiva por assadeira (g) 20 p\u00e3es: (50g)<br \/>\nPeso de alimentos indicados por assadeira (g): 1300<br \/>\nDist\u00e2ncia entre assadeiras (cm): 9<br \/>\nLitragem da c\u00e2mara (L): 72<br \/>\nN\u00ba de p\u00e3es por fornada: 80<br \/>\nTens\u00e3o (V): 220V1N~<br \/>\nCorrente (A): 26<br \/>\nConsumo de energia (kW\/h)*: 3,3<br \/>\nPot\u00eancia instalada (kW): 5,6<br \/>\nPress\u00e3o entrada de \u00e1gua (kgf\/cm\u00b2): 0,8-2<br \/>\nConex\u00f5es de entrada de \u00e1gua (BSP): 3\/4\u2033<br \/>\nFrequ\u00eancia (Hz): 60<br \/>\nCord\u00e3o de alimenta\u00e7\u00e3o: Tipo Y<br \/>\nClasse: I<br \/>\nGrau de prote\u00e7\u00e3o (IP): IPX4<br \/>\nAlt x Larg x Profundidade (mm): 523 x 830 x 874<br \/>\nPeso (kg): 54<\/p>\n<p><a href=\"https:\/\/api.whatsapp.com\/send?phone=5521964144201\"><img loading=\"lazy\" decoding=\"async\" class=\"alignnone size-full wp-image-4307\" src=\"http:\/\/www.lojadeequipamentos.com.br\/loja\/wp-content\/uploads\/2020\/08\/botao_whatsapp.png\" alt=\"botao_whatsapp\" width=\"226\" height=\"82\" \/><\/a>a<\/p>\n","protected":false},"excerpt":{"rendered":"<strong>Forno de Convec\u00e7\u00e3o WL 40\u00d760 Anal\u00f3gico \u2013 Wictory R$:<\/strong>","protected":false},"featured_media":0,"comment_status":"open","ping_status":"closed","template":"","meta":{"_links_to":"","_links_to_target":""},"product_brand":[],"product_cat":[7403],"product_tag":[8161,8162,8163,8160],"class_list":{"0":"post-7507","1":"product","2":"type-product","3":"status-publish","5":"product_cat-convectores-wictory","6":"product_tag-forno-analogico","7":"product_tag-forno-analogico-49x69","8":"product_tag-forno-analogico-wictory","9":"product_tag-forno-de-conveccao-wl-40x60-analogico-wictory","11":"first","12":"instock","13":"shipping-taxable","14":"product-type-simple"},"yoast_head":"<!-- This site is optimized with the Yoast SEO plugin v27.3 - https:\/\/yoast.com\/product\/yoast-seo-wordpress\/ -->\n<title>Forno de Convec\u00e7\u00e3o WL 40\u00d760 Anal\u00f3gico \u2013 Wictory - Loja de Equipamentos<\/title>\n<meta name=\"description\" content=\"Forno de Convec\u00e7\u00e3o WL 40\u00d760 Anal\u00f3gico \u2013 Wictory R$:\" \/>\n<meta name=\"robots\" content=\"index, follow, max-snippet:-1, max-image-preview:large, max-video-preview:-1\" \/>\n<link rel=\"canonical\" href=\"https:\/\/www.lojadeequipamentos.com.br\/loja\/produto\/forno-de-conveccao-wl-40x60-analogico-wictory\/\" \/>\n<meta property=\"og:locale\" content=\"pt_BR\" \/>\n<meta property=\"og:type\" content=\"article\" \/>\n<meta property=\"og:title\" content=\"Forno de Convec\u00e7\u00e3o WL 40\u00d760 Anal\u00f3gico \u2013 Wictory - Loja de Equipamentos\" \/>\n<meta property=\"og:description\" content=\"Forno de Convec\u00e7\u00e3o WL 40\u00d760 Anal\u00f3gico \u2013 Wictory R$:\" \/>\n<meta property=\"og:url\" content=\"https:\/\/www.lojadeequipamentos.com.br\/loja\/produto\/forno-de-conveccao-wl-40x60-analogico-wictory\/\" \/>\n<meta property=\"og:site_name\" content=\"Loja de Equipamentos\" \/>\n<meta property=\"og:image\" content=\"http:\/\/www.lojadeequipamentos.com.br\/loja\/wp-content\/uploads\/2020\/08\/botao_whatsapp.png\" \/>\n<meta name=\"twitter:card\" content=\"summary_large_image\" \/>\n<script type=\"application\/ld+json\" class=\"yoast-schema-graph\">{\"@context\":\"https:\\\/\\\/schema.org\",\"@graph\":[{\"@type\":\"WebPage\",\"@id\":\"https:\\\/\\\/www.lojadeequipamentos.com.br\\\/loja\\\/produto\\\/forno-de-conveccao-wl-40x60-analogico-wictory\\\/\",\"url\":\"https:\\\/\\\/www.lojadeequipamentos.com.br\\\/loja\\\/produto\\\/forno-de-conveccao-wl-40x60-analogico-wictory\\\/\",\"name\":\"Forno de Convec\u00e7\u00e3o WL 40\u00d760 Anal\u00f3gico \u2013 Wictory - Loja de Equipamentos\",\"isPartOf\":{\"@id\":\"https:\\\/\\\/www.lojadeequipamentos.com.br\\\/loja\\\/#website\"},\"primaryImageOfPage\":{\"@id\":\"https:\\\/\\\/www.lojadeequipamentos.com.br\\\/loja\\\/produto\\\/forno-de-conveccao-wl-40x60-analogico-wictory\\\/#primaryimage\"},\"image\":{\"@id\":\"https:\\\/\\\/www.lojadeequipamentos.com.br\\\/loja\\\/produto\\\/forno-de-conveccao-wl-40x60-analogico-wictory\\\/#primaryimage\"},\"thumbnailUrl\":\"http:\\\/\\\/www.lojadeequipamentos.com.br\\\/loja\\\/wp-content\\\/uploads\\\/2020\\\/08\\\/botao_whatsapp.png\",\"datePublished\":\"2022-06-03T21:54:29+00:00\",\"description\":\"Forno de Convec\u00e7\u00e3o WL 40\u00d760 Anal\u00f3gico \u2013 Wictory R$:\",\"breadcrumb\":{\"@id\":\"https:\\\/\\\/www.lojadeequipamentos.com.br\\\/loja\\\/produto\\\/forno-de-conveccao-wl-40x60-analogico-wictory\\\/#breadcrumb\"},\"inLanguage\":\"pt-BR\",\"potentialAction\":[{\"@type\":\"ReadAction\",\"target\":[\"https:\\\/\\\/www.lojadeequipamentos.com.br\\\/loja\\\/produto\\\/forno-de-conveccao-wl-40x60-analogico-wictory\\\/\"]}]},{\"@type\":\"ImageObject\",\"inLanguage\":\"pt-BR\",\"@id\":\"https:\\\/\\\/www.lojadeequipamentos.com.br\\\/loja\\\/produto\\\/forno-de-conveccao-wl-40x60-analogico-wictory\\\/#primaryimage\",\"url\":\"https:\\\/\\\/www.lojadeequipamentos.com.br\\\/loja\\\/wp-content\\\/uploads\\\/2020\\\/08\\\/botao_whatsapp.png\",\"contentUrl\":\"https:\\\/\\\/www.lojadeequipamentos.com.br\\\/loja\\\/wp-content\\\/uploads\\\/2020\\\/08\\\/botao_whatsapp.png\",\"width\":226,\"height\":82},{\"@type\":\"BreadcrumbList\",\"@id\":\"https:\\\/\\\/www.lojadeequipamentos.com.br\\\/loja\\\/produto\\\/forno-de-conveccao-wl-40x60-analogico-wictory\\\/#breadcrumb\",\"itemListElement\":[{\"@type\":\"ListItem\",\"position\":1,\"name\":\"In\u00edcio\",\"item\":\"https:\\\/\\\/www.lojadeequipamentos.com.br\\\/loja\\\/\"},{\"@type\":\"ListItem\",\"position\":2,\"name\":\"Loja Virtual\",\"item\":\"https:\\\/\\\/www.lojadeequipamentos.com.br\\\/loja\\\/shop\\\/\"},{\"@type\":\"ListItem\",\"position\":3,\"name\":\"Forno de Convec\u00e7\u00e3o WL 40\u00d760 Anal\u00f3gico \u2013 Wictory\"}]},{\"@type\":\"WebSite\",\"@id\":\"https:\\\/\\\/www.lojadeequipamentos.com.br\\\/loja\\\/#website\",\"url\":\"https:\\\/\\\/www.lojadeequipamentos.com.br\\\/loja\\\/\",\"name\":\"Loja de Equipamentos\",\"description\":\"\",\"potentialAction\":[{\"@type\":\"SearchAction\",\"target\":{\"@type\":\"EntryPoint\",\"urlTemplate\":\"https:\\\/\\\/www.lojadeequipamentos.com.br\\\/loja\\\/?s={search_term_string}\"},\"query-input\":{\"@type\":\"PropertyValueSpecification\",\"valueRequired\":true,\"valueName\":\"search_term_string\"}}],\"inLanguage\":\"pt-BR\"}]}<\/script>\n<!-- \/ Yoast SEO plugin. -->","yoast_head_json":{"title":"Forno de Convec\u00e7\u00e3o WL 40\u00d760 Anal\u00f3gico \u2013 Wictory - Loja de Equipamentos","description":"Forno de Convec\u00e7\u00e3o WL 40\u00d760 Anal\u00f3gico \u2013 Wictory R$:","robots":{"index":"index","follow":"follow","max-snippet":"max-snippet:-1","max-image-preview":"max-image-preview:large","max-video-preview":"max-video-preview:-1"},"canonical":"https:\/\/www.lojadeequipamentos.com.br\/loja\/produto\/forno-de-conveccao-wl-40x60-analogico-wictory\/","og_locale":"pt_BR","og_type":"article","og_title":"Forno de Convec\u00e7\u00e3o WL 40\u00d760 Anal\u00f3gico \u2013 Wictory - Loja de Equipamentos","og_description":"Forno de Convec\u00e7\u00e3o WL 40\u00d760 Anal\u00f3gico \u2013 Wictory R$:","og_url":"https:\/\/www.lojadeequipamentos.com.br\/loja\/produto\/forno-de-conveccao-wl-40x60-analogico-wictory\/","og_site_name":"Loja de Equipamentos","og_image":[{"url":"http:\/\/www.lojadeequipamentos.com.br\/loja\/wp-content\/uploads\/2020\/08\/botao_whatsapp.png","type":"","width":"","height":""}],"twitter_card":"summary_large_image","schema":{"@context":"https:\/\/schema.org","@graph":[{"@type":"WebPage","@id":"https:\/\/www.lojadeequipamentos.com.br\/loja\/produto\/forno-de-conveccao-wl-40x60-analogico-wictory\/","url":"https:\/\/www.lojadeequipamentos.com.br\/loja\/produto\/forno-de-conveccao-wl-40x60-analogico-wictory\/","name":"Forno de Convec\u00e7\u00e3o WL 40\u00d760 Anal\u00f3gico \u2013 Wictory - Loja de Equipamentos","isPartOf":{"@id":"https:\/\/www.lojadeequipamentos.com.br\/loja\/#website"},"primaryImageOfPage":{"@id":"https:\/\/www.lojadeequipamentos.com.br\/loja\/produto\/forno-de-conveccao-wl-40x60-analogico-wictory\/#primaryimage"},"image":{"@id":"https:\/\/www.lojadeequipamentos.com.br\/loja\/produto\/forno-de-conveccao-wl-40x60-analogico-wictory\/#primaryimage"},"thumbnailUrl":"http:\/\/www.lojadeequipamentos.com.br\/loja\/wp-content\/uploads\/2020\/08\/botao_whatsapp.png","datePublished":"2022-06-03T21:54:29+00:00","description":"Forno de Convec\u00e7\u00e3o WL 40\u00d760 Anal\u00f3gico \u2013 Wictory R$:","breadcrumb":{"@id":"https:\/\/www.lojadeequipamentos.com.br\/loja\/produto\/forno-de-conveccao-wl-40x60-analogico-wictory\/#breadcrumb"},"inLanguage":"pt-BR","potentialAction":[{"@type":"ReadAction","target":["https:\/\/www.lojadeequipamentos.com.br\/loja\/produto\/forno-de-conveccao-wl-40x60-analogico-wictory\/"]}]},{"@type":"ImageObject","inLanguage":"pt-BR","@id":"https:\/\/www.lojadeequipamentos.com.br\/loja\/produto\/forno-de-conveccao-wl-40x60-analogico-wictory\/#primaryimage","url":"https:\/\/www.lojadeequipamentos.com.br\/loja\/wp-content\/uploads\/2020\/08\/botao_whatsapp.png","contentUrl":"https:\/\/www.lojadeequipamentos.com.br\/loja\/wp-content\/uploads\/2020\/08\/botao_whatsapp.png","width":226,"height":82},{"@type":"BreadcrumbList","@id":"https:\/\/www.lojadeequipamentos.com.br\/loja\/produto\/forno-de-conveccao-wl-40x60-analogico-wictory\/#breadcrumb","itemListElement":[{"@type":"ListItem","position":1,"name":"In\u00edcio","item":"https:\/\/www.lojadeequipamentos.com.br\/loja\/"},{"@type":"ListItem","position":2,"name":"Loja Virtual","item":"https:\/\/www.lojadeequipamentos.com.br\/loja\/shop\/"},{"@type":"ListItem","position":3,"name":"Forno de Convec\u00e7\u00e3o WL 40\u00d760 Anal\u00f3gico \u2013 Wictory"}]},{"@type":"WebSite","@id":"https:\/\/www.lojadeequipamentos.com.br\/loja\/#website","url":"https:\/\/www.lojadeequipamentos.com.br\/loja\/","name":"Loja de Equipamentos","description":"","potentialAction":[{"@type":"SearchAction","target":{"@type":"EntryPoint","urlTemplate":"https:\/\/www.lojadeequipamentos.com.br\/loja\/?s={search_term_string}"},"query-input":{"@type":"PropertyValueSpecification","valueRequired":true,"valueName":"search_term_string"}}],"inLanguage":"pt-BR"}]}},"_links":{"self":[{"href":"https:\/\/www.lojadeequipamentos.com.br\/loja\/wp-json\/wp\/v2\/product\/7507","targetHints":{"allow":["GET"]}}],"collection":[{"href":"https:\/\/www.lojadeequipamentos.com.br\/loja\/wp-json\/wp\/v2\/product"}],"about":[{"href":"https:\/\/www.lojadeequipamentos.com.br\/loja\/wp-json\/wp\/v2\/types\/product"}],"replies":[{"embeddable":true,"href":"https:\/\/www.lojadeequipamentos.com.br\/loja\/wp-json\/wp\/v2\/comments?post=7507"}],"wp:attachment":[{"href":"https:\/\/www.lojadeequipamentos.com.br\/loja\/wp-json\/wp\/v2\/media?parent=7507"}],"wp:term":[{"taxonomy":"product_brand","embeddable":true,"href":"https:\/\/www.lojadeequipamentos.com.br\/loja\/wp-json\/wp\/v2\/product_brand?post=7507"},{"taxonomy":"product_cat","embeddable":true,"href":"https:\/\/www.lojadeequipamentos.com.br\/loja\/wp-json\/wp\/v2\/product_cat?post=7507"},{"taxonomy":"product_tag","embeddable":true,"href":"https:\/\/www.lojadeequipamentos.com.br\/loja\/wp-json\/wp\/v2\/product_tag?post=7507"}],"curies":[{"name":"wp","href":"https:\/\/api.w.org\/{rel}","templated":true}]}}