{"id":7482,"date":"2022-05-15T22:19:00","date_gmt":"2022-05-15T22:19:00","guid":{"rendered":"https:\/\/www.lojadeequipamentos.com.br\/loja\/?post_type=product&#038;p=7482"},"modified":"2022-05-15T22:19:00","modified_gmt":"2022-05-15T22:19:00","slug":"forno-gourmet-eletrico-wcaa03g-3gns-com-cavalete-kit-gns-wictory","status":"publish","type":"product","link":"https:\/\/www.lojadeequipamentos.com.br\/loja\/produto\/forno-gourmet-eletrico-wcaa03g-3gns-com-cavalete-kit-gns-wictory\/","title":{"rendered":"Forno Gourmet El\u00e9trico WCAA03G 3GNs Com Cavalete Kit GNs &#8211; Wictory"},"content":{"rendered":"<p><strong>Forno Gourmet El\u00e9trico WCAA03G 3GNs Com Cavalete Kit GNs - Wictory<\/strong><\/p>\n<p>Equipamento: Forno Combinado Gourmet Wictory<br \/>\nRefer\u00eancia: WCAA03G<br \/>\nFabricante: Wictory<br \/>\nAlimenta\u00e7\u00e3o: El\u00e9trico<br \/>\nFases: Monof\u00e1sico<br \/>\nVoltagem: 220V<br \/>\nCorrente: 18<br \/>\nConsumo de Energia: 3,1 kW\/h<br \/>\nPotencia: 4,1 kW<br \/>\nCapacidade: 3 GN\u2019s<br \/>\nNumero de Refei\u00e7\u00f5es: aprox. 60<br \/>\nMaterial Estrutura Interna: A\u00e7o AISI 304<br \/>\nMaterial Estrutura Externa: A\u00e7o Inoxid\u00e1vel AISI 430<br \/>\nPress\u00e3o de Entrada da \u00c1gua: 0,8-2kgf\/cm\u00b2<br \/>\nConex\u00f5es de entrada de \u00e1gua : 3\/4\u2033<br \/>\nConex\u00f5es de sa\u00edda esgoto : \u00d8 1\/2\u2033<\/p>\n<p>Altura: 1365mm<br \/>\nLargura: 813mm<br \/>\nProfundidade: 645mm<br \/>\nPeso: 41 kg<\/p>\n<p><a href=\"https:\/\/api.whatsapp.com\/send?phone=5521964144201\"><img loading=\"lazy\" decoding=\"async\" class=\"alignnone size-full wp-image-4307\" src=\"http:\/\/www.lojadeequipamentos.com.br\/loja\/wp-content\/uploads\/2020\/08\/botao_whatsapp.png\" alt=\"botao_whatsapp\" width=\"226\" height=\"82\" \/><\/a>a<\/p>\n","protected":false},"excerpt":{"rendered":"<strong>Forno Gourmet El\u00e9trico WCAA03G 3GNs Com Cavalete Kit GNs - Wictory R$:<\/strong>","protected":false},"featured_media":7484,"comment_status":"open","ping_status":"closed","template":"","meta":{"_links_to":"","_links_to_target":""},"product_brand":[],"product_cat":[7346],"product_tag":[8153,8158,8159,8154,8157],"class_list":{"0":"post-7482","1":"product","2":"type-product","3":"status-publish","4":"has-post-thumbnail","6":"product_cat-gourmet-wictory","7":"product_tag-forno-gourmet","8":"product_tag-forno-gourmet-com-cavalete","9":"product_tag-forno-gourmet-com-cavalete-e-kit-gns","10":"product_tag-forno-gourmet-eletrico","11":"product_tag-forno-gourmet-eletrico-wcaa03g-3gns-com-cavalete-kit-gns-wictory","13":"first","14":"instock","15":"shipping-taxable","16":"product-type-simple"},"yoast_head":"<!-- This site is optimized with the Yoast SEO plugin v27.3 - https:\/\/yoast.com\/product\/yoast-seo-wordpress\/ -->\n<title>Forno Gourmet El\u00e9trico WCAA03G 3GNs Com Cavalete Kit GNs - Wictory - Loja de Equipamentos<\/title>\n<meta name=\"description\" content=\"Forno Gourmet El\u00e9trico WCAA03G 3GNs Com Cavalete Kit GNs - Wictory R$:\" \/>\n<meta name=\"robots\" content=\"index, follow, max-snippet:-1, max-image-preview:large, max-video-preview:-1\" \/>\n<link rel=\"canonical\" href=\"https:\/\/www.lojadeequipamentos.com.br\/loja\/produto\/forno-gourmet-eletrico-wcaa03g-3gns-com-cavalete-kit-gns-wictory\/\" \/>\n<meta property=\"og:locale\" content=\"pt_BR\" \/>\n<meta property=\"og:type\" content=\"article\" \/>\n<meta property=\"og:title\" content=\"Forno Gourmet El\u00e9trico WCAA03G 3GNs Com Cavalete Kit GNs - Wictory - Loja de Equipamentos\" \/>\n<meta property=\"og:description\" content=\"Forno Gourmet El\u00e9trico WCAA03G 3GNs Com Cavalete Kit GNs - Wictory R$:\" \/>\n<meta property=\"og:url\" content=\"https:\/\/www.lojadeequipamentos.com.br\/loja\/produto\/forno-gourmet-eletrico-wcaa03g-3gns-com-cavalete-kit-gns-wictory\/\" \/>\n<meta property=\"og:site_name\" content=\"Loja de Equipamentos\" \/>\n<meta property=\"og:image\" content=\"https:\/\/www.lojadeequipamentos.com.br\/loja\/wp-content\/uploads\/2022\/05\/Forno-Combinado-gourmet-cavalete.jpg\" \/>\n\t<meta property=\"og:image:width\" content=\"270\" \/>\n\t<meta property=\"og:image:height\" content=\"200\" \/>\n\t<meta property=\"og:image:type\" content=\"image\/jpeg\" \/>\n<meta name=\"twitter:card\" content=\"summary_large_image\" \/>\n<script type=\"application\/ld+json\" class=\"yoast-schema-graph\">{\"@context\":\"https:\\\/\\\/schema.org\",\"@graph\":[{\"@type\":\"WebPage\",\"@id\":\"https:\\\/\\\/www.lojadeequipamentos.com.br\\\/loja\\\/produto\\\/forno-gourmet-eletrico-wcaa03g-3gns-com-cavalete-kit-gns-wictory\\\/\",\"url\":\"https:\\\/\\\/www.lojadeequipamentos.com.br\\\/loja\\\/produto\\\/forno-gourmet-eletrico-wcaa03g-3gns-com-cavalete-kit-gns-wictory\\\/\",\"name\":\"Forno Gourmet El\u00e9trico WCAA03G 3GNs Com Cavalete Kit GNs - Wictory - Loja de Equipamentos\",\"isPartOf\":{\"@id\":\"https:\\\/\\\/www.lojadeequipamentos.com.br\\\/loja\\\/#website\"},\"primaryImageOfPage\":{\"@id\":\"https:\\\/\\\/www.lojadeequipamentos.com.br\\\/loja\\\/produto\\\/forno-gourmet-eletrico-wcaa03g-3gns-com-cavalete-kit-gns-wictory\\\/#primaryimage\"},\"image\":{\"@id\":\"https:\\\/\\\/www.lojadeequipamentos.com.br\\\/loja\\\/produto\\\/forno-gourmet-eletrico-wcaa03g-3gns-com-cavalete-kit-gns-wictory\\\/#primaryimage\"},\"thumbnailUrl\":\"https:\\\/\\\/www.lojadeequipamentos.com.br\\\/loja\\\/wp-content\\\/uploads\\\/2022\\\/05\\\/Forno-Combinado-gourmet-cavalete.jpg\",\"datePublished\":\"2022-05-15T22:19:00+00:00\",\"description\":\"Forno Gourmet El\u00e9trico WCAA03G 3GNs Com Cavalete Kit GNs - Wictory R$:\",\"breadcrumb\":{\"@id\":\"https:\\\/\\\/www.lojadeequipamentos.com.br\\\/loja\\\/produto\\\/forno-gourmet-eletrico-wcaa03g-3gns-com-cavalete-kit-gns-wictory\\\/#breadcrumb\"},\"inLanguage\":\"pt-BR\",\"potentialAction\":[{\"@type\":\"ReadAction\",\"target\":[\"https:\\\/\\\/www.lojadeequipamentos.com.br\\\/loja\\\/produto\\\/forno-gourmet-eletrico-wcaa03g-3gns-com-cavalete-kit-gns-wictory\\\/\"]}]},{\"@type\":\"ImageObject\",\"inLanguage\":\"pt-BR\",\"@id\":\"https:\\\/\\\/www.lojadeequipamentos.com.br\\\/loja\\\/produto\\\/forno-gourmet-eletrico-wcaa03g-3gns-com-cavalete-kit-gns-wictory\\\/#primaryimage\",\"url\":\"https:\\\/\\\/www.lojadeequipamentos.com.br\\\/loja\\\/wp-content\\\/uploads\\\/2022\\\/05\\\/Forno-Combinado-gourmet-cavalete.jpg\",\"contentUrl\":\"https:\\\/\\\/www.lojadeequipamentos.com.br\\\/loja\\\/wp-content\\\/uploads\\\/2022\\\/05\\\/Forno-Combinado-gourmet-cavalete.jpg\",\"width\":270,\"height\":200},{\"@type\":\"BreadcrumbList\",\"@id\":\"https:\\\/\\\/www.lojadeequipamentos.com.br\\\/loja\\\/produto\\\/forno-gourmet-eletrico-wcaa03g-3gns-com-cavalete-kit-gns-wictory\\\/#breadcrumb\",\"itemListElement\":[{\"@type\":\"ListItem\",\"position\":1,\"name\":\"In\u00edcio\",\"item\":\"https:\\\/\\\/www.lojadeequipamentos.com.br\\\/loja\\\/\"},{\"@type\":\"ListItem\",\"position\":2,\"name\":\"Loja Virtual\",\"item\":\"https:\\\/\\\/www.lojadeequipamentos.com.br\\\/loja\\\/shop\\\/\"},{\"@type\":\"ListItem\",\"position\":3,\"name\":\"Forno Gourmet El\u00e9trico WCAA03G 3GNs Com Cavalete Kit GNs &#8211; Wictory\"}]},{\"@type\":\"WebSite\",\"@id\":\"https:\\\/\\\/www.lojadeequipamentos.com.br\\\/loja\\\/#website\",\"url\":\"https:\\\/\\\/www.lojadeequipamentos.com.br\\\/loja\\\/\",\"name\":\"Loja de Equipamentos\",\"description\":\"\",\"potentialAction\":[{\"@type\":\"SearchAction\",\"target\":{\"@type\":\"EntryPoint\",\"urlTemplate\":\"https:\\\/\\\/www.lojadeequipamentos.com.br\\\/loja\\\/?s={search_term_string}\"},\"query-input\":{\"@type\":\"PropertyValueSpecification\",\"valueRequired\":true,\"valueName\":\"search_term_string\"}}],\"inLanguage\":\"pt-BR\"}]}<\/script>\n<!-- \/ Yoast SEO plugin. -->","yoast_head_json":{"title":"Forno Gourmet El\u00e9trico WCAA03G 3GNs Com Cavalete Kit GNs - Wictory - Loja de Equipamentos","description":"Forno Gourmet El\u00e9trico WCAA03G 3GNs Com Cavalete Kit GNs - Wictory R$:","robots":{"index":"index","follow":"follow","max-snippet":"max-snippet:-1","max-image-preview":"max-image-preview:large","max-video-preview":"max-video-preview:-1"},"canonical":"https:\/\/www.lojadeequipamentos.com.br\/loja\/produto\/forno-gourmet-eletrico-wcaa03g-3gns-com-cavalete-kit-gns-wictory\/","og_locale":"pt_BR","og_type":"article","og_title":"Forno Gourmet El\u00e9trico WCAA03G 3GNs Com Cavalete Kit GNs - Wictory - Loja de Equipamentos","og_description":"Forno Gourmet El\u00e9trico WCAA03G 3GNs Com Cavalete Kit GNs - Wictory R$:","og_url":"https:\/\/www.lojadeequipamentos.com.br\/loja\/produto\/forno-gourmet-eletrico-wcaa03g-3gns-com-cavalete-kit-gns-wictory\/","og_site_name":"Loja de Equipamentos","og_image":[{"width":270,"height":200,"url":"https:\/\/www.lojadeequipamentos.com.br\/loja\/wp-content\/uploads\/2022\/05\/Forno-Combinado-gourmet-cavalete.jpg","type":"image\/jpeg"}],"twitter_card":"summary_large_image","schema":{"@context":"https:\/\/schema.org","@graph":[{"@type":"WebPage","@id":"https:\/\/www.lojadeequipamentos.com.br\/loja\/produto\/forno-gourmet-eletrico-wcaa03g-3gns-com-cavalete-kit-gns-wictory\/","url":"https:\/\/www.lojadeequipamentos.com.br\/loja\/produto\/forno-gourmet-eletrico-wcaa03g-3gns-com-cavalete-kit-gns-wictory\/","name":"Forno Gourmet El\u00e9trico WCAA03G 3GNs Com Cavalete Kit GNs - Wictory - Loja de Equipamentos","isPartOf":{"@id":"https:\/\/www.lojadeequipamentos.com.br\/loja\/#website"},"primaryImageOfPage":{"@id":"https:\/\/www.lojadeequipamentos.com.br\/loja\/produto\/forno-gourmet-eletrico-wcaa03g-3gns-com-cavalete-kit-gns-wictory\/#primaryimage"},"image":{"@id":"https:\/\/www.lojadeequipamentos.com.br\/loja\/produto\/forno-gourmet-eletrico-wcaa03g-3gns-com-cavalete-kit-gns-wictory\/#primaryimage"},"thumbnailUrl":"https:\/\/www.lojadeequipamentos.com.br\/loja\/wp-content\/uploads\/2022\/05\/Forno-Combinado-gourmet-cavalete.jpg","datePublished":"2022-05-15T22:19:00+00:00","description":"Forno Gourmet El\u00e9trico WCAA03G 3GNs Com Cavalete Kit GNs - Wictory R$:","breadcrumb":{"@id":"https:\/\/www.lojadeequipamentos.com.br\/loja\/produto\/forno-gourmet-eletrico-wcaa03g-3gns-com-cavalete-kit-gns-wictory\/#breadcrumb"},"inLanguage":"pt-BR","potentialAction":[{"@type":"ReadAction","target":["https:\/\/www.lojadeequipamentos.com.br\/loja\/produto\/forno-gourmet-eletrico-wcaa03g-3gns-com-cavalete-kit-gns-wictory\/"]}]},{"@type":"ImageObject","inLanguage":"pt-BR","@id":"https:\/\/www.lojadeequipamentos.com.br\/loja\/produto\/forno-gourmet-eletrico-wcaa03g-3gns-com-cavalete-kit-gns-wictory\/#primaryimage","url":"https:\/\/www.lojadeequipamentos.com.br\/loja\/wp-content\/uploads\/2022\/05\/Forno-Combinado-gourmet-cavalete.jpg","contentUrl":"https:\/\/www.lojadeequipamentos.com.br\/loja\/wp-content\/uploads\/2022\/05\/Forno-Combinado-gourmet-cavalete.jpg","width":270,"height":200},{"@type":"BreadcrumbList","@id":"https:\/\/www.lojadeequipamentos.com.br\/loja\/produto\/forno-gourmet-eletrico-wcaa03g-3gns-com-cavalete-kit-gns-wictory\/#breadcrumb","itemListElement":[{"@type":"ListItem","position":1,"name":"In\u00edcio","item":"https:\/\/www.lojadeequipamentos.com.br\/loja\/"},{"@type":"ListItem","position":2,"name":"Loja Virtual","item":"https:\/\/www.lojadeequipamentos.com.br\/loja\/shop\/"},{"@type":"ListItem","position":3,"name":"Forno Gourmet El\u00e9trico WCAA03G 3GNs Com Cavalete Kit GNs &#8211; Wictory"}]},{"@type":"WebSite","@id":"https:\/\/www.lojadeequipamentos.com.br\/loja\/#website","url":"https:\/\/www.lojadeequipamentos.com.br\/loja\/","name":"Loja de Equipamentos","description":"","potentialAction":[{"@type":"SearchAction","target":{"@type":"EntryPoint","urlTemplate":"https:\/\/www.lojadeequipamentos.com.br\/loja\/?s={search_term_string}"},"query-input":{"@type":"PropertyValueSpecification","valueRequired":true,"valueName":"search_term_string"}}],"inLanguage":"pt-BR"}]}},"_links":{"self":[{"href":"https:\/\/www.lojadeequipamentos.com.br\/loja\/wp-json\/wp\/v2\/product\/7482","targetHints":{"allow":["GET"]}}],"collection":[{"href":"https:\/\/www.lojadeequipamentos.com.br\/loja\/wp-json\/wp\/v2\/product"}],"about":[{"href":"https:\/\/www.lojadeequipamentos.com.br\/loja\/wp-json\/wp\/v2\/types\/product"}],"replies":[{"embeddable":true,"href":"https:\/\/www.lojadeequipamentos.com.br\/loja\/wp-json\/wp\/v2\/comments?post=7482"}],"wp:featuredmedia":[{"embeddable":true,"href":"https:\/\/www.lojadeequipamentos.com.br\/loja\/wp-json\/wp\/v2\/media\/7484"}],"wp:attachment":[{"href":"https:\/\/www.lojadeequipamentos.com.br\/loja\/wp-json\/wp\/v2\/media?parent=7482"}],"wp:term":[{"taxonomy":"product_brand","embeddable":true,"href":"https:\/\/www.lojadeequipamentos.com.br\/loja\/wp-json\/wp\/v2\/product_brand?post=7482"},{"taxonomy":"product_cat","embeddable":true,"href":"https:\/\/www.lojadeequipamentos.com.br\/loja\/wp-json\/wp\/v2\/product_cat?post=7482"},{"taxonomy":"product_tag","embeddable":true,"href":"https:\/\/www.lojadeequipamentos.com.br\/loja\/wp-json\/wp\/v2\/product_tag?post=7482"}],"curies":[{"name":"wp","href":"https:\/\/api.w.org\/{rel}","templated":true}]}}