{"id":7242,"date":"2021-11-14T00:01:04","date_gmt":"2021-11-14T00:01:04","guid":{"rendered":"https:\/\/www.lojadeequipamentos.com.br\/loja\/?post_type=product&#038;p=7242"},"modified":"2021-11-14T00:01:05","modified_gmt":"2021-11-14T00:01:05","slug":"balcao-termico-fly-refrigerado-btr-08-fly-gastromaq","status":"publish","type":"product","link":"https:\/\/www.lojadeequipamentos.com.br\/loja\/produto\/balcao-termico-fly-refrigerado-btr-08-fly-gastromaq\/","title":{"rendered":"Balc\u00e3o T\u00e9rmico Fly Refrigerado -BTR 08 FLY &#8211; Gastromaq"},"content":{"rendered":"<p><strong>Balc\u00e3o T\u00e9rmico Fly Refrigerado -BTR 08 FLY - Gastromaq<\/strong><\/p>\n<p>Dim. Externas sem apoio de pratos (AxLxC)(mm): 1460 x 682 x 1510<br \/>\nDim. Externas com apoio Pratos (AxLxC) (mm): 1460 x 1120 x 1510<br \/>\nTens\u00e3o: 127v\/220v<br \/>\nDim. Pista Refrigerada(AxLxC)(mm): 55 x 530 x 1260<br \/>\nrefrigerada (\u00baC): -10 a 10<br \/>\nPot\u00eancia Instalada: 0,69<br \/>\nConsumo El\u00e9trico(KWH): 0,49<\/p>\n<p><a href=\"https:\/\/api.whatsapp.com\/send?phone=5521964144201\"><img loading=\"lazy\" decoding=\"async\" class=\"alignnone size-full wp-image-4307\" src=\"http:\/\/www.lojadeequipamentos.com.br\/loja\/wp-content\/uploads\/2020\/08\/botao_whatsapp.png\" alt=\"botao_whatsapp\" width=\"226\" height=\"82\" \/><\/a><\/p>\n","protected":false},"excerpt":{"rendered":"<strong>Balc\u00e3o T\u00e9rmico Fly Refrigerado - BTR 08 FLY - Gastromaq R$:<\/strong>","protected":false},"featured_media":7243,"comment_status":"open","ping_status":"closed","template":"","meta":{"_links_to":"","_links_to_target":""},"product_brand":[],"product_cat":[7866],"product_tag":[7932,7931,7933,7934],"class_list":{"0":"post-7242","1":"product","2":"type-product","3":"status-publish","4":"has-post-thumbnail","6":"product_cat-balcao-gm","7":"product_tag-balcao-termico-fly-refrigerado","8":"product_tag-balcao-termico-fly-refrigerado-btr-08-fly-gastromaq","9":"product_tag-balcao-termico-fly-refrigerado-gastromaq","10":"product_tag-gastromaq-balcao-termico-fly-refrigerado","12":"first","13":"instock","14":"shipping-taxable","15":"product-type-simple"},"yoast_head":"<!-- This site is optimized with the Yoast SEO plugin v27.3 - https:\/\/yoast.com\/product\/yoast-seo-wordpress\/ -->\n<title>Balc\u00e3o T\u00e9rmico Fly Refrigerado -BTR 08 FLY - Gastromaq - Loja de Equipamentos<\/title>\n<meta name=\"description\" content=\"Balc\u00e3o T\u00e9rmico Fly Refrigerado - BTR 08 FLY - Gastromaq R$:\" \/>\n<meta name=\"robots\" content=\"index, follow, max-snippet:-1, max-image-preview:large, max-video-preview:-1\" \/>\n<link rel=\"canonical\" href=\"https:\/\/www.lojadeequipamentos.com.br\/loja\/produto\/balcao-termico-fly-refrigerado-btr-08-fly-gastromaq\/\" \/>\n<meta property=\"og:locale\" content=\"pt_BR\" \/>\n<meta property=\"og:type\" content=\"article\" \/>\n<meta property=\"og:title\" content=\"Balc\u00e3o T\u00e9rmico Fly Refrigerado -BTR 08 FLY - Gastromaq - Loja de Equipamentos\" \/>\n<meta property=\"og:description\" content=\"Balc\u00e3o T\u00e9rmico Fly Refrigerado - BTR 08 FLY - Gastromaq R$:\" \/>\n<meta property=\"og:url\" content=\"https:\/\/www.lojadeequipamentos.com.br\/loja\/produto\/balcao-termico-fly-refrigerado-btr-08-fly-gastromaq\/\" \/>\n<meta property=\"og:site_name\" content=\"Loja de Equipamentos\" \/>\n<meta property=\"article:modified_time\" content=\"2021-11-14T00:01:05+00:00\" \/>\n<meta property=\"og:image\" content=\"https:\/\/www.lojadeequipamentos.com.br\/loja\/wp-content\/uploads\/2021\/11\/BTR-08-FLY.jpg\" \/>\n\t<meta property=\"og:image:width\" content=\"270\" \/>\n\t<meta property=\"og:image:height\" content=\"200\" \/>\n\t<meta property=\"og:image:type\" content=\"image\/jpeg\" \/>\n<meta name=\"twitter:card\" content=\"summary_large_image\" \/>\n<script type=\"application\/ld+json\" class=\"yoast-schema-graph\">{\"@context\":\"https:\\\/\\\/schema.org\",\"@graph\":[{\"@type\":\"WebPage\",\"@id\":\"https:\\\/\\\/www.lojadeequipamentos.com.br\\\/loja\\\/produto\\\/balcao-termico-fly-refrigerado-btr-08-fly-gastromaq\\\/\",\"url\":\"https:\\\/\\\/www.lojadeequipamentos.com.br\\\/loja\\\/produto\\\/balcao-termico-fly-refrigerado-btr-08-fly-gastromaq\\\/\",\"name\":\"Balc\u00e3o T\u00e9rmico Fly Refrigerado -BTR 08 FLY - Gastromaq - Loja de Equipamentos\",\"isPartOf\":{\"@id\":\"https:\\\/\\\/www.lojadeequipamentos.com.br\\\/loja\\\/#website\"},\"primaryImageOfPage\":{\"@id\":\"https:\\\/\\\/www.lojadeequipamentos.com.br\\\/loja\\\/produto\\\/balcao-termico-fly-refrigerado-btr-08-fly-gastromaq\\\/#primaryimage\"},\"image\":{\"@id\":\"https:\\\/\\\/www.lojadeequipamentos.com.br\\\/loja\\\/produto\\\/balcao-termico-fly-refrigerado-btr-08-fly-gastromaq\\\/#primaryimage\"},\"thumbnailUrl\":\"https:\\\/\\\/www.lojadeequipamentos.com.br\\\/loja\\\/wp-content\\\/uploads\\\/2021\\\/11\\\/BTR-08-FLY.jpg\",\"datePublished\":\"2021-11-14T00:01:04+00:00\",\"dateModified\":\"2021-11-14T00:01:05+00:00\",\"description\":\"Balc\u00e3o T\u00e9rmico Fly Refrigerado - BTR 08 FLY - Gastromaq R$:\",\"breadcrumb\":{\"@id\":\"https:\\\/\\\/www.lojadeequipamentos.com.br\\\/loja\\\/produto\\\/balcao-termico-fly-refrigerado-btr-08-fly-gastromaq\\\/#breadcrumb\"},\"inLanguage\":\"pt-BR\",\"potentialAction\":[{\"@type\":\"ReadAction\",\"target\":[\"https:\\\/\\\/www.lojadeequipamentos.com.br\\\/loja\\\/produto\\\/balcao-termico-fly-refrigerado-btr-08-fly-gastromaq\\\/\"]}]},{\"@type\":\"ImageObject\",\"inLanguage\":\"pt-BR\",\"@id\":\"https:\\\/\\\/www.lojadeequipamentos.com.br\\\/loja\\\/produto\\\/balcao-termico-fly-refrigerado-btr-08-fly-gastromaq\\\/#primaryimage\",\"url\":\"https:\\\/\\\/www.lojadeequipamentos.com.br\\\/loja\\\/wp-content\\\/uploads\\\/2021\\\/11\\\/BTR-08-FLY.jpg\",\"contentUrl\":\"https:\\\/\\\/www.lojadeequipamentos.com.br\\\/loja\\\/wp-content\\\/uploads\\\/2021\\\/11\\\/BTR-08-FLY.jpg\",\"width\":270,\"height\":200},{\"@type\":\"BreadcrumbList\",\"@id\":\"https:\\\/\\\/www.lojadeequipamentos.com.br\\\/loja\\\/produto\\\/balcao-termico-fly-refrigerado-btr-08-fly-gastromaq\\\/#breadcrumb\",\"itemListElement\":[{\"@type\":\"ListItem\",\"position\":1,\"name\":\"In\u00edcio\",\"item\":\"https:\\\/\\\/www.lojadeequipamentos.com.br\\\/loja\\\/\"},{\"@type\":\"ListItem\",\"position\":2,\"name\":\"Loja Virtual\",\"item\":\"https:\\\/\\\/www.lojadeequipamentos.com.br\\\/loja\\\/shop\\\/\"},{\"@type\":\"ListItem\",\"position\":3,\"name\":\"Balc\u00e3o T\u00e9rmico Fly Refrigerado -BTR 08 FLY &#8211; Gastromaq\"}]},{\"@type\":\"WebSite\",\"@id\":\"https:\\\/\\\/www.lojadeequipamentos.com.br\\\/loja\\\/#website\",\"url\":\"https:\\\/\\\/www.lojadeequipamentos.com.br\\\/loja\\\/\",\"name\":\"Loja de Equipamentos\",\"description\":\"\",\"potentialAction\":[{\"@type\":\"SearchAction\",\"target\":{\"@type\":\"EntryPoint\",\"urlTemplate\":\"https:\\\/\\\/www.lojadeequipamentos.com.br\\\/loja\\\/?s={search_term_string}\"},\"query-input\":{\"@type\":\"PropertyValueSpecification\",\"valueRequired\":true,\"valueName\":\"search_term_string\"}}],\"inLanguage\":\"pt-BR\"}]}<\/script>\n<!-- \/ Yoast SEO plugin. -->","yoast_head_json":{"title":"Balc\u00e3o T\u00e9rmico Fly Refrigerado -BTR 08 FLY - Gastromaq - Loja de Equipamentos","description":"Balc\u00e3o T\u00e9rmico Fly Refrigerado - BTR 08 FLY - Gastromaq R$:","robots":{"index":"index","follow":"follow","max-snippet":"max-snippet:-1","max-image-preview":"max-image-preview:large","max-video-preview":"max-video-preview:-1"},"canonical":"https:\/\/www.lojadeequipamentos.com.br\/loja\/produto\/balcao-termico-fly-refrigerado-btr-08-fly-gastromaq\/","og_locale":"pt_BR","og_type":"article","og_title":"Balc\u00e3o T\u00e9rmico Fly Refrigerado -BTR 08 FLY - Gastromaq - Loja de Equipamentos","og_description":"Balc\u00e3o T\u00e9rmico Fly Refrigerado - BTR 08 FLY - Gastromaq R$:","og_url":"https:\/\/www.lojadeequipamentos.com.br\/loja\/produto\/balcao-termico-fly-refrigerado-btr-08-fly-gastromaq\/","og_site_name":"Loja de Equipamentos","article_modified_time":"2021-11-14T00:01:05+00:00","og_image":[{"width":270,"height":200,"url":"https:\/\/www.lojadeequipamentos.com.br\/loja\/wp-content\/uploads\/2021\/11\/BTR-08-FLY.jpg","type":"image\/jpeg"}],"twitter_card":"summary_large_image","schema":{"@context":"https:\/\/schema.org","@graph":[{"@type":"WebPage","@id":"https:\/\/www.lojadeequipamentos.com.br\/loja\/produto\/balcao-termico-fly-refrigerado-btr-08-fly-gastromaq\/","url":"https:\/\/www.lojadeequipamentos.com.br\/loja\/produto\/balcao-termico-fly-refrigerado-btr-08-fly-gastromaq\/","name":"Balc\u00e3o T\u00e9rmico Fly Refrigerado -BTR 08 FLY - Gastromaq - Loja de Equipamentos","isPartOf":{"@id":"https:\/\/www.lojadeequipamentos.com.br\/loja\/#website"},"primaryImageOfPage":{"@id":"https:\/\/www.lojadeequipamentos.com.br\/loja\/produto\/balcao-termico-fly-refrigerado-btr-08-fly-gastromaq\/#primaryimage"},"image":{"@id":"https:\/\/www.lojadeequipamentos.com.br\/loja\/produto\/balcao-termico-fly-refrigerado-btr-08-fly-gastromaq\/#primaryimage"},"thumbnailUrl":"https:\/\/www.lojadeequipamentos.com.br\/loja\/wp-content\/uploads\/2021\/11\/BTR-08-FLY.jpg","datePublished":"2021-11-14T00:01:04+00:00","dateModified":"2021-11-14T00:01:05+00:00","description":"Balc\u00e3o T\u00e9rmico Fly Refrigerado - BTR 08 FLY - Gastromaq R$:","breadcrumb":{"@id":"https:\/\/www.lojadeequipamentos.com.br\/loja\/produto\/balcao-termico-fly-refrigerado-btr-08-fly-gastromaq\/#breadcrumb"},"inLanguage":"pt-BR","potentialAction":[{"@type":"ReadAction","target":["https:\/\/www.lojadeequipamentos.com.br\/loja\/produto\/balcao-termico-fly-refrigerado-btr-08-fly-gastromaq\/"]}]},{"@type":"ImageObject","inLanguage":"pt-BR","@id":"https:\/\/www.lojadeequipamentos.com.br\/loja\/produto\/balcao-termico-fly-refrigerado-btr-08-fly-gastromaq\/#primaryimage","url":"https:\/\/www.lojadeequipamentos.com.br\/loja\/wp-content\/uploads\/2021\/11\/BTR-08-FLY.jpg","contentUrl":"https:\/\/www.lojadeequipamentos.com.br\/loja\/wp-content\/uploads\/2021\/11\/BTR-08-FLY.jpg","width":270,"height":200},{"@type":"BreadcrumbList","@id":"https:\/\/www.lojadeequipamentos.com.br\/loja\/produto\/balcao-termico-fly-refrigerado-btr-08-fly-gastromaq\/#breadcrumb","itemListElement":[{"@type":"ListItem","position":1,"name":"In\u00edcio","item":"https:\/\/www.lojadeequipamentos.com.br\/loja\/"},{"@type":"ListItem","position":2,"name":"Loja Virtual","item":"https:\/\/www.lojadeequipamentos.com.br\/loja\/shop\/"},{"@type":"ListItem","position":3,"name":"Balc\u00e3o T\u00e9rmico Fly Refrigerado -BTR 08 FLY &#8211; Gastromaq"}]},{"@type":"WebSite","@id":"https:\/\/www.lojadeequipamentos.com.br\/loja\/#website","url":"https:\/\/www.lojadeequipamentos.com.br\/loja\/","name":"Loja de Equipamentos","description":"","potentialAction":[{"@type":"SearchAction","target":{"@type":"EntryPoint","urlTemplate":"https:\/\/www.lojadeequipamentos.com.br\/loja\/?s={search_term_string}"},"query-input":{"@type":"PropertyValueSpecification","valueRequired":true,"valueName":"search_term_string"}}],"inLanguage":"pt-BR"}]}},"_links":{"self":[{"href":"https:\/\/www.lojadeequipamentos.com.br\/loja\/wp-json\/wp\/v2\/product\/7242","targetHints":{"allow":["GET"]}}],"collection":[{"href":"https:\/\/www.lojadeequipamentos.com.br\/loja\/wp-json\/wp\/v2\/product"}],"about":[{"href":"https:\/\/www.lojadeequipamentos.com.br\/loja\/wp-json\/wp\/v2\/types\/product"}],"replies":[{"embeddable":true,"href":"https:\/\/www.lojadeequipamentos.com.br\/loja\/wp-json\/wp\/v2\/comments?post=7242"}],"wp:featuredmedia":[{"embeddable":true,"href":"https:\/\/www.lojadeequipamentos.com.br\/loja\/wp-json\/wp\/v2\/media\/7243"}],"wp:attachment":[{"href":"https:\/\/www.lojadeequipamentos.com.br\/loja\/wp-json\/wp\/v2\/media?parent=7242"}],"wp:term":[{"taxonomy":"product_brand","embeddable":true,"href":"https:\/\/www.lojadeequipamentos.com.br\/loja\/wp-json\/wp\/v2\/product_brand?post=7242"},{"taxonomy":"product_cat","embeddable":true,"href":"https:\/\/www.lojadeequipamentos.com.br\/loja\/wp-json\/wp\/v2\/product_cat?post=7242"},{"taxonomy":"product_tag","embeddable":true,"href":"https:\/\/www.lojadeequipamentos.com.br\/loja\/wp-json\/wp\/v2\/product_tag?post=7242"}],"curies":[{"name":"wp","href":"https:\/\/api.w.org\/{rel}","templated":true}]}}