{"id":6434,"date":"2021-08-12T00:29:33","date_gmt":"2021-08-12T00:29:33","guid":{"rendered":"https:\/\/www.lojadeequipamentos.com.br\/loja\/?post_type=product&#038;p=6434"},"modified":"2021-09-21T14:25:33","modified_gmt":"2021-09-21T14:25:33","slug":"balanca-computadora-touch-35kg-ramuza","status":"publish","type":"product","link":"https:\/\/www.lojadeequipamentos.com.br\/loja\/produto\/balanca-computadora-touch-35kg-ramuza\/","title":{"rendered":"Balan\u00e7a Computadora Touch 35kg &#8211; Ramuza"},"content":{"rendered":"<p><strong>Balan\u00e7a Computadora Touch 35kg - Ramuza<\/strong><\/p>\n<p>C\u00f3digo: 1118<br \/>\nInforma\u00e7\u00f5es T\u00e9cnicas<br \/>\nModelo: DCL6<br \/>\nConsumo de 15W<br \/>\nTara 9,995<br \/>\nEscala 6\/15\/35 kg x 2\/5\/10 g<br \/>\nModo de pesagem: peso, pre\u00e7o por quilo e c\u00e1lculo autom\u00e1tico de pre\u00e7o total<br \/>\nDimens\u00e3o da plataforma (mm): C 320 x L 230<br \/>\nMem\u00f3ria de at\u00e9 10 pre\u00e7os unit\u00e1rio<br \/>\nDisplay em led 5 d\u00edgitos<br \/>\nTeclado touch com 16 teclas de f\u00e1cil digita\u00e7\u00e3o<br \/>\nBateria com 72 horas de dura\u00e7\u00e3o e indicador de n\u00edvel de bateria<br \/>\nPratos de inox<br \/>\nPeso: 11,7 kg<\/p>\n<p><a href=\"https:\/\/api.whatsapp.com\/send?phone=5521964144201\"><img loading=\"lazy\" decoding=\"async\" class=\"alignnone size-full wp-image-4307\" src=\"http:\/\/www.lojadeequipamentos.com.br\/loja\/wp-content\/uploads\/2020\/08\/botao_whatsapp.png\" alt=\"botao_whatsapp\" width=\"226\" height=\"82\" \/><\/a><\/p>\n","protected":false},"excerpt":{"rendered":"<strong>Balan\u00e7a Computadora Touch 35kg - Ramuza R$:<\/strong>","protected":false},"featured_media":6538,"comment_status":"open","ping_status":"closed","template":"","meta":{"_links_to":"","_links_to_target":""},"product_brand":[],"product_cat":[7274],"product_tag":[7273,7269,7272,7270,7271],"class_list":{"0":"post-6434","1":"product","2":"type-product","3":"status-publish","4":"has-post-thumbnail","6":"product_cat-balanca-diversas","7":"product_tag-balanca-computadora","8":"product_tag-balanca-computadora-touch","9":"product_tag-balanca-computadora-touch-35-kg","10":"product_tag-balanca-computadora-touch-35kg","11":"product_tag-balanca-computadora-touch-ramuza","13":"first","14":"instock","15":"shipping-taxable","16":"product-type-simple"},"yoast_head":"<!-- This site is optimized with the Yoast SEO plugin v27.3 - https:\/\/yoast.com\/product\/yoast-seo-wordpress\/ -->\n<title>Balan\u00e7a Computadora Touch 35kg - Ramuza - Loja de Equipamentos<\/title>\n<meta name=\"description\" content=\"Balan\u00e7a Computadora Touch 35kg - Ramuza R$:\" \/>\n<meta name=\"robots\" content=\"index, follow, max-snippet:-1, max-image-preview:large, max-video-preview:-1\" \/>\n<link rel=\"canonical\" href=\"https:\/\/www.lojadeequipamentos.com.br\/loja\/produto\/balanca-computadora-touch-35kg-ramuza\/\" \/>\n<meta property=\"og:locale\" content=\"pt_BR\" \/>\n<meta property=\"og:type\" content=\"article\" \/>\n<meta property=\"og:title\" content=\"Balan\u00e7a Computadora Touch 35kg - Ramuza - Loja de Equipamentos\" \/>\n<meta property=\"og:description\" content=\"Balan\u00e7a Computadora Touch 35kg - Ramuza R$:\" \/>\n<meta property=\"og:url\" content=\"https:\/\/www.lojadeequipamentos.com.br\/loja\/produto\/balanca-computadora-touch-35kg-ramuza\/\" \/>\n<meta property=\"og:site_name\" content=\"Loja de Equipamentos\" \/>\n<meta property=\"article:modified_time\" content=\"2021-09-21T14:25:33+00:00\" \/>\n<meta property=\"og:image\" content=\"https:\/\/www.lojadeequipamentos.com.br\/loja\/wp-content\/uploads\/2021\/08\/balanca-computadora.jpg\" \/>\n\t<meta property=\"og:image:width\" content=\"400\" \/>\n\t<meta property=\"og:image:height\" content=\"400\" \/>\n\t<meta property=\"og:image:type\" content=\"image\/jpeg\" \/>\n<meta name=\"twitter:card\" content=\"summary_large_image\" \/>\n<script type=\"application\/ld+json\" class=\"yoast-schema-graph\">{\"@context\":\"https:\\\/\\\/schema.org\",\"@graph\":[{\"@type\":\"WebPage\",\"@id\":\"https:\\\/\\\/www.lojadeequipamentos.com.br\\\/loja\\\/produto\\\/balanca-computadora-touch-35kg-ramuza\\\/\",\"url\":\"https:\\\/\\\/www.lojadeequipamentos.com.br\\\/loja\\\/produto\\\/balanca-computadora-touch-35kg-ramuza\\\/\",\"name\":\"Balan\u00e7a Computadora Touch 35kg - Ramuza - Loja de Equipamentos\",\"isPartOf\":{\"@id\":\"https:\\\/\\\/www.lojadeequipamentos.com.br\\\/loja\\\/#website\"},\"primaryImageOfPage\":{\"@id\":\"https:\\\/\\\/www.lojadeequipamentos.com.br\\\/loja\\\/produto\\\/balanca-computadora-touch-35kg-ramuza\\\/#primaryimage\"},\"image\":{\"@id\":\"https:\\\/\\\/www.lojadeequipamentos.com.br\\\/loja\\\/produto\\\/balanca-computadora-touch-35kg-ramuza\\\/#primaryimage\"},\"thumbnailUrl\":\"https:\\\/\\\/www.lojadeequipamentos.com.br\\\/loja\\\/wp-content\\\/uploads\\\/2021\\\/08\\\/balanca-computadora.jpg\",\"datePublished\":\"2021-08-12T00:29:33+00:00\",\"dateModified\":\"2021-09-21T14:25:33+00:00\",\"description\":\"Balan\u00e7a Computadora Touch 35kg - Ramuza R$:\",\"breadcrumb\":{\"@id\":\"https:\\\/\\\/www.lojadeequipamentos.com.br\\\/loja\\\/produto\\\/balanca-computadora-touch-35kg-ramuza\\\/#breadcrumb\"},\"inLanguage\":\"pt-BR\",\"potentialAction\":[{\"@type\":\"ReadAction\",\"target\":[\"https:\\\/\\\/www.lojadeequipamentos.com.br\\\/loja\\\/produto\\\/balanca-computadora-touch-35kg-ramuza\\\/\"]}]},{\"@type\":\"ImageObject\",\"inLanguage\":\"pt-BR\",\"@id\":\"https:\\\/\\\/www.lojadeequipamentos.com.br\\\/loja\\\/produto\\\/balanca-computadora-touch-35kg-ramuza\\\/#primaryimage\",\"url\":\"https:\\\/\\\/www.lojadeequipamentos.com.br\\\/loja\\\/wp-content\\\/uploads\\\/2021\\\/08\\\/balanca-computadora.jpg\",\"contentUrl\":\"https:\\\/\\\/www.lojadeequipamentos.com.br\\\/loja\\\/wp-content\\\/uploads\\\/2021\\\/08\\\/balanca-computadora.jpg\",\"width\":400,\"height\":400},{\"@type\":\"BreadcrumbList\",\"@id\":\"https:\\\/\\\/www.lojadeequipamentos.com.br\\\/loja\\\/produto\\\/balanca-computadora-touch-35kg-ramuza\\\/#breadcrumb\",\"itemListElement\":[{\"@type\":\"ListItem\",\"position\":1,\"name\":\"In\u00edcio\",\"item\":\"https:\\\/\\\/www.lojadeequipamentos.com.br\\\/loja\\\/\"},{\"@type\":\"ListItem\",\"position\":2,\"name\":\"Loja Virtual\",\"item\":\"https:\\\/\\\/www.lojadeequipamentos.com.br\\\/loja\\\/shop\\\/\"},{\"@type\":\"ListItem\",\"position\":3,\"name\":\"Balan\u00e7a Computadora Touch 35kg &#8211; Ramuza\"}]},{\"@type\":\"WebSite\",\"@id\":\"https:\\\/\\\/www.lojadeequipamentos.com.br\\\/loja\\\/#website\",\"url\":\"https:\\\/\\\/www.lojadeequipamentos.com.br\\\/loja\\\/\",\"name\":\"Loja de Equipamentos\",\"description\":\"\",\"potentialAction\":[{\"@type\":\"SearchAction\",\"target\":{\"@type\":\"EntryPoint\",\"urlTemplate\":\"https:\\\/\\\/www.lojadeequipamentos.com.br\\\/loja\\\/?s={search_term_string}\"},\"query-input\":{\"@type\":\"PropertyValueSpecification\",\"valueRequired\":true,\"valueName\":\"search_term_string\"}}],\"inLanguage\":\"pt-BR\"}]}<\/script>\n<!-- \/ Yoast SEO plugin. -->","yoast_head_json":{"title":"Balan\u00e7a Computadora Touch 35kg - Ramuza - Loja de Equipamentos","description":"Balan\u00e7a Computadora Touch 35kg - Ramuza R$:","robots":{"index":"index","follow":"follow","max-snippet":"max-snippet:-1","max-image-preview":"max-image-preview:large","max-video-preview":"max-video-preview:-1"},"canonical":"https:\/\/www.lojadeequipamentos.com.br\/loja\/produto\/balanca-computadora-touch-35kg-ramuza\/","og_locale":"pt_BR","og_type":"article","og_title":"Balan\u00e7a Computadora Touch 35kg - Ramuza - Loja de Equipamentos","og_description":"Balan\u00e7a Computadora Touch 35kg - Ramuza R$:","og_url":"https:\/\/www.lojadeequipamentos.com.br\/loja\/produto\/balanca-computadora-touch-35kg-ramuza\/","og_site_name":"Loja de Equipamentos","article_modified_time":"2021-09-21T14:25:33+00:00","og_image":[{"width":400,"height":400,"url":"https:\/\/www.lojadeequipamentos.com.br\/loja\/wp-content\/uploads\/2021\/08\/balanca-computadora.jpg","type":"image\/jpeg"}],"twitter_card":"summary_large_image","schema":{"@context":"https:\/\/schema.org","@graph":[{"@type":"WebPage","@id":"https:\/\/www.lojadeequipamentos.com.br\/loja\/produto\/balanca-computadora-touch-35kg-ramuza\/","url":"https:\/\/www.lojadeequipamentos.com.br\/loja\/produto\/balanca-computadora-touch-35kg-ramuza\/","name":"Balan\u00e7a Computadora Touch 35kg - Ramuza - Loja de Equipamentos","isPartOf":{"@id":"https:\/\/www.lojadeequipamentos.com.br\/loja\/#website"},"primaryImageOfPage":{"@id":"https:\/\/www.lojadeequipamentos.com.br\/loja\/produto\/balanca-computadora-touch-35kg-ramuza\/#primaryimage"},"image":{"@id":"https:\/\/www.lojadeequipamentos.com.br\/loja\/produto\/balanca-computadora-touch-35kg-ramuza\/#primaryimage"},"thumbnailUrl":"https:\/\/www.lojadeequipamentos.com.br\/loja\/wp-content\/uploads\/2021\/08\/balanca-computadora.jpg","datePublished":"2021-08-12T00:29:33+00:00","dateModified":"2021-09-21T14:25:33+00:00","description":"Balan\u00e7a Computadora Touch 35kg - Ramuza R$:","breadcrumb":{"@id":"https:\/\/www.lojadeequipamentos.com.br\/loja\/produto\/balanca-computadora-touch-35kg-ramuza\/#breadcrumb"},"inLanguage":"pt-BR","potentialAction":[{"@type":"ReadAction","target":["https:\/\/www.lojadeequipamentos.com.br\/loja\/produto\/balanca-computadora-touch-35kg-ramuza\/"]}]},{"@type":"ImageObject","inLanguage":"pt-BR","@id":"https:\/\/www.lojadeequipamentos.com.br\/loja\/produto\/balanca-computadora-touch-35kg-ramuza\/#primaryimage","url":"https:\/\/www.lojadeequipamentos.com.br\/loja\/wp-content\/uploads\/2021\/08\/balanca-computadora.jpg","contentUrl":"https:\/\/www.lojadeequipamentos.com.br\/loja\/wp-content\/uploads\/2021\/08\/balanca-computadora.jpg","width":400,"height":400},{"@type":"BreadcrumbList","@id":"https:\/\/www.lojadeequipamentos.com.br\/loja\/produto\/balanca-computadora-touch-35kg-ramuza\/#breadcrumb","itemListElement":[{"@type":"ListItem","position":1,"name":"In\u00edcio","item":"https:\/\/www.lojadeequipamentos.com.br\/loja\/"},{"@type":"ListItem","position":2,"name":"Loja Virtual","item":"https:\/\/www.lojadeequipamentos.com.br\/loja\/shop\/"},{"@type":"ListItem","position":3,"name":"Balan\u00e7a Computadora Touch 35kg &#8211; Ramuza"}]},{"@type":"WebSite","@id":"https:\/\/www.lojadeequipamentos.com.br\/loja\/#website","url":"https:\/\/www.lojadeequipamentos.com.br\/loja\/","name":"Loja de Equipamentos","description":"","potentialAction":[{"@type":"SearchAction","target":{"@type":"EntryPoint","urlTemplate":"https:\/\/www.lojadeequipamentos.com.br\/loja\/?s={search_term_string}"},"query-input":{"@type":"PropertyValueSpecification","valueRequired":true,"valueName":"search_term_string"}}],"inLanguage":"pt-BR"}]}},"_links":{"self":[{"href":"https:\/\/www.lojadeequipamentos.com.br\/loja\/wp-json\/wp\/v2\/product\/6434","targetHints":{"allow":["GET"]}}],"collection":[{"href":"https:\/\/www.lojadeequipamentos.com.br\/loja\/wp-json\/wp\/v2\/product"}],"about":[{"href":"https:\/\/www.lojadeequipamentos.com.br\/loja\/wp-json\/wp\/v2\/types\/product"}],"replies":[{"embeddable":true,"href":"https:\/\/www.lojadeequipamentos.com.br\/loja\/wp-json\/wp\/v2\/comments?post=6434"}],"wp:featuredmedia":[{"embeddable":true,"href":"https:\/\/www.lojadeequipamentos.com.br\/loja\/wp-json\/wp\/v2\/media\/6538"}],"wp:attachment":[{"href":"https:\/\/www.lojadeequipamentos.com.br\/loja\/wp-json\/wp\/v2\/media?parent=6434"}],"wp:term":[{"taxonomy":"product_brand","embeddable":true,"href":"https:\/\/www.lojadeequipamentos.com.br\/loja\/wp-json\/wp\/v2\/product_brand?post=6434"},{"taxonomy":"product_cat","embeddable":true,"href":"https:\/\/www.lojadeequipamentos.com.br\/loja\/wp-json\/wp\/v2\/product_cat?post=6434"},{"taxonomy":"product_tag","embeddable":true,"href":"https:\/\/www.lojadeequipamentos.com.br\/loja\/wp-json\/wp\/v2\/product_tag?post=6434"}],"curies":[{"name":"wp","href":"https:\/\/api.w.org\/{rel}","templated":true}]}}