{"id":6393,"date":"2021-07-29T13:41:23","date_gmt":"2021-07-29T13:41:23","guid":{"rendered":"https:\/\/www.lojadeequipamentos.com.br\/loja\/?post_type=product&#038;p=6393"},"modified":"2021-09-21T14:50:54","modified_gmt":"2021-09-21T14:50:54","slug":"balanca-plataforma-dp-ramuza","status":"publish","type":"product","link":"https:\/\/www.lojadeequipamentos.com.br\/loja\/produto\/balanca-plataforma-dp-ramuza\/","title":{"rendered":"Balan\u00e7a Plataforma DP &#8211; Ramuza"},"content":{"rendered":"<p><strong>Balan\u00e7a Plataforma em Carbono DP 2168 - Ramuza<\/strong><\/p>\n<p>Especifica\u00e7\u00f5es do Produto<br \/>\nTeclado: 4 Teclas de f\u00e1cil digita\u00e7\u00e3o.<br \/>\nTara: Manual.<br \/>\nDisplay de Peso: LED vermelho de alto brilho.<br \/>\nDimens\u00e3o: 150x170x70 mm (Comp.xLarg.xAlt.)<br \/>\nTemperatura de opera\u00e7\u00e3o: De 0\u00baC a 40\u00baC.<br \/>\nTens\u00e3o: 110v\/220v (Bivolt).<br \/>\nFrequ\u00eancia: 50\/60 Hz.<br \/>\nConsumo M\u00e1ximo: 15W.<br \/>\nAlimenta\u00e7\u00e3o: Externa.<br \/>\nCabo de Alimenta\u00e7\u00e3o: 2 metros.<br \/>\nCor: Preta\/Branca.<br \/>\nGarantia: 12 meses.<br \/>\nPesagem - Capacidade (Kg) x Divis\u00e3o (g): 300 Kg x 100 g ou 50 g.<br \/>\nDimens\u00f5es sugeridas de plataforma: 600 x 600 mm ou 500 x 500 mm.<br \/>\nPeso da Balan\u00e7a com Embalagem: 14\/18 Kg.<br \/>\nMaterial da Plataforma: Chapa lisa em a\u00e7o carbono.<br \/>\nProte\u00e7\u00e3o: Sobrecarga de at\u00e9 50% da capacidade da balan\u00e7a<\/p>\n<p><strong>FAVOR ENTRAR EM CONTATO PARA COTA\u00c7\u00c3O DE FRETE<\/strong><\/p>\n<p><a href=\"https:\/\/api.whatsapp.com\/send?phone=5521964144201\"><img loading=\"lazy\" decoding=\"async\" class=\"alignnone size-full wp-image-4307\" src=\"http:\/\/www.lojadeequipamentos.com.br\/loja\/wp-content\/uploads\/2020\/08\/botao_whatsapp.png\" alt=\"botao_whatsapp\" width=\"226\" height=\"82\" \/><\/a><\/p>\n","protected":false},"excerpt":{"rendered":"<strong>Balan\u00e7a Plataforma DP - Ramuza R$:<\/strong>","protected":false},"featured_media":6554,"comment_status":"open","ping_status":"closed","template":"","meta":{"_links_to":"","_links_to_target":""},"product_brand":[],"product_cat":[7194],"product_tag":[7195,7198,7196,7197],"class_list":{"0":"post-6393","1":"product","2":"type-product","3":"status-publish","4":"has-post-thumbnail","6":"product_cat-balanca-plataforma","7":"product_tag-balanca-plataforma","8":"product_tag-balanca-plataforma-bivolt","9":"product_tag-balanca-plataforma-dp-ramuza","10":"product_tag-ramuza-balanca-plataforma","12":"first","13":"instock","14":"shipping-taxable","15":"product-type-simple"},"yoast_head":"<!-- This site is optimized with the Yoast SEO plugin v27.3 - https:\/\/yoast.com\/product\/yoast-seo-wordpress\/ -->\n<title>Balan\u00e7a Plataforma DP - Ramuza - Loja de Equipamentos<\/title>\n<meta name=\"description\" content=\"Balan\u00e7a Plataforma DP - Ramuza R$:\" \/>\n<meta name=\"robots\" content=\"index, follow, max-snippet:-1, max-image-preview:large, max-video-preview:-1\" \/>\n<link rel=\"canonical\" href=\"https:\/\/www.lojadeequipamentos.com.br\/loja\/produto\/balanca-plataforma-dp-ramuza\/\" \/>\n<meta property=\"og:locale\" content=\"pt_BR\" \/>\n<meta property=\"og:type\" content=\"article\" \/>\n<meta property=\"og:title\" content=\"Balan\u00e7a Plataforma DP - Ramuza - Loja de Equipamentos\" \/>\n<meta property=\"og:description\" content=\"Balan\u00e7a Plataforma DP - Ramuza R$:\" \/>\n<meta property=\"og:url\" content=\"https:\/\/www.lojadeequipamentos.com.br\/loja\/produto\/balanca-plataforma-dp-ramuza\/\" \/>\n<meta property=\"og:site_name\" content=\"Loja de Equipamentos\" \/>\n<meta property=\"article:modified_time\" content=\"2021-09-21T14:50:54+00:00\" \/>\n<meta property=\"og:image\" content=\"https:\/\/www.lojadeequipamentos.com.br\/loja\/wp-content\/uploads\/2021\/07\/plataforma-aco-carbono.jpg\" \/>\n\t<meta property=\"og:image:width\" content=\"400\" \/>\n\t<meta property=\"og:image:height\" content=\"400\" \/>\n\t<meta property=\"og:image:type\" content=\"image\/jpeg\" \/>\n<meta name=\"twitter:card\" content=\"summary_large_image\" \/>\n<meta name=\"twitter:label1\" content=\"Est. tempo de leitura\" \/>\n\t<meta name=\"twitter:data1\" content=\"1 minuto\" \/>\n<script type=\"application\/ld+json\" class=\"yoast-schema-graph\">{\"@context\":\"https:\\\/\\\/schema.org\",\"@graph\":[{\"@type\":\"WebPage\",\"@id\":\"https:\\\/\\\/www.lojadeequipamentos.com.br\\\/loja\\\/produto\\\/balanca-plataforma-dp-ramuza\\\/\",\"url\":\"https:\\\/\\\/www.lojadeequipamentos.com.br\\\/loja\\\/produto\\\/balanca-plataforma-dp-ramuza\\\/\",\"name\":\"Balan\u00e7a Plataforma DP - Ramuza - Loja de Equipamentos\",\"isPartOf\":{\"@id\":\"https:\\\/\\\/www.lojadeequipamentos.com.br\\\/loja\\\/#website\"},\"primaryImageOfPage\":{\"@id\":\"https:\\\/\\\/www.lojadeequipamentos.com.br\\\/loja\\\/produto\\\/balanca-plataforma-dp-ramuza\\\/#primaryimage\"},\"image\":{\"@id\":\"https:\\\/\\\/www.lojadeequipamentos.com.br\\\/loja\\\/produto\\\/balanca-plataforma-dp-ramuza\\\/#primaryimage\"},\"thumbnailUrl\":\"https:\\\/\\\/www.lojadeequipamentos.com.br\\\/loja\\\/wp-content\\\/uploads\\\/2021\\\/07\\\/plataforma-aco-carbono.jpg\",\"datePublished\":\"2021-07-29T13:41:23+00:00\",\"dateModified\":\"2021-09-21T14:50:54+00:00\",\"description\":\"Balan\u00e7a Plataforma DP - Ramuza R$:\",\"breadcrumb\":{\"@id\":\"https:\\\/\\\/www.lojadeequipamentos.com.br\\\/loja\\\/produto\\\/balanca-plataforma-dp-ramuza\\\/#breadcrumb\"},\"inLanguage\":\"pt-BR\",\"potentialAction\":[{\"@type\":\"ReadAction\",\"target\":[\"https:\\\/\\\/www.lojadeequipamentos.com.br\\\/loja\\\/produto\\\/balanca-plataforma-dp-ramuza\\\/\"]}]},{\"@type\":\"ImageObject\",\"inLanguage\":\"pt-BR\",\"@id\":\"https:\\\/\\\/www.lojadeequipamentos.com.br\\\/loja\\\/produto\\\/balanca-plataforma-dp-ramuza\\\/#primaryimage\",\"url\":\"https:\\\/\\\/www.lojadeequipamentos.com.br\\\/loja\\\/wp-content\\\/uploads\\\/2021\\\/07\\\/plataforma-aco-carbono.jpg\",\"contentUrl\":\"https:\\\/\\\/www.lojadeequipamentos.com.br\\\/loja\\\/wp-content\\\/uploads\\\/2021\\\/07\\\/plataforma-aco-carbono.jpg\",\"width\":400,\"height\":400},{\"@type\":\"BreadcrumbList\",\"@id\":\"https:\\\/\\\/www.lojadeequipamentos.com.br\\\/loja\\\/produto\\\/balanca-plataforma-dp-ramuza\\\/#breadcrumb\",\"itemListElement\":[{\"@type\":\"ListItem\",\"position\":1,\"name\":\"In\u00edcio\",\"item\":\"https:\\\/\\\/www.lojadeequipamentos.com.br\\\/loja\\\/\"},{\"@type\":\"ListItem\",\"position\":2,\"name\":\"Loja Virtual\",\"item\":\"https:\\\/\\\/www.lojadeequipamentos.com.br\\\/loja\\\/shop\\\/\"},{\"@type\":\"ListItem\",\"position\":3,\"name\":\"Balan\u00e7a Plataforma DP &#8211; Ramuza\"}]},{\"@type\":\"WebSite\",\"@id\":\"https:\\\/\\\/www.lojadeequipamentos.com.br\\\/loja\\\/#website\",\"url\":\"https:\\\/\\\/www.lojadeequipamentos.com.br\\\/loja\\\/\",\"name\":\"Loja de Equipamentos\",\"description\":\"\",\"potentialAction\":[{\"@type\":\"SearchAction\",\"target\":{\"@type\":\"EntryPoint\",\"urlTemplate\":\"https:\\\/\\\/www.lojadeequipamentos.com.br\\\/loja\\\/?s={search_term_string}\"},\"query-input\":{\"@type\":\"PropertyValueSpecification\",\"valueRequired\":true,\"valueName\":\"search_term_string\"}}],\"inLanguage\":\"pt-BR\"}]}<\/script>\n<!-- \/ Yoast SEO plugin. -->","yoast_head_json":{"title":"Balan\u00e7a Plataforma DP - Ramuza - Loja de Equipamentos","description":"Balan\u00e7a Plataforma DP - Ramuza R$:","robots":{"index":"index","follow":"follow","max-snippet":"max-snippet:-1","max-image-preview":"max-image-preview:large","max-video-preview":"max-video-preview:-1"},"canonical":"https:\/\/www.lojadeequipamentos.com.br\/loja\/produto\/balanca-plataforma-dp-ramuza\/","og_locale":"pt_BR","og_type":"article","og_title":"Balan\u00e7a Plataforma DP - Ramuza - Loja de Equipamentos","og_description":"Balan\u00e7a Plataforma DP - Ramuza R$:","og_url":"https:\/\/www.lojadeequipamentos.com.br\/loja\/produto\/balanca-plataforma-dp-ramuza\/","og_site_name":"Loja de Equipamentos","article_modified_time":"2021-09-21T14:50:54+00:00","og_image":[{"width":400,"height":400,"url":"https:\/\/www.lojadeequipamentos.com.br\/loja\/wp-content\/uploads\/2021\/07\/plataforma-aco-carbono.jpg","type":"image\/jpeg"}],"twitter_card":"summary_large_image","twitter_misc":{"Est. tempo de leitura":"1 minuto"},"schema":{"@context":"https:\/\/schema.org","@graph":[{"@type":"WebPage","@id":"https:\/\/www.lojadeequipamentos.com.br\/loja\/produto\/balanca-plataforma-dp-ramuza\/","url":"https:\/\/www.lojadeequipamentos.com.br\/loja\/produto\/balanca-plataforma-dp-ramuza\/","name":"Balan\u00e7a Plataforma DP - Ramuza - Loja de Equipamentos","isPartOf":{"@id":"https:\/\/www.lojadeequipamentos.com.br\/loja\/#website"},"primaryImageOfPage":{"@id":"https:\/\/www.lojadeequipamentos.com.br\/loja\/produto\/balanca-plataforma-dp-ramuza\/#primaryimage"},"image":{"@id":"https:\/\/www.lojadeequipamentos.com.br\/loja\/produto\/balanca-plataforma-dp-ramuza\/#primaryimage"},"thumbnailUrl":"https:\/\/www.lojadeequipamentos.com.br\/loja\/wp-content\/uploads\/2021\/07\/plataforma-aco-carbono.jpg","datePublished":"2021-07-29T13:41:23+00:00","dateModified":"2021-09-21T14:50:54+00:00","description":"Balan\u00e7a Plataforma DP - Ramuza R$:","breadcrumb":{"@id":"https:\/\/www.lojadeequipamentos.com.br\/loja\/produto\/balanca-plataforma-dp-ramuza\/#breadcrumb"},"inLanguage":"pt-BR","potentialAction":[{"@type":"ReadAction","target":["https:\/\/www.lojadeequipamentos.com.br\/loja\/produto\/balanca-plataforma-dp-ramuza\/"]}]},{"@type":"ImageObject","inLanguage":"pt-BR","@id":"https:\/\/www.lojadeequipamentos.com.br\/loja\/produto\/balanca-plataforma-dp-ramuza\/#primaryimage","url":"https:\/\/www.lojadeequipamentos.com.br\/loja\/wp-content\/uploads\/2021\/07\/plataforma-aco-carbono.jpg","contentUrl":"https:\/\/www.lojadeequipamentos.com.br\/loja\/wp-content\/uploads\/2021\/07\/plataforma-aco-carbono.jpg","width":400,"height":400},{"@type":"BreadcrumbList","@id":"https:\/\/www.lojadeequipamentos.com.br\/loja\/produto\/balanca-plataforma-dp-ramuza\/#breadcrumb","itemListElement":[{"@type":"ListItem","position":1,"name":"In\u00edcio","item":"https:\/\/www.lojadeequipamentos.com.br\/loja\/"},{"@type":"ListItem","position":2,"name":"Loja Virtual","item":"https:\/\/www.lojadeequipamentos.com.br\/loja\/shop\/"},{"@type":"ListItem","position":3,"name":"Balan\u00e7a Plataforma DP &#8211; Ramuza"}]},{"@type":"WebSite","@id":"https:\/\/www.lojadeequipamentos.com.br\/loja\/#website","url":"https:\/\/www.lojadeequipamentos.com.br\/loja\/","name":"Loja de Equipamentos","description":"","potentialAction":[{"@type":"SearchAction","target":{"@type":"EntryPoint","urlTemplate":"https:\/\/www.lojadeequipamentos.com.br\/loja\/?s={search_term_string}"},"query-input":{"@type":"PropertyValueSpecification","valueRequired":true,"valueName":"search_term_string"}}],"inLanguage":"pt-BR"}]}},"_links":{"self":[{"href":"https:\/\/www.lojadeequipamentos.com.br\/loja\/wp-json\/wp\/v2\/product\/6393","targetHints":{"allow":["GET"]}}],"collection":[{"href":"https:\/\/www.lojadeequipamentos.com.br\/loja\/wp-json\/wp\/v2\/product"}],"about":[{"href":"https:\/\/www.lojadeequipamentos.com.br\/loja\/wp-json\/wp\/v2\/types\/product"}],"replies":[{"embeddable":true,"href":"https:\/\/www.lojadeequipamentos.com.br\/loja\/wp-json\/wp\/v2\/comments?post=6393"}],"wp:featuredmedia":[{"embeddable":true,"href":"https:\/\/www.lojadeequipamentos.com.br\/loja\/wp-json\/wp\/v2\/media\/6554"}],"wp:attachment":[{"href":"https:\/\/www.lojadeequipamentos.com.br\/loja\/wp-json\/wp\/v2\/media?parent=6393"}],"wp:term":[{"taxonomy":"product_brand","embeddable":true,"href":"https:\/\/www.lojadeequipamentos.com.br\/loja\/wp-json\/wp\/v2\/product_brand?post=6393"},{"taxonomy":"product_cat","embeddable":true,"href":"https:\/\/www.lojadeequipamentos.com.br\/loja\/wp-json\/wp\/v2\/product_cat?post=6393"},{"taxonomy":"product_tag","embeddable":true,"href":"https:\/\/www.lojadeequipamentos.com.br\/loja\/wp-json\/wp\/v2\/product_tag?post=6393"}],"curies":[{"name":"wp","href":"https:\/\/api.w.org\/{rel}","templated":true}]}}