{"id":6386,"date":"2021-07-22T18:11:10","date_gmt":"2021-07-22T18:11:10","guid":{"rendered":"https:\/\/www.lojadeequipamentos.com.br\/loja\/?post_type=product&#038;p=6386"},"modified":"2021-07-22T18:11:10","modified_gmt":"2021-07-22T18:11:10","slug":"balanca-checkin-checkout-dp-ramuza-2","status":"publish","type":"product","link":"https:\/\/www.lojadeequipamentos.com.br\/loja\/produto\/balanca-checkin-checkout-dp-ramuza-2\/","title":{"rendered":"Balan\u00e7a Checkin\/Checkout DP &#8211; Ramuza"},"content":{"rendered":"<p><strong>Balan\u00e7a Checkin\/Checkout DP 2285 - Ramuza<\/strong><\/p>\n<p>Linha: DP<br \/>\nModelo: Padeiro<br \/>\nCor: Grafite<br \/>\nMaterial da balan\u00e7a: A\u00e7o carbono<br \/>\nMaterial da bandeja: Inox<br \/>\nMaterial do indicador: ABS<br \/>\nCapacidade de pesagem: 150 Kg \/ 50 g<br \/>\nSimples escala: Sim<br \/>\nAlimenta\u00e7\u00e3o: Bivolt autom\u00e1tico<br \/>\nPot\u00eancia: 15W<br \/>\nTeclado: 4 Teclas<br \/>\nTamanho da plataforma: 40 x 28 cm<\/p>\n<p><strong>FAVOR ENTRAR EM CONTATO PARA COTA\u00c7\u00c3O DE FRETE<\/strong><\/p>\n<p><a href=\"https:\/\/api.whatsapp.com\/send?phone=5521964144201\"><img loading=\"lazy\" decoding=\"async\" class=\"alignnone size-full wp-image-4307\" src=\"http:\/\/www.lojadeequipamentos.com.br\/loja\/wp-content\/uploads\/2020\/08\/botao_whatsapp.png\" alt=\"botao_whatsapp\" width=\"226\" height=\"82\" \/><\/a><\/p>\n","protected":false},"excerpt":{"rendered":"<strong>Balan\u00e7a Checkin\/Checkout DP - Ramuza<\/strong>","protected":false},"featured_media":6388,"comment_status":"open","ping_status":"closed","template":"","meta":{"_links_to":"","_links_to_target":""},"product_brand":[],"product_cat":[7177],"product_tag":[7184,7180,7181,7182,7178,7179],"class_list":{"0":"post-6386","1":"product","2":"type-product","3":"status-publish","4":"has-post-thumbnail","6":"product_cat-balanca-padeiro","7":"product_tag-balanca-150-kg","8":"product_tag-balanca-checkin","9":"product_tag-balanca-checkin-checkout","10":"product_tag-balanca-padeiro","11":"product_tag-balanca-ramuza","12":"product_tag-ramuza-balanca","14":"first","15":"instock","16":"shipping-taxable","17":"product-type-simple"},"yoast_head":"<!-- This site is optimized with the Yoast SEO plugin v27.3 - https:\/\/yoast.com\/product\/yoast-seo-wordpress\/ -->\n<title>Balan\u00e7a Checkin\/Checkout DP - Ramuza - Loja de Equipamentos<\/title>\n<meta name=\"description\" content=\"Balan\u00e7a Checkin\/Checkout DP - Ramuza R$:\" \/>\n<meta name=\"robots\" content=\"index, follow, max-snippet:-1, max-image-preview:large, max-video-preview:-1\" \/>\n<link rel=\"canonical\" href=\"https:\/\/www.lojadeequipamentos.com.br\/loja\/produto\/balanca-checkin-checkout-dp-ramuza-2\/\" \/>\n<meta property=\"og:locale\" content=\"pt_BR\" \/>\n<meta property=\"og:type\" content=\"article\" \/>\n<meta property=\"og:title\" content=\"Balan\u00e7a Checkin\/Checkout DP - Ramuza - Loja de Equipamentos\" \/>\n<meta property=\"og:description\" content=\"Balan\u00e7a Checkin\/Checkout DP - Ramuza R$:\" \/>\n<meta property=\"og:url\" content=\"https:\/\/www.lojadeequipamentos.com.br\/loja\/produto\/balanca-checkin-checkout-dp-ramuza-2\/\" \/>\n<meta property=\"og:site_name\" content=\"Loja de Equipamentos\" \/>\n<meta property=\"og:image\" content=\"https:\/\/www.lojadeequipamentos.com.br\/loja\/wp-content\/uploads\/2021\/07\/balanca-alta.png\" \/>\n\t<meta property=\"og:image:width\" content=\"320\" \/>\n\t<meta property=\"og:image:height\" content=\"347\" \/>\n\t<meta property=\"og:image:type\" content=\"image\/png\" \/>\n<meta name=\"twitter:card\" content=\"summary_large_image\" \/>\n<meta name=\"twitter:label1\" content=\"Est. tempo de leitura\" \/>\n\t<meta name=\"twitter:data1\" content=\"1 minuto\" \/>\n<script type=\"application\/ld+json\" class=\"yoast-schema-graph\">{\"@context\":\"https:\\\/\\\/schema.org\",\"@graph\":[{\"@type\":\"WebPage\",\"@id\":\"https:\\\/\\\/www.lojadeequipamentos.com.br\\\/loja\\\/produto\\\/balanca-checkin-checkout-dp-ramuza-2\\\/\",\"url\":\"https:\\\/\\\/www.lojadeequipamentos.com.br\\\/loja\\\/produto\\\/balanca-checkin-checkout-dp-ramuza-2\\\/\",\"name\":\"Balan\u00e7a Checkin\\\/Checkout DP - Ramuza - Loja de Equipamentos\",\"isPartOf\":{\"@id\":\"https:\\\/\\\/www.lojadeequipamentos.com.br\\\/loja\\\/#website\"},\"primaryImageOfPage\":{\"@id\":\"https:\\\/\\\/www.lojadeequipamentos.com.br\\\/loja\\\/produto\\\/balanca-checkin-checkout-dp-ramuza-2\\\/#primaryimage\"},\"image\":{\"@id\":\"https:\\\/\\\/www.lojadeequipamentos.com.br\\\/loja\\\/produto\\\/balanca-checkin-checkout-dp-ramuza-2\\\/#primaryimage\"},\"thumbnailUrl\":\"https:\\\/\\\/www.lojadeequipamentos.com.br\\\/loja\\\/wp-content\\\/uploads\\\/2021\\\/07\\\/balanca-alta.png\",\"datePublished\":\"2021-07-22T18:11:10+00:00\",\"description\":\"Balan\u00e7a Checkin\\\/Checkout DP - Ramuza R$:\",\"breadcrumb\":{\"@id\":\"https:\\\/\\\/www.lojadeequipamentos.com.br\\\/loja\\\/produto\\\/balanca-checkin-checkout-dp-ramuza-2\\\/#breadcrumb\"},\"inLanguage\":\"pt-BR\",\"potentialAction\":[{\"@type\":\"ReadAction\",\"target\":[\"https:\\\/\\\/www.lojadeequipamentos.com.br\\\/loja\\\/produto\\\/balanca-checkin-checkout-dp-ramuza-2\\\/\"]}]},{\"@type\":\"ImageObject\",\"inLanguage\":\"pt-BR\",\"@id\":\"https:\\\/\\\/www.lojadeequipamentos.com.br\\\/loja\\\/produto\\\/balanca-checkin-checkout-dp-ramuza-2\\\/#primaryimage\",\"url\":\"https:\\\/\\\/www.lojadeequipamentos.com.br\\\/loja\\\/wp-content\\\/uploads\\\/2021\\\/07\\\/balanca-alta.png\",\"contentUrl\":\"https:\\\/\\\/www.lojadeequipamentos.com.br\\\/loja\\\/wp-content\\\/uploads\\\/2021\\\/07\\\/balanca-alta.png\",\"width\":320,\"height\":347},{\"@type\":\"BreadcrumbList\",\"@id\":\"https:\\\/\\\/www.lojadeequipamentos.com.br\\\/loja\\\/produto\\\/balanca-checkin-checkout-dp-ramuza-2\\\/#breadcrumb\",\"itemListElement\":[{\"@type\":\"ListItem\",\"position\":1,\"name\":\"In\u00edcio\",\"item\":\"https:\\\/\\\/www.lojadeequipamentos.com.br\\\/loja\\\/\"},{\"@type\":\"ListItem\",\"position\":2,\"name\":\"Loja Virtual\",\"item\":\"https:\\\/\\\/www.lojadeequipamentos.com.br\\\/loja\\\/shop\\\/\"},{\"@type\":\"ListItem\",\"position\":3,\"name\":\"Balan\u00e7a Checkin\\\/Checkout DP &#8211; Ramuza\"}]},{\"@type\":\"WebSite\",\"@id\":\"https:\\\/\\\/www.lojadeequipamentos.com.br\\\/loja\\\/#website\",\"url\":\"https:\\\/\\\/www.lojadeequipamentos.com.br\\\/loja\\\/\",\"name\":\"Loja de Equipamentos\",\"description\":\"\",\"potentialAction\":[{\"@type\":\"SearchAction\",\"target\":{\"@type\":\"EntryPoint\",\"urlTemplate\":\"https:\\\/\\\/www.lojadeequipamentos.com.br\\\/loja\\\/?s={search_term_string}\"},\"query-input\":{\"@type\":\"PropertyValueSpecification\",\"valueRequired\":true,\"valueName\":\"search_term_string\"}}],\"inLanguage\":\"pt-BR\"}]}<\/script>\n<!-- \/ Yoast SEO plugin. -->","yoast_head_json":{"title":"Balan\u00e7a Checkin\/Checkout DP - Ramuza - Loja de Equipamentos","description":"Balan\u00e7a Checkin\/Checkout DP - Ramuza R$:","robots":{"index":"index","follow":"follow","max-snippet":"max-snippet:-1","max-image-preview":"max-image-preview:large","max-video-preview":"max-video-preview:-1"},"canonical":"https:\/\/www.lojadeequipamentos.com.br\/loja\/produto\/balanca-checkin-checkout-dp-ramuza-2\/","og_locale":"pt_BR","og_type":"article","og_title":"Balan\u00e7a Checkin\/Checkout DP - Ramuza - Loja de Equipamentos","og_description":"Balan\u00e7a Checkin\/Checkout DP - Ramuza R$:","og_url":"https:\/\/www.lojadeequipamentos.com.br\/loja\/produto\/balanca-checkin-checkout-dp-ramuza-2\/","og_site_name":"Loja de Equipamentos","og_image":[{"width":320,"height":347,"url":"https:\/\/www.lojadeequipamentos.com.br\/loja\/wp-content\/uploads\/2021\/07\/balanca-alta.png","type":"image\/png"}],"twitter_card":"summary_large_image","twitter_misc":{"Est. tempo de leitura":"1 minuto"},"schema":{"@context":"https:\/\/schema.org","@graph":[{"@type":"WebPage","@id":"https:\/\/www.lojadeequipamentos.com.br\/loja\/produto\/balanca-checkin-checkout-dp-ramuza-2\/","url":"https:\/\/www.lojadeequipamentos.com.br\/loja\/produto\/balanca-checkin-checkout-dp-ramuza-2\/","name":"Balan\u00e7a Checkin\/Checkout DP - Ramuza - Loja de Equipamentos","isPartOf":{"@id":"https:\/\/www.lojadeequipamentos.com.br\/loja\/#website"},"primaryImageOfPage":{"@id":"https:\/\/www.lojadeequipamentos.com.br\/loja\/produto\/balanca-checkin-checkout-dp-ramuza-2\/#primaryimage"},"image":{"@id":"https:\/\/www.lojadeequipamentos.com.br\/loja\/produto\/balanca-checkin-checkout-dp-ramuza-2\/#primaryimage"},"thumbnailUrl":"https:\/\/www.lojadeequipamentos.com.br\/loja\/wp-content\/uploads\/2021\/07\/balanca-alta.png","datePublished":"2021-07-22T18:11:10+00:00","description":"Balan\u00e7a Checkin\/Checkout DP - Ramuza R$:","breadcrumb":{"@id":"https:\/\/www.lojadeequipamentos.com.br\/loja\/produto\/balanca-checkin-checkout-dp-ramuza-2\/#breadcrumb"},"inLanguage":"pt-BR","potentialAction":[{"@type":"ReadAction","target":["https:\/\/www.lojadeequipamentos.com.br\/loja\/produto\/balanca-checkin-checkout-dp-ramuza-2\/"]}]},{"@type":"ImageObject","inLanguage":"pt-BR","@id":"https:\/\/www.lojadeequipamentos.com.br\/loja\/produto\/balanca-checkin-checkout-dp-ramuza-2\/#primaryimage","url":"https:\/\/www.lojadeequipamentos.com.br\/loja\/wp-content\/uploads\/2021\/07\/balanca-alta.png","contentUrl":"https:\/\/www.lojadeequipamentos.com.br\/loja\/wp-content\/uploads\/2021\/07\/balanca-alta.png","width":320,"height":347},{"@type":"BreadcrumbList","@id":"https:\/\/www.lojadeequipamentos.com.br\/loja\/produto\/balanca-checkin-checkout-dp-ramuza-2\/#breadcrumb","itemListElement":[{"@type":"ListItem","position":1,"name":"In\u00edcio","item":"https:\/\/www.lojadeequipamentos.com.br\/loja\/"},{"@type":"ListItem","position":2,"name":"Loja Virtual","item":"https:\/\/www.lojadeequipamentos.com.br\/loja\/shop\/"},{"@type":"ListItem","position":3,"name":"Balan\u00e7a Checkin\/Checkout DP &#8211; Ramuza"}]},{"@type":"WebSite","@id":"https:\/\/www.lojadeequipamentos.com.br\/loja\/#website","url":"https:\/\/www.lojadeequipamentos.com.br\/loja\/","name":"Loja de Equipamentos","description":"","potentialAction":[{"@type":"SearchAction","target":{"@type":"EntryPoint","urlTemplate":"https:\/\/www.lojadeequipamentos.com.br\/loja\/?s={search_term_string}"},"query-input":{"@type":"PropertyValueSpecification","valueRequired":true,"valueName":"search_term_string"}}],"inLanguage":"pt-BR"}]}},"_links":{"self":[{"href":"https:\/\/www.lojadeequipamentos.com.br\/loja\/wp-json\/wp\/v2\/product\/6386","targetHints":{"allow":["GET"]}}],"collection":[{"href":"https:\/\/www.lojadeequipamentos.com.br\/loja\/wp-json\/wp\/v2\/product"}],"about":[{"href":"https:\/\/www.lojadeequipamentos.com.br\/loja\/wp-json\/wp\/v2\/types\/product"}],"replies":[{"embeddable":true,"href":"https:\/\/www.lojadeequipamentos.com.br\/loja\/wp-json\/wp\/v2\/comments?post=6386"}],"wp:featuredmedia":[{"embeddable":true,"href":"https:\/\/www.lojadeequipamentos.com.br\/loja\/wp-json\/wp\/v2\/media\/6388"}],"wp:attachment":[{"href":"https:\/\/www.lojadeequipamentos.com.br\/loja\/wp-json\/wp\/v2\/media?parent=6386"}],"wp:term":[{"taxonomy":"product_brand","embeddable":true,"href":"https:\/\/www.lojadeequipamentos.com.br\/loja\/wp-json\/wp\/v2\/product_brand?post=6386"},{"taxonomy":"product_cat","embeddable":true,"href":"https:\/\/www.lojadeequipamentos.com.br\/loja\/wp-json\/wp\/v2\/product_cat?post=6386"},{"taxonomy":"product_tag","embeddable":true,"href":"https:\/\/www.lojadeequipamentos.com.br\/loja\/wp-json\/wp\/v2\/product_tag?post=6386"}],"curies":[{"name":"wp","href":"https:\/\/api.w.org\/{rel}","templated":true}]}}