{"id":6191,"date":"2021-06-30T16:45:42","date_gmt":"2021-06-30T16:45:42","guid":{"rendered":"https:\/\/www.lojadeequipamentos.com.br\/loja\/?post_type=product&#038;p=6191"},"modified":"2024-03-13T22:21:08","modified_gmt":"2024-03-13T22:21:08","slug":"forno-discovery-4-turbo-eletrico-de-conveccao-skymsen-2","status":"publish","type":"product","link":"https:\/\/www.lojadeequipamentos.com.br\/loja\/produto\/forno-discovery-4-turbo-eletrico-de-conveccao-skymsen-2\/","title":{"rendered":"Forno DISCOVERY 4  Turbo El\u00e9trico de Convec\u00e7\u00e3o &#8211; Skymsen"},"content":{"rendered":"<p><strong>Forno DISCOVERY 4 Turbo El\u00e9trico de Convec\u00e7\u00e3o para 4 Assadeiras 40 x 60 cm - Skymsen<\/strong><\/p>\n<p>O processo homog\u00eaneo na produ\u00e7\u00e3o \u00e9 uma garantia do sistema de fontes de calor que \u00e9 distribu\u00eddo atrav\u00e9s de uma turbina. No Forno Turbo El\u00e9trico Para 4 Assadeiras Discovery 4 da Skymsen voc\u00ea conta tamb\u00e9m com um painel que mostra a temperatura exata e d\u00e1 acesso aos modos de uso com vapor autom\u00e1tico e turbo. Esse modelo tem capacidade para at\u00e9 4 assadeiras, que podem produzir at\u00e9 100 p\u00e3es por fornada. <\/p>\n<p>CARACTER\u00cdSTICAS T\u00c9CNICAS<br \/>\nModelo: Discovery 4<br \/>\nTens\u00e3o El\u00e9trica \/ Frequ\u00eancia \/ Fases: 380v \/ 60 Hz \/ 3<br \/>\nPot\u00eancia Nominal: 7000 w<br \/>\nPot\u00eancia do Motor: 0.5 cv<br \/>\nConsumo: 1.44 kwh<br \/>\nDimens\u00f5es: [AxLxP]: 750 x 1030 x 980 mm<br \/>\nDim. da Embalagem [AxLxP]: 990 x 1390 x 1390 mm<br \/>\nPeso Liquido \/ Bruto: 110 kg \/ 150 kg<br \/>\nTemperatura: 230 \u00b0c<br \/>\nP\u00e3es por Ciclo[50g]: 100<br \/>\nAltura entre Assadeiras: 90mm<br \/>\nClassifica\u00e7\u00e3o Fiscal [NCM]: 85141900<br \/>\nEAN-13: 7895707590571 (380v)<\/p>\n<p><strong>FAVOR ENTRAR EM CONTATO PARA COTA\u00c7\u00c3O DE FRETE<\/strong><\/p>\n<p><a href=\"https:\/\/api.whatsapp.com\/send?phone=5521964144201\"><img loading=\"lazy\" decoding=\"async\" class=\"alignnone size-full wp-image-4307\" src=\"http:\/\/www.lojadeequipamentos.com.br\/loja\/wp-content\/uploads\/2020\/08\/botao_whatsapp.png\" alt=\"botao_whatsapp\" width=\"226\" height=\"82\" \/><\/a><\/p>\n","protected":false},"excerpt":{"rendered":"<strong>Forno DISCOVERY 4 Turbo El\u00e9trico de Convec\u00e7\u00e3o para 4 Assadeiras 40 x 60 cm - Skymsen<\/strong>","protected":false},"featured_media":7910,"comment_status":"open","ping_status":"closed","template":"","meta":{"_links_to":"","_links_to_target":""},"product_brand":[],"product_cat":[7079],"product_tag":[9468,9469,9470,9467,9481,9482,9476,9477,9484,9483,9480,9478,7128,9479,9471,9474,9472,9475,9473],"class_list":{"0":"post-6191","1":"product","2":"type-product","3":"status-publish","4":"has-post-thumbnail","6":"product_cat-fornos-skymsen","7":"product_tag-discovery-4","8":"product_tag-discovery-4-forno","9":"product_tag-discovery-4-skymsen","10":"product_tag-ean-13-7895707590571","11":"product_tag-forno-conveccao-discovery4","12":"product_tag-forno-conveccao-skymsen-discovery-4","13":"product_tag-forno-eletrico-discovery-4","14":"product_tag-forno-eletrico-skymsen-discovery-4","15":"product_tag-forno-para-pao-discovery-4","16":"product_tag-forno-para-pao-skymsen","17":"product_tag-forno-skymsen-discovery-4","18":"product_tag-forno-turbo-discovery-4","19":"product_tag-forno-turbo-eletrico-de-conveccao-skymsen","20":"product_tag-forno-turbo-skymsen-discovery-4","21":"product_tag-skymsen-discovery-4","22":"product_tag-skymsen-forno-conveccao-discovery-4","23":"product_tag-skymsen-forno-discovery-4","24":"product_tag-skymsen-forno-eletrico-discovery-4","25":"product_tag-skymsen-forno-turbo-discovery-4","27":"first","28":"instock","29":"shipping-taxable","30":"purchasable","31":"product-type-simple"},"yoast_head":"<!-- This site is optimized with the Yoast SEO plugin v27.3 - https:\/\/yoast.com\/product\/yoast-seo-wordpress\/ -->\n<title>Forno DISCOVERY 4 Turbo El\u00e9trico de Convec\u00e7\u00e3o - Skymsen - Loja de Equipamentos<\/title>\n<meta name=\"description\" content=\"Forno DISCOVERY 4 Turbo El\u00e9trico de Convec\u00e7\u00e3o para 4 Assadeiras 40 x 60 cm - Skymsen R$ 18.504,00\" \/>\n<meta name=\"robots\" content=\"index, follow, max-snippet:-1, max-image-preview:large, max-video-preview:-1\" \/>\n<link rel=\"canonical\" href=\"https:\/\/www.lojadeequipamentos.com.br\/loja\/produto\/forno-discovery-4-turbo-eletrico-de-conveccao-skymsen-2\/\" \/>\n<meta property=\"og:locale\" content=\"pt_BR\" \/>\n<meta property=\"og:type\" content=\"article\" \/>\n<meta property=\"og:title\" content=\"Forno DISCOVERY 4 Turbo El\u00e9trico de Convec\u00e7\u00e3o - Skymsen - Loja de Equipamentos\" \/>\n<meta property=\"og:description\" content=\"Forno DISCOVERY 4 Turbo El\u00e9trico de Convec\u00e7\u00e3o para 4 Assadeiras 40 x 60 cm - Skymsen R$ 18.504,00\" \/>\n<meta property=\"og:url\" content=\"https:\/\/www.lojadeequipamentos.com.br\/loja\/produto\/forno-discovery-4-turbo-eletrico-de-conveccao-skymsen-2\/\" \/>\n<meta property=\"og:site_name\" content=\"Loja de Equipamentos\" \/>\n<meta property=\"article:modified_time\" content=\"2024-03-13T22:21:08+00:00\" \/>\n<meta property=\"og:image\" content=\"https:\/\/www.lojadeequipamentos.com.br\/loja\/wp-content\/uploads\/2021\/06\/Forno-Discovery-4-Skymsen.jpg\" \/>\n\t<meta property=\"og:image:width\" content=\"315\" \/>\n\t<meta property=\"og:image:height\" content=\"315\" \/>\n\t<meta property=\"og:image:type\" content=\"image\/jpeg\" \/>\n<meta name=\"twitter:card\" content=\"summary_large_image\" \/>\n<meta name=\"twitter:label1\" content=\"Est. tempo de leitura\" \/>\n\t<meta name=\"twitter:data1\" content=\"2 minutos\" \/>\n<script type=\"application\/ld+json\" class=\"yoast-schema-graph\">{\"@context\":\"https:\\\/\\\/schema.org\",\"@graph\":[{\"@type\":\"WebPage\",\"@id\":\"https:\\\/\\\/www.lojadeequipamentos.com.br\\\/loja\\\/produto\\\/forno-discovery-4-turbo-eletrico-de-conveccao-skymsen-2\\\/\",\"url\":\"https:\\\/\\\/www.lojadeequipamentos.com.br\\\/loja\\\/produto\\\/forno-discovery-4-turbo-eletrico-de-conveccao-skymsen-2\\\/\",\"name\":\"Forno DISCOVERY 4 Turbo El\u00e9trico de Convec\u00e7\u00e3o - Skymsen - Loja de Equipamentos\",\"isPartOf\":{\"@id\":\"https:\\\/\\\/www.lojadeequipamentos.com.br\\\/loja\\\/#website\"},\"primaryImageOfPage\":{\"@id\":\"https:\\\/\\\/www.lojadeequipamentos.com.br\\\/loja\\\/produto\\\/forno-discovery-4-turbo-eletrico-de-conveccao-skymsen-2\\\/#primaryimage\"},\"image\":{\"@id\":\"https:\\\/\\\/www.lojadeequipamentos.com.br\\\/loja\\\/produto\\\/forno-discovery-4-turbo-eletrico-de-conveccao-skymsen-2\\\/#primaryimage\"},\"thumbnailUrl\":\"https:\\\/\\\/www.lojadeequipamentos.com.br\\\/loja\\\/wp-content\\\/uploads\\\/2021\\\/06\\\/Forno-Discovery-4-Skymsen.jpg\",\"datePublished\":\"2021-06-30T16:45:42+00:00\",\"dateModified\":\"2024-03-13T22:21:08+00:00\",\"description\":\"Forno DISCOVERY 4 Turbo El\u00e9trico de Convec\u00e7\u00e3o para 4 Assadeiras 40 x 60 cm - Skymsen R$ 18.504,00\",\"breadcrumb\":{\"@id\":\"https:\\\/\\\/www.lojadeequipamentos.com.br\\\/loja\\\/produto\\\/forno-discovery-4-turbo-eletrico-de-conveccao-skymsen-2\\\/#breadcrumb\"},\"inLanguage\":\"pt-BR\",\"potentialAction\":[{\"@type\":\"ReadAction\",\"target\":[\"https:\\\/\\\/www.lojadeequipamentos.com.br\\\/loja\\\/produto\\\/forno-discovery-4-turbo-eletrico-de-conveccao-skymsen-2\\\/\"]}]},{\"@type\":\"ImageObject\",\"inLanguage\":\"pt-BR\",\"@id\":\"https:\\\/\\\/www.lojadeequipamentos.com.br\\\/loja\\\/produto\\\/forno-discovery-4-turbo-eletrico-de-conveccao-skymsen-2\\\/#primaryimage\",\"url\":\"https:\\\/\\\/www.lojadeequipamentos.com.br\\\/loja\\\/wp-content\\\/uploads\\\/2021\\\/06\\\/Forno-Discovery-4-Skymsen.jpg\",\"contentUrl\":\"https:\\\/\\\/www.lojadeequipamentos.com.br\\\/loja\\\/wp-content\\\/uploads\\\/2021\\\/06\\\/Forno-Discovery-4-Skymsen.jpg\",\"width\":315,\"height\":315},{\"@type\":\"BreadcrumbList\",\"@id\":\"https:\\\/\\\/www.lojadeequipamentos.com.br\\\/loja\\\/produto\\\/forno-discovery-4-turbo-eletrico-de-conveccao-skymsen-2\\\/#breadcrumb\",\"itemListElement\":[{\"@type\":\"ListItem\",\"position\":1,\"name\":\"In\u00edcio\",\"item\":\"https:\\\/\\\/www.lojadeequipamentos.com.br\\\/loja\\\/\"},{\"@type\":\"ListItem\",\"position\":2,\"name\":\"Loja Virtual\",\"item\":\"https:\\\/\\\/www.lojadeequipamentos.com.br\\\/loja\\\/shop\\\/\"},{\"@type\":\"ListItem\",\"position\":3,\"name\":\"Forno DISCOVERY 4 Turbo El\u00e9trico de Convec\u00e7\u00e3o &#8211; Skymsen\"}]},{\"@type\":\"WebSite\",\"@id\":\"https:\\\/\\\/www.lojadeequipamentos.com.br\\\/loja\\\/#website\",\"url\":\"https:\\\/\\\/www.lojadeequipamentos.com.br\\\/loja\\\/\",\"name\":\"Loja de Equipamentos\",\"description\":\"\",\"potentialAction\":[{\"@type\":\"SearchAction\",\"target\":{\"@type\":\"EntryPoint\",\"urlTemplate\":\"https:\\\/\\\/www.lojadeequipamentos.com.br\\\/loja\\\/?s={search_term_string}\"},\"query-input\":{\"@type\":\"PropertyValueSpecification\",\"valueRequired\":true,\"valueName\":\"search_term_string\"}}],\"inLanguage\":\"pt-BR\"}]}<\/script>\n<!-- \/ Yoast SEO plugin. -->","yoast_head_json":{"title":"Forno DISCOVERY 4 Turbo El\u00e9trico de Convec\u00e7\u00e3o - Skymsen - Loja de Equipamentos","description":"Forno DISCOVERY 4 Turbo El\u00e9trico de Convec\u00e7\u00e3o para 4 Assadeiras 40 x 60 cm - Skymsen R$ 18.504,00","robots":{"index":"index","follow":"follow","max-snippet":"max-snippet:-1","max-image-preview":"max-image-preview:large","max-video-preview":"max-video-preview:-1"},"canonical":"https:\/\/www.lojadeequipamentos.com.br\/loja\/produto\/forno-discovery-4-turbo-eletrico-de-conveccao-skymsen-2\/","og_locale":"pt_BR","og_type":"article","og_title":"Forno DISCOVERY 4 Turbo El\u00e9trico de Convec\u00e7\u00e3o - Skymsen - Loja de Equipamentos","og_description":"Forno DISCOVERY 4 Turbo El\u00e9trico de Convec\u00e7\u00e3o para 4 Assadeiras 40 x 60 cm - Skymsen R$ 18.504,00","og_url":"https:\/\/www.lojadeequipamentos.com.br\/loja\/produto\/forno-discovery-4-turbo-eletrico-de-conveccao-skymsen-2\/","og_site_name":"Loja de Equipamentos","article_modified_time":"2024-03-13T22:21:08+00:00","og_image":[{"width":315,"height":315,"url":"https:\/\/www.lojadeequipamentos.com.br\/loja\/wp-content\/uploads\/2021\/06\/Forno-Discovery-4-Skymsen.jpg","type":"image\/jpeg"}],"twitter_card":"summary_large_image","twitter_misc":{"Est. tempo de leitura":"2 minutos"},"schema":{"@context":"https:\/\/schema.org","@graph":[{"@type":"WebPage","@id":"https:\/\/www.lojadeequipamentos.com.br\/loja\/produto\/forno-discovery-4-turbo-eletrico-de-conveccao-skymsen-2\/","url":"https:\/\/www.lojadeequipamentos.com.br\/loja\/produto\/forno-discovery-4-turbo-eletrico-de-conveccao-skymsen-2\/","name":"Forno DISCOVERY 4 Turbo El\u00e9trico de Convec\u00e7\u00e3o - Skymsen - Loja de Equipamentos","isPartOf":{"@id":"https:\/\/www.lojadeequipamentos.com.br\/loja\/#website"},"primaryImageOfPage":{"@id":"https:\/\/www.lojadeequipamentos.com.br\/loja\/produto\/forno-discovery-4-turbo-eletrico-de-conveccao-skymsen-2\/#primaryimage"},"image":{"@id":"https:\/\/www.lojadeequipamentos.com.br\/loja\/produto\/forno-discovery-4-turbo-eletrico-de-conveccao-skymsen-2\/#primaryimage"},"thumbnailUrl":"https:\/\/www.lojadeequipamentos.com.br\/loja\/wp-content\/uploads\/2021\/06\/Forno-Discovery-4-Skymsen.jpg","datePublished":"2021-06-30T16:45:42+00:00","dateModified":"2024-03-13T22:21:08+00:00","description":"Forno DISCOVERY 4 Turbo El\u00e9trico de Convec\u00e7\u00e3o para 4 Assadeiras 40 x 60 cm - Skymsen R$ 18.504,00","breadcrumb":{"@id":"https:\/\/www.lojadeequipamentos.com.br\/loja\/produto\/forno-discovery-4-turbo-eletrico-de-conveccao-skymsen-2\/#breadcrumb"},"inLanguage":"pt-BR","potentialAction":[{"@type":"ReadAction","target":["https:\/\/www.lojadeequipamentos.com.br\/loja\/produto\/forno-discovery-4-turbo-eletrico-de-conveccao-skymsen-2\/"]}]},{"@type":"ImageObject","inLanguage":"pt-BR","@id":"https:\/\/www.lojadeequipamentos.com.br\/loja\/produto\/forno-discovery-4-turbo-eletrico-de-conveccao-skymsen-2\/#primaryimage","url":"https:\/\/www.lojadeequipamentos.com.br\/loja\/wp-content\/uploads\/2021\/06\/Forno-Discovery-4-Skymsen.jpg","contentUrl":"https:\/\/www.lojadeequipamentos.com.br\/loja\/wp-content\/uploads\/2021\/06\/Forno-Discovery-4-Skymsen.jpg","width":315,"height":315},{"@type":"BreadcrumbList","@id":"https:\/\/www.lojadeequipamentos.com.br\/loja\/produto\/forno-discovery-4-turbo-eletrico-de-conveccao-skymsen-2\/#breadcrumb","itemListElement":[{"@type":"ListItem","position":1,"name":"In\u00edcio","item":"https:\/\/www.lojadeequipamentos.com.br\/loja\/"},{"@type":"ListItem","position":2,"name":"Loja Virtual","item":"https:\/\/www.lojadeequipamentos.com.br\/loja\/shop\/"},{"@type":"ListItem","position":3,"name":"Forno DISCOVERY 4 Turbo El\u00e9trico de Convec\u00e7\u00e3o &#8211; Skymsen"}]},{"@type":"WebSite","@id":"https:\/\/www.lojadeequipamentos.com.br\/loja\/#website","url":"https:\/\/www.lojadeequipamentos.com.br\/loja\/","name":"Loja de Equipamentos","description":"","potentialAction":[{"@type":"SearchAction","target":{"@type":"EntryPoint","urlTemplate":"https:\/\/www.lojadeequipamentos.com.br\/loja\/?s={search_term_string}"},"query-input":{"@type":"PropertyValueSpecification","valueRequired":true,"valueName":"search_term_string"}}],"inLanguage":"pt-BR"}]}},"_links":{"self":[{"href":"https:\/\/www.lojadeequipamentos.com.br\/loja\/wp-json\/wp\/v2\/product\/6191","targetHints":{"allow":["GET"]}}],"collection":[{"href":"https:\/\/www.lojadeequipamentos.com.br\/loja\/wp-json\/wp\/v2\/product"}],"about":[{"href":"https:\/\/www.lojadeequipamentos.com.br\/loja\/wp-json\/wp\/v2\/types\/product"}],"replies":[{"embeddable":true,"href":"https:\/\/www.lojadeequipamentos.com.br\/loja\/wp-json\/wp\/v2\/comments?post=6191"}],"wp:featuredmedia":[{"embeddable":true,"href":"https:\/\/www.lojadeequipamentos.com.br\/loja\/wp-json\/wp\/v2\/media\/7910"}],"wp:attachment":[{"href":"https:\/\/www.lojadeequipamentos.com.br\/loja\/wp-json\/wp\/v2\/media?parent=6191"}],"wp:term":[{"taxonomy":"product_brand","embeddable":true,"href":"https:\/\/www.lojadeequipamentos.com.br\/loja\/wp-json\/wp\/v2\/product_brand?post=6191"},{"taxonomy":"product_cat","embeddable":true,"href":"https:\/\/www.lojadeequipamentos.com.br\/loja\/wp-json\/wp\/v2\/product_cat?post=6191"},{"taxonomy":"product_tag","embeddable":true,"href":"https:\/\/www.lojadeequipamentos.com.br\/loja\/wp-json\/wp\/v2\/product_tag?post=6191"}],"curies":[{"name":"wp","href":"https:\/\/api.w.org\/{rel}","templated":true}]}}