{"id":6163,"date":"2021-06-28T21:09:44","date_gmt":"2021-06-28T21:09:44","guid":{"rendered":"https:\/\/www.lojadeequipamentos.com.br\/loja\/?post_type=product&#038;p=6163"},"modified":"2023-09-29T14:26:26","modified_gmt":"2023-09-29T14:26:26","slug":"ralador-de-queijo-e-coco-rqc-skymsen","status":"publish","type":"product","link":"https:\/\/www.lojadeequipamentos.com.br\/loja\/produto\/ralador-de-queijo-e-coco-rqc-skymsen\/","title":{"rendered":"Ralador de Queijo e Coco RQC &#8211; Skymsen"},"content":{"rendered":"<p><strong>Ralador de Queijo e Coco RQC - Skymsen<\/strong><\/p>\n<p>RALADOR DE QUEIJO E COCO, COM 3 DISCOS<br \/>\nO ralador de queijo e coco Skymsen, foi desenvolvido para facilitar e acelerar os processos na cozinha, pois rala e desfia em segundos uma grande variedade de alimentos como queijos, embutidos, legumes (aipim, cenoura, beterraba e rabanete), coco e chocolate, Ideal para pizzarias, pastelarias, confeitarias, padarias, rotisseiras, lanchonetes, restaurantes e hot\u00e9is, que utilizam desses cortes no seu dia a dia.<br \/>\nSua estrutura robusta, produzida em alum\u00ednio fundido, possui bocal largo, em formato de meia lua, que facilita a alimenta\u00e7\u00e3o e a limpeza, tornando o processo r\u00e1pido. Com empurrador ergon\u00f4mico acoplado ao ralador, auxilia que o alimento seja ralado at\u00e9 o final, aproveitando o m\u00e1ximo do produto.<br \/>\nCom um exclusivo sistema de acionamento direto e motor com 1\/2 CV de pot\u00eancia, produz mais em menos tempo. Seu sistema de seguran\u00e7a, permite alimentar o ralador, sem necessidade de ficar desligando e ligando o produto, j\u00e1 que o mesmo \u00e9 feito automaticamente quando empurrador \u00e9 levantado, deixando a opera\u00e7\u00e3o muito mais pr\u00e1tica e sem esfor\u00e7o.<br \/>\nOs discos de corte, produzidos em a\u00e7o inox, foram desenvolvidos para entregar cortes mais bonitos e com maior rendimento dos alimentos. Os discos s\u00e3o de f\u00e1cil troca, sem necessidade de utiliza\u00e7\u00e3o de ferramentas.<br \/>\nO ralador el\u00e9trico de queijo e coco acompanha 3 discos:<br \/>\n- 1 ralador fino - ideal para queijos duros como parmes\u00e3o e chocolate resfriado;<br \/>\n- 1 desfiador fino (4 mm) - ideal para legumes;<br \/>\n- 1 desfiador grosso (8 mm) - ideal para queijo, chocolate resfriado e coco.<br \/>\nSua variedade de cortes, permite uma infinidade de receitas, desde queijo e embutidos para pizzas e lanches, legumes pra saladas e yakisoba at\u00e9 coco para deliciosas cocadas e sobremesas. Tudo com rapidez e praticidade.<\/p>\n<p>CARACTER\u00cdSTICAS T\u00c9CNICAS<br \/>\nModelo: RQC<br \/>\nTens\u00e3o El\u00e9trica \/ Frequ\u00eancia \/ Fases: 127v - 220v \/ 60 Hz \/ 1<br \/>\nPot\u00eancia Nominal: 368 w<br \/>\nPot\u00eancia do Motor: 0.5 cv<br \/>\nConsumo: 0.37 kWh<br \/>\nDimens\u00f5es: [AxLxP]: 420 x 200 x 570 mm<br \/>\nDim. da Embalagem [AxLxP]: 470 x 290 x 600 mm<br \/>\nPeso Liquido \/ Bruto: 15.50 kg \/ 17 kg<br \/>\nProdu\u00e7\u00e3o Aproximada: 85 kg\/h<br \/>\nRota\u00e7\u00e3o: 1750 rpm<br \/>\nDi\u00e2metro do Disco: 138 mm<br \/>\nClassifica\u00e7\u00e3o Fiscal [NCM]: 84386000<br \/>\nEAN-13: 7895707673779 (127v)<br \/>\nEAN-13: 7895707662278 (220v)<\/p>\n<p><strong>FAVOR ENTRAR EM CONTATO PARA COTA\u00c7\u00c3O DE FRETE<\/strong><\/p>\n<p><a href=\"https:\/\/api.whatsapp.com\/send?phone=5521964144201\"><img loading=\"lazy\" decoding=\"async\" class=\"alignnone size-full wp-image-4307\" src=\"http:\/\/www.lojadeequipamentos.com.br\/loja\/wp-content\/uploads\/2020\/08\/botao_whatsapp.png\" alt=\"botao_whatsapp\" width=\"226\" height=\"82\" \/><\/a><\/p>\n","protected":false},"excerpt":{"rendered":"<strong>Ralador de Queijo e Coco RQC - Skymsen<\/strong>","protected":false},"featured_media":7833,"comment_status":"open","ping_status":"closed","template":"","meta":{"_links_to":"","_links_to_target":""},"product_brand":[],"product_cat":[6597],"product_tag":[9091,9090,9101,9099,9100,9098,7571,9096,9102,9095,9097,9103,7043,7047,7046,7048,7044,7049,9092,9094,9093,7045,7050],"class_list":{"0":"post-6163","1":"product","2":"type-product","3":"status-publish","4":"has-post-thumbnail","6":"product_cat-descascador-e-ralador","7":"product_tag-ean-13-7895707662278","8":"product_tag-ean-13-7895707673779","9":"product_tag-ralador-coco-rqc","10":"product_tag-ralador-coco-skymsen","11":"product_tag-ralador-de-coco-rqc","12":"product_tag-ralador-de-coco-skymsen","13":"product_tag-ralador-de-queijo","14":"product_tag-ralador-de-queijo-rqc","15":"product_tag-ralador-de-queijo-skymsen","16":"product_tag-ralador-queijo","17":"product_tag-ralador-queijo-rqc","18":"product_tag-ralador-queijo-skymsen","19":"product_tag-ralador-rqc","20":"product_tag-ralador-rqc-0-37-kwh","21":"product_tag-ralador-rqc-368w","22":"product_tag-ralador-rqc-disco-138mm","23":"product_tag-ralador-rqc-skymsen","24":"product_tag-ralador-rqc-skymsen-1750-rpm","25":"product_tag-rqc","26":"product_tag-rqc-ralador","27":"product_tag-rqc-skymsen","28":"product_tag-skymsen-ralador-rqc","29":"product_tag-skymsen-ralador-rqc-85-kh-h","31":"first","32":"instock","33":"shipping-taxable","34":"purchasable","35":"product-type-simple"},"yoast_head":"<!-- This site is optimized with the Yoast SEO plugin v27.3 - https:\/\/yoast.com\/product\/yoast-seo-wordpress\/ -->\n<title>Ralador de Queijo e Coco RQC - Skymsen - Loja de Equipamentos<\/title>\n<meta name=\"description\" content=\"Ralador de Queijo e Coco RQC - Skymsen R$ 2.165,40\" \/>\n<meta name=\"robots\" content=\"index, follow, max-snippet:-1, max-image-preview:large, max-video-preview:-1\" \/>\n<link rel=\"canonical\" href=\"https:\/\/www.lojadeequipamentos.com.br\/loja\/produto\/ralador-de-queijo-e-coco-rqc-skymsen\/\" \/>\n<meta property=\"og:locale\" content=\"pt_BR\" \/>\n<meta property=\"og:type\" content=\"article\" \/>\n<meta property=\"og:title\" content=\"Ralador de Queijo e Coco RQC - Skymsen - Loja de Equipamentos\" \/>\n<meta property=\"og:description\" content=\"Ralador de Queijo e Coco RQC - Skymsen R$ 2.165,40\" \/>\n<meta property=\"og:url\" content=\"https:\/\/www.lojadeequipamentos.com.br\/loja\/produto\/ralador-de-queijo-e-coco-rqc-skymsen\/\" \/>\n<meta property=\"og:site_name\" content=\"Loja de Equipamentos\" \/>\n<meta property=\"article:modified_time\" content=\"2023-09-29T14:26:26+00:00\" \/>\n<meta property=\"og:image\" content=\"https:\/\/www.lojadeequipamentos.com.br\/loja\/wp-content\/uploads\/2021\/06\/Ralador-RQC-Skymsen.jpeg\" \/>\n\t<meta property=\"og:image:width\" content=\"350\" \/>\n\t<meta property=\"og:image:height\" content=\"350\" \/>\n\t<meta property=\"og:image:type\" content=\"image\/jpeg\" \/>\n<meta name=\"twitter:card\" content=\"summary_large_image\" \/>\n<meta name=\"twitter:label1\" content=\"Est. tempo de leitura\" \/>\n\t<meta name=\"twitter:data1\" content=\"1 minuto\" \/>\n<script type=\"application\/ld+json\" class=\"yoast-schema-graph\">{\"@context\":\"https:\\\/\\\/schema.org\",\"@graph\":[{\"@type\":\"WebPage\",\"@id\":\"https:\\\/\\\/www.lojadeequipamentos.com.br\\\/loja\\\/produto\\\/ralador-de-queijo-e-coco-rqc-skymsen\\\/\",\"url\":\"https:\\\/\\\/www.lojadeequipamentos.com.br\\\/loja\\\/produto\\\/ralador-de-queijo-e-coco-rqc-skymsen\\\/\",\"name\":\"Ralador de Queijo e Coco RQC - Skymsen - Loja de Equipamentos\",\"isPartOf\":{\"@id\":\"https:\\\/\\\/www.lojadeequipamentos.com.br\\\/loja\\\/#website\"},\"primaryImageOfPage\":{\"@id\":\"https:\\\/\\\/www.lojadeequipamentos.com.br\\\/loja\\\/produto\\\/ralador-de-queijo-e-coco-rqc-skymsen\\\/#primaryimage\"},\"image\":{\"@id\":\"https:\\\/\\\/www.lojadeequipamentos.com.br\\\/loja\\\/produto\\\/ralador-de-queijo-e-coco-rqc-skymsen\\\/#primaryimage\"},\"thumbnailUrl\":\"https:\\\/\\\/www.lojadeequipamentos.com.br\\\/loja\\\/wp-content\\\/uploads\\\/2021\\\/06\\\/Ralador-RQC-Skymsen.jpeg\",\"datePublished\":\"2021-06-28T21:09:44+00:00\",\"dateModified\":\"2023-09-29T14:26:26+00:00\",\"description\":\"Ralador de Queijo e Coco RQC - Skymsen R$ 2.165,40\",\"breadcrumb\":{\"@id\":\"https:\\\/\\\/www.lojadeequipamentos.com.br\\\/loja\\\/produto\\\/ralador-de-queijo-e-coco-rqc-skymsen\\\/#breadcrumb\"},\"inLanguage\":\"pt-BR\",\"potentialAction\":[{\"@type\":\"ReadAction\",\"target\":[\"https:\\\/\\\/www.lojadeequipamentos.com.br\\\/loja\\\/produto\\\/ralador-de-queijo-e-coco-rqc-skymsen\\\/\"]}]},{\"@type\":\"ImageObject\",\"inLanguage\":\"pt-BR\",\"@id\":\"https:\\\/\\\/www.lojadeequipamentos.com.br\\\/loja\\\/produto\\\/ralador-de-queijo-e-coco-rqc-skymsen\\\/#primaryimage\",\"url\":\"https:\\\/\\\/www.lojadeequipamentos.com.br\\\/loja\\\/wp-content\\\/uploads\\\/2021\\\/06\\\/Ralador-RQC-Skymsen.jpeg\",\"contentUrl\":\"https:\\\/\\\/www.lojadeequipamentos.com.br\\\/loja\\\/wp-content\\\/uploads\\\/2021\\\/06\\\/Ralador-RQC-Skymsen.jpeg\",\"width\":350,\"height\":350},{\"@type\":\"BreadcrumbList\",\"@id\":\"https:\\\/\\\/www.lojadeequipamentos.com.br\\\/loja\\\/produto\\\/ralador-de-queijo-e-coco-rqc-skymsen\\\/#breadcrumb\",\"itemListElement\":[{\"@type\":\"ListItem\",\"position\":1,\"name\":\"In\u00edcio\",\"item\":\"https:\\\/\\\/www.lojadeequipamentos.com.br\\\/loja\\\/\"},{\"@type\":\"ListItem\",\"position\":2,\"name\":\"Loja Virtual\",\"item\":\"https:\\\/\\\/www.lojadeequipamentos.com.br\\\/loja\\\/shop\\\/\"},{\"@type\":\"ListItem\",\"position\":3,\"name\":\"Ralador de Queijo e Coco RQC &#8211; Skymsen\"}]},{\"@type\":\"WebSite\",\"@id\":\"https:\\\/\\\/www.lojadeequipamentos.com.br\\\/loja\\\/#website\",\"url\":\"https:\\\/\\\/www.lojadeequipamentos.com.br\\\/loja\\\/\",\"name\":\"Loja de Equipamentos\",\"description\":\"\",\"potentialAction\":[{\"@type\":\"SearchAction\",\"target\":{\"@type\":\"EntryPoint\",\"urlTemplate\":\"https:\\\/\\\/www.lojadeequipamentos.com.br\\\/loja\\\/?s={search_term_string}\"},\"query-input\":{\"@type\":\"PropertyValueSpecification\",\"valueRequired\":true,\"valueName\":\"search_term_string\"}}],\"inLanguage\":\"pt-BR\"}]}<\/script>\n<!-- \/ Yoast SEO plugin. -->","yoast_head_json":{"title":"Ralador de Queijo e Coco RQC - Skymsen - Loja de Equipamentos","description":"Ralador de Queijo e Coco RQC - Skymsen R$ 2.165,40","robots":{"index":"index","follow":"follow","max-snippet":"max-snippet:-1","max-image-preview":"max-image-preview:large","max-video-preview":"max-video-preview:-1"},"canonical":"https:\/\/www.lojadeequipamentos.com.br\/loja\/produto\/ralador-de-queijo-e-coco-rqc-skymsen\/","og_locale":"pt_BR","og_type":"article","og_title":"Ralador de Queijo e Coco RQC - Skymsen - Loja de Equipamentos","og_description":"Ralador de Queijo e Coco RQC - Skymsen R$ 2.165,40","og_url":"https:\/\/www.lojadeequipamentos.com.br\/loja\/produto\/ralador-de-queijo-e-coco-rqc-skymsen\/","og_site_name":"Loja de Equipamentos","article_modified_time":"2023-09-29T14:26:26+00:00","og_image":[{"width":350,"height":350,"url":"https:\/\/www.lojadeequipamentos.com.br\/loja\/wp-content\/uploads\/2021\/06\/Ralador-RQC-Skymsen.jpeg","type":"image\/jpeg"}],"twitter_card":"summary_large_image","twitter_misc":{"Est. tempo de leitura":"1 minuto"},"schema":{"@context":"https:\/\/schema.org","@graph":[{"@type":"WebPage","@id":"https:\/\/www.lojadeequipamentos.com.br\/loja\/produto\/ralador-de-queijo-e-coco-rqc-skymsen\/","url":"https:\/\/www.lojadeequipamentos.com.br\/loja\/produto\/ralador-de-queijo-e-coco-rqc-skymsen\/","name":"Ralador de Queijo e Coco RQC - Skymsen - Loja de Equipamentos","isPartOf":{"@id":"https:\/\/www.lojadeequipamentos.com.br\/loja\/#website"},"primaryImageOfPage":{"@id":"https:\/\/www.lojadeequipamentos.com.br\/loja\/produto\/ralador-de-queijo-e-coco-rqc-skymsen\/#primaryimage"},"image":{"@id":"https:\/\/www.lojadeequipamentos.com.br\/loja\/produto\/ralador-de-queijo-e-coco-rqc-skymsen\/#primaryimage"},"thumbnailUrl":"https:\/\/www.lojadeequipamentos.com.br\/loja\/wp-content\/uploads\/2021\/06\/Ralador-RQC-Skymsen.jpeg","datePublished":"2021-06-28T21:09:44+00:00","dateModified":"2023-09-29T14:26:26+00:00","description":"Ralador de Queijo e Coco RQC - Skymsen R$ 2.165,40","breadcrumb":{"@id":"https:\/\/www.lojadeequipamentos.com.br\/loja\/produto\/ralador-de-queijo-e-coco-rqc-skymsen\/#breadcrumb"},"inLanguage":"pt-BR","potentialAction":[{"@type":"ReadAction","target":["https:\/\/www.lojadeequipamentos.com.br\/loja\/produto\/ralador-de-queijo-e-coco-rqc-skymsen\/"]}]},{"@type":"ImageObject","inLanguage":"pt-BR","@id":"https:\/\/www.lojadeequipamentos.com.br\/loja\/produto\/ralador-de-queijo-e-coco-rqc-skymsen\/#primaryimage","url":"https:\/\/www.lojadeequipamentos.com.br\/loja\/wp-content\/uploads\/2021\/06\/Ralador-RQC-Skymsen.jpeg","contentUrl":"https:\/\/www.lojadeequipamentos.com.br\/loja\/wp-content\/uploads\/2021\/06\/Ralador-RQC-Skymsen.jpeg","width":350,"height":350},{"@type":"BreadcrumbList","@id":"https:\/\/www.lojadeequipamentos.com.br\/loja\/produto\/ralador-de-queijo-e-coco-rqc-skymsen\/#breadcrumb","itemListElement":[{"@type":"ListItem","position":1,"name":"In\u00edcio","item":"https:\/\/www.lojadeequipamentos.com.br\/loja\/"},{"@type":"ListItem","position":2,"name":"Loja Virtual","item":"https:\/\/www.lojadeequipamentos.com.br\/loja\/shop\/"},{"@type":"ListItem","position":3,"name":"Ralador de Queijo e Coco RQC &#8211; Skymsen"}]},{"@type":"WebSite","@id":"https:\/\/www.lojadeequipamentos.com.br\/loja\/#website","url":"https:\/\/www.lojadeequipamentos.com.br\/loja\/","name":"Loja de Equipamentos","description":"","potentialAction":[{"@type":"SearchAction","target":{"@type":"EntryPoint","urlTemplate":"https:\/\/www.lojadeequipamentos.com.br\/loja\/?s={search_term_string}"},"query-input":{"@type":"PropertyValueSpecification","valueRequired":true,"valueName":"search_term_string"}}],"inLanguage":"pt-BR"}]}},"_links":{"self":[{"href":"https:\/\/www.lojadeequipamentos.com.br\/loja\/wp-json\/wp\/v2\/product\/6163","targetHints":{"allow":["GET"]}}],"collection":[{"href":"https:\/\/www.lojadeequipamentos.com.br\/loja\/wp-json\/wp\/v2\/product"}],"about":[{"href":"https:\/\/www.lojadeequipamentos.com.br\/loja\/wp-json\/wp\/v2\/types\/product"}],"replies":[{"embeddable":true,"href":"https:\/\/www.lojadeequipamentos.com.br\/loja\/wp-json\/wp\/v2\/comments?post=6163"}],"wp:featuredmedia":[{"embeddable":true,"href":"https:\/\/www.lojadeequipamentos.com.br\/loja\/wp-json\/wp\/v2\/media\/7833"}],"wp:attachment":[{"href":"https:\/\/www.lojadeequipamentos.com.br\/loja\/wp-json\/wp\/v2\/media?parent=6163"}],"wp:term":[{"taxonomy":"product_brand","embeddable":true,"href":"https:\/\/www.lojadeequipamentos.com.br\/loja\/wp-json\/wp\/v2\/product_brand?post=6163"},{"taxonomy":"product_cat","embeddable":true,"href":"https:\/\/www.lojadeequipamentos.com.br\/loja\/wp-json\/wp\/v2\/product_cat?post=6163"},{"taxonomy":"product_tag","embeddable":true,"href":"https:\/\/www.lojadeequipamentos.com.br\/loja\/wp-json\/wp\/v2\/product_tag?post=6163"}],"curies":[{"name":"wp","href":"https:\/\/api.w.org\/{rel}","templated":true}]}}