{"id":6155,"date":"2021-06-28T14:37:03","date_gmt":"2021-06-28T14:37:03","guid":{"rendered":"https:\/\/www.lojadeequipamentos.com.br\/loja\/?post_type=product&#038;p=6155"},"modified":"2023-09-30T22:12:07","modified_gmt":"2023-09-30T22:12:07","slug":"processador-de-alimentos-pa7-pro-c-7-discos-skymsen","status":"publish","type":"product","link":"https:\/\/www.lojadeequipamentos.com.br\/loja\/produto\/processador-de-alimentos-pa7-pro-c-7-discos-skymsen\/","title":{"rendered":"Processador de Alimentos PA7 PRO c\/ 7 Discos &#8211; Skymsen"},"content":{"rendered":"<p><strong>Processador de Alimentos PA7 PRO c\/7 Discos de Di\u00e2metro 203mm - Skymsen<\/strong><\/p>\n<p>Produzido com materiais de qualidade, o processador de alimentos PA7 PRO apresenta diferenciais que se destacam dentre os outros equipamentos do mesmo segmento. O motor de 0,5 CV de pot\u00eancia atende \u00e0s altas demandas com precis\u00e3o e praticidade.<br \/>\n<strong>A principal caracter\u00edstica do PA7 PRO \u00e9 a capacidade de realizar cortes combinados, o que o seu antecessor PA-7 n\u00e3o era capaz de fazer.<\/strong> Com isso \u00e9 poss\u00edvel realizar o corte cubo, que \u00e9 feito com a combina\u00e7\u00e3o de um disco fatiador e uma grande cubo, em diversas dimens\u00f5es, sendo os principais: o cubo de vinagrete (5x8 mm), os cubos de 8, 10 e de 14 mm e o cubo de frutas (14x20 mm), todos vendidos separadamente.<br \/>\nOutro grande diferencial do processador de alimentos PA7 PRO \u00e9 o bocal extralargo para acomodar grandes quantidades de alimentos e o empurrador, um acess\u00f3rio essencial quando se trata de empurrar alimentos com o formato cil\u00edndrico.<br \/>\nA opera\u00e7\u00e3o do processador de alimentos PA7 PRO \u00e9 bastante simples e sem esfor\u00e7o mec\u00e2nico do operador. O equipamento conta ainda com um sistema de seguran\u00e7a que s\u00f3 permite o acionamento do produto quando a tampa e o bra\u00e7o est\u00e3o fechados.<br \/>\nEm rela\u00e7\u00e3o aos cortes, o processador de alimentos PA7 PRO vai acompanhado de 7 discos que proporcionam diversos tipos de cortes de legumes, verduras e alimentos, como: corte palito (julienne), raladores de 3, 5 e 8 mm, fatiadores de 1 e 3 mm e um ralador fino, ideal para chocolate e coco ralado.<\/p>\n<p>Confira a linha de discos completa com 20 op\u00e7\u00f5es de cortes, dentre fatiar, ralar, cortar palitos (julienne) e cubos de diversos tamanhos e espessuras.<\/p>\n<p>CARACTER\u00cdSTICAS T\u00c9CNICAS<br \/>\nC\u00f3digo: 70260.9<br \/>\nModelo: PA7 PRO c\/ Discos<br \/>\nTens\u00e3o El\u00e9trica \/ Frequ\u00eancia \/ Fases: 127\/220v \/ 60 Hz \/ 1<br \/>\nPot\u00eancia Nominal: 600w<br \/>\nPot\u00eancia do Motor: 0.5 cv<br \/>\nConsumo: 0.6 kWh<br \/>\nDimens\u00f5es: [AxLxP]: 580 x 290 x 520 mm<br \/>\nDim. da Embalagem [AxLxP]: 640 x 400 x 620 mm<br \/>\nPeso Liquido \/ Bruto: 27.80 kg \/ 32 kg<br \/>\nProdu\u00e7\u00e3o Aproximada: 250 kg\/h<br \/>\nRota\u00e7\u00e3o: 380 rpm<br \/>\nDi\u00e2metro do Disco: 203 mm<br \/>\nClassifica\u00e7\u00e3o Fiscal [NCM]: 84386000<br \/>\nEAN-13: 7895707702608<\/p>\n<p><strong>FAVOR ENTRAR EM CONTATO PARA COTA\u00c7\u00c3O DE FRETE<\/strong><\/p>\n<p><a href=\"https:\/\/api.whatsapp.com\/send?phone=5521964144201\"><img loading=\"lazy\" decoding=\"async\" class=\"alignnone size-full wp-image-4307\" src=\"http:\/\/www.lojadeequipamentos.com.br\/loja\/wp-content\/uploads\/2020\/08\/botao_whatsapp.png\" alt=\"botao_whatsapp\" width=\"226\" height=\"82\" \/><\/a><\/p>\n","protected":false},"excerpt":{"rendered":"<strong>Processador de Alimentos PA7 PRO c\/7 Discos de Di\u00e2metro 203mm - Skymsen<\/strong>","protected":false},"featured_media":7891,"comment_status":"open","ping_status":"closed","template":"","meta":{"_links_to":"","_links_to_target":""},"product_brand":[],"product_cat":[6720],"product_tag":[9425,9408,9409,9411,9410,9417,9414,7027,9413,9416,9412,9423,9422,9415,9421,9424,9419,9420,9418],"class_list":{"0":"post-6155","1":"product","2":"type-product","3":"status-publish","4":"has-post-thumbnail","6":"product_cat-processador-cutters","7":"product_tag-codigo-70260-9","8":"product_tag-ean-13-7895707702608","9":"product_tag-pa7-pro","10":"product_tag-pa7-pro-processador","11":"product_tag-pa7-pro-skymsen","12":"product_tag-processador-alimento-skymsen-pa7-pro","13":"product_tag-processador-alimentos-pa7-pro","14":"product_tag-processador-de-alimentos","15":"product_tag-processador-de-alimentos-pa7-pro","16":"product_tag-processador-de-alimentos-skymsen-pa7-pro","17":"product_tag-processador-pa7-pro","18":"product_tag-processador-pa7-pro-com-7-discos","19":"product_tag-processador-pa7-pro-skymsen","20":"product_tag-processador-skymsen-pa7-pro","21":"product_tag-skymsen-pa7-pro","22":"product_tag-skymsen-pa7-pro-com-7-discos","23":"product_tag-skymsen-processador-alimento-pa7-pro","24":"product_tag-skymsen-processador-de-alimentos-pa7-pro","25":"product_tag-skymsen-processador-pa7-pro","27":"first","28":"instock","29":"shipping-taxable","30":"purchasable","31":"product-type-simple"},"yoast_head":"<!-- This site is optimized with the Yoast SEO plugin v27.3 - https:\/\/yoast.com\/product\/yoast-seo-wordpress\/ -->\n<title>Processador de Alimentos PA7 PRO c\/ 7 Discos - Skymsen - Loja de Equipamentos<\/title>\n<meta name=\"description\" content=\"Processador de Alimentos PA7 PRO c\/ 7 Discos de Di\u00e2metro 203mm - Skymsen R$ 4.318,20\" \/>\n<meta name=\"robots\" content=\"index, follow, max-snippet:-1, max-image-preview:large, max-video-preview:-1\" \/>\n<link rel=\"canonical\" href=\"https:\/\/www.lojadeequipamentos.com.br\/loja\/produto\/processador-de-alimentos-pa7-pro-c-7-discos-skymsen\/\" \/>\n<meta property=\"og:locale\" content=\"pt_BR\" \/>\n<meta property=\"og:type\" content=\"article\" \/>\n<meta property=\"og:title\" content=\"Processador de Alimentos PA7 PRO c\/ 7 Discos - Skymsen - Loja de Equipamentos\" \/>\n<meta property=\"og:description\" content=\"Processador de Alimentos PA7 PRO c\/ 7 Discos de Di\u00e2metro 203mm - Skymsen R$ 4.318,20\" \/>\n<meta property=\"og:url\" content=\"https:\/\/www.lojadeequipamentos.com.br\/loja\/produto\/processador-de-alimentos-pa7-pro-c-7-discos-skymsen\/\" \/>\n<meta property=\"og:site_name\" content=\"Loja de Equipamentos\" \/>\n<meta property=\"article:modified_time\" content=\"2023-09-30T22:12:07+00:00\" \/>\n<meta property=\"og:image\" content=\"https:\/\/www.lojadeequipamentos.com.br\/loja\/wp-content\/uploads\/2021\/06\/Processador-PA7-PRO-Skymsen.jpeg\" \/>\n\t<meta property=\"og:image:width\" content=\"350\" \/>\n\t<meta property=\"og:image:height\" content=\"350\" \/>\n\t<meta property=\"og:image:type\" content=\"image\/jpeg\" \/>\n<meta name=\"twitter:card\" content=\"summary_large_image\" \/>\n<meta name=\"twitter:label1\" content=\"Est. tempo de leitura\" \/>\n\t<meta name=\"twitter:data1\" content=\"3 minutos\" \/>\n<script type=\"application\/ld+json\" class=\"yoast-schema-graph\">{\"@context\":\"https:\\\/\\\/schema.org\",\"@graph\":[{\"@type\":\"WebPage\",\"@id\":\"https:\\\/\\\/www.lojadeequipamentos.com.br\\\/loja\\\/produto\\\/processador-de-alimentos-pa7-pro-c-7-discos-skymsen\\\/\",\"url\":\"https:\\\/\\\/www.lojadeequipamentos.com.br\\\/loja\\\/produto\\\/processador-de-alimentos-pa7-pro-c-7-discos-skymsen\\\/\",\"name\":\"Processador de Alimentos PA7 PRO c\\\/ 7 Discos - Skymsen - Loja de Equipamentos\",\"isPartOf\":{\"@id\":\"https:\\\/\\\/www.lojadeequipamentos.com.br\\\/loja\\\/#website\"},\"primaryImageOfPage\":{\"@id\":\"https:\\\/\\\/www.lojadeequipamentos.com.br\\\/loja\\\/produto\\\/processador-de-alimentos-pa7-pro-c-7-discos-skymsen\\\/#primaryimage\"},\"image\":{\"@id\":\"https:\\\/\\\/www.lojadeequipamentos.com.br\\\/loja\\\/produto\\\/processador-de-alimentos-pa7-pro-c-7-discos-skymsen\\\/#primaryimage\"},\"thumbnailUrl\":\"https:\\\/\\\/www.lojadeequipamentos.com.br\\\/loja\\\/wp-content\\\/uploads\\\/2021\\\/06\\\/Processador-PA7-PRO-Skymsen.jpeg\",\"datePublished\":\"2021-06-28T14:37:03+00:00\",\"dateModified\":\"2023-09-30T22:12:07+00:00\",\"description\":\"Processador de Alimentos PA7 PRO c\\\/ 7 Discos de Di\u00e2metro 203mm - Skymsen R$ 4.318,20\",\"breadcrumb\":{\"@id\":\"https:\\\/\\\/www.lojadeequipamentos.com.br\\\/loja\\\/produto\\\/processador-de-alimentos-pa7-pro-c-7-discos-skymsen\\\/#breadcrumb\"},\"inLanguage\":\"pt-BR\",\"potentialAction\":[{\"@type\":\"ReadAction\",\"target\":[\"https:\\\/\\\/www.lojadeequipamentos.com.br\\\/loja\\\/produto\\\/processador-de-alimentos-pa7-pro-c-7-discos-skymsen\\\/\"]}]},{\"@type\":\"ImageObject\",\"inLanguage\":\"pt-BR\",\"@id\":\"https:\\\/\\\/www.lojadeequipamentos.com.br\\\/loja\\\/produto\\\/processador-de-alimentos-pa7-pro-c-7-discos-skymsen\\\/#primaryimage\",\"url\":\"https:\\\/\\\/www.lojadeequipamentos.com.br\\\/loja\\\/wp-content\\\/uploads\\\/2021\\\/06\\\/Processador-PA7-PRO-Skymsen.jpeg\",\"contentUrl\":\"https:\\\/\\\/www.lojadeequipamentos.com.br\\\/loja\\\/wp-content\\\/uploads\\\/2021\\\/06\\\/Processador-PA7-PRO-Skymsen.jpeg\",\"width\":350,\"height\":350},{\"@type\":\"BreadcrumbList\",\"@id\":\"https:\\\/\\\/www.lojadeequipamentos.com.br\\\/loja\\\/produto\\\/processador-de-alimentos-pa7-pro-c-7-discos-skymsen\\\/#breadcrumb\",\"itemListElement\":[{\"@type\":\"ListItem\",\"position\":1,\"name\":\"In\u00edcio\",\"item\":\"https:\\\/\\\/www.lojadeequipamentos.com.br\\\/loja\\\/\"},{\"@type\":\"ListItem\",\"position\":2,\"name\":\"Loja Virtual\",\"item\":\"https:\\\/\\\/www.lojadeequipamentos.com.br\\\/loja\\\/shop\\\/\"},{\"@type\":\"ListItem\",\"position\":3,\"name\":\"Processador de Alimentos PA7 PRO c\\\/ 7 Discos &#8211; Skymsen\"}]},{\"@type\":\"WebSite\",\"@id\":\"https:\\\/\\\/www.lojadeequipamentos.com.br\\\/loja\\\/#website\",\"url\":\"https:\\\/\\\/www.lojadeequipamentos.com.br\\\/loja\\\/\",\"name\":\"Loja de Equipamentos\",\"description\":\"\",\"potentialAction\":[{\"@type\":\"SearchAction\",\"target\":{\"@type\":\"EntryPoint\",\"urlTemplate\":\"https:\\\/\\\/www.lojadeequipamentos.com.br\\\/loja\\\/?s={search_term_string}\"},\"query-input\":{\"@type\":\"PropertyValueSpecification\",\"valueRequired\":true,\"valueName\":\"search_term_string\"}}],\"inLanguage\":\"pt-BR\"}]}<\/script>\n<!-- \/ Yoast SEO plugin. -->","yoast_head_json":{"title":"Processador de Alimentos PA7 PRO c\/ 7 Discos - Skymsen - Loja de Equipamentos","description":"Processador de Alimentos PA7 PRO c\/ 7 Discos de Di\u00e2metro 203mm - Skymsen R$ 4.318,20","robots":{"index":"index","follow":"follow","max-snippet":"max-snippet:-1","max-image-preview":"max-image-preview:large","max-video-preview":"max-video-preview:-1"},"canonical":"https:\/\/www.lojadeequipamentos.com.br\/loja\/produto\/processador-de-alimentos-pa7-pro-c-7-discos-skymsen\/","og_locale":"pt_BR","og_type":"article","og_title":"Processador de Alimentos PA7 PRO c\/ 7 Discos - Skymsen - Loja de Equipamentos","og_description":"Processador de Alimentos PA7 PRO c\/ 7 Discos de Di\u00e2metro 203mm - Skymsen R$ 4.318,20","og_url":"https:\/\/www.lojadeequipamentos.com.br\/loja\/produto\/processador-de-alimentos-pa7-pro-c-7-discos-skymsen\/","og_site_name":"Loja de Equipamentos","article_modified_time":"2023-09-30T22:12:07+00:00","og_image":[{"width":350,"height":350,"url":"https:\/\/www.lojadeequipamentos.com.br\/loja\/wp-content\/uploads\/2021\/06\/Processador-PA7-PRO-Skymsen.jpeg","type":"image\/jpeg"}],"twitter_card":"summary_large_image","twitter_misc":{"Est. tempo de leitura":"3 minutos"},"schema":{"@context":"https:\/\/schema.org","@graph":[{"@type":"WebPage","@id":"https:\/\/www.lojadeequipamentos.com.br\/loja\/produto\/processador-de-alimentos-pa7-pro-c-7-discos-skymsen\/","url":"https:\/\/www.lojadeequipamentos.com.br\/loja\/produto\/processador-de-alimentos-pa7-pro-c-7-discos-skymsen\/","name":"Processador de Alimentos PA7 PRO c\/ 7 Discos - Skymsen - Loja de Equipamentos","isPartOf":{"@id":"https:\/\/www.lojadeequipamentos.com.br\/loja\/#website"},"primaryImageOfPage":{"@id":"https:\/\/www.lojadeequipamentos.com.br\/loja\/produto\/processador-de-alimentos-pa7-pro-c-7-discos-skymsen\/#primaryimage"},"image":{"@id":"https:\/\/www.lojadeequipamentos.com.br\/loja\/produto\/processador-de-alimentos-pa7-pro-c-7-discos-skymsen\/#primaryimage"},"thumbnailUrl":"https:\/\/www.lojadeequipamentos.com.br\/loja\/wp-content\/uploads\/2021\/06\/Processador-PA7-PRO-Skymsen.jpeg","datePublished":"2021-06-28T14:37:03+00:00","dateModified":"2023-09-30T22:12:07+00:00","description":"Processador de Alimentos PA7 PRO c\/ 7 Discos de Di\u00e2metro 203mm - Skymsen R$ 4.318,20","breadcrumb":{"@id":"https:\/\/www.lojadeequipamentos.com.br\/loja\/produto\/processador-de-alimentos-pa7-pro-c-7-discos-skymsen\/#breadcrumb"},"inLanguage":"pt-BR","potentialAction":[{"@type":"ReadAction","target":["https:\/\/www.lojadeequipamentos.com.br\/loja\/produto\/processador-de-alimentos-pa7-pro-c-7-discos-skymsen\/"]}]},{"@type":"ImageObject","inLanguage":"pt-BR","@id":"https:\/\/www.lojadeequipamentos.com.br\/loja\/produto\/processador-de-alimentos-pa7-pro-c-7-discos-skymsen\/#primaryimage","url":"https:\/\/www.lojadeequipamentos.com.br\/loja\/wp-content\/uploads\/2021\/06\/Processador-PA7-PRO-Skymsen.jpeg","contentUrl":"https:\/\/www.lojadeequipamentos.com.br\/loja\/wp-content\/uploads\/2021\/06\/Processador-PA7-PRO-Skymsen.jpeg","width":350,"height":350},{"@type":"BreadcrumbList","@id":"https:\/\/www.lojadeequipamentos.com.br\/loja\/produto\/processador-de-alimentos-pa7-pro-c-7-discos-skymsen\/#breadcrumb","itemListElement":[{"@type":"ListItem","position":1,"name":"In\u00edcio","item":"https:\/\/www.lojadeequipamentos.com.br\/loja\/"},{"@type":"ListItem","position":2,"name":"Loja Virtual","item":"https:\/\/www.lojadeequipamentos.com.br\/loja\/shop\/"},{"@type":"ListItem","position":3,"name":"Processador de Alimentos PA7 PRO c\/ 7 Discos &#8211; Skymsen"}]},{"@type":"WebSite","@id":"https:\/\/www.lojadeequipamentos.com.br\/loja\/#website","url":"https:\/\/www.lojadeequipamentos.com.br\/loja\/","name":"Loja de Equipamentos","description":"","potentialAction":[{"@type":"SearchAction","target":{"@type":"EntryPoint","urlTemplate":"https:\/\/www.lojadeequipamentos.com.br\/loja\/?s={search_term_string}"},"query-input":{"@type":"PropertyValueSpecification","valueRequired":true,"valueName":"search_term_string"}}],"inLanguage":"pt-BR"}]}},"_links":{"self":[{"href":"https:\/\/www.lojadeequipamentos.com.br\/loja\/wp-json\/wp\/v2\/product\/6155","targetHints":{"allow":["GET"]}}],"collection":[{"href":"https:\/\/www.lojadeequipamentos.com.br\/loja\/wp-json\/wp\/v2\/product"}],"about":[{"href":"https:\/\/www.lojadeequipamentos.com.br\/loja\/wp-json\/wp\/v2\/types\/product"}],"replies":[{"embeddable":true,"href":"https:\/\/www.lojadeequipamentos.com.br\/loja\/wp-json\/wp\/v2\/comments?post=6155"}],"wp:featuredmedia":[{"embeddable":true,"href":"https:\/\/www.lojadeequipamentos.com.br\/loja\/wp-json\/wp\/v2\/media\/7891"}],"wp:attachment":[{"href":"https:\/\/www.lojadeequipamentos.com.br\/loja\/wp-json\/wp\/v2\/media?parent=6155"}],"wp:term":[{"taxonomy":"product_brand","embeddable":true,"href":"https:\/\/www.lojadeequipamentos.com.br\/loja\/wp-json\/wp\/v2\/product_brand?post=6155"},{"taxonomy":"product_cat","embeddable":true,"href":"https:\/\/www.lojadeequipamentos.com.br\/loja\/wp-json\/wp\/v2\/product_cat?post=6155"},{"taxonomy":"product_tag","embeddable":true,"href":"https:\/\/www.lojadeequipamentos.com.br\/loja\/wp-json\/wp\/v2\/product_tag?post=6155"}],"curies":[{"name":"wp","href":"https:\/\/api.w.org\/{rel}","templated":true}]}}