{"id":6151,"date":"2021-06-27T00:10:09","date_gmt":"2021-06-27T00:10:09","guid":{"rendered":"https:\/\/www.lojadeequipamentos.com.br\/loja\/?post_type=product&#038;p=6151"},"modified":"2024-09-07T13:20:24","modified_gmt":"2024-09-07T13:20:24","slug":"liquidificador-lar15-cavalete-baixa-rot-skymsen","status":"publish","type":"product","link":"https:\/\/www.lojadeequipamentos.com.br\/loja\/produto\/liquidificador-lar15-cavalete-baixa-rot-skymsen\/","title":{"rendered":"Liquidificador LAR15-HD Cavalete Baixa Rot. &#8211; Skymsen"},"content":{"rendered":"<p><strong>Liquidificador LAR15-HD Heavy Duty Baixa Rota\u00e7\u00e3o \/ Cavalete - Basculante - Trabalho Pesado 127v ou 220v - Skymsen<\/strong><\/p>\n<p>LIQUIDIFICADOR COMERCIAL, BASCULANTE CAVALETE E COPO MONOBLOCO INOX, HEAVY DUTY<br \/>\nPara quem busca atender uma grande demanda oferecendo alta efici\u00eancia, a escolha certa dos equipamentos faz toda a diferen\u00e7a. Com o prop\u00f3sito de trazer mais facilidade ao seu dia a dia, a loja Skymsen desenvolveu um modelo de liquidificador basculante com uma capacidade de incr\u00edveis 15 litros, proporcionando um aumento consider\u00e1vel na produ\u00e7\u00e3o do seu neg\u00f3cio com total praticidade.<\/p>\n<p>O liquidificador com copo monobloco basculante de 15 litros veio para completar a linha de equipamentos para bares e restaurantes da Skymsen, oferecendo ainda mais agilidade na tritura\u00e7\u00e3o e mistura de grandes quantidades de alimentos. A pot\u00eancia do seu motor com 1,5CV, alcan\u00e7ando uma rota\u00e7\u00e3o de 3.500rpm, permite a produ\u00e7\u00e3o de bolos, sopas e cremes, alcan\u00e7ando a textura e o ponto ideal com rapidez e sem esfor\u00e7os. O equipamento conta com um sistema completo de seguran\u00e7a, desde bot\u00f5es de emerg\u00eancia e reset e sensor na tampa. Conta ainda com um sistema de monitoramento eletr\u00f4nico na tampa que elimina anteparo do copo e facilita a limpeza, o liquidificador copo inox tamb\u00e9m possui anti rearme que impede o religamento autom\u00e1tico da m\u00e1quina em casos de desligamentos anormais de energia el\u00e9trica.<\/p>\n<p>O copo do liquidificador copo inox ainda possui uma tampa desenvolvida em borracha at\u00f3xica, a qual proporciona uma eficiente veda\u00e7\u00e3o durante o processamento.<\/p>\n<p>Outra vantagem deste equipamento fica por conta do seu exclusivo copo monobloco, um copo sem soldas ou frestas, que al\u00e9m de facilitar a higieniza\u00e7\u00e3o, garante a tritura\u00e7\u00e3o homog\u00eanea dos alimentos devido ao seu formato em \u201cV\u201d, criando um v\u00f3rtice que direciona o conte\u00fado para as l\u00e2minas, oferecendo assim maior assertividade na produ\u00e7\u00e3o das mais diversas receitas de massas leves, cremes, condimentos, molhos e sopas.<\/p>\n<p>O liquidificador comercial basculante com copo monobloco possui sistema basculante, que facilita o despejo dos alimentos.<\/p>\n<p>CARACTER\u00cdSTICAS T\u00c9CNICAS<br \/>\nModelo: LAR15-HD<br \/>\nTens\u00e3o el\u00e9trica \/ frequ\u00eancia \/ fases: 127V ou 220V \/ 60 Hz \/ 1<br \/>\nPot\u00eancia nominal: 1.300 W<br \/>\nPot\u00eancia do motor: 1,5 HP-CV<br \/>\nRota\u00e7\u00e3o: 3.500 rpm<br \/>\nConsumo: 1,3 kW\u00b7h<br \/>\nDimens\u00f5es (AxLxP): 1.080 x 350 x 525 mm<br \/>\nDimens\u00f5es da embalagem (AxLxP): 1.140 x 545 x 655 mm<br \/>\nPeso l\u00edquido \/ bruto: 24,50 kg \/ 36,50 kg<br \/>\nVolume m\u00e1ximo do copo: 15 L<br \/>\nClassifica\u00e7\u00e3o fiscal (NCM): 84386000<br \/>\nEAN-13: 7895707552418 (127V)<br \/>\nEAN-13: 7895707552425 (220V)<\/p>\n<p><strong>FAVOR ENTRAR EM CONTATO PARA COTA\u00c7\u00c3O DE FRETE<\/strong><\/p>\n<p><a href=\"https:\/\/api.whatsapp.com\/send?phone=5521964144201\"><img loading=\"lazy\" decoding=\"async\" class=\"alignnone size-full wp-image-4307\" src=\"http:\/\/www.lojadeequipamentos.com.br\/loja\/wp-content\/uploads\/2020\/08\/botao_whatsapp.png\" alt=\"botao_whatsapp\" width=\"226\" height=\"82\" \/><\/a><\/p>\n","protected":false},"excerpt":{"rendered":"<strong>Liquidificador LAR15-HD Cavalete Baixa Rot. - Skymsen<\/strong>","protected":false},"featured_media":7495,"comment_status":"open","ping_status":"closed","template":"","meta":{"_links_to":"","_links_to_target":""},"product_brand":[],"product_cat":[6599],"product_tag":[8554,8555,8543,8544,8545,8501,8546,8547,8548,8510,6946,7001,8549,8550,7000,8551],"class_list":{"0":"post-6151","1":"product","2":"type-product","3":"status-publish","4":"has-post-thumbnail","6":"product_cat-liquidificador-skymsen","7":"product_tag-ean-13-7895707552418","8":"product_tag-ean-13-7895707552425","9":"product_tag-lar15-hd","10":"product_tag-lar15-hd-liquidificador","11":"product_tag-lar15-hd-skymsen","12":"product_tag-liquidificador-baixa-rotacao","13":"product_tag-liquidificador-basculante-lar15-hd","14":"product_tag-liquidificador-cavalete-lar15-hd","15":"product_tag-liquidificador-comercial-lar15-hd","16":"product_tag-liquidificador-lar15hd","17":"product_tag-liquidificador-skymsen","18":"product_tag-liquidificador-skymsen-baixa-rot","19":"product_tag-liquidificador-skymsen-lar15-hd","20":"product_tag-skymsen-lar15-hd","21":"product_tag-skymsen-liquidificador","22":"product_tag-skymsen-liquidificador-lar15-hd","24":"first","25":"instock","26":"shipping-taxable","27":"purchasable","28":"product-type-simple"},"yoast_head":"<!-- This site is optimized with the Yoast SEO plugin v27.3 - https:\/\/yoast.com\/product\/yoast-seo-wordpress\/ -->\n<title>Liquidificador LAR15-HD Cavalete Baixa Rot. - Skymsen - Loja de Equipamentos<\/title>\n<meta name=\"description\" content=\"Liquidificador LAR15-HD Heavy Duty Baixa Rota\u00e7\u00e3o \/ Cavalete - Basculante - Trabalho Pesado R$3292,00\" \/>\n<meta name=\"robots\" content=\"index, follow, max-snippet:-1, max-image-preview:large, max-video-preview:-1\" \/>\n<link rel=\"canonical\" href=\"https:\/\/www.lojadeequipamentos.com.br\/loja\/produto\/liquidificador-lar15-cavalete-baixa-rot-skymsen\/\" \/>\n<meta property=\"og:locale\" content=\"pt_BR\" \/>\n<meta property=\"og:type\" content=\"article\" \/>\n<meta property=\"og:title\" content=\"Liquidificador LAR15-HD Cavalete Baixa Rot. - Skymsen - Loja de Equipamentos\" \/>\n<meta property=\"og:description\" content=\"Liquidificador LAR15-HD Heavy Duty Baixa Rota\u00e7\u00e3o \/ Cavalete - Basculante - Trabalho Pesado R$3292,00\" \/>\n<meta property=\"og:url\" content=\"https:\/\/www.lojadeequipamentos.com.br\/loja\/produto\/liquidificador-lar15-cavalete-baixa-rot-skymsen\/\" \/>\n<meta property=\"og:site_name\" content=\"Loja de Equipamentos\" \/>\n<meta property=\"article:modified_time\" content=\"2024-09-07T13:20:24+00:00\" \/>\n<meta property=\"og:image\" content=\"https:\/\/www.lojadeequipamentos.com.br\/loja\/wp-content\/uploads\/2021\/06\/LAR-25.jpg\" \/>\n\t<meta property=\"og:image:width\" content=\"350\" \/>\n\t<meta property=\"og:image:height\" content=\"350\" \/>\n\t<meta property=\"og:image:type\" content=\"image\/jpeg\" \/>\n<meta name=\"twitter:card\" content=\"summary_large_image\" \/>\n<meta name=\"twitter:label1\" content=\"Est. tempo de leitura\" \/>\n\t<meta name=\"twitter:data1\" content=\"3 minutos\" \/>\n<script type=\"application\/ld+json\" class=\"yoast-schema-graph\">{\"@context\":\"https:\\\/\\\/schema.org\",\"@graph\":[{\"@type\":\"WebPage\",\"@id\":\"https:\\\/\\\/www.lojadeequipamentos.com.br\\\/loja\\\/produto\\\/liquidificador-lar15-cavalete-baixa-rot-skymsen\\\/\",\"url\":\"https:\\\/\\\/www.lojadeequipamentos.com.br\\\/loja\\\/produto\\\/liquidificador-lar15-cavalete-baixa-rot-skymsen\\\/\",\"name\":\"Liquidificador LAR15-HD Cavalete Baixa Rot. - Skymsen - Loja de Equipamentos\",\"isPartOf\":{\"@id\":\"https:\\\/\\\/www.lojadeequipamentos.com.br\\\/loja\\\/#website\"},\"primaryImageOfPage\":{\"@id\":\"https:\\\/\\\/www.lojadeequipamentos.com.br\\\/loja\\\/produto\\\/liquidificador-lar15-cavalete-baixa-rot-skymsen\\\/#primaryimage\"},\"image\":{\"@id\":\"https:\\\/\\\/www.lojadeequipamentos.com.br\\\/loja\\\/produto\\\/liquidificador-lar15-cavalete-baixa-rot-skymsen\\\/#primaryimage\"},\"thumbnailUrl\":\"https:\\\/\\\/www.lojadeequipamentos.com.br\\\/loja\\\/wp-content\\\/uploads\\\/2021\\\/06\\\/LAR-25.jpg\",\"datePublished\":\"2021-06-27T00:10:09+00:00\",\"dateModified\":\"2024-09-07T13:20:24+00:00\",\"description\":\"Liquidificador LAR15-HD Heavy Duty Baixa Rota\u00e7\u00e3o \\\/ Cavalete - Basculante - Trabalho Pesado R$3292,00\",\"breadcrumb\":{\"@id\":\"https:\\\/\\\/www.lojadeequipamentos.com.br\\\/loja\\\/produto\\\/liquidificador-lar15-cavalete-baixa-rot-skymsen\\\/#breadcrumb\"},\"inLanguage\":\"pt-BR\",\"potentialAction\":[{\"@type\":\"ReadAction\",\"target\":[\"https:\\\/\\\/www.lojadeequipamentos.com.br\\\/loja\\\/produto\\\/liquidificador-lar15-cavalete-baixa-rot-skymsen\\\/\"]}]},{\"@type\":\"ImageObject\",\"inLanguage\":\"pt-BR\",\"@id\":\"https:\\\/\\\/www.lojadeequipamentos.com.br\\\/loja\\\/produto\\\/liquidificador-lar15-cavalete-baixa-rot-skymsen\\\/#primaryimage\",\"url\":\"https:\\\/\\\/www.lojadeequipamentos.com.br\\\/loja\\\/wp-content\\\/uploads\\\/2021\\\/06\\\/LAR-25.jpg\",\"contentUrl\":\"https:\\\/\\\/www.lojadeequipamentos.com.br\\\/loja\\\/wp-content\\\/uploads\\\/2021\\\/06\\\/LAR-25.jpg\",\"width\":350,\"height\":350},{\"@type\":\"BreadcrumbList\",\"@id\":\"https:\\\/\\\/www.lojadeequipamentos.com.br\\\/loja\\\/produto\\\/liquidificador-lar15-cavalete-baixa-rot-skymsen\\\/#breadcrumb\",\"itemListElement\":[{\"@type\":\"ListItem\",\"position\":1,\"name\":\"In\u00edcio\",\"item\":\"https:\\\/\\\/www.lojadeequipamentos.com.br\\\/loja\\\/\"},{\"@type\":\"ListItem\",\"position\":2,\"name\":\"Loja Virtual\",\"item\":\"https:\\\/\\\/www.lojadeequipamentos.com.br\\\/loja\\\/shop\\\/\"},{\"@type\":\"ListItem\",\"position\":3,\"name\":\"Liquidificador LAR15-HD Cavalete Baixa Rot. &#8211; Skymsen\"}]},{\"@type\":\"WebSite\",\"@id\":\"https:\\\/\\\/www.lojadeequipamentos.com.br\\\/loja\\\/#website\",\"url\":\"https:\\\/\\\/www.lojadeequipamentos.com.br\\\/loja\\\/\",\"name\":\"Loja de Equipamentos\",\"description\":\"\",\"potentialAction\":[{\"@type\":\"SearchAction\",\"target\":{\"@type\":\"EntryPoint\",\"urlTemplate\":\"https:\\\/\\\/www.lojadeequipamentos.com.br\\\/loja\\\/?s={search_term_string}\"},\"query-input\":{\"@type\":\"PropertyValueSpecification\",\"valueRequired\":true,\"valueName\":\"search_term_string\"}}],\"inLanguage\":\"pt-BR\"}]}<\/script>\n<!-- \/ Yoast SEO plugin. -->","yoast_head_json":{"title":"Liquidificador LAR15-HD Cavalete Baixa Rot. - Skymsen - Loja de Equipamentos","description":"Liquidificador LAR15-HD Heavy Duty Baixa Rota\u00e7\u00e3o \/ Cavalete - Basculante - Trabalho Pesado R$3292,00","robots":{"index":"index","follow":"follow","max-snippet":"max-snippet:-1","max-image-preview":"max-image-preview:large","max-video-preview":"max-video-preview:-1"},"canonical":"https:\/\/www.lojadeequipamentos.com.br\/loja\/produto\/liquidificador-lar15-cavalete-baixa-rot-skymsen\/","og_locale":"pt_BR","og_type":"article","og_title":"Liquidificador LAR15-HD Cavalete Baixa Rot. - Skymsen - Loja de Equipamentos","og_description":"Liquidificador LAR15-HD Heavy Duty Baixa Rota\u00e7\u00e3o \/ Cavalete - Basculante - Trabalho Pesado R$3292,00","og_url":"https:\/\/www.lojadeequipamentos.com.br\/loja\/produto\/liquidificador-lar15-cavalete-baixa-rot-skymsen\/","og_site_name":"Loja de Equipamentos","article_modified_time":"2024-09-07T13:20:24+00:00","og_image":[{"width":350,"height":350,"url":"https:\/\/www.lojadeequipamentos.com.br\/loja\/wp-content\/uploads\/2021\/06\/LAR-25.jpg","type":"image\/jpeg"}],"twitter_card":"summary_large_image","twitter_misc":{"Est. tempo de leitura":"3 minutos"},"schema":{"@context":"https:\/\/schema.org","@graph":[{"@type":"WebPage","@id":"https:\/\/www.lojadeequipamentos.com.br\/loja\/produto\/liquidificador-lar15-cavalete-baixa-rot-skymsen\/","url":"https:\/\/www.lojadeequipamentos.com.br\/loja\/produto\/liquidificador-lar15-cavalete-baixa-rot-skymsen\/","name":"Liquidificador LAR15-HD Cavalete Baixa Rot. - Skymsen - Loja de Equipamentos","isPartOf":{"@id":"https:\/\/www.lojadeequipamentos.com.br\/loja\/#website"},"primaryImageOfPage":{"@id":"https:\/\/www.lojadeequipamentos.com.br\/loja\/produto\/liquidificador-lar15-cavalete-baixa-rot-skymsen\/#primaryimage"},"image":{"@id":"https:\/\/www.lojadeequipamentos.com.br\/loja\/produto\/liquidificador-lar15-cavalete-baixa-rot-skymsen\/#primaryimage"},"thumbnailUrl":"https:\/\/www.lojadeequipamentos.com.br\/loja\/wp-content\/uploads\/2021\/06\/LAR-25.jpg","datePublished":"2021-06-27T00:10:09+00:00","dateModified":"2024-09-07T13:20:24+00:00","description":"Liquidificador LAR15-HD Heavy Duty Baixa Rota\u00e7\u00e3o \/ Cavalete - Basculante - Trabalho Pesado R$3292,00","breadcrumb":{"@id":"https:\/\/www.lojadeequipamentos.com.br\/loja\/produto\/liquidificador-lar15-cavalete-baixa-rot-skymsen\/#breadcrumb"},"inLanguage":"pt-BR","potentialAction":[{"@type":"ReadAction","target":["https:\/\/www.lojadeequipamentos.com.br\/loja\/produto\/liquidificador-lar15-cavalete-baixa-rot-skymsen\/"]}]},{"@type":"ImageObject","inLanguage":"pt-BR","@id":"https:\/\/www.lojadeequipamentos.com.br\/loja\/produto\/liquidificador-lar15-cavalete-baixa-rot-skymsen\/#primaryimage","url":"https:\/\/www.lojadeequipamentos.com.br\/loja\/wp-content\/uploads\/2021\/06\/LAR-25.jpg","contentUrl":"https:\/\/www.lojadeequipamentos.com.br\/loja\/wp-content\/uploads\/2021\/06\/LAR-25.jpg","width":350,"height":350},{"@type":"BreadcrumbList","@id":"https:\/\/www.lojadeequipamentos.com.br\/loja\/produto\/liquidificador-lar15-cavalete-baixa-rot-skymsen\/#breadcrumb","itemListElement":[{"@type":"ListItem","position":1,"name":"In\u00edcio","item":"https:\/\/www.lojadeequipamentos.com.br\/loja\/"},{"@type":"ListItem","position":2,"name":"Loja Virtual","item":"https:\/\/www.lojadeequipamentos.com.br\/loja\/shop\/"},{"@type":"ListItem","position":3,"name":"Liquidificador LAR15-HD Cavalete Baixa Rot. &#8211; Skymsen"}]},{"@type":"WebSite","@id":"https:\/\/www.lojadeequipamentos.com.br\/loja\/#website","url":"https:\/\/www.lojadeequipamentos.com.br\/loja\/","name":"Loja de Equipamentos","description":"","potentialAction":[{"@type":"SearchAction","target":{"@type":"EntryPoint","urlTemplate":"https:\/\/www.lojadeequipamentos.com.br\/loja\/?s={search_term_string}"},"query-input":{"@type":"PropertyValueSpecification","valueRequired":true,"valueName":"search_term_string"}}],"inLanguage":"pt-BR"}]}},"_links":{"self":[{"href":"https:\/\/www.lojadeequipamentos.com.br\/loja\/wp-json\/wp\/v2\/product\/6151","targetHints":{"allow":["GET"]}}],"collection":[{"href":"https:\/\/www.lojadeequipamentos.com.br\/loja\/wp-json\/wp\/v2\/product"}],"about":[{"href":"https:\/\/www.lojadeequipamentos.com.br\/loja\/wp-json\/wp\/v2\/types\/product"}],"replies":[{"embeddable":true,"href":"https:\/\/www.lojadeequipamentos.com.br\/loja\/wp-json\/wp\/v2\/comments?post=6151"}],"wp:featuredmedia":[{"embeddable":true,"href":"https:\/\/www.lojadeequipamentos.com.br\/loja\/wp-json\/wp\/v2\/media\/7495"}],"wp:attachment":[{"href":"https:\/\/www.lojadeequipamentos.com.br\/loja\/wp-json\/wp\/v2\/media?parent=6151"}],"wp:term":[{"taxonomy":"product_brand","embeddable":true,"href":"https:\/\/www.lojadeequipamentos.com.br\/loja\/wp-json\/wp\/v2\/product_brand?post=6151"},{"taxonomy":"product_cat","embeddable":true,"href":"https:\/\/www.lojadeequipamentos.com.br\/loja\/wp-json\/wp\/v2\/product_cat?post=6151"},{"taxonomy":"product_tag","embeddable":true,"href":"https:\/\/www.lojadeequipamentos.com.br\/loja\/wp-json\/wp\/v2\/product_tag?post=6151"}],"curies":[{"name":"wp","href":"https:\/\/api.w.org\/{rel}","templated":true}]}}