{"id":6149,"date":"2021-06-26T16:11:36","date_gmt":"2021-06-26T16:11:36","guid":{"rendered":"https:\/\/www.lojadeequipamentos.com.br\/loja\/?post_type=product&#038;p=6149"},"modified":"2024-09-07T13:23:42","modified_gmt":"2024-09-07T13:23:42","slug":"liquidificador-lb25-basculante-baixa-rot-skymsen","status":"publish","type":"product","link":"https:\/\/www.lojadeequipamentos.com.br\/loja\/produto\/liquidificador-lb25-basculante-baixa-rot-skymsen\/","title":{"rendered":"Liquidificador LB25 Basculante Baixa Rot. &#8211; Skymsen"},"content":{"rendered":"<p><strong>Liquidificador LB25 Basculante Baixa Rota\u00e7\u00e3o - Skymsen<\/strong><\/p>\n<p>LIQUIDIFICADOR COMERCIAL, BASCULANTE, COPO MONOBLOCO INOX<br \/>\nAlguns estabelecimentos trabalham com processos que precisam de mais tempo para serem realizados, principalmente quando \u00e9 necess\u00e1ria a produ\u00e7\u00e3o em grandes volumes de receitas como bolos, pastas e cremes. Para atender essa demanda com mais efici\u00eancia e alta produtividade, a Skymsen traz ao mercado o liquidificador basculante 25 litros.<br \/>\nO liquidificador basculante \u00e9 um equipamento com design inovador, com alta durabilidade, indicado para processos mais pastosos e que exijam mais tempo de preparo, o que torna o liquidificador basculante Skymsen 25 litros o modelo perfeito para o dia a dia de trabalho em cozinhas comerciais, como hospitais, bares, restaurantes e padarias.<br \/>\nO formato em V do copo monobloco, cria um v\u00f3rtice que direciona os alimentos para a l\u00e2mina, permitindo um melhor desempenho com o m\u00e1ximo de aproveitamento dos ingredientes durante o processo. Com exclusivo copo monobloco sem soldas ou frestas, o liquidificador basculante da Skymsen impede o ac\u00famulo de res\u00edduos, facilitando o processo de higieniza\u00e7\u00e3o no dia a dia. Al\u00e9m disso, possui diferenciais dentre outros modelos de liquidificador no mercado, que \u00e9 seu cavalete com movimento basculante para descarga, facilitando o uso do liquidificador.<\/p>\n<p>CARACTER\u00cdSTICAS T\u00c9CNICAS<br \/>\nModelo: LB 25<br \/>\nTens\u00e3o El\u00e9trica \/ Frequ\u00eancia \/ Fases: 127v ou 220v \/ 60 Hz \/ 1<br \/>\nPot\u00eancia Nominal: 1550w<br \/>\nPot\u00eancia do Motor: 1.5 cv<br \/>\nRota\u00e7\u00e3o: 3.500 rpm<br \/>\nConsumo: 1.55 kWh<br \/>\nDimens\u00f5es: [AxLxP]: 1175 x 390 x 525 mm<br \/>\nDim. da Embalagem [AxLxP]: 1190 x 420 x 560 mm<br \/>\nPeso Liquido \/ Bruto: 24,50 kg \/ 27 kg<br \/>\nVolume M\u00e1ximo do Copo: 25 Litros<br \/>\nClassifica\u00e7\u00e3o Fiscal [NCM]: 84386000<br \/>\nEAN-13: 7895707534155 (127V)<br \/>\nEAN-13: 7895707526716 (220V)<\/p>\n<p><strong>FAVOR ENTRAR EM CONTATO PARA COTA\u00c7\u00c3O DE FRETE<\/strong><\/p>\n<p><a href=\"https:\/\/api.whatsapp.com\/send?phone=5521964144201\"><img loading=\"lazy\" decoding=\"async\" class=\"alignnone size-full wp-image-4307\" src=\"http:\/\/www.lojadeequipamentos.com.br\/loja\/wp-content\/uploads\/2020\/08\/botao_whatsapp.png\" alt=\"botao_whatsapp\" width=\"226\" height=\"82\" \/><\/a><\/p>\n","protected":false},"excerpt":{"rendered":"<strong>Liquidificador LB25 Basculante Baixa Rota\u00e7\u00e3o - Skymsen<\/strong>","protected":false},"featured_media":7493,"comment_status":"open","ping_status":"closed","template":"","meta":{"_links_to":"","_links_to_target":""},"product_brand":[],"product_cat":[6599],"product_tag":[8553,8552,8521,8501,8522,8523,8524,7007,7008,7009,7010,7011,8526,6946,7001,8525,8527,7000,8528],"class_list":{"0":"post-6149","1":"product","2":"type-product","3":"status-publish","4":"has-post-thumbnail","6":"product_cat-liquidificador-skymsen","7":"product_tag-ean-13-7895707526716","8":"product_tag-ean-13-7895707534155","9":"product_tag-lb25-skymsen","10":"product_tag-liquidificador-baixa-rotacao","11":"product_tag-liquidificador-basculante-lb25","12":"product_tag-liquidificador-cavalete-lb25","13":"product_tag-liquidificador-comercial-lb25","14":"product_tag-liquidificador-de-baixa-rot-lb25","15":"product_tag-liquidificador-de-baixa-rot-lb25-1-5-cv","16":"product_tag-liquidificador-de-baixa-rot-lb25-25-litros-copo","17":"product_tag-liquidificador-de-baixa-rot-lb25-25l","18":"product_tag-liquidificador-de-baixa-rot-lb25-skymsen-3500rpm","19":"product_tag-liquidificador-lb25","20":"product_tag-liquidificador-skymsen","21":"product_tag-liquidificador-skymsen-baixa-rot","22":"product_tag-liquidificador-skymsen-lb25","23":"product_tag-skymsen-lb25","24":"product_tag-skymsen-liquidificador","25":"product_tag-skymsen-liquidificador-lb25","27":"first","28":"instock","29":"shipping-taxable","30":"purchasable","31":"product-type-simple"},"yoast_head":"<!-- This site is optimized with the Yoast SEO plugin v27.3 - https:\/\/yoast.com\/product\/yoast-seo-wordpress\/ -->\n<title>Liquidificador LB25 Basculante Baixa Rot. - Skymsen - Loja de Equipamentos<\/title>\n<meta name=\"description\" content=\"Liquidificador LB25 Basculante Baixa Rota\u00e7\u00e3o Basculante - Skymsen R$ 1997,00\" \/>\n<meta name=\"robots\" content=\"index, follow, max-snippet:-1, max-image-preview:large, max-video-preview:-1\" \/>\n<link rel=\"canonical\" href=\"https:\/\/www.lojadeequipamentos.com.br\/loja\/produto\/liquidificador-lb25-basculante-baixa-rot-skymsen\/\" \/>\n<meta property=\"og:locale\" content=\"pt_BR\" \/>\n<meta property=\"og:type\" content=\"article\" \/>\n<meta property=\"og:title\" content=\"Liquidificador LB25 Basculante Baixa Rot. - Skymsen - Loja de Equipamentos\" \/>\n<meta property=\"og:description\" content=\"Liquidificador LB25 Basculante Baixa Rota\u00e7\u00e3o Basculante - Skymsen R$ 1997,00\" \/>\n<meta property=\"og:url\" content=\"https:\/\/www.lojadeequipamentos.com.br\/loja\/produto\/liquidificador-lb25-basculante-baixa-rot-skymsen\/\" \/>\n<meta property=\"og:site_name\" content=\"Loja de Equipamentos\" \/>\n<meta property=\"article:modified_time\" content=\"2024-09-07T13:23:42+00:00\" \/>\n<meta property=\"og:image\" content=\"https:\/\/www.lojadeequipamentos.com.br\/loja\/wp-content\/uploads\/2021\/06\/lb25-1.jpg\" \/>\n\t<meta property=\"og:image:width\" content=\"350\" \/>\n\t<meta property=\"og:image:height\" content=\"350\" \/>\n\t<meta property=\"og:image:type\" content=\"image\/jpeg\" \/>\n<meta name=\"twitter:card\" content=\"summary_large_image\" \/>\n<meta name=\"twitter:label1\" content=\"Est. tempo de leitura\" \/>\n\t<meta name=\"twitter:data1\" content=\"2 minutos\" \/>\n<script type=\"application\/ld+json\" class=\"yoast-schema-graph\">{\"@context\":\"https:\\\/\\\/schema.org\",\"@graph\":[{\"@type\":\"WebPage\",\"@id\":\"https:\\\/\\\/www.lojadeequipamentos.com.br\\\/loja\\\/produto\\\/liquidificador-lb25-basculante-baixa-rot-skymsen\\\/\",\"url\":\"https:\\\/\\\/www.lojadeequipamentos.com.br\\\/loja\\\/produto\\\/liquidificador-lb25-basculante-baixa-rot-skymsen\\\/\",\"name\":\"Liquidificador LB25 Basculante Baixa Rot. - Skymsen - Loja de Equipamentos\",\"isPartOf\":{\"@id\":\"https:\\\/\\\/www.lojadeequipamentos.com.br\\\/loja\\\/#website\"},\"primaryImageOfPage\":{\"@id\":\"https:\\\/\\\/www.lojadeequipamentos.com.br\\\/loja\\\/produto\\\/liquidificador-lb25-basculante-baixa-rot-skymsen\\\/#primaryimage\"},\"image\":{\"@id\":\"https:\\\/\\\/www.lojadeequipamentos.com.br\\\/loja\\\/produto\\\/liquidificador-lb25-basculante-baixa-rot-skymsen\\\/#primaryimage\"},\"thumbnailUrl\":\"https:\\\/\\\/www.lojadeequipamentos.com.br\\\/loja\\\/wp-content\\\/uploads\\\/2021\\\/06\\\/lb25-1.jpg\",\"datePublished\":\"2021-06-26T16:11:36+00:00\",\"dateModified\":\"2024-09-07T13:23:42+00:00\",\"description\":\"Liquidificador LB25 Basculante Baixa Rota\u00e7\u00e3o Basculante - Skymsen R$ 1997,00\",\"breadcrumb\":{\"@id\":\"https:\\\/\\\/www.lojadeequipamentos.com.br\\\/loja\\\/produto\\\/liquidificador-lb25-basculante-baixa-rot-skymsen\\\/#breadcrumb\"},\"inLanguage\":\"pt-BR\",\"potentialAction\":[{\"@type\":\"ReadAction\",\"target\":[\"https:\\\/\\\/www.lojadeequipamentos.com.br\\\/loja\\\/produto\\\/liquidificador-lb25-basculante-baixa-rot-skymsen\\\/\"]}]},{\"@type\":\"ImageObject\",\"inLanguage\":\"pt-BR\",\"@id\":\"https:\\\/\\\/www.lojadeequipamentos.com.br\\\/loja\\\/produto\\\/liquidificador-lb25-basculante-baixa-rot-skymsen\\\/#primaryimage\",\"url\":\"https:\\\/\\\/www.lojadeequipamentos.com.br\\\/loja\\\/wp-content\\\/uploads\\\/2021\\\/06\\\/lb25-1.jpg\",\"contentUrl\":\"https:\\\/\\\/www.lojadeequipamentos.com.br\\\/loja\\\/wp-content\\\/uploads\\\/2021\\\/06\\\/lb25-1.jpg\",\"width\":350,\"height\":350},{\"@type\":\"BreadcrumbList\",\"@id\":\"https:\\\/\\\/www.lojadeequipamentos.com.br\\\/loja\\\/produto\\\/liquidificador-lb25-basculante-baixa-rot-skymsen\\\/#breadcrumb\",\"itemListElement\":[{\"@type\":\"ListItem\",\"position\":1,\"name\":\"In\u00edcio\",\"item\":\"https:\\\/\\\/www.lojadeequipamentos.com.br\\\/loja\\\/\"},{\"@type\":\"ListItem\",\"position\":2,\"name\":\"Loja Virtual\",\"item\":\"https:\\\/\\\/www.lojadeequipamentos.com.br\\\/loja\\\/shop\\\/\"},{\"@type\":\"ListItem\",\"position\":3,\"name\":\"Liquidificador LB25 Basculante Baixa Rot. &#8211; Skymsen\"}]},{\"@type\":\"WebSite\",\"@id\":\"https:\\\/\\\/www.lojadeequipamentos.com.br\\\/loja\\\/#website\",\"url\":\"https:\\\/\\\/www.lojadeequipamentos.com.br\\\/loja\\\/\",\"name\":\"Loja de Equipamentos\",\"description\":\"\",\"potentialAction\":[{\"@type\":\"SearchAction\",\"target\":{\"@type\":\"EntryPoint\",\"urlTemplate\":\"https:\\\/\\\/www.lojadeequipamentos.com.br\\\/loja\\\/?s={search_term_string}\"},\"query-input\":{\"@type\":\"PropertyValueSpecification\",\"valueRequired\":true,\"valueName\":\"search_term_string\"}}],\"inLanguage\":\"pt-BR\"}]}<\/script>\n<!-- \/ Yoast SEO plugin. -->","yoast_head_json":{"title":"Liquidificador LB25 Basculante Baixa Rot. - Skymsen - Loja de Equipamentos","description":"Liquidificador LB25 Basculante Baixa Rota\u00e7\u00e3o Basculante - Skymsen R$ 1997,00","robots":{"index":"index","follow":"follow","max-snippet":"max-snippet:-1","max-image-preview":"max-image-preview:large","max-video-preview":"max-video-preview:-1"},"canonical":"https:\/\/www.lojadeequipamentos.com.br\/loja\/produto\/liquidificador-lb25-basculante-baixa-rot-skymsen\/","og_locale":"pt_BR","og_type":"article","og_title":"Liquidificador LB25 Basculante Baixa Rot. - Skymsen - Loja de Equipamentos","og_description":"Liquidificador LB25 Basculante Baixa Rota\u00e7\u00e3o Basculante - Skymsen R$ 1997,00","og_url":"https:\/\/www.lojadeequipamentos.com.br\/loja\/produto\/liquidificador-lb25-basculante-baixa-rot-skymsen\/","og_site_name":"Loja de Equipamentos","article_modified_time":"2024-09-07T13:23:42+00:00","og_image":[{"width":350,"height":350,"url":"https:\/\/www.lojadeequipamentos.com.br\/loja\/wp-content\/uploads\/2021\/06\/lb25-1.jpg","type":"image\/jpeg"}],"twitter_card":"summary_large_image","twitter_misc":{"Est. tempo de leitura":"2 minutos"},"schema":{"@context":"https:\/\/schema.org","@graph":[{"@type":"WebPage","@id":"https:\/\/www.lojadeequipamentos.com.br\/loja\/produto\/liquidificador-lb25-basculante-baixa-rot-skymsen\/","url":"https:\/\/www.lojadeequipamentos.com.br\/loja\/produto\/liquidificador-lb25-basculante-baixa-rot-skymsen\/","name":"Liquidificador LB25 Basculante Baixa Rot. - Skymsen - Loja de Equipamentos","isPartOf":{"@id":"https:\/\/www.lojadeequipamentos.com.br\/loja\/#website"},"primaryImageOfPage":{"@id":"https:\/\/www.lojadeequipamentos.com.br\/loja\/produto\/liquidificador-lb25-basculante-baixa-rot-skymsen\/#primaryimage"},"image":{"@id":"https:\/\/www.lojadeequipamentos.com.br\/loja\/produto\/liquidificador-lb25-basculante-baixa-rot-skymsen\/#primaryimage"},"thumbnailUrl":"https:\/\/www.lojadeequipamentos.com.br\/loja\/wp-content\/uploads\/2021\/06\/lb25-1.jpg","datePublished":"2021-06-26T16:11:36+00:00","dateModified":"2024-09-07T13:23:42+00:00","description":"Liquidificador LB25 Basculante Baixa Rota\u00e7\u00e3o Basculante - Skymsen R$ 1997,00","breadcrumb":{"@id":"https:\/\/www.lojadeequipamentos.com.br\/loja\/produto\/liquidificador-lb25-basculante-baixa-rot-skymsen\/#breadcrumb"},"inLanguage":"pt-BR","potentialAction":[{"@type":"ReadAction","target":["https:\/\/www.lojadeequipamentos.com.br\/loja\/produto\/liquidificador-lb25-basculante-baixa-rot-skymsen\/"]}]},{"@type":"ImageObject","inLanguage":"pt-BR","@id":"https:\/\/www.lojadeequipamentos.com.br\/loja\/produto\/liquidificador-lb25-basculante-baixa-rot-skymsen\/#primaryimage","url":"https:\/\/www.lojadeequipamentos.com.br\/loja\/wp-content\/uploads\/2021\/06\/lb25-1.jpg","contentUrl":"https:\/\/www.lojadeequipamentos.com.br\/loja\/wp-content\/uploads\/2021\/06\/lb25-1.jpg","width":350,"height":350},{"@type":"BreadcrumbList","@id":"https:\/\/www.lojadeequipamentos.com.br\/loja\/produto\/liquidificador-lb25-basculante-baixa-rot-skymsen\/#breadcrumb","itemListElement":[{"@type":"ListItem","position":1,"name":"In\u00edcio","item":"https:\/\/www.lojadeequipamentos.com.br\/loja\/"},{"@type":"ListItem","position":2,"name":"Loja Virtual","item":"https:\/\/www.lojadeequipamentos.com.br\/loja\/shop\/"},{"@type":"ListItem","position":3,"name":"Liquidificador LB25 Basculante Baixa Rot. &#8211; Skymsen"}]},{"@type":"WebSite","@id":"https:\/\/www.lojadeequipamentos.com.br\/loja\/#website","url":"https:\/\/www.lojadeequipamentos.com.br\/loja\/","name":"Loja de Equipamentos","description":"","potentialAction":[{"@type":"SearchAction","target":{"@type":"EntryPoint","urlTemplate":"https:\/\/www.lojadeequipamentos.com.br\/loja\/?s={search_term_string}"},"query-input":{"@type":"PropertyValueSpecification","valueRequired":true,"valueName":"search_term_string"}}],"inLanguage":"pt-BR"}]}},"_links":{"self":[{"href":"https:\/\/www.lojadeequipamentos.com.br\/loja\/wp-json\/wp\/v2\/product\/6149","targetHints":{"allow":["GET"]}}],"collection":[{"href":"https:\/\/www.lojadeequipamentos.com.br\/loja\/wp-json\/wp\/v2\/product"}],"about":[{"href":"https:\/\/www.lojadeequipamentos.com.br\/loja\/wp-json\/wp\/v2\/types\/product"}],"replies":[{"embeddable":true,"href":"https:\/\/www.lojadeequipamentos.com.br\/loja\/wp-json\/wp\/v2\/comments?post=6149"}],"wp:featuredmedia":[{"embeddable":true,"href":"https:\/\/www.lojadeequipamentos.com.br\/loja\/wp-json\/wp\/v2\/media\/7493"}],"wp:attachment":[{"href":"https:\/\/www.lojadeequipamentos.com.br\/loja\/wp-json\/wp\/v2\/media?parent=6149"}],"wp:term":[{"taxonomy":"product_brand","embeddable":true,"href":"https:\/\/www.lojadeequipamentos.com.br\/loja\/wp-json\/wp\/v2\/product_brand?post=6149"},{"taxonomy":"product_cat","embeddable":true,"href":"https:\/\/www.lojadeequipamentos.com.br\/loja\/wp-json\/wp\/v2\/product_cat?post=6149"},{"taxonomy":"product_tag","embeddable":true,"href":"https:\/\/www.lojadeequipamentos.com.br\/loja\/wp-json\/wp\/v2\/product_tag?post=6149"}],"curies":[{"name":"wp","href":"https:\/\/api.w.org\/{rel}","templated":true}]}}