{"id":6140,"date":"2021-06-26T02:48:52","date_gmt":"2021-06-26T02:48:52","guid":{"rendered":"https:\/\/www.lojadeequipamentos.com.br\/loja\/?post_type=product&#038;p=6140"},"modified":"2024-09-07T13:35:50","modified_gmt":"2024-09-07T13:35:50","slug":"liquidificador-ls4-hd-baixa-rotacao-skymsen","status":"publish","type":"product","link":"https:\/\/www.lojadeequipamentos.com.br\/loja\/produto\/liquidificador-ls4-hd-baixa-rotacao-skymsen\/","title":{"rendered":"Liquidificador LS4 HD Baixa Rota\u00e7\u00e3o &#8211; Skymsen"},"content":{"rendered":"<p><strong>Liquidificador LS4 HD Baixa Rota\u00e7\u00e3o - Heavy Duty \/ Trabalho Pesado 127v ou 220v Skymsen<\/strong><\/p>\n<p>LIQUIDIFICADOR COMERCIAL INOX, COPO MONOBLOCO INOX, HEAVY DUTY<br \/>\nProduzidos em conformidade com as especifica\u00e7\u00f5es da norma NR-12 e do INMETRO, o Skymsen liquidificador \u00e9 utilizado para o preparo de cremes, caldas, pastas e massas leves em diversos tipos de cozinhas, como em restaurantes, padarias, cantinas e similares.<\/p>\n<p>Garantindo a total integridade do operador, o Skymsen liquidificador \u00e9 equipado com um sistema de seguran\u00e7a. Sem contar o sistema de monitoramento eletr\u00f4nico na tampa que elimina anteparo do copo e facilita a limpeza, o Skymsen liquidificador tamb\u00e9m possui anti rearme que impede o religamento autom\u00e1tico da m\u00e1quina em casos de desligamentos anormais de energia el\u00e9trica.<\/p>\n<p>O copo do Skymsen liquidificador ainda possui uma tampa desenvolvida em borracha at\u00f3xica, a qual proporciona uma eficiente veda\u00e7\u00e3o durante o processamento.<\/p>\n<p>CARACTER\u00cdSTICAS T\u00c9CNICAS<br \/>\nModelo: LS4-HD<br \/>\nTens\u00e3o El\u00e9trica \/ Frequ\u00eancia \/ Fases: 127v ou 220v \/ 50-60 Hz \/ 1<br \/>\nPot\u00eancia Nominal: 665w<br \/>\nPot\u00eancia do Motor: 0,5 cv<br \/>\nRota\u00e7\u00e3o: 3.500 rpm<br \/>\nConsumo: 0.67 kWh<br \/>\nDimens\u00f5es: [AxLxP]: 660 x 290 x 280 mm<br \/>\nDim. da Embalagem [AxLxP]: 705 x 340 x 330 mm<br \/>\nPeso Liquido \/ Bruto: 10.40 kg \/ 11.90 kg<br \/>\nVolume M\u00e1ximo do Copo: 4 Litros<br \/>\nClassifica\u00e7\u00e3o Fiscal [NCM]: 84386000<br \/>\nEAN-13: 7895707560048 (127v)<br \/>\nEAN-13: 7895707560277 (220v)<\/p>\n<p><strong>FAVOR ENTRAR EM CONTATO PARA COTA\u00c7\u00c3O DE FRETE<\/strong><\/p>\n<p><a href=\"https:\/\/api.whatsapp.com\/send?phone=5521964144201\"><img loading=\"lazy\" decoding=\"async\" class=\"alignnone size-full wp-image-4307\" src=\"http:\/\/www.lojadeequipamentos.com.br\/loja\/wp-content\/uploads\/2020\/08\/botao_whatsapp.png\" alt=\"botao_whatsapp\" width=\"226\" height=\"82\" \/><\/a><\/p>\n","protected":false},"excerpt":{"rendered":"<strong>Liquidificador LS4 HD Baixa Rota\u00e7\u00e3o - Heavy Duty Skymsen<\/strong>","protected":false},"featured_media":7752,"comment_status":"open","ping_status":"closed","template":"","meta":{"_links_to":"","_links_to_target":""},"product_brand":[],"product_cat":[6599],"product_tag":[8572,8573,6978,6984,6985,6982,6979,8574,8575,8576,8578,8577,6980,8579,8580],"class_list":{"0":"post-6140","1":"product","2":"type-product","3":"status-publish","4":"has-post-thumbnail","6":"product_cat-liquidificador-skymsen","7":"product_tag-ean-13-7895707560048","8":"product_tag-ean-13-7895707560277","9":"product_tag-liquidificador-de-baixa-rot","10":"product_tag-liquidificador-de-baixa-rot-3500-rpm","11":"product_tag-liquidificador-de-baixa-rot-665w","12":"product_tag-liquidificador-de-baixa-rot-copo-4-litros","13":"product_tag-liquidificador-de-baixa-rot-skymsen","14":"product_tag-liquidificador-ls4-hd","15":"product_tag-liquidificador-skymsen-ls4-hd","16":"product_tag-ls4-hd","17":"product_tag-ls4-hd-liquidificador","18":"product_tag-ls4-hd-skymsen","19":"product_tag-skymsen-liquidificador-de-baixa-rot","20":"product_tag-skymsen-liquidificador-ls4-hd","21":"product_tag-skymsen-ls4-hd","23":"first","24":"instock","25":"shipping-taxable","26":"purchasable","27":"product-type-simple"},"yoast_head":"<!-- This site is optimized with the Yoast SEO plugin v27.3 - https:\/\/yoast.com\/product\/yoast-seo-wordpress\/ -->\n<title>Liquidificador LS4 HD Baixa Rota\u00e7\u00e3o - Skymsen - Loja de Equipamentos<\/title>\n<meta name=\"description\" content=\"Liquidificador LS4 HD Baixa Rota\u00e7\u00e3o - Heavy Duty \/ Trabalho Pesado 127v ou 220v Skymsen R$ 1.773,00\" \/>\n<meta name=\"robots\" content=\"index, follow, max-snippet:-1, max-image-preview:large, max-video-preview:-1\" \/>\n<link rel=\"canonical\" href=\"https:\/\/www.lojadeequipamentos.com.br\/loja\/produto\/liquidificador-ls4-hd-baixa-rotacao-skymsen\/\" \/>\n<meta property=\"og:locale\" content=\"pt_BR\" \/>\n<meta property=\"og:type\" content=\"article\" \/>\n<meta property=\"og:title\" content=\"Liquidificador LS4 HD Baixa Rota\u00e7\u00e3o - Skymsen - Loja de Equipamentos\" \/>\n<meta property=\"og:description\" content=\"Liquidificador LS4 HD Baixa Rota\u00e7\u00e3o - Heavy Duty \/ Trabalho Pesado 127v ou 220v Skymsen R$ 1.773,00\" \/>\n<meta property=\"og:url\" content=\"https:\/\/www.lojadeequipamentos.com.br\/loja\/produto\/liquidificador-ls4-hd-baixa-rotacao-skymsen\/\" \/>\n<meta property=\"og:site_name\" content=\"Loja de Equipamentos\" \/>\n<meta property=\"article:modified_time\" content=\"2024-09-07T13:35:50+00:00\" \/>\n<meta property=\"og:image\" content=\"https:\/\/www.lojadeequipamentos.com.br\/loja\/wp-content\/uploads\/2023\/09\/Liquidificador-LS4-HD-Skymsen.jpeg\" \/>\n\t<meta property=\"og:image:width\" content=\"350\" \/>\n\t<meta property=\"og:image:height\" content=\"350\" \/>\n\t<meta property=\"og:image:type\" content=\"image\/jpeg\" \/>\n<meta name=\"twitter:card\" content=\"summary_large_image\" \/>\n<meta name=\"twitter:label1\" content=\"Est. tempo de leitura\" \/>\n\t<meta name=\"twitter:data1\" content=\"2 minutos\" \/>\n<script type=\"application\/ld+json\" class=\"yoast-schema-graph\">{\"@context\":\"https:\\\/\\\/schema.org\",\"@graph\":[{\"@type\":\"WebPage\",\"@id\":\"https:\\\/\\\/www.lojadeequipamentos.com.br\\\/loja\\\/produto\\\/liquidificador-ls4-hd-baixa-rotacao-skymsen\\\/\",\"url\":\"https:\\\/\\\/www.lojadeequipamentos.com.br\\\/loja\\\/produto\\\/liquidificador-ls4-hd-baixa-rotacao-skymsen\\\/\",\"name\":\"Liquidificador LS4 HD Baixa Rota\u00e7\u00e3o - Skymsen - Loja de Equipamentos\",\"isPartOf\":{\"@id\":\"https:\\\/\\\/www.lojadeequipamentos.com.br\\\/loja\\\/#website\"},\"primaryImageOfPage\":{\"@id\":\"https:\\\/\\\/www.lojadeequipamentos.com.br\\\/loja\\\/produto\\\/liquidificador-ls4-hd-baixa-rotacao-skymsen\\\/#primaryimage\"},\"image\":{\"@id\":\"https:\\\/\\\/www.lojadeequipamentos.com.br\\\/loja\\\/produto\\\/liquidificador-ls4-hd-baixa-rotacao-skymsen\\\/#primaryimage\"},\"thumbnailUrl\":\"https:\\\/\\\/www.lojadeequipamentos.com.br\\\/loja\\\/wp-content\\\/uploads\\\/2023\\\/09\\\/Liquidificador-LS4-HD-Skymsen.jpeg\",\"datePublished\":\"2021-06-26T02:48:52+00:00\",\"dateModified\":\"2024-09-07T13:35:50+00:00\",\"description\":\"Liquidificador LS4 HD Baixa Rota\u00e7\u00e3o - Heavy Duty \\\/ Trabalho Pesado 127v ou 220v Skymsen R$ 1.773,00\",\"breadcrumb\":{\"@id\":\"https:\\\/\\\/www.lojadeequipamentos.com.br\\\/loja\\\/produto\\\/liquidificador-ls4-hd-baixa-rotacao-skymsen\\\/#breadcrumb\"},\"inLanguage\":\"pt-BR\",\"potentialAction\":[{\"@type\":\"ReadAction\",\"target\":[\"https:\\\/\\\/www.lojadeequipamentos.com.br\\\/loja\\\/produto\\\/liquidificador-ls4-hd-baixa-rotacao-skymsen\\\/\"]}]},{\"@type\":\"ImageObject\",\"inLanguage\":\"pt-BR\",\"@id\":\"https:\\\/\\\/www.lojadeequipamentos.com.br\\\/loja\\\/produto\\\/liquidificador-ls4-hd-baixa-rotacao-skymsen\\\/#primaryimage\",\"url\":\"https:\\\/\\\/www.lojadeequipamentos.com.br\\\/loja\\\/wp-content\\\/uploads\\\/2023\\\/09\\\/Liquidificador-LS4-HD-Skymsen.jpeg\",\"contentUrl\":\"https:\\\/\\\/www.lojadeequipamentos.com.br\\\/loja\\\/wp-content\\\/uploads\\\/2023\\\/09\\\/Liquidificador-LS4-HD-Skymsen.jpeg\",\"width\":350,\"height\":350},{\"@type\":\"BreadcrumbList\",\"@id\":\"https:\\\/\\\/www.lojadeequipamentos.com.br\\\/loja\\\/produto\\\/liquidificador-ls4-hd-baixa-rotacao-skymsen\\\/#breadcrumb\",\"itemListElement\":[{\"@type\":\"ListItem\",\"position\":1,\"name\":\"In\u00edcio\",\"item\":\"https:\\\/\\\/www.lojadeequipamentos.com.br\\\/loja\\\/\"},{\"@type\":\"ListItem\",\"position\":2,\"name\":\"Loja Virtual\",\"item\":\"https:\\\/\\\/www.lojadeequipamentos.com.br\\\/loja\\\/shop\\\/\"},{\"@type\":\"ListItem\",\"position\":3,\"name\":\"Liquidificador LS4 HD Baixa Rota\u00e7\u00e3o &#8211; Skymsen\"}]},{\"@type\":\"WebSite\",\"@id\":\"https:\\\/\\\/www.lojadeequipamentos.com.br\\\/loja\\\/#website\",\"url\":\"https:\\\/\\\/www.lojadeequipamentos.com.br\\\/loja\\\/\",\"name\":\"Loja de Equipamentos\",\"description\":\"\",\"potentialAction\":[{\"@type\":\"SearchAction\",\"target\":{\"@type\":\"EntryPoint\",\"urlTemplate\":\"https:\\\/\\\/www.lojadeequipamentos.com.br\\\/loja\\\/?s={search_term_string}\"},\"query-input\":{\"@type\":\"PropertyValueSpecification\",\"valueRequired\":true,\"valueName\":\"search_term_string\"}}],\"inLanguage\":\"pt-BR\"}]}<\/script>\n<!-- \/ Yoast SEO plugin. -->","yoast_head_json":{"title":"Liquidificador LS4 HD Baixa Rota\u00e7\u00e3o - Skymsen - Loja de Equipamentos","description":"Liquidificador LS4 HD Baixa Rota\u00e7\u00e3o - Heavy Duty \/ Trabalho Pesado 127v ou 220v Skymsen R$ 1.773,00","robots":{"index":"index","follow":"follow","max-snippet":"max-snippet:-1","max-image-preview":"max-image-preview:large","max-video-preview":"max-video-preview:-1"},"canonical":"https:\/\/www.lojadeequipamentos.com.br\/loja\/produto\/liquidificador-ls4-hd-baixa-rotacao-skymsen\/","og_locale":"pt_BR","og_type":"article","og_title":"Liquidificador LS4 HD Baixa Rota\u00e7\u00e3o - Skymsen - Loja de Equipamentos","og_description":"Liquidificador LS4 HD Baixa Rota\u00e7\u00e3o - Heavy Duty \/ Trabalho Pesado 127v ou 220v Skymsen R$ 1.773,00","og_url":"https:\/\/www.lojadeequipamentos.com.br\/loja\/produto\/liquidificador-ls4-hd-baixa-rotacao-skymsen\/","og_site_name":"Loja de Equipamentos","article_modified_time":"2024-09-07T13:35:50+00:00","og_image":[{"width":350,"height":350,"url":"https:\/\/www.lojadeequipamentos.com.br\/loja\/wp-content\/uploads\/2023\/09\/Liquidificador-LS4-HD-Skymsen.jpeg","type":"image\/jpeg"}],"twitter_card":"summary_large_image","twitter_misc":{"Est. tempo de leitura":"2 minutos"},"schema":{"@context":"https:\/\/schema.org","@graph":[{"@type":"WebPage","@id":"https:\/\/www.lojadeequipamentos.com.br\/loja\/produto\/liquidificador-ls4-hd-baixa-rotacao-skymsen\/","url":"https:\/\/www.lojadeequipamentos.com.br\/loja\/produto\/liquidificador-ls4-hd-baixa-rotacao-skymsen\/","name":"Liquidificador LS4 HD Baixa Rota\u00e7\u00e3o - Skymsen - Loja de Equipamentos","isPartOf":{"@id":"https:\/\/www.lojadeequipamentos.com.br\/loja\/#website"},"primaryImageOfPage":{"@id":"https:\/\/www.lojadeequipamentos.com.br\/loja\/produto\/liquidificador-ls4-hd-baixa-rotacao-skymsen\/#primaryimage"},"image":{"@id":"https:\/\/www.lojadeequipamentos.com.br\/loja\/produto\/liquidificador-ls4-hd-baixa-rotacao-skymsen\/#primaryimage"},"thumbnailUrl":"https:\/\/www.lojadeequipamentos.com.br\/loja\/wp-content\/uploads\/2023\/09\/Liquidificador-LS4-HD-Skymsen.jpeg","datePublished":"2021-06-26T02:48:52+00:00","dateModified":"2024-09-07T13:35:50+00:00","description":"Liquidificador LS4 HD Baixa Rota\u00e7\u00e3o - Heavy Duty \/ Trabalho Pesado 127v ou 220v Skymsen R$ 1.773,00","breadcrumb":{"@id":"https:\/\/www.lojadeequipamentos.com.br\/loja\/produto\/liquidificador-ls4-hd-baixa-rotacao-skymsen\/#breadcrumb"},"inLanguage":"pt-BR","potentialAction":[{"@type":"ReadAction","target":["https:\/\/www.lojadeequipamentos.com.br\/loja\/produto\/liquidificador-ls4-hd-baixa-rotacao-skymsen\/"]}]},{"@type":"ImageObject","inLanguage":"pt-BR","@id":"https:\/\/www.lojadeequipamentos.com.br\/loja\/produto\/liquidificador-ls4-hd-baixa-rotacao-skymsen\/#primaryimage","url":"https:\/\/www.lojadeequipamentos.com.br\/loja\/wp-content\/uploads\/2023\/09\/Liquidificador-LS4-HD-Skymsen.jpeg","contentUrl":"https:\/\/www.lojadeequipamentos.com.br\/loja\/wp-content\/uploads\/2023\/09\/Liquidificador-LS4-HD-Skymsen.jpeg","width":350,"height":350},{"@type":"BreadcrumbList","@id":"https:\/\/www.lojadeequipamentos.com.br\/loja\/produto\/liquidificador-ls4-hd-baixa-rotacao-skymsen\/#breadcrumb","itemListElement":[{"@type":"ListItem","position":1,"name":"In\u00edcio","item":"https:\/\/www.lojadeequipamentos.com.br\/loja\/"},{"@type":"ListItem","position":2,"name":"Loja Virtual","item":"https:\/\/www.lojadeequipamentos.com.br\/loja\/shop\/"},{"@type":"ListItem","position":3,"name":"Liquidificador LS4 HD Baixa Rota\u00e7\u00e3o &#8211; Skymsen"}]},{"@type":"WebSite","@id":"https:\/\/www.lojadeequipamentos.com.br\/loja\/#website","url":"https:\/\/www.lojadeequipamentos.com.br\/loja\/","name":"Loja de Equipamentos","description":"","potentialAction":[{"@type":"SearchAction","target":{"@type":"EntryPoint","urlTemplate":"https:\/\/www.lojadeequipamentos.com.br\/loja\/?s={search_term_string}"},"query-input":{"@type":"PropertyValueSpecification","valueRequired":true,"valueName":"search_term_string"}}],"inLanguage":"pt-BR"}]}},"_links":{"self":[{"href":"https:\/\/www.lojadeequipamentos.com.br\/loja\/wp-json\/wp\/v2\/product\/6140","targetHints":{"allow":["GET"]}}],"collection":[{"href":"https:\/\/www.lojadeequipamentos.com.br\/loja\/wp-json\/wp\/v2\/product"}],"about":[{"href":"https:\/\/www.lojadeequipamentos.com.br\/loja\/wp-json\/wp\/v2\/types\/product"}],"replies":[{"embeddable":true,"href":"https:\/\/www.lojadeequipamentos.com.br\/loja\/wp-json\/wp\/v2\/comments?post=6140"}],"wp:featuredmedia":[{"embeddable":true,"href":"https:\/\/www.lojadeequipamentos.com.br\/loja\/wp-json\/wp\/v2\/media\/7752"}],"wp:attachment":[{"href":"https:\/\/www.lojadeequipamentos.com.br\/loja\/wp-json\/wp\/v2\/media?parent=6140"}],"wp:term":[{"taxonomy":"product_brand","embeddable":true,"href":"https:\/\/www.lojadeequipamentos.com.br\/loja\/wp-json\/wp\/v2\/product_brand?post=6140"},{"taxonomy":"product_cat","embeddable":true,"href":"https:\/\/www.lojadeequipamentos.com.br\/loja\/wp-json\/wp\/v2\/product_cat?post=6140"},{"taxonomy":"product_tag","embeddable":true,"href":"https:\/\/www.lojadeequipamentos.com.br\/loja\/wp-json\/wp\/v2\/product_tag?post=6140"}],"curies":[{"name":"wp","href":"https:\/\/api.w.org\/{rel}","templated":true}]}}