{"id":6118,"date":"2021-06-22T21:44:15","date_gmt":"2021-06-22T21:44:15","guid":{"rendered":"https:\/\/www.lojadeequipamentos.com.br\/loja\/?post_type=product&#038;p=6118"},"modified":"2024-09-07T13:50:48","modified_gmt":"2024-09-07T13:50:48","slug":"liquidificador-lc4-baixa-rotacao-skymsen","status":"publish","type":"product","link":"https:\/\/www.lojadeequipamentos.com.br\/loja\/produto\/liquidificador-lc4-baixa-rotacao-skymsen\/","title":{"rendered":"Liquidificador LC4 Baixa Rota\u00e7\u00e3o &#8211; Skymsen"},"content":{"rendered":"<p><strong>Liquidificador LC4 Baixa Rota\u00e7\u00e3o - Skymsen<\/strong><\/p>\n<p>LIQUIDIFICADOR COMERCIAL INOX, COPO MONOBLOCO INOX<br \/>\nO liquidificador comercial \u00e9 o equipamento mais utilizados e indispens\u00e1vel nas cozinhas comerciais, sendo respons\u00e1vel pelo preparo de diversas receitas.<br \/>\nPensando nisso, que desenvolvemos o liquidificador comercial LC4 para oferecer aos estabelecimentos um equipamento com o desempenho e pot\u00eancia necess\u00e1ria para o dia a dia da Skymsen.<br \/>\nToda a estrutura do liquidificador comercial LC4 foi pensada para garantir um preparo eficiente de diversos tipos de alimentos, inclusive os mais cremosos, como molhos, condimentos, maioneses e cremes. Seu motor de 0,5 CV permite atingir uma rota\u00e7\u00e3o incr\u00edvel de 4.500 rpm, garantindo o m\u00e1ximo de efici\u00eancia em sua cozinha com excelente desempenho, oferecendo assim o melhor custo-benef\u00edcio para o seu neg\u00f3cio.<br \/>\nUma das grandes vantagens desse modelo \u00e9 o seu copo monobloco, constru\u00eddo em formato \u201cV\u201d que assegura que os alimentos sejam direcionados \u00e0s l\u00e2minas e triturados de forma homog\u00eanea em poucos segundos. Produzido em a\u00e7o inox, oferece maior facilidade em sua higieniza\u00e7\u00e3o, evitando o ac\u00famulo de res\u00edduos que podem deixar gosto ou causar mau cheiro.<\/p>\n<p>CARACTER\u00cdSTICAS T\u00c9CNICAS<br \/>\nModelo: LC4<br \/>\nTens\u00e3o El\u00e9trica \/ Frequ\u00eancia \/ Fases: 127v ou 220v \/ 50-60 Hz \/ 1<br \/>\nPot\u00eancia Nominal: 500w<br \/>\nRota\u00e7\u00e3o: 4.500 rpm<br \/>\nPot\u00eancia do Motor: 0,5 cv<br \/>\nConsumo: 0.5 kWh<br \/>\nDimens\u00f5es: [AxLxP]: 660 x 290 x 280 mm<br \/>\nDim. da Embalagem [AxLxP]: 400 x 290 x 525 mm<br \/>\nPeso Liquido \/ Bruto: 5 kg \/ 6,30 kg<br \/>\nVolume M\u00e1ximo do Copo: 4 Litros<br \/>\nClassifica\u00e7\u00e3o Fiscal [NCM]: 84386000<br \/>\nEAN-13: 7895707565500 (127v)<br \/>\nEAN-13: 7895707565524 (220v)<\/p>\n<p><strong>FAVOR ENTRAR EM CONTATO PARA COTA\u00c7\u00c3O DE FRETE<\/strong><\/p>\n<p><a href=\"https:\/\/api.whatsapp.com\/send?phone=5521964144201\"><img loading=\"lazy\" decoding=\"async\" class=\"alignnone size-full wp-image-4307\" src=\"http:\/\/www.lojadeequipamentos.com.br\/loja\/wp-content\/uploads\/2020\/08\/botao_whatsapp.png\" alt=\"botao_whatsapp\" width=\"226\" height=\"82\" \/><\/a><\/p>\n","protected":false},"excerpt":{"rendered":"<strong>Liquidificador LC4 Baixa Rota\u00e7\u00e3o - Skymsen<\/strong>","protected":false},"featured_media":7489,"comment_status":"open","ping_status":"closed","template":"","meta":{"_links_to":"","_links_to_target":""},"product_brand":[],"product_cat":[6599],"product_tag":[8691,8692,8693,8694,8695,8696,8697,6947,6951,6953,6950,6952,6948,8698,8699,8700,8701,8702,6949,8703,6954],"class_list":{"0":"post-6118","1":"product","2":"type-product","3":"status-publish","4":"has-post-thumbnail","6":"product_cat-liquidificador-skymsen","7":"product_tag-ean-13-7895707565500","8":"product_tag-ean-13-7895707565524","9":"product_tag-lc4","10":"product_tag-lc4-liquidificador","11":"product_tag-lc4-liquidificador-skymsen","12":"product_tag-lc4-skymsen","13":"product_tag-lc4-skymsen-liquidificador","14":"product_tag-liquidificador-baixa-rot-lc4","15":"product_tag-liquidificador-baixa-rot-lc4-0-5-cv","16":"product_tag-liquidificador-baixa-rot-lc4-4500rpm","17":"product_tag-liquidificador-baixa-rot-lc4-500w","18":"product_tag-liquidificador-baixa-rot-lc4-copo-4-l","19":"product_tag-liquidificador-baixa-rot-lc4-skymsen","20":"product_tag-liquidificador-lc4","21":"product_tag-liquidificador-lc4-skymsen","22":"product_tag-liquidificador-skymsen-lc4","23":"product_tag-skymsen-lc4","24":"product_tag-skymsen-lc4-liquidificador","25":"product_tag-skymsen-liquidificador-baixa-rot-lc4","26":"product_tag-skymsen-liquidificador-lc4","27":"product_tag-skymssen-liquidificador-baixa-rot-lc4-4500rpm","29":"first","30":"instock","31":"shipping-taxable","32":"purchasable","33":"product-type-simple"},"yoast_head":"<!-- This site is optimized with the Yoast SEO plugin v27.3 - https:\/\/yoast.com\/product\/yoast-seo-wordpress\/ -->\n<title>Liquidificador LC4 Baixa Rota\u00e7\u00e3o - Skymsen - Loja de Equipamentos<\/title>\n<meta name=\"description\" content=\"Liquidificador LC4 Baixa Rota\u00e7\u00e3o - Skymsen R$ 1009,00\" \/>\n<meta name=\"robots\" content=\"index, follow, max-snippet:-1, max-image-preview:large, max-video-preview:-1\" \/>\n<link rel=\"canonical\" href=\"https:\/\/www.lojadeequipamentos.com.br\/loja\/produto\/liquidificador-lc4-baixa-rotacao-skymsen\/\" \/>\n<meta property=\"og:locale\" content=\"pt_BR\" \/>\n<meta property=\"og:type\" content=\"article\" \/>\n<meta property=\"og:title\" content=\"Liquidificador LC4 Baixa Rota\u00e7\u00e3o - Skymsen - Loja de Equipamentos\" \/>\n<meta property=\"og:description\" content=\"Liquidificador LC4 Baixa Rota\u00e7\u00e3o - Skymsen R$ 1009,00\" \/>\n<meta property=\"og:url\" content=\"https:\/\/www.lojadeequipamentos.com.br\/loja\/produto\/liquidificador-lc4-baixa-rotacao-skymsen\/\" \/>\n<meta property=\"og:site_name\" content=\"Loja de Equipamentos\" \/>\n<meta property=\"article:modified_time\" content=\"2024-09-07T13:50:48+00:00\" \/>\n<meta property=\"og:image\" content=\"https:\/\/www.lojadeequipamentos.com.br\/loja\/wp-content\/uploads\/2021\/06\/lc4-1.jpg\" \/>\n\t<meta property=\"og:image:width\" content=\"350\" \/>\n\t<meta property=\"og:image:height\" content=\"350\" \/>\n\t<meta property=\"og:image:type\" content=\"image\/jpeg\" \/>\n<meta name=\"twitter:card\" content=\"summary_large_image\" \/>\n<meta name=\"twitter:label1\" content=\"Est. tempo de leitura\" \/>\n\t<meta name=\"twitter:data1\" content=\"2 minutos\" \/>\n<script type=\"application\/ld+json\" class=\"yoast-schema-graph\">{\"@context\":\"https:\\\/\\\/schema.org\",\"@graph\":[{\"@type\":\"WebPage\",\"@id\":\"https:\\\/\\\/www.lojadeequipamentos.com.br\\\/loja\\\/produto\\\/liquidificador-lc4-baixa-rotacao-skymsen\\\/\",\"url\":\"https:\\\/\\\/www.lojadeequipamentos.com.br\\\/loja\\\/produto\\\/liquidificador-lc4-baixa-rotacao-skymsen\\\/\",\"name\":\"Liquidificador LC4 Baixa Rota\u00e7\u00e3o - Skymsen - Loja de Equipamentos\",\"isPartOf\":{\"@id\":\"https:\\\/\\\/www.lojadeequipamentos.com.br\\\/loja\\\/#website\"},\"primaryImageOfPage\":{\"@id\":\"https:\\\/\\\/www.lojadeequipamentos.com.br\\\/loja\\\/produto\\\/liquidificador-lc4-baixa-rotacao-skymsen\\\/#primaryimage\"},\"image\":{\"@id\":\"https:\\\/\\\/www.lojadeequipamentos.com.br\\\/loja\\\/produto\\\/liquidificador-lc4-baixa-rotacao-skymsen\\\/#primaryimage\"},\"thumbnailUrl\":\"https:\\\/\\\/www.lojadeequipamentos.com.br\\\/loja\\\/wp-content\\\/uploads\\\/2021\\\/06\\\/lc4-1.jpg\",\"datePublished\":\"2021-06-22T21:44:15+00:00\",\"dateModified\":\"2024-09-07T13:50:48+00:00\",\"description\":\"Liquidificador LC4 Baixa Rota\u00e7\u00e3o - Skymsen R$ 1009,00\",\"breadcrumb\":{\"@id\":\"https:\\\/\\\/www.lojadeequipamentos.com.br\\\/loja\\\/produto\\\/liquidificador-lc4-baixa-rotacao-skymsen\\\/#breadcrumb\"},\"inLanguage\":\"pt-BR\",\"potentialAction\":[{\"@type\":\"ReadAction\",\"target\":[\"https:\\\/\\\/www.lojadeequipamentos.com.br\\\/loja\\\/produto\\\/liquidificador-lc4-baixa-rotacao-skymsen\\\/\"]}]},{\"@type\":\"ImageObject\",\"inLanguage\":\"pt-BR\",\"@id\":\"https:\\\/\\\/www.lojadeequipamentos.com.br\\\/loja\\\/produto\\\/liquidificador-lc4-baixa-rotacao-skymsen\\\/#primaryimage\",\"url\":\"https:\\\/\\\/www.lojadeequipamentos.com.br\\\/loja\\\/wp-content\\\/uploads\\\/2021\\\/06\\\/lc4-1.jpg\",\"contentUrl\":\"https:\\\/\\\/www.lojadeequipamentos.com.br\\\/loja\\\/wp-content\\\/uploads\\\/2021\\\/06\\\/lc4-1.jpg\",\"width\":350,\"height\":350},{\"@type\":\"BreadcrumbList\",\"@id\":\"https:\\\/\\\/www.lojadeequipamentos.com.br\\\/loja\\\/produto\\\/liquidificador-lc4-baixa-rotacao-skymsen\\\/#breadcrumb\",\"itemListElement\":[{\"@type\":\"ListItem\",\"position\":1,\"name\":\"In\u00edcio\",\"item\":\"https:\\\/\\\/www.lojadeequipamentos.com.br\\\/loja\\\/\"},{\"@type\":\"ListItem\",\"position\":2,\"name\":\"Loja Virtual\",\"item\":\"https:\\\/\\\/www.lojadeequipamentos.com.br\\\/loja\\\/shop\\\/\"},{\"@type\":\"ListItem\",\"position\":3,\"name\":\"Liquidificador LC4 Baixa Rota\u00e7\u00e3o &#8211; Skymsen\"}]},{\"@type\":\"WebSite\",\"@id\":\"https:\\\/\\\/www.lojadeequipamentos.com.br\\\/loja\\\/#website\",\"url\":\"https:\\\/\\\/www.lojadeequipamentos.com.br\\\/loja\\\/\",\"name\":\"Loja de Equipamentos\",\"description\":\"\",\"potentialAction\":[{\"@type\":\"SearchAction\",\"target\":{\"@type\":\"EntryPoint\",\"urlTemplate\":\"https:\\\/\\\/www.lojadeequipamentos.com.br\\\/loja\\\/?s={search_term_string}\"},\"query-input\":{\"@type\":\"PropertyValueSpecification\",\"valueRequired\":true,\"valueName\":\"search_term_string\"}}],\"inLanguage\":\"pt-BR\"}]}<\/script>\n<!-- \/ Yoast SEO plugin. -->","yoast_head_json":{"title":"Liquidificador LC4 Baixa Rota\u00e7\u00e3o - Skymsen - Loja de Equipamentos","description":"Liquidificador LC4 Baixa Rota\u00e7\u00e3o - Skymsen R$ 1009,00","robots":{"index":"index","follow":"follow","max-snippet":"max-snippet:-1","max-image-preview":"max-image-preview:large","max-video-preview":"max-video-preview:-1"},"canonical":"https:\/\/www.lojadeequipamentos.com.br\/loja\/produto\/liquidificador-lc4-baixa-rotacao-skymsen\/","og_locale":"pt_BR","og_type":"article","og_title":"Liquidificador LC4 Baixa Rota\u00e7\u00e3o - Skymsen - Loja de Equipamentos","og_description":"Liquidificador LC4 Baixa Rota\u00e7\u00e3o - Skymsen R$ 1009,00","og_url":"https:\/\/www.lojadeequipamentos.com.br\/loja\/produto\/liquidificador-lc4-baixa-rotacao-skymsen\/","og_site_name":"Loja de Equipamentos","article_modified_time":"2024-09-07T13:50:48+00:00","og_image":[{"width":350,"height":350,"url":"https:\/\/www.lojadeequipamentos.com.br\/loja\/wp-content\/uploads\/2021\/06\/lc4-1.jpg","type":"image\/jpeg"}],"twitter_card":"summary_large_image","twitter_misc":{"Est. tempo de leitura":"2 minutos"},"schema":{"@context":"https:\/\/schema.org","@graph":[{"@type":"WebPage","@id":"https:\/\/www.lojadeequipamentos.com.br\/loja\/produto\/liquidificador-lc4-baixa-rotacao-skymsen\/","url":"https:\/\/www.lojadeequipamentos.com.br\/loja\/produto\/liquidificador-lc4-baixa-rotacao-skymsen\/","name":"Liquidificador LC4 Baixa Rota\u00e7\u00e3o - Skymsen - Loja de Equipamentos","isPartOf":{"@id":"https:\/\/www.lojadeequipamentos.com.br\/loja\/#website"},"primaryImageOfPage":{"@id":"https:\/\/www.lojadeequipamentos.com.br\/loja\/produto\/liquidificador-lc4-baixa-rotacao-skymsen\/#primaryimage"},"image":{"@id":"https:\/\/www.lojadeequipamentos.com.br\/loja\/produto\/liquidificador-lc4-baixa-rotacao-skymsen\/#primaryimage"},"thumbnailUrl":"https:\/\/www.lojadeequipamentos.com.br\/loja\/wp-content\/uploads\/2021\/06\/lc4-1.jpg","datePublished":"2021-06-22T21:44:15+00:00","dateModified":"2024-09-07T13:50:48+00:00","description":"Liquidificador LC4 Baixa Rota\u00e7\u00e3o - Skymsen R$ 1009,00","breadcrumb":{"@id":"https:\/\/www.lojadeequipamentos.com.br\/loja\/produto\/liquidificador-lc4-baixa-rotacao-skymsen\/#breadcrumb"},"inLanguage":"pt-BR","potentialAction":[{"@type":"ReadAction","target":["https:\/\/www.lojadeequipamentos.com.br\/loja\/produto\/liquidificador-lc4-baixa-rotacao-skymsen\/"]}]},{"@type":"ImageObject","inLanguage":"pt-BR","@id":"https:\/\/www.lojadeequipamentos.com.br\/loja\/produto\/liquidificador-lc4-baixa-rotacao-skymsen\/#primaryimage","url":"https:\/\/www.lojadeequipamentos.com.br\/loja\/wp-content\/uploads\/2021\/06\/lc4-1.jpg","contentUrl":"https:\/\/www.lojadeequipamentos.com.br\/loja\/wp-content\/uploads\/2021\/06\/lc4-1.jpg","width":350,"height":350},{"@type":"BreadcrumbList","@id":"https:\/\/www.lojadeequipamentos.com.br\/loja\/produto\/liquidificador-lc4-baixa-rotacao-skymsen\/#breadcrumb","itemListElement":[{"@type":"ListItem","position":1,"name":"In\u00edcio","item":"https:\/\/www.lojadeequipamentos.com.br\/loja\/"},{"@type":"ListItem","position":2,"name":"Loja Virtual","item":"https:\/\/www.lojadeequipamentos.com.br\/loja\/shop\/"},{"@type":"ListItem","position":3,"name":"Liquidificador LC4 Baixa Rota\u00e7\u00e3o &#8211; Skymsen"}]},{"@type":"WebSite","@id":"https:\/\/www.lojadeequipamentos.com.br\/loja\/#website","url":"https:\/\/www.lojadeequipamentos.com.br\/loja\/","name":"Loja de Equipamentos","description":"","potentialAction":[{"@type":"SearchAction","target":{"@type":"EntryPoint","urlTemplate":"https:\/\/www.lojadeequipamentos.com.br\/loja\/?s={search_term_string}"},"query-input":{"@type":"PropertyValueSpecification","valueRequired":true,"valueName":"search_term_string"}}],"inLanguage":"pt-BR"}]}},"_links":{"self":[{"href":"https:\/\/www.lojadeequipamentos.com.br\/loja\/wp-json\/wp\/v2\/product\/6118","targetHints":{"allow":["GET"]}}],"collection":[{"href":"https:\/\/www.lojadeequipamentos.com.br\/loja\/wp-json\/wp\/v2\/product"}],"about":[{"href":"https:\/\/www.lojadeequipamentos.com.br\/loja\/wp-json\/wp\/v2\/types\/product"}],"replies":[{"embeddable":true,"href":"https:\/\/www.lojadeequipamentos.com.br\/loja\/wp-json\/wp\/v2\/comments?post=6118"}],"wp:featuredmedia":[{"embeddable":true,"href":"https:\/\/www.lojadeequipamentos.com.br\/loja\/wp-json\/wp\/v2\/media\/7489"}],"wp:attachment":[{"href":"https:\/\/www.lojadeequipamentos.com.br\/loja\/wp-json\/wp\/v2\/media?parent=6118"}],"wp:term":[{"taxonomy":"product_brand","embeddable":true,"href":"https:\/\/www.lojadeequipamentos.com.br\/loja\/wp-json\/wp\/v2\/product_brand?post=6118"},{"taxonomy":"product_cat","embeddable":true,"href":"https:\/\/www.lojadeequipamentos.com.br\/loja\/wp-json\/wp\/v2\/product_cat?post=6118"},{"taxonomy":"product_tag","embeddable":true,"href":"https:\/\/www.lojadeequipamentos.com.br\/loja\/wp-json\/wp\/v2\/product_tag?post=6118"}],"curies":[{"name":"wp","href":"https:\/\/api.w.org\/{rel}","templated":true}]}}