{"id":6115,"date":"2021-06-22T20:07:47","date_gmt":"2021-06-22T20:07:47","guid":{"rendered":"https:\/\/www.lojadeequipamentos.com.br\/loja\/?post_type=product&#038;p=6115"},"modified":"2024-09-07T15:18:01","modified_gmt":"2024-09-07T15:18:01","slug":"liquidificador-ta4-alta-rot-skymsen","status":"publish","type":"product","link":"https:\/\/www.lojadeequipamentos.com.br\/loja\/produto\/liquidificador-ta4-alta-rot-skymsen\/","title":{"rendered":"Liquidificador TA4 Alta Rota\u00e7\u00e3o &#8211; Skymsen"},"content":{"rendered":"<p><strong>Liquidificador TA4 Inox Alta Rota\u00e7\u00e3o - Skymsen<\/strong><\/p>\n<p>LIQUIDIFICADOR INOX, ALTA ROTA\u00c7\u00c3O, COPO MONOBLOCO INOX<br \/>\nNo dia a dia dos mais variados tipos de estabelecimentos comerciais, o processo de liquidifica\u00e7\u00e3o \u00e9 fundamental na produ\u00e7\u00e3o de diversas receitas. Para tornar esse processo mais pr\u00e1tico e eficiente, a Skymsen apresenta o liquidificador de alta rota\u00e7\u00e3o copo monobloco, um equipamento robusto e resistente, pronto para executar o preparo vitaminas e sucos a base de frutas ou polpas congeladas com muita agilidade e alto rendimento, fazendo deste, um equipamento perfeito para cozinhas comerciais de todos os tipos.<\/p>\n<p>O exclusivo copo monobloco em a\u00e7o inox sem soldas, \u00e9 outro item de destaque nesse equipamento, pois proporciona maior facilidade na hora de higienizar, sem o ac\u00famulo de res\u00edduos nem sabores.<\/p>\n<p>Tens\u00e3o El\u00e9trica \/ Frequ\u00eancia \/ Fases: 127v ou 220v \/ 50-60 Hz \/ 1<br \/>\nPot\u00eancia Nominal: 590w<br \/>\nPot\u00eancia do Motor: 1200w<br \/>\nRota\u00e7\u00e3o: 22.000 rpm<br \/>\nConsumo: 0.59 kWh<br \/>\nDimens\u00f5es: [AxLxP]: 700 x 270 x 240 mm<br \/>\nDim. da Embalagem [AxLxP]: 470 x 525 x 305 mm<br \/>\nPeso Liquido \/ Bruto: 5.30 kg \/ 6.40 kg<br \/>\nVolume M\u00e1ximo do Copo: 4 Litros<br \/>\nClassifica\u00e7\u00e3o Fiscal [NCM]: 84386000<br \/>\nEAN-13: 78957074956 (127v)<br \/>\nEAN-13: 78957074963 (220v)<\/p>\n<p><strong>FAVOR ENTRAR EM CONTATO PARA COTA\u00c7\u00c3O DE FRETE<\/strong><\/p>\n<p><a href=\"https:\/\/api.whatsapp.com\/send?phone=5521964144201\"><img loading=\"lazy\" decoding=\"async\" class=\"alignnone size-full wp-image-4307\" src=\"http:\/\/www.lojadeequipamentos.com.br\/loja\/wp-content\/uploads\/2020\/08\/botao_whatsapp.png\" alt=\"botao_whatsapp\" width=\"226\" height=\"82\" \/><\/a><\/p>\n","protected":false},"excerpt":{"rendered":"<strong>Liquidificador TA4 Inox Alta Rota\u00e7\u00e3o - Skymsen<\/strong>","protected":false},"featured_media":7755,"comment_status":"open","ping_status":"closed","template":"","meta":{"_links_to":"","_links_to_target":""},"product_brand":[],"product_cat":[6599],"product_tag":[8589,8590,6882,6935,6876,6936,6938,6877,6888,8596,8591,6878,8597,8594,8592,8595,8598,8593],"class_list":{"0":"post-6115","1":"product","2":"type-product","3":"status-publish","4":"has-post-thumbnail","6":"product_cat-liquidificador-skymsen","7":"product_tag-ean-13-78957074956","8":"product_tag-ean-13-78957074963","9":"product_tag-liquidificador","10":"product_tag-liquidificador-590w","11":"product_tag-liquidificador-de-alta-rotacao","12":"product_tag-liquidificador-de-alta-rotacao-1200w","13":"product_tag-liquidificador-de-alta-rotacao-copo-4-l","14":"product_tag-liquidificador-de-alta-rotacao-skymsen","15":"product_tag-liquidificador-inox","16":"product_tag-liquidificador-skymsen-ta4","17":"product_tag-liquidificador-ta4","18":"product_tag-skymsen-liquidificador-de-alta-rotacao","19":"product_tag-skymsen-liquidificador-ta4","20":"product_tag-skymsen-ta4","21":"product_tag-ta4","22":"product_tag-ta4-liquidificador","23":"product_tag-ta4-liquidificador-skymsen","24":"product_tag-ta4-skymsen","26":"first","27":"instock","28":"shipping-taxable","29":"purchasable","30":"product-type-simple"},"yoast_head":"<!-- This site is optimized with the Yoast SEO plugin v27.3 - https:\/\/yoast.com\/product\/yoast-seo-wordpress\/ -->\n<title>Liquidificador TA4 Alta Rota\u00e7\u00e3o - Skymsen - Loja de Equipamentos<\/title>\n<meta name=\"description\" content=\"Liquidificador TA4 Inox Alta Rota\u00e7\u00e3o - Skymsen R$ 1028,00\" \/>\n<meta name=\"robots\" content=\"index, follow, max-snippet:-1, max-image-preview:large, max-video-preview:-1\" \/>\n<link rel=\"canonical\" href=\"https:\/\/www.lojadeequipamentos.com.br\/loja\/produto\/liquidificador-ta4-alta-rot-skymsen\/\" \/>\n<meta property=\"og:locale\" content=\"pt_BR\" \/>\n<meta property=\"og:type\" content=\"article\" \/>\n<meta property=\"og:title\" content=\"Liquidificador TA4 Alta Rota\u00e7\u00e3o - Skymsen - Loja de Equipamentos\" \/>\n<meta property=\"og:description\" content=\"Liquidificador TA4 Inox Alta Rota\u00e7\u00e3o - Skymsen R$ 1028,00\" \/>\n<meta property=\"og:url\" content=\"https:\/\/www.lojadeequipamentos.com.br\/loja\/produto\/liquidificador-ta4-alta-rot-skymsen\/\" \/>\n<meta property=\"og:site_name\" content=\"Loja de Equipamentos\" \/>\n<meta property=\"article:modified_time\" content=\"2024-09-07T15:18:01+00:00\" \/>\n<meta property=\"og:image\" content=\"https:\/\/www.lojadeequipamentos.com.br\/loja\/wp-content\/uploads\/2023\/09\/Liquidificador-TA4-Skymsen.jpeg\" \/>\n\t<meta property=\"og:image:width\" content=\"350\" \/>\n\t<meta property=\"og:image:height\" content=\"350\" \/>\n\t<meta property=\"og:image:type\" content=\"image\/jpeg\" \/>\n<meta name=\"twitter:card\" content=\"summary_large_image\" \/>\n<meta name=\"twitter:label1\" content=\"Est. tempo de leitura\" \/>\n\t<meta name=\"twitter:data1\" content=\"2 minutos\" \/>\n<script type=\"application\/ld+json\" class=\"yoast-schema-graph\">{\"@context\":\"https:\\\/\\\/schema.org\",\"@graph\":[{\"@type\":\"WebPage\",\"@id\":\"https:\\\/\\\/www.lojadeequipamentos.com.br\\\/loja\\\/produto\\\/liquidificador-ta4-alta-rot-skymsen\\\/\",\"url\":\"https:\\\/\\\/www.lojadeequipamentos.com.br\\\/loja\\\/produto\\\/liquidificador-ta4-alta-rot-skymsen\\\/\",\"name\":\"Liquidificador TA4 Alta Rota\u00e7\u00e3o - Skymsen - Loja de Equipamentos\",\"isPartOf\":{\"@id\":\"https:\\\/\\\/www.lojadeequipamentos.com.br\\\/loja\\\/#website\"},\"primaryImageOfPage\":{\"@id\":\"https:\\\/\\\/www.lojadeequipamentos.com.br\\\/loja\\\/produto\\\/liquidificador-ta4-alta-rot-skymsen\\\/#primaryimage\"},\"image\":{\"@id\":\"https:\\\/\\\/www.lojadeequipamentos.com.br\\\/loja\\\/produto\\\/liquidificador-ta4-alta-rot-skymsen\\\/#primaryimage\"},\"thumbnailUrl\":\"https:\\\/\\\/www.lojadeequipamentos.com.br\\\/loja\\\/wp-content\\\/uploads\\\/2023\\\/09\\\/Liquidificador-TA4-Skymsen.jpeg\",\"datePublished\":\"2021-06-22T20:07:47+00:00\",\"dateModified\":\"2024-09-07T15:18:01+00:00\",\"description\":\"Liquidificador TA4 Inox Alta Rota\u00e7\u00e3o - Skymsen R$ 1028,00\",\"breadcrumb\":{\"@id\":\"https:\\\/\\\/www.lojadeequipamentos.com.br\\\/loja\\\/produto\\\/liquidificador-ta4-alta-rot-skymsen\\\/#breadcrumb\"},\"inLanguage\":\"pt-BR\",\"potentialAction\":[{\"@type\":\"ReadAction\",\"target\":[\"https:\\\/\\\/www.lojadeequipamentos.com.br\\\/loja\\\/produto\\\/liquidificador-ta4-alta-rot-skymsen\\\/\"]}]},{\"@type\":\"ImageObject\",\"inLanguage\":\"pt-BR\",\"@id\":\"https:\\\/\\\/www.lojadeequipamentos.com.br\\\/loja\\\/produto\\\/liquidificador-ta4-alta-rot-skymsen\\\/#primaryimage\",\"url\":\"https:\\\/\\\/www.lojadeequipamentos.com.br\\\/loja\\\/wp-content\\\/uploads\\\/2023\\\/09\\\/Liquidificador-TA4-Skymsen.jpeg\",\"contentUrl\":\"https:\\\/\\\/www.lojadeequipamentos.com.br\\\/loja\\\/wp-content\\\/uploads\\\/2023\\\/09\\\/Liquidificador-TA4-Skymsen.jpeg\",\"width\":350,\"height\":350},{\"@type\":\"BreadcrumbList\",\"@id\":\"https:\\\/\\\/www.lojadeequipamentos.com.br\\\/loja\\\/produto\\\/liquidificador-ta4-alta-rot-skymsen\\\/#breadcrumb\",\"itemListElement\":[{\"@type\":\"ListItem\",\"position\":1,\"name\":\"In\u00edcio\",\"item\":\"https:\\\/\\\/www.lojadeequipamentos.com.br\\\/loja\\\/\"},{\"@type\":\"ListItem\",\"position\":2,\"name\":\"Loja Virtual\",\"item\":\"https:\\\/\\\/www.lojadeequipamentos.com.br\\\/loja\\\/shop\\\/\"},{\"@type\":\"ListItem\",\"position\":3,\"name\":\"Liquidificador TA4 Alta Rota\u00e7\u00e3o &#8211; Skymsen\"}]},{\"@type\":\"WebSite\",\"@id\":\"https:\\\/\\\/www.lojadeequipamentos.com.br\\\/loja\\\/#website\",\"url\":\"https:\\\/\\\/www.lojadeequipamentos.com.br\\\/loja\\\/\",\"name\":\"Loja de Equipamentos\",\"description\":\"\",\"potentialAction\":[{\"@type\":\"SearchAction\",\"target\":{\"@type\":\"EntryPoint\",\"urlTemplate\":\"https:\\\/\\\/www.lojadeequipamentos.com.br\\\/loja\\\/?s={search_term_string}\"},\"query-input\":{\"@type\":\"PropertyValueSpecification\",\"valueRequired\":true,\"valueName\":\"search_term_string\"}}],\"inLanguage\":\"pt-BR\"}]}<\/script>\n<!-- \/ Yoast SEO plugin. -->","yoast_head_json":{"title":"Liquidificador TA4 Alta Rota\u00e7\u00e3o - Skymsen - Loja de Equipamentos","description":"Liquidificador TA4 Inox Alta Rota\u00e7\u00e3o - Skymsen R$ 1028,00","robots":{"index":"index","follow":"follow","max-snippet":"max-snippet:-1","max-image-preview":"max-image-preview:large","max-video-preview":"max-video-preview:-1"},"canonical":"https:\/\/www.lojadeequipamentos.com.br\/loja\/produto\/liquidificador-ta4-alta-rot-skymsen\/","og_locale":"pt_BR","og_type":"article","og_title":"Liquidificador TA4 Alta Rota\u00e7\u00e3o - Skymsen - Loja de Equipamentos","og_description":"Liquidificador TA4 Inox Alta Rota\u00e7\u00e3o - Skymsen R$ 1028,00","og_url":"https:\/\/www.lojadeequipamentos.com.br\/loja\/produto\/liquidificador-ta4-alta-rot-skymsen\/","og_site_name":"Loja de Equipamentos","article_modified_time":"2024-09-07T15:18:01+00:00","og_image":[{"width":350,"height":350,"url":"https:\/\/www.lojadeequipamentos.com.br\/loja\/wp-content\/uploads\/2023\/09\/Liquidificador-TA4-Skymsen.jpeg","type":"image\/jpeg"}],"twitter_card":"summary_large_image","twitter_misc":{"Est. tempo de leitura":"2 minutos"},"schema":{"@context":"https:\/\/schema.org","@graph":[{"@type":"WebPage","@id":"https:\/\/www.lojadeequipamentos.com.br\/loja\/produto\/liquidificador-ta4-alta-rot-skymsen\/","url":"https:\/\/www.lojadeequipamentos.com.br\/loja\/produto\/liquidificador-ta4-alta-rot-skymsen\/","name":"Liquidificador TA4 Alta Rota\u00e7\u00e3o - Skymsen - Loja de Equipamentos","isPartOf":{"@id":"https:\/\/www.lojadeequipamentos.com.br\/loja\/#website"},"primaryImageOfPage":{"@id":"https:\/\/www.lojadeequipamentos.com.br\/loja\/produto\/liquidificador-ta4-alta-rot-skymsen\/#primaryimage"},"image":{"@id":"https:\/\/www.lojadeequipamentos.com.br\/loja\/produto\/liquidificador-ta4-alta-rot-skymsen\/#primaryimage"},"thumbnailUrl":"https:\/\/www.lojadeequipamentos.com.br\/loja\/wp-content\/uploads\/2023\/09\/Liquidificador-TA4-Skymsen.jpeg","datePublished":"2021-06-22T20:07:47+00:00","dateModified":"2024-09-07T15:18:01+00:00","description":"Liquidificador TA4 Inox Alta Rota\u00e7\u00e3o - Skymsen R$ 1028,00","breadcrumb":{"@id":"https:\/\/www.lojadeequipamentos.com.br\/loja\/produto\/liquidificador-ta4-alta-rot-skymsen\/#breadcrumb"},"inLanguage":"pt-BR","potentialAction":[{"@type":"ReadAction","target":["https:\/\/www.lojadeequipamentos.com.br\/loja\/produto\/liquidificador-ta4-alta-rot-skymsen\/"]}]},{"@type":"ImageObject","inLanguage":"pt-BR","@id":"https:\/\/www.lojadeequipamentos.com.br\/loja\/produto\/liquidificador-ta4-alta-rot-skymsen\/#primaryimage","url":"https:\/\/www.lojadeequipamentos.com.br\/loja\/wp-content\/uploads\/2023\/09\/Liquidificador-TA4-Skymsen.jpeg","contentUrl":"https:\/\/www.lojadeequipamentos.com.br\/loja\/wp-content\/uploads\/2023\/09\/Liquidificador-TA4-Skymsen.jpeg","width":350,"height":350},{"@type":"BreadcrumbList","@id":"https:\/\/www.lojadeequipamentos.com.br\/loja\/produto\/liquidificador-ta4-alta-rot-skymsen\/#breadcrumb","itemListElement":[{"@type":"ListItem","position":1,"name":"In\u00edcio","item":"https:\/\/www.lojadeequipamentos.com.br\/loja\/"},{"@type":"ListItem","position":2,"name":"Loja Virtual","item":"https:\/\/www.lojadeequipamentos.com.br\/loja\/shop\/"},{"@type":"ListItem","position":3,"name":"Liquidificador TA4 Alta Rota\u00e7\u00e3o &#8211; Skymsen"}]},{"@type":"WebSite","@id":"https:\/\/www.lojadeequipamentos.com.br\/loja\/#website","url":"https:\/\/www.lojadeequipamentos.com.br\/loja\/","name":"Loja de Equipamentos","description":"","potentialAction":[{"@type":"SearchAction","target":{"@type":"EntryPoint","urlTemplate":"https:\/\/www.lojadeequipamentos.com.br\/loja\/?s={search_term_string}"},"query-input":{"@type":"PropertyValueSpecification","valueRequired":true,"valueName":"search_term_string"}}],"inLanguage":"pt-BR"}]}},"_links":{"self":[{"href":"https:\/\/www.lojadeequipamentos.com.br\/loja\/wp-json\/wp\/v2\/product\/6115","targetHints":{"allow":["GET"]}}],"collection":[{"href":"https:\/\/www.lojadeequipamentos.com.br\/loja\/wp-json\/wp\/v2\/product"}],"about":[{"href":"https:\/\/www.lojadeequipamentos.com.br\/loja\/wp-json\/wp\/v2\/types\/product"}],"replies":[{"embeddable":true,"href":"https:\/\/www.lojadeequipamentos.com.br\/loja\/wp-json\/wp\/v2\/comments?post=6115"}],"wp:featuredmedia":[{"embeddable":true,"href":"https:\/\/www.lojadeequipamentos.com.br\/loja\/wp-json\/wp\/v2\/media\/7755"}],"wp:attachment":[{"href":"https:\/\/www.lojadeequipamentos.com.br\/loja\/wp-json\/wp\/v2\/media?parent=6115"}],"wp:term":[{"taxonomy":"product_brand","embeddable":true,"href":"https:\/\/www.lojadeequipamentos.com.br\/loja\/wp-json\/wp\/v2\/product_brand?post=6115"},{"taxonomy":"product_cat","embeddable":true,"href":"https:\/\/www.lojadeequipamentos.com.br\/loja\/wp-json\/wp\/v2\/product_cat?post=6115"},{"taxonomy":"product_tag","embeddable":true,"href":"https:\/\/www.lojadeequipamentos.com.br\/loja\/wp-json\/wp\/v2\/product_tag?post=6115"}],"curies":[{"name":"wp","href":"https:\/\/api.w.org\/{rel}","templated":true}]}}