{"id":6085,"date":"2021-06-17T02:40:33","date_gmt":"2021-06-17T02:40:33","guid":{"rendered":"https:\/\/www.lojadeequipamentos.com.br\/loja\/?post_type=product&#038;p=6085"},"modified":"2023-09-27T19:53:21","modified_gmt":"2023-09-27T19:53:21","slug":"liquidificador-lt-1-5-alta-rotacao-skymsen","status":"publish","type":"product","link":"https:\/\/www.lojadeequipamentos.com.br\/loja\/produto\/liquidificador-lt-1-5-alta-rotacao-skymsen\/","title":{"rendered":"Liquidificador LT1.5 Alta Rota\u00e7\u00e3o Copo Pl\u00e1stico &#8211; Skymsen"},"content":{"rendered":"<p><strong>Liquidificador LT1.5 Alta Rota\u00e7\u00e3o \/ Copo Pl\u00e1stico - Skymsen<\/strong><\/p>\n<p>LIQUIDIFICADOR INOX COPO PL\u00c1STICO, ALTA ROTA\u00c7\u00c3O, 1,5 LITROS<br \/>\nProduzidos em conformidade com as especifica\u00e7\u00f5es da norma NR-12 e do INMETRO, o liquidificador inox \u00e9 utilizado para o preparo de sucos e vitaminas a base de frutas naturais ou polpas congeladas.<br \/>\nO liquidificador inox possui copo de pl\u00e1stico e gabinete em a\u00e7o inox, garantindo mais seguran\u00e7a ao operador. Sem contar o sistema a chave liga e desliga do liquidificador inox, juntamente com a fun\u00e7\u00e3o pulsar.<br \/>\nO copo do liquidificador inox ainda possui acoplamento com sistema de auto compensa\u00e7\u00e3o, facilitando o encaixe e permitindo a intercambialidade dos copos.<\/p>\n<p>CARACTER\u00cdSTICAS T\u00c9CNICAS<br \/>\nModelo: LT1.5<br \/>\nTens\u00e3o El\u00e9trica \/ Frequ\u00eancia \/ Fases: 127v ou 220v \/ 50-60 Hz \/ 1<br \/>\nPot\u00eancia Nominal: 350 W<br \/>\nPot\u00eancia do Motor: 900 W<br \/>\nRota\u00e7\u00e3o: 18000 rpm<br \/>\nConsumo: 0.35 kWh<br \/>\nDimens\u00f5es: [AxLxP]: 390 x 190 x 190 mm<br \/>\nDim. da Embalagem [AxLxP]: 445 x 195 x 195 mm<br \/>\nPeso Liquido \/ Bruto: 1,90 kg \/ 2,25 kg<br \/>\nVolume M\u00e1ximo do Copo: 1.5 L<br \/>\nClassifica\u00e7\u00e3o Fiscal [NCM]: 85094010<br \/>\nEAN-13: 7895707474246 (127v)<br \/>\nEAN-13: 7895707474406 (220v)<\/p>\n<p><strong>FAVOR ENTRAR EM CONTATO PARA COTA\u00c7\u00c3O DE FRETE<\/strong><\/p>\n<p><a href=\"https:\/\/api.whatsapp.com\/send?phone=5521964144201\"><img loading=\"lazy\" decoding=\"async\" class=\"alignnone size-full wp-image-4307\" src=\"http:\/\/www.lojadeequipamentos.com.br\/loja\/wp-content\/uploads\/2020\/08\/botao_whatsapp.png\" alt=\"botao_whatsapp\" width=\"226\" height=\"82\" \/><\/a><\/p>\n","protected":false},"excerpt":{"rendered":"<strong>Liquidificador LT1.5 Alta Rota\u00e7\u00e3o \/ Copo Pl\u00e1stico - Skymsen<\/strong>","protected":false},"featured_media":7769,"comment_status":"open","ping_status":"closed","template":"","meta":{"_links_to":"","_links_to_target":""},"product_brand":[],"product_cat":[6599],"product_tag":[8717,8718,6882,6876,6883,6877,8724,8725,8726,8719,8721,8722,8720,8723,6878,8729,8727,8728],"class_list":{"0":"post-6085","1":"product","2":"type-product","3":"status-publish","4":"has-post-thumbnail","6":"product_cat-liquidificador-skymsen","7":"product_tag-ean-13-7895707474246","8":"product_tag-ean-13-7895707474406","9":"product_tag-liquidificador","10":"product_tag-liquidificador-de-alta-rotacao","11":"product_tag-liquidificador-de-alta-rotacao-copo-1-5-l","12":"product_tag-liquidificador-de-alta-rotacao-skymsen","13":"product_tag-liquidificador-lt1-5","14":"product_tag-liquidificador-lt1-5-skymsen","15":"product_tag-liquidificador-skymsen-lt1-5","16":"product_tag-lt1-5","17":"product_tag-lt1-5-liquidificador","18":"product_tag-lt1-5-liquidificador-skymsen","19":"product_tag-lt1-5-skymsen","20":"product_tag-lt1-5-skymsen-liquidificador","21":"product_tag-skymsen-liquidificador-de-alta-rotacao","22":"product_tag-skymsen-liquidificador-lt1-5","23":"product_tag-skymsen-lt1-5","24":"product_tag-skymsen-lt1-5-liquidificador","26":"first","27":"instock","28":"shipping-taxable","29":"purchasable","30":"product-type-simple"},"yoast_head":"<!-- This site is optimized with the Yoast SEO plugin v27.3 - https:\/\/yoast.com\/product\/yoast-seo-wordpress\/ -->\n<title>Liquidificador LT1.5 Alta Rota\u00e7\u00e3o Copo Pl\u00e1stico - Skymsen - Loja de Equipamentos<\/title>\n<meta name=\"description\" content=\"Liquidificador LT1.5 Alta Rota\u00e7\u00e3o \/ Copo Pl\u00e1stico - Skymsen R$ 414,00\" \/>\n<meta name=\"robots\" content=\"index, follow, max-snippet:-1, max-image-preview:large, max-video-preview:-1\" \/>\n<link rel=\"canonical\" href=\"https:\/\/www.lojadeequipamentos.com.br\/loja\/produto\/liquidificador-lt-1-5-alta-rotacao-skymsen\/\" \/>\n<meta property=\"og:locale\" content=\"pt_BR\" \/>\n<meta property=\"og:type\" content=\"article\" \/>\n<meta property=\"og:title\" content=\"Liquidificador LT1.5 Alta Rota\u00e7\u00e3o Copo Pl\u00e1stico - Skymsen - Loja de Equipamentos\" \/>\n<meta property=\"og:description\" content=\"Liquidificador LT1.5 Alta Rota\u00e7\u00e3o \/ Copo Pl\u00e1stico - Skymsen R$ 414,00\" \/>\n<meta property=\"og:url\" content=\"https:\/\/www.lojadeequipamentos.com.br\/loja\/produto\/liquidificador-lt-1-5-alta-rotacao-skymsen\/\" \/>\n<meta property=\"og:site_name\" content=\"Loja de Equipamentos\" \/>\n<meta property=\"article:modified_time\" content=\"2023-09-27T19:53:21+00:00\" \/>\n<meta property=\"og:image\" content=\"https:\/\/www.lojadeequipamentos.com.br\/loja\/wp-content\/uploads\/2021\/06\/Liquidificador-LT1.5-Skymsen.jpeg\" \/>\n\t<meta property=\"og:image:width\" content=\"315\" \/>\n\t<meta property=\"og:image:height\" content=\"315\" \/>\n\t<meta property=\"og:image:type\" content=\"image\/jpeg\" \/>\n<meta name=\"twitter:card\" content=\"summary_large_image\" \/>\n<meta name=\"twitter:label1\" content=\"Est. tempo de leitura\" \/>\n\t<meta name=\"twitter:data1\" content=\"2 minutos\" \/>\n<script type=\"application\/ld+json\" class=\"yoast-schema-graph\">{\"@context\":\"https:\\\/\\\/schema.org\",\"@graph\":[{\"@type\":\"WebPage\",\"@id\":\"https:\\\/\\\/www.lojadeequipamentos.com.br\\\/loja\\\/produto\\\/liquidificador-lt-1-5-alta-rotacao-skymsen\\\/\",\"url\":\"https:\\\/\\\/www.lojadeequipamentos.com.br\\\/loja\\\/produto\\\/liquidificador-lt-1-5-alta-rotacao-skymsen\\\/\",\"name\":\"Liquidificador LT1.5 Alta Rota\u00e7\u00e3o Copo Pl\u00e1stico - Skymsen - Loja de Equipamentos\",\"isPartOf\":{\"@id\":\"https:\\\/\\\/www.lojadeequipamentos.com.br\\\/loja\\\/#website\"},\"primaryImageOfPage\":{\"@id\":\"https:\\\/\\\/www.lojadeequipamentos.com.br\\\/loja\\\/produto\\\/liquidificador-lt-1-5-alta-rotacao-skymsen\\\/#primaryimage\"},\"image\":{\"@id\":\"https:\\\/\\\/www.lojadeequipamentos.com.br\\\/loja\\\/produto\\\/liquidificador-lt-1-5-alta-rotacao-skymsen\\\/#primaryimage\"},\"thumbnailUrl\":\"https:\\\/\\\/www.lojadeequipamentos.com.br\\\/loja\\\/wp-content\\\/uploads\\\/2021\\\/06\\\/Liquidificador-LT1.5-Skymsen.jpeg\",\"datePublished\":\"2021-06-17T02:40:33+00:00\",\"dateModified\":\"2023-09-27T19:53:21+00:00\",\"description\":\"Liquidificador LT1.5 Alta Rota\u00e7\u00e3o \\\/ Copo Pl\u00e1stico - Skymsen R$ 414,00\",\"breadcrumb\":{\"@id\":\"https:\\\/\\\/www.lojadeequipamentos.com.br\\\/loja\\\/produto\\\/liquidificador-lt-1-5-alta-rotacao-skymsen\\\/#breadcrumb\"},\"inLanguage\":\"pt-BR\",\"potentialAction\":[{\"@type\":\"ReadAction\",\"target\":[\"https:\\\/\\\/www.lojadeequipamentos.com.br\\\/loja\\\/produto\\\/liquidificador-lt-1-5-alta-rotacao-skymsen\\\/\"]}]},{\"@type\":\"ImageObject\",\"inLanguage\":\"pt-BR\",\"@id\":\"https:\\\/\\\/www.lojadeequipamentos.com.br\\\/loja\\\/produto\\\/liquidificador-lt-1-5-alta-rotacao-skymsen\\\/#primaryimage\",\"url\":\"https:\\\/\\\/www.lojadeequipamentos.com.br\\\/loja\\\/wp-content\\\/uploads\\\/2021\\\/06\\\/Liquidificador-LT1.5-Skymsen.jpeg\",\"contentUrl\":\"https:\\\/\\\/www.lojadeequipamentos.com.br\\\/loja\\\/wp-content\\\/uploads\\\/2021\\\/06\\\/Liquidificador-LT1.5-Skymsen.jpeg\",\"width\":315,\"height\":315},{\"@type\":\"BreadcrumbList\",\"@id\":\"https:\\\/\\\/www.lojadeequipamentos.com.br\\\/loja\\\/produto\\\/liquidificador-lt-1-5-alta-rotacao-skymsen\\\/#breadcrumb\",\"itemListElement\":[{\"@type\":\"ListItem\",\"position\":1,\"name\":\"In\u00edcio\",\"item\":\"https:\\\/\\\/www.lojadeequipamentos.com.br\\\/loja\\\/\"},{\"@type\":\"ListItem\",\"position\":2,\"name\":\"Loja Virtual\",\"item\":\"https:\\\/\\\/www.lojadeequipamentos.com.br\\\/loja\\\/shop\\\/\"},{\"@type\":\"ListItem\",\"position\":3,\"name\":\"Liquidificador LT1.5 Alta Rota\u00e7\u00e3o Copo Pl\u00e1stico &#8211; Skymsen\"}]},{\"@type\":\"WebSite\",\"@id\":\"https:\\\/\\\/www.lojadeequipamentos.com.br\\\/loja\\\/#website\",\"url\":\"https:\\\/\\\/www.lojadeequipamentos.com.br\\\/loja\\\/\",\"name\":\"Loja de Equipamentos\",\"description\":\"\",\"potentialAction\":[{\"@type\":\"SearchAction\",\"target\":{\"@type\":\"EntryPoint\",\"urlTemplate\":\"https:\\\/\\\/www.lojadeequipamentos.com.br\\\/loja\\\/?s={search_term_string}\"},\"query-input\":{\"@type\":\"PropertyValueSpecification\",\"valueRequired\":true,\"valueName\":\"search_term_string\"}}],\"inLanguage\":\"pt-BR\"}]}<\/script>\n<!-- \/ Yoast SEO plugin. -->","yoast_head_json":{"title":"Liquidificador LT1.5 Alta Rota\u00e7\u00e3o Copo Pl\u00e1stico - Skymsen - Loja de Equipamentos","description":"Liquidificador LT1.5 Alta Rota\u00e7\u00e3o \/ Copo Pl\u00e1stico - Skymsen R$ 414,00","robots":{"index":"index","follow":"follow","max-snippet":"max-snippet:-1","max-image-preview":"max-image-preview:large","max-video-preview":"max-video-preview:-1"},"canonical":"https:\/\/www.lojadeequipamentos.com.br\/loja\/produto\/liquidificador-lt-1-5-alta-rotacao-skymsen\/","og_locale":"pt_BR","og_type":"article","og_title":"Liquidificador LT1.5 Alta Rota\u00e7\u00e3o Copo Pl\u00e1stico - Skymsen - Loja de Equipamentos","og_description":"Liquidificador LT1.5 Alta Rota\u00e7\u00e3o \/ Copo Pl\u00e1stico - Skymsen R$ 414,00","og_url":"https:\/\/www.lojadeequipamentos.com.br\/loja\/produto\/liquidificador-lt-1-5-alta-rotacao-skymsen\/","og_site_name":"Loja de Equipamentos","article_modified_time":"2023-09-27T19:53:21+00:00","og_image":[{"width":315,"height":315,"url":"https:\/\/www.lojadeequipamentos.com.br\/loja\/wp-content\/uploads\/2021\/06\/Liquidificador-LT1.5-Skymsen.jpeg","type":"image\/jpeg"}],"twitter_card":"summary_large_image","twitter_misc":{"Est. tempo de leitura":"2 minutos"},"schema":{"@context":"https:\/\/schema.org","@graph":[{"@type":"WebPage","@id":"https:\/\/www.lojadeequipamentos.com.br\/loja\/produto\/liquidificador-lt-1-5-alta-rotacao-skymsen\/","url":"https:\/\/www.lojadeequipamentos.com.br\/loja\/produto\/liquidificador-lt-1-5-alta-rotacao-skymsen\/","name":"Liquidificador LT1.5 Alta Rota\u00e7\u00e3o Copo Pl\u00e1stico - Skymsen - Loja de Equipamentos","isPartOf":{"@id":"https:\/\/www.lojadeequipamentos.com.br\/loja\/#website"},"primaryImageOfPage":{"@id":"https:\/\/www.lojadeequipamentos.com.br\/loja\/produto\/liquidificador-lt-1-5-alta-rotacao-skymsen\/#primaryimage"},"image":{"@id":"https:\/\/www.lojadeequipamentos.com.br\/loja\/produto\/liquidificador-lt-1-5-alta-rotacao-skymsen\/#primaryimage"},"thumbnailUrl":"https:\/\/www.lojadeequipamentos.com.br\/loja\/wp-content\/uploads\/2021\/06\/Liquidificador-LT1.5-Skymsen.jpeg","datePublished":"2021-06-17T02:40:33+00:00","dateModified":"2023-09-27T19:53:21+00:00","description":"Liquidificador LT1.5 Alta Rota\u00e7\u00e3o \/ Copo Pl\u00e1stico - Skymsen R$ 414,00","breadcrumb":{"@id":"https:\/\/www.lojadeequipamentos.com.br\/loja\/produto\/liquidificador-lt-1-5-alta-rotacao-skymsen\/#breadcrumb"},"inLanguage":"pt-BR","potentialAction":[{"@type":"ReadAction","target":["https:\/\/www.lojadeequipamentos.com.br\/loja\/produto\/liquidificador-lt-1-5-alta-rotacao-skymsen\/"]}]},{"@type":"ImageObject","inLanguage":"pt-BR","@id":"https:\/\/www.lojadeequipamentos.com.br\/loja\/produto\/liquidificador-lt-1-5-alta-rotacao-skymsen\/#primaryimage","url":"https:\/\/www.lojadeequipamentos.com.br\/loja\/wp-content\/uploads\/2021\/06\/Liquidificador-LT1.5-Skymsen.jpeg","contentUrl":"https:\/\/www.lojadeequipamentos.com.br\/loja\/wp-content\/uploads\/2021\/06\/Liquidificador-LT1.5-Skymsen.jpeg","width":315,"height":315},{"@type":"BreadcrumbList","@id":"https:\/\/www.lojadeequipamentos.com.br\/loja\/produto\/liquidificador-lt-1-5-alta-rotacao-skymsen\/#breadcrumb","itemListElement":[{"@type":"ListItem","position":1,"name":"In\u00edcio","item":"https:\/\/www.lojadeequipamentos.com.br\/loja\/"},{"@type":"ListItem","position":2,"name":"Loja Virtual","item":"https:\/\/www.lojadeequipamentos.com.br\/loja\/shop\/"},{"@type":"ListItem","position":3,"name":"Liquidificador LT1.5 Alta Rota\u00e7\u00e3o Copo Pl\u00e1stico &#8211; Skymsen"}]},{"@type":"WebSite","@id":"https:\/\/www.lojadeequipamentos.com.br\/loja\/#website","url":"https:\/\/www.lojadeequipamentos.com.br\/loja\/","name":"Loja de Equipamentos","description":"","potentialAction":[{"@type":"SearchAction","target":{"@type":"EntryPoint","urlTemplate":"https:\/\/www.lojadeequipamentos.com.br\/loja\/?s={search_term_string}"},"query-input":{"@type":"PropertyValueSpecification","valueRequired":true,"valueName":"search_term_string"}}],"inLanguage":"pt-BR"}]}},"_links":{"self":[{"href":"https:\/\/www.lojadeequipamentos.com.br\/loja\/wp-json\/wp\/v2\/product\/6085","targetHints":{"allow":["GET"]}}],"collection":[{"href":"https:\/\/www.lojadeequipamentos.com.br\/loja\/wp-json\/wp\/v2\/product"}],"about":[{"href":"https:\/\/www.lojadeequipamentos.com.br\/loja\/wp-json\/wp\/v2\/types\/product"}],"replies":[{"embeddable":true,"href":"https:\/\/www.lojadeequipamentos.com.br\/loja\/wp-json\/wp\/v2\/comments?post=6085"}],"wp:featuredmedia":[{"embeddable":true,"href":"https:\/\/www.lojadeequipamentos.com.br\/loja\/wp-json\/wp\/v2\/media\/7769"}],"wp:attachment":[{"href":"https:\/\/www.lojadeequipamentos.com.br\/loja\/wp-json\/wp\/v2\/media?parent=6085"}],"wp:term":[{"taxonomy":"product_brand","embeddable":true,"href":"https:\/\/www.lojadeequipamentos.com.br\/loja\/wp-json\/wp\/v2\/product_brand?post=6085"},{"taxonomy":"product_cat","embeddable":true,"href":"https:\/\/www.lojadeequipamentos.com.br\/loja\/wp-json\/wp\/v2\/product_cat?post=6085"},{"taxonomy":"product_tag","embeddable":true,"href":"https:\/\/www.lojadeequipamentos.com.br\/loja\/wp-json\/wp\/v2\/product_tag?post=6085"}],"curies":[{"name":"wp","href":"https:\/\/api.w.org\/{rel}","templated":true}]}}