{"id":6082,"date":"2021-06-17T02:10:53","date_gmt":"2021-06-17T02:10:53","guid":{"rendered":"https:\/\/www.lojadeequipamentos.com.br\/loja\/?post_type=product&#038;p=6082"},"modified":"2023-09-27T18:48:37","modified_gmt":"2023-09-27T18:48:37","slug":"liquidificador-li1-5-alta-rotacao-skymsen","status":"publish","type":"product","link":"https:\/\/www.lojadeequipamentos.com.br\/loja\/produto\/liquidificador-li1-5-alta-rotacao-skymsen\/","title":{"rendered":"Liquidificador LI1.5 Alta Rota\u00e7\u00e3o &#8211; Skymsen"},"content":{"rendered":"<p><strong>Liquidificador LI1.5 Alta Rota\u00e7\u00e3o - Skymsen \/ Copo de Inox - Skymsen<\/strong><\/p>\n<p>LIQUIDIFICADOR INOX COPO INOX, ALTA ROTA\u00c7\u00c3O, 1,5 LITROS <\/p>\n<p>O liquidificador LI 1,5, \u00e9 um dos preferidos e mais vers\u00e1teis liquidificadores de alta rota\u00e7\u00e3o do mercado. Suas 4 l\u00e2minas afiadas, foram estrategicamente posicionadas para triturar e misturar de forma mais efetiva e r\u00e1pida os ingredientes, mesmo os mais duros como gelo ou polpas de frutas congeladas. S\u00e3o 900w de pot\u00eancia, que tornam o liquidificador de alta rota\u00e7\u00e3o ideal para preparo de sucos, vitaminas, smoothies e drinks, de forma r\u00e1pida e com qualidade profissional.<br \/>\nO exclusivo copo MONOBLOCO (sem soldas), produzido em inox, garante praticidade e rapidez na hora do preparo, n\u00e3o acumulando nenhum tipo de res\u00edduo ou sabor, mesmo batendo os mais variados tipos de sucos, al\u00e9m de facilitar a limpeza e higiene do liquidificador.<br \/>\nConta com a praticidade de uma sobretampa que permite que ingredientes sejam adicionados durante o preparo, facilitando na hora de criar novas receitas.<br \/>\nFeito para durar, o liquidificador tem seu corpo e acoplamento produzido em a\u00e7o inox, que al\u00e9m de bonito \u00e9 dur\u00e1vel e resistente, atendendo perfeitamente estabelecimentos food service, como bares, restaurantes, casas de sucos, hot\u00e9is e lanchonetes, que necessitam de um liquidificador profissional para ser usado ao longo do dia.<\/p>\n<p>Tens\u00e3o El\u00e9trica \/ Frequ\u00eancia \/ Fases: 127v ou 220v \/ 50-60 Hz \/ 1<br \/>\nPot\u00eancia Nominal: 350 w<br \/>\nPot\u00eancia do Motor: 900w<br \/>\nRota\u00e7\u00e3o: 18.000 rpm<br \/>\nConsumo: 0.9 kWh<br \/>\nDimens\u00f5es: [AxLxP]: 405 x 210 x 190 mm<br \/>\nDim. da Embalagem [AxLxP]: 445 x 195 x 195 mm<br \/>\nPeso Liquido \/ Bruto: 1.92 kg \/ 2.27 kg<br \/>\nVolume M\u00e1ximo do Copo: 1.5 L<br \/>\nClassifica\u00e7\u00e3o Fiscal [NCM]: 85094010<br \/>\nEAN-13: 78795707474321 (127v)<br \/>\nEAN-13: 7895707474338  (220v)<\/p>\n<p><strong>FAVOR ENTRAR EM CONTATO PARA COTA\u00c7\u00c3O DE FRETE<\/strong><\/p>\n<p><a href=\"https:\/\/api.whatsapp.com\/send?phone=5521964144201\"><img loading=\"lazy\" decoding=\"async\" class=\"alignnone size-full wp-image-4307\" src=\"http:\/\/www.lojadeequipamentos.com.br\/loja\/wp-content\/uploads\/2020\/08\/botao_whatsapp.png\" alt=\"botao_whatsapp\" width=\"226\" height=\"82\" \/><\/a><\/p>\n","protected":false},"excerpt":{"rendered":"<strong>Liquidificador LI1.5 Alta Rota\u00e7\u00e3o - Skymsen \/ Copo de Inox - Skymsen<\/strong>","protected":false},"featured_media":7472,"comment_status":"open","ping_status":"closed","template":"","meta":{"_links_to":"","_links_to_target":""},"product_brand":[],"product_cat":[6599],"product_tag":[8730,8731,8732,8734,8733,6882,6876,6881,6879,6880,6883,6877,8736,8735,8737,8738,8740,6878,8739],"class_list":{"0":"post-6082","1":"product","2":"type-product","3":"status-publish","4":"has-post-thumbnail","6":"product_cat-liquidificador-skymsen","7":"product_tag-ean-13-78795707474321","8":"product_tag-ean-13-7895707474338","9":"product_tag-li1-5","10":"product_tag-li1-5-liquidificador","11":"product_tag-li1-5-skymsen","12":"product_tag-liquidificador","13":"product_tag-liquidificador-de-alta-rotacao","14":"product_tag-liquidificador-de-alta-rotacao-350w-potencia","15":"product_tag-liquidificador-de-alta-rotacao-900w","16":"product_tag-liquidificador-de-alta-rotacao-900w-skymsen","17":"product_tag-liquidificador-de-alta-rotacao-copo-1-5-l","18":"product_tag-liquidificador-de-alta-rotacao-skymsen","19":"product_tag-liquidificador-li-1-5-skymsen","20":"product_tag-liquidificador-li1-5","21":"product_tag-liquidificador-skymsen-li-1-5","22":"product_tag-skymsen-li-1-5","23":"product_tag-skymsen-li-1-5-liquidificador","24":"product_tag-skymsen-liquidificador-de-alta-rotacao","25":"product_tag-skymsen-liquidificador-li-1-5","27":"first","28":"instock","29":"shipping-taxable","30":"purchasable","31":"product-type-simple"},"yoast_head":"<!-- This site is optimized with the Yoast SEO plugin v27.3 - https:\/\/yoast.com\/product\/yoast-seo-wordpress\/ -->\n<title>Liquidificador LI1.5 Alta Rota\u00e7\u00e3o - Skymsen - Loja de Equipamentos<\/title>\n<meta name=\"description\" content=\"Liquidificador LI1.5 Alta Rota\u00e7\u00e3o - Skymsen \/ Copo de Inox - Skymsen R$ 495,90\" \/>\n<meta name=\"robots\" content=\"index, follow, max-snippet:-1, max-image-preview:large, max-video-preview:-1\" \/>\n<link rel=\"canonical\" href=\"https:\/\/www.lojadeequipamentos.com.br\/loja\/produto\/liquidificador-li1-5-alta-rotacao-skymsen\/\" \/>\n<meta property=\"og:locale\" content=\"pt_BR\" \/>\n<meta property=\"og:type\" content=\"article\" \/>\n<meta property=\"og:title\" content=\"Liquidificador LI1.5 Alta Rota\u00e7\u00e3o - Skymsen - Loja de Equipamentos\" \/>\n<meta property=\"og:description\" content=\"Liquidificador LI1.5 Alta Rota\u00e7\u00e3o - Skymsen \/ Copo de Inox - Skymsen R$ 495,90\" \/>\n<meta property=\"og:url\" content=\"https:\/\/www.lojadeequipamentos.com.br\/loja\/produto\/liquidificador-li1-5-alta-rotacao-skymsen\/\" \/>\n<meta property=\"og:site_name\" content=\"Loja de Equipamentos\" \/>\n<meta property=\"article:modified_time\" content=\"2023-09-27T18:48:37+00:00\" \/>\n<meta property=\"og:image\" content=\"https:\/\/www.lojadeequipamentos.com.br\/loja\/wp-content\/uploads\/2021\/06\/copo-inox.png\" \/>\n\t<meta property=\"og:image:width\" content=\"515\" \/>\n\t<meta property=\"og:image:height\" content=\"516\" \/>\n\t<meta property=\"og:image:type\" content=\"image\/png\" \/>\n<meta name=\"twitter:card\" content=\"summary_large_image\" \/>\n<meta name=\"twitter:label1\" content=\"Est. tempo de leitura\" \/>\n\t<meta name=\"twitter:data1\" content=\"1 minuto\" \/>\n<script type=\"application\/ld+json\" class=\"yoast-schema-graph\">{\"@context\":\"https:\\\/\\\/schema.org\",\"@graph\":[{\"@type\":\"WebPage\",\"@id\":\"https:\\\/\\\/www.lojadeequipamentos.com.br\\\/loja\\\/produto\\\/liquidificador-li1-5-alta-rotacao-skymsen\\\/\",\"url\":\"https:\\\/\\\/www.lojadeequipamentos.com.br\\\/loja\\\/produto\\\/liquidificador-li1-5-alta-rotacao-skymsen\\\/\",\"name\":\"Liquidificador LI1.5 Alta Rota\u00e7\u00e3o - Skymsen - Loja de Equipamentos\",\"isPartOf\":{\"@id\":\"https:\\\/\\\/www.lojadeequipamentos.com.br\\\/loja\\\/#website\"},\"primaryImageOfPage\":{\"@id\":\"https:\\\/\\\/www.lojadeequipamentos.com.br\\\/loja\\\/produto\\\/liquidificador-li1-5-alta-rotacao-skymsen\\\/#primaryimage\"},\"image\":{\"@id\":\"https:\\\/\\\/www.lojadeequipamentos.com.br\\\/loja\\\/produto\\\/liquidificador-li1-5-alta-rotacao-skymsen\\\/#primaryimage\"},\"thumbnailUrl\":\"https:\\\/\\\/www.lojadeequipamentos.com.br\\\/loja\\\/wp-content\\\/uploads\\\/2021\\\/06\\\/copo-inox.png\",\"datePublished\":\"2021-06-17T02:10:53+00:00\",\"dateModified\":\"2023-09-27T18:48:37+00:00\",\"description\":\"Liquidificador LI1.5 Alta Rota\u00e7\u00e3o - Skymsen \\\/ Copo de Inox - Skymsen R$ 495,90\",\"breadcrumb\":{\"@id\":\"https:\\\/\\\/www.lojadeequipamentos.com.br\\\/loja\\\/produto\\\/liquidificador-li1-5-alta-rotacao-skymsen\\\/#breadcrumb\"},\"inLanguage\":\"pt-BR\",\"potentialAction\":[{\"@type\":\"ReadAction\",\"target\":[\"https:\\\/\\\/www.lojadeequipamentos.com.br\\\/loja\\\/produto\\\/liquidificador-li1-5-alta-rotacao-skymsen\\\/\"]}]},{\"@type\":\"ImageObject\",\"inLanguage\":\"pt-BR\",\"@id\":\"https:\\\/\\\/www.lojadeequipamentos.com.br\\\/loja\\\/produto\\\/liquidificador-li1-5-alta-rotacao-skymsen\\\/#primaryimage\",\"url\":\"https:\\\/\\\/www.lojadeequipamentos.com.br\\\/loja\\\/wp-content\\\/uploads\\\/2021\\\/06\\\/copo-inox.png\",\"contentUrl\":\"https:\\\/\\\/www.lojadeequipamentos.com.br\\\/loja\\\/wp-content\\\/uploads\\\/2021\\\/06\\\/copo-inox.png\",\"width\":515,\"height\":516},{\"@type\":\"BreadcrumbList\",\"@id\":\"https:\\\/\\\/www.lojadeequipamentos.com.br\\\/loja\\\/produto\\\/liquidificador-li1-5-alta-rotacao-skymsen\\\/#breadcrumb\",\"itemListElement\":[{\"@type\":\"ListItem\",\"position\":1,\"name\":\"In\u00edcio\",\"item\":\"https:\\\/\\\/www.lojadeequipamentos.com.br\\\/loja\\\/\"},{\"@type\":\"ListItem\",\"position\":2,\"name\":\"Loja Virtual\",\"item\":\"https:\\\/\\\/www.lojadeequipamentos.com.br\\\/loja\\\/shop\\\/\"},{\"@type\":\"ListItem\",\"position\":3,\"name\":\"Liquidificador LI1.5 Alta Rota\u00e7\u00e3o &#8211; Skymsen\"}]},{\"@type\":\"WebSite\",\"@id\":\"https:\\\/\\\/www.lojadeequipamentos.com.br\\\/loja\\\/#website\",\"url\":\"https:\\\/\\\/www.lojadeequipamentos.com.br\\\/loja\\\/\",\"name\":\"Loja de Equipamentos\",\"description\":\"\",\"potentialAction\":[{\"@type\":\"SearchAction\",\"target\":{\"@type\":\"EntryPoint\",\"urlTemplate\":\"https:\\\/\\\/www.lojadeequipamentos.com.br\\\/loja\\\/?s={search_term_string}\"},\"query-input\":{\"@type\":\"PropertyValueSpecification\",\"valueRequired\":true,\"valueName\":\"search_term_string\"}}],\"inLanguage\":\"pt-BR\"}]}<\/script>\n<!-- \/ Yoast SEO plugin. -->","yoast_head_json":{"title":"Liquidificador LI1.5 Alta Rota\u00e7\u00e3o - Skymsen - Loja de Equipamentos","description":"Liquidificador LI1.5 Alta Rota\u00e7\u00e3o - Skymsen \/ Copo de Inox - Skymsen R$ 495,90","robots":{"index":"index","follow":"follow","max-snippet":"max-snippet:-1","max-image-preview":"max-image-preview:large","max-video-preview":"max-video-preview:-1"},"canonical":"https:\/\/www.lojadeequipamentos.com.br\/loja\/produto\/liquidificador-li1-5-alta-rotacao-skymsen\/","og_locale":"pt_BR","og_type":"article","og_title":"Liquidificador LI1.5 Alta Rota\u00e7\u00e3o - Skymsen - Loja de Equipamentos","og_description":"Liquidificador LI1.5 Alta Rota\u00e7\u00e3o - Skymsen \/ Copo de Inox - Skymsen R$ 495,90","og_url":"https:\/\/www.lojadeequipamentos.com.br\/loja\/produto\/liquidificador-li1-5-alta-rotacao-skymsen\/","og_site_name":"Loja de Equipamentos","article_modified_time":"2023-09-27T18:48:37+00:00","og_image":[{"width":515,"height":516,"url":"https:\/\/www.lojadeequipamentos.com.br\/loja\/wp-content\/uploads\/2021\/06\/copo-inox.png","type":"image\/png"}],"twitter_card":"summary_large_image","twitter_misc":{"Est. tempo de leitura":"1 minuto"},"schema":{"@context":"https:\/\/schema.org","@graph":[{"@type":"WebPage","@id":"https:\/\/www.lojadeequipamentos.com.br\/loja\/produto\/liquidificador-li1-5-alta-rotacao-skymsen\/","url":"https:\/\/www.lojadeequipamentos.com.br\/loja\/produto\/liquidificador-li1-5-alta-rotacao-skymsen\/","name":"Liquidificador LI1.5 Alta Rota\u00e7\u00e3o - Skymsen - Loja de Equipamentos","isPartOf":{"@id":"https:\/\/www.lojadeequipamentos.com.br\/loja\/#website"},"primaryImageOfPage":{"@id":"https:\/\/www.lojadeequipamentos.com.br\/loja\/produto\/liquidificador-li1-5-alta-rotacao-skymsen\/#primaryimage"},"image":{"@id":"https:\/\/www.lojadeequipamentos.com.br\/loja\/produto\/liquidificador-li1-5-alta-rotacao-skymsen\/#primaryimage"},"thumbnailUrl":"https:\/\/www.lojadeequipamentos.com.br\/loja\/wp-content\/uploads\/2021\/06\/copo-inox.png","datePublished":"2021-06-17T02:10:53+00:00","dateModified":"2023-09-27T18:48:37+00:00","description":"Liquidificador LI1.5 Alta Rota\u00e7\u00e3o - Skymsen \/ Copo de Inox - Skymsen R$ 495,90","breadcrumb":{"@id":"https:\/\/www.lojadeequipamentos.com.br\/loja\/produto\/liquidificador-li1-5-alta-rotacao-skymsen\/#breadcrumb"},"inLanguage":"pt-BR","potentialAction":[{"@type":"ReadAction","target":["https:\/\/www.lojadeequipamentos.com.br\/loja\/produto\/liquidificador-li1-5-alta-rotacao-skymsen\/"]}]},{"@type":"ImageObject","inLanguage":"pt-BR","@id":"https:\/\/www.lojadeequipamentos.com.br\/loja\/produto\/liquidificador-li1-5-alta-rotacao-skymsen\/#primaryimage","url":"https:\/\/www.lojadeequipamentos.com.br\/loja\/wp-content\/uploads\/2021\/06\/copo-inox.png","contentUrl":"https:\/\/www.lojadeequipamentos.com.br\/loja\/wp-content\/uploads\/2021\/06\/copo-inox.png","width":515,"height":516},{"@type":"BreadcrumbList","@id":"https:\/\/www.lojadeequipamentos.com.br\/loja\/produto\/liquidificador-li1-5-alta-rotacao-skymsen\/#breadcrumb","itemListElement":[{"@type":"ListItem","position":1,"name":"In\u00edcio","item":"https:\/\/www.lojadeequipamentos.com.br\/loja\/"},{"@type":"ListItem","position":2,"name":"Loja Virtual","item":"https:\/\/www.lojadeequipamentos.com.br\/loja\/shop\/"},{"@type":"ListItem","position":3,"name":"Liquidificador LI1.5 Alta Rota\u00e7\u00e3o &#8211; Skymsen"}]},{"@type":"WebSite","@id":"https:\/\/www.lojadeequipamentos.com.br\/loja\/#website","url":"https:\/\/www.lojadeequipamentos.com.br\/loja\/","name":"Loja de Equipamentos","description":"","potentialAction":[{"@type":"SearchAction","target":{"@type":"EntryPoint","urlTemplate":"https:\/\/www.lojadeequipamentos.com.br\/loja\/?s={search_term_string}"},"query-input":{"@type":"PropertyValueSpecification","valueRequired":true,"valueName":"search_term_string"}}],"inLanguage":"pt-BR"}]}},"_links":{"self":[{"href":"https:\/\/www.lojadeequipamentos.com.br\/loja\/wp-json\/wp\/v2\/product\/6082","targetHints":{"allow":["GET"]}}],"collection":[{"href":"https:\/\/www.lojadeequipamentos.com.br\/loja\/wp-json\/wp\/v2\/product"}],"about":[{"href":"https:\/\/www.lojadeequipamentos.com.br\/loja\/wp-json\/wp\/v2\/types\/product"}],"replies":[{"embeddable":true,"href":"https:\/\/www.lojadeequipamentos.com.br\/loja\/wp-json\/wp\/v2\/comments?post=6082"}],"wp:featuredmedia":[{"embeddable":true,"href":"https:\/\/www.lojadeequipamentos.com.br\/loja\/wp-json\/wp\/v2\/media\/7472"}],"wp:attachment":[{"href":"https:\/\/www.lojadeequipamentos.com.br\/loja\/wp-json\/wp\/v2\/media?parent=6082"}],"wp:term":[{"taxonomy":"product_brand","embeddable":true,"href":"https:\/\/www.lojadeequipamentos.com.br\/loja\/wp-json\/wp\/v2\/product_brand?post=6082"},{"taxonomy":"product_cat","embeddable":true,"href":"https:\/\/www.lojadeequipamentos.com.br\/loja\/wp-json\/wp\/v2\/product_cat?post=6082"},{"taxonomy":"product_tag","embeddable":true,"href":"https:\/\/www.lojadeequipamentos.com.br\/loja\/wp-json\/wp\/v2\/product_tag?post=6082"}],"curies":[{"name":"wp","href":"https:\/\/api.w.org\/{rel}","templated":true}]}}