{"id":6058,"date":"2021-06-14T13:12:33","date_gmt":"2021-06-14T13:12:33","guid":{"rendered":"https:\/\/www.lojadeequipamentos.com.br\/loja\/?post_type=product&#038;p=6058"},"modified":"2024-09-16T17:19:00","modified_gmt":"2024-09-16T17:19:00","slug":"fritadeira-eletrica-oleo-fed-20-n-skymsen-2","status":"publish","type":"product","link":"https:\/\/www.lojadeequipamentos.com.br\/loja\/produto\/fritadeira-eletrica-oleo-fed-20-n-skymsen-2\/","title":{"rendered":"Fritadeira El\u00e9trica \u00d3leo FED-20-N 220v &#8211; Skymsen"},"content":{"rendered":"<p><strong>Fritadeira El\u00e9trica \u00d3leo FED-20-N - Skymsen<\/strong><\/p>\n<p>Tens\u00e3o El\u00e9trica \/ Frequ\u00eancia \/ Fases : 220v \/ 50-60 Hz \/ 1<br \/>\nPot\u00eancia Nominal: 2500 W [2x]\nConsumo: 2.5 kWh [2x]\nDimens\u00f5es: [AxLxP]: 280 x 300 x 670 mm<br \/>\nDim. da Embalagem [AxLxP]: 390 x 360 x 550 mm<br \/>\nPeso Liquido \/ Bruto: 7.80 kg \/ 10.10 kg<br \/>\nCapacidade do Tanque: 5L [2x]\nDimens\u00f5es do Cesto[AxLxP]: 105 x 190 x 220 mm<br \/>\nCarga M\u00e1xima do Cesto: 0.6 kg<br \/>\n\u00c1rea de Fritura[LxP]: 240 x 300 mm [2x]\nClassifica\u00e7\u00e3o Fiscal [NCM]: 84198190<br \/>\nEAN-13: 7895707453616<br \/>\n<strong>FAVOR ENTRAR EM CONTATO PARA COTA\u00c7\u00c3O DE FRETE<\/strong><\/p>\n<p><a href=\"https:\/\/api.whatsapp.com\/send?phone=5521964144201\"><img loading=\"lazy\" decoding=\"async\" class=\"alignnone size-full wp-image-4307\" src=\"http:\/\/www.lojadeequipamentos.com.br\/loja\/wp-content\/uploads\/2020\/08\/botao_whatsapp.png\" alt=\"botao_whatsapp\" width=\"226\" height=\"82\" \/><\/a><\/p>\n","protected":false},"excerpt":{"rendered":"<strong>Fritadeira El\u00e9trica \u00d3leo FED-20-N - Skymsen R$<\/strong>","protected":false},"featured_media":6625,"comment_status":"open","ping_status":"closed","template":"","meta":{"_links_to":"","_links_to_target":""},"product_brand":[],"product_cat":[6804],"product_tag":[6814,6805,6813,6811,6815,6806,6807,6816],"class_list":{"0":"post-6058","1":"product","2":"type-product","3":"status-publish","4":"has-post-thumbnail","6":"product_cat-fritadeira-skymsen","7":"product_tag-fed-20-n-fritadeira-eletrica-oleo","8":"product_tag-fritadeira-eletrica-oleo","9":"product_tag-fritadeira-eletrica-oleo-2500w","10":"product_tag-fritadeira-eletrica-oleo-5l","11":"product_tag-fritadeira-eletrica-oleo-fed-20-n","12":"product_tag-fritadeira-eletrica-oleo-skymsen","13":"product_tag-skymsen-fritadeira-eletrica-oleo","14":"product_tag-skymsen-fritadeira-eletrica-oleo-2-5kwh","16":"first","17":"instock","18":"shipping-taxable","19":"purchasable","20":"product-type-simple"},"yoast_head":"<!-- This site is optimized with the Yoast SEO plugin v27.3 - https:\/\/yoast.com\/product\/yoast-seo-wordpress\/ -->\n<title>Fritadeira El\u00e9trica \u00d3leo FED-20-N 220v - Skymsen - Loja de Equipamentos<\/title>\n<meta name=\"description\" content=\"Fritadeira El\u00e9trica \u00d3leo FED-20-N - Skymsen R$:1349,00\" \/>\n<meta name=\"robots\" content=\"index, follow, max-snippet:-1, max-image-preview:large, max-video-preview:-1\" \/>\n<link rel=\"canonical\" href=\"https:\/\/www.lojadeequipamentos.com.br\/loja\/produto\/fritadeira-eletrica-oleo-fed-20-n-skymsen-2\/\" \/>\n<meta property=\"og:locale\" content=\"pt_BR\" \/>\n<meta property=\"og:type\" content=\"article\" \/>\n<meta property=\"og:title\" content=\"Fritadeira El\u00e9trica \u00d3leo FED-20-N 220v - Skymsen - Loja de Equipamentos\" \/>\n<meta property=\"og:description\" content=\"Fritadeira El\u00e9trica \u00d3leo FED-20-N - Skymsen R$:1349,00\" \/>\n<meta property=\"og:url\" content=\"https:\/\/www.lojadeequipamentos.com.br\/loja\/produto\/fritadeira-eletrica-oleo-fed-20-n-skymsen-2\/\" \/>\n<meta property=\"og:site_name\" content=\"Loja de Equipamentos\" \/>\n<meta property=\"article:modified_time\" content=\"2024-09-16T17:19:00+00:00\" \/>\n<meta property=\"og:image\" content=\"https:\/\/www.lojadeequipamentos.com.br\/loja\/wp-content\/uploads\/2021\/06\/FED-20-N.jpg\" \/>\n\t<meta property=\"og:image:width\" content=\"400\" \/>\n\t<meta property=\"og:image:height\" content=\"400\" \/>\n\t<meta property=\"og:image:type\" content=\"image\/jpeg\" \/>\n<meta name=\"twitter:card\" content=\"summary_large_image\" \/>\n<meta name=\"twitter:label1\" content=\"Est. tempo de leitura\" \/>\n\t<meta name=\"twitter:data1\" content=\"1 minuto\" \/>\n<script type=\"application\/ld+json\" class=\"yoast-schema-graph\">{\"@context\":\"https:\\\/\\\/schema.org\",\"@graph\":[{\"@type\":\"WebPage\",\"@id\":\"https:\\\/\\\/www.lojadeequipamentos.com.br\\\/loja\\\/produto\\\/fritadeira-eletrica-oleo-fed-20-n-skymsen-2\\\/\",\"url\":\"https:\\\/\\\/www.lojadeequipamentos.com.br\\\/loja\\\/produto\\\/fritadeira-eletrica-oleo-fed-20-n-skymsen-2\\\/\",\"name\":\"Fritadeira El\u00e9trica \u00d3leo FED-20-N 220v - Skymsen - Loja de Equipamentos\",\"isPartOf\":{\"@id\":\"https:\\\/\\\/www.lojadeequipamentos.com.br\\\/loja\\\/#website\"},\"primaryImageOfPage\":{\"@id\":\"https:\\\/\\\/www.lojadeequipamentos.com.br\\\/loja\\\/produto\\\/fritadeira-eletrica-oleo-fed-20-n-skymsen-2\\\/#primaryimage\"},\"image\":{\"@id\":\"https:\\\/\\\/www.lojadeequipamentos.com.br\\\/loja\\\/produto\\\/fritadeira-eletrica-oleo-fed-20-n-skymsen-2\\\/#primaryimage\"},\"thumbnailUrl\":\"https:\\\/\\\/www.lojadeequipamentos.com.br\\\/loja\\\/wp-content\\\/uploads\\\/2021\\\/06\\\/FED-20-N.jpg\",\"datePublished\":\"2021-06-14T13:12:33+00:00\",\"dateModified\":\"2024-09-16T17:19:00+00:00\",\"description\":\"Fritadeira El\u00e9trica \u00d3leo FED-20-N - Skymsen R$:1349,00\",\"breadcrumb\":{\"@id\":\"https:\\\/\\\/www.lojadeequipamentos.com.br\\\/loja\\\/produto\\\/fritadeira-eletrica-oleo-fed-20-n-skymsen-2\\\/#breadcrumb\"},\"inLanguage\":\"pt-BR\",\"potentialAction\":[{\"@type\":\"ReadAction\",\"target\":[\"https:\\\/\\\/www.lojadeequipamentos.com.br\\\/loja\\\/produto\\\/fritadeira-eletrica-oleo-fed-20-n-skymsen-2\\\/\"]}]},{\"@type\":\"ImageObject\",\"inLanguage\":\"pt-BR\",\"@id\":\"https:\\\/\\\/www.lojadeequipamentos.com.br\\\/loja\\\/produto\\\/fritadeira-eletrica-oleo-fed-20-n-skymsen-2\\\/#primaryimage\",\"url\":\"https:\\\/\\\/www.lojadeequipamentos.com.br\\\/loja\\\/wp-content\\\/uploads\\\/2021\\\/06\\\/FED-20-N.jpg\",\"contentUrl\":\"https:\\\/\\\/www.lojadeequipamentos.com.br\\\/loja\\\/wp-content\\\/uploads\\\/2021\\\/06\\\/FED-20-N.jpg\",\"width\":400,\"height\":400},{\"@type\":\"BreadcrumbList\",\"@id\":\"https:\\\/\\\/www.lojadeequipamentos.com.br\\\/loja\\\/produto\\\/fritadeira-eletrica-oleo-fed-20-n-skymsen-2\\\/#breadcrumb\",\"itemListElement\":[{\"@type\":\"ListItem\",\"position\":1,\"name\":\"In\u00edcio\",\"item\":\"https:\\\/\\\/www.lojadeequipamentos.com.br\\\/loja\\\/\"},{\"@type\":\"ListItem\",\"position\":2,\"name\":\"Loja Virtual\",\"item\":\"https:\\\/\\\/www.lojadeequipamentos.com.br\\\/loja\\\/shop\\\/\"},{\"@type\":\"ListItem\",\"position\":3,\"name\":\"Fritadeira El\u00e9trica \u00d3leo FED-20-N 220v &#8211; Skymsen\"}]},{\"@type\":\"WebSite\",\"@id\":\"https:\\\/\\\/www.lojadeequipamentos.com.br\\\/loja\\\/#website\",\"url\":\"https:\\\/\\\/www.lojadeequipamentos.com.br\\\/loja\\\/\",\"name\":\"Loja de Equipamentos\",\"description\":\"\",\"potentialAction\":[{\"@type\":\"SearchAction\",\"target\":{\"@type\":\"EntryPoint\",\"urlTemplate\":\"https:\\\/\\\/www.lojadeequipamentos.com.br\\\/loja\\\/?s={search_term_string}\"},\"query-input\":{\"@type\":\"PropertyValueSpecification\",\"valueRequired\":true,\"valueName\":\"search_term_string\"}}],\"inLanguage\":\"pt-BR\"}]}<\/script>\n<!-- \/ Yoast SEO plugin. -->","yoast_head_json":{"title":"Fritadeira El\u00e9trica \u00d3leo FED-20-N 220v - Skymsen - Loja de Equipamentos","description":"Fritadeira El\u00e9trica \u00d3leo FED-20-N - Skymsen R$:1349,00","robots":{"index":"index","follow":"follow","max-snippet":"max-snippet:-1","max-image-preview":"max-image-preview:large","max-video-preview":"max-video-preview:-1"},"canonical":"https:\/\/www.lojadeequipamentos.com.br\/loja\/produto\/fritadeira-eletrica-oleo-fed-20-n-skymsen-2\/","og_locale":"pt_BR","og_type":"article","og_title":"Fritadeira El\u00e9trica \u00d3leo FED-20-N 220v - Skymsen - Loja de Equipamentos","og_description":"Fritadeira El\u00e9trica \u00d3leo FED-20-N - Skymsen R$:1349,00","og_url":"https:\/\/www.lojadeequipamentos.com.br\/loja\/produto\/fritadeira-eletrica-oleo-fed-20-n-skymsen-2\/","og_site_name":"Loja de Equipamentos","article_modified_time":"2024-09-16T17:19:00+00:00","og_image":[{"width":400,"height":400,"url":"https:\/\/www.lojadeequipamentos.com.br\/loja\/wp-content\/uploads\/2021\/06\/FED-20-N.jpg","type":"image\/jpeg"}],"twitter_card":"summary_large_image","twitter_misc":{"Est. tempo de leitura":"1 minuto"},"schema":{"@context":"https:\/\/schema.org","@graph":[{"@type":"WebPage","@id":"https:\/\/www.lojadeequipamentos.com.br\/loja\/produto\/fritadeira-eletrica-oleo-fed-20-n-skymsen-2\/","url":"https:\/\/www.lojadeequipamentos.com.br\/loja\/produto\/fritadeira-eletrica-oleo-fed-20-n-skymsen-2\/","name":"Fritadeira El\u00e9trica \u00d3leo FED-20-N 220v - Skymsen - Loja de Equipamentos","isPartOf":{"@id":"https:\/\/www.lojadeequipamentos.com.br\/loja\/#website"},"primaryImageOfPage":{"@id":"https:\/\/www.lojadeequipamentos.com.br\/loja\/produto\/fritadeira-eletrica-oleo-fed-20-n-skymsen-2\/#primaryimage"},"image":{"@id":"https:\/\/www.lojadeequipamentos.com.br\/loja\/produto\/fritadeira-eletrica-oleo-fed-20-n-skymsen-2\/#primaryimage"},"thumbnailUrl":"https:\/\/www.lojadeequipamentos.com.br\/loja\/wp-content\/uploads\/2021\/06\/FED-20-N.jpg","datePublished":"2021-06-14T13:12:33+00:00","dateModified":"2024-09-16T17:19:00+00:00","description":"Fritadeira El\u00e9trica \u00d3leo FED-20-N - Skymsen R$:1349,00","breadcrumb":{"@id":"https:\/\/www.lojadeequipamentos.com.br\/loja\/produto\/fritadeira-eletrica-oleo-fed-20-n-skymsen-2\/#breadcrumb"},"inLanguage":"pt-BR","potentialAction":[{"@type":"ReadAction","target":["https:\/\/www.lojadeequipamentos.com.br\/loja\/produto\/fritadeira-eletrica-oleo-fed-20-n-skymsen-2\/"]}]},{"@type":"ImageObject","inLanguage":"pt-BR","@id":"https:\/\/www.lojadeequipamentos.com.br\/loja\/produto\/fritadeira-eletrica-oleo-fed-20-n-skymsen-2\/#primaryimage","url":"https:\/\/www.lojadeequipamentos.com.br\/loja\/wp-content\/uploads\/2021\/06\/FED-20-N.jpg","contentUrl":"https:\/\/www.lojadeequipamentos.com.br\/loja\/wp-content\/uploads\/2021\/06\/FED-20-N.jpg","width":400,"height":400},{"@type":"BreadcrumbList","@id":"https:\/\/www.lojadeequipamentos.com.br\/loja\/produto\/fritadeira-eletrica-oleo-fed-20-n-skymsen-2\/#breadcrumb","itemListElement":[{"@type":"ListItem","position":1,"name":"In\u00edcio","item":"https:\/\/www.lojadeequipamentos.com.br\/loja\/"},{"@type":"ListItem","position":2,"name":"Loja Virtual","item":"https:\/\/www.lojadeequipamentos.com.br\/loja\/shop\/"},{"@type":"ListItem","position":3,"name":"Fritadeira El\u00e9trica \u00d3leo FED-20-N 220v &#8211; Skymsen"}]},{"@type":"WebSite","@id":"https:\/\/www.lojadeequipamentos.com.br\/loja\/#website","url":"https:\/\/www.lojadeequipamentos.com.br\/loja\/","name":"Loja de Equipamentos","description":"","potentialAction":[{"@type":"SearchAction","target":{"@type":"EntryPoint","urlTemplate":"https:\/\/www.lojadeequipamentos.com.br\/loja\/?s={search_term_string}"},"query-input":{"@type":"PropertyValueSpecification","valueRequired":true,"valueName":"search_term_string"}}],"inLanguage":"pt-BR"}]}},"_links":{"self":[{"href":"https:\/\/www.lojadeequipamentos.com.br\/loja\/wp-json\/wp\/v2\/product\/6058","targetHints":{"allow":["GET"]}}],"collection":[{"href":"https:\/\/www.lojadeequipamentos.com.br\/loja\/wp-json\/wp\/v2\/product"}],"about":[{"href":"https:\/\/www.lojadeequipamentos.com.br\/loja\/wp-json\/wp\/v2\/types\/product"}],"replies":[{"embeddable":true,"href":"https:\/\/www.lojadeequipamentos.com.br\/loja\/wp-json\/wp\/v2\/comments?post=6058"}],"wp:featuredmedia":[{"embeddable":true,"href":"https:\/\/www.lojadeequipamentos.com.br\/loja\/wp-json\/wp\/v2\/media\/6625"}],"wp:attachment":[{"href":"https:\/\/www.lojadeequipamentos.com.br\/loja\/wp-json\/wp\/v2\/media?parent=6058"}],"wp:term":[{"taxonomy":"product_brand","embeddable":true,"href":"https:\/\/www.lojadeequipamentos.com.br\/loja\/wp-json\/wp\/v2\/product_brand?post=6058"},{"taxonomy":"product_cat","embeddable":true,"href":"https:\/\/www.lojadeequipamentos.com.br\/loja\/wp-json\/wp\/v2\/product_cat?post=6058"},{"taxonomy":"product_tag","embeddable":true,"href":"https:\/\/www.lojadeequipamentos.com.br\/loja\/wp-json\/wp\/v2\/product_tag?post=6058"}],"curies":[{"name":"wp","href":"https:\/\/api.w.org\/{rel}","templated":true}]}}