{"id":6047,"date":"2021-06-08T22:49:10","date_gmt":"2021-06-08T22:49:10","guid":{"rendered":"https:\/\/www.lojadeequipamentos.com.br\/loja\/?post_type=product&#038;p=6047"},"modified":"2023-09-30T16:10:31","modified_gmt":"2023-09-30T16:10:31","slug":"extrator-de-suco-inox-esb-super-n-camara-inox-skymsen","status":"publish","type":"product","link":"https:\/\/www.lojadeequipamentos.com.br\/loja\/produto\/extrator-de-suco-inox-esb-super-n-camara-inox-skymsen\/","title":{"rendered":"Extrator de Suco Inox ESB SUPER-N C\u00e2mara Inox &#8211; Skymsen"},"content":{"rendered":"<p><strong>Extrator de Suco Inox ESB SUPER-N C\u00e2mara Inox - 127\/220v - Skymsen<\/strong><\/p>\n<p>EXTRATOR DE SUCOS INOX, C\u00c2MARA INOX<br \/>\nPara quem busca desempenho, produtividade e qualidade nos produtos oferecidos pelo seu estabelecimento, o extrator de suco profissional da Skymsen \u00e9 um equipamento essencial. Com ele, \u00e9 poss\u00edvel extrair com facilidade sucos de laranja e lim\u00e3o com o m\u00e1ximo de aproveitamento da polpa das frutas. O processo de produ\u00e7\u00e3o se torna otimizado, sem perda de tempo e qualidade, o que facilita a fideliza\u00e7\u00e3o de novos clientes. Assim, este equipamento \u00e9 ideal para padarias, confeitarias, caf\u00e9s, lanchonetes, pizzarias, bares e restaurantes, hospitais, cantinas e similares.<br \/>\nDesenvolvido com gabinete em a\u00e7o inox e c\u00e2mara em alum\u00ednio, o extrator de suco profissional \u00e9 um equipamento de f\u00e1cil manuseio, com partes remov\u00edveis facilitando sua limpeza e higieniza\u00e7\u00e3o. Al\u00e9m disso, este equipamento para bar e restaurante conta com um eficiente sistema impedindo o religamento autom\u00e1tico no caso de desligamentos repentinos provocados por quedas de energia repentinas.<br \/>\nO extrator de suco profissional possui as vers\u00f5es extrator de sucos inox exb-n, extrator de sucos inox ex e extrator de sucos inox exb-n. Todos os equipamentos v\u00eam equipados com tampa, c\u00e2mara de sucos, peneira, copo, castanha grande para espremer laranjas e castanha<\/p>\n<p>CARACTER\u00cdSTICAS T\u00c9CNICAS<br \/>\nC\u00f3digo: 61940.0<br \/>\nModelo: ESB SUPER-N<br \/>\nTens\u00e3o El\u00e9trica \/ Frequ\u00eancia \/ Fases : 127\/220v \/ 60 Hz \/ 1<br \/>\nPot\u00eancia Nominal: 530 W<br \/>\nPot\u00eancia do Motor: 0.5 CV<br \/>\nRota\u00e7\u00e3o: 1.750 rpm<br \/>\nConsumo: 0.53 kWh<br \/>\nDimens\u00f5es: [AxLxP]: 440 x 360 x 270 mm<br \/>\nDim. da Embalagem [AxLxP]: 420 x 440 x 320 mm<br \/>\nPeso Liquido \/ Bruto: 7,90 kg \/ 9 kg<br \/>\nFrutas por Minuto: 8<br \/>\nRota\u00e7\u00e3o? 1.750 rpm<br \/>\nClassifica\u00e7\u00e3o Fiscal [NCM]: 84388090<br \/>\nEAN-13: 7895707619401<\/p>\n<p><strong>FAVOR ENTRAR EM CONTATO PARA COTA\u00c7\u00c3O DE FRETE<\/strong><\/p>\n<p><a href=\"https:\/\/api.whatsapp.com\/send?phone=5521964144201\"><img loading=\"lazy\" decoding=\"async\" class=\"alignnone size-full wp-image-4307\" src=\"http:\/\/www.lojadeequipamentos.com.br\/loja\/wp-content\/uploads\/2020\/08\/botao_whatsapp.png\" alt=\"botao_whatsapp\" width=\"226\" height=\"82\" \/><\/a><\/p>\n","protected":false},"excerpt":{"rendered":"<strong>Extrator de Suco Inox ESB SUPER-N C\u00e2mara Inox - 127\/220v - Skymsen:<\/strong>","protected":false},"featured_media":7798,"comment_status":"open","ping_status":"closed","template":"","meta":{"_links_to":"","_links_to_target":""},"product_brand":[],"product_cat":[6778],"product_tag":[8883,8886,8887,8888,6779,6793,6794,6785,6789,8884,8885,8889,8891,6781,8890],"class_list":{"0":"post-6047","1":"product","2":"type-product","3":"status-publish","4":"has-post-thumbnail","6":"product_cat-extrator-e-centrifugador","7":"product_tag-ean-13-7895707619401","8":"product_tag-esb-super-n","9":"product_tag-esb-super-n-extrator","10":"product_tag-esb-super-n-skymsen","11":"product_tag-extrator-de-suco","12":"product_tag-extrator-de-suco-530w","13":"product_tag-extrator-de-suco-esb-super-n","14":"product_tag-extrator-de-suco-skymsen-1750rpm","15":"product_tag-extrator-de-suco-super-skymsen","16":"product_tag-extrator-esb-super-n","17":"product_tag-extrator-esb-super-n-skymsen","18":"product_tag-extrator-skymsen-esb-super-n","19":"product_tag-skymsen-esb-super-n","20":"product_tag-skymsen-extrator-de-suco","21":"product_tag-skymsen-extrator-esb-super-n","23":"first","24":"instock","25":"shipping-taxable","26":"purchasable","27":"product-type-simple"},"yoast_head":"<!-- This site is optimized with the Yoast SEO plugin v27.3 - https:\/\/yoast.com\/product\/yoast-seo-wordpress\/ -->\n<title>Extrator de Suco Inox ESB SUPER-N C\u00e2mara Inox - Skymsen - Loja de Equipamentos<\/title>\n<meta name=\"description\" content=\"Extrator de Suco Inox ESB SUPER-N C\u00e2mara Inox - 127\/220v - Skymsen - 1.750rpm R$ 996,30\" \/>\n<meta name=\"robots\" content=\"index, follow, max-snippet:-1, max-image-preview:large, max-video-preview:-1\" \/>\n<link rel=\"canonical\" href=\"https:\/\/www.lojadeequipamentos.com.br\/loja\/produto\/extrator-de-suco-inox-esb-super-n-camara-inox-skymsen\/\" \/>\n<meta property=\"og:locale\" content=\"pt_BR\" \/>\n<meta property=\"og:type\" content=\"article\" \/>\n<meta property=\"og:title\" content=\"Extrator de Suco Inox ESB SUPER-N C\u00e2mara Inox - Skymsen - Loja de Equipamentos\" \/>\n<meta property=\"og:description\" content=\"Extrator de Suco Inox ESB SUPER-N C\u00e2mara Inox - 127\/220v - Skymsen - 1.750rpm R$ 996,30\" \/>\n<meta property=\"og:url\" content=\"https:\/\/www.lojadeequipamentos.com.br\/loja\/produto\/extrator-de-suco-inox-esb-super-n-camara-inox-skymsen\/\" \/>\n<meta property=\"og:site_name\" content=\"Loja de Equipamentos\" \/>\n<meta property=\"article:modified_time\" content=\"2023-09-30T16:10:31+00:00\" \/>\n<meta property=\"og:image\" content=\"https:\/\/www.lojadeequipamentos.com.br\/loja\/wp-content\/uploads\/2021\/06\/Extrator-Suco-ESB-Super-N-Skymsen.jpeg\" \/>\n\t<meta property=\"og:image:width\" content=\"350\" \/>\n\t<meta property=\"og:image:height\" content=\"350\" \/>\n\t<meta property=\"og:image:type\" content=\"image\/jpeg\" \/>\n<meta name=\"twitter:card\" content=\"summary_large_image\" \/>\n<meta name=\"twitter:label1\" content=\"Est. tempo de leitura\" \/>\n\t<meta name=\"twitter:data1\" content=\"2 minutos\" \/>\n<script type=\"application\/ld+json\" class=\"yoast-schema-graph\">{\"@context\":\"https:\\\/\\\/schema.org\",\"@graph\":[{\"@type\":\"WebPage\",\"@id\":\"https:\\\/\\\/www.lojadeequipamentos.com.br\\\/loja\\\/produto\\\/extrator-de-suco-inox-esb-super-n-camara-inox-skymsen\\\/\",\"url\":\"https:\\\/\\\/www.lojadeequipamentos.com.br\\\/loja\\\/produto\\\/extrator-de-suco-inox-esb-super-n-camara-inox-skymsen\\\/\",\"name\":\"Extrator de Suco Inox ESB SUPER-N C\u00e2mara Inox - Skymsen - Loja de Equipamentos\",\"isPartOf\":{\"@id\":\"https:\\\/\\\/www.lojadeequipamentos.com.br\\\/loja\\\/#website\"},\"primaryImageOfPage\":{\"@id\":\"https:\\\/\\\/www.lojadeequipamentos.com.br\\\/loja\\\/produto\\\/extrator-de-suco-inox-esb-super-n-camara-inox-skymsen\\\/#primaryimage\"},\"image\":{\"@id\":\"https:\\\/\\\/www.lojadeequipamentos.com.br\\\/loja\\\/produto\\\/extrator-de-suco-inox-esb-super-n-camara-inox-skymsen\\\/#primaryimage\"},\"thumbnailUrl\":\"https:\\\/\\\/www.lojadeequipamentos.com.br\\\/loja\\\/wp-content\\\/uploads\\\/2021\\\/06\\\/Extrator-Suco-ESB-Super-N-Skymsen.jpeg\",\"datePublished\":\"2021-06-08T22:49:10+00:00\",\"dateModified\":\"2023-09-30T16:10:31+00:00\",\"description\":\"Extrator de Suco Inox ESB SUPER-N C\u00e2mara Inox - 127\\\/220v - Skymsen - 1.750rpm R$ 996,30\",\"breadcrumb\":{\"@id\":\"https:\\\/\\\/www.lojadeequipamentos.com.br\\\/loja\\\/produto\\\/extrator-de-suco-inox-esb-super-n-camara-inox-skymsen\\\/#breadcrumb\"},\"inLanguage\":\"pt-BR\",\"potentialAction\":[{\"@type\":\"ReadAction\",\"target\":[\"https:\\\/\\\/www.lojadeequipamentos.com.br\\\/loja\\\/produto\\\/extrator-de-suco-inox-esb-super-n-camara-inox-skymsen\\\/\"]}]},{\"@type\":\"ImageObject\",\"inLanguage\":\"pt-BR\",\"@id\":\"https:\\\/\\\/www.lojadeequipamentos.com.br\\\/loja\\\/produto\\\/extrator-de-suco-inox-esb-super-n-camara-inox-skymsen\\\/#primaryimage\",\"url\":\"https:\\\/\\\/www.lojadeequipamentos.com.br\\\/loja\\\/wp-content\\\/uploads\\\/2021\\\/06\\\/Extrator-Suco-ESB-Super-N-Skymsen.jpeg\",\"contentUrl\":\"https:\\\/\\\/www.lojadeequipamentos.com.br\\\/loja\\\/wp-content\\\/uploads\\\/2021\\\/06\\\/Extrator-Suco-ESB-Super-N-Skymsen.jpeg\",\"width\":350,\"height\":350},{\"@type\":\"BreadcrumbList\",\"@id\":\"https:\\\/\\\/www.lojadeequipamentos.com.br\\\/loja\\\/produto\\\/extrator-de-suco-inox-esb-super-n-camara-inox-skymsen\\\/#breadcrumb\",\"itemListElement\":[{\"@type\":\"ListItem\",\"position\":1,\"name\":\"In\u00edcio\",\"item\":\"https:\\\/\\\/www.lojadeequipamentos.com.br\\\/loja\\\/\"},{\"@type\":\"ListItem\",\"position\":2,\"name\":\"Loja Virtual\",\"item\":\"https:\\\/\\\/www.lojadeequipamentos.com.br\\\/loja\\\/shop\\\/\"},{\"@type\":\"ListItem\",\"position\":3,\"name\":\"Extrator de Suco Inox ESB SUPER-N C\u00e2mara Inox &#8211; Skymsen\"}]},{\"@type\":\"WebSite\",\"@id\":\"https:\\\/\\\/www.lojadeequipamentos.com.br\\\/loja\\\/#website\",\"url\":\"https:\\\/\\\/www.lojadeequipamentos.com.br\\\/loja\\\/\",\"name\":\"Loja de Equipamentos\",\"description\":\"\",\"potentialAction\":[{\"@type\":\"SearchAction\",\"target\":{\"@type\":\"EntryPoint\",\"urlTemplate\":\"https:\\\/\\\/www.lojadeequipamentos.com.br\\\/loja\\\/?s={search_term_string}\"},\"query-input\":{\"@type\":\"PropertyValueSpecification\",\"valueRequired\":true,\"valueName\":\"search_term_string\"}}],\"inLanguage\":\"pt-BR\"}]}<\/script>\n<!-- \/ Yoast SEO plugin. -->","yoast_head_json":{"title":"Extrator de Suco Inox ESB SUPER-N C\u00e2mara Inox - Skymsen - Loja de Equipamentos","description":"Extrator de Suco Inox ESB SUPER-N C\u00e2mara Inox - 127\/220v - Skymsen - 1.750rpm R$ 996,30","robots":{"index":"index","follow":"follow","max-snippet":"max-snippet:-1","max-image-preview":"max-image-preview:large","max-video-preview":"max-video-preview:-1"},"canonical":"https:\/\/www.lojadeequipamentos.com.br\/loja\/produto\/extrator-de-suco-inox-esb-super-n-camara-inox-skymsen\/","og_locale":"pt_BR","og_type":"article","og_title":"Extrator de Suco Inox ESB SUPER-N C\u00e2mara Inox - Skymsen - Loja de Equipamentos","og_description":"Extrator de Suco Inox ESB SUPER-N C\u00e2mara Inox - 127\/220v - Skymsen - 1.750rpm R$ 996,30","og_url":"https:\/\/www.lojadeequipamentos.com.br\/loja\/produto\/extrator-de-suco-inox-esb-super-n-camara-inox-skymsen\/","og_site_name":"Loja de Equipamentos","article_modified_time":"2023-09-30T16:10:31+00:00","og_image":[{"width":350,"height":350,"url":"https:\/\/www.lojadeequipamentos.com.br\/loja\/wp-content\/uploads\/2021\/06\/Extrator-Suco-ESB-Super-N-Skymsen.jpeg","type":"image\/jpeg"}],"twitter_card":"summary_large_image","twitter_misc":{"Est. tempo de leitura":"2 minutos"},"schema":{"@context":"https:\/\/schema.org","@graph":[{"@type":"WebPage","@id":"https:\/\/www.lojadeequipamentos.com.br\/loja\/produto\/extrator-de-suco-inox-esb-super-n-camara-inox-skymsen\/","url":"https:\/\/www.lojadeequipamentos.com.br\/loja\/produto\/extrator-de-suco-inox-esb-super-n-camara-inox-skymsen\/","name":"Extrator de Suco Inox ESB SUPER-N C\u00e2mara Inox - Skymsen - Loja de Equipamentos","isPartOf":{"@id":"https:\/\/www.lojadeequipamentos.com.br\/loja\/#website"},"primaryImageOfPage":{"@id":"https:\/\/www.lojadeequipamentos.com.br\/loja\/produto\/extrator-de-suco-inox-esb-super-n-camara-inox-skymsen\/#primaryimage"},"image":{"@id":"https:\/\/www.lojadeequipamentos.com.br\/loja\/produto\/extrator-de-suco-inox-esb-super-n-camara-inox-skymsen\/#primaryimage"},"thumbnailUrl":"https:\/\/www.lojadeequipamentos.com.br\/loja\/wp-content\/uploads\/2021\/06\/Extrator-Suco-ESB-Super-N-Skymsen.jpeg","datePublished":"2021-06-08T22:49:10+00:00","dateModified":"2023-09-30T16:10:31+00:00","description":"Extrator de Suco Inox ESB SUPER-N C\u00e2mara Inox - 127\/220v - Skymsen - 1.750rpm R$ 996,30","breadcrumb":{"@id":"https:\/\/www.lojadeequipamentos.com.br\/loja\/produto\/extrator-de-suco-inox-esb-super-n-camara-inox-skymsen\/#breadcrumb"},"inLanguage":"pt-BR","potentialAction":[{"@type":"ReadAction","target":["https:\/\/www.lojadeequipamentos.com.br\/loja\/produto\/extrator-de-suco-inox-esb-super-n-camara-inox-skymsen\/"]}]},{"@type":"ImageObject","inLanguage":"pt-BR","@id":"https:\/\/www.lojadeequipamentos.com.br\/loja\/produto\/extrator-de-suco-inox-esb-super-n-camara-inox-skymsen\/#primaryimage","url":"https:\/\/www.lojadeequipamentos.com.br\/loja\/wp-content\/uploads\/2021\/06\/Extrator-Suco-ESB-Super-N-Skymsen.jpeg","contentUrl":"https:\/\/www.lojadeequipamentos.com.br\/loja\/wp-content\/uploads\/2021\/06\/Extrator-Suco-ESB-Super-N-Skymsen.jpeg","width":350,"height":350},{"@type":"BreadcrumbList","@id":"https:\/\/www.lojadeequipamentos.com.br\/loja\/produto\/extrator-de-suco-inox-esb-super-n-camara-inox-skymsen\/#breadcrumb","itemListElement":[{"@type":"ListItem","position":1,"name":"In\u00edcio","item":"https:\/\/www.lojadeequipamentos.com.br\/loja\/"},{"@type":"ListItem","position":2,"name":"Loja Virtual","item":"https:\/\/www.lojadeequipamentos.com.br\/loja\/shop\/"},{"@type":"ListItem","position":3,"name":"Extrator de Suco Inox ESB SUPER-N C\u00e2mara Inox &#8211; Skymsen"}]},{"@type":"WebSite","@id":"https:\/\/www.lojadeequipamentos.com.br\/loja\/#website","url":"https:\/\/www.lojadeequipamentos.com.br\/loja\/","name":"Loja de Equipamentos","description":"","potentialAction":[{"@type":"SearchAction","target":{"@type":"EntryPoint","urlTemplate":"https:\/\/www.lojadeequipamentos.com.br\/loja\/?s={search_term_string}"},"query-input":{"@type":"PropertyValueSpecification","valueRequired":true,"valueName":"search_term_string"}}],"inLanguage":"pt-BR"}]}},"_links":{"self":[{"href":"https:\/\/www.lojadeequipamentos.com.br\/loja\/wp-json\/wp\/v2\/product\/6047","targetHints":{"allow":["GET"]}}],"collection":[{"href":"https:\/\/www.lojadeequipamentos.com.br\/loja\/wp-json\/wp\/v2\/product"}],"about":[{"href":"https:\/\/www.lojadeequipamentos.com.br\/loja\/wp-json\/wp\/v2\/types\/product"}],"replies":[{"embeddable":true,"href":"https:\/\/www.lojadeequipamentos.com.br\/loja\/wp-json\/wp\/v2\/comments?post=6047"}],"wp:featuredmedia":[{"embeddable":true,"href":"https:\/\/www.lojadeequipamentos.com.br\/loja\/wp-json\/wp\/v2\/media\/7798"}],"wp:attachment":[{"href":"https:\/\/www.lojadeequipamentos.com.br\/loja\/wp-json\/wp\/v2\/media?parent=6047"}],"wp:term":[{"taxonomy":"product_brand","embeddable":true,"href":"https:\/\/www.lojadeequipamentos.com.br\/loja\/wp-json\/wp\/v2\/product_brand?post=6047"},{"taxonomy":"product_cat","embeddable":true,"href":"https:\/\/www.lojadeequipamentos.com.br\/loja\/wp-json\/wp\/v2\/product_cat?post=6047"},{"taxonomy":"product_tag","embeddable":true,"href":"https:\/\/www.lojadeequipamentos.com.br\/loja\/wp-json\/wp\/v2\/product_tag?post=6047"}],"curies":[{"name":"wp","href":"https:\/\/api.w.org\/{rel}","templated":true}]}}