{"id":6037,"date":"2021-06-05T22:36:22","date_gmt":"2021-06-05T22:36:22","guid":{"rendered":"https:\/\/www.lojadeequipamentos.com.br\/loja\/?post_type=product&#038;p=6037"},"modified":"2025-06-26T10:34:33","modified_gmt":"2025-06-26T10:34:33","slug":"descascador-de-legumes-inox-db-25hd-n-skymsen","status":"publish","type":"product","link":"https:\/\/www.lojadeequipamentos.com.br\/loja\/produto\/descascador-de-legumes-inox-db-25hd-n-skymsen\/","title":{"rendered":"Descascador de Legumes Inox DB 25HD-N &#8211; Skymsen"},"content":{"rendered":"<p><strong>Descascador de Legumes Inox DB 25HD-N - Heavy Duty \/ Trabalho Pesado - Skymsen<\/strong><\/p>\n<p>DESCASCADOR INOX, 25 KG, HEAVY DUTY<br \/>\nO preparo dos alimentos a serem utilizados na produ\u00e7\u00e3o de pratos em cozinhas, como em bares e restaurantes, cozinhas comerciais, em cantinas, hospitais, entre outros, \u00e9 um processo fundamental que pode impactar tanto na qualidade, quanto nos lucros do estabelecimento. Neste contexto, o processo de descascar legumes e tub\u00e9rculos \u00e9 extremamente relevante, tanto para a alta produtividade da cozinha, quanto para o m\u00e1ximo aproveitamento dos alimentos. Pensando nisso, a Skymsen desenvolveu o descascador de legumes inox DB-25HD-N, robusto com <strong>capacidade de produ\u00e7\u00e3o de at\u00e9 incr\u00edveis 500 kg\/h.<\/strong>descascador<br \/>\nCom estrutura em a\u00e7o inox e equipado com bocal especial para o descarregamento do alimento ap\u00f3s processado, o descascador de legumes inox DB-25HD-N \u00e9 excelente para descascar legumes e tub\u00e9rculos com total efici\u00eancia e agilidade. Equipado com um timer, possibilita a padroniza\u00e7\u00e3o do tempo e processamento, o que contribui para a sua precis\u00e3o na produ\u00e7\u00e3o. Al\u00e9m disso, trata-se de um equipamento de f\u00e1cil higieniza\u00e7\u00e3o, tamb\u00e9m apresenta tampa com sensor que impede o funcionamento do equipamento quando aberto.<br \/>\nO descascador de legumes inox DB-25HD-N com certeza \u00e9 uma excelente op\u00e7\u00e3o de equipamento, caso voc\u00ea esteja em busca de uma solu\u00e7\u00e3o para facilitar o processo de descascar legumes e tub\u00e9rculos na cozinha de seu estabelecimento. <\/p>\n<p>CARACTER\u00cdSTICAS T\u00c9CNICAS<br \/>\nModelo: DB-25HD-N<br \/>\nTens\u00e3o El\u00e9trica \/ Frequ\u00eancia \/ Fases : 127V - 220v \/ 60 Hz \/ 1<br \/>\nPot\u00eancia Nominal: 820 W<br \/>\nPot\u00eancia do Motor: 1 CV<br \/>\nConsumo: 0.82 kWh<br \/>\nDimens\u00f5es: [AxLxP]: 1135 x 650 x 825 mm<br \/>\nDim. da Embalagem [AxLxP]: 1300 x 670 x 950 mm<br \/>\nPeso Liquido \/ Bruto: 60 kg \/ 94 kg<br \/>\nProdu\u00e7\u00e3o Aproximada: 500 kg\/h<br \/>\nCapacidade do Ciclo: 25kg<br \/>\nClassifica\u00e7\u00e3o Fiscal [NCM]: 84386000<br \/>\nEAN-13: 7895707468788 (127v)<br \/>\nEAN-13: 7895707468795 (220v)<\/p>\n<p><strong>FAVOR ENTRAR EM CONTATO PARA COTA\u00c7\u00c3O DE FRETE<\/strong><\/p>\n<p><a href=\"https:\/\/api.whatsapp.com\/send?phone=5521964144201\"><img loading=\"lazy\" decoding=\"async\" class=\"alignnone size-full wp-image-4307\" src=\"http:\/\/www.lojadeequipamentos.com.br\/loja\/wp-content\/uploads\/2020\/08\/botao_whatsapp.png\" alt=\"botao_whatsapp\" width=\"226\" height=\"82\" \/><\/a><\/p>\n","protected":false},"excerpt":{"rendered":"<strong>Descascador de Legumes Inox DB 25HD-N Heavy Duty \/ Trabalho Pesado - Skymsen<\/strong>","protected":false},"featured_media":7835,"comment_status":"open","ping_status":"closed","template":"","meta":{"_links_to":"","_links_to_target":""},"product_brand":[],"product_cat":[6597],"product_tag":[9106,9108,6770,6771,6772,6775,6776,9110,9109,9113,9104,9105,9107,9111,9112],"class_list":{"0":"post-6037","1":"product","2":"type-product","3":"status-publish","4":"has-post-thumbnail","6":"product_cat-descascador-e-ralador","7":"product_tag-db-25hd-n","8":"product_tag-db-25hd-n-skymsen","9":"product_tag-descascador-db-25hd-n","10":"product_tag-descascador-db-25hd-n-25kg","11":"product_tag-descascador-db-25hd-n-skymsen","12":"product_tag-descascador-db-25hd-n-skymsen-820w","13":"product_tag-descascador-db-25hd-n-skymsen-inox","14":"product_tag-descascador-de-legumes-skymsen","15":"product_tag-descascador-legumes-skymsen","16":"product_tag-descascador-skymsen-db-25hd-n","17":"product_tag-ean-13-7895707468788","18":"product_tag-ean-13-7895707468795","19":"product_tag-skymsen-db-25hd-n","20":"product_tag-skymsen-descascador-de-legumes","21":"product_tag-skymsen-descascador-legumes","23":"first","24":"instock","25":"shipping-taxable","26":"purchasable","27":"product-type-simple"},"yoast_head":"<!-- This site is optimized with the Yoast SEO plugin v27.3 - https:\/\/yoast.com\/product\/yoast-seo-wordpress\/ -->\n<title>Descascador de Legumes Inox DB 25HD-N - Skymsen - Loja de Equipamentos<\/title>\n<meta name=\"description\" content=\"Descascador Inox DB 25HD-N - Heavy Duty \/ Trabalho Pesado - Skymsen R$ 10.485,00\" \/>\n<meta name=\"robots\" content=\"index, follow, max-snippet:-1, max-image-preview:large, max-video-preview:-1\" \/>\n<link rel=\"canonical\" href=\"https:\/\/www.lojadeequipamentos.com.br\/loja\/produto\/descascador-de-legumes-inox-db-25hd-n-skymsen\/\" \/>\n<meta property=\"og:locale\" content=\"pt_BR\" \/>\n<meta property=\"og:type\" content=\"article\" \/>\n<meta property=\"og:title\" content=\"Descascador de Legumes Inox DB 25HD-N - Skymsen - Loja de Equipamentos\" \/>\n<meta property=\"og:description\" content=\"Descascador Inox DB 25HD-N - Heavy Duty \/ Trabalho Pesado - Skymsen R$ 10.485,00\" \/>\n<meta property=\"og:url\" content=\"https:\/\/www.lojadeequipamentos.com.br\/loja\/produto\/descascador-de-legumes-inox-db-25hd-n-skymsen\/\" \/>\n<meta property=\"og:site_name\" content=\"Loja de Equipamentos\" \/>\n<meta property=\"article:modified_time\" content=\"2025-06-26T10:34:33+00:00\" \/>\n<meta property=\"og:image\" content=\"https:\/\/www.lojadeequipamentos.com.br\/loja\/wp-content\/uploads\/2021\/06\/Descascador-DB-25HD-N-Skymsen.jpeg\" \/>\n\t<meta property=\"og:image:width\" content=\"350\" \/>\n\t<meta property=\"og:image:height\" content=\"350\" \/>\n\t<meta property=\"og:image:type\" content=\"image\/jpeg\" \/>\n<meta name=\"twitter:card\" content=\"summary_large_image\" \/>\n<meta name=\"twitter:label1\" content=\"Est. tempo de leitura\" \/>\n\t<meta name=\"twitter:data1\" content=\"3 minutos\" \/>\n<script type=\"application\/ld+json\" class=\"yoast-schema-graph\">{\"@context\":\"https:\\\/\\\/schema.org\",\"@graph\":[{\"@type\":\"WebPage\",\"@id\":\"https:\\\/\\\/www.lojadeequipamentos.com.br\\\/loja\\\/produto\\\/descascador-de-legumes-inox-db-25hd-n-skymsen\\\/\",\"url\":\"https:\\\/\\\/www.lojadeequipamentos.com.br\\\/loja\\\/produto\\\/descascador-de-legumes-inox-db-25hd-n-skymsen\\\/\",\"name\":\"Descascador de Legumes Inox DB 25HD-N - Skymsen - Loja de Equipamentos\",\"isPartOf\":{\"@id\":\"https:\\\/\\\/www.lojadeequipamentos.com.br\\\/loja\\\/#website\"},\"primaryImageOfPage\":{\"@id\":\"https:\\\/\\\/www.lojadeequipamentos.com.br\\\/loja\\\/produto\\\/descascador-de-legumes-inox-db-25hd-n-skymsen\\\/#primaryimage\"},\"image\":{\"@id\":\"https:\\\/\\\/www.lojadeequipamentos.com.br\\\/loja\\\/produto\\\/descascador-de-legumes-inox-db-25hd-n-skymsen\\\/#primaryimage\"},\"thumbnailUrl\":\"https:\\\/\\\/www.lojadeequipamentos.com.br\\\/loja\\\/wp-content\\\/uploads\\\/2021\\\/06\\\/Descascador-DB-25HD-N-Skymsen.jpeg\",\"datePublished\":\"2021-06-05T22:36:22+00:00\",\"dateModified\":\"2025-06-26T10:34:33+00:00\",\"description\":\"Descascador Inox DB 25HD-N - Heavy Duty \\\/ Trabalho Pesado - Skymsen R$ 10.485,00\",\"breadcrumb\":{\"@id\":\"https:\\\/\\\/www.lojadeequipamentos.com.br\\\/loja\\\/produto\\\/descascador-de-legumes-inox-db-25hd-n-skymsen\\\/#breadcrumb\"},\"inLanguage\":\"pt-BR\",\"potentialAction\":[{\"@type\":\"ReadAction\",\"target\":[\"https:\\\/\\\/www.lojadeequipamentos.com.br\\\/loja\\\/produto\\\/descascador-de-legumes-inox-db-25hd-n-skymsen\\\/\"]}]},{\"@type\":\"ImageObject\",\"inLanguage\":\"pt-BR\",\"@id\":\"https:\\\/\\\/www.lojadeequipamentos.com.br\\\/loja\\\/produto\\\/descascador-de-legumes-inox-db-25hd-n-skymsen\\\/#primaryimage\",\"url\":\"https:\\\/\\\/www.lojadeequipamentos.com.br\\\/loja\\\/wp-content\\\/uploads\\\/2021\\\/06\\\/Descascador-DB-25HD-N-Skymsen.jpeg\",\"contentUrl\":\"https:\\\/\\\/www.lojadeequipamentos.com.br\\\/loja\\\/wp-content\\\/uploads\\\/2021\\\/06\\\/Descascador-DB-25HD-N-Skymsen.jpeg\",\"width\":350,\"height\":350},{\"@type\":\"BreadcrumbList\",\"@id\":\"https:\\\/\\\/www.lojadeequipamentos.com.br\\\/loja\\\/produto\\\/descascador-de-legumes-inox-db-25hd-n-skymsen\\\/#breadcrumb\",\"itemListElement\":[{\"@type\":\"ListItem\",\"position\":1,\"name\":\"In\u00edcio\",\"item\":\"https:\\\/\\\/www.lojadeequipamentos.com.br\\\/loja\\\/\"},{\"@type\":\"ListItem\",\"position\":2,\"name\":\"Loja Virtual\",\"item\":\"https:\\\/\\\/www.lojadeequipamentos.com.br\\\/loja\\\/shop\\\/\"},{\"@type\":\"ListItem\",\"position\":3,\"name\":\"Descascador de Legumes Inox DB 25HD-N &#8211; Skymsen\"}]},{\"@type\":\"WebSite\",\"@id\":\"https:\\\/\\\/www.lojadeequipamentos.com.br\\\/loja\\\/#website\",\"url\":\"https:\\\/\\\/www.lojadeequipamentos.com.br\\\/loja\\\/\",\"name\":\"Loja de Equipamentos\",\"description\":\"\",\"potentialAction\":[{\"@type\":\"SearchAction\",\"target\":{\"@type\":\"EntryPoint\",\"urlTemplate\":\"https:\\\/\\\/www.lojadeequipamentos.com.br\\\/loja\\\/?s={search_term_string}\"},\"query-input\":{\"@type\":\"PropertyValueSpecification\",\"valueRequired\":true,\"valueName\":\"search_term_string\"}}],\"inLanguage\":\"pt-BR\"}]}<\/script>\n<!-- \/ Yoast SEO plugin. -->","yoast_head_json":{"title":"Descascador de Legumes Inox DB 25HD-N - Skymsen - Loja de Equipamentos","description":"Descascador Inox DB 25HD-N - Heavy Duty \/ Trabalho Pesado - Skymsen R$ 10.485,00","robots":{"index":"index","follow":"follow","max-snippet":"max-snippet:-1","max-image-preview":"max-image-preview:large","max-video-preview":"max-video-preview:-1"},"canonical":"https:\/\/www.lojadeequipamentos.com.br\/loja\/produto\/descascador-de-legumes-inox-db-25hd-n-skymsen\/","og_locale":"pt_BR","og_type":"article","og_title":"Descascador de Legumes Inox DB 25HD-N - Skymsen - Loja de Equipamentos","og_description":"Descascador Inox DB 25HD-N - Heavy Duty \/ Trabalho Pesado - Skymsen R$ 10.485,00","og_url":"https:\/\/www.lojadeequipamentos.com.br\/loja\/produto\/descascador-de-legumes-inox-db-25hd-n-skymsen\/","og_site_name":"Loja de Equipamentos","article_modified_time":"2025-06-26T10:34:33+00:00","og_image":[{"width":350,"height":350,"url":"https:\/\/www.lojadeequipamentos.com.br\/loja\/wp-content\/uploads\/2021\/06\/Descascador-DB-25HD-N-Skymsen.jpeg","type":"image\/jpeg"}],"twitter_card":"summary_large_image","twitter_misc":{"Est. tempo de leitura":"3 minutos"},"schema":{"@context":"https:\/\/schema.org","@graph":[{"@type":"WebPage","@id":"https:\/\/www.lojadeequipamentos.com.br\/loja\/produto\/descascador-de-legumes-inox-db-25hd-n-skymsen\/","url":"https:\/\/www.lojadeequipamentos.com.br\/loja\/produto\/descascador-de-legumes-inox-db-25hd-n-skymsen\/","name":"Descascador de Legumes Inox DB 25HD-N - Skymsen - Loja de Equipamentos","isPartOf":{"@id":"https:\/\/www.lojadeequipamentos.com.br\/loja\/#website"},"primaryImageOfPage":{"@id":"https:\/\/www.lojadeequipamentos.com.br\/loja\/produto\/descascador-de-legumes-inox-db-25hd-n-skymsen\/#primaryimage"},"image":{"@id":"https:\/\/www.lojadeequipamentos.com.br\/loja\/produto\/descascador-de-legumes-inox-db-25hd-n-skymsen\/#primaryimage"},"thumbnailUrl":"https:\/\/www.lojadeequipamentos.com.br\/loja\/wp-content\/uploads\/2021\/06\/Descascador-DB-25HD-N-Skymsen.jpeg","datePublished":"2021-06-05T22:36:22+00:00","dateModified":"2025-06-26T10:34:33+00:00","description":"Descascador Inox DB 25HD-N - Heavy Duty \/ Trabalho Pesado - Skymsen R$ 10.485,00","breadcrumb":{"@id":"https:\/\/www.lojadeequipamentos.com.br\/loja\/produto\/descascador-de-legumes-inox-db-25hd-n-skymsen\/#breadcrumb"},"inLanguage":"pt-BR","potentialAction":[{"@type":"ReadAction","target":["https:\/\/www.lojadeequipamentos.com.br\/loja\/produto\/descascador-de-legumes-inox-db-25hd-n-skymsen\/"]}]},{"@type":"ImageObject","inLanguage":"pt-BR","@id":"https:\/\/www.lojadeequipamentos.com.br\/loja\/produto\/descascador-de-legumes-inox-db-25hd-n-skymsen\/#primaryimage","url":"https:\/\/www.lojadeequipamentos.com.br\/loja\/wp-content\/uploads\/2021\/06\/Descascador-DB-25HD-N-Skymsen.jpeg","contentUrl":"https:\/\/www.lojadeequipamentos.com.br\/loja\/wp-content\/uploads\/2021\/06\/Descascador-DB-25HD-N-Skymsen.jpeg","width":350,"height":350},{"@type":"BreadcrumbList","@id":"https:\/\/www.lojadeequipamentos.com.br\/loja\/produto\/descascador-de-legumes-inox-db-25hd-n-skymsen\/#breadcrumb","itemListElement":[{"@type":"ListItem","position":1,"name":"In\u00edcio","item":"https:\/\/www.lojadeequipamentos.com.br\/loja\/"},{"@type":"ListItem","position":2,"name":"Loja Virtual","item":"https:\/\/www.lojadeequipamentos.com.br\/loja\/shop\/"},{"@type":"ListItem","position":3,"name":"Descascador de Legumes Inox DB 25HD-N &#8211; Skymsen"}]},{"@type":"WebSite","@id":"https:\/\/www.lojadeequipamentos.com.br\/loja\/#website","url":"https:\/\/www.lojadeequipamentos.com.br\/loja\/","name":"Loja de Equipamentos","description":"","potentialAction":[{"@type":"SearchAction","target":{"@type":"EntryPoint","urlTemplate":"https:\/\/www.lojadeequipamentos.com.br\/loja\/?s={search_term_string}"},"query-input":{"@type":"PropertyValueSpecification","valueRequired":true,"valueName":"search_term_string"}}],"inLanguage":"pt-BR"}]}},"_links":{"self":[{"href":"https:\/\/www.lojadeequipamentos.com.br\/loja\/wp-json\/wp\/v2\/product\/6037","targetHints":{"allow":["GET"]}}],"collection":[{"href":"https:\/\/www.lojadeequipamentos.com.br\/loja\/wp-json\/wp\/v2\/product"}],"about":[{"href":"https:\/\/www.lojadeequipamentos.com.br\/loja\/wp-json\/wp\/v2\/types\/product"}],"replies":[{"embeddable":true,"href":"https:\/\/www.lojadeequipamentos.com.br\/loja\/wp-json\/wp\/v2\/comments?post=6037"}],"wp:featuredmedia":[{"embeddable":true,"href":"https:\/\/www.lojadeequipamentos.com.br\/loja\/wp-json\/wp\/v2\/media\/7835"}],"wp:attachment":[{"href":"https:\/\/www.lojadeequipamentos.com.br\/loja\/wp-json\/wp\/v2\/media?parent=6037"}],"wp:term":[{"taxonomy":"product_brand","embeddable":true,"href":"https:\/\/www.lojadeequipamentos.com.br\/loja\/wp-json\/wp\/v2\/product_brand?post=6037"},{"taxonomy":"product_cat","embeddable":true,"href":"https:\/\/www.lojadeequipamentos.com.br\/loja\/wp-json\/wp\/v2\/product_cat?post=6037"},{"taxonomy":"product_tag","embeddable":true,"href":"https:\/\/www.lojadeequipamentos.com.br\/loja\/wp-json\/wp\/v2\/product_tag?post=6037"}],"curies":[{"name":"wp","href":"https:\/\/api.w.org\/{rel}","templated":true}]}}