{"id":6035,"date":"2021-06-05T22:04:30","date_gmt":"2021-06-05T22:04:30","guid":{"rendered":"https:\/\/www.lojadeequipamentos.com.br\/loja\/?post_type=product&#038;p=6035"},"modified":"2023-09-29T16:16:13","modified_gmt":"2023-09-29T16:16:13","slug":"descascador-de-batata-inox-db-10-skymsen","status":"publish","type":"product","link":"https:\/\/www.lojadeequipamentos.com.br\/loja\/produto\/descascador-de-batata-inox-db-10-skymsen\/","title":{"rendered":"Descascador de Batata Inox DB10 &#8211; Skymsen"},"content":{"rendered":"<p><strong>Descascador de Batata Inox DB10 - Skymsen<\/strong><\/p>\n<p>DESCASCADOR INOX, 10 KG<br \/>\nO Descascador inox DB-10\u00e9 um descascador de legumes desenvolvido em conformidade com as especifica\u00e7\u00f5es da norma NR-12 e do Inmetro. \u00c9 um produto indicado para estabelecimentos como restaurantes, bares e lanchonetes, cantinas e hospitais facilitando o trabalho nestes locais.<br \/>\nO equipamento tem capacidade para 10 kg e potencial de produ\u00e7\u00e3o de at\u00e9 200 kg\/h, possuindo uma tens\u00e3o de 127v ou 220 v.<br \/>\nPossui um eficiente sistema de seguran\u00e7a, que n\u00e3o permite o funcionamento da m\u00e1quina enquanto aberta, al\u00e9m de um anti-rearme que impede o ligamento autom\u00e1tico da m\u00e1quina em casos de desligamentos provocados por queda de energia, garantindo a m\u00e1xima seguran\u00e7a do operador no momento de uso.<\/p>\n<p>CARACTER\u00cdSTICAS T\u00c9CNICAS<br \/>\nModelo: DB-10<br \/>\nTens\u00e3o El\u00e9trica \/ Frequ\u00eancia \/ Fases : 127V - 220v \/ 60 Hz \/ 1<br \/>\nPot\u00eancia Nominal: 520 W<br \/>\nPot\u00eancia do Motor: 0.5 CV<br \/>\nConsumo: 0.52 kWh<br \/>\nDimens\u00f5es: [AxLxP]: 720 x 480 x 670 mm<br \/>\nDim. da Embalagem [AxLxP]: 770 x 530 x 640 mm<br \/>\nPeso Liquido \/ Bruto: 25 kg \/ 27 kg<br \/>\nProdu\u00e7\u00e3o Aproximada: 200 kg\/h<br \/>\nCapacidade do Ciclo: 10kg<br \/>\nClassifica\u00e7\u00e3o Fiscal [NCM]: 84386000<br \/>\nEAN-13: 7895707565197 (127v)<br \/>\nEAN-13: 7895707565166 (220v)<\/p>\n<p><strong>FAVOR ENTRAR EM CONTATO PARA COTA\u00c7\u00c3O DE FRETE<\/strong><\/p>\n<p><a href=\"https:\/\/api.whatsapp.com\/send?phone=5521964144201\"><img loading=\"lazy\" decoding=\"async\" class=\"alignnone size-full wp-image-4307\" src=\"http:\/\/www.lojadeequipamentos.com.br\/loja\/wp-content\/uploads\/2020\/08\/botao_whatsapp.png\" alt=\"botao_whatsapp\" width=\"226\" height=\"82\" \/><\/a><\/p>\n","protected":false},"excerpt":{"rendered":"<strong>Descascador de Batata Inox DB10 - Skymsen<\/strong>","protected":false},"featured_media":7837,"comment_status":"open","ping_status":"closed","template":"","meta":{"_links_to":"","_links_to_target":""},"product_brand":[],"product_cat":[6597],"product_tag":[9117,6761,6762,6763,6764,6766,6767,9120,9119,9118,9115,9114,9116,6768,9121],"class_list":{"0":"post-6035","1":"product","2":"type-product","3":"status-publish","4":"has-post-thumbnail","6":"product_cat-descascador-e-ralador","7":"product_tag-db10-skymsen","8":"product_tag-descascador-db-10","9":"product_tag-descascador-db-10-10kg","10":"product_tag-descascador-db-10-skymsen","11":"product_tag-descascador-db-10-skymsen-0-5-cv","12":"product_tag-descascador-db-10-skymsen-520w","13":"product_tag-descascador-db-10-skymsen-inox","14":"product_tag-descascador-de-batata-db10","15":"product_tag-descascador-de-batata-skymsen","16":"product_tag-descascador-skymsen-db10","17":"product_tag-ean-13-7895707565166","18":"product_tag-ean-13-7895707565197","19":"product_tag-skymsen-db10","20":"product_tag-skymsen-descascador-db-10","21":"product_tag-skymsen-descascador-de-batata-db10","23":"first","24":"instock","25":"shipping-taxable","26":"purchasable","27":"product-type-simple"},"yoast_head":"<!-- This site is optimized with the Yoast SEO plugin v27.3 - https:\/\/yoast.com\/product\/yoast-seo-wordpress\/ -->\n<title>Descascador de Batata Inox DB10 - Skymsen - Loja de Equipamentos<\/title>\n<meta name=\"description\" content=\"Descascador de Batata Inox DB10 - Skymsen R$ 3.011,40\" \/>\n<meta name=\"robots\" content=\"index, follow, max-snippet:-1, max-image-preview:large, max-video-preview:-1\" \/>\n<link rel=\"canonical\" href=\"https:\/\/www.lojadeequipamentos.com.br\/loja\/produto\/descascador-de-batata-inox-db-10-skymsen\/\" \/>\n<meta property=\"og:locale\" content=\"pt_BR\" \/>\n<meta property=\"og:type\" content=\"article\" \/>\n<meta property=\"og:title\" content=\"Descascador de Batata Inox DB10 - Skymsen - Loja de Equipamentos\" \/>\n<meta property=\"og:description\" content=\"Descascador de Batata Inox DB10 - Skymsen R$ 3.011,40\" \/>\n<meta property=\"og:url\" content=\"https:\/\/www.lojadeequipamentos.com.br\/loja\/produto\/descascador-de-batata-inox-db-10-skymsen\/\" \/>\n<meta property=\"og:site_name\" content=\"Loja de Equipamentos\" \/>\n<meta property=\"article:modified_time\" content=\"2023-09-29T16:16:13+00:00\" \/>\n<meta property=\"og:image\" content=\"https:\/\/www.lojadeequipamentos.com.br\/loja\/wp-content\/uploads\/2021\/06\/Descascador-DB-10-Skymsen.jpeg\" \/>\n\t<meta property=\"og:image:width\" content=\"350\" \/>\n\t<meta property=\"og:image:height\" content=\"350\" \/>\n\t<meta property=\"og:image:type\" content=\"image\/jpeg\" \/>\n<meta name=\"twitter:card\" content=\"summary_large_image\" \/>\n<meta name=\"twitter:label1\" content=\"Est. tempo de leitura\" \/>\n\t<meta name=\"twitter:data1\" content=\"1 minuto\" \/>\n<script type=\"application\/ld+json\" class=\"yoast-schema-graph\">{\"@context\":\"https:\\\/\\\/schema.org\",\"@graph\":[{\"@type\":\"WebPage\",\"@id\":\"https:\\\/\\\/www.lojadeequipamentos.com.br\\\/loja\\\/produto\\\/descascador-de-batata-inox-db-10-skymsen\\\/\",\"url\":\"https:\\\/\\\/www.lojadeequipamentos.com.br\\\/loja\\\/produto\\\/descascador-de-batata-inox-db-10-skymsen\\\/\",\"name\":\"Descascador de Batata Inox DB10 - Skymsen - Loja de Equipamentos\",\"isPartOf\":{\"@id\":\"https:\\\/\\\/www.lojadeequipamentos.com.br\\\/loja\\\/#website\"},\"primaryImageOfPage\":{\"@id\":\"https:\\\/\\\/www.lojadeequipamentos.com.br\\\/loja\\\/produto\\\/descascador-de-batata-inox-db-10-skymsen\\\/#primaryimage\"},\"image\":{\"@id\":\"https:\\\/\\\/www.lojadeequipamentos.com.br\\\/loja\\\/produto\\\/descascador-de-batata-inox-db-10-skymsen\\\/#primaryimage\"},\"thumbnailUrl\":\"https:\\\/\\\/www.lojadeequipamentos.com.br\\\/loja\\\/wp-content\\\/uploads\\\/2021\\\/06\\\/Descascador-DB-10-Skymsen.jpeg\",\"datePublished\":\"2021-06-05T22:04:30+00:00\",\"dateModified\":\"2023-09-29T16:16:13+00:00\",\"description\":\"Descascador de Batata Inox DB10 - Skymsen R$ 3.011,40\",\"breadcrumb\":{\"@id\":\"https:\\\/\\\/www.lojadeequipamentos.com.br\\\/loja\\\/produto\\\/descascador-de-batata-inox-db-10-skymsen\\\/#breadcrumb\"},\"inLanguage\":\"pt-BR\",\"potentialAction\":[{\"@type\":\"ReadAction\",\"target\":[\"https:\\\/\\\/www.lojadeequipamentos.com.br\\\/loja\\\/produto\\\/descascador-de-batata-inox-db-10-skymsen\\\/\"]}]},{\"@type\":\"ImageObject\",\"inLanguage\":\"pt-BR\",\"@id\":\"https:\\\/\\\/www.lojadeequipamentos.com.br\\\/loja\\\/produto\\\/descascador-de-batata-inox-db-10-skymsen\\\/#primaryimage\",\"url\":\"https:\\\/\\\/www.lojadeequipamentos.com.br\\\/loja\\\/wp-content\\\/uploads\\\/2021\\\/06\\\/Descascador-DB-10-Skymsen.jpeg\",\"contentUrl\":\"https:\\\/\\\/www.lojadeequipamentos.com.br\\\/loja\\\/wp-content\\\/uploads\\\/2021\\\/06\\\/Descascador-DB-10-Skymsen.jpeg\",\"width\":350,\"height\":350},{\"@type\":\"BreadcrumbList\",\"@id\":\"https:\\\/\\\/www.lojadeequipamentos.com.br\\\/loja\\\/produto\\\/descascador-de-batata-inox-db-10-skymsen\\\/#breadcrumb\",\"itemListElement\":[{\"@type\":\"ListItem\",\"position\":1,\"name\":\"In\u00edcio\",\"item\":\"https:\\\/\\\/www.lojadeequipamentos.com.br\\\/loja\\\/\"},{\"@type\":\"ListItem\",\"position\":2,\"name\":\"Loja Virtual\",\"item\":\"https:\\\/\\\/www.lojadeequipamentos.com.br\\\/loja\\\/shop\\\/\"},{\"@type\":\"ListItem\",\"position\":3,\"name\":\"Descascador de Batata Inox DB10 &#8211; Skymsen\"}]},{\"@type\":\"WebSite\",\"@id\":\"https:\\\/\\\/www.lojadeequipamentos.com.br\\\/loja\\\/#website\",\"url\":\"https:\\\/\\\/www.lojadeequipamentos.com.br\\\/loja\\\/\",\"name\":\"Loja de Equipamentos\",\"description\":\"\",\"potentialAction\":[{\"@type\":\"SearchAction\",\"target\":{\"@type\":\"EntryPoint\",\"urlTemplate\":\"https:\\\/\\\/www.lojadeequipamentos.com.br\\\/loja\\\/?s={search_term_string}\"},\"query-input\":{\"@type\":\"PropertyValueSpecification\",\"valueRequired\":true,\"valueName\":\"search_term_string\"}}],\"inLanguage\":\"pt-BR\"}]}<\/script>\n<!-- \/ Yoast SEO plugin. -->","yoast_head_json":{"title":"Descascador de Batata Inox DB10 - Skymsen - Loja de Equipamentos","description":"Descascador de Batata Inox DB10 - Skymsen R$ 3.011,40","robots":{"index":"index","follow":"follow","max-snippet":"max-snippet:-1","max-image-preview":"max-image-preview:large","max-video-preview":"max-video-preview:-1"},"canonical":"https:\/\/www.lojadeequipamentos.com.br\/loja\/produto\/descascador-de-batata-inox-db-10-skymsen\/","og_locale":"pt_BR","og_type":"article","og_title":"Descascador de Batata Inox DB10 - Skymsen - Loja de Equipamentos","og_description":"Descascador de Batata Inox DB10 - Skymsen R$ 3.011,40","og_url":"https:\/\/www.lojadeequipamentos.com.br\/loja\/produto\/descascador-de-batata-inox-db-10-skymsen\/","og_site_name":"Loja de Equipamentos","article_modified_time":"2023-09-29T16:16:13+00:00","og_image":[{"width":350,"height":350,"url":"https:\/\/www.lojadeequipamentos.com.br\/loja\/wp-content\/uploads\/2021\/06\/Descascador-DB-10-Skymsen.jpeg","type":"image\/jpeg"}],"twitter_card":"summary_large_image","twitter_misc":{"Est. tempo de leitura":"1 minuto"},"schema":{"@context":"https:\/\/schema.org","@graph":[{"@type":"WebPage","@id":"https:\/\/www.lojadeequipamentos.com.br\/loja\/produto\/descascador-de-batata-inox-db-10-skymsen\/","url":"https:\/\/www.lojadeequipamentos.com.br\/loja\/produto\/descascador-de-batata-inox-db-10-skymsen\/","name":"Descascador de Batata Inox DB10 - Skymsen - Loja de Equipamentos","isPartOf":{"@id":"https:\/\/www.lojadeequipamentos.com.br\/loja\/#website"},"primaryImageOfPage":{"@id":"https:\/\/www.lojadeequipamentos.com.br\/loja\/produto\/descascador-de-batata-inox-db-10-skymsen\/#primaryimage"},"image":{"@id":"https:\/\/www.lojadeequipamentos.com.br\/loja\/produto\/descascador-de-batata-inox-db-10-skymsen\/#primaryimage"},"thumbnailUrl":"https:\/\/www.lojadeequipamentos.com.br\/loja\/wp-content\/uploads\/2021\/06\/Descascador-DB-10-Skymsen.jpeg","datePublished":"2021-06-05T22:04:30+00:00","dateModified":"2023-09-29T16:16:13+00:00","description":"Descascador de Batata Inox DB10 - Skymsen R$ 3.011,40","breadcrumb":{"@id":"https:\/\/www.lojadeequipamentos.com.br\/loja\/produto\/descascador-de-batata-inox-db-10-skymsen\/#breadcrumb"},"inLanguage":"pt-BR","potentialAction":[{"@type":"ReadAction","target":["https:\/\/www.lojadeequipamentos.com.br\/loja\/produto\/descascador-de-batata-inox-db-10-skymsen\/"]}]},{"@type":"ImageObject","inLanguage":"pt-BR","@id":"https:\/\/www.lojadeequipamentos.com.br\/loja\/produto\/descascador-de-batata-inox-db-10-skymsen\/#primaryimage","url":"https:\/\/www.lojadeequipamentos.com.br\/loja\/wp-content\/uploads\/2021\/06\/Descascador-DB-10-Skymsen.jpeg","contentUrl":"https:\/\/www.lojadeequipamentos.com.br\/loja\/wp-content\/uploads\/2021\/06\/Descascador-DB-10-Skymsen.jpeg","width":350,"height":350},{"@type":"BreadcrumbList","@id":"https:\/\/www.lojadeequipamentos.com.br\/loja\/produto\/descascador-de-batata-inox-db-10-skymsen\/#breadcrumb","itemListElement":[{"@type":"ListItem","position":1,"name":"In\u00edcio","item":"https:\/\/www.lojadeequipamentos.com.br\/loja\/"},{"@type":"ListItem","position":2,"name":"Loja Virtual","item":"https:\/\/www.lojadeequipamentos.com.br\/loja\/shop\/"},{"@type":"ListItem","position":3,"name":"Descascador de Batata Inox DB10 &#8211; Skymsen"}]},{"@type":"WebSite","@id":"https:\/\/www.lojadeequipamentos.com.br\/loja\/#website","url":"https:\/\/www.lojadeequipamentos.com.br\/loja\/","name":"Loja de Equipamentos","description":"","potentialAction":[{"@type":"SearchAction","target":{"@type":"EntryPoint","urlTemplate":"https:\/\/www.lojadeequipamentos.com.br\/loja\/?s={search_term_string}"},"query-input":{"@type":"PropertyValueSpecification","valueRequired":true,"valueName":"search_term_string"}}],"inLanguage":"pt-BR"}]}},"_links":{"self":[{"href":"https:\/\/www.lojadeequipamentos.com.br\/loja\/wp-json\/wp\/v2\/product\/6035","targetHints":{"allow":["GET"]}}],"collection":[{"href":"https:\/\/www.lojadeequipamentos.com.br\/loja\/wp-json\/wp\/v2\/product"}],"about":[{"href":"https:\/\/www.lojadeequipamentos.com.br\/loja\/wp-json\/wp\/v2\/types\/product"}],"replies":[{"embeddable":true,"href":"https:\/\/www.lojadeequipamentos.com.br\/loja\/wp-json\/wp\/v2\/comments?post=6035"}],"wp:featuredmedia":[{"embeddable":true,"href":"https:\/\/www.lojadeequipamentos.com.br\/loja\/wp-json\/wp\/v2\/media\/7837"}],"wp:attachment":[{"href":"https:\/\/www.lojadeequipamentos.com.br\/loja\/wp-json\/wp\/v2\/media?parent=6035"}],"wp:term":[{"taxonomy":"product_brand","embeddable":true,"href":"https:\/\/www.lojadeequipamentos.com.br\/loja\/wp-json\/wp\/v2\/product_brand?post=6035"},{"taxonomy":"product_cat","embeddable":true,"href":"https:\/\/www.lojadeequipamentos.com.br\/loja\/wp-json\/wp\/v2\/product_cat?post=6035"},{"taxonomy":"product_tag","embeddable":true,"href":"https:\/\/www.lojadeequipamentos.com.br\/loja\/wp-json\/wp\/v2\/product_tag?post=6035"}],"curies":[{"name":"wp","href":"https:\/\/api.w.org\/{rel}","templated":true}]}}