{"id":6031,"date":"2021-06-05T20:23:22","date_gmt":"2021-06-05T20:23:22","guid":{"rendered":"https:\/\/www.lojadeequipamentos.com.br\/loja\/?post_type=product&#038;p=6031"},"modified":"2023-09-29T18:39:25","modified_gmt":"2023-09-29T18:39:25","slug":"descascador-de-alho-inox-da-06-skymsen","status":"publish","type":"product","link":"https:\/\/www.lojadeequipamentos.com.br\/loja\/produto\/descascador-de-alho-inox-da-06-skymsen\/","title":{"rendered":"Descascador de Alho Inox DA 06 &#8211; Skymsen"},"content":{"rendered":"<p><strong>Descascador de Alho Inox DA 06 - Skymsen<\/strong><\/p>\n<p>DESCASCADOR INOX DE ALHO, 4 KG<br \/>\nO Descascador DA-06 \u00e9 um descascador de alhos desenvolvido em conformidade com as especifica\u00e7\u00f5es da norma NR-12 e do Inmetro. \u00c9 um produto indicado para estabelecimentos como restaurantes, bares e lanchonetes, facilitando o trabalho nestes locais.<br \/>\nO descascador inox tem capacidade para 4kg e potencial de produ\u00e7\u00e3o de 120kg\/h e tens\u00e3o de 127V ou 220V.<br \/>\nO descascador inox possui um eficiente sistema de seguran\u00e7a, n\u00e3o permitindo o funcionamento da m\u00e1quina enquanto aberta, al\u00e9m de um anti-rearme que impede o ligamento autom\u00e1tico da m\u00e1quina em casos de desligamentos provocados por queda de energia, garantindo a m\u00e1xima seguran\u00e7a do operador no momento de uso.<\/p>\n<p>CARACTER\u00cdSTICAS T\u00c9CNICAS<br \/>\nModelo: DA-06<br \/>\nTens\u00e3o El\u00e9trica \/ Frequ\u00eancia \/ Fases : 127V ou 220v \/ 60 Hz \/ 1<br \/>\nPot\u00eancia Nominal: 520 W<br \/>\nPot\u00eancia do Motor: 0.5 CV<br \/>\nConsumo: 0.52 kWh<br \/>\nDimens\u00f5es: [AxLxP]: 585 x 400 x 390 mm<br \/>\nDim. da Embalagem [AxLxP]: 650 x 410 x 410 mm<br \/>\nPeso Liquido \/ Bruto: 18.20 kg \/ 20 kg<br \/>\nProdu\u00e7\u00e3o Aproximada: 70 kg\/h<br \/>\nCapacidade do Ciclo: 4kg<br \/>\nClassifica\u00e7\u00e3o Fiscal [NCM]: 84386000<br \/>\nEAN-13: 7895707670358 (127v)<br \/>\nEAN-13: 7895707670365 (220v)<\/p>\n<p><strong>FAVOR ENTRAR EM CONTATO PARA COTA\u00c7\u00c3O DE FRETE<\/strong><\/p>\n<p><a href=\"https:\/\/api.whatsapp.com\/send?phone=5521964144201\"><img loading=\"lazy\" decoding=\"async\" class=\"alignnone size-full wp-image-4307\" src=\"http:\/\/www.lojadeequipamentos.com.br\/loja\/wp-content\/uploads\/2020\/08\/botao_whatsapp.png\" alt=\"botao_whatsapp\" width=\"226\" height=\"82\" \/><\/a><\/p>\n","protected":false},"excerpt":{"rendered":"<strong>Descascador de Alho Inox DA 06 - Skymsen<\/strong>","protected":false},"featured_media":7841,"comment_status":"open","ping_status":"closed","template":"","meta":{"_links_to":"","_links_to_target":""},"product_brand":[],"product_cat":[6597],"product_tag":[9135,9136,9139,6743,6744,6745,6746,6748,6749,9141,9140,9142,9133,9134,9137,9138,6750],"class_list":{"0":"post-6031","1":"product","2":"type-product","3":"status-publish","4":"has-post-thumbnail","6":"product_cat-descascador-e-ralador","7":"product_tag-da06","8":"product_tag-da06-skymsen","9":"product_tag-descascador-alho-skymsen","10":"product_tag-descascador-da-06","11":"product_tag-descascador-da-06-6kg","12":"product_tag-descascador-da-06-skymsen","13":"product_tag-descascador-da-06-skymsen-0-5-cv","14":"product_tag-descascador-da-06-skymsen-520w","15":"product_tag-descascador-da-06-skymsen-inox","16":"product_tag-descascador-da06","17":"product_tag-descascador-de-alho-skymsen","18":"product_tag-descascador-skymsen-da06","19":"product_tag-ean-13-7895707670358","20":"product_tag-ean-13-7895707670365","21":"product_tag-skymsen-da06","22":"product_tag-skymsen-da06-descascador","23":"product_tag-skymsen-descascador-da-06","25":"first","26":"instock","27":"shipping-taxable","28":"purchasable","29":"product-type-simple"},"yoast_head":"<!-- This site is optimized with the Yoast SEO plugin v27.3 - https:\/\/yoast.com\/product\/yoast-seo-wordpress\/ -->\n<title>Descascador de Alho Inox DA 06 - Skymsen - Loja de Equipamentos<\/title>\n<meta name=\"description\" content=\"Descascador de Alho Inox DA 06 - Skymsen R$ 2.149,20\" \/>\n<meta name=\"robots\" content=\"index, follow, max-snippet:-1, max-image-preview:large, max-video-preview:-1\" \/>\n<link rel=\"canonical\" href=\"https:\/\/www.lojadeequipamentos.com.br\/loja\/produto\/descascador-de-alho-inox-da-06-skymsen\/\" \/>\n<meta property=\"og:locale\" content=\"pt_BR\" \/>\n<meta property=\"og:type\" content=\"article\" \/>\n<meta property=\"og:title\" content=\"Descascador de Alho Inox DA 06 - Skymsen - Loja de Equipamentos\" \/>\n<meta property=\"og:description\" content=\"Descascador de Alho Inox DA 06 - Skymsen R$ 2.149,20\" \/>\n<meta property=\"og:url\" content=\"https:\/\/www.lojadeequipamentos.com.br\/loja\/produto\/descascador-de-alho-inox-da-06-skymsen\/\" \/>\n<meta property=\"og:site_name\" content=\"Loja de Equipamentos\" \/>\n<meta property=\"article:modified_time\" content=\"2023-09-29T18:39:25+00:00\" \/>\n<meta property=\"og:image\" content=\"https:\/\/www.lojadeequipamentos.com.br\/loja\/wp-content\/uploads\/2021\/06\/Descascador-DA-06-Skymsen.jpeg\" \/>\n\t<meta property=\"og:image:width\" content=\"350\" \/>\n\t<meta property=\"og:image:height\" content=\"350\" \/>\n\t<meta property=\"og:image:type\" content=\"image\/jpeg\" \/>\n<meta name=\"twitter:card\" content=\"summary_large_image\" \/>\n<meta name=\"twitter:label1\" content=\"Est. tempo de leitura\" \/>\n\t<meta name=\"twitter:data1\" content=\"1 minuto\" \/>\n<script type=\"application\/ld+json\" class=\"yoast-schema-graph\">{\"@context\":\"https:\\\/\\\/schema.org\",\"@graph\":[{\"@type\":\"WebPage\",\"@id\":\"https:\\\/\\\/www.lojadeequipamentos.com.br\\\/loja\\\/produto\\\/descascador-de-alho-inox-da-06-skymsen\\\/\",\"url\":\"https:\\\/\\\/www.lojadeequipamentos.com.br\\\/loja\\\/produto\\\/descascador-de-alho-inox-da-06-skymsen\\\/\",\"name\":\"Descascador de Alho Inox DA 06 - Skymsen - Loja de Equipamentos\",\"isPartOf\":{\"@id\":\"https:\\\/\\\/www.lojadeequipamentos.com.br\\\/loja\\\/#website\"},\"primaryImageOfPage\":{\"@id\":\"https:\\\/\\\/www.lojadeequipamentos.com.br\\\/loja\\\/produto\\\/descascador-de-alho-inox-da-06-skymsen\\\/#primaryimage\"},\"image\":{\"@id\":\"https:\\\/\\\/www.lojadeequipamentos.com.br\\\/loja\\\/produto\\\/descascador-de-alho-inox-da-06-skymsen\\\/#primaryimage\"},\"thumbnailUrl\":\"https:\\\/\\\/www.lojadeequipamentos.com.br\\\/loja\\\/wp-content\\\/uploads\\\/2021\\\/06\\\/Descascador-DA-06-Skymsen.jpeg\",\"datePublished\":\"2021-06-05T20:23:22+00:00\",\"dateModified\":\"2023-09-29T18:39:25+00:00\",\"description\":\"Descascador de Alho Inox DA 06 - Skymsen R$ 2.149,20\",\"breadcrumb\":{\"@id\":\"https:\\\/\\\/www.lojadeequipamentos.com.br\\\/loja\\\/produto\\\/descascador-de-alho-inox-da-06-skymsen\\\/#breadcrumb\"},\"inLanguage\":\"pt-BR\",\"potentialAction\":[{\"@type\":\"ReadAction\",\"target\":[\"https:\\\/\\\/www.lojadeequipamentos.com.br\\\/loja\\\/produto\\\/descascador-de-alho-inox-da-06-skymsen\\\/\"]}]},{\"@type\":\"ImageObject\",\"inLanguage\":\"pt-BR\",\"@id\":\"https:\\\/\\\/www.lojadeequipamentos.com.br\\\/loja\\\/produto\\\/descascador-de-alho-inox-da-06-skymsen\\\/#primaryimage\",\"url\":\"https:\\\/\\\/www.lojadeequipamentos.com.br\\\/loja\\\/wp-content\\\/uploads\\\/2021\\\/06\\\/Descascador-DA-06-Skymsen.jpeg\",\"contentUrl\":\"https:\\\/\\\/www.lojadeequipamentos.com.br\\\/loja\\\/wp-content\\\/uploads\\\/2021\\\/06\\\/Descascador-DA-06-Skymsen.jpeg\",\"width\":350,\"height\":350},{\"@type\":\"BreadcrumbList\",\"@id\":\"https:\\\/\\\/www.lojadeequipamentos.com.br\\\/loja\\\/produto\\\/descascador-de-alho-inox-da-06-skymsen\\\/#breadcrumb\",\"itemListElement\":[{\"@type\":\"ListItem\",\"position\":1,\"name\":\"In\u00edcio\",\"item\":\"https:\\\/\\\/www.lojadeequipamentos.com.br\\\/loja\\\/\"},{\"@type\":\"ListItem\",\"position\":2,\"name\":\"Loja Virtual\",\"item\":\"https:\\\/\\\/www.lojadeequipamentos.com.br\\\/loja\\\/shop\\\/\"},{\"@type\":\"ListItem\",\"position\":3,\"name\":\"Descascador de Alho Inox DA 06 &#8211; Skymsen\"}]},{\"@type\":\"WebSite\",\"@id\":\"https:\\\/\\\/www.lojadeequipamentos.com.br\\\/loja\\\/#website\",\"url\":\"https:\\\/\\\/www.lojadeequipamentos.com.br\\\/loja\\\/\",\"name\":\"Loja de Equipamentos\",\"description\":\"\",\"potentialAction\":[{\"@type\":\"SearchAction\",\"target\":{\"@type\":\"EntryPoint\",\"urlTemplate\":\"https:\\\/\\\/www.lojadeequipamentos.com.br\\\/loja\\\/?s={search_term_string}\"},\"query-input\":{\"@type\":\"PropertyValueSpecification\",\"valueRequired\":true,\"valueName\":\"search_term_string\"}}],\"inLanguage\":\"pt-BR\"}]}<\/script>\n<!-- \/ Yoast SEO plugin. -->","yoast_head_json":{"title":"Descascador de Alho Inox DA 06 - Skymsen - Loja de Equipamentos","description":"Descascador de Alho Inox DA 06 - Skymsen R$ 2.149,20","robots":{"index":"index","follow":"follow","max-snippet":"max-snippet:-1","max-image-preview":"max-image-preview:large","max-video-preview":"max-video-preview:-1"},"canonical":"https:\/\/www.lojadeequipamentos.com.br\/loja\/produto\/descascador-de-alho-inox-da-06-skymsen\/","og_locale":"pt_BR","og_type":"article","og_title":"Descascador de Alho Inox DA 06 - Skymsen - Loja de Equipamentos","og_description":"Descascador de Alho Inox DA 06 - Skymsen R$ 2.149,20","og_url":"https:\/\/www.lojadeequipamentos.com.br\/loja\/produto\/descascador-de-alho-inox-da-06-skymsen\/","og_site_name":"Loja de Equipamentos","article_modified_time":"2023-09-29T18:39:25+00:00","og_image":[{"width":350,"height":350,"url":"https:\/\/www.lojadeequipamentos.com.br\/loja\/wp-content\/uploads\/2021\/06\/Descascador-DA-06-Skymsen.jpeg","type":"image\/jpeg"}],"twitter_card":"summary_large_image","twitter_misc":{"Est. tempo de leitura":"1 minuto"},"schema":{"@context":"https:\/\/schema.org","@graph":[{"@type":"WebPage","@id":"https:\/\/www.lojadeequipamentos.com.br\/loja\/produto\/descascador-de-alho-inox-da-06-skymsen\/","url":"https:\/\/www.lojadeequipamentos.com.br\/loja\/produto\/descascador-de-alho-inox-da-06-skymsen\/","name":"Descascador de Alho Inox DA 06 - Skymsen - Loja de Equipamentos","isPartOf":{"@id":"https:\/\/www.lojadeequipamentos.com.br\/loja\/#website"},"primaryImageOfPage":{"@id":"https:\/\/www.lojadeequipamentos.com.br\/loja\/produto\/descascador-de-alho-inox-da-06-skymsen\/#primaryimage"},"image":{"@id":"https:\/\/www.lojadeequipamentos.com.br\/loja\/produto\/descascador-de-alho-inox-da-06-skymsen\/#primaryimage"},"thumbnailUrl":"https:\/\/www.lojadeequipamentos.com.br\/loja\/wp-content\/uploads\/2021\/06\/Descascador-DA-06-Skymsen.jpeg","datePublished":"2021-06-05T20:23:22+00:00","dateModified":"2023-09-29T18:39:25+00:00","description":"Descascador de Alho Inox DA 06 - Skymsen R$ 2.149,20","breadcrumb":{"@id":"https:\/\/www.lojadeequipamentos.com.br\/loja\/produto\/descascador-de-alho-inox-da-06-skymsen\/#breadcrumb"},"inLanguage":"pt-BR","potentialAction":[{"@type":"ReadAction","target":["https:\/\/www.lojadeequipamentos.com.br\/loja\/produto\/descascador-de-alho-inox-da-06-skymsen\/"]}]},{"@type":"ImageObject","inLanguage":"pt-BR","@id":"https:\/\/www.lojadeequipamentos.com.br\/loja\/produto\/descascador-de-alho-inox-da-06-skymsen\/#primaryimage","url":"https:\/\/www.lojadeequipamentos.com.br\/loja\/wp-content\/uploads\/2021\/06\/Descascador-DA-06-Skymsen.jpeg","contentUrl":"https:\/\/www.lojadeequipamentos.com.br\/loja\/wp-content\/uploads\/2021\/06\/Descascador-DA-06-Skymsen.jpeg","width":350,"height":350},{"@type":"BreadcrumbList","@id":"https:\/\/www.lojadeequipamentos.com.br\/loja\/produto\/descascador-de-alho-inox-da-06-skymsen\/#breadcrumb","itemListElement":[{"@type":"ListItem","position":1,"name":"In\u00edcio","item":"https:\/\/www.lojadeequipamentos.com.br\/loja\/"},{"@type":"ListItem","position":2,"name":"Loja Virtual","item":"https:\/\/www.lojadeequipamentos.com.br\/loja\/shop\/"},{"@type":"ListItem","position":3,"name":"Descascador de Alho Inox DA 06 &#8211; Skymsen"}]},{"@type":"WebSite","@id":"https:\/\/www.lojadeequipamentos.com.br\/loja\/#website","url":"https:\/\/www.lojadeequipamentos.com.br\/loja\/","name":"Loja de Equipamentos","description":"","potentialAction":[{"@type":"SearchAction","target":{"@type":"EntryPoint","urlTemplate":"https:\/\/www.lojadeequipamentos.com.br\/loja\/?s={search_term_string}"},"query-input":{"@type":"PropertyValueSpecification","valueRequired":true,"valueName":"search_term_string"}}],"inLanguage":"pt-BR"}]}},"_links":{"self":[{"href":"https:\/\/www.lojadeequipamentos.com.br\/loja\/wp-json\/wp\/v2\/product\/6031","targetHints":{"allow":["GET"]}}],"collection":[{"href":"https:\/\/www.lojadeequipamentos.com.br\/loja\/wp-json\/wp\/v2\/product"}],"about":[{"href":"https:\/\/www.lojadeequipamentos.com.br\/loja\/wp-json\/wp\/v2\/types\/product"}],"replies":[{"embeddable":true,"href":"https:\/\/www.lojadeequipamentos.com.br\/loja\/wp-json\/wp\/v2\/comments?post=6031"}],"wp:featuredmedia":[{"embeddable":true,"href":"https:\/\/www.lojadeequipamentos.com.br\/loja\/wp-json\/wp\/v2\/media\/7841"}],"wp:attachment":[{"href":"https:\/\/www.lojadeequipamentos.com.br\/loja\/wp-json\/wp\/v2\/media?parent=6031"}],"wp:term":[{"taxonomy":"product_brand","embeddable":true,"href":"https:\/\/www.lojadeequipamentos.com.br\/loja\/wp-json\/wp\/v2\/product_brand?post=6031"},{"taxonomy":"product_cat","embeddable":true,"href":"https:\/\/www.lojadeequipamentos.com.br\/loja\/wp-json\/wp\/v2\/product_cat?post=6031"},{"taxonomy":"product_tag","embeddable":true,"href":"https:\/\/www.lojadeequipamentos.com.br\/loja\/wp-json\/wp\/v2\/product_tag?post=6031"}],"curies":[{"name":"wp","href":"https:\/\/api.w.org\/{rel}","templated":true}]}}