{"id":5973,"date":"2021-05-23T02:01:04","date_gmt":"2021-05-23T02:01:04","guid":{"rendered":"https:\/\/www.lojadeequipamentos.com.br\/loja\/?post_type=product&#038;p=5973"},"modified":"2023-09-27T19:56:21","modified_gmt":"2023-09-27T19:56:21","slug":"liquidificador-ls3-baixa-rotacao-skymsen","status":"publish","type":"product","link":"https:\/\/www.lojadeequipamentos.com.br\/loja\/produto\/liquidificador-ls3-baixa-rotacao-skymsen\/","title":{"rendered":"Liquidificador LS3 Baixa Rota\u00e7\u00e3o &#8211; Skymsen"},"content":{"rendered":"<p><strong>Liquidificador LS3 Baixa Rota\u00e7\u00e3o Inox 127\/220V - Motor Weg s\/ Escova - Skymsen<\/strong><\/p>\n<p>LIQUIDIFICADOR COMERCIAL INOX, COPO MONOBLOCO INOX<br \/>\nAlguns estabelecimentos precisam contar com processos que exijam a presen\u00e7a de um liquidificador capaz de operar por mais tempo, em rela\u00e7\u00e3o \u00e0 capacidade dos liquidificadores comuns. Pensando nisso, a Skymsen traz ao mercado o liquidificador 3 litros de baixa rota\u00e7\u00e3o, modelo LS4. Um liquidificador comercial em inox com copo monobloco, perfeito para processos mais pastosos.<\/p>\n<p>O copo monobloco com capacidade para 3 litros \u00e9 outra grande vantagem deste modelo, com aus\u00eancia de soldas evita o ac\u00famulo de res\u00edduos em suas frestas, facilitando sua higieniza\u00e7\u00e3o. Al\u00e9m disso conta com tampa com perfeita veda\u00e7\u00e3o. Os copos ainda s\u00e3o intercambi\u00e1veis, ou seja, voc\u00ea pode ter um equipamento s\u00f3 e v\u00e1rios copos com tamanhos diferentes para diferentes aplica\u00e7\u00f5es.<br \/>\nOs copos ainda s\u00e3o intercambi\u00e1veis, ou seja, voc\u00ea pode ter um equipamento s\u00f3 e v\u00e1rios copos com tamanhos diferentes para diferentes aplica\u00e7\u00f5es.<br \/>\nTodas as suas caracter\u00edsticas fazem do liquidificador 3 litros de baixa rota\u00e7\u00e3o LS3, um equipamento para bares e restaurantes perfeito para o dia a dia.<\/p>\n<p>CARACTER\u00cdSTICAS T\u00c9CNICAS<br \/>\nModelo: LS3<br \/>\nTens\u00e3o El\u00e9trica \/ Frequ\u00eancia \/ Fases: 127\/220v \/ 50-60 Hz \/ 1<br \/>\nPot\u00eancia Nominal: 665w<br \/>\nPot\u00eancia do Motor: 0,5 cv<br \/>\nRota\u00e7\u00e3o: 3.500 rpm<br \/>\nConsumo: 0.67 kWh<br \/>\nDimens\u00f5es: [AxLxP]: 660 x 240 x 255 mm<br \/>\nDim. da Embalagem [AxLxP]: 400 x 290 x 525 mm<br \/>\nPeso Liquido \/ Bruto: 9.20 kg \/ 10.50 kg<br \/>\nVolume M\u00e1ximo do Copo: 4 L<br \/>\nClassifica\u00e7\u00e3o Fiscal [NCM]: 84386000<br \/>\nEAN-13: 7895707551299<\/p>\n<p><strong>FAVOR ENTRAR EM CONTATO PARA COTA\u00c7\u00c3O DE FRETE<\/strong><\/p>\n<p><a href=\"https:\/\/api.whatsapp.com\/send?phone=5521964144201\"><img loading=\"lazy\" decoding=\"async\" class=\"alignnone size-full wp-image-4307\" src=\"http:\/\/www.lojadeequipamentos.com.br\/loja\/wp-content\/uploads\/2020\/08\/botao_whatsapp.png\" alt=\"botao_whatsapp\" width=\"226\" height=\"82\" \/><\/a><\/p>\n","protected":false},"excerpt":{"rendered":"<strong>Liquidificador LS3 Baixa Rota\u00e7\u00e3o Inox 127\/220V - Motor Weg s\/ Escova - Skymsen <\/strong>","protected":false},"featured_media":5970,"comment_status":"open","ping_status":"closed","template":"","meta":{"_links_to":"","_links_to_target":""},"product_brand":[],"product_cat":[6599],"product_tag":[8741,8745,8746,8747,8742,8744,8751,8743,8752,8749,8748,8750],"class_list":{"0":"post-5973","1":"product","2":"type-product","3":"status-publish","4":"has-post-thumbnail","6":"product_cat-liquidificador-skymsen","7":"product_tag-ean-13-7895707551299","8":"product_tag-liquidificador-ls3","9":"product_tag-liquidificador-ls3-skymsen","10":"product_tag-liquidificador-skymsen-ls3","11":"product_tag-ls3","12":"product_tag-ls3-liquidificador","13":"product_tag-ls3-liquidificador-skymsen","14":"product_tag-ls3-skymsen","15":"product_tag-ls3-skymsen-liquidificador","16":"product_tag-skymsen-liquidificador-ls3","17":"product_tag-skymsen-ls3","18":"product_tag-skymsen-ls3-liquidificador","20":"first","21":"instock","22":"shipping-taxable","23":"purchasable","24":"product-type-simple"},"yoast_head":"<!-- This site is optimized with the Yoast SEO plugin v27.3 - https:\/\/yoast.com\/product\/yoast-seo-wordpress\/ -->\n<title>Liquidificador LS3 Baixa Rota\u00e7\u00e3o - Skymsen - Loja de Equipamentos<\/title>\n<meta name=\"description\" content=\"Liquidificador LS3 Baixa Rota\u00e7\u00e3o Inox 127\/220V - Motor Weg s\/ Escova - Skymsen R$ 1.008,00\" \/>\n<meta name=\"robots\" content=\"index, follow, max-snippet:-1, max-image-preview:large, max-video-preview:-1\" \/>\n<link rel=\"canonical\" href=\"https:\/\/www.lojadeequipamentos.com.br\/loja\/produto\/liquidificador-ls3-baixa-rotacao-skymsen\/\" \/>\n<meta property=\"og:locale\" content=\"pt_BR\" \/>\n<meta property=\"og:type\" content=\"article\" \/>\n<meta property=\"og:title\" content=\"Liquidificador LS3 Baixa Rota\u00e7\u00e3o - Skymsen - Loja de Equipamentos\" \/>\n<meta property=\"og:description\" content=\"Liquidificador LS3 Baixa Rota\u00e7\u00e3o Inox 127\/220V - Motor Weg s\/ Escova - Skymsen R$ 1.008,00\" \/>\n<meta property=\"og:url\" content=\"https:\/\/www.lojadeequipamentos.com.br\/loja\/produto\/liquidificador-ls3-baixa-rotacao-skymsen\/\" \/>\n<meta property=\"og:site_name\" content=\"Loja de Equipamentos\" \/>\n<meta property=\"article:modified_time\" content=\"2023-09-27T19:56:21+00:00\" \/>\n<meta property=\"og:image\" content=\"https:\/\/www.lojadeequipamentos.com.br\/loja\/wp-content\/uploads\/2021\/05\/Liquidificador-LS-03mb.jpg\" \/>\n\t<meta property=\"og:image:width\" content=\"1000\" \/>\n\t<meta property=\"og:image:height\" content=\"1000\" \/>\n\t<meta property=\"og:image:type\" content=\"image\/jpeg\" \/>\n<meta name=\"twitter:card\" content=\"summary_large_image\" \/>\n<meta name=\"twitter:label1\" content=\"Est. tempo de leitura\" \/>\n\t<meta name=\"twitter:data1\" content=\"2 minutos\" \/>\n<script type=\"application\/ld+json\" class=\"yoast-schema-graph\">{\"@context\":\"https:\\\/\\\/schema.org\",\"@graph\":[{\"@type\":\"WebPage\",\"@id\":\"https:\\\/\\\/www.lojadeequipamentos.com.br\\\/loja\\\/produto\\\/liquidificador-ls3-baixa-rotacao-skymsen\\\/\",\"url\":\"https:\\\/\\\/www.lojadeequipamentos.com.br\\\/loja\\\/produto\\\/liquidificador-ls3-baixa-rotacao-skymsen\\\/\",\"name\":\"Liquidificador LS3 Baixa Rota\u00e7\u00e3o - Skymsen - Loja de Equipamentos\",\"isPartOf\":{\"@id\":\"https:\\\/\\\/www.lojadeequipamentos.com.br\\\/loja\\\/#website\"},\"primaryImageOfPage\":{\"@id\":\"https:\\\/\\\/www.lojadeequipamentos.com.br\\\/loja\\\/produto\\\/liquidificador-ls3-baixa-rotacao-skymsen\\\/#primaryimage\"},\"image\":{\"@id\":\"https:\\\/\\\/www.lojadeequipamentos.com.br\\\/loja\\\/produto\\\/liquidificador-ls3-baixa-rotacao-skymsen\\\/#primaryimage\"},\"thumbnailUrl\":\"https:\\\/\\\/www.lojadeequipamentos.com.br\\\/loja\\\/wp-content\\\/uploads\\\/2021\\\/05\\\/Liquidificador-LS-03mb.jpg\",\"datePublished\":\"2021-05-23T02:01:04+00:00\",\"dateModified\":\"2023-09-27T19:56:21+00:00\",\"description\":\"Liquidificador LS3 Baixa Rota\u00e7\u00e3o Inox 127\\\/220V - Motor Weg s\\\/ Escova - Skymsen R$ 1.008,00\",\"breadcrumb\":{\"@id\":\"https:\\\/\\\/www.lojadeequipamentos.com.br\\\/loja\\\/produto\\\/liquidificador-ls3-baixa-rotacao-skymsen\\\/#breadcrumb\"},\"inLanguage\":\"pt-BR\",\"potentialAction\":[{\"@type\":\"ReadAction\",\"target\":[\"https:\\\/\\\/www.lojadeequipamentos.com.br\\\/loja\\\/produto\\\/liquidificador-ls3-baixa-rotacao-skymsen\\\/\"]}]},{\"@type\":\"ImageObject\",\"inLanguage\":\"pt-BR\",\"@id\":\"https:\\\/\\\/www.lojadeequipamentos.com.br\\\/loja\\\/produto\\\/liquidificador-ls3-baixa-rotacao-skymsen\\\/#primaryimage\",\"url\":\"https:\\\/\\\/www.lojadeequipamentos.com.br\\\/loja\\\/wp-content\\\/uploads\\\/2021\\\/05\\\/Liquidificador-LS-03mb.jpg\",\"contentUrl\":\"https:\\\/\\\/www.lojadeequipamentos.com.br\\\/loja\\\/wp-content\\\/uploads\\\/2021\\\/05\\\/Liquidificador-LS-03mb.jpg\",\"width\":1000,\"height\":1000},{\"@type\":\"BreadcrumbList\",\"@id\":\"https:\\\/\\\/www.lojadeequipamentos.com.br\\\/loja\\\/produto\\\/liquidificador-ls3-baixa-rotacao-skymsen\\\/#breadcrumb\",\"itemListElement\":[{\"@type\":\"ListItem\",\"position\":1,\"name\":\"In\u00edcio\",\"item\":\"https:\\\/\\\/www.lojadeequipamentos.com.br\\\/loja\\\/\"},{\"@type\":\"ListItem\",\"position\":2,\"name\":\"Loja Virtual\",\"item\":\"https:\\\/\\\/www.lojadeequipamentos.com.br\\\/loja\\\/shop\\\/\"},{\"@type\":\"ListItem\",\"position\":3,\"name\":\"Liquidificador LS3 Baixa Rota\u00e7\u00e3o &#8211; Skymsen\"}]},{\"@type\":\"WebSite\",\"@id\":\"https:\\\/\\\/www.lojadeequipamentos.com.br\\\/loja\\\/#website\",\"url\":\"https:\\\/\\\/www.lojadeequipamentos.com.br\\\/loja\\\/\",\"name\":\"Loja de Equipamentos\",\"description\":\"\",\"potentialAction\":[{\"@type\":\"SearchAction\",\"target\":{\"@type\":\"EntryPoint\",\"urlTemplate\":\"https:\\\/\\\/www.lojadeequipamentos.com.br\\\/loja\\\/?s={search_term_string}\"},\"query-input\":{\"@type\":\"PropertyValueSpecification\",\"valueRequired\":true,\"valueName\":\"search_term_string\"}}],\"inLanguage\":\"pt-BR\"}]}<\/script>\n<!-- \/ Yoast SEO plugin. -->","yoast_head_json":{"title":"Liquidificador LS3 Baixa Rota\u00e7\u00e3o - Skymsen - Loja de Equipamentos","description":"Liquidificador LS3 Baixa Rota\u00e7\u00e3o Inox 127\/220V - Motor Weg s\/ Escova - Skymsen R$ 1.008,00","robots":{"index":"index","follow":"follow","max-snippet":"max-snippet:-1","max-image-preview":"max-image-preview:large","max-video-preview":"max-video-preview:-1"},"canonical":"https:\/\/www.lojadeequipamentos.com.br\/loja\/produto\/liquidificador-ls3-baixa-rotacao-skymsen\/","og_locale":"pt_BR","og_type":"article","og_title":"Liquidificador LS3 Baixa Rota\u00e7\u00e3o - Skymsen - Loja de Equipamentos","og_description":"Liquidificador LS3 Baixa Rota\u00e7\u00e3o Inox 127\/220V - Motor Weg s\/ Escova - Skymsen R$ 1.008,00","og_url":"https:\/\/www.lojadeequipamentos.com.br\/loja\/produto\/liquidificador-ls3-baixa-rotacao-skymsen\/","og_site_name":"Loja de Equipamentos","article_modified_time":"2023-09-27T19:56:21+00:00","og_image":[{"width":1000,"height":1000,"url":"https:\/\/www.lojadeequipamentos.com.br\/loja\/wp-content\/uploads\/2021\/05\/Liquidificador-LS-03mb.jpg","type":"image\/jpeg"}],"twitter_card":"summary_large_image","twitter_misc":{"Est. tempo de leitura":"2 minutos"},"schema":{"@context":"https:\/\/schema.org","@graph":[{"@type":"WebPage","@id":"https:\/\/www.lojadeequipamentos.com.br\/loja\/produto\/liquidificador-ls3-baixa-rotacao-skymsen\/","url":"https:\/\/www.lojadeequipamentos.com.br\/loja\/produto\/liquidificador-ls3-baixa-rotacao-skymsen\/","name":"Liquidificador LS3 Baixa Rota\u00e7\u00e3o - Skymsen - Loja de Equipamentos","isPartOf":{"@id":"https:\/\/www.lojadeequipamentos.com.br\/loja\/#website"},"primaryImageOfPage":{"@id":"https:\/\/www.lojadeequipamentos.com.br\/loja\/produto\/liquidificador-ls3-baixa-rotacao-skymsen\/#primaryimage"},"image":{"@id":"https:\/\/www.lojadeequipamentos.com.br\/loja\/produto\/liquidificador-ls3-baixa-rotacao-skymsen\/#primaryimage"},"thumbnailUrl":"https:\/\/www.lojadeequipamentos.com.br\/loja\/wp-content\/uploads\/2021\/05\/Liquidificador-LS-03mb.jpg","datePublished":"2021-05-23T02:01:04+00:00","dateModified":"2023-09-27T19:56:21+00:00","description":"Liquidificador LS3 Baixa Rota\u00e7\u00e3o Inox 127\/220V - Motor Weg s\/ Escova - Skymsen R$ 1.008,00","breadcrumb":{"@id":"https:\/\/www.lojadeequipamentos.com.br\/loja\/produto\/liquidificador-ls3-baixa-rotacao-skymsen\/#breadcrumb"},"inLanguage":"pt-BR","potentialAction":[{"@type":"ReadAction","target":["https:\/\/www.lojadeequipamentos.com.br\/loja\/produto\/liquidificador-ls3-baixa-rotacao-skymsen\/"]}]},{"@type":"ImageObject","inLanguage":"pt-BR","@id":"https:\/\/www.lojadeequipamentos.com.br\/loja\/produto\/liquidificador-ls3-baixa-rotacao-skymsen\/#primaryimage","url":"https:\/\/www.lojadeequipamentos.com.br\/loja\/wp-content\/uploads\/2021\/05\/Liquidificador-LS-03mb.jpg","contentUrl":"https:\/\/www.lojadeequipamentos.com.br\/loja\/wp-content\/uploads\/2021\/05\/Liquidificador-LS-03mb.jpg","width":1000,"height":1000},{"@type":"BreadcrumbList","@id":"https:\/\/www.lojadeequipamentos.com.br\/loja\/produto\/liquidificador-ls3-baixa-rotacao-skymsen\/#breadcrumb","itemListElement":[{"@type":"ListItem","position":1,"name":"In\u00edcio","item":"https:\/\/www.lojadeequipamentos.com.br\/loja\/"},{"@type":"ListItem","position":2,"name":"Loja Virtual","item":"https:\/\/www.lojadeequipamentos.com.br\/loja\/shop\/"},{"@type":"ListItem","position":3,"name":"Liquidificador LS3 Baixa Rota\u00e7\u00e3o &#8211; Skymsen"}]},{"@type":"WebSite","@id":"https:\/\/www.lojadeequipamentos.com.br\/loja\/#website","url":"https:\/\/www.lojadeequipamentos.com.br\/loja\/","name":"Loja de Equipamentos","description":"","potentialAction":[{"@type":"SearchAction","target":{"@type":"EntryPoint","urlTemplate":"https:\/\/www.lojadeequipamentos.com.br\/loja\/?s={search_term_string}"},"query-input":{"@type":"PropertyValueSpecification","valueRequired":true,"valueName":"search_term_string"}}],"inLanguage":"pt-BR"}]}},"_links":{"self":[{"href":"https:\/\/www.lojadeequipamentos.com.br\/loja\/wp-json\/wp\/v2\/product\/5973","targetHints":{"allow":["GET"]}}],"collection":[{"href":"https:\/\/www.lojadeequipamentos.com.br\/loja\/wp-json\/wp\/v2\/product"}],"about":[{"href":"https:\/\/www.lojadeequipamentos.com.br\/loja\/wp-json\/wp\/v2\/types\/product"}],"replies":[{"embeddable":true,"href":"https:\/\/www.lojadeequipamentos.com.br\/loja\/wp-json\/wp\/v2\/comments?post=5973"}],"wp:featuredmedia":[{"embeddable":true,"href":"https:\/\/www.lojadeequipamentos.com.br\/loja\/wp-json\/wp\/v2\/media\/5970"}],"wp:attachment":[{"href":"https:\/\/www.lojadeequipamentos.com.br\/loja\/wp-json\/wp\/v2\/media?parent=5973"}],"wp:term":[{"taxonomy":"product_brand","embeddable":true,"href":"https:\/\/www.lojadeequipamentos.com.br\/loja\/wp-json\/wp\/v2\/product_brand?post=5973"},{"taxonomy":"product_cat","embeddable":true,"href":"https:\/\/www.lojadeequipamentos.com.br\/loja\/wp-json\/wp\/v2\/product_cat?post=5973"},{"taxonomy":"product_tag","embeddable":true,"href":"https:\/\/www.lojadeequipamentos.com.br\/loja\/wp-json\/wp\/v2\/product_tag?post=5973"}],"curies":[{"name":"wp","href":"https:\/\/api.w.org\/{rel}","templated":true}]}}