{"id":5551,"date":"2021-04-09T01:21:03","date_gmt":"2021-04-09T01:21:03","guid":{"rendered":"https:\/\/www.lojadeequipamentos.com.br\/loja\/?post_type=product&#038;p=5551"},"modified":"2023-09-27T19:59:39","modified_gmt":"2023-09-27T19:59:39","slug":"liquidificador-maxi-blender-bm2-alta-rotacao-127v-skymsen","status":"publish","type":"product","link":"https:\/\/www.lojadeequipamentos.com.br\/loja\/produto\/liquidificador-maxi-blender-bm2-alta-rotacao-127v-skymsen\/","title":{"rendered":"Liquidificador Maxi Blender BM2 Alta Rota\u00e7\u00e3o 127v &#8211; Skymsen"},"content":{"rendered":"<p><strong>Liquidificador Maxi Blender BM2 Alta Rota\u00e7\u00e3o 127v - Skymsen<\/strong><\/p>\n<p>Maxi Blender \u00e9 um liquidificador de alto desempenho perfeito para casas de sucos, bares, cozinhas, hospitais, creches e profissionais de gastronomia que querem criar novas texturas e sabores para suas receitas e atendem regimes de trabalho mais pesados do setor de food service.<br \/>\nSuas principais vantagens s\u00e3o sua elevada pot\u00eancia, que entrega at\u00e9 3 CV, o suficiente para quebrar gelo e polpas congeladas com facilidade, e a sua durabilidade, por ser um equipamento desenvolvido e fabricado para o uso profissional.<br \/>\nEste Liquidificador contem um conjunto de l\u00e2minas de seis pontas em a\u00e7o inoxid\u00e1vel e rolamentos duplos blindados, tamb\u00e9m em a\u00e7o inoxid\u00e1vel. E seu copo \u00e9 confeccionado em Tritan\u2122 um material ultra resistente a quedas, impactos e livre de Bisfenol-A, que une os benef\u00edcios higi\u00eanicos do vidro com a durabilidade do policarbonato.<br \/>\nDispon\u00edvel na cor preto piano, esse modelo \u00e9 elegante e flex\u00edvel. Pr\u00e1tico, com apenas 3 fun\u00e7\u00f5es -  um acionador liga\/desliga, um acionador para fun\u00e7\u00e3o pulsar, e um controlador de velocidade vari\u00e1vel - ele permite que voc\u00ea escolha com precis\u00e3o a rota\u00e7\u00e3o desejada para sua receita.<\/p>\n<p>CARACTER\u00cdSTICAS T\u00c9CNICAS<br \/>\nModelo: BM2<br \/>\nTens\u00e3o el\u00e9trica \/ frequ\u00eancia \/ fases: 127 V \/ 50-60 Hz \/ 1<br \/>\nPot\u00eancia nominal: 1.050 W<br \/>\nPot\u00eancia do motor: 2.238 W<br \/>\nRota\u00e7\u00e3o: 38.000 rpm<br \/>\nConsumo: 1,05 kW\u00b7h<br \/>\nDimens\u00f5es (AxLxP): 505 x 205 x 230 mm<br \/>\nDimens\u00f5es da embalagem (AxLxP): 285 x 245 x 345 mm<br \/>\nPeso l\u00edquido \/ bruto: 4,15 kg \/ 5,15 kg<br \/>\nVolume m\u00e1ximo do copo: 2 L<br \/>\nClassifica\u00e7\u00e3o fiscal (NCM): 85094010<br \/>\nEAN-13: 7895707653351<\/p>\n<p><strong>FAVOR ENTRAR EM CONTATO PARA COTA\u00c7\u00c3O DE FRETE<\/strong><\/p>\n<p><a href=\"https:\/\/api.whatsapp.com\/send?phone=5521964144201\"><img loading=\"lazy\" decoding=\"async\" class=\"alignnone size-full wp-image-4307\" src=\"http:\/\/www.lojadeequipamentos.com.br\/loja\/wp-content\/uploads\/2020\/08\/botao_whatsapp.png\" alt=\"botao_whatsapp\" width=\"226\" height=\"82\" \/><\/a><\/p>\n","protected":false},"excerpt":{"rendered":"<strong>Liquidificador Maxi Blender BM2 Alta Rota\u00e7\u00e3o 127v - Skymsen<\/strong>","protected":false},"featured_media":5548,"comment_status":"open","ping_status":"closed","template":"","meta":{"_links_to":"","_links_to_target":""},"product_brand":[],"product_cat":[6599],"product_tag":[8481,8484,8629,8474,8367,8487,8488,8485,8494,6946,8489,8486,8493,8482,8483,8491,8492,8490],"class_list":{"0":"post-5551","1":"product","2":"type-product","3":"status-publish","4":"has-post-thumbnail","6":"product_cat-liquidificador-skymsen","7":"product_tag-blender-bm2","8":"product_tag-bm2-skymsen","9":"product_tag-ean-13-7895707653351","10":"product_tag-liquidificador-38000rpm","11":"product_tag-liquidificador-alta-rotacao","12":"product_tag-liquidificador-bm2","13":"product_tag-liquidificador-copo-2l","14":"product_tag-liquidificador-maxi-blender","15":"product_tag-liquidificador-maxi-blender-bm2","16":"product_tag-liquidificador-skymsen","17":"product_tag-liquidificador-skymsen-bm2","18":"product_tag-liquidificador-skymsen-maxi-blender","19":"product_tag-maxi-blender","20":"product_tag-maxi-blender-bm2","21":"product_tag-maxi-blender-skymsen","22":"product_tag-skymsen-bm2","23":"product_tag-skymsen-liquidificador-maxi-blender","24":"product_tag-skymsen-maxi-blender-bm2","26":"first","27":"instock","28":"shipping-taxable","29":"purchasable","30":"product-type-simple"},"yoast_head":"<!-- This site is optimized with the Yoast SEO plugin v27.3 - https:\/\/yoast.com\/product\/yoast-seo-wordpress\/ -->\n<title>Liquidificador Maxi Blender BM2 Alta Rota\u00e7\u00e3o 127v - Skymsen - Loja de Equipamentos<\/title>\n<meta name=\"description\" content=\"Liquidificador Maxi Blender BM2 Alta Rota\u00e7\u00e3o 127v - Skymsen R$ 1.552,50\" \/>\n<meta name=\"robots\" content=\"index, follow, max-snippet:-1, max-image-preview:large, max-video-preview:-1\" \/>\n<link rel=\"canonical\" href=\"https:\/\/www.lojadeequipamentos.com.br\/loja\/produto\/liquidificador-maxi-blender-bm2-alta-rotacao-127v-skymsen\/\" \/>\n<meta property=\"og:locale\" content=\"pt_BR\" \/>\n<meta property=\"og:type\" content=\"article\" \/>\n<meta property=\"og:title\" content=\"Liquidificador Maxi Blender BM2 Alta Rota\u00e7\u00e3o 127v - Skymsen - Loja de Equipamentos\" \/>\n<meta property=\"og:description\" content=\"Liquidificador Maxi Blender BM2 Alta Rota\u00e7\u00e3o 127v - Skymsen R$ 1.552,50\" \/>\n<meta property=\"og:url\" content=\"https:\/\/www.lojadeequipamentos.com.br\/loja\/produto\/liquidificador-maxi-blender-bm2-alta-rotacao-127v-skymsen\/\" \/>\n<meta property=\"og:site_name\" content=\"Loja de Equipamentos\" \/>\n<meta property=\"article:modified_time\" content=\"2023-09-27T19:59:39+00:00\" \/>\n<meta property=\"og:image\" content=\"https:\/\/www.lojadeequipamentos.com.br\/loja\/wp-content\/uploads\/2021\/04\/Liquidificador-bm2.jpg\" \/>\n\t<meta property=\"og:image:width\" content=\"315\" \/>\n\t<meta property=\"og:image:height\" content=\"315\" \/>\n\t<meta property=\"og:image:type\" content=\"image\/jpeg\" \/>\n<meta name=\"twitter:card\" content=\"summary_large_image\" \/>\n<meta name=\"twitter:label1\" content=\"Est. tempo de leitura\" \/>\n\t<meta name=\"twitter:data1\" content=\"2 minutos\" \/>\n<script type=\"application\/ld+json\" class=\"yoast-schema-graph\">{\"@context\":\"https:\\\/\\\/schema.org\",\"@graph\":[{\"@type\":\"WebPage\",\"@id\":\"https:\\\/\\\/www.lojadeequipamentos.com.br\\\/loja\\\/produto\\\/liquidificador-maxi-blender-bm2-alta-rotacao-127v-skymsen\\\/\",\"url\":\"https:\\\/\\\/www.lojadeequipamentos.com.br\\\/loja\\\/produto\\\/liquidificador-maxi-blender-bm2-alta-rotacao-127v-skymsen\\\/\",\"name\":\"Liquidificador Maxi Blender BM2 Alta Rota\u00e7\u00e3o 127v - Skymsen - Loja de Equipamentos\",\"isPartOf\":{\"@id\":\"https:\\\/\\\/www.lojadeequipamentos.com.br\\\/loja\\\/#website\"},\"primaryImageOfPage\":{\"@id\":\"https:\\\/\\\/www.lojadeequipamentos.com.br\\\/loja\\\/produto\\\/liquidificador-maxi-blender-bm2-alta-rotacao-127v-skymsen\\\/#primaryimage\"},\"image\":{\"@id\":\"https:\\\/\\\/www.lojadeequipamentos.com.br\\\/loja\\\/produto\\\/liquidificador-maxi-blender-bm2-alta-rotacao-127v-skymsen\\\/#primaryimage\"},\"thumbnailUrl\":\"https:\\\/\\\/www.lojadeequipamentos.com.br\\\/loja\\\/wp-content\\\/uploads\\\/2021\\\/04\\\/Liquidificador-bm2.jpg\",\"datePublished\":\"2021-04-09T01:21:03+00:00\",\"dateModified\":\"2023-09-27T19:59:39+00:00\",\"description\":\"Liquidificador Maxi Blender BM2 Alta Rota\u00e7\u00e3o 127v - Skymsen R$ 1.552,50\",\"breadcrumb\":{\"@id\":\"https:\\\/\\\/www.lojadeequipamentos.com.br\\\/loja\\\/produto\\\/liquidificador-maxi-blender-bm2-alta-rotacao-127v-skymsen\\\/#breadcrumb\"},\"inLanguage\":\"pt-BR\",\"potentialAction\":[{\"@type\":\"ReadAction\",\"target\":[\"https:\\\/\\\/www.lojadeequipamentos.com.br\\\/loja\\\/produto\\\/liquidificador-maxi-blender-bm2-alta-rotacao-127v-skymsen\\\/\"]}]},{\"@type\":\"ImageObject\",\"inLanguage\":\"pt-BR\",\"@id\":\"https:\\\/\\\/www.lojadeequipamentos.com.br\\\/loja\\\/produto\\\/liquidificador-maxi-blender-bm2-alta-rotacao-127v-skymsen\\\/#primaryimage\",\"url\":\"https:\\\/\\\/www.lojadeequipamentos.com.br\\\/loja\\\/wp-content\\\/uploads\\\/2021\\\/04\\\/Liquidificador-bm2.jpg\",\"contentUrl\":\"https:\\\/\\\/www.lojadeequipamentos.com.br\\\/loja\\\/wp-content\\\/uploads\\\/2021\\\/04\\\/Liquidificador-bm2.jpg\",\"width\":315,\"height\":315},{\"@type\":\"BreadcrumbList\",\"@id\":\"https:\\\/\\\/www.lojadeequipamentos.com.br\\\/loja\\\/produto\\\/liquidificador-maxi-blender-bm2-alta-rotacao-127v-skymsen\\\/#breadcrumb\",\"itemListElement\":[{\"@type\":\"ListItem\",\"position\":1,\"name\":\"In\u00edcio\",\"item\":\"https:\\\/\\\/www.lojadeequipamentos.com.br\\\/loja\\\/\"},{\"@type\":\"ListItem\",\"position\":2,\"name\":\"Loja Virtual\",\"item\":\"https:\\\/\\\/www.lojadeequipamentos.com.br\\\/loja\\\/shop\\\/\"},{\"@type\":\"ListItem\",\"position\":3,\"name\":\"Liquidificador Maxi Blender BM2 Alta Rota\u00e7\u00e3o 127v &#8211; Skymsen\"}]},{\"@type\":\"WebSite\",\"@id\":\"https:\\\/\\\/www.lojadeequipamentos.com.br\\\/loja\\\/#website\",\"url\":\"https:\\\/\\\/www.lojadeequipamentos.com.br\\\/loja\\\/\",\"name\":\"Loja de Equipamentos\",\"description\":\"\",\"potentialAction\":[{\"@type\":\"SearchAction\",\"target\":{\"@type\":\"EntryPoint\",\"urlTemplate\":\"https:\\\/\\\/www.lojadeequipamentos.com.br\\\/loja\\\/?s={search_term_string}\"},\"query-input\":{\"@type\":\"PropertyValueSpecification\",\"valueRequired\":true,\"valueName\":\"search_term_string\"}}],\"inLanguage\":\"pt-BR\"}]}<\/script>\n<!-- \/ Yoast SEO plugin. -->","yoast_head_json":{"title":"Liquidificador Maxi Blender BM2 Alta Rota\u00e7\u00e3o 127v - Skymsen - Loja de Equipamentos","description":"Liquidificador Maxi Blender BM2 Alta Rota\u00e7\u00e3o 127v - Skymsen R$ 1.552,50","robots":{"index":"index","follow":"follow","max-snippet":"max-snippet:-1","max-image-preview":"max-image-preview:large","max-video-preview":"max-video-preview:-1"},"canonical":"https:\/\/www.lojadeequipamentos.com.br\/loja\/produto\/liquidificador-maxi-blender-bm2-alta-rotacao-127v-skymsen\/","og_locale":"pt_BR","og_type":"article","og_title":"Liquidificador Maxi Blender BM2 Alta Rota\u00e7\u00e3o 127v - Skymsen - Loja de Equipamentos","og_description":"Liquidificador Maxi Blender BM2 Alta Rota\u00e7\u00e3o 127v - Skymsen R$ 1.552,50","og_url":"https:\/\/www.lojadeequipamentos.com.br\/loja\/produto\/liquidificador-maxi-blender-bm2-alta-rotacao-127v-skymsen\/","og_site_name":"Loja de Equipamentos","article_modified_time":"2023-09-27T19:59:39+00:00","og_image":[{"width":315,"height":315,"url":"https:\/\/www.lojadeequipamentos.com.br\/loja\/wp-content\/uploads\/2021\/04\/Liquidificador-bm2.jpg","type":"image\/jpeg"}],"twitter_card":"summary_large_image","twitter_misc":{"Est. tempo de leitura":"2 minutos"},"schema":{"@context":"https:\/\/schema.org","@graph":[{"@type":"WebPage","@id":"https:\/\/www.lojadeequipamentos.com.br\/loja\/produto\/liquidificador-maxi-blender-bm2-alta-rotacao-127v-skymsen\/","url":"https:\/\/www.lojadeequipamentos.com.br\/loja\/produto\/liquidificador-maxi-blender-bm2-alta-rotacao-127v-skymsen\/","name":"Liquidificador Maxi Blender BM2 Alta Rota\u00e7\u00e3o 127v - Skymsen - Loja de Equipamentos","isPartOf":{"@id":"https:\/\/www.lojadeequipamentos.com.br\/loja\/#website"},"primaryImageOfPage":{"@id":"https:\/\/www.lojadeequipamentos.com.br\/loja\/produto\/liquidificador-maxi-blender-bm2-alta-rotacao-127v-skymsen\/#primaryimage"},"image":{"@id":"https:\/\/www.lojadeequipamentos.com.br\/loja\/produto\/liquidificador-maxi-blender-bm2-alta-rotacao-127v-skymsen\/#primaryimage"},"thumbnailUrl":"https:\/\/www.lojadeequipamentos.com.br\/loja\/wp-content\/uploads\/2021\/04\/Liquidificador-bm2.jpg","datePublished":"2021-04-09T01:21:03+00:00","dateModified":"2023-09-27T19:59:39+00:00","description":"Liquidificador Maxi Blender BM2 Alta Rota\u00e7\u00e3o 127v - Skymsen R$ 1.552,50","breadcrumb":{"@id":"https:\/\/www.lojadeequipamentos.com.br\/loja\/produto\/liquidificador-maxi-blender-bm2-alta-rotacao-127v-skymsen\/#breadcrumb"},"inLanguage":"pt-BR","potentialAction":[{"@type":"ReadAction","target":["https:\/\/www.lojadeequipamentos.com.br\/loja\/produto\/liquidificador-maxi-blender-bm2-alta-rotacao-127v-skymsen\/"]}]},{"@type":"ImageObject","inLanguage":"pt-BR","@id":"https:\/\/www.lojadeequipamentos.com.br\/loja\/produto\/liquidificador-maxi-blender-bm2-alta-rotacao-127v-skymsen\/#primaryimage","url":"https:\/\/www.lojadeequipamentos.com.br\/loja\/wp-content\/uploads\/2021\/04\/Liquidificador-bm2.jpg","contentUrl":"https:\/\/www.lojadeequipamentos.com.br\/loja\/wp-content\/uploads\/2021\/04\/Liquidificador-bm2.jpg","width":315,"height":315},{"@type":"BreadcrumbList","@id":"https:\/\/www.lojadeequipamentos.com.br\/loja\/produto\/liquidificador-maxi-blender-bm2-alta-rotacao-127v-skymsen\/#breadcrumb","itemListElement":[{"@type":"ListItem","position":1,"name":"In\u00edcio","item":"https:\/\/www.lojadeequipamentos.com.br\/loja\/"},{"@type":"ListItem","position":2,"name":"Loja Virtual","item":"https:\/\/www.lojadeequipamentos.com.br\/loja\/shop\/"},{"@type":"ListItem","position":3,"name":"Liquidificador Maxi Blender BM2 Alta Rota\u00e7\u00e3o 127v &#8211; Skymsen"}]},{"@type":"WebSite","@id":"https:\/\/www.lojadeequipamentos.com.br\/loja\/#website","url":"https:\/\/www.lojadeequipamentos.com.br\/loja\/","name":"Loja de Equipamentos","description":"","potentialAction":[{"@type":"SearchAction","target":{"@type":"EntryPoint","urlTemplate":"https:\/\/www.lojadeequipamentos.com.br\/loja\/?s={search_term_string}"},"query-input":{"@type":"PropertyValueSpecification","valueRequired":true,"valueName":"search_term_string"}}],"inLanguage":"pt-BR"}]}},"_links":{"self":[{"href":"https:\/\/www.lojadeequipamentos.com.br\/loja\/wp-json\/wp\/v2\/product\/5551","targetHints":{"allow":["GET"]}}],"collection":[{"href":"https:\/\/www.lojadeequipamentos.com.br\/loja\/wp-json\/wp\/v2\/product"}],"about":[{"href":"https:\/\/www.lojadeequipamentos.com.br\/loja\/wp-json\/wp\/v2\/types\/product"}],"replies":[{"embeddable":true,"href":"https:\/\/www.lojadeequipamentos.com.br\/loja\/wp-json\/wp\/v2\/comments?post=5551"}],"wp:featuredmedia":[{"embeddable":true,"href":"https:\/\/www.lojadeequipamentos.com.br\/loja\/wp-json\/wp\/v2\/media\/5548"}],"wp:attachment":[{"href":"https:\/\/www.lojadeequipamentos.com.br\/loja\/wp-json\/wp\/v2\/media?parent=5551"}],"wp:term":[{"taxonomy":"product_brand","embeddable":true,"href":"https:\/\/www.lojadeequipamentos.com.br\/loja\/wp-json\/wp\/v2\/product_brand?post=5551"},{"taxonomy":"product_cat","embeddable":true,"href":"https:\/\/www.lojadeequipamentos.com.br\/loja\/wp-json\/wp\/v2\/product_cat?post=5551"},{"taxonomy":"product_tag","embeddable":true,"href":"https:\/\/www.lojadeequipamentos.com.br\/loja\/wp-json\/wp\/v2\/product_tag?post=5551"}],"curies":[{"name":"wp","href":"https:\/\/api.w.org\/{rel}","templated":true}]}}