{"id":5332,"date":"2021-03-20T20:43:06","date_gmt":"2021-03-20T20:43:06","guid":{"rendered":"https:\/\/www.lojadeequipamentos.com.br\/loja\/?post_type=product&#038;p=5332"},"modified":"2021-03-28T00:49:52","modified_gmt":"2021-03-28T00:49:52","slug":"joelho-45-exaustao-inox-5-sauna-vapor-gas-namarra","status":"publish","type":"product","link":"https:\/\/www.lojadeequipamentos.com.br\/loja\/produto\/joelho-45-exaustao-inox-5-sauna-vapor-gas-namarra\/","title":{"rendered":"Joelho 45\u00b0 Exaust\u00e3o Inox 5&#8243; Sauna Vapor G\u00e1s &#8211; Namarra"},"content":{"rendered":"<h2>Joelho 45\u00b0 Exaust\u00e3o Inox 5\" Sauna Vapor G\u00e1s - Namarra\/Incisor<\/h2>\n<p>\nDescri\u00e7\u00e3o: Joelho 45\u00b0 de Exaust\u00e3o para a Sauna Vapor a G\u00e1s Mini Caldeira Techg\u00e1s Namarra, di\u00e2metro de 5\"(polegadas) em A\u00e7o Inox 304.<br \/>\n<\/p>\n<p><a href=\"https:\/\/api.whatsapp.com\/send?phone=5521964144201\"><img loading=\"lazy\" decoding=\"async\" class=\"alignnone size-full wp-image-4307\" alt=\"botao_whatsapp\" src=\"http:\/\/www.lojadeequipamentos.com.br\/loja\/wp-content\/uploads\/2020\/08\/botao_whatsapp.png\" width=\"226\" height=\"82\" \/><\/a\n\n<\/p>\n","protected":false},"excerpt":{"rendered":"<strong>Joelho 45\u00b0 Exaust\u00e3o Inox 5\" Sauna Vapor G\u00e1s - Namarra\/Incisor<\/strong>","protected":false},"featured_media":5110,"comment_status":"open","ping_status":"closed","template":"","meta":{"_links_to":"","_links_to_target":""},"product_brand":[],"product_cat":[990],"product_tag":[4904,4905,4891,4876,4894,4895,4896,4897,4898,4899,4882,4883,4900,4901,4886,4887,4888,4889,4890],"class_list":{"0":"post-5332","1":"product","2":"type-product","3":"status-publish","4":"has-post-thumbnail","6":"product_cat-painel-de-comando-saunas","7":"product_tag-joelho-45-5","8":"product_tag-joelho-45-5-polegadas","9":"product_tag-joelho-5","10":"product_tag-joelho-exaustao","11":"product_tag-joelho-exaustao-5-polegadas","12":"product_tag-joelho-exaustao-5-polegadas-namarra","13":"product_tag-joelho-exaustao-5","14":"product_tag-joelho-exaustao-5-namarra","15":"product_tag-joelho-exaustao-inox-5-polegadas","16":"product_tag-joelho-exaustao-inox-5","17":"product_tag-joelho-exaustao-sauna-incisor","18":"product_tag-joelho-exaustao-sauna-namarra","19":"product_tag-joelho-inox-5-polegadas","20":"product_tag-joelho-inox-5","21":"product_tag-joelho-inox-exaustao-sauna-gas","22":"product_tag-joelho-inox-sauna-gas","23":"product_tag-joelho-inox-sauna-incisor","24":"product_tag-joelho-inox-sauna-namarra","25":"product_tag-joelho-sauna-gas","27":"first","28":"instock","29":"shipping-taxable","30":"purchasable","31":"product-type-simple"},"yoast_head":"<!-- This site is optimized with the Yoast SEO plugin v27.3 - https:\/\/yoast.com\/product\/yoast-seo-wordpress\/ -->\n<title>Joelho 45\u00b0 Exaust\u00e3o Inox 5&quot; Sauna Vapor G\u00e1s - Namarra - Loja de Equipamentos<\/title>\n<meta name=\"description\" content=\"Joelho 45\u00b0 Exaust\u00e3o Inox 5&quot; Sauna G\u00e1s Namarra R$ 216,63 fabrica\u00e7\u00e3o Incisor diametro 5&quot;.\" \/>\n<meta name=\"robots\" content=\"index, follow, max-snippet:-1, max-image-preview:large, max-video-preview:-1\" \/>\n<link rel=\"canonical\" href=\"https:\/\/www.lojadeequipamentos.com.br\/loja\/produto\/joelho-45-exaustao-inox-5-sauna-vapor-gas-namarra\/\" \/>\n<meta property=\"og:locale\" content=\"pt_BR\" \/>\n<meta property=\"og:type\" content=\"article\" \/>\n<meta property=\"og:title\" content=\"Joelho 45\u00b0 Exaust\u00e3o Inox 5&quot; Sauna Vapor G\u00e1s - Namarra - Loja de Equipamentos\" \/>\n<meta property=\"og:description\" content=\"Joelho 45\u00b0 Exaust\u00e3o Inox 5&quot; Sauna G\u00e1s Namarra R$ 216,63 fabrica\u00e7\u00e3o Incisor diametro 5&quot;.\" \/>\n<meta property=\"og:url\" content=\"https:\/\/www.lojadeequipamentos.com.br\/loja\/produto\/joelho-45-exaustao-inox-5-sauna-vapor-gas-namarra\/\" \/>\n<meta property=\"og:site_name\" content=\"Loja de Equipamentos\" \/>\n<meta property=\"article:modified_time\" content=\"2021-03-28T00:49:52+00:00\" \/>\n<meta property=\"og:image\" content=\"https:\/\/www.lojadeequipamentos.com.br\/loja\/wp-content\/uploads\/2021\/03\/joelho-45-inox-loja-de-equipamentos.jpg\" \/>\n\t<meta property=\"og:image:width\" content=\"270\" \/>\n\t<meta property=\"og:image:height\" content=\"200\" \/>\n\t<meta property=\"og:image:type\" content=\"image\/jpeg\" \/>\n<meta name=\"twitter:card\" content=\"summary_large_image\" \/>\n<script type=\"application\/ld+json\" class=\"yoast-schema-graph\">{\"@context\":\"https:\\\/\\\/schema.org\",\"@graph\":[{\"@type\":\"WebPage\",\"@id\":\"https:\\\/\\\/www.lojadeequipamentos.com.br\\\/loja\\\/produto\\\/joelho-45-exaustao-inox-5-sauna-vapor-gas-namarra\\\/\",\"url\":\"https:\\\/\\\/www.lojadeequipamentos.com.br\\\/loja\\\/produto\\\/joelho-45-exaustao-inox-5-sauna-vapor-gas-namarra\\\/\",\"name\":\"Joelho 45\u00b0 Exaust\u00e3o Inox 5\\\" Sauna Vapor G\u00e1s - Namarra - Loja de Equipamentos\",\"isPartOf\":{\"@id\":\"https:\\\/\\\/www.lojadeequipamentos.com.br\\\/loja\\\/#website\"},\"primaryImageOfPage\":{\"@id\":\"https:\\\/\\\/www.lojadeequipamentos.com.br\\\/loja\\\/produto\\\/joelho-45-exaustao-inox-5-sauna-vapor-gas-namarra\\\/#primaryimage\"},\"image\":{\"@id\":\"https:\\\/\\\/www.lojadeequipamentos.com.br\\\/loja\\\/produto\\\/joelho-45-exaustao-inox-5-sauna-vapor-gas-namarra\\\/#primaryimage\"},\"thumbnailUrl\":\"https:\\\/\\\/www.lojadeequipamentos.com.br\\\/loja\\\/wp-content\\\/uploads\\\/2021\\\/03\\\/joelho-45-inox-loja-de-equipamentos.jpg\",\"datePublished\":\"2021-03-20T20:43:06+00:00\",\"dateModified\":\"2021-03-28T00:49:52+00:00\",\"description\":\"Joelho 45\u00b0 Exaust\u00e3o Inox 5\\\" Sauna G\u00e1s Namarra R$ 216,63 fabrica\u00e7\u00e3o Incisor diametro 5\\\".\",\"breadcrumb\":{\"@id\":\"https:\\\/\\\/www.lojadeequipamentos.com.br\\\/loja\\\/produto\\\/joelho-45-exaustao-inox-5-sauna-vapor-gas-namarra\\\/#breadcrumb\"},\"inLanguage\":\"pt-BR\",\"potentialAction\":[{\"@type\":\"ReadAction\",\"target\":[\"https:\\\/\\\/www.lojadeequipamentos.com.br\\\/loja\\\/produto\\\/joelho-45-exaustao-inox-5-sauna-vapor-gas-namarra\\\/\"]}]},{\"@type\":\"ImageObject\",\"inLanguage\":\"pt-BR\",\"@id\":\"https:\\\/\\\/www.lojadeequipamentos.com.br\\\/loja\\\/produto\\\/joelho-45-exaustao-inox-5-sauna-vapor-gas-namarra\\\/#primaryimage\",\"url\":\"https:\\\/\\\/www.lojadeequipamentos.com.br\\\/loja\\\/wp-content\\\/uploads\\\/2021\\\/03\\\/joelho-45-inox-loja-de-equipamentos.jpg\",\"contentUrl\":\"https:\\\/\\\/www.lojadeequipamentos.com.br\\\/loja\\\/wp-content\\\/uploads\\\/2021\\\/03\\\/joelho-45-inox-loja-de-equipamentos.jpg\",\"width\":270,\"height\":200},{\"@type\":\"BreadcrumbList\",\"@id\":\"https:\\\/\\\/www.lojadeequipamentos.com.br\\\/loja\\\/produto\\\/joelho-45-exaustao-inox-5-sauna-vapor-gas-namarra\\\/#breadcrumb\",\"itemListElement\":[{\"@type\":\"ListItem\",\"position\":1,\"name\":\"In\u00edcio\",\"item\":\"https:\\\/\\\/www.lojadeequipamentos.com.br\\\/loja\\\/\"},{\"@type\":\"ListItem\",\"position\":2,\"name\":\"Loja Virtual\",\"item\":\"https:\\\/\\\/www.lojadeequipamentos.com.br\\\/loja\\\/shop\\\/\"},{\"@type\":\"ListItem\",\"position\":3,\"name\":\"Joelho 45\u00b0 Exaust\u00e3o Inox 5&#8243; Sauna Vapor G\u00e1s &#8211; Namarra\"}]},{\"@type\":\"WebSite\",\"@id\":\"https:\\\/\\\/www.lojadeequipamentos.com.br\\\/loja\\\/#website\",\"url\":\"https:\\\/\\\/www.lojadeequipamentos.com.br\\\/loja\\\/\",\"name\":\"Loja de Equipamentos\",\"description\":\"\",\"potentialAction\":[{\"@type\":\"SearchAction\",\"target\":{\"@type\":\"EntryPoint\",\"urlTemplate\":\"https:\\\/\\\/www.lojadeequipamentos.com.br\\\/loja\\\/?s={search_term_string}\"},\"query-input\":{\"@type\":\"PropertyValueSpecification\",\"valueRequired\":true,\"valueName\":\"search_term_string\"}}],\"inLanguage\":\"pt-BR\"}]}<\/script>\n<!-- \/ Yoast SEO plugin. -->","yoast_head_json":{"title":"Joelho 45\u00b0 Exaust\u00e3o Inox 5\" Sauna Vapor G\u00e1s - Namarra - Loja de Equipamentos","description":"Joelho 45\u00b0 Exaust\u00e3o Inox 5\" Sauna G\u00e1s Namarra R$ 216,63 fabrica\u00e7\u00e3o Incisor diametro 5\".","robots":{"index":"index","follow":"follow","max-snippet":"max-snippet:-1","max-image-preview":"max-image-preview:large","max-video-preview":"max-video-preview:-1"},"canonical":"https:\/\/www.lojadeequipamentos.com.br\/loja\/produto\/joelho-45-exaustao-inox-5-sauna-vapor-gas-namarra\/","og_locale":"pt_BR","og_type":"article","og_title":"Joelho 45\u00b0 Exaust\u00e3o Inox 5\" Sauna Vapor G\u00e1s - Namarra - Loja de Equipamentos","og_description":"Joelho 45\u00b0 Exaust\u00e3o Inox 5\" Sauna G\u00e1s Namarra R$ 216,63 fabrica\u00e7\u00e3o Incisor diametro 5\".","og_url":"https:\/\/www.lojadeequipamentos.com.br\/loja\/produto\/joelho-45-exaustao-inox-5-sauna-vapor-gas-namarra\/","og_site_name":"Loja de Equipamentos","article_modified_time":"2021-03-28T00:49:52+00:00","og_image":[{"width":270,"height":200,"url":"https:\/\/www.lojadeequipamentos.com.br\/loja\/wp-content\/uploads\/2021\/03\/joelho-45-inox-loja-de-equipamentos.jpg","type":"image\/jpeg"}],"twitter_card":"summary_large_image","schema":{"@context":"https:\/\/schema.org","@graph":[{"@type":"WebPage","@id":"https:\/\/www.lojadeequipamentos.com.br\/loja\/produto\/joelho-45-exaustao-inox-5-sauna-vapor-gas-namarra\/","url":"https:\/\/www.lojadeequipamentos.com.br\/loja\/produto\/joelho-45-exaustao-inox-5-sauna-vapor-gas-namarra\/","name":"Joelho 45\u00b0 Exaust\u00e3o Inox 5\" Sauna Vapor G\u00e1s - Namarra - Loja de Equipamentos","isPartOf":{"@id":"https:\/\/www.lojadeequipamentos.com.br\/loja\/#website"},"primaryImageOfPage":{"@id":"https:\/\/www.lojadeequipamentos.com.br\/loja\/produto\/joelho-45-exaustao-inox-5-sauna-vapor-gas-namarra\/#primaryimage"},"image":{"@id":"https:\/\/www.lojadeequipamentos.com.br\/loja\/produto\/joelho-45-exaustao-inox-5-sauna-vapor-gas-namarra\/#primaryimage"},"thumbnailUrl":"https:\/\/www.lojadeequipamentos.com.br\/loja\/wp-content\/uploads\/2021\/03\/joelho-45-inox-loja-de-equipamentos.jpg","datePublished":"2021-03-20T20:43:06+00:00","dateModified":"2021-03-28T00:49:52+00:00","description":"Joelho 45\u00b0 Exaust\u00e3o Inox 5\" Sauna G\u00e1s Namarra R$ 216,63 fabrica\u00e7\u00e3o Incisor diametro 5\".","breadcrumb":{"@id":"https:\/\/www.lojadeequipamentos.com.br\/loja\/produto\/joelho-45-exaustao-inox-5-sauna-vapor-gas-namarra\/#breadcrumb"},"inLanguage":"pt-BR","potentialAction":[{"@type":"ReadAction","target":["https:\/\/www.lojadeequipamentos.com.br\/loja\/produto\/joelho-45-exaustao-inox-5-sauna-vapor-gas-namarra\/"]}]},{"@type":"ImageObject","inLanguage":"pt-BR","@id":"https:\/\/www.lojadeequipamentos.com.br\/loja\/produto\/joelho-45-exaustao-inox-5-sauna-vapor-gas-namarra\/#primaryimage","url":"https:\/\/www.lojadeequipamentos.com.br\/loja\/wp-content\/uploads\/2021\/03\/joelho-45-inox-loja-de-equipamentos.jpg","contentUrl":"https:\/\/www.lojadeequipamentos.com.br\/loja\/wp-content\/uploads\/2021\/03\/joelho-45-inox-loja-de-equipamentos.jpg","width":270,"height":200},{"@type":"BreadcrumbList","@id":"https:\/\/www.lojadeequipamentos.com.br\/loja\/produto\/joelho-45-exaustao-inox-5-sauna-vapor-gas-namarra\/#breadcrumb","itemListElement":[{"@type":"ListItem","position":1,"name":"In\u00edcio","item":"https:\/\/www.lojadeequipamentos.com.br\/loja\/"},{"@type":"ListItem","position":2,"name":"Loja Virtual","item":"https:\/\/www.lojadeequipamentos.com.br\/loja\/shop\/"},{"@type":"ListItem","position":3,"name":"Joelho 45\u00b0 Exaust\u00e3o Inox 5&#8243; Sauna Vapor G\u00e1s &#8211; Namarra"}]},{"@type":"WebSite","@id":"https:\/\/www.lojadeequipamentos.com.br\/loja\/#website","url":"https:\/\/www.lojadeequipamentos.com.br\/loja\/","name":"Loja de Equipamentos","description":"","potentialAction":[{"@type":"SearchAction","target":{"@type":"EntryPoint","urlTemplate":"https:\/\/www.lojadeequipamentos.com.br\/loja\/?s={search_term_string}"},"query-input":{"@type":"PropertyValueSpecification","valueRequired":true,"valueName":"search_term_string"}}],"inLanguage":"pt-BR"}]}},"_links":{"self":[{"href":"https:\/\/www.lojadeequipamentos.com.br\/loja\/wp-json\/wp\/v2\/product\/5332","targetHints":{"allow":["GET"]}}],"collection":[{"href":"https:\/\/www.lojadeequipamentos.com.br\/loja\/wp-json\/wp\/v2\/product"}],"about":[{"href":"https:\/\/www.lojadeequipamentos.com.br\/loja\/wp-json\/wp\/v2\/types\/product"}],"replies":[{"embeddable":true,"href":"https:\/\/www.lojadeequipamentos.com.br\/loja\/wp-json\/wp\/v2\/comments?post=5332"}],"wp:featuredmedia":[{"embeddable":true,"href":"https:\/\/www.lojadeequipamentos.com.br\/loja\/wp-json\/wp\/v2\/media\/5110"}],"wp:attachment":[{"href":"https:\/\/www.lojadeequipamentos.com.br\/loja\/wp-json\/wp\/v2\/media?parent=5332"}],"wp:term":[{"taxonomy":"product_brand","embeddable":true,"href":"https:\/\/www.lojadeequipamentos.com.br\/loja\/wp-json\/wp\/v2\/product_brand?post=5332"},{"taxonomy":"product_cat","embeddable":true,"href":"https:\/\/www.lojadeequipamentos.com.br\/loja\/wp-json\/wp\/v2\/product_cat?post=5332"},{"taxonomy":"product_tag","embeddable":true,"href":"https:\/\/www.lojadeequipamentos.com.br\/loja\/wp-json\/wp\/v2\/product_tag?post=5332"}],"curies":[{"name":"wp","href":"https:\/\/api.w.org\/{rel}","templated":true}]}}