{"id":5294,"date":"2021-03-19T03:44:26","date_gmt":"2021-03-19T03:44:26","guid":{"rendered":"https:\/\/www.lojadeequipamentos.com.br\/loja\/?post_type=product&#038;p=5294"},"modified":"2021-07-18T20:18:50","modified_gmt":"2021-07-18T20:18:50","slug":"cortadora-de-piso-cpm-13-13hp-389cc-matsuyama","status":"publish","type":"product","link":"https:\/\/www.lojadeequipamentos.com.br\/loja\/produto\/cortadora-de-piso-cpm-13-13hp-389cc-matsuyama\/","title":{"rendered":"Cortadora de Piso CPM 13 13hp 389cc \/ Matsuyama"},"content":{"rendered":"<p><strong>Cortadora de Piso CPM 13 13hp 389cc \/ Matsuyama <\/strong><\/p>\n<p>C\u00f3digo: 437352<br \/>\nProfundidade max. de corte: 180 mm<br \/>\nTamanho do disco: 12\u201d a 18\u201d<br \/>\nAjuste de profundidade: Manual<br \/>\nDirecionamento: Manual<br \/>\nReservat\u00f3rio de \u00e1gua: 30 L<br \/>\nCombust\u00edvel: Gasolina<br \/>\nCapacidade do tanque: 6.5 L<br \/>\nConsumo m\u00e9dio: 2.1 L\/Hora<br \/>\nSistema de partida: Manual<br \/>\nN\u00edvel de ru\u00eddo: 80 Db(A) (7M)<br \/>\nDimens\u00f5es: 905 X 585 X 1080 mm<br \/>\nPeso: 115 kg<br \/>\nPot\u00eancia: 13 HP<br \/>\nTipo de motor: 4 Tempos<br \/>\nRefrigera\u00e7\u00e3o: AR<br \/>\nCilindradas: 389 CC<br \/>\nRota\u00e7\u00e3o m\u00e1xima: 3600 rpm<br \/>\nFIltro de ar: Banhado a \u00f3leo<br \/>\nQuantidade de \u00f3leo lubrificante: 1.1 L<br \/>\nTipo de \u00f3leo: SAE 20W-50<br \/>\nSensor de \u00f3leo: Sim<br \/>\nGarantia:<br \/>\n<strong>FAVOR ENTRAR EM CONTATO PARA COTA\u00c7\u00c3O DE FRETE<\/strong><\/p>\n<p><a href=\"https:\/\/api.whatsapp.com\/send?phone=5521964144201\"><img loading=\"lazy\" decoding=\"async\" class=\"alignnone size-full wp-image-4307\" src=\"http:\/\/www.lojadeequipamentos.com.br\/loja\/wp-content\/uploads\/2020\/08\/botao_whatsapp.png\" alt=\"botao_whatsapp\" width=\"226\" height=\"82\" \/><\/a><\/p>\n","protected":false},"excerpt":{"rendered":"<strong>Cortadora de Piso CPM 13 13hp 389cc \/ Matsuyama<\/strong>","protected":false},"featured_media":6375,"comment_status":"open","ping_status":"closed","template":"","meta":{"_links_to":"","_links_to_target":""},"product_brand":[],"product_cat":[4802],"product_tag":[5618,5621,5622,5625,5626,5627,5623,5619,5624,5620],"class_list":{"0":"post-5294","1":"product","2":"type-product","3":"status-publish","4":"has-post-thumbnail","6":"product_cat-construcao","7":"product_tag-cortadora-de-piso","8":"product_tag-cortadora-de-piso-13hp","9":"product_tag-cortadora-de-piso-389cc","10":"product_tag-cortadora-de-piso-389cc-13hp-matsuyama","11":"product_tag-cortadora-de-piso-cpm-13-13hp-389cc","12":"product_tag-cortadora-de-piso-cpm-13-13hp-389cc-matsuyama","13":"product_tag-cortadora-de-piso-gasolina","14":"product_tag-cortadora-de-piso-matsuyama","15":"product_tag-gasolina-cortadora-de-piso","16":"product_tag-matsuyama-cortadora-de-piso","18":"first","19":"instock","20":"shipping-taxable","21":"product-type-simple"},"yoast_head":"<!-- This site is optimized with the Yoast SEO plugin v27.3 - https:\/\/yoast.com\/product\/yoast-seo-wordpress\/ -->\n<title>Cortadora de Piso CPM 13 13hp 389cc \/ Matsuyama - Loja de Equipamentos<\/title>\n<meta name=\"description\" content=\"Cortadora de Piso CPM 13 13hp 389cc \/ Matsuyama R$:\" \/>\n<meta name=\"robots\" content=\"index, follow, max-snippet:-1, max-image-preview:large, max-video-preview:-1\" \/>\n<link rel=\"canonical\" href=\"https:\/\/www.lojadeequipamentos.com.br\/loja\/produto\/cortadora-de-piso-cpm-13-13hp-389cc-matsuyama\/\" \/>\n<meta property=\"og:locale\" content=\"pt_BR\" \/>\n<meta property=\"og:type\" content=\"article\" \/>\n<meta property=\"og:title\" content=\"Cortadora de Piso CPM 13 13hp 389cc \/ Matsuyama - Loja de Equipamentos\" \/>\n<meta property=\"og:description\" content=\"Cortadora de Piso CPM 13 13hp 389cc \/ Matsuyama R$:\" \/>\n<meta property=\"og:url\" content=\"https:\/\/www.lojadeequipamentos.com.br\/loja\/produto\/cortadora-de-piso-cpm-13-13hp-389cc-matsuyama\/\" \/>\n<meta property=\"og:site_name\" content=\"Loja de Equipamentos\" \/>\n<meta property=\"article:modified_time\" content=\"2021-07-18T20:18:50+00:00\" \/>\n<meta property=\"og:image\" content=\"https:\/\/www.lojadeequipamentos.com.br\/loja\/wp-content\/uploads\/2021\/03\/cortador-de-piso.png\" \/>\n\t<meta property=\"og:image:width\" content=\"403\" \/>\n\t<meta property=\"og:image:height\" content=\"324\" \/>\n\t<meta property=\"og:image:type\" content=\"image\/png\" \/>\n<meta name=\"twitter:card\" content=\"summary_large_image\" \/>\n<meta name=\"twitter:label1\" content=\"Est. tempo de leitura\" \/>\n\t<meta name=\"twitter:data1\" content=\"1 minuto\" \/>\n<script type=\"application\/ld+json\" class=\"yoast-schema-graph\">{\"@context\":\"https:\\\/\\\/schema.org\",\"@graph\":[{\"@type\":\"WebPage\",\"@id\":\"https:\\\/\\\/www.lojadeequipamentos.com.br\\\/loja\\\/produto\\\/cortadora-de-piso-cpm-13-13hp-389cc-matsuyama\\\/\",\"url\":\"https:\\\/\\\/www.lojadeequipamentos.com.br\\\/loja\\\/produto\\\/cortadora-de-piso-cpm-13-13hp-389cc-matsuyama\\\/\",\"name\":\"Cortadora de Piso CPM 13 13hp 389cc \\\/ Matsuyama - Loja de Equipamentos\",\"isPartOf\":{\"@id\":\"https:\\\/\\\/www.lojadeequipamentos.com.br\\\/loja\\\/#website\"},\"primaryImageOfPage\":{\"@id\":\"https:\\\/\\\/www.lojadeequipamentos.com.br\\\/loja\\\/produto\\\/cortadora-de-piso-cpm-13-13hp-389cc-matsuyama\\\/#primaryimage\"},\"image\":{\"@id\":\"https:\\\/\\\/www.lojadeequipamentos.com.br\\\/loja\\\/produto\\\/cortadora-de-piso-cpm-13-13hp-389cc-matsuyama\\\/#primaryimage\"},\"thumbnailUrl\":\"https:\\\/\\\/www.lojadeequipamentos.com.br\\\/loja\\\/wp-content\\\/uploads\\\/2021\\\/03\\\/cortador-de-piso.png\",\"datePublished\":\"2021-03-19T03:44:26+00:00\",\"dateModified\":\"2021-07-18T20:18:50+00:00\",\"description\":\"Cortadora de Piso CPM 13 13hp 389cc \\\/ Matsuyama R$:\",\"breadcrumb\":{\"@id\":\"https:\\\/\\\/www.lojadeequipamentos.com.br\\\/loja\\\/produto\\\/cortadora-de-piso-cpm-13-13hp-389cc-matsuyama\\\/#breadcrumb\"},\"inLanguage\":\"pt-BR\",\"potentialAction\":[{\"@type\":\"ReadAction\",\"target\":[\"https:\\\/\\\/www.lojadeequipamentos.com.br\\\/loja\\\/produto\\\/cortadora-de-piso-cpm-13-13hp-389cc-matsuyama\\\/\"]}]},{\"@type\":\"ImageObject\",\"inLanguage\":\"pt-BR\",\"@id\":\"https:\\\/\\\/www.lojadeequipamentos.com.br\\\/loja\\\/produto\\\/cortadora-de-piso-cpm-13-13hp-389cc-matsuyama\\\/#primaryimage\",\"url\":\"https:\\\/\\\/www.lojadeequipamentos.com.br\\\/loja\\\/wp-content\\\/uploads\\\/2021\\\/03\\\/cortador-de-piso.png\",\"contentUrl\":\"https:\\\/\\\/www.lojadeequipamentos.com.br\\\/loja\\\/wp-content\\\/uploads\\\/2021\\\/03\\\/cortador-de-piso.png\",\"width\":403,\"height\":324},{\"@type\":\"BreadcrumbList\",\"@id\":\"https:\\\/\\\/www.lojadeequipamentos.com.br\\\/loja\\\/produto\\\/cortadora-de-piso-cpm-13-13hp-389cc-matsuyama\\\/#breadcrumb\",\"itemListElement\":[{\"@type\":\"ListItem\",\"position\":1,\"name\":\"In\u00edcio\",\"item\":\"https:\\\/\\\/www.lojadeequipamentos.com.br\\\/loja\\\/\"},{\"@type\":\"ListItem\",\"position\":2,\"name\":\"Loja Virtual\",\"item\":\"https:\\\/\\\/www.lojadeequipamentos.com.br\\\/loja\\\/shop\\\/\"},{\"@type\":\"ListItem\",\"position\":3,\"name\":\"Cortadora de Piso CPM 13 13hp 389cc \\\/ Matsuyama\"}]},{\"@type\":\"WebSite\",\"@id\":\"https:\\\/\\\/www.lojadeequipamentos.com.br\\\/loja\\\/#website\",\"url\":\"https:\\\/\\\/www.lojadeequipamentos.com.br\\\/loja\\\/\",\"name\":\"Loja de Equipamentos\",\"description\":\"\",\"potentialAction\":[{\"@type\":\"SearchAction\",\"target\":{\"@type\":\"EntryPoint\",\"urlTemplate\":\"https:\\\/\\\/www.lojadeequipamentos.com.br\\\/loja\\\/?s={search_term_string}\"},\"query-input\":{\"@type\":\"PropertyValueSpecification\",\"valueRequired\":true,\"valueName\":\"search_term_string\"}}],\"inLanguage\":\"pt-BR\"}]}<\/script>\n<!-- \/ Yoast SEO plugin. -->","yoast_head_json":{"title":"Cortadora de Piso CPM 13 13hp 389cc \/ Matsuyama - Loja de Equipamentos","description":"Cortadora de Piso CPM 13 13hp 389cc \/ Matsuyama R$:","robots":{"index":"index","follow":"follow","max-snippet":"max-snippet:-1","max-image-preview":"max-image-preview:large","max-video-preview":"max-video-preview:-1"},"canonical":"https:\/\/www.lojadeequipamentos.com.br\/loja\/produto\/cortadora-de-piso-cpm-13-13hp-389cc-matsuyama\/","og_locale":"pt_BR","og_type":"article","og_title":"Cortadora de Piso CPM 13 13hp 389cc \/ Matsuyama - Loja de Equipamentos","og_description":"Cortadora de Piso CPM 13 13hp 389cc \/ Matsuyama R$:","og_url":"https:\/\/www.lojadeequipamentos.com.br\/loja\/produto\/cortadora-de-piso-cpm-13-13hp-389cc-matsuyama\/","og_site_name":"Loja de Equipamentos","article_modified_time":"2021-07-18T20:18:50+00:00","og_image":[{"width":403,"height":324,"url":"https:\/\/www.lojadeequipamentos.com.br\/loja\/wp-content\/uploads\/2021\/03\/cortador-de-piso.png","type":"image\/png"}],"twitter_card":"summary_large_image","twitter_misc":{"Est. tempo de leitura":"1 minuto"},"schema":{"@context":"https:\/\/schema.org","@graph":[{"@type":"WebPage","@id":"https:\/\/www.lojadeequipamentos.com.br\/loja\/produto\/cortadora-de-piso-cpm-13-13hp-389cc-matsuyama\/","url":"https:\/\/www.lojadeequipamentos.com.br\/loja\/produto\/cortadora-de-piso-cpm-13-13hp-389cc-matsuyama\/","name":"Cortadora de Piso CPM 13 13hp 389cc \/ Matsuyama - Loja de Equipamentos","isPartOf":{"@id":"https:\/\/www.lojadeequipamentos.com.br\/loja\/#website"},"primaryImageOfPage":{"@id":"https:\/\/www.lojadeequipamentos.com.br\/loja\/produto\/cortadora-de-piso-cpm-13-13hp-389cc-matsuyama\/#primaryimage"},"image":{"@id":"https:\/\/www.lojadeequipamentos.com.br\/loja\/produto\/cortadora-de-piso-cpm-13-13hp-389cc-matsuyama\/#primaryimage"},"thumbnailUrl":"https:\/\/www.lojadeequipamentos.com.br\/loja\/wp-content\/uploads\/2021\/03\/cortador-de-piso.png","datePublished":"2021-03-19T03:44:26+00:00","dateModified":"2021-07-18T20:18:50+00:00","description":"Cortadora de Piso CPM 13 13hp 389cc \/ Matsuyama R$:","breadcrumb":{"@id":"https:\/\/www.lojadeequipamentos.com.br\/loja\/produto\/cortadora-de-piso-cpm-13-13hp-389cc-matsuyama\/#breadcrumb"},"inLanguage":"pt-BR","potentialAction":[{"@type":"ReadAction","target":["https:\/\/www.lojadeequipamentos.com.br\/loja\/produto\/cortadora-de-piso-cpm-13-13hp-389cc-matsuyama\/"]}]},{"@type":"ImageObject","inLanguage":"pt-BR","@id":"https:\/\/www.lojadeequipamentos.com.br\/loja\/produto\/cortadora-de-piso-cpm-13-13hp-389cc-matsuyama\/#primaryimage","url":"https:\/\/www.lojadeequipamentos.com.br\/loja\/wp-content\/uploads\/2021\/03\/cortador-de-piso.png","contentUrl":"https:\/\/www.lojadeequipamentos.com.br\/loja\/wp-content\/uploads\/2021\/03\/cortador-de-piso.png","width":403,"height":324},{"@type":"BreadcrumbList","@id":"https:\/\/www.lojadeequipamentos.com.br\/loja\/produto\/cortadora-de-piso-cpm-13-13hp-389cc-matsuyama\/#breadcrumb","itemListElement":[{"@type":"ListItem","position":1,"name":"In\u00edcio","item":"https:\/\/www.lojadeequipamentos.com.br\/loja\/"},{"@type":"ListItem","position":2,"name":"Loja Virtual","item":"https:\/\/www.lojadeequipamentos.com.br\/loja\/shop\/"},{"@type":"ListItem","position":3,"name":"Cortadora de Piso CPM 13 13hp 389cc \/ Matsuyama"}]},{"@type":"WebSite","@id":"https:\/\/www.lojadeequipamentos.com.br\/loja\/#website","url":"https:\/\/www.lojadeequipamentos.com.br\/loja\/","name":"Loja de Equipamentos","description":"","potentialAction":[{"@type":"SearchAction","target":{"@type":"EntryPoint","urlTemplate":"https:\/\/www.lojadeequipamentos.com.br\/loja\/?s={search_term_string}"},"query-input":{"@type":"PropertyValueSpecification","valueRequired":true,"valueName":"search_term_string"}}],"inLanguage":"pt-BR"}]}},"_links":{"self":[{"href":"https:\/\/www.lojadeequipamentos.com.br\/loja\/wp-json\/wp\/v2\/product\/5294","targetHints":{"allow":["GET"]}}],"collection":[{"href":"https:\/\/www.lojadeequipamentos.com.br\/loja\/wp-json\/wp\/v2\/product"}],"about":[{"href":"https:\/\/www.lojadeequipamentos.com.br\/loja\/wp-json\/wp\/v2\/types\/product"}],"replies":[{"embeddable":true,"href":"https:\/\/www.lojadeequipamentos.com.br\/loja\/wp-json\/wp\/v2\/comments?post=5294"}],"wp:featuredmedia":[{"embeddable":true,"href":"https:\/\/www.lojadeequipamentos.com.br\/loja\/wp-json\/wp\/v2\/media\/6375"}],"wp:attachment":[{"href":"https:\/\/www.lojadeequipamentos.com.br\/loja\/wp-json\/wp\/v2\/media?parent=5294"}],"wp:term":[{"taxonomy":"product_brand","embeddable":true,"href":"https:\/\/www.lojadeequipamentos.com.br\/loja\/wp-json\/wp\/v2\/product_brand?post=5294"},{"taxonomy":"product_cat","embeddable":true,"href":"https:\/\/www.lojadeequipamentos.com.br\/loja\/wp-json\/wp\/v2\/product_cat?post=5294"},{"taxonomy":"product_tag","embeddable":true,"href":"https:\/\/www.lojadeequipamentos.com.br\/loja\/wp-json\/wp\/v2\/product_tag?post=5294"}],"curies":[{"name":"wp","href":"https:\/\/api.w.org\/{rel}","templated":true}]}}