{"id":5288,"date":"2021-03-19T03:17:45","date_gmt":"2021-03-19T03:17:45","guid":{"rendered":"https:\/\/www.lojadeequipamentos.com.br\/loja\/?post_type=product&#038;p=5288"},"modified":"2021-07-18T20:14:40","modified_gmt":"2021-07-18T20:14:40","slug":"placa-compactadora-pvm10-4t-6-5hp-matsuyama","status":"publish","type":"product","link":"https:\/\/www.lojadeequipamentos.com.br\/loja\/produto\/placa-compactadora-pvm10-4t-6-5hp-matsuyama\/","title":{"rendered":"Placa Compactadora PVM10 4T 6.5hp \/ Matsuyama"},"content":{"rendered":"<p><strong>Placa Compactadora PVM10 4T 6.5hp \/ Matsuyama<\/strong><\/p>\n<p>C\u00f3digo: 437298<br \/>\nTipo: Monocil\u00edndrico<br \/>\nFrequ\u00eancia: 5600 VPN<br \/>\nProfundidade de compacta\u00e7\u00e3o: 20 cm<br \/>\nVelocidade de deslocamento: 40 cm\/s<br \/>\nEfici\u00eancia: 450 m2\/h<br \/>\nTamanho da placa: 500 X 360 mm<br \/>\nMaterial da placa: A\u00e7o<br \/>\nFor\u00e7a de impacto: 10.5 kN \/ 1072 kg<br \/>\nGolpe M\u00e1ximo: 1 cm<br \/>\nPercuss\u00f5es por minuto: 5600<br \/>\nAltura do salto: 0.5 mm<br \/>\nSistema de revers\u00e3o: N\u00e3o<br \/>\nReservat\u00f3rio de \u00e1gua: N\u00e3o<br \/>\nCombust\u00edvel: Gasolina<br \/>\nCapacidade do tanque: 3.6 L<br \/>\nConsumo m\u00e9dio: 1.2 L\/Hora<br \/>\nSistema de partida: Manual<br \/>\nN\u00edvel de ru\u00eddo: 70 Db(A) (7M)<br \/>\nDimens\u00f5es: 750 X 380 X 580 mm<br \/>\nPeso l\u00edquido: 60 kg<br \/>\nPot\u00eancia: 6.5 HP<br \/>\nCilindradas: 196 CC<br \/>\nRota\u00e7\u00e3o m\u00e1xima: 3600 rpm<br \/>\nFiltro de ar: Banhado a \u00f3leo<br \/>\nQuantidade de \u00f3leo lubrificante: 0.6 L<br \/>\nTipo de \u00f3leo: SAE 20W-50<br \/>\nSensor de \u00f3leo: Sim<br \/>\nGarantia:<br \/>\n<strong>FAVOR ENTRAR EM CONTATO PARA COTA\u00c7\u00c3O DE FRETE<\/strong><\/p>\n<p><a href=\"https:\/\/api.whatsapp.com\/send?phone=5521964144201\"><img loading=\"lazy\" decoding=\"async\" class=\"alignnone size-full wp-image-4307\" src=\"http:\/\/www.lojadeequipamentos.com.br\/loja\/wp-content\/uploads\/2020\/08\/botao_whatsapp.png\" alt=\"botao_whatsapp\" width=\"226\" height=\"82\" \/><\/a><\/p>\n","protected":false},"excerpt":{"rendered":"<strong>Placa Compactadora PVM10 4T 6.5hp \/ Matsuyama<\/strong>","protected":false},"featured_media":6371,"comment_status":"open","ping_status":"closed","template":"","meta":{"_links_to":"","_links_to_target":""},"product_brand":[],"product_cat":[4802],"product_tag":[5663,5658,5666,5675,5647,5676,5664,5665,5674,5659,5646,5672,5673],"class_list":{"0":"post-5288","1":"product","2":"type-product","3":"status-publish","4":"has-post-thumbnail","6":"product_cat-construcao","7":"product_tag-196cc-placa-compactadora","8":"product_tag-296cc-placa-compactadora","9":"product_tag-3600rpm-placa-compactadora","10":"product_tag-5600vpn-placa-compactadora","11":"product_tag-gasolina-placa-compactadora","12":"product_tag-manual-placa-compactadora","13":"product_tag-placa-compactadora-196cc","14":"product_tag-placa-compactadora-3600rpm","15":"product_tag-placa-compactadora-5600vpn","16":"product_tag-placa-compactadora-6-5hp","17":"product_tag-placa-compactadora-gasolina","18":"product_tag-placa-compactadora-pvm10-4t-6-5hp","19":"product_tag-placa-compactadora-pvm10-4t-6-5hp-matsuyama","21":"first","22":"instock","23":"shipping-taxable","24":"product-type-simple"},"yoast_head":"<!-- This site is optimized with the Yoast SEO plugin v27.3 - https:\/\/yoast.com\/product\/yoast-seo-wordpress\/ -->\n<title>Placa Compactadora PVM10 4T 6.5hp \/ Matsuyama - Loja de Equipamentos<\/title>\n<meta name=\"description\" content=\"Placa Compactadora PVM10 4T 6.5hp \/ Matsuyama R$:\" \/>\n<meta name=\"robots\" content=\"index, follow, max-snippet:-1, max-image-preview:large, max-video-preview:-1\" \/>\n<link rel=\"canonical\" href=\"https:\/\/www.lojadeequipamentos.com.br\/loja\/produto\/placa-compactadora-pvm10-4t-6-5hp-matsuyama\/\" \/>\n<meta property=\"og:locale\" content=\"pt_BR\" \/>\n<meta property=\"og:type\" content=\"article\" \/>\n<meta property=\"og:title\" content=\"Placa Compactadora PVM10 4T 6.5hp \/ Matsuyama - Loja de Equipamentos\" \/>\n<meta property=\"og:description\" content=\"Placa Compactadora PVM10 4T 6.5hp \/ Matsuyama R$:\" \/>\n<meta property=\"og:url\" content=\"https:\/\/www.lojadeequipamentos.com.br\/loja\/produto\/placa-compactadora-pvm10-4t-6-5hp-matsuyama\/\" \/>\n<meta property=\"og:site_name\" content=\"Loja de Equipamentos\" \/>\n<meta property=\"article:modified_time\" content=\"2021-07-18T20:14:40+00:00\" \/>\n<meta property=\"og:image\" content=\"https:\/\/www.lojadeequipamentos.com.br\/loja\/wp-content\/uploads\/2021\/03\/placa-compactadora.png\" \/>\n\t<meta property=\"og:image:width\" content=\"291\" \/>\n\t<meta property=\"og:image:height\" content=\"347\" \/>\n\t<meta property=\"og:image:type\" content=\"image\/png\" \/>\n<meta name=\"twitter:card\" content=\"summary_large_image\" \/>\n<meta name=\"twitter:label1\" content=\"Est. tempo de leitura\" \/>\n\t<meta name=\"twitter:data1\" content=\"1 minuto\" \/>\n<script type=\"application\/ld+json\" class=\"yoast-schema-graph\">{\"@context\":\"https:\\\/\\\/schema.org\",\"@graph\":[{\"@type\":\"WebPage\",\"@id\":\"https:\\\/\\\/www.lojadeequipamentos.com.br\\\/loja\\\/produto\\\/placa-compactadora-pvm10-4t-6-5hp-matsuyama\\\/\",\"url\":\"https:\\\/\\\/www.lojadeequipamentos.com.br\\\/loja\\\/produto\\\/placa-compactadora-pvm10-4t-6-5hp-matsuyama\\\/\",\"name\":\"Placa Compactadora PVM10 4T 6.5hp \\\/ Matsuyama - Loja de Equipamentos\",\"isPartOf\":{\"@id\":\"https:\\\/\\\/www.lojadeequipamentos.com.br\\\/loja\\\/#website\"},\"primaryImageOfPage\":{\"@id\":\"https:\\\/\\\/www.lojadeequipamentos.com.br\\\/loja\\\/produto\\\/placa-compactadora-pvm10-4t-6-5hp-matsuyama\\\/#primaryimage\"},\"image\":{\"@id\":\"https:\\\/\\\/www.lojadeequipamentos.com.br\\\/loja\\\/produto\\\/placa-compactadora-pvm10-4t-6-5hp-matsuyama\\\/#primaryimage\"},\"thumbnailUrl\":\"https:\\\/\\\/www.lojadeequipamentos.com.br\\\/loja\\\/wp-content\\\/uploads\\\/2021\\\/03\\\/placa-compactadora.png\",\"datePublished\":\"2021-03-19T03:17:45+00:00\",\"dateModified\":\"2021-07-18T20:14:40+00:00\",\"description\":\"Placa Compactadora PVM10 4T 6.5hp \\\/ Matsuyama R$:\",\"breadcrumb\":{\"@id\":\"https:\\\/\\\/www.lojadeequipamentos.com.br\\\/loja\\\/produto\\\/placa-compactadora-pvm10-4t-6-5hp-matsuyama\\\/#breadcrumb\"},\"inLanguage\":\"pt-BR\",\"potentialAction\":[{\"@type\":\"ReadAction\",\"target\":[\"https:\\\/\\\/www.lojadeequipamentos.com.br\\\/loja\\\/produto\\\/placa-compactadora-pvm10-4t-6-5hp-matsuyama\\\/\"]}]},{\"@type\":\"ImageObject\",\"inLanguage\":\"pt-BR\",\"@id\":\"https:\\\/\\\/www.lojadeequipamentos.com.br\\\/loja\\\/produto\\\/placa-compactadora-pvm10-4t-6-5hp-matsuyama\\\/#primaryimage\",\"url\":\"https:\\\/\\\/www.lojadeequipamentos.com.br\\\/loja\\\/wp-content\\\/uploads\\\/2021\\\/03\\\/placa-compactadora.png\",\"contentUrl\":\"https:\\\/\\\/www.lojadeequipamentos.com.br\\\/loja\\\/wp-content\\\/uploads\\\/2021\\\/03\\\/placa-compactadora.png\",\"width\":291,\"height\":347},{\"@type\":\"BreadcrumbList\",\"@id\":\"https:\\\/\\\/www.lojadeequipamentos.com.br\\\/loja\\\/produto\\\/placa-compactadora-pvm10-4t-6-5hp-matsuyama\\\/#breadcrumb\",\"itemListElement\":[{\"@type\":\"ListItem\",\"position\":1,\"name\":\"In\u00edcio\",\"item\":\"https:\\\/\\\/www.lojadeequipamentos.com.br\\\/loja\\\/\"},{\"@type\":\"ListItem\",\"position\":2,\"name\":\"Loja Virtual\",\"item\":\"https:\\\/\\\/www.lojadeequipamentos.com.br\\\/loja\\\/shop\\\/\"},{\"@type\":\"ListItem\",\"position\":3,\"name\":\"Placa Compactadora PVM10 4T 6.5hp \\\/ Matsuyama\"}]},{\"@type\":\"WebSite\",\"@id\":\"https:\\\/\\\/www.lojadeequipamentos.com.br\\\/loja\\\/#website\",\"url\":\"https:\\\/\\\/www.lojadeequipamentos.com.br\\\/loja\\\/\",\"name\":\"Loja de Equipamentos\",\"description\":\"\",\"potentialAction\":[{\"@type\":\"SearchAction\",\"target\":{\"@type\":\"EntryPoint\",\"urlTemplate\":\"https:\\\/\\\/www.lojadeequipamentos.com.br\\\/loja\\\/?s={search_term_string}\"},\"query-input\":{\"@type\":\"PropertyValueSpecification\",\"valueRequired\":true,\"valueName\":\"search_term_string\"}}],\"inLanguage\":\"pt-BR\"}]}<\/script>\n<!-- \/ Yoast SEO plugin. -->","yoast_head_json":{"title":"Placa Compactadora PVM10 4T 6.5hp \/ Matsuyama - Loja de Equipamentos","description":"Placa Compactadora PVM10 4T 6.5hp \/ Matsuyama R$:","robots":{"index":"index","follow":"follow","max-snippet":"max-snippet:-1","max-image-preview":"max-image-preview:large","max-video-preview":"max-video-preview:-1"},"canonical":"https:\/\/www.lojadeequipamentos.com.br\/loja\/produto\/placa-compactadora-pvm10-4t-6-5hp-matsuyama\/","og_locale":"pt_BR","og_type":"article","og_title":"Placa Compactadora PVM10 4T 6.5hp \/ Matsuyama - Loja de Equipamentos","og_description":"Placa Compactadora PVM10 4T 6.5hp \/ Matsuyama R$:","og_url":"https:\/\/www.lojadeequipamentos.com.br\/loja\/produto\/placa-compactadora-pvm10-4t-6-5hp-matsuyama\/","og_site_name":"Loja de Equipamentos","article_modified_time":"2021-07-18T20:14:40+00:00","og_image":[{"width":291,"height":347,"url":"https:\/\/www.lojadeequipamentos.com.br\/loja\/wp-content\/uploads\/2021\/03\/placa-compactadora.png","type":"image\/png"}],"twitter_card":"summary_large_image","twitter_misc":{"Est. tempo de leitura":"1 minuto"},"schema":{"@context":"https:\/\/schema.org","@graph":[{"@type":"WebPage","@id":"https:\/\/www.lojadeequipamentos.com.br\/loja\/produto\/placa-compactadora-pvm10-4t-6-5hp-matsuyama\/","url":"https:\/\/www.lojadeequipamentos.com.br\/loja\/produto\/placa-compactadora-pvm10-4t-6-5hp-matsuyama\/","name":"Placa Compactadora PVM10 4T 6.5hp \/ Matsuyama - Loja de Equipamentos","isPartOf":{"@id":"https:\/\/www.lojadeequipamentos.com.br\/loja\/#website"},"primaryImageOfPage":{"@id":"https:\/\/www.lojadeequipamentos.com.br\/loja\/produto\/placa-compactadora-pvm10-4t-6-5hp-matsuyama\/#primaryimage"},"image":{"@id":"https:\/\/www.lojadeequipamentos.com.br\/loja\/produto\/placa-compactadora-pvm10-4t-6-5hp-matsuyama\/#primaryimage"},"thumbnailUrl":"https:\/\/www.lojadeequipamentos.com.br\/loja\/wp-content\/uploads\/2021\/03\/placa-compactadora.png","datePublished":"2021-03-19T03:17:45+00:00","dateModified":"2021-07-18T20:14:40+00:00","description":"Placa Compactadora PVM10 4T 6.5hp \/ Matsuyama R$:","breadcrumb":{"@id":"https:\/\/www.lojadeequipamentos.com.br\/loja\/produto\/placa-compactadora-pvm10-4t-6-5hp-matsuyama\/#breadcrumb"},"inLanguage":"pt-BR","potentialAction":[{"@type":"ReadAction","target":["https:\/\/www.lojadeequipamentos.com.br\/loja\/produto\/placa-compactadora-pvm10-4t-6-5hp-matsuyama\/"]}]},{"@type":"ImageObject","inLanguage":"pt-BR","@id":"https:\/\/www.lojadeequipamentos.com.br\/loja\/produto\/placa-compactadora-pvm10-4t-6-5hp-matsuyama\/#primaryimage","url":"https:\/\/www.lojadeequipamentos.com.br\/loja\/wp-content\/uploads\/2021\/03\/placa-compactadora.png","contentUrl":"https:\/\/www.lojadeequipamentos.com.br\/loja\/wp-content\/uploads\/2021\/03\/placa-compactadora.png","width":291,"height":347},{"@type":"BreadcrumbList","@id":"https:\/\/www.lojadeequipamentos.com.br\/loja\/produto\/placa-compactadora-pvm10-4t-6-5hp-matsuyama\/#breadcrumb","itemListElement":[{"@type":"ListItem","position":1,"name":"In\u00edcio","item":"https:\/\/www.lojadeequipamentos.com.br\/loja\/"},{"@type":"ListItem","position":2,"name":"Loja Virtual","item":"https:\/\/www.lojadeequipamentos.com.br\/loja\/shop\/"},{"@type":"ListItem","position":3,"name":"Placa Compactadora PVM10 4T 6.5hp \/ Matsuyama"}]},{"@type":"WebSite","@id":"https:\/\/www.lojadeequipamentos.com.br\/loja\/#website","url":"https:\/\/www.lojadeequipamentos.com.br\/loja\/","name":"Loja de Equipamentos","description":"","potentialAction":[{"@type":"SearchAction","target":{"@type":"EntryPoint","urlTemplate":"https:\/\/www.lojadeequipamentos.com.br\/loja\/?s={search_term_string}"},"query-input":{"@type":"PropertyValueSpecification","valueRequired":true,"valueName":"search_term_string"}}],"inLanguage":"pt-BR"}]}},"_links":{"self":[{"href":"https:\/\/www.lojadeequipamentos.com.br\/loja\/wp-json\/wp\/v2\/product\/5288","targetHints":{"allow":["GET"]}}],"collection":[{"href":"https:\/\/www.lojadeequipamentos.com.br\/loja\/wp-json\/wp\/v2\/product"}],"about":[{"href":"https:\/\/www.lojadeequipamentos.com.br\/loja\/wp-json\/wp\/v2\/types\/product"}],"replies":[{"embeddable":true,"href":"https:\/\/www.lojadeequipamentos.com.br\/loja\/wp-json\/wp\/v2\/comments?post=5288"}],"wp:featuredmedia":[{"embeddable":true,"href":"https:\/\/www.lojadeequipamentos.com.br\/loja\/wp-json\/wp\/v2\/media\/6371"}],"wp:attachment":[{"href":"https:\/\/www.lojadeequipamentos.com.br\/loja\/wp-json\/wp\/v2\/media?parent=5288"}],"wp:term":[{"taxonomy":"product_brand","embeddable":true,"href":"https:\/\/www.lojadeequipamentos.com.br\/loja\/wp-json\/wp\/v2\/product_brand?post=5288"},{"taxonomy":"product_cat","embeddable":true,"href":"https:\/\/www.lojadeequipamentos.com.br\/loja\/wp-json\/wp\/v2\/product_cat?post=5288"},{"taxonomy":"product_tag","embeddable":true,"href":"https:\/\/www.lojadeequipamentos.com.br\/loja\/wp-json\/wp\/v2\/product_tag?post=5288"}],"curies":[{"name":"wp","href":"https:\/\/api.w.org\/{rel}","templated":true}]}}