{"id":5283,"date":"2021-03-19T02:52:35","date_gmt":"2021-03-19T02:52:35","guid":{"rendered":"https:\/\/www.lojadeequipamentos.com.br\/loja\/?post_type=product&#038;p=5283"},"modified":"2021-07-18T19:59:51","modified_gmt":"2021-07-18T19:59:51","slug":"vibrador-de-concreto-portatil-matsuyama","status":"publish","type":"product","link":"https:\/\/www.lojadeequipamentos.com.br\/loja\/produto\/vibrador-de-concreto-portatil-matsuyama\/","title":{"rendered":"Vibrador de Concreto Port\u00e1til 3.5a \/ Matsuyama"},"content":{"rendered":"<p><strong>Vibrador de Concreto Port\u00e1til \/ Matsuyama<\/strong><\/p>\n<p>C\u00f3digo: 964743<br \/>\nTens\u00e3o de sa\u00edda: 220 V~<br \/>\nPot\u00eancia: 750 W<br \/>\nFrequ\u00eancia: 60 Hz<br \/>\nCorrente m\u00e1xima: 3.5 A<br \/>\nN\u00famero de vibra\u00e7\u00f5es por minuto: 5.600 vpm<br \/>\nAmplitude da vibra\u00e7\u00e3o: 0,91 mm<br \/>\nRota\u00e7\u00e3o do motor: 5.600 rpm<br \/>\nComprimento do mangote: 1.4 m<br \/>\nComprimento da cabe\u00e7a do mangote: 340 mm<br \/>\nDi\u00e2metro da cabe\u00e7a do mangote: 35 mm<br \/>\nGarantia:<\/p>\n<p><strong>FAVOR ENTRAR EM CONTATO PARA COTA\u00c7\u00c3O DE FRETE<\/strong><\/p>\n<p><a href=\"https:\/\/api.whatsapp.com\/send?phone=5521964144201\"><img loading=\"lazy\" decoding=\"async\" class=\"alignnone size-full wp-image-4307\" src=\"http:\/\/www.lojadeequipamentos.com.br\/loja\/wp-content\/uploads\/2020\/08\/botao_whatsapp.png\" alt=\"botao_whatsapp\" width=\"226\" height=\"82\" \/><\/a><\/p>\n","protected":false},"excerpt":{"rendered":"<strong>Vibrador de Concreto Port\u00e1til \/ Matsuyama<\/strong>","protected":false},"featured_media":6363,"comment_status":"open","ping_status":"closed","template":"","meta":{"_links_to":"","_links_to_target":""},"product_brand":[],"product_cat":[4802],"product_tag":[5728,5725,5727,5723,5690,5680,5714,5721,5720,5724,5726,5722],"class_list":{"0":"post-5283","1":"product","2":"type-product","3":"status-publish","4":"has-post-thumbnail","6":"product_cat-construcao","7":"product_tag-220v-vibrador-de-concreto-portatil","8":"product_tag-5600rpm-vibrador-de-concreto-portatil","9":"product_tag-5600vpm-vibrador-de-concreto-portatil","10":"product_tag-750w-vibrador-de-concreto-portatil","11":"product_tag-construcao-civil","12":"product_tag-construcao-civil-matsuyama","13":"product_tag-vibrador-de-concreto-portatil-220v","14":"product_tag-vibrador-de-concreto-portatil-3-5a","15":"product_tag-vibrador-de-concreto-portatil-3-5a-matsuyama","16":"product_tag-vibrador-de-concreto-portatil-5600rpm","17":"product_tag-vibrador-de-concreto-portatil-5600vpm","18":"product_tag-vibrador-de-concreto-portatil-750w","20":"first","21":"instock","22":"shipping-taxable","23":"product-type-simple"},"yoast_head":"<!-- This site is optimized with the Yoast SEO plugin v27.3 - https:\/\/yoast.com\/product\/yoast-seo-wordpress\/ -->\n<title>Vibrador de Concreto Port\u00e1til 3.5a \/ Matsuyama - Loja de Equipamentos<\/title>\n<meta name=\"description\" content=\"Vibrador de Concreto Port\u00e1til \/ Matsuyama R$:\" \/>\n<meta name=\"robots\" content=\"index, follow, max-snippet:-1, max-image-preview:large, max-video-preview:-1\" \/>\n<link rel=\"canonical\" href=\"https:\/\/www.lojadeequipamentos.com.br\/loja\/produto\/vibrador-de-concreto-portatil-matsuyama\/\" \/>\n<meta property=\"og:locale\" content=\"pt_BR\" \/>\n<meta property=\"og:type\" content=\"article\" \/>\n<meta property=\"og:title\" content=\"Vibrador de Concreto Port\u00e1til 3.5a \/ Matsuyama - Loja de Equipamentos\" \/>\n<meta property=\"og:description\" content=\"Vibrador de Concreto Port\u00e1til \/ Matsuyama R$:\" \/>\n<meta property=\"og:url\" content=\"https:\/\/www.lojadeequipamentos.com.br\/loja\/produto\/vibrador-de-concreto-portatil-matsuyama\/\" \/>\n<meta property=\"og:site_name\" content=\"Loja de Equipamentos\" \/>\n<meta property=\"article:modified_time\" content=\"2021-07-18T19:59:51+00:00\" \/>\n<meta property=\"og:image\" content=\"https:\/\/www.lojadeequipamentos.com.br\/loja\/wp-content\/uploads\/2021\/03\/vibrador-de-concreto.jpg\" \/>\n\t<meta property=\"og:image:width\" content=\"438\" \/>\n\t<meta property=\"og:image:height\" content=\"463\" \/>\n\t<meta property=\"og:image:type\" content=\"image\/jpeg\" \/>\n<meta name=\"twitter:card\" content=\"summary_large_image\" \/>\n<script type=\"application\/ld+json\" class=\"yoast-schema-graph\">{\"@context\":\"https:\\\/\\\/schema.org\",\"@graph\":[{\"@type\":\"WebPage\",\"@id\":\"https:\\\/\\\/www.lojadeequipamentos.com.br\\\/loja\\\/produto\\\/vibrador-de-concreto-portatil-matsuyama\\\/\",\"url\":\"https:\\\/\\\/www.lojadeequipamentos.com.br\\\/loja\\\/produto\\\/vibrador-de-concreto-portatil-matsuyama\\\/\",\"name\":\"Vibrador de Concreto Port\u00e1til 3.5a \\\/ Matsuyama - Loja de Equipamentos\",\"isPartOf\":{\"@id\":\"https:\\\/\\\/www.lojadeequipamentos.com.br\\\/loja\\\/#website\"},\"primaryImageOfPage\":{\"@id\":\"https:\\\/\\\/www.lojadeequipamentos.com.br\\\/loja\\\/produto\\\/vibrador-de-concreto-portatil-matsuyama\\\/#primaryimage\"},\"image\":{\"@id\":\"https:\\\/\\\/www.lojadeequipamentos.com.br\\\/loja\\\/produto\\\/vibrador-de-concreto-portatil-matsuyama\\\/#primaryimage\"},\"thumbnailUrl\":\"https:\\\/\\\/www.lojadeequipamentos.com.br\\\/loja\\\/wp-content\\\/uploads\\\/2021\\\/03\\\/vibrador-de-concreto.jpg\",\"datePublished\":\"2021-03-19T02:52:35+00:00\",\"dateModified\":\"2021-07-18T19:59:51+00:00\",\"description\":\"Vibrador de Concreto Port\u00e1til \\\/ Matsuyama R$:\",\"breadcrumb\":{\"@id\":\"https:\\\/\\\/www.lojadeequipamentos.com.br\\\/loja\\\/produto\\\/vibrador-de-concreto-portatil-matsuyama\\\/#breadcrumb\"},\"inLanguage\":\"pt-BR\",\"potentialAction\":[{\"@type\":\"ReadAction\",\"target\":[\"https:\\\/\\\/www.lojadeequipamentos.com.br\\\/loja\\\/produto\\\/vibrador-de-concreto-portatil-matsuyama\\\/\"]}]},{\"@type\":\"ImageObject\",\"inLanguage\":\"pt-BR\",\"@id\":\"https:\\\/\\\/www.lojadeequipamentos.com.br\\\/loja\\\/produto\\\/vibrador-de-concreto-portatil-matsuyama\\\/#primaryimage\",\"url\":\"https:\\\/\\\/www.lojadeequipamentos.com.br\\\/loja\\\/wp-content\\\/uploads\\\/2021\\\/03\\\/vibrador-de-concreto.jpg\",\"contentUrl\":\"https:\\\/\\\/www.lojadeequipamentos.com.br\\\/loja\\\/wp-content\\\/uploads\\\/2021\\\/03\\\/vibrador-de-concreto.jpg\",\"width\":438,\"height\":463},{\"@type\":\"BreadcrumbList\",\"@id\":\"https:\\\/\\\/www.lojadeequipamentos.com.br\\\/loja\\\/produto\\\/vibrador-de-concreto-portatil-matsuyama\\\/#breadcrumb\",\"itemListElement\":[{\"@type\":\"ListItem\",\"position\":1,\"name\":\"In\u00edcio\",\"item\":\"https:\\\/\\\/www.lojadeequipamentos.com.br\\\/loja\\\/\"},{\"@type\":\"ListItem\",\"position\":2,\"name\":\"Loja Virtual\",\"item\":\"https:\\\/\\\/www.lojadeequipamentos.com.br\\\/loja\\\/shop\\\/\"},{\"@type\":\"ListItem\",\"position\":3,\"name\":\"Vibrador de Concreto Port\u00e1til 3.5a \\\/ Matsuyama\"}]},{\"@type\":\"WebSite\",\"@id\":\"https:\\\/\\\/www.lojadeequipamentos.com.br\\\/loja\\\/#website\",\"url\":\"https:\\\/\\\/www.lojadeequipamentos.com.br\\\/loja\\\/\",\"name\":\"Loja de Equipamentos\",\"description\":\"\",\"potentialAction\":[{\"@type\":\"SearchAction\",\"target\":{\"@type\":\"EntryPoint\",\"urlTemplate\":\"https:\\\/\\\/www.lojadeequipamentos.com.br\\\/loja\\\/?s={search_term_string}\"},\"query-input\":{\"@type\":\"PropertyValueSpecification\",\"valueRequired\":true,\"valueName\":\"search_term_string\"}}],\"inLanguage\":\"pt-BR\"}]}<\/script>\n<!-- \/ Yoast SEO plugin. -->","yoast_head_json":{"title":"Vibrador de Concreto Port\u00e1til 3.5a \/ Matsuyama - Loja de Equipamentos","description":"Vibrador de Concreto Port\u00e1til \/ Matsuyama R$:","robots":{"index":"index","follow":"follow","max-snippet":"max-snippet:-1","max-image-preview":"max-image-preview:large","max-video-preview":"max-video-preview:-1"},"canonical":"https:\/\/www.lojadeequipamentos.com.br\/loja\/produto\/vibrador-de-concreto-portatil-matsuyama\/","og_locale":"pt_BR","og_type":"article","og_title":"Vibrador de Concreto Port\u00e1til 3.5a \/ Matsuyama - Loja de Equipamentos","og_description":"Vibrador de Concreto Port\u00e1til \/ Matsuyama R$:","og_url":"https:\/\/www.lojadeequipamentos.com.br\/loja\/produto\/vibrador-de-concreto-portatil-matsuyama\/","og_site_name":"Loja de Equipamentos","article_modified_time":"2021-07-18T19:59:51+00:00","og_image":[{"width":438,"height":463,"url":"https:\/\/www.lojadeequipamentos.com.br\/loja\/wp-content\/uploads\/2021\/03\/vibrador-de-concreto.jpg","type":"image\/jpeg"}],"twitter_card":"summary_large_image","schema":{"@context":"https:\/\/schema.org","@graph":[{"@type":"WebPage","@id":"https:\/\/www.lojadeequipamentos.com.br\/loja\/produto\/vibrador-de-concreto-portatil-matsuyama\/","url":"https:\/\/www.lojadeequipamentos.com.br\/loja\/produto\/vibrador-de-concreto-portatil-matsuyama\/","name":"Vibrador de Concreto Port\u00e1til 3.5a \/ Matsuyama - Loja de Equipamentos","isPartOf":{"@id":"https:\/\/www.lojadeequipamentos.com.br\/loja\/#website"},"primaryImageOfPage":{"@id":"https:\/\/www.lojadeequipamentos.com.br\/loja\/produto\/vibrador-de-concreto-portatil-matsuyama\/#primaryimage"},"image":{"@id":"https:\/\/www.lojadeequipamentos.com.br\/loja\/produto\/vibrador-de-concreto-portatil-matsuyama\/#primaryimage"},"thumbnailUrl":"https:\/\/www.lojadeequipamentos.com.br\/loja\/wp-content\/uploads\/2021\/03\/vibrador-de-concreto.jpg","datePublished":"2021-03-19T02:52:35+00:00","dateModified":"2021-07-18T19:59:51+00:00","description":"Vibrador de Concreto Port\u00e1til \/ Matsuyama R$:","breadcrumb":{"@id":"https:\/\/www.lojadeequipamentos.com.br\/loja\/produto\/vibrador-de-concreto-portatil-matsuyama\/#breadcrumb"},"inLanguage":"pt-BR","potentialAction":[{"@type":"ReadAction","target":["https:\/\/www.lojadeequipamentos.com.br\/loja\/produto\/vibrador-de-concreto-portatil-matsuyama\/"]}]},{"@type":"ImageObject","inLanguage":"pt-BR","@id":"https:\/\/www.lojadeequipamentos.com.br\/loja\/produto\/vibrador-de-concreto-portatil-matsuyama\/#primaryimage","url":"https:\/\/www.lojadeequipamentos.com.br\/loja\/wp-content\/uploads\/2021\/03\/vibrador-de-concreto.jpg","contentUrl":"https:\/\/www.lojadeequipamentos.com.br\/loja\/wp-content\/uploads\/2021\/03\/vibrador-de-concreto.jpg","width":438,"height":463},{"@type":"BreadcrumbList","@id":"https:\/\/www.lojadeequipamentos.com.br\/loja\/produto\/vibrador-de-concreto-portatil-matsuyama\/#breadcrumb","itemListElement":[{"@type":"ListItem","position":1,"name":"In\u00edcio","item":"https:\/\/www.lojadeequipamentos.com.br\/loja\/"},{"@type":"ListItem","position":2,"name":"Loja Virtual","item":"https:\/\/www.lojadeequipamentos.com.br\/loja\/shop\/"},{"@type":"ListItem","position":3,"name":"Vibrador de Concreto Port\u00e1til 3.5a \/ Matsuyama"}]},{"@type":"WebSite","@id":"https:\/\/www.lojadeequipamentos.com.br\/loja\/#website","url":"https:\/\/www.lojadeequipamentos.com.br\/loja\/","name":"Loja de Equipamentos","description":"","potentialAction":[{"@type":"SearchAction","target":{"@type":"EntryPoint","urlTemplate":"https:\/\/www.lojadeequipamentos.com.br\/loja\/?s={search_term_string}"},"query-input":{"@type":"PropertyValueSpecification","valueRequired":true,"valueName":"search_term_string"}}],"inLanguage":"pt-BR"}]}},"_links":{"self":[{"href":"https:\/\/www.lojadeequipamentos.com.br\/loja\/wp-json\/wp\/v2\/product\/5283","targetHints":{"allow":["GET"]}}],"collection":[{"href":"https:\/\/www.lojadeequipamentos.com.br\/loja\/wp-json\/wp\/v2\/product"}],"about":[{"href":"https:\/\/www.lojadeequipamentos.com.br\/loja\/wp-json\/wp\/v2\/types\/product"}],"replies":[{"embeddable":true,"href":"https:\/\/www.lojadeequipamentos.com.br\/loja\/wp-json\/wp\/v2\/comments?post=5283"}],"wp:featuredmedia":[{"embeddable":true,"href":"https:\/\/www.lojadeequipamentos.com.br\/loja\/wp-json\/wp\/v2\/media\/6363"}],"wp:attachment":[{"href":"https:\/\/www.lojadeequipamentos.com.br\/loja\/wp-json\/wp\/v2\/media?parent=5283"}],"wp:term":[{"taxonomy":"product_brand","embeddable":true,"href":"https:\/\/www.lojadeequipamentos.com.br\/loja\/wp-json\/wp\/v2\/product_brand?post=5283"},{"taxonomy":"product_cat","embeddable":true,"href":"https:\/\/www.lojadeequipamentos.com.br\/loja\/wp-json\/wp\/v2\/product_cat?post=5283"},{"taxonomy":"product_tag","embeddable":true,"href":"https:\/\/www.lojadeequipamentos.com.br\/loja\/wp-json\/wp\/v2\/product_tag?post=5283"}],"curies":[{"name":"wp","href":"https:\/\/api.w.org\/{rel}","templated":true}]}}