{"id":5262,"date":"2021-03-18T23:53:00","date_gmt":"2021-03-18T23:53:00","guid":{"rendered":"https:\/\/www.lojadeequipamentos.com.br\/loja\/?post_type=product&#038;p=5262"},"modified":"2021-09-28T10:41:50","modified_gmt":"2021-09-28T10:41:50","slug":"atomatizador-costal-gas-matsuyama","status":"publish","type":"product","link":"https:\/\/www.lojadeequipamentos.com.br\/loja\/produto\/atomatizador-costal-gas-matsuyama\/","title":{"rendered":"Atomatizador Costal 20L 41,5cc Gas. \/ Matsuyama"},"content":{"rendered":"<p><strong>Atomatizador Costal 20L 41,5cc Gas. \/ Matsuyama<\/strong><\/p>\n<p>C\u00f3digo: 933120<br \/>\nPot\u00eancia: 2,9 HP<br \/>\nCilindradas: 41,5 CC<br \/>\nVelocidade do motor: 7500 - 8000 r\/Min<br \/>\nCombust\u00edvel: gasolina + \u00d3leo 2 tempos Mistura de combust\u00edvel 25:1<br \/>\nFor\u00e7a especificada: 2,13 \/ 7500 kW \/ R\/Min<br \/>\nSistema de igni\u00e7\u00e3o: C.D.I<br \/>\nModo de iniciar: Partida de ressalto<br \/>\nModo de parar: Fechando totalmente o acelerador<br \/>\nSpray: &gt;4 Kg\/min<br \/>\nPoeira: &gt;6 Kg\/min<br \/>\nCapacidade de reservat\u00f3rio: 20L<br \/>\nAlcance: 12 m<br \/>\nVelocidade de sa\u00edda: 40 m\/s<br \/>\nDi\u00e2metro m\u00e9dio das got\u00edculas: &gt;120 pm<br \/>\nVaz\u00e3o: 12 L\/min<br \/>\nComposi\u00e7\u00e3o: Polietileno, polipropileno, poliam- ida e alum\u00ednio<br \/>\nDimens\u00f5es: 500mm x 420mm x 735 mm<br \/>\nPeso: 121 Kg<\/p>\n<p><strong>FAVOR ENTRAR EM CONTATO PARA COTA\u00c7\u00c3O DE FRETE<\/strong><\/p>\n<p><a href=\"https:\/\/api.whatsapp.com\/send?phone=5521964144201\"><img loading=\"lazy\" decoding=\"async\" class=\"alignnone size-full wp-image-4307\" src=\"http:\/\/www.lojadeequipamentos.com.br\/loja\/wp-content\/uploads\/2020\/08\/botao_whatsapp.png\" alt=\"botao_whatsapp\" width=\"226\" height=\"82\" \/><\/a><\/p>\n","protected":false},"excerpt":{"rendered":"<strong>Atomatizador Costal 20L 41,5cc Gas. \/ Matsuyama<\/strong>","protected":false},"featured_media":6346,"comment_status":"open","ping_status":"closed","template":"","meta":{"_links_to":"","_links_to_target":""},"product_brand":[],"product_cat":[4765],"product_tag":[7147,7151,7150,7148,7399,7149],"class_list":{"0":"post-5262","1":"product","2":"type-product","3":"status-publish","4":"has-post-thumbnail","6":"product_cat-atomizador","7":"product_tag-atomatizador-costal","8":"product_tag-atomatizador-costal-41-cc","9":"product_tag-atomatizador-costal-gasolina-matsuyama","10":"product_tag-atomatizador-costal-matsuyama","11":"product_tag-atomizador-costal-20l","12":"product_tag-matsuyama-atomatizador-costal","14":"first","15":"instock","16":"shipping-taxable","17":"purchasable","18":"product-type-simple"},"yoast_head":"<!-- This site is optimized with the Yoast SEO plugin v27.3 - https:\/\/yoast.com\/product\/yoast-seo-wordpress\/ -->\n<title>Atomatizador Costal 20L 41,5cc Gas. \/ Matsuyama - Loja de Equipamentos<\/title>\n<meta name=\"description\" content=\"Atomatizador Costal 20L 41,5 cc Gas. \/ Matsuyama R$ 972,00\" \/>\n<meta name=\"robots\" content=\"index, follow, max-snippet:-1, max-image-preview:large, max-video-preview:-1\" \/>\n<link rel=\"canonical\" href=\"https:\/\/www.lojadeequipamentos.com.br\/loja\/produto\/atomatizador-costal-gas-matsuyama\/\" \/>\n<meta property=\"og:locale\" content=\"pt_BR\" \/>\n<meta property=\"og:type\" content=\"article\" \/>\n<meta property=\"og:title\" content=\"Atomatizador Costal 20L 41,5cc Gas. \/ Matsuyama - Loja de Equipamentos\" \/>\n<meta property=\"og:description\" content=\"Atomatizador Costal 20L 41,5 cc Gas. \/ Matsuyama R$ 972,00\" \/>\n<meta property=\"og:url\" content=\"https:\/\/www.lojadeequipamentos.com.br\/loja\/produto\/atomatizador-costal-gas-matsuyama\/\" \/>\n<meta property=\"og:site_name\" content=\"Loja de Equipamentos\" \/>\n<meta property=\"article:modified_time\" content=\"2021-09-28T10:41:50+00:00\" \/>\n<meta property=\"og:image\" content=\"https:\/\/www.lojadeequipamentos.com.br\/loja\/wp-content\/uploads\/2021\/03\/atomatizador.png\" \/>\n\t<meta property=\"og:image:width\" content=\"201\" \/>\n\t<meta property=\"og:image:height\" content=\"333\" \/>\n\t<meta property=\"og:image:type\" content=\"image\/png\" \/>\n<meta name=\"twitter:card\" content=\"summary_large_image\" \/>\n<meta name=\"twitter:label1\" content=\"Est. tempo de leitura\" \/>\n\t<meta name=\"twitter:data1\" content=\"1 minuto\" \/>\n<script type=\"application\/ld+json\" class=\"yoast-schema-graph\">{\"@context\":\"https:\\\/\\\/schema.org\",\"@graph\":[{\"@type\":\"WebPage\",\"@id\":\"https:\\\/\\\/www.lojadeequipamentos.com.br\\\/loja\\\/produto\\\/atomatizador-costal-gas-matsuyama\\\/\",\"url\":\"https:\\\/\\\/www.lojadeequipamentos.com.br\\\/loja\\\/produto\\\/atomatizador-costal-gas-matsuyama\\\/\",\"name\":\"Atomatizador Costal 20L 41,5cc Gas. \\\/ Matsuyama - Loja de Equipamentos\",\"isPartOf\":{\"@id\":\"https:\\\/\\\/www.lojadeequipamentos.com.br\\\/loja\\\/#website\"},\"primaryImageOfPage\":{\"@id\":\"https:\\\/\\\/www.lojadeequipamentos.com.br\\\/loja\\\/produto\\\/atomatizador-costal-gas-matsuyama\\\/#primaryimage\"},\"image\":{\"@id\":\"https:\\\/\\\/www.lojadeequipamentos.com.br\\\/loja\\\/produto\\\/atomatizador-costal-gas-matsuyama\\\/#primaryimage\"},\"thumbnailUrl\":\"https:\\\/\\\/www.lojadeequipamentos.com.br\\\/loja\\\/wp-content\\\/uploads\\\/2021\\\/03\\\/atomatizador.png\",\"datePublished\":\"2021-03-18T23:53:00+00:00\",\"dateModified\":\"2021-09-28T10:41:50+00:00\",\"description\":\"Atomatizador Costal 20L 41,5 cc Gas. \\\/ Matsuyama R$ 972,00\",\"breadcrumb\":{\"@id\":\"https:\\\/\\\/www.lojadeequipamentos.com.br\\\/loja\\\/produto\\\/atomatizador-costal-gas-matsuyama\\\/#breadcrumb\"},\"inLanguage\":\"pt-BR\",\"potentialAction\":[{\"@type\":\"ReadAction\",\"target\":[\"https:\\\/\\\/www.lojadeequipamentos.com.br\\\/loja\\\/produto\\\/atomatizador-costal-gas-matsuyama\\\/\"]}]},{\"@type\":\"ImageObject\",\"inLanguage\":\"pt-BR\",\"@id\":\"https:\\\/\\\/www.lojadeequipamentos.com.br\\\/loja\\\/produto\\\/atomatizador-costal-gas-matsuyama\\\/#primaryimage\",\"url\":\"https:\\\/\\\/www.lojadeequipamentos.com.br\\\/loja\\\/wp-content\\\/uploads\\\/2021\\\/03\\\/atomatizador.png\",\"contentUrl\":\"https:\\\/\\\/www.lojadeequipamentos.com.br\\\/loja\\\/wp-content\\\/uploads\\\/2021\\\/03\\\/atomatizador.png\",\"width\":201,\"height\":333},{\"@type\":\"BreadcrumbList\",\"@id\":\"https:\\\/\\\/www.lojadeequipamentos.com.br\\\/loja\\\/produto\\\/atomatizador-costal-gas-matsuyama\\\/#breadcrumb\",\"itemListElement\":[{\"@type\":\"ListItem\",\"position\":1,\"name\":\"In\u00edcio\",\"item\":\"https:\\\/\\\/www.lojadeequipamentos.com.br\\\/loja\\\/\"},{\"@type\":\"ListItem\",\"position\":2,\"name\":\"Loja Virtual\",\"item\":\"https:\\\/\\\/www.lojadeequipamentos.com.br\\\/loja\\\/shop\\\/\"},{\"@type\":\"ListItem\",\"position\":3,\"name\":\"Atomatizador Costal 20L 41,5cc Gas. \\\/ Matsuyama\"}]},{\"@type\":\"WebSite\",\"@id\":\"https:\\\/\\\/www.lojadeequipamentos.com.br\\\/loja\\\/#website\",\"url\":\"https:\\\/\\\/www.lojadeequipamentos.com.br\\\/loja\\\/\",\"name\":\"Loja de Equipamentos\",\"description\":\"\",\"potentialAction\":[{\"@type\":\"SearchAction\",\"target\":{\"@type\":\"EntryPoint\",\"urlTemplate\":\"https:\\\/\\\/www.lojadeequipamentos.com.br\\\/loja\\\/?s={search_term_string}\"},\"query-input\":{\"@type\":\"PropertyValueSpecification\",\"valueRequired\":true,\"valueName\":\"search_term_string\"}}],\"inLanguage\":\"pt-BR\"}]}<\/script>\n<!-- \/ Yoast SEO plugin. -->","yoast_head_json":{"title":"Atomatizador Costal 20L 41,5cc Gas. \/ Matsuyama - Loja de Equipamentos","description":"Atomatizador Costal 20L 41,5 cc Gas. \/ Matsuyama R$ 972,00","robots":{"index":"index","follow":"follow","max-snippet":"max-snippet:-1","max-image-preview":"max-image-preview:large","max-video-preview":"max-video-preview:-1"},"canonical":"https:\/\/www.lojadeequipamentos.com.br\/loja\/produto\/atomatizador-costal-gas-matsuyama\/","og_locale":"pt_BR","og_type":"article","og_title":"Atomatizador Costal 20L 41,5cc Gas. \/ Matsuyama - Loja de Equipamentos","og_description":"Atomatizador Costal 20L 41,5 cc Gas. \/ Matsuyama R$ 972,00","og_url":"https:\/\/www.lojadeequipamentos.com.br\/loja\/produto\/atomatizador-costal-gas-matsuyama\/","og_site_name":"Loja de Equipamentos","article_modified_time":"2021-09-28T10:41:50+00:00","og_image":[{"width":201,"height":333,"url":"https:\/\/www.lojadeequipamentos.com.br\/loja\/wp-content\/uploads\/2021\/03\/atomatizador.png","type":"image\/png"}],"twitter_card":"summary_large_image","twitter_misc":{"Est. tempo de leitura":"1 minuto"},"schema":{"@context":"https:\/\/schema.org","@graph":[{"@type":"WebPage","@id":"https:\/\/www.lojadeequipamentos.com.br\/loja\/produto\/atomatizador-costal-gas-matsuyama\/","url":"https:\/\/www.lojadeequipamentos.com.br\/loja\/produto\/atomatizador-costal-gas-matsuyama\/","name":"Atomatizador Costal 20L 41,5cc Gas. \/ Matsuyama - Loja de Equipamentos","isPartOf":{"@id":"https:\/\/www.lojadeequipamentos.com.br\/loja\/#website"},"primaryImageOfPage":{"@id":"https:\/\/www.lojadeequipamentos.com.br\/loja\/produto\/atomatizador-costal-gas-matsuyama\/#primaryimage"},"image":{"@id":"https:\/\/www.lojadeequipamentos.com.br\/loja\/produto\/atomatizador-costal-gas-matsuyama\/#primaryimage"},"thumbnailUrl":"https:\/\/www.lojadeequipamentos.com.br\/loja\/wp-content\/uploads\/2021\/03\/atomatizador.png","datePublished":"2021-03-18T23:53:00+00:00","dateModified":"2021-09-28T10:41:50+00:00","description":"Atomatizador Costal 20L 41,5 cc Gas. \/ Matsuyama R$ 972,00","breadcrumb":{"@id":"https:\/\/www.lojadeequipamentos.com.br\/loja\/produto\/atomatizador-costal-gas-matsuyama\/#breadcrumb"},"inLanguage":"pt-BR","potentialAction":[{"@type":"ReadAction","target":["https:\/\/www.lojadeequipamentos.com.br\/loja\/produto\/atomatizador-costal-gas-matsuyama\/"]}]},{"@type":"ImageObject","inLanguage":"pt-BR","@id":"https:\/\/www.lojadeequipamentos.com.br\/loja\/produto\/atomatizador-costal-gas-matsuyama\/#primaryimage","url":"https:\/\/www.lojadeequipamentos.com.br\/loja\/wp-content\/uploads\/2021\/03\/atomatizador.png","contentUrl":"https:\/\/www.lojadeequipamentos.com.br\/loja\/wp-content\/uploads\/2021\/03\/atomatizador.png","width":201,"height":333},{"@type":"BreadcrumbList","@id":"https:\/\/www.lojadeequipamentos.com.br\/loja\/produto\/atomatizador-costal-gas-matsuyama\/#breadcrumb","itemListElement":[{"@type":"ListItem","position":1,"name":"In\u00edcio","item":"https:\/\/www.lojadeequipamentos.com.br\/loja\/"},{"@type":"ListItem","position":2,"name":"Loja Virtual","item":"https:\/\/www.lojadeequipamentos.com.br\/loja\/shop\/"},{"@type":"ListItem","position":3,"name":"Atomatizador Costal 20L 41,5cc Gas. \/ Matsuyama"}]},{"@type":"WebSite","@id":"https:\/\/www.lojadeequipamentos.com.br\/loja\/#website","url":"https:\/\/www.lojadeequipamentos.com.br\/loja\/","name":"Loja de Equipamentos","description":"","potentialAction":[{"@type":"SearchAction","target":{"@type":"EntryPoint","urlTemplate":"https:\/\/www.lojadeequipamentos.com.br\/loja\/?s={search_term_string}"},"query-input":{"@type":"PropertyValueSpecification","valueRequired":true,"valueName":"search_term_string"}}],"inLanguage":"pt-BR"}]}},"_links":{"self":[{"href":"https:\/\/www.lojadeequipamentos.com.br\/loja\/wp-json\/wp\/v2\/product\/5262","targetHints":{"allow":["GET"]}}],"collection":[{"href":"https:\/\/www.lojadeequipamentos.com.br\/loja\/wp-json\/wp\/v2\/product"}],"about":[{"href":"https:\/\/www.lojadeequipamentos.com.br\/loja\/wp-json\/wp\/v2\/types\/product"}],"replies":[{"embeddable":true,"href":"https:\/\/www.lojadeequipamentos.com.br\/loja\/wp-json\/wp\/v2\/comments?post=5262"}],"wp:featuredmedia":[{"embeddable":true,"href":"https:\/\/www.lojadeequipamentos.com.br\/loja\/wp-json\/wp\/v2\/media\/6346"}],"wp:attachment":[{"href":"https:\/\/www.lojadeequipamentos.com.br\/loja\/wp-json\/wp\/v2\/media?parent=5262"}],"wp:term":[{"taxonomy":"product_brand","embeddable":true,"href":"https:\/\/www.lojadeequipamentos.com.br\/loja\/wp-json\/wp\/v2\/product_brand?post=5262"},{"taxonomy":"product_cat","embeddable":true,"href":"https:\/\/www.lojadeequipamentos.com.br\/loja\/wp-json\/wp\/v2\/product_cat?post=5262"},{"taxonomy":"product_tag","embeddable":true,"href":"https:\/\/www.lojadeequipamentos.com.br\/loja\/wp-json\/wp\/v2\/product_tag?post=5262"}],"curies":[{"name":"wp","href":"https:\/\/api.w.org\/{rel}","templated":true}]}}