{"id":5252,"date":"2021-03-18T22:24:57","date_gmt":"2021-03-18T22:24:57","guid":{"rendered":"https:\/\/www.lojadeequipamentos.com.br\/loja\/?post_type=product&#038;p=5252"},"modified":"2021-07-16T18:17:31","modified_gmt":"2021-07-16T18:17:31","slug":"rocadeira-750-2t-1-02hp-matsuyama","status":"publish","type":"product","link":"https:\/\/www.lojadeequipamentos.com.br\/loja\/produto\/rocadeira-750-2t-1-02hp-matsuyama\/","title":{"rendered":"Ro\u00e7adeira 2T 1.02HP \/ Matsuyama"},"content":{"rendered":"<p><strong>Ro\u00e7adeira 2T 1.02HP \/ Matsuyama<\/strong><\/p>\n<p>C\u00f3digo: 360384<br \/>\nDi\u00e2metro da l\u00e2mina de corte: 255mm<br \/>\nEspessura da l\u00e2mina: 1,4 mm<br \/>\nFuro da l\u00e2mina: 25,4 mm<br \/>\nRota\u00e7\u00e3o - acionamento da embreagem: 4100\/4300 rpm<br \/>\nRela\u00e7\u00e3o da embreagem: 17:22<br \/>\n\u00c2ngulo da embreagem: 120\u00b0<br \/>\nSistema de igni\u00e7\u00e3o: C.D.I<br \/>\nSistema de partida: Manual<br \/>\nCombust\u00edvel: gasolina + \u00f3leo 2 tempos<br \/>\nMistura de combust\u00edvel: (25:1)<br \/>\nTipo de \u00f3leo: SAE 20W-40 para motores 2 tempos<br \/>\nCapacidade do tanque: 1,3 L<br \/>\nConsumo m\u00e9dio: 0,76 L\/H<br \/>\nN\u00edvel de ru\u00eddo: 98 Db(A) (7M)<br \/>\nPot\u00eancia: 1.02 HP<br \/>\nTipo de motor: 2 Tempos<br \/>\nRefrigera\u00e7\u00e3o: Ar<br \/>\nCilindradas: 24.4 CC<br \/>\nDi\u00e2metro do cilindro: 38 x 28 mm<br \/>\nRota\u00e7\u00e3o m\u00e1xima: 11000 (lamina) 8000 (cabecote) RPM<br \/>\nRota\u00e7\u00e3o cont\u00ednua (lenta): 2600\/3000 rpm<br \/>\nCarburador: Diafragma<br \/>\nDimens\u00f5es: 1795 x 230 x 260 x 105 mm<br \/>\nPeso l\u00edquido: 6.55 Kg<br \/>\nGarantia:<\/p>\n<p><strong>FAVOR ENTRAR EM CONTATO PARA COTA\u00c7\u00c3O DE FRETE<\/strong><\/p>\n<p><a href=\"https:\/\/api.whatsapp.com\/send?phone=5521964144201\"><img loading=\"lazy\" decoding=\"async\" class=\"alignnone size-full wp-image-4307\" src=\"http:\/\/www.lojadeequipamentos.com.br\/loja\/wp-content\/uploads\/2020\/08\/botao_whatsapp.png\" alt=\"botao_whatsapp\" width=\"226\" height=\"82\" \/><\/a><\/p>\n","protected":false},"excerpt":{"rendered":"<strong>Ro\u00e7adeira 2T 1.02HP \/ Matsuyama<\/strong>","protected":false},"featured_media":6334,"comment_status":"open","ping_status":"closed","template":"","meta":{"_links_to":"","_links_to_target":""},"product_brand":[],"product_cat":[4761],"product_tag":[5751,5750,5754,5755,5752,5749,5756,5748,5747,5757,5753,5745],"class_list":{"0":"post-5252","1":"product","2":"type-product","3":"status-publish","4":"has-post-thumbnail","6":"product_cat-rocadeira","7":"product_tag-1-02hp-matsuyama-rocadeira","8":"product_tag-1-02hp-rocadeira","9":"product_tag-4100rpm-rocadeira","10":"product_tag-4300rpm-rocadeira","11":"product_tag-manual-rocadeira","12":"product_tag-rocadeira-1-02hp","13":"product_tag-rocadeira-2t","14":"product_tag-rocadeira-2t-1-02hp","15":"product_tag-rocadeira-2t-1-02hp-matsuyama","16":"product_tag-rocadeira-2t-matsuyama","17":"product_tag-rocadeira-4100rpm","18":"product_tag-rocadeira-manual","20":"first","21":"instock","22":"shipping-taxable","23":"product-type-simple"},"yoast_head":"<!-- This site is optimized with the Yoast SEO plugin v27.3 - https:\/\/yoast.com\/product\/yoast-seo-wordpress\/ -->\n<title>Ro\u00e7adeira 2T 1.02HP \/ Matsuyama - Loja de Equipamentos<\/title>\n<meta name=\"description\" content=\"Ro\u00e7adeira 2T 1.02HP \/ Matsuyama R$:\" \/>\n<meta name=\"robots\" content=\"index, follow, max-snippet:-1, max-image-preview:large, max-video-preview:-1\" \/>\n<link rel=\"canonical\" href=\"https:\/\/www.lojadeequipamentos.com.br\/loja\/produto\/rocadeira-750-2t-1-02hp-matsuyama\/\" \/>\n<meta property=\"og:locale\" content=\"pt_BR\" \/>\n<meta property=\"og:type\" content=\"article\" \/>\n<meta property=\"og:title\" content=\"Ro\u00e7adeira 2T 1.02HP \/ Matsuyama - Loja de Equipamentos\" \/>\n<meta property=\"og:description\" content=\"Ro\u00e7adeira 2T 1.02HP \/ Matsuyama R$:\" \/>\n<meta property=\"og:url\" content=\"https:\/\/www.lojadeequipamentos.com.br\/loja\/produto\/rocadeira-750-2t-1-02hp-matsuyama\/\" \/>\n<meta property=\"og:site_name\" content=\"Loja de Equipamentos\" \/>\n<meta property=\"article:modified_time\" content=\"2021-07-16T18:17:31+00:00\" \/>\n<meta property=\"og:image\" content=\"https:\/\/www.lojadeequipamentos.com.br\/loja\/wp-content\/uploads\/2021\/03\/rocacdeira-2t.png\" \/>\n\t<meta property=\"og:image:width\" content=\"201\" \/>\n\t<meta property=\"og:image:height\" content=\"497\" \/>\n\t<meta property=\"og:image:type\" content=\"image\/png\" \/>\n<meta name=\"twitter:card\" content=\"summary_large_image\" \/>\n<meta name=\"twitter:label1\" content=\"Est. tempo de leitura\" \/>\n\t<meta name=\"twitter:data1\" content=\"1 minuto\" \/>\n<script type=\"application\/ld+json\" class=\"yoast-schema-graph\">{\"@context\":\"https:\\\/\\\/schema.org\",\"@graph\":[{\"@type\":\"WebPage\",\"@id\":\"https:\\\/\\\/www.lojadeequipamentos.com.br\\\/loja\\\/produto\\\/rocadeira-750-2t-1-02hp-matsuyama\\\/\",\"url\":\"https:\\\/\\\/www.lojadeequipamentos.com.br\\\/loja\\\/produto\\\/rocadeira-750-2t-1-02hp-matsuyama\\\/\",\"name\":\"Ro\u00e7adeira 2T 1.02HP \\\/ Matsuyama - Loja de Equipamentos\",\"isPartOf\":{\"@id\":\"https:\\\/\\\/www.lojadeequipamentos.com.br\\\/loja\\\/#website\"},\"primaryImageOfPage\":{\"@id\":\"https:\\\/\\\/www.lojadeequipamentos.com.br\\\/loja\\\/produto\\\/rocadeira-750-2t-1-02hp-matsuyama\\\/#primaryimage\"},\"image\":{\"@id\":\"https:\\\/\\\/www.lojadeequipamentos.com.br\\\/loja\\\/produto\\\/rocadeira-750-2t-1-02hp-matsuyama\\\/#primaryimage\"},\"thumbnailUrl\":\"https:\\\/\\\/www.lojadeequipamentos.com.br\\\/loja\\\/wp-content\\\/uploads\\\/2021\\\/03\\\/rocacdeira-2t.png\",\"datePublished\":\"2021-03-18T22:24:57+00:00\",\"dateModified\":\"2021-07-16T18:17:31+00:00\",\"description\":\"Ro\u00e7adeira 2T 1.02HP \\\/ Matsuyama R$:\",\"breadcrumb\":{\"@id\":\"https:\\\/\\\/www.lojadeequipamentos.com.br\\\/loja\\\/produto\\\/rocadeira-750-2t-1-02hp-matsuyama\\\/#breadcrumb\"},\"inLanguage\":\"pt-BR\",\"potentialAction\":[{\"@type\":\"ReadAction\",\"target\":[\"https:\\\/\\\/www.lojadeequipamentos.com.br\\\/loja\\\/produto\\\/rocadeira-750-2t-1-02hp-matsuyama\\\/\"]}]},{\"@type\":\"ImageObject\",\"inLanguage\":\"pt-BR\",\"@id\":\"https:\\\/\\\/www.lojadeequipamentos.com.br\\\/loja\\\/produto\\\/rocadeira-750-2t-1-02hp-matsuyama\\\/#primaryimage\",\"url\":\"https:\\\/\\\/www.lojadeequipamentos.com.br\\\/loja\\\/wp-content\\\/uploads\\\/2021\\\/03\\\/rocacdeira-2t.png\",\"contentUrl\":\"https:\\\/\\\/www.lojadeequipamentos.com.br\\\/loja\\\/wp-content\\\/uploads\\\/2021\\\/03\\\/rocacdeira-2t.png\",\"width\":201,\"height\":497},{\"@type\":\"BreadcrumbList\",\"@id\":\"https:\\\/\\\/www.lojadeequipamentos.com.br\\\/loja\\\/produto\\\/rocadeira-750-2t-1-02hp-matsuyama\\\/#breadcrumb\",\"itemListElement\":[{\"@type\":\"ListItem\",\"position\":1,\"name\":\"In\u00edcio\",\"item\":\"https:\\\/\\\/www.lojadeequipamentos.com.br\\\/loja\\\/\"},{\"@type\":\"ListItem\",\"position\":2,\"name\":\"Loja Virtual\",\"item\":\"https:\\\/\\\/www.lojadeequipamentos.com.br\\\/loja\\\/shop\\\/\"},{\"@type\":\"ListItem\",\"position\":3,\"name\":\"Ro\u00e7adeira 2T 1.02HP \\\/ Matsuyama\"}]},{\"@type\":\"WebSite\",\"@id\":\"https:\\\/\\\/www.lojadeequipamentos.com.br\\\/loja\\\/#website\",\"url\":\"https:\\\/\\\/www.lojadeequipamentos.com.br\\\/loja\\\/\",\"name\":\"Loja de Equipamentos\",\"description\":\"\",\"potentialAction\":[{\"@type\":\"SearchAction\",\"target\":{\"@type\":\"EntryPoint\",\"urlTemplate\":\"https:\\\/\\\/www.lojadeequipamentos.com.br\\\/loja\\\/?s={search_term_string}\"},\"query-input\":{\"@type\":\"PropertyValueSpecification\",\"valueRequired\":true,\"valueName\":\"search_term_string\"}}],\"inLanguage\":\"pt-BR\"}]}<\/script>\n<!-- \/ Yoast SEO plugin. -->","yoast_head_json":{"title":"Ro\u00e7adeira 2T 1.02HP \/ Matsuyama - Loja de Equipamentos","description":"Ro\u00e7adeira 2T 1.02HP \/ Matsuyama R$:","robots":{"index":"index","follow":"follow","max-snippet":"max-snippet:-1","max-image-preview":"max-image-preview:large","max-video-preview":"max-video-preview:-1"},"canonical":"https:\/\/www.lojadeequipamentos.com.br\/loja\/produto\/rocadeira-750-2t-1-02hp-matsuyama\/","og_locale":"pt_BR","og_type":"article","og_title":"Ro\u00e7adeira 2T 1.02HP \/ Matsuyama - Loja de Equipamentos","og_description":"Ro\u00e7adeira 2T 1.02HP \/ Matsuyama R$:","og_url":"https:\/\/www.lojadeequipamentos.com.br\/loja\/produto\/rocadeira-750-2t-1-02hp-matsuyama\/","og_site_name":"Loja de Equipamentos","article_modified_time":"2021-07-16T18:17:31+00:00","og_image":[{"width":201,"height":497,"url":"https:\/\/www.lojadeequipamentos.com.br\/loja\/wp-content\/uploads\/2021\/03\/rocacdeira-2t.png","type":"image\/png"}],"twitter_card":"summary_large_image","twitter_misc":{"Est. tempo de leitura":"1 minuto"},"schema":{"@context":"https:\/\/schema.org","@graph":[{"@type":"WebPage","@id":"https:\/\/www.lojadeequipamentos.com.br\/loja\/produto\/rocadeira-750-2t-1-02hp-matsuyama\/","url":"https:\/\/www.lojadeequipamentos.com.br\/loja\/produto\/rocadeira-750-2t-1-02hp-matsuyama\/","name":"Ro\u00e7adeira 2T 1.02HP \/ Matsuyama - Loja de Equipamentos","isPartOf":{"@id":"https:\/\/www.lojadeequipamentos.com.br\/loja\/#website"},"primaryImageOfPage":{"@id":"https:\/\/www.lojadeequipamentos.com.br\/loja\/produto\/rocadeira-750-2t-1-02hp-matsuyama\/#primaryimage"},"image":{"@id":"https:\/\/www.lojadeequipamentos.com.br\/loja\/produto\/rocadeira-750-2t-1-02hp-matsuyama\/#primaryimage"},"thumbnailUrl":"https:\/\/www.lojadeequipamentos.com.br\/loja\/wp-content\/uploads\/2021\/03\/rocacdeira-2t.png","datePublished":"2021-03-18T22:24:57+00:00","dateModified":"2021-07-16T18:17:31+00:00","description":"Ro\u00e7adeira 2T 1.02HP \/ Matsuyama R$:","breadcrumb":{"@id":"https:\/\/www.lojadeequipamentos.com.br\/loja\/produto\/rocadeira-750-2t-1-02hp-matsuyama\/#breadcrumb"},"inLanguage":"pt-BR","potentialAction":[{"@type":"ReadAction","target":["https:\/\/www.lojadeequipamentos.com.br\/loja\/produto\/rocadeira-750-2t-1-02hp-matsuyama\/"]}]},{"@type":"ImageObject","inLanguage":"pt-BR","@id":"https:\/\/www.lojadeequipamentos.com.br\/loja\/produto\/rocadeira-750-2t-1-02hp-matsuyama\/#primaryimage","url":"https:\/\/www.lojadeequipamentos.com.br\/loja\/wp-content\/uploads\/2021\/03\/rocacdeira-2t.png","contentUrl":"https:\/\/www.lojadeequipamentos.com.br\/loja\/wp-content\/uploads\/2021\/03\/rocacdeira-2t.png","width":201,"height":497},{"@type":"BreadcrumbList","@id":"https:\/\/www.lojadeequipamentos.com.br\/loja\/produto\/rocadeira-750-2t-1-02hp-matsuyama\/#breadcrumb","itemListElement":[{"@type":"ListItem","position":1,"name":"In\u00edcio","item":"https:\/\/www.lojadeequipamentos.com.br\/loja\/"},{"@type":"ListItem","position":2,"name":"Loja Virtual","item":"https:\/\/www.lojadeequipamentos.com.br\/loja\/shop\/"},{"@type":"ListItem","position":3,"name":"Ro\u00e7adeira 2T 1.02HP \/ Matsuyama"}]},{"@type":"WebSite","@id":"https:\/\/www.lojadeequipamentos.com.br\/loja\/#website","url":"https:\/\/www.lojadeequipamentos.com.br\/loja\/","name":"Loja de Equipamentos","description":"","potentialAction":[{"@type":"SearchAction","target":{"@type":"EntryPoint","urlTemplate":"https:\/\/www.lojadeequipamentos.com.br\/loja\/?s={search_term_string}"},"query-input":{"@type":"PropertyValueSpecification","valueRequired":true,"valueName":"search_term_string"}}],"inLanguage":"pt-BR"}]}},"_links":{"self":[{"href":"https:\/\/www.lojadeequipamentos.com.br\/loja\/wp-json\/wp\/v2\/product\/5252","targetHints":{"allow":["GET"]}}],"collection":[{"href":"https:\/\/www.lojadeequipamentos.com.br\/loja\/wp-json\/wp\/v2\/product"}],"about":[{"href":"https:\/\/www.lojadeequipamentos.com.br\/loja\/wp-json\/wp\/v2\/types\/product"}],"replies":[{"embeddable":true,"href":"https:\/\/www.lojadeequipamentos.com.br\/loja\/wp-json\/wp\/v2\/comments?post=5252"}],"wp:featuredmedia":[{"embeddable":true,"href":"https:\/\/www.lojadeequipamentos.com.br\/loja\/wp-json\/wp\/v2\/media\/6334"}],"wp:attachment":[{"href":"https:\/\/www.lojadeequipamentos.com.br\/loja\/wp-json\/wp\/v2\/media?parent=5252"}],"wp:term":[{"taxonomy":"product_brand","embeddable":true,"href":"https:\/\/www.lojadeequipamentos.com.br\/loja\/wp-json\/wp\/v2\/product_brand?post=5252"},{"taxonomy":"product_cat","embeddable":true,"href":"https:\/\/www.lojadeequipamentos.com.br\/loja\/wp-json\/wp\/v2\/product_cat?post=5252"},{"taxonomy":"product_tag","embeddable":true,"href":"https:\/\/www.lojadeequipamentos.com.br\/loja\/wp-json\/wp\/v2\/product_tag?post=5252"}],"curies":[{"name":"wp","href":"https:\/\/api.w.org\/{rel}","templated":true}]}}