{"id":5226,"date":"2021-03-17T00:07:20","date_gmt":"2021-03-17T00:07:20","guid":{"rendered":"https:\/\/www.lojadeequipamentos.com.br\/loja\/?post_type=product&#038;p=5226"},"modified":"2021-07-15T16:14:06","modified_gmt":"2021-07-15T16:14:06","slug":"motor-horizontal-10hp-4t-diesel-matsuyama-2","status":"publish","type":"product","link":"https:\/\/www.lojadeequipamentos.com.br\/loja\/produto\/motor-horizontal-10hp-4t-diesel-matsuyama-2\/","title":{"rendered":"Motor-Horizontal-10HP 4T-Diesel\/Matsuyama"},"content":{"rendered":"<p><strong>Motor-Horizontal-7HP 4T-Diesel\/Matsuyama<\/strong><\/p>\n<p>C\u00f3digo: 228184<br \/>\nPot\u00eancia: 10 HP<br \/>\nRefrigera\u00e7\u00e3o: AR<br \/>\nCilindrada: 418cc<br \/>\nRota\u00e7\u00e3o M\u00e1xima: 3600 rpm<br \/>\nSistema de Partida: Manual\/El\u00e9trico<br \/>\nFiltro de Ar: Seco<br \/>\nCombust\u00edvel: Diesel<br \/>\nCapacidade do Tanque: 5.5L<br \/>\nConsumo do Combust\u00edvel: 2.2L\/P hora<br \/>\nQuantidade de \u00f3leo lubrificante: 1.6L<br \/>\nTipo do \u00d3leo: SAE 10W-30<br \/>\nSensor de \u00d3leo: n\u00e3o<br \/>\nDimens\u00f5es: 510 X 455 X 535 mm<br \/>\nPeso: 53 Kg<br \/>\nGarantia:<\/p>\n<p><strong>FAVOR ENTRAR EM CONTATO PARA COTA\u00c7\u00c3O DE FRETE<\/strong><\/p>\n<p><a href=\"https:\/\/api.whatsapp.com\/send?phone=5521964144201\"><img loading=\"lazy\" decoding=\"async\" class=\"alignnone size-full wp-image-4307\" src=\"http:\/\/www.lojadeequipamentos.com.br\/loja\/wp-content\/uploads\/2020\/08\/botao_whatsapp.png\" alt=\"botao_whatsapp\" width=\"226\" height=\"82\" \/><\/a><\/p>\n","protected":false},"excerpt":{"rendered":"<strong>Motor-Horizontal-10HP 4T-Diesel\/Matsuyama<\/strong>","protected":false},"featured_media":6328,"comment_status":"open","ping_status":"closed","template":"","meta":{"_links_to":"","_links_to_target":""},"product_brand":[],"product_cat":[3975],"product_tag":[5897,5891,5895,5885,5890,5894,5893,5896,5892],"class_list":{"0":"post-5226","1":"product","2":"type-product","3":"status-publish","4":"has-post-thumbnail","6":"product_cat-motor","7":"product_tag-10hp-418cc-motor-horizontal","8":"product_tag-10hp-motor-horizontal","9":"product_tag-418cc-motor-horizontal","10":"product_tag-diesel-motor-horizontal","11":"product_tag-motor-horizontal-10hp","12":"product_tag-motor-horizontal-418cc","13":"product_tag-motor-horizontal-manual","14":"product_tag-motor-horizontal-matsuyama-10hp","15":"product_tag-motor-horizontal-matsuyama-diesel","17":"first","18":"instock","19":"shipping-taxable","20":"product-type-simple"},"yoast_head":"<!-- This site is optimized with the Yoast SEO plugin v27.3 - https:\/\/yoast.com\/product\/yoast-seo-wordpress\/ -->\n<title>Motor-Horizontal-10HP 4T-Diesel\/Matsuyama - Loja de Equipamentos<\/title>\n<meta name=\"description\" content=\"Motor-Horizontal-10HP 4T-Diesel\/Matsuyama R$:\" \/>\n<meta name=\"robots\" content=\"index, follow, max-snippet:-1, max-image-preview:large, max-video-preview:-1\" \/>\n<link rel=\"canonical\" href=\"https:\/\/www.lojadeequipamentos.com.br\/loja\/produto\/motor-horizontal-10hp-4t-diesel-matsuyama-2\/\" \/>\n<meta property=\"og:locale\" content=\"pt_BR\" \/>\n<meta property=\"og:type\" content=\"article\" \/>\n<meta property=\"og:title\" content=\"Motor-Horizontal-10HP 4T-Diesel\/Matsuyama - Loja de Equipamentos\" \/>\n<meta property=\"og:description\" content=\"Motor-Horizontal-10HP 4T-Diesel\/Matsuyama R$:\" \/>\n<meta property=\"og:url\" content=\"https:\/\/www.lojadeequipamentos.com.br\/loja\/produto\/motor-horizontal-10hp-4t-diesel-matsuyama-2\/\" \/>\n<meta property=\"og:site_name\" content=\"Loja de Equipamentos\" \/>\n<meta property=\"article:modified_time\" content=\"2021-07-15T16:14:06+00:00\" \/>\n<meta property=\"og:image\" content=\"https:\/\/www.lojadeequipamentos.com.br\/loja\/wp-content\/uploads\/2021\/03\/horizontal-10-diesel.png\" \/>\n\t<meta property=\"og:image:width\" content=\"284\" \/>\n\t<meta property=\"og:image:height\" content=\"281\" \/>\n\t<meta property=\"og:image:type\" content=\"image\/png\" \/>\n<meta name=\"twitter:card\" content=\"summary_large_image\" \/>\n<script type=\"application\/ld+json\" class=\"yoast-schema-graph\">{\"@context\":\"https:\\\/\\\/schema.org\",\"@graph\":[{\"@type\":\"WebPage\",\"@id\":\"https:\\\/\\\/www.lojadeequipamentos.com.br\\\/loja\\\/produto\\\/motor-horizontal-10hp-4t-diesel-matsuyama-2\\\/\",\"url\":\"https:\\\/\\\/www.lojadeequipamentos.com.br\\\/loja\\\/produto\\\/motor-horizontal-10hp-4t-diesel-matsuyama-2\\\/\",\"name\":\"Motor-Horizontal-10HP 4T-Diesel\\\/Matsuyama - Loja de Equipamentos\",\"isPartOf\":{\"@id\":\"https:\\\/\\\/www.lojadeequipamentos.com.br\\\/loja\\\/#website\"},\"primaryImageOfPage\":{\"@id\":\"https:\\\/\\\/www.lojadeequipamentos.com.br\\\/loja\\\/produto\\\/motor-horizontal-10hp-4t-diesel-matsuyama-2\\\/#primaryimage\"},\"image\":{\"@id\":\"https:\\\/\\\/www.lojadeequipamentos.com.br\\\/loja\\\/produto\\\/motor-horizontal-10hp-4t-diesel-matsuyama-2\\\/#primaryimage\"},\"thumbnailUrl\":\"https:\\\/\\\/www.lojadeequipamentos.com.br\\\/loja\\\/wp-content\\\/uploads\\\/2021\\\/03\\\/horizontal-10-diesel.png\",\"datePublished\":\"2021-03-17T00:07:20+00:00\",\"dateModified\":\"2021-07-15T16:14:06+00:00\",\"description\":\"Motor-Horizontal-10HP 4T-Diesel\\\/Matsuyama R$:\",\"breadcrumb\":{\"@id\":\"https:\\\/\\\/www.lojadeequipamentos.com.br\\\/loja\\\/produto\\\/motor-horizontal-10hp-4t-diesel-matsuyama-2\\\/#breadcrumb\"},\"inLanguage\":\"pt-BR\",\"potentialAction\":[{\"@type\":\"ReadAction\",\"target\":[\"https:\\\/\\\/www.lojadeequipamentos.com.br\\\/loja\\\/produto\\\/motor-horizontal-10hp-4t-diesel-matsuyama-2\\\/\"]}]},{\"@type\":\"ImageObject\",\"inLanguage\":\"pt-BR\",\"@id\":\"https:\\\/\\\/www.lojadeequipamentos.com.br\\\/loja\\\/produto\\\/motor-horizontal-10hp-4t-diesel-matsuyama-2\\\/#primaryimage\",\"url\":\"https:\\\/\\\/www.lojadeequipamentos.com.br\\\/loja\\\/wp-content\\\/uploads\\\/2021\\\/03\\\/horizontal-10-diesel.png\",\"contentUrl\":\"https:\\\/\\\/www.lojadeequipamentos.com.br\\\/loja\\\/wp-content\\\/uploads\\\/2021\\\/03\\\/horizontal-10-diesel.png\",\"width\":284,\"height\":281},{\"@type\":\"BreadcrumbList\",\"@id\":\"https:\\\/\\\/www.lojadeequipamentos.com.br\\\/loja\\\/produto\\\/motor-horizontal-10hp-4t-diesel-matsuyama-2\\\/#breadcrumb\",\"itemListElement\":[{\"@type\":\"ListItem\",\"position\":1,\"name\":\"In\u00edcio\",\"item\":\"https:\\\/\\\/www.lojadeequipamentos.com.br\\\/loja\\\/\"},{\"@type\":\"ListItem\",\"position\":2,\"name\":\"Loja Virtual\",\"item\":\"https:\\\/\\\/www.lojadeequipamentos.com.br\\\/loja\\\/shop\\\/\"},{\"@type\":\"ListItem\",\"position\":3,\"name\":\"Motor-Horizontal-10HP 4T-Diesel\\\/Matsuyama\"}]},{\"@type\":\"WebSite\",\"@id\":\"https:\\\/\\\/www.lojadeequipamentos.com.br\\\/loja\\\/#website\",\"url\":\"https:\\\/\\\/www.lojadeequipamentos.com.br\\\/loja\\\/\",\"name\":\"Loja de Equipamentos\",\"description\":\"\",\"potentialAction\":[{\"@type\":\"SearchAction\",\"target\":{\"@type\":\"EntryPoint\",\"urlTemplate\":\"https:\\\/\\\/www.lojadeequipamentos.com.br\\\/loja\\\/?s={search_term_string}\"},\"query-input\":{\"@type\":\"PropertyValueSpecification\",\"valueRequired\":true,\"valueName\":\"search_term_string\"}}],\"inLanguage\":\"pt-BR\"}]}<\/script>\n<!-- \/ Yoast SEO plugin. -->","yoast_head_json":{"title":"Motor-Horizontal-10HP 4T-Diesel\/Matsuyama - Loja de Equipamentos","description":"Motor-Horizontal-10HP 4T-Diesel\/Matsuyama R$:","robots":{"index":"index","follow":"follow","max-snippet":"max-snippet:-1","max-image-preview":"max-image-preview:large","max-video-preview":"max-video-preview:-1"},"canonical":"https:\/\/www.lojadeequipamentos.com.br\/loja\/produto\/motor-horizontal-10hp-4t-diesel-matsuyama-2\/","og_locale":"pt_BR","og_type":"article","og_title":"Motor-Horizontal-10HP 4T-Diesel\/Matsuyama - Loja de Equipamentos","og_description":"Motor-Horizontal-10HP 4T-Diesel\/Matsuyama R$:","og_url":"https:\/\/www.lojadeequipamentos.com.br\/loja\/produto\/motor-horizontal-10hp-4t-diesel-matsuyama-2\/","og_site_name":"Loja de Equipamentos","article_modified_time":"2021-07-15T16:14:06+00:00","og_image":[{"width":284,"height":281,"url":"https:\/\/www.lojadeequipamentos.com.br\/loja\/wp-content\/uploads\/2021\/03\/horizontal-10-diesel.png","type":"image\/png"}],"twitter_card":"summary_large_image","schema":{"@context":"https:\/\/schema.org","@graph":[{"@type":"WebPage","@id":"https:\/\/www.lojadeequipamentos.com.br\/loja\/produto\/motor-horizontal-10hp-4t-diesel-matsuyama-2\/","url":"https:\/\/www.lojadeequipamentos.com.br\/loja\/produto\/motor-horizontal-10hp-4t-diesel-matsuyama-2\/","name":"Motor-Horizontal-10HP 4T-Diesel\/Matsuyama - Loja de Equipamentos","isPartOf":{"@id":"https:\/\/www.lojadeequipamentos.com.br\/loja\/#website"},"primaryImageOfPage":{"@id":"https:\/\/www.lojadeequipamentos.com.br\/loja\/produto\/motor-horizontal-10hp-4t-diesel-matsuyama-2\/#primaryimage"},"image":{"@id":"https:\/\/www.lojadeequipamentos.com.br\/loja\/produto\/motor-horizontal-10hp-4t-diesel-matsuyama-2\/#primaryimage"},"thumbnailUrl":"https:\/\/www.lojadeequipamentos.com.br\/loja\/wp-content\/uploads\/2021\/03\/horizontal-10-diesel.png","datePublished":"2021-03-17T00:07:20+00:00","dateModified":"2021-07-15T16:14:06+00:00","description":"Motor-Horizontal-10HP 4T-Diesel\/Matsuyama R$:","breadcrumb":{"@id":"https:\/\/www.lojadeequipamentos.com.br\/loja\/produto\/motor-horizontal-10hp-4t-diesel-matsuyama-2\/#breadcrumb"},"inLanguage":"pt-BR","potentialAction":[{"@type":"ReadAction","target":["https:\/\/www.lojadeequipamentos.com.br\/loja\/produto\/motor-horizontal-10hp-4t-diesel-matsuyama-2\/"]}]},{"@type":"ImageObject","inLanguage":"pt-BR","@id":"https:\/\/www.lojadeequipamentos.com.br\/loja\/produto\/motor-horizontal-10hp-4t-diesel-matsuyama-2\/#primaryimage","url":"https:\/\/www.lojadeequipamentos.com.br\/loja\/wp-content\/uploads\/2021\/03\/horizontal-10-diesel.png","contentUrl":"https:\/\/www.lojadeequipamentos.com.br\/loja\/wp-content\/uploads\/2021\/03\/horizontal-10-diesel.png","width":284,"height":281},{"@type":"BreadcrumbList","@id":"https:\/\/www.lojadeequipamentos.com.br\/loja\/produto\/motor-horizontal-10hp-4t-diesel-matsuyama-2\/#breadcrumb","itemListElement":[{"@type":"ListItem","position":1,"name":"In\u00edcio","item":"https:\/\/www.lojadeequipamentos.com.br\/loja\/"},{"@type":"ListItem","position":2,"name":"Loja Virtual","item":"https:\/\/www.lojadeequipamentos.com.br\/loja\/shop\/"},{"@type":"ListItem","position":3,"name":"Motor-Horizontal-10HP 4T-Diesel\/Matsuyama"}]},{"@type":"WebSite","@id":"https:\/\/www.lojadeequipamentos.com.br\/loja\/#website","url":"https:\/\/www.lojadeequipamentos.com.br\/loja\/","name":"Loja de Equipamentos","description":"","potentialAction":[{"@type":"SearchAction","target":{"@type":"EntryPoint","urlTemplate":"https:\/\/www.lojadeequipamentos.com.br\/loja\/?s={search_term_string}"},"query-input":{"@type":"PropertyValueSpecification","valueRequired":true,"valueName":"search_term_string"}}],"inLanguage":"pt-BR"}]}},"_links":{"self":[{"href":"https:\/\/www.lojadeequipamentos.com.br\/loja\/wp-json\/wp\/v2\/product\/5226","targetHints":{"allow":["GET"]}}],"collection":[{"href":"https:\/\/www.lojadeequipamentos.com.br\/loja\/wp-json\/wp\/v2\/product"}],"about":[{"href":"https:\/\/www.lojadeequipamentos.com.br\/loja\/wp-json\/wp\/v2\/types\/product"}],"replies":[{"embeddable":true,"href":"https:\/\/www.lojadeequipamentos.com.br\/loja\/wp-json\/wp\/v2\/comments?post=5226"}],"wp:featuredmedia":[{"embeddable":true,"href":"https:\/\/www.lojadeequipamentos.com.br\/loja\/wp-json\/wp\/v2\/media\/6328"}],"wp:attachment":[{"href":"https:\/\/www.lojadeequipamentos.com.br\/loja\/wp-json\/wp\/v2\/media?parent=5226"}],"wp:term":[{"taxonomy":"product_brand","embeddable":true,"href":"https:\/\/www.lojadeequipamentos.com.br\/loja\/wp-json\/wp\/v2\/product_brand?post=5226"},{"taxonomy":"product_cat","embeddable":true,"href":"https:\/\/www.lojadeequipamentos.com.br\/loja\/wp-json\/wp\/v2\/product_cat?post=5226"},{"taxonomy":"product_tag","embeddable":true,"href":"https:\/\/www.lojadeequipamentos.com.br\/loja\/wp-json\/wp\/v2\/product_tag?post=5226"}],"curies":[{"name":"wp","href":"https:\/\/api.w.org\/{rel}","templated":true}]}}