{"id":5213,"date":"2021-03-16T23:12:43","date_gmt":"2021-03-16T23:12:43","guid":{"rendered":"https:\/\/www.lojadeequipamentos.com.br\/loja\/?post_type=product&#038;p=5213"},"modified":"2021-07-12T20:31:58","modified_gmt":"2021-07-12T20:31:58","slug":"motor-horizontal-9hp-4t-gas-matsuyama-2","status":"publish","type":"product","link":"https:\/\/www.lojadeequipamentos.com.br\/loja\/produto\/motor-horizontal-9hp-4t-gas-matsuyama-2\/","title":{"rendered":"Motor-Horizontal-9HP 4T-Gas.\/Matsuyama"},"content":{"rendered":"<p><strong>Motor-Horizontal-9HP 4T-Gas.\/Matsuyama<\/strong><\/p>\n<p>C\u00f3digo: 374369<br \/>\nPot\u00eancia: 9 HP<br \/>\nRefrigera\u00e7\u00e3o: AR<br \/>\nCilindrada: 270cc<br \/>\nRota\u00e7\u00e3o M\u00e1xima: 3600 rpm<br \/>\nSistema de Partida: Manual\/El\u00e9trico<br \/>\nFiltro de Ar: Seco<br \/>\nCombust\u00edvel: Gasolina<br \/>\nCapacidade do Tanque: 6L<br \/>\nConsumo do Combust\u00edvel: 2.6L\/P hora<br \/>\nQuantidade de \u00f3leo lubrificante: 1.1L<br \/>\nTipo do \u00d3leo: SAE 20W-50<br \/>\nSensor de \u00d3leo: Sim<br \/>\nDimens\u00f5es: 500 X 405 X 450 mm<br \/>\nPeso: 28 Kg<br \/>\nGarantia:<\/p>\n<p><strong>FAVOR ENTRAR EM CONTATO PARA COTA\u00c7\u00c3O DE FRETE<\/strong><\/p>\n<p><a href=\"https:\/\/api.whatsapp.com\/send?phone=5521964144201\"><img loading=\"lazy\" decoding=\"async\" class=\"alignnone size-full wp-image-4307\" src=\"http:\/\/www.lojadeequipamentos.com.br\/loja\/wp-content\/uploads\/2020\/08\/botao_whatsapp.png\" alt=\"botao_whatsapp\" width=\"226\" height=\"82\" \/><\/a><\/p>\n","protected":false},"excerpt":{"rendered":"<strong>Motor-Horizontal-9HP 4T-Gas.\/Matsuyama<\/strong>","protected":false},"featured_media":6319,"comment_status":"open","ping_status":"closed","template":"","meta":{"_links_to":"","_links_to_target":""},"product_brand":[],"product_cat":[3975],"product_tag":[5931,5683,5929,5904,5912,5921,5887,3985,5682,5930,5928,5903,5911,5893,5886],"class_list":{"0":"post-5213","1":"product","2":"type-product","3":"status-publish","4":"has-post-thumbnail","6":"product_cat-motor","7":"product_tag-270cc-motor-horizontal","8":"product_tag-3600rpm-motor-horizontal","9":"product_tag-9hp-motor-horizontal","10":"product_tag-eletrico-motor-horizontal","11":"product_tag-gasolina-motor-horizontal","12":"product_tag-manual-motor-horizontal","13":"product_tag-matsuyama-motor-horizontal","14":"product_tag-motor-horizontal","15":"product_tag-motor-horizontal-3600rpm","16":"product_tag-motor-horizontal-270cc","17":"product_tag-motor-horizontal-9hp","18":"product_tag-motor-horizontal-eletrico","19":"product_tag-motor-horizontal-gasolina","20":"product_tag-motor-horizontal-manual","21":"product_tag-motor-horizontal-matsuyama","23":"first","24":"instock","25":"shipping-taxable","26":"product-type-simple"},"yoast_head":"<!-- This site is optimized with the Yoast SEO plugin v27.3 - https:\/\/yoast.com\/product\/yoast-seo-wordpress\/ -->\n<title>Motor-Horizontal-9HP 4T-Gas.\/Matsuyama - Loja de Equipamentos<\/title>\n<meta name=\"description\" content=\"Motor-Horizontal-9HP 4T-Gas.\/Matsuyama R$:\" \/>\n<meta name=\"robots\" content=\"index, follow, max-snippet:-1, max-image-preview:large, max-video-preview:-1\" \/>\n<link rel=\"canonical\" href=\"https:\/\/www.lojadeequipamentos.com.br\/loja\/produto\/motor-horizontal-9hp-4t-gas-matsuyama-2\/\" \/>\n<meta property=\"og:locale\" content=\"pt_BR\" \/>\n<meta property=\"og:type\" content=\"article\" \/>\n<meta property=\"og:title\" content=\"Motor-Horizontal-9HP 4T-Gas.\/Matsuyama - Loja de Equipamentos\" \/>\n<meta property=\"og:description\" content=\"Motor-Horizontal-9HP 4T-Gas.\/Matsuyama R$:\" \/>\n<meta property=\"og:url\" content=\"https:\/\/www.lojadeequipamentos.com.br\/loja\/produto\/motor-horizontal-9hp-4t-gas-matsuyama-2\/\" \/>\n<meta property=\"og:site_name\" content=\"Loja de Equipamentos\" \/>\n<meta property=\"article:modified_time\" content=\"2021-07-12T20:31:58+00:00\" \/>\n<meta property=\"og:image\" content=\"https:\/\/www.lojadeequipamentos.com.br\/loja\/wp-content\/uploads\/2021\/03\/horizontal-9.png\" \/>\n\t<meta property=\"og:image:width\" content=\"303\" \/>\n\t<meta property=\"og:image:height\" content=\"255\" \/>\n\t<meta property=\"og:image:type\" content=\"image\/png\" \/>\n<meta name=\"twitter:card\" content=\"summary_large_image\" \/>\n<script type=\"application\/ld+json\" class=\"yoast-schema-graph\">{\"@context\":\"https:\\\/\\\/schema.org\",\"@graph\":[{\"@type\":\"WebPage\",\"@id\":\"https:\\\/\\\/www.lojadeequipamentos.com.br\\\/loja\\\/produto\\\/motor-horizontal-9hp-4t-gas-matsuyama-2\\\/\",\"url\":\"https:\\\/\\\/www.lojadeequipamentos.com.br\\\/loja\\\/produto\\\/motor-horizontal-9hp-4t-gas-matsuyama-2\\\/\",\"name\":\"Motor-Horizontal-9HP 4T-Gas.\\\/Matsuyama - Loja de Equipamentos\",\"isPartOf\":{\"@id\":\"https:\\\/\\\/www.lojadeequipamentos.com.br\\\/loja\\\/#website\"},\"primaryImageOfPage\":{\"@id\":\"https:\\\/\\\/www.lojadeequipamentos.com.br\\\/loja\\\/produto\\\/motor-horizontal-9hp-4t-gas-matsuyama-2\\\/#primaryimage\"},\"image\":{\"@id\":\"https:\\\/\\\/www.lojadeequipamentos.com.br\\\/loja\\\/produto\\\/motor-horizontal-9hp-4t-gas-matsuyama-2\\\/#primaryimage\"},\"thumbnailUrl\":\"https:\\\/\\\/www.lojadeequipamentos.com.br\\\/loja\\\/wp-content\\\/uploads\\\/2021\\\/03\\\/horizontal-9.png\",\"datePublished\":\"2021-03-16T23:12:43+00:00\",\"dateModified\":\"2021-07-12T20:31:58+00:00\",\"description\":\"Motor-Horizontal-9HP 4T-Gas.\\\/Matsuyama R$:\",\"breadcrumb\":{\"@id\":\"https:\\\/\\\/www.lojadeequipamentos.com.br\\\/loja\\\/produto\\\/motor-horizontal-9hp-4t-gas-matsuyama-2\\\/#breadcrumb\"},\"inLanguage\":\"pt-BR\",\"potentialAction\":[{\"@type\":\"ReadAction\",\"target\":[\"https:\\\/\\\/www.lojadeequipamentos.com.br\\\/loja\\\/produto\\\/motor-horizontal-9hp-4t-gas-matsuyama-2\\\/\"]}]},{\"@type\":\"ImageObject\",\"inLanguage\":\"pt-BR\",\"@id\":\"https:\\\/\\\/www.lojadeequipamentos.com.br\\\/loja\\\/produto\\\/motor-horizontal-9hp-4t-gas-matsuyama-2\\\/#primaryimage\",\"url\":\"https:\\\/\\\/www.lojadeequipamentos.com.br\\\/loja\\\/wp-content\\\/uploads\\\/2021\\\/03\\\/horizontal-9.png\",\"contentUrl\":\"https:\\\/\\\/www.lojadeequipamentos.com.br\\\/loja\\\/wp-content\\\/uploads\\\/2021\\\/03\\\/horizontal-9.png\",\"width\":303,\"height\":255},{\"@type\":\"BreadcrumbList\",\"@id\":\"https:\\\/\\\/www.lojadeequipamentos.com.br\\\/loja\\\/produto\\\/motor-horizontal-9hp-4t-gas-matsuyama-2\\\/#breadcrumb\",\"itemListElement\":[{\"@type\":\"ListItem\",\"position\":1,\"name\":\"In\u00edcio\",\"item\":\"https:\\\/\\\/www.lojadeequipamentos.com.br\\\/loja\\\/\"},{\"@type\":\"ListItem\",\"position\":2,\"name\":\"Loja Virtual\",\"item\":\"https:\\\/\\\/www.lojadeequipamentos.com.br\\\/loja\\\/shop\\\/\"},{\"@type\":\"ListItem\",\"position\":3,\"name\":\"Motor-Horizontal-9HP 4T-Gas.\\\/Matsuyama\"}]},{\"@type\":\"WebSite\",\"@id\":\"https:\\\/\\\/www.lojadeequipamentos.com.br\\\/loja\\\/#website\",\"url\":\"https:\\\/\\\/www.lojadeequipamentos.com.br\\\/loja\\\/\",\"name\":\"Loja de Equipamentos\",\"description\":\"\",\"potentialAction\":[{\"@type\":\"SearchAction\",\"target\":{\"@type\":\"EntryPoint\",\"urlTemplate\":\"https:\\\/\\\/www.lojadeequipamentos.com.br\\\/loja\\\/?s={search_term_string}\"},\"query-input\":{\"@type\":\"PropertyValueSpecification\",\"valueRequired\":true,\"valueName\":\"search_term_string\"}}],\"inLanguage\":\"pt-BR\"}]}<\/script>\n<!-- \/ Yoast SEO plugin. -->","yoast_head_json":{"title":"Motor-Horizontal-9HP 4T-Gas.\/Matsuyama - Loja de Equipamentos","description":"Motor-Horizontal-9HP 4T-Gas.\/Matsuyama R$:","robots":{"index":"index","follow":"follow","max-snippet":"max-snippet:-1","max-image-preview":"max-image-preview:large","max-video-preview":"max-video-preview:-1"},"canonical":"https:\/\/www.lojadeequipamentos.com.br\/loja\/produto\/motor-horizontal-9hp-4t-gas-matsuyama-2\/","og_locale":"pt_BR","og_type":"article","og_title":"Motor-Horizontal-9HP 4T-Gas.\/Matsuyama - Loja de Equipamentos","og_description":"Motor-Horizontal-9HP 4T-Gas.\/Matsuyama R$:","og_url":"https:\/\/www.lojadeequipamentos.com.br\/loja\/produto\/motor-horizontal-9hp-4t-gas-matsuyama-2\/","og_site_name":"Loja de Equipamentos","article_modified_time":"2021-07-12T20:31:58+00:00","og_image":[{"width":303,"height":255,"url":"https:\/\/www.lojadeequipamentos.com.br\/loja\/wp-content\/uploads\/2021\/03\/horizontal-9.png","type":"image\/png"}],"twitter_card":"summary_large_image","schema":{"@context":"https:\/\/schema.org","@graph":[{"@type":"WebPage","@id":"https:\/\/www.lojadeequipamentos.com.br\/loja\/produto\/motor-horizontal-9hp-4t-gas-matsuyama-2\/","url":"https:\/\/www.lojadeequipamentos.com.br\/loja\/produto\/motor-horizontal-9hp-4t-gas-matsuyama-2\/","name":"Motor-Horizontal-9HP 4T-Gas.\/Matsuyama - Loja de Equipamentos","isPartOf":{"@id":"https:\/\/www.lojadeequipamentos.com.br\/loja\/#website"},"primaryImageOfPage":{"@id":"https:\/\/www.lojadeequipamentos.com.br\/loja\/produto\/motor-horizontal-9hp-4t-gas-matsuyama-2\/#primaryimage"},"image":{"@id":"https:\/\/www.lojadeequipamentos.com.br\/loja\/produto\/motor-horizontal-9hp-4t-gas-matsuyama-2\/#primaryimage"},"thumbnailUrl":"https:\/\/www.lojadeequipamentos.com.br\/loja\/wp-content\/uploads\/2021\/03\/horizontal-9.png","datePublished":"2021-03-16T23:12:43+00:00","dateModified":"2021-07-12T20:31:58+00:00","description":"Motor-Horizontal-9HP 4T-Gas.\/Matsuyama R$:","breadcrumb":{"@id":"https:\/\/www.lojadeequipamentos.com.br\/loja\/produto\/motor-horizontal-9hp-4t-gas-matsuyama-2\/#breadcrumb"},"inLanguage":"pt-BR","potentialAction":[{"@type":"ReadAction","target":["https:\/\/www.lojadeequipamentos.com.br\/loja\/produto\/motor-horizontal-9hp-4t-gas-matsuyama-2\/"]}]},{"@type":"ImageObject","inLanguage":"pt-BR","@id":"https:\/\/www.lojadeequipamentos.com.br\/loja\/produto\/motor-horizontal-9hp-4t-gas-matsuyama-2\/#primaryimage","url":"https:\/\/www.lojadeequipamentos.com.br\/loja\/wp-content\/uploads\/2021\/03\/horizontal-9.png","contentUrl":"https:\/\/www.lojadeequipamentos.com.br\/loja\/wp-content\/uploads\/2021\/03\/horizontal-9.png","width":303,"height":255},{"@type":"BreadcrumbList","@id":"https:\/\/www.lojadeequipamentos.com.br\/loja\/produto\/motor-horizontal-9hp-4t-gas-matsuyama-2\/#breadcrumb","itemListElement":[{"@type":"ListItem","position":1,"name":"In\u00edcio","item":"https:\/\/www.lojadeequipamentos.com.br\/loja\/"},{"@type":"ListItem","position":2,"name":"Loja Virtual","item":"https:\/\/www.lojadeequipamentos.com.br\/loja\/shop\/"},{"@type":"ListItem","position":3,"name":"Motor-Horizontal-9HP 4T-Gas.\/Matsuyama"}]},{"@type":"WebSite","@id":"https:\/\/www.lojadeequipamentos.com.br\/loja\/#website","url":"https:\/\/www.lojadeequipamentos.com.br\/loja\/","name":"Loja de Equipamentos","description":"","potentialAction":[{"@type":"SearchAction","target":{"@type":"EntryPoint","urlTemplate":"https:\/\/www.lojadeequipamentos.com.br\/loja\/?s={search_term_string}"},"query-input":{"@type":"PropertyValueSpecification","valueRequired":true,"valueName":"search_term_string"}}],"inLanguage":"pt-BR"}]}},"_links":{"self":[{"href":"https:\/\/www.lojadeequipamentos.com.br\/loja\/wp-json\/wp\/v2\/product\/5213","targetHints":{"allow":["GET"]}}],"collection":[{"href":"https:\/\/www.lojadeequipamentos.com.br\/loja\/wp-json\/wp\/v2\/product"}],"about":[{"href":"https:\/\/www.lojadeequipamentos.com.br\/loja\/wp-json\/wp\/v2\/types\/product"}],"replies":[{"embeddable":true,"href":"https:\/\/www.lojadeequipamentos.com.br\/loja\/wp-json\/wp\/v2\/comments?post=5213"}],"wp:featuredmedia":[{"embeddable":true,"href":"https:\/\/www.lojadeequipamentos.com.br\/loja\/wp-json\/wp\/v2\/media\/6319"}],"wp:attachment":[{"href":"https:\/\/www.lojadeequipamentos.com.br\/loja\/wp-json\/wp\/v2\/media?parent=5213"}],"wp:term":[{"taxonomy":"product_brand","embeddable":true,"href":"https:\/\/www.lojadeequipamentos.com.br\/loja\/wp-json\/wp\/v2\/product_brand?post=5213"},{"taxonomy":"product_cat","embeddable":true,"href":"https:\/\/www.lojadeequipamentos.com.br\/loja\/wp-json\/wp\/v2\/product_cat?post=5213"},{"taxonomy":"product_tag","embeddable":true,"href":"https:\/\/www.lojadeequipamentos.com.br\/loja\/wp-json\/wp\/v2\/product_tag?post=5213"}],"curies":[{"name":"wp","href":"https:\/\/api.w.org\/{rel}","templated":true}]}}