{"id":5201,"date":"2021-03-16T03:01:06","date_gmt":"2021-03-16T03:01:06","guid":{"rendered":"https:\/\/www.lojadeequipamentos.com.br\/loja\/?post_type=product&#038;p=5201"},"modified":"2021-05-10T02:24:07","modified_gmt":"2021-05-10T02:24:07","slug":"gerador-12000-diesel-20hp-13-8kva-380v-matsuyama","status":"publish","type":"product","link":"https:\/\/www.lojadeequipamentos.com.br\/loja\/produto\/gerador-12000-diesel-20hp-13-8kva-380v-matsuyama\/","title":{"rendered":"Gerador 12000 Diesel-20HP-13.8Kva-380v\/Matsuyama"},"content":{"rendered":"<p>Gerador 12000 Diesel-20HP-13,8Kva-380v\/Matsuyama<\/strong><\/p>\n<p>C\u00f3digo: 373206<br \/>\nTens\u00e3o de Sa\u00edda: 380 V<br \/>\nRegulador de Tens\u00e3o: AVR<br \/>\nFrequ\u00eancia: 60 Hz<br \/>\nFator de Pot\u00eancia: COS=1<br \/>\nPot\u00eancia de Partida: 13.8 KVA<br \/>\nPot\u00eancia Nominal: 12.5 KVA<br \/>\nCorrente Nominal: 19 A<br \/>\nCarregador de Bateria: 12V - 8.3 A<br \/>\nCombust\u00edvel: Diesel<br \/>\nCapacidade do Tanque: 34L<br \/>\nConsumo do Combust\u00edvel: 3.95L\/P-hora<br \/>\nSistema de Partida: El\u00e9trico<br \/>\nN\u00edvel de Ru\u00eddo: \u2264 85 Db(A) (7M)<br \/>\nDimens\u00f5es do Produto: 930 X 660 X 770 mm<br \/>\nPeso: 240kg<\/p>\n<p>Motor:<br \/>\nPot\u00eancia: 20hp<br \/>\nRefrigera\u00e7\u00e3o: AR<br \/>\nCilindradas: 997cc<br \/>\nRota\u00e7\u00e3o M\u00e1xima: 3600 rpm<br \/>\nFiltro de ar: Banhado a \u00d3leo<br \/>\nQuantidade de \u00f3leo lubrificante: 2.75L<br \/>\nTipo de \u00d3leo: SAE 5W-40<br \/>\nSensor de \u00d3leo: Sim<\/p>\n<p>Garantia:<\/p>\n<p><strong>FAVOR ENTRAR EM CONTATO PARA COTA\u00c7\u00c3O DE FRETE<\/strong><\/p>\n<p><a href=\"https:\/\/api.whatsapp.com\/send?phone=5521964144201\"><img loading=\"lazy\" decoding=\"async\" class=\"alignnone size-full wp-image-4307\" src=\"http:\/\/www.lojadeequipamentos.com.br\/loja\/wp-content\/uploads\/2020\/08\/botao_whatsapp.png\" alt=\"botao_whatsapp\" width=\"226\" height=\"82\" \/><\/p>\n","protected":false},"excerpt":{"rendered":"<strong>Gerador 12000 Diesel-20HP-13.8Kva-380v\/Matsuyama<\/strong>","protected":false},"featured_media":4001,"comment_status":"open","ping_status":"closed","template":"","meta":{"_links_to":"","_links_to_target":""},"product_brand":[],"product_cat":[3010],"product_tag":[3309,5183,3529,3312,5170,5171,3448,5173,5172,3023,6598,5169],"class_list":{"0":"post-5201","1":"product","2":"type-product","3":"status-publish","4":"has-post-thumbnail","6":"product_cat-gerador","7":"product_tag-diesel-gerador","8":"product_tag-gerador-12000-matsuyama","9":"product_tag-gerador-380v-trifasico","10":"product_tag-gerador-diesel","11":"product_tag-gerador-matsuyama-13-8kva","12":"product_tag-gerador-matsuyama-20hp","13":"product_tag-gerador-trifasico","14":"product_tag-matsuyama-13-8kva-380v","15":"product_tag-matsuyama-20hp-diesel","16":"product_tag-matsuyama-gerador","17":"product_tag-matsuyama-gerador-12000-diesel","18":"product_tag-matsuyama-gerador-13-8kva","20":"first","21":"instock","22":"shipping-taxable","23":"product-type-simple"},"yoast_head":"<!-- This site is optimized with the Yoast SEO plugin v27.3 - https:\/\/yoast.com\/product\/yoast-seo-wordpress\/ -->\n<title>Gerador 12000 Diesel-20HP-13.8Kva-380v\/Matsuyama - Loja de Equipamentos<\/title>\n<meta name=\"description\" content=\"Gerador 12000 Diesel-20HP-13.8Kva-380v\/Matsuyama R$:\" \/>\n<meta name=\"robots\" content=\"index, follow, max-snippet:-1, max-image-preview:large, max-video-preview:-1\" \/>\n<link rel=\"canonical\" href=\"https:\/\/www.lojadeequipamentos.com.br\/loja\/produto\/gerador-12000-diesel-20hp-13-8kva-380v-matsuyama\/\" \/>\n<meta property=\"og:locale\" content=\"pt_BR\" \/>\n<meta property=\"og:type\" content=\"article\" \/>\n<meta property=\"og:title\" content=\"Gerador 12000 Diesel-20HP-13.8Kva-380v\/Matsuyama - Loja de Equipamentos\" \/>\n<meta property=\"og:description\" content=\"Gerador 12000 Diesel-20HP-13.8Kva-380v\/Matsuyama R$:\" \/>\n<meta property=\"og:url\" content=\"https:\/\/www.lojadeequipamentos.com.br\/loja\/produto\/gerador-12000-diesel-20hp-13-8kva-380v-matsuyama\/\" \/>\n<meta property=\"og:site_name\" content=\"Loja de Equipamentos\" \/>\n<meta property=\"article:modified_time\" content=\"2021-05-10T02:24:07+00:00\" \/>\n<meta property=\"og:image\" content=\"https:\/\/www.lojadeequipamentos.com.br\/loja\/wp-content\/uploads\/2020\/08\/Gerador-12000-M-T-D.jpg\" \/>\n\t<meta property=\"og:image:width\" content=\"1000\" \/>\n\t<meta property=\"og:image:height\" content=\"1000\" \/>\n\t<meta property=\"og:image:type\" content=\"image\/jpeg\" \/>\n<meta name=\"twitter:card\" content=\"summary_large_image\" \/>\n<meta name=\"twitter:label1\" content=\"Est. tempo de leitura\" \/>\n\t<meta name=\"twitter:data1\" content=\"1 minuto\" \/>\n<script type=\"application\/ld+json\" class=\"yoast-schema-graph\">{\"@context\":\"https:\\\/\\\/schema.org\",\"@graph\":[{\"@type\":\"WebPage\",\"@id\":\"https:\\\/\\\/www.lojadeequipamentos.com.br\\\/loja\\\/produto\\\/gerador-12000-diesel-20hp-13-8kva-380v-matsuyama\\\/\",\"url\":\"https:\\\/\\\/www.lojadeequipamentos.com.br\\\/loja\\\/produto\\\/gerador-12000-diesel-20hp-13-8kva-380v-matsuyama\\\/\",\"name\":\"Gerador 12000 Diesel-20HP-13.8Kva-380v\\\/Matsuyama - Loja de Equipamentos\",\"isPartOf\":{\"@id\":\"https:\\\/\\\/www.lojadeequipamentos.com.br\\\/loja\\\/#website\"},\"primaryImageOfPage\":{\"@id\":\"https:\\\/\\\/www.lojadeequipamentos.com.br\\\/loja\\\/produto\\\/gerador-12000-diesel-20hp-13-8kva-380v-matsuyama\\\/#primaryimage\"},\"image\":{\"@id\":\"https:\\\/\\\/www.lojadeequipamentos.com.br\\\/loja\\\/produto\\\/gerador-12000-diesel-20hp-13-8kva-380v-matsuyama\\\/#primaryimage\"},\"thumbnailUrl\":\"https:\\\/\\\/www.lojadeequipamentos.com.br\\\/loja\\\/wp-content\\\/uploads\\\/2020\\\/08\\\/Gerador-12000-M-T-D.jpg\",\"datePublished\":\"2021-03-16T03:01:06+00:00\",\"dateModified\":\"2021-05-10T02:24:07+00:00\",\"description\":\"Gerador 12000 Diesel-20HP-13.8Kva-380v\\\/Matsuyama R$:\",\"breadcrumb\":{\"@id\":\"https:\\\/\\\/www.lojadeequipamentos.com.br\\\/loja\\\/produto\\\/gerador-12000-diesel-20hp-13-8kva-380v-matsuyama\\\/#breadcrumb\"},\"inLanguage\":\"pt-BR\",\"potentialAction\":[{\"@type\":\"ReadAction\",\"target\":[\"https:\\\/\\\/www.lojadeequipamentos.com.br\\\/loja\\\/produto\\\/gerador-12000-diesel-20hp-13-8kva-380v-matsuyama\\\/\"]}]},{\"@type\":\"ImageObject\",\"inLanguage\":\"pt-BR\",\"@id\":\"https:\\\/\\\/www.lojadeequipamentos.com.br\\\/loja\\\/produto\\\/gerador-12000-diesel-20hp-13-8kva-380v-matsuyama\\\/#primaryimage\",\"url\":\"https:\\\/\\\/www.lojadeequipamentos.com.br\\\/loja\\\/wp-content\\\/uploads\\\/2020\\\/08\\\/Gerador-12000-M-T-D.jpg\",\"contentUrl\":\"https:\\\/\\\/www.lojadeequipamentos.com.br\\\/loja\\\/wp-content\\\/uploads\\\/2020\\\/08\\\/Gerador-12000-M-T-D.jpg\",\"width\":1000,\"height\":1000},{\"@type\":\"BreadcrumbList\",\"@id\":\"https:\\\/\\\/www.lojadeequipamentos.com.br\\\/loja\\\/produto\\\/gerador-12000-diesel-20hp-13-8kva-380v-matsuyama\\\/#breadcrumb\",\"itemListElement\":[{\"@type\":\"ListItem\",\"position\":1,\"name\":\"In\u00edcio\",\"item\":\"https:\\\/\\\/www.lojadeequipamentos.com.br\\\/loja\\\/\"},{\"@type\":\"ListItem\",\"position\":2,\"name\":\"Loja Virtual\",\"item\":\"https:\\\/\\\/www.lojadeequipamentos.com.br\\\/loja\\\/shop\\\/\"},{\"@type\":\"ListItem\",\"position\":3,\"name\":\"Gerador 12000 Diesel-20HP-13.8Kva-380v\\\/Matsuyama\"}]},{\"@type\":\"WebSite\",\"@id\":\"https:\\\/\\\/www.lojadeequipamentos.com.br\\\/loja\\\/#website\",\"url\":\"https:\\\/\\\/www.lojadeequipamentos.com.br\\\/loja\\\/\",\"name\":\"Loja de Equipamentos\",\"description\":\"\",\"potentialAction\":[{\"@type\":\"SearchAction\",\"target\":{\"@type\":\"EntryPoint\",\"urlTemplate\":\"https:\\\/\\\/www.lojadeequipamentos.com.br\\\/loja\\\/?s={search_term_string}\"},\"query-input\":{\"@type\":\"PropertyValueSpecification\",\"valueRequired\":true,\"valueName\":\"search_term_string\"}}],\"inLanguage\":\"pt-BR\"}]}<\/script>\n<!-- \/ Yoast SEO plugin. -->","yoast_head_json":{"title":"Gerador 12000 Diesel-20HP-13.8Kva-380v\/Matsuyama - Loja de Equipamentos","description":"Gerador 12000 Diesel-20HP-13.8Kva-380v\/Matsuyama R$:","robots":{"index":"index","follow":"follow","max-snippet":"max-snippet:-1","max-image-preview":"max-image-preview:large","max-video-preview":"max-video-preview:-1"},"canonical":"https:\/\/www.lojadeequipamentos.com.br\/loja\/produto\/gerador-12000-diesel-20hp-13-8kva-380v-matsuyama\/","og_locale":"pt_BR","og_type":"article","og_title":"Gerador 12000 Diesel-20HP-13.8Kva-380v\/Matsuyama - Loja de Equipamentos","og_description":"Gerador 12000 Diesel-20HP-13.8Kva-380v\/Matsuyama R$:","og_url":"https:\/\/www.lojadeequipamentos.com.br\/loja\/produto\/gerador-12000-diesel-20hp-13-8kva-380v-matsuyama\/","og_site_name":"Loja de Equipamentos","article_modified_time":"2021-05-10T02:24:07+00:00","og_image":[{"width":1000,"height":1000,"url":"https:\/\/www.lojadeequipamentos.com.br\/loja\/wp-content\/uploads\/2020\/08\/Gerador-12000-M-T-D.jpg","type":"image\/jpeg"}],"twitter_card":"summary_large_image","twitter_misc":{"Est. tempo de leitura":"1 minuto"},"schema":{"@context":"https:\/\/schema.org","@graph":[{"@type":"WebPage","@id":"https:\/\/www.lojadeequipamentos.com.br\/loja\/produto\/gerador-12000-diesel-20hp-13-8kva-380v-matsuyama\/","url":"https:\/\/www.lojadeequipamentos.com.br\/loja\/produto\/gerador-12000-diesel-20hp-13-8kva-380v-matsuyama\/","name":"Gerador 12000 Diesel-20HP-13.8Kva-380v\/Matsuyama - Loja de Equipamentos","isPartOf":{"@id":"https:\/\/www.lojadeequipamentos.com.br\/loja\/#website"},"primaryImageOfPage":{"@id":"https:\/\/www.lojadeequipamentos.com.br\/loja\/produto\/gerador-12000-diesel-20hp-13-8kva-380v-matsuyama\/#primaryimage"},"image":{"@id":"https:\/\/www.lojadeequipamentos.com.br\/loja\/produto\/gerador-12000-diesel-20hp-13-8kva-380v-matsuyama\/#primaryimage"},"thumbnailUrl":"https:\/\/www.lojadeequipamentos.com.br\/loja\/wp-content\/uploads\/2020\/08\/Gerador-12000-M-T-D.jpg","datePublished":"2021-03-16T03:01:06+00:00","dateModified":"2021-05-10T02:24:07+00:00","description":"Gerador 12000 Diesel-20HP-13.8Kva-380v\/Matsuyama R$:","breadcrumb":{"@id":"https:\/\/www.lojadeequipamentos.com.br\/loja\/produto\/gerador-12000-diesel-20hp-13-8kva-380v-matsuyama\/#breadcrumb"},"inLanguage":"pt-BR","potentialAction":[{"@type":"ReadAction","target":["https:\/\/www.lojadeequipamentos.com.br\/loja\/produto\/gerador-12000-diesel-20hp-13-8kva-380v-matsuyama\/"]}]},{"@type":"ImageObject","inLanguage":"pt-BR","@id":"https:\/\/www.lojadeequipamentos.com.br\/loja\/produto\/gerador-12000-diesel-20hp-13-8kva-380v-matsuyama\/#primaryimage","url":"https:\/\/www.lojadeequipamentos.com.br\/loja\/wp-content\/uploads\/2020\/08\/Gerador-12000-M-T-D.jpg","contentUrl":"https:\/\/www.lojadeequipamentos.com.br\/loja\/wp-content\/uploads\/2020\/08\/Gerador-12000-M-T-D.jpg","width":1000,"height":1000},{"@type":"BreadcrumbList","@id":"https:\/\/www.lojadeequipamentos.com.br\/loja\/produto\/gerador-12000-diesel-20hp-13-8kva-380v-matsuyama\/#breadcrumb","itemListElement":[{"@type":"ListItem","position":1,"name":"In\u00edcio","item":"https:\/\/www.lojadeequipamentos.com.br\/loja\/"},{"@type":"ListItem","position":2,"name":"Loja Virtual","item":"https:\/\/www.lojadeequipamentos.com.br\/loja\/shop\/"},{"@type":"ListItem","position":3,"name":"Gerador 12000 Diesel-20HP-13.8Kva-380v\/Matsuyama"}]},{"@type":"WebSite","@id":"https:\/\/www.lojadeequipamentos.com.br\/loja\/#website","url":"https:\/\/www.lojadeequipamentos.com.br\/loja\/","name":"Loja de Equipamentos","description":"","potentialAction":[{"@type":"SearchAction","target":{"@type":"EntryPoint","urlTemplate":"https:\/\/www.lojadeequipamentos.com.br\/loja\/?s={search_term_string}"},"query-input":{"@type":"PropertyValueSpecification","valueRequired":true,"valueName":"search_term_string"}}],"inLanguage":"pt-BR"}]}},"_links":{"self":[{"href":"https:\/\/www.lojadeequipamentos.com.br\/loja\/wp-json\/wp\/v2\/product\/5201","targetHints":{"allow":["GET"]}}],"collection":[{"href":"https:\/\/www.lojadeequipamentos.com.br\/loja\/wp-json\/wp\/v2\/product"}],"about":[{"href":"https:\/\/www.lojadeequipamentos.com.br\/loja\/wp-json\/wp\/v2\/types\/product"}],"replies":[{"embeddable":true,"href":"https:\/\/www.lojadeequipamentos.com.br\/loja\/wp-json\/wp\/v2\/comments?post=5201"}],"wp:featuredmedia":[{"embeddable":true,"href":"https:\/\/www.lojadeequipamentos.com.br\/loja\/wp-json\/wp\/v2\/media\/4001"}],"wp:attachment":[{"href":"https:\/\/www.lojadeequipamentos.com.br\/loja\/wp-json\/wp\/v2\/media?parent=5201"}],"wp:term":[{"taxonomy":"product_brand","embeddable":true,"href":"https:\/\/www.lojadeequipamentos.com.br\/loja\/wp-json\/wp\/v2\/product_brand?post=5201"},{"taxonomy":"product_cat","embeddable":true,"href":"https:\/\/www.lojadeequipamentos.com.br\/loja\/wp-json\/wp\/v2\/product_cat?post=5201"},{"taxonomy":"product_tag","embeddable":true,"href":"https:\/\/www.lojadeequipamentos.com.br\/loja\/wp-json\/wp\/v2\/product_tag?post=5201"}],"curies":[{"name":"wp","href":"https:\/\/api.w.org\/{rel}","templated":true}]}}