{"id":5185,"date":"2021-03-15T23:48:53","date_gmt":"2021-03-15T23:48:53","guid":{"rendered":"https:\/\/www.lojadeequipamentos.com.br\/loja\/?post_type=product&#038;p=5185"},"modified":"2021-09-28T21:47:33","modified_gmt":"2021-09-28T21:47:33","slug":"atomatizador-bat-59-gas-3-6-cv-branco","status":"publish","type":"product","link":"https:\/\/www.lojadeequipamentos.com.br\/loja\/produto\/atomatizador-bat-59-gas-3-6-cv-branco\/","title":{"rendered":"Atomatizador BAT-59 Gas. 3.6cv 59,2cc 14L \/ Branco"},"content":{"rendered":"<p><strong>Atomatizador BAT-43 Gas. 1.7cv 59,2cc 14L \/ Branco<\/strong><\/p>\n<p>C\u00f3digo: 90315690<br \/>\nCombust\u00edvel (gasolina : \u00f3leo): 25:1<br \/>\nVolume de Ar: 19,2 m\u00b3\/min<br \/>\nConsumo (combut\u00edvel): 1,3 l\/h<br \/>\nCapacidade do Dep\u00f3sito: 14L<br \/>\nCapacidade do Tanque: 1.8L<br \/>\nCilindrada: 59.2cc<br \/>\nPot\u00eancia: 3,6 cv a 7500 rpm<br \/>\nAlcance Vertical: 16 m<br \/>\nAlcance Horizontal: 19m<br \/>\nVaz\u00e3o de L\u00edquidos: 3,54 l\/min<br \/>\nTipo de Aplica\u00e7\u00e3o: L\u00edquidos \/ P\u00f3 \/ Granulados<br \/>\nDimens\u00f5es do Produto: 610 X 480 X 1300<br \/>\nDimens\u00f5es da Embalagem: 530 X 440 X 780<br \/>\nPeso: 12.3 Kg<br \/>\nGarantia:<\/p>\n<p><strong>FAVOR ENTRAR EM CONTATO PARA COTA\u00c7\u00c3O DE FRETE<\/strong><\/p>\n<p><a href=\"https:\/\/api.whatsapp.com\/send?phone=5521964144201\"><img loading=\"lazy\" decoding=\"async\" class=\"alignnone size-full wp-image-4307\" src=\"http:\/\/www.lojadeequipamentos.com.br\/loja\/wp-content\/uploads\/2020\/08\/botao_whatsapp.png\" alt=\"botao_whatsapp\" width=\"226\" height=\"82\" \/><\/a><\/p>\n","protected":false},"excerpt":{"rendered":"<strong>Atomatizador BAT-59 Gas. 3.6cv 59,2cc 14L \/ Branco<\/strong>","protected":false},"featured_media":0,"comment_status":"open","ping_status":"closed","template":"","meta":{"_links_to":"","_links_to_target":""},"product_brand":[],"product_cat":[4766],"product_tag":[6130,6129,6125,6126,6124,6123,6127,7401,7402,6128],"class_list":{"0":"post-5185","1":"product","2":"type-product","3":"status-publish","5":"product_cat-atomizador-branco","6":"product_tag-3-6cv-branco-atomatizador","7":"product_tag-atomatizador-3-6cv-branco","8":"product_tag-atomatizador-59-2cc","9":"product_tag-atomatizador-59-2cc-branco","10":"product_tag-atomatizador-bat-59-gas","11":"product_tag-atomatizador-bat-59-gas-3-6-cv-branco","12":"product_tag-atomatizador-gasolina","13":"product_tag-atomizador-branco","14":"product_tag-branco-atomizador","15":"product_tag-gasolina-branco-atomatizador","17":"first","18":"instock","19":"shipping-taxable","20":"purchasable","21":"product-type-simple"},"yoast_head":"<!-- This site is optimized with the Yoast SEO plugin v27.3 - https:\/\/yoast.com\/product\/yoast-seo-wordpress\/ -->\n<title>Atomatizador BAT-59 Gas. 3.6cv 59,2cc 14L \/ Branco - Loja de Equipamentos<\/title>\n<meta name=\"description\" content=\"Atomatizador BAT-59 Gas. 3.6cv 59,2cc 14L \/ Branco R$ 1.841,40\" \/>\n<meta name=\"robots\" content=\"index, follow, max-snippet:-1, max-image-preview:large, max-video-preview:-1\" \/>\n<link rel=\"canonical\" href=\"https:\/\/www.lojadeequipamentos.com.br\/loja\/produto\/atomatizador-bat-59-gas-3-6-cv-branco\/\" \/>\n<meta property=\"og:locale\" content=\"pt_BR\" \/>\n<meta property=\"og:type\" content=\"article\" \/>\n<meta property=\"og:title\" content=\"Atomatizador BAT-59 Gas. 3.6cv 59,2cc 14L \/ Branco - Loja de Equipamentos\" \/>\n<meta property=\"og:description\" content=\"Atomatizador BAT-59 Gas. 3.6cv 59,2cc 14L \/ Branco R$ 1.841,40\" \/>\n<meta property=\"og:url\" content=\"https:\/\/www.lojadeequipamentos.com.br\/loja\/produto\/atomatizador-bat-59-gas-3-6-cv-branco\/\" \/>\n<meta property=\"og:site_name\" content=\"Loja de Equipamentos\" \/>\n<meta property=\"article:modified_time\" content=\"2021-09-28T21:47:33+00:00\" \/>\n<meta property=\"og:image\" content=\"http:\/\/www.lojadeequipamentos.com.br\/loja\/wp-content\/uploads\/2020\/08\/botao_whatsapp.png\" \/>\n<meta name=\"twitter:card\" content=\"summary_large_image\" \/>\n<script type=\"application\/ld+json\" class=\"yoast-schema-graph\">{\"@context\":\"https:\\\/\\\/schema.org\",\"@graph\":[{\"@type\":\"WebPage\",\"@id\":\"https:\\\/\\\/www.lojadeequipamentos.com.br\\\/loja\\\/produto\\\/atomatizador-bat-59-gas-3-6-cv-branco\\\/\",\"url\":\"https:\\\/\\\/www.lojadeequipamentos.com.br\\\/loja\\\/produto\\\/atomatizador-bat-59-gas-3-6-cv-branco\\\/\",\"name\":\"Atomatizador BAT-59 Gas. 3.6cv 59,2cc 14L \\\/ Branco - Loja de Equipamentos\",\"isPartOf\":{\"@id\":\"https:\\\/\\\/www.lojadeequipamentos.com.br\\\/loja\\\/#website\"},\"primaryImageOfPage\":{\"@id\":\"https:\\\/\\\/www.lojadeequipamentos.com.br\\\/loja\\\/produto\\\/atomatizador-bat-59-gas-3-6-cv-branco\\\/#primaryimage\"},\"image\":{\"@id\":\"https:\\\/\\\/www.lojadeequipamentos.com.br\\\/loja\\\/produto\\\/atomatizador-bat-59-gas-3-6-cv-branco\\\/#primaryimage\"},\"thumbnailUrl\":\"http:\\\/\\\/www.lojadeequipamentos.com.br\\\/loja\\\/wp-content\\\/uploads\\\/2020\\\/08\\\/botao_whatsapp.png\",\"datePublished\":\"2021-03-15T23:48:53+00:00\",\"dateModified\":\"2021-09-28T21:47:33+00:00\",\"description\":\"Atomatizador BAT-59 Gas. 3.6cv 59,2cc 14L \\\/ Branco R$ 1.841,40\",\"breadcrumb\":{\"@id\":\"https:\\\/\\\/www.lojadeequipamentos.com.br\\\/loja\\\/produto\\\/atomatizador-bat-59-gas-3-6-cv-branco\\\/#breadcrumb\"},\"inLanguage\":\"pt-BR\",\"potentialAction\":[{\"@type\":\"ReadAction\",\"target\":[\"https:\\\/\\\/www.lojadeequipamentos.com.br\\\/loja\\\/produto\\\/atomatizador-bat-59-gas-3-6-cv-branco\\\/\"]}]},{\"@type\":\"ImageObject\",\"inLanguage\":\"pt-BR\",\"@id\":\"https:\\\/\\\/www.lojadeequipamentos.com.br\\\/loja\\\/produto\\\/atomatizador-bat-59-gas-3-6-cv-branco\\\/#primaryimage\",\"url\":\"https:\\\/\\\/www.lojadeequipamentos.com.br\\\/loja\\\/wp-content\\\/uploads\\\/2020\\\/08\\\/botao_whatsapp.png\",\"contentUrl\":\"https:\\\/\\\/www.lojadeequipamentos.com.br\\\/loja\\\/wp-content\\\/uploads\\\/2020\\\/08\\\/botao_whatsapp.png\",\"width\":226,\"height\":82},{\"@type\":\"BreadcrumbList\",\"@id\":\"https:\\\/\\\/www.lojadeequipamentos.com.br\\\/loja\\\/produto\\\/atomatizador-bat-59-gas-3-6-cv-branco\\\/#breadcrumb\",\"itemListElement\":[{\"@type\":\"ListItem\",\"position\":1,\"name\":\"In\u00edcio\",\"item\":\"https:\\\/\\\/www.lojadeequipamentos.com.br\\\/loja\\\/\"},{\"@type\":\"ListItem\",\"position\":2,\"name\":\"Loja Virtual\",\"item\":\"https:\\\/\\\/www.lojadeequipamentos.com.br\\\/loja\\\/shop\\\/\"},{\"@type\":\"ListItem\",\"position\":3,\"name\":\"Atomatizador BAT-59 Gas. 3.6cv 59,2cc 14L \\\/ Branco\"}]},{\"@type\":\"WebSite\",\"@id\":\"https:\\\/\\\/www.lojadeequipamentos.com.br\\\/loja\\\/#website\",\"url\":\"https:\\\/\\\/www.lojadeequipamentos.com.br\\\/loja\\\/\",\"name\":\"Loja de Equipamentos\",\"description\":\"\",\"potentialAction\":[{\"@type\":\"SearchAction\",\"target\":{\"@type\":\"EntryPoint\",\"urlTemplate\":\"https:\\\/\\\/www.lojadeequipamentos.com.br\\\/loja\\\/?s={search_term_string}\"},\"query-input\":{\"@type\":\"PropertyValueSpecification\",\"valueRequired\":true,\"valueName\":\"search_term_string\"}}],\"inLanguage\":\"pt-BR\"}]}<\/script>\n<!-- \/ Yoast SEO plugin. -->","yoast_head_json":{"title":"Atomatizador BAT-59 Gas. 3.6cv 59,2cc 14L \/ Branco - Loja de Equipamentos","description":"Atomatizador BAT-59 Gas. 3.6cv 59,2cc 14L \/ Branco R$ 1.841,40","robots":{"index":"index","follow":"follow","max-snippet":"max-snippet:-1","max-image-preview":"max-image-preview:large","max-video-preview":"max-video-preview:-1"},"canonical":"https:\/\/www.lojadeequipamentos.com.br\/loja\/produto\/atomatizador-bat-59-gas-3-6-cv-branco\/","og_locale":"pt_BR","og_type":"article","og_title":"Atomatizador BAT-59 Gas. 3.6cv 59,2cc 14L \/ Branco - Loja de Equipamentos","og_description":"Atomatizador BAT-59 Gas. 3.6cv 59,2cc 14L \/ Branco R$ 1.841,40","og_url":"https:\/\/www.lojadeequipamentos.com.br\/loja\/produto\/atomatizador-bat-59-gas-3-6-cv-branco\/","og_site_name":"Loja de Equipamentos","article_modified_time":"2021-09-28T21:47:33+00:00","og_image":[{"url":"http:\/\/www.lojadeequipamentos.com.br\/loja\/wp-content\/uploads\/2020\/08\/botao_whatsapp.png","type":"","width":"","height":""}],"twitter_card":"summary_large_image","schema":{"@context":"https:\/\/schema.org","@graph":[{"@type":"WebPage","@id":"https:\/\/www.lojadeequipamentos.com.br\/loja\/produto\/atomatizador-bat-59-gas-3-6-cv-branco\/","url":"https:\/\/www.lojadeequipamentos.com.br\/loja\/produto\/atomatizador-bat-59-gas-3-6-cv-branco\/","name":"Atomatizador BAT-59 Gas. 3.6cv 59,2cc 14L \/ Branco - Loja de Equipamentos","isPartOf":{"@id":"https:\/\/www.lojadeequipamentos.com.br\/loja\/#website"},"primaryImageOfPage":{"@id":"https:\/\/www.lojadeequipamentos.com.br\/loja\/produto\/atomatizador-bat-59-gas-3-6-cv-branco\/#primaryimage"},"image":{"@id":"https:\/\/www.lojadeequipamentos.com.br\/loja\/produto\/atomatizador-bat-59-gas-3-6-cv-branco\/#primaryimage"},"thumbnailUrl":"http:\/\/www.lojadeequipamentos.com.br\/loja\/wp-content\/uploads\/2020\/08\/botao_whatsapp.png","datePublished":"2021-03-15T23:48:53+00:00","dateModified":"2021-09-28T21:47:33+00:00","description":"Atomatizador BAT-59 Gas. 3.6cv 59,2cc 14L \/ Branco R$ 1.841,40","breadcrumb":{"@id":"https:\/\/www.lojadeequipamentos.com.br\/loja\/produto\/atomatizador-bat-59-gas-3-6-cv-branco\/#breadcrumb"},"inLanguage":"pt-BR","potentialAction":[{"@type":"ReadAction","target":["https:\/\/www.lojadeequipamentos.com.br\/loja\/produto\/atomatizador-bat-59-gas-3-6-cv-branco\/"]}]},{"@type":"ImageObject","inLanguage":"pt-BR","@id":"https:\/\/www.lojadeequipamentos.com.br\/loja\/produto\/atomatizador-bat-59-gas-3-6-cv-branco\/#primaryimage","url":"https:\/\/www.lojadeequipamentos.com.br\/loja\/wp-content\/uploads\/2020\/08\/botao_whatsapp.png","contentUrl":"https:\/\/www.lojadeequipamentos.com.br\/loja\/wp-content\/uploads\/2020\/08\/botao_whatsapp.png","width":226,"height":82},{"@type":"BreadcrumbList","@id":"https:\/\/www.lojadeequipamentos.com.br\/loja\/produto\/atomatizador-bat-59-gas-3-6-cv-branco\/#breadcrumb","itemListElement":[{"@type":"ListItem","position":1,"name":"In\u00edcio","item":"https:\/\/www.lojadeequipamentos.com.br\/loja\/"},{"@type":"ListItem","position":2,"name":"Loja Virtual","item":"https:\/\/www.lojadeequipamentos.com.br\/loja\/shop\/"},{"@type":"ListItem","position":3,"name":"Atomatizador BAT-59 Gas. 3.6cv 59,2cc 14L \/ Branco"}]},{"@type":"WebSite","@id":"https:\/\/www.lojadeequipamentos.com.br\/loja\/#website","url":"https:\/\/www.lojadeequipamentos.com.br\/loja\/","name":"Loja de Equipamentos","description":"","potentialAction":[{"@type":"SearchAction","target":{"@type":"EntryPoint","urlTemplate":"https:\/\/www.lojadeequipamentos.com.br\/loja\/?s={search_term_string}"},"query-input":{"@type":"PropertyValueSpecification","valueRequired":true,"valueName":"search_term_string"}}],"inLanguage":"pt-BR"}]}},"_links":{"self":[{"href":"https:\/\/www.lojadeequipamentos.com.br\/loja\/wp-json\/wp\/v2\/product\/5185","targetHints":{"allow":["GET"]}}],"collection":[{"href":"https:\/\/www.lojadeequipamentos.com.br\/loja\/wp-json\/wp\/v2\/product"}],"about":[{"href":"https:\/\/www.lojadeequipamentos.com.br\/loja\/wp-json\/wp\/v2\/types\/product"}],"replies":[{"embeddable":true,"href":"https:\/\/www.lojadeequipamentos.com.br\/loja\/wp-json\/wp\/v2\/comments?post=5185"}],"wp:attachment":[{"href":"https:\/\/www.lojadeequipamentos.com.br\/loja\/wp-json\/wp\/v2\/media?parent=5185"}],"wp:term":[{"taxonomy":"product_brand","embeddable":true,"href":"https:\/\/www.lojadeequipamentos.com.br\/loja\/wp-json\/wp\/v2\/product_brand?post=5185"},{"taxonomy":"product_cat","embeddable":true,"href":"https:\/\/www.lojadeequipamentos.com.br\/loja\/wp-json\/wp\/v2\/product_cat?post=5185"},{"taxonomy":"product_tag","embeddable":true,"href":"https:\/\/www.lojadeequipamentos.com.br\/loja\/wp-json\/wp\/v2\/product_tag?post=5185"}],"curies":[{"name":"wp","href":"https:\/\/api.w.org\/{rel}","templated":true}]}}