{"id":5175,"date":"2021-03-15T22:40:31","date_gmt":"2021-03-15T22:40:31","guid":{"rendered":"https:\/\/www.lojadeequipamentos.com.br\/loja\/?post_type=product&#038;p=5175"},"modified":"2021-04-02T02:19:53","modified_gmt":"2021-04-02T02:19:53","slug":"tratorito-granja-bttg-6-5-620-gas-pm-branco","status":"publish","type":"product","link":"https:\/\/www.lojadeequipamentos.com.br\/loja\/produto\/tratorito-granja-bttg-6-5-620-gas-pm-branco\/","title":{"rendered":"Tratorito Granja BTTG-6.5-620 Gas. PM- Branco"},"content":{"rendered":"<p><strong>Tratorito Granja BTTG-6.5-620 Gas. PM- Branco<\/strong><\/p>\n<p>C\u00f3digo: 90317180<br \/>\nTipo de Combust\u00edvel: Gasolina<br \/>\nDi\u00e2metro x Curso: 68mm x 54mm<br \/>\nCilindrada: 196 cm\u00b3<br \/>\nTaxa de Compress\u00e3o: 8.5:l<br \/>\nPot\u00eancia M\u00e1xima:6,5 cv a 3600 rpm<br \/>\nTorque M\u00e1ximo: 1,35 kgfm a 2500 rpm<br \/>\nSistema de Igni\u00e7\u00e3o: eletr\u00f4nica<br \/>\nLargura de Corte: 620 mm com disco profundidade de 150 a 300 mm<br \/>\nTransmiss\u00e3o: 2 marchas para frente \/ neutro e r\u00e9<br \/>\nTra\u00e7\u00e3o\/Marchas: com pneus \/ enxadas rotativas<br \/>\nDimens\u00f5es do Produto: 1000 X 620 X 1200<br \/>\nDimens\u00f5es da Embalagem: 1180 X 620 X 610<br \/>\nPeso: 107Kg<br \/>\nGarantia:<\/p>\n<p><strong>FAVOR ENTRAR EM CONTATO PARA COTA\u00c7\u00c3O DE FRETE<\/strong><\/p>\n<p><a href=\"https:\/\/api.whatsapp.com\/send?phone=5521964144201\"><img loading=\"lazy\" decoding=\"async\" class=\"alignnone size-full wp-image-4307\" src=\"http:\/\/www.lojadeequipamentos.com.br\/loja\/wp-content\/uploads\/2020\/08\/botao_whatsapp.png\" alt=\"botao_whatsapp\" width=\"226\" height=\"82\" \/><\/a><\/p>\n","protected":false},"excerpt":{"rendered":"<strong>Tratorito Granja BTTG-6.5-620 Gas. PM- Branco<\/strong>","protected":false},"featured_media":0,"comment_status":"open","ping_status":"closed","template":"","meta":{"_links_to":"","_links_to_target":""},"product_brand":[],"product_cat":[4770],"product_tag":[6061,6059,6053,6049,6060,6047,6062,6057,6056,6058],"class_list":{"0":"post-5175","1":"product","2":"type-product","3":"status-publish","5":"product_cat-moto-cultivador-branco","6":"product_tag-gasolina-tratorito-branco","7":"product_tag-manual-tratorito","8":"product_tag-tratorito-196cc","9":"product_tag-tratorito-6-5cv","10":"product_tag-tratorito-6-5cv-branco","11":"product_tag-tratorito-gasolina","12":"product_tag-tratorito-gasolina-branco","13":"product_tag-tratorito-granja-bttg-6-5-620-gas","14":"product_tag-tratorito-granja-bttg-6-5-620-gas-pm-branco","15":"product_tag-tratorito-manual","17":"first","18":"instock","19":"shipping-taxable","20":"product-type-simple"},"yoast_head":"<!-- This site is optimized with the Yoast SEO plugin v27.3 - https:\/\/yoast.com\/product\/yoast-seo-wordpress\/ -->\n<title>Tratorito Granja BTTG-6.5-620 Gas. PM- Branco - Loja de Equipamentos<\/title>\n<meta name=\"description\" content=\"Tratorito Granja BTTG-6.5-620 Gas. PM- Branco R$:\" \/>\n<meta name=\"robots\" content=\"index, follow, max-snippet:-1, max-image-preview:large, max-video-preview:-1\" \/>\n<link rel=\"canonical\" href=\"https:\/\/www.lojadeequipamentos.com.br\/loja\/produto\/tratorito-granja-bttg-6-5-620-gas-pm-branco\/\" \/>\n<meta property=\"og:locale\" content=\"pt_BR\" \/>\n<meta property=\"og:type\" content=\"article\" \/>\n<meta property=\"og:title\" content=\"Tratorito Granja BTTG-6.5-620 Gas. PM- Branco - Loja de Equipamentos\" \/>\n<meta property=\"og:description\" content=\"Tratorito Granja BTTG-6.5-620 Gas. PM- Branco R$:\" \/>\n<meta property=\"og:url\" content=\"https:\/\/www.lojadeequipamentos.com.br\/loja\/produto\/tratorito-granja-bttg-6-5-620-gas-pm-branco\/\" \/>\n<meta property=\"og:site_name\" content=\"Loja de Equipamentos\" \/>\n<meta property=\"article:modified_time\" content=\"2021-04-02T02:19:53+00:00\" \/>\n<meta property=\"og:image\" content=\"http:\/\/www.lojadeequipamentos.com.br\/loja\/wp-content\/uploads\/2020\/08\/botao_whatsapp.png\" \/>\n<meta name=\"twitter:card\" content=\"summary_large_image\" \/>\n<script type=\"application\/ld+json\" class=\"yoast-schema-graph\">{\"@context\":\"https:\\\/\\\/schema.org\",\"@graph\":[{\"@type\":\"WebPage\",\"@id\":\"https:\\\/\\\/www.lojadeequipamentos.com.br\\\/loja\\\/produto\\\/tratorito-granja-bttg-6-5-620-gas-pm-branco\\\/\",\"url\":\"https:\\\/\\\/www.lojadeequipamentos.com.br\\\/loja\\\/produto\\\/tratorito-granja-bttg-6-5-620-gas-pm-branco\\\/\",\"name\":\"Tratorito Granja BTTG-6.5-620 Gas. PM- Branco - Loja de Equipamentos\",\"isPartOf\":{\"@id\":\"https:\\\/\\\/www.lojadeequipamentos.com.br\\\/loja\\\/#website\"},\"primaryImageOfPage\":{\"@id\":\"https:\\\/\\\/www.lojadeequipamentos.com.br\\\/loja\\\/produto\\\/tratorito-granja-bttg-6-5-620-gas-pm-branco\\\/#primaryimage\"},\"image\":{\"@id\":\"https:\\\/\\\/www.lojadeequipamentos.com.br\\\/loja\\\/produto\\\/tratorito-granja-bttg-6-5-620-gas-pm-branco\\\/#primaryimage\"},\"thumbnailUrl\":\"http:\\\/\\\/www.lojadeequipamentos.com.br\\\/loja\\\/wp-content\\\/uploads\\\/2020\\\/08\\\/botao_whatsapp.png\",\"datePublished\":\"2021-03-15T22:40:31+00:00\",\"dateModified\":\"2021-04-02T02:19:53+00:00\",\"description\":\"Tratorito Granja BTTG-6.5-620 Gas. PM- Branco R$:\",\"breadcrumb\":{\"@id\":\"https:\\\/\\\/www.lojadeequipamentos.com.br\\\/loja\\\/produto\\\/tratorito-granja-bttg-6-5-620-gas-pm-branco\\\/#breadcrumb\"},\"inLanguage\":\"pt-BR\",\"potentialAction\":[{\"@type\":\"ReadAction\",\"target\":[\"https:\\\/\\\/www.lojadeequipamentos.com.br\\\/loja\\\/produto\\\/tratorito-granja-bttg-6-5-620-gas-pm-branco\\\/\"]}]},{\"@type\":\"ImageObject\",\"inLanguage\":\"pt-BR\",\"@id\":\"https:\\\/\\\/www.lojadeequipamentos.com.br\\\/loja\\\/produto\\\/tratorito-granja-bttg-6-5-620-gas-pm-branco\\\/#primaryimage\",\"url\":\"https:\\\/\\\/www.lojadeequipamentos.com.br\\\/loja\\\/wp-content\\\/uploads\\\/2020\\\/08\\\/botao_whatsapp.png\",\"contentUrl\":\"https:\\\/\\\/www.lojadeequipamentos.com.br\\\/loja\\\/wp-content\\\/uploads\\\/2020\\\/08\\\/botao_whatsapp.png\",\"width\":226,\"height\":82},{\"@type\":\"BreadcrumbList\",\"@id\":\"https:\\\/\\\/www.lojadeequipamentos.com.br\\\/loja\\\/produto\\\/tratorito-granja-bttg-6-5-620-gas-pm-branco\\\/#breadcrumb\",\"itemListElement\":[{\"@type\":\"ListItem\",\"position\":1,\"name\":\"In\u00edcio\",\"item\":\"https:\\\/\\\/www.lojadeequipamentos.com.br\\\/loja\\\/\"},{\"@type\":\"ListItem\",\"position\":2,\"name\":\"Loja Virtual\",\"item\":\"https:\\\/\\\/www.lojadeequipamentos.com.br\\\/loja\\\/shop\\\/\"},{\"@type\":\"ListItem\",\"position\":3,\"name\":\"Tratorito Granja BTTG-6.5-620 Gas. PM- Branco\"}]},{\"@type\":\"WebSite\",\"@id\":\"https:\\\/\\\/www.lojadeequipamentos.com.br\\\/loja\\\/#website\",\"url\":\"https:\\\/\\\/www.lojadeequipamentos.com.br\\\/loja\\\/\",\"name\":\"Loja de Equipamentos\",\"description\":\"\",\"potentialAction\":[{\"@type\":\"SearchAction\",\"target\":{\"@type\":\"EntryPoint\",\"urlTemplate\":\"https:\\\/\\\/www.lojadeequipamentos.com.br\\\/loja\\\/?s={search_term_string}\"},\"query-input\":{\"@type\":\"PropertyValueSpecification\",\"valueRequired\":true,\"valueName\":\"search_term_string\"}}],\"inLanguage\":\"pt-BR\"}]}<\/script>\n<!-- \/ Yoast SEO plugin. -->","yoast_head_json":{"title":"Tratorito Granja BTTG-6.5-620 Gas. PM- Branco - Loja de Equipamentos","description":"Tratorito Granja BTTG-6.5-620 Gas. PM- Branco R$:","robots":{"index":"index","follow":"follow","max-snippet":"max-snippet:-1","max-image-preview":"max-image-preview:large","max-video-preview":"max-video-preview:-1"},"canonical":"https:\/\/www.lojadeequipamentos.com.br\/loja\/produto\/tratorito-granja-bttg-6-5-620-gas-pm-branco\/","og_locale":"pt_BR","og_type":"article","og_title":"Tratorito Granja BTTG-6.5-620 Gas. PM- Branco - Loja de Equipamentos","og_description":"Tratorito Granja BTTG-6.5-620 Gas. PM- Branco R$:","og_url":"https:\/\/www.lojadeequipamentos.com.br\/loja\/produto\/tratorito-granja-bttg-6-5-620-gas-pm-branco\/","og_site_name":"Loja de Equipamentos","article_modified_time":"2021-04-02T02:19:53+00:00","og_image":[{"url":"http:\/\/www.lojadeequipamentos.com.br\/loja\/wp-content\/uploads\/2020\/08\/botao_whatsapp.png","type":"","width":"","height":""}],"twitter_card":"summary_large_image","schema":{"@context":"https:\/\/schema.org","@graph":[{"@type":"WebPage","@id":"https:\/\/www.lojadeequipamentos.com.br\/loja\/produto\/tratorito-granja-bttg-6-5-620-gas-pm-branco\/","url":"https:\/\/www.lojadeequipamentos.com.br\/loja\/produto\/tratorito-granja-bttg-6-5-620-gas-pm-branco\/","name":"Tratorito Granja BTTG-6.5-620 Gas. PM- Branco - Loja de Equipamentos","isPartOf":{"@id":"https:\/\/www.lojadeequipamentos.com.br\/loja\/#website"},"primaryImageOfPage":{"@id":"https:\/\/www.lojadeequipamentos.com.br\/loja\/produto\/tratorito-granja-bttg-6-5-620-gas-pm-branco\/#primaryimage"},"image":{"@id":"https:\/\/www.lojadeequipamentos.com.br\/loja\/produto\/tratorito-granja-bttg-6-5-620-gas-pm-branco\/#primaryimage"},"thumbnailUrl":"http:\/\/www.lojadeequipamentos.com.br\/loja\/wp-content\/uploads\/2020\/08\/botao_whatsapp.png","datePublished":"2021-03-15T22:40:31+00:00","dateModified":"2021-04-02T02:19:53+00:00","description":"Tratorito Granja BTTG-6.5-620 Gas. PM- Branco R$:","breadcrumb":{"@id":"https:\/\/www.lojadeequipamentos.com.br\/loja\/produto\/tratorito-granja-bttg-6-5-620-gas-pm-branco\/#breadcrumb"},"inLanguage":"pt-BR","potentialAction":[{"@type":"ReadAction","target":["https:\/\/www.lojadeequipamentos.com.br\/loja\/produto\/tratorito-granja-bttg-6-5-620-gas-pm-branco\/"]}]},{"@type":"ImageObject","inLanguage":"pt-BR","@id":"https:\/\/www.lojadeequipamentos.com.br\/loja\/produto\/tratorito-granja-bttg-6-5-620-gas-pm-branco\/#primaryimage","url":"https:\/\/www.lojadeequipamentos.com.br\/loja\/wp-content\/uploads\/2020\/08\/botao_whatsapp.png","contentUrl":"https:\/\/www.lojadeequipamentos.com.br\/loja\/wp-content\/uploads\/2020\/08\/botao_whatsapp.png","width":226,"height":82},{"@type":"BreadcrumbList","@id":"https:\/\/www.lojadeequipamentos.com.br\/loja\/produto\/tratorito-granja-bttg-6-5-620-gas-pm-branco\/#breadcrumb","itemListElement":[{"@type":"ListItem","position":1,"name":"In\u00edcio","item":"https:\/\/www.lojadeequipamentos.com.br\/loja\/"},{"@type":"ListItem","position":2,"name":"Loja Virtual","item":"https:\/\/www.lojadeequipamentos.com.br\/loja\/shop\/"},{"@type":"ListItem","position":3,"name":"Tratorito Granja BTTG-6.5-620 Gas. PM- Branco"}]},{"@type":"WebSite","@id":"https:\/\/www.lojadeequipamentos.com.br\/loja\/#website","url":"https:\/\/www.lojadeequipamentos.com.br\/loja\/","name":"Loja de Equipamentos","description":"","potentialAction":[{"@type":"SearchAction","target":{"@type":"EntryPoint","urlTemplate":"https:\/\/www.lojadeequipamentos.com.br\/loja\/?s={search_term_string}"},"query-input":{"@type":"PropertyValueSpecification","valueRequired":true,"valueName":"search_term_string"}}],"inLanguage":"pt-BR"}]}},"_links":{"self":[{"href":"https:\/\/www.lojadeequipamentos.com.br\/loja\/wp-json\/wp\/v2\/product\/5175","targetHints":{"allow":["GET"]}}],"collection":[{"href":"https:\/\/www.lojadeequipamentos.com.br\/loja\/wp-json\/wp\/v2\/product"}],"about":[{"href":"https:\/\/www.lojadeequipamentos.com.br\/loja\/wp-json\/wp\/v2\/types\/product"}],"replies":[{"embeddable":true,"href":"https:\/\/www.lojadeequipamentos.com.br\/loja\/wp-json\/wp\/v2\/comments?post=5175"}],"wp:attachment":[{"href":"https:\/\/www.lojadeequipamentos.com.br\/loja\/wp-json\/wp\/v2\/media?parent=5175"}],"wp:term":[{"taxonomy":"product_brand","embeddable":true,"href":"https:\/\/www.lojadeequipamentos.com.br\/loja\/wp-json\/wp\/v2\/product_brand?post=5175"},{"taxonomy":"product_cat","embeddable":true,"href":"https:\/\/www.lojadeequipamentos.com.br\/loja\/wp-json\/wp\/v2\/product_cat?post=5175"},{"taxonomy":"product_tag","embeddable":true,"href":"https:\/\/www.lojadeequipamentos.com.br\/loja\/wp-json\/wp\/v2\/product_tag?post=5175"}],"curies":[{"name":"wp","href":"https:\/\/api.w.org\/{rel}","templated":true}]}}