{"id":5165,"date":"2021-03-15T21:29:13","date_gmt":"2021-03-15T21:29:13","guid":{"rendered":"https:\/\/www.lojadeequipamentos.com.br\/loja\/?post_type=product&#038;p=5165"},"modified":"2024-08-31T13:19:20","modified_gmt":"2024-08-31T13:19:20","slug":"motor-b4t-15-0h-gas-15-0-cv-pe-branco-2","status":"publish","type":"product","link":"https:\/\/www.lojadeequipamentos.com.br\/loja\/produto\/motor-b4t-15-0h-gas-15-0-cv-pe-branco-2\/","title":{"rendered":"Motor B4T-15.0H Gas. 15.0 Cv PE &#8211; Branco"},"content":{"rendered":"<p><strong> Motor B4T-15.0H Gas. 15.0 Cv PE - Branco<\/strong><\/p>\n<p>C\u00f3digo: 90315810<br \/>\nMotor: horizontal, monocil\u00edndrico, 4 tempos, refrigerado a ar<br \/>\nTipo de combust\u00edvel: Gasolina<br \/>\nDi\u00e2metro x Curso: 90 mm x 66 mm<br \/>\nCilindrada: 420 cm\u00b3<br \/>\nTaxa de compress\u00e3o: 8:1<br \/>\nPot\u00eancia m\u00e1xima: 15 cv a 3600 rpm<br \/>\nPot\u00eancia cont\u00ednua: 14 cv a 3600 rpm<br \/>\nTorque m\u00e1ximo: 3.1 kgfm a 2500 rpm<br \/>\nIgni\u00e7\u00e3o: eletr\u00f4nica<br \/>\nControle de Rota\u00e7\u00e3o: RAR<br \/>\nLubrifica\u00e7\u00e3o: Salpico<br \/>\nConsumo: 4.15 l\/h<br \/>\nCapacidade do tanque de combust\u00edvel: 6L<br \/>\nCapacidade de \u00f3leo (C\u00e1rter): 1.1 L<br \/>\nDimens\u00f5es do Produto: 490 X 410 X 450<br \/>\nDimens\u00f5es da Embalagem: 510 X 440 X 480<br \/>\nPeso: 38 Kg<br \/>\nGarantia:<\/p>\n<p><strong>FAVOR ENTRAR EM CONTATO PARA COTA\u00c7\u00c3O DE FRETE<\/strong><\/p>\n<p><a href=\"https:\/\/api.whatsapp.com\/send?phone=5521964144201\"><img loading=\"lazy\" decoding=\"async\" class=\"alignnone size-full wp-image-4307\" src=\"http:\/\/www.lojadeequipamentos.com.br\/loja\/wp-content\/uploads\/2020\/08\/botao_whatsapp.png\" alt=\"botao_whatsapp\" width=\"226\" height=\"82\" \/><\/a><\/p>\n","protected":false},"excerpt":{"rendered":"<strong>Motor B4T-15.0H Gas. 15.0 Cv PE - Branco<\/strong>","protected":false},"featured_media":0,"comment_status":"open","ping_status":"closed","template":"","meta":{"_links_to":"","_links_to_target":""},"product_brand":[],"product_cat":[3974],"product_tag":[6009,6008,3978,6010,5971,6005,6006,4068,6007,4037],"class_list":{"0":"post-5165","1":"product","2":"type-product","3":"status-publish","5":"product_cat-motor-branco","6":"product_tag-15cv-branco-motor","7":"product_tag-420cc-branco-motor","8":"product_tag-branco-motor","9":"product_tag-branco-motor-15cv","10":"product_tag-gasolina-motor","11":"product_tag-motor-b4t-15-0h-gas","12":"product_tag-motor-b4t-15-0h-gas-15-0-cv-pm","13":"product_tag-motor-branco-2","14":"product_tag-motor-branco-420cc","15":"product_tag-motor-gasolina","17":"first","18":"instock","19":"shipping-taxable","20":"purchasable","21":"product-type-simple"},"yoast_head":"<!-- This site is optimized with the Yoast SEO plugin v27.3 - https:\/\/yoast.com\/product\/yoast-seo-wordpress\/ -->\n<title>Motor B4T-15.0H Gas. 15.0 Cv PE - Branco - Loja de Equipamentos<\/title>\n<meta name=\"description\" content=\"Motor B4T-15.0H Gas. 15.0 Cv PE - Branco R$ 2690,00\" \/>\n<meta name=\"robots\" content=\"index, follow, max-snippet:-1, max-image-preview:large, max-video-preview:-1\" \/>\n<link rel=\"canonical\" href=\"https:\/\/www.lojadeequipamentos.com.br\/loja\/produto\/motor-b4t-15-0h-gas-15-0-cv-pe-branco-2\/\" \/>\n<meta property=\"og:locale\" content=\"pt_BR\" \/>\n<meta property=\"og:type\" content=\"article\" \/>\n<meta property=\"og:title\" content=\"Motor B4T-15.0H Gas. 15.0 Cv PE - Branco - Loja de Equipamentos\" \/>\n<meta property=\"og:description\" content=\"Motor B4T-15.0H Gas. 15.0 Cv PE - Branco R$ 2690,00\" \/>\n<meta property=\"og:url\" content=\"https:\/\/www.lojadeequipamentos.com.br\/loja\/produto\/motor-b4t-15-0h-gas-15-0-cv-pe-branco-2\/\" \/>\n<meta property=\"og:site_name\" content=\"Loja de Equipamentos\" \/>\n<meta property=\"article:modified_time\" content=\"2024-08-31T13:19:20+00:00\" \/>\n<meta property=\"og:image\" content=\"http:\/\/www.lojadeequipamentos.com.br\/loja\/wp-content\/uploads\/2020\/08\/botao_whatsapp.png\" \/>\n<meta name=\"twitter:card\" content=\"summary_large_image\" \/>\n<meta name=\"twitter:label1\" content=\"Est. tempo de leitura\" \/>\n\t<meta name=\"twitter:data1\" content=\"1 minuto\" \/>\n<script type=\"application\/ld+json\" class=\"yoast-schema-graph\">{\"@context\":\"https:\\\/\\\/schema.org\",\"@graph\":[{\"@type\":\"WebPage\",\"@id\":\"https:\\\/\\\/www.lojadeequipamentos.com.br\\\/loja\\\/produto\\\/motor-b4t-15-0h-gas-15-0-cv-pe-branco-2\\\/\",\"url\":\"https:\\\/\\\/www.lojadeequipamentos.com.br\\\/loja\\\/produto\\\/motor-b4t-15-0h-gas-15-0-cv-pe-branco-2\\\/\",\"name\":\"Motor B4T-15.0H Gas. 15.0 Cv PE - Branco - Loja de Equipamentos\",\"isPartOf\":{\"@id\":\"https:\\\/\\\/www.lojadeequipamentos.com.br\\\/loja\\\/#website\"},\"primaryImageOfPage\":{\"@id\":\"https:\\\/\\\/www.lojadeequipamentos.com.br\\\/loja\\\/produto\\\/motor-b4t-15-0h-gas-15-0-cv-pe-branco-2\\\/#primaryimage\"},\"image\":{\"@id\":\"https:\\\/\\\/www.lojadeequipamentos.com.br\\\/loja\\\/produto\\\/motor-b4t-15-0h-gas-15-0-cv-pe-branco-2\\\/#primaryimage\"},\"thumbnailUrl\":\"http:\\\/\\\/www.lojadeequipamentos.com.br\\\/loja\\\/wp-content\\\/uploads\\\/2020\\\/08\\\/botao_whatsapp.png\",\"datePublished\":\"2021-03-15T21:29:13+00:00\",\"dateModified\":\"2024-08-31T13:19:20+00:00\",\"description\":\"Motor B4T-15.0H Gas. 15.0 Cv PE - Branco R$ 2690,00\",\"breadcrumb\":{\"@id\":\"https:\\\/\\\/www.lojadeequipamentos.com.br\\\/loja\\\/produto\\\/motor-b4t-15-0h-gas-15-0-cv-pe-branco-2\\\/#breadcrumb\"},\"inLanguage\":\"pt-BR\",\"potentialAction\":[{\"@type\":\"ReadAction\",\"target\":[\"https:\\\/\\\/www.lojadeequipamentos.com.br\\\/loja\\\/produto\\\/motor-b4t-15-0h-gas-15-0-cv-pe-branco-2\\\/\"]}]},{\"@type\":\"ImageObject\",\"inLanguage\":\"pt-BR\",\"@id\":\"https:\\\/\\\/www.lojadeequipamentos.com.br\\\/loja\\\/produto\\\/motor-b4t-15-0h-gas-15-0-cv-pe-branco-2\\\/#primaryimage\",\"url\":\"https:\\\/\\\/www.lojadeequipamentos.com.br\\\/loja\\\/wp-content\\\/uploads\\\/2020\\\/08\\\/botao_whatsapp.png\",\"contentUrl\":\"https:\\\/\\\/www.lojadeequipamentos.com.br\\\/loja\\\/wp-content\\\/uploads\\\/2020\\\/08\\\/botao_whatsapp.png\",\"width\":226,\"height\":82},{\"@type\":\"BreadcrumbList\",\"@id\":\"https:\\\/\\\/www.lojadeequipamentos.com.br\\\/loja\\\/produto\\\/motor-b4t-15-0h-gas-15-0-cv-pe-branco-2\\\/#breadcrumb\",\"itemListElement\":[{\"@type\":\"ListItem\",\"position\":1,\"name\":\"In\u00edcio\",\"item\":\"https:\\\/\\\/www.lojadeequipamentos.com.br\\\/loja\\\/\"},{\"@type\":\"ListItem\",\"position\":2,\"name\":\"Loja Virtual\",\"item\":\"https:\\\/\\\/www.lojadeequipamentos.com.br\\\/loja\\\/shop\\\/\"},{\"@type\":\"ListItem\",\"position\":3,\"name\":\"Motor B4T-15.0H Gas. 15.0 Cv PE &#8211; Branco\"}]},{\"@type\":\"WebSite\",\"@id\":\"https:\\\/\\\/www.lojadeequipamentos.com.br\\\/loja\\\/#website\",\"url\":\"https:\\\/\\\/www.lojadeequipamentos.com.br\\\/loja\\\/\",\"name\":\"Loja de Equipamentos\",\"description\":\"\",\"potentialAction\":[{\"@type\":\"SearchAction\",\"target\":{\"@type\":\"EntryPoint\",\"urlTemplate\":\"https:\\\/\\\/www.lojadeequipamentos.com.br\\\/loja\\\/?s={search_term_string}\"},\"query-input\":{\"@type\":\"PropertyValueSpecification\",\"valueRequired\":true,\"valueName\":\"search_term_string\"}}],\"inLanguage\":\"pt-BR\"}]}<\/script>\n<!-- \/ Yoast SEO plugin. -->","yoast_head_json":{"title":"Motor B4T-15.0H Gas. 15.0 Cv PE - Branco - Loja de Equipamentos","description":"Motor B4T-15.0H Gas. 15.0 Cv PE - Branco R$ 2690,00","robots":{"index":"index","follow":"follow","max-snippet":"max-snippet:-1","max-image-preview":"max-image-preview:large","max-video-preview":"max-video-preview:-1"},"canonical":"https:\/\/www.lojadeequipamentos.com.br\/loja\/produto\/motor-b4t-15-0h-gas-15-0-cv-pe-branco-2\/","og_locale":"pt_BR","og_type":"article","og_title":"Motor B4T-15.0H Gas. 15.0 Cv PE - Branco - Loja de Equipamentos","og_description":"Motor B4T-15.0H Gas. 15.0 Cv PE - Branco R$ 2690,00","og_url":"https:\/\/www.lojadeequipamentos.com.br\/loja\/produto\/motor-b4t-15-0h-gas-15-0-cv-pe-branco-2\/","og_site_name":"Loja de Equipamentos","article_modified_time":"2024-08-31T13:19:20+00:00","og_image":[{"url":"http:\/\/www.lojadeequipamentos.com.br\/loja\/wp-content\/uploads\/2020\/08\/botao_whatsapp.png","type":"","width":"","height":""}],"twitter_card":"summary_large_image","twitter_misc":{"Est. tempo de leitura":"1 minuto"},"schema":{"@context":"https:\/\/schema.org","@graph":[{"@type":"WebPage","@id":"https:\/\/www.lojadeequipamentos.com.br\/loja\/produto\/motor-b4t-15-0h-gas-15-0-cv-pe-branco-2\/","url":"https:\/\/www.lojadeequipamentos.com.br\/loja\/produto\/motor-b4t-15-0h-gas-15-0-cv-pe-branco-2\/","name":"Motor B4T-15.0H Gas. 15.0 Cv PE - Branco - Loja de Equipamentos","isPartOf":{"@id":"https:\/\/www.lojadeequipamentos.com.br\/loja\/#website"},"primaryImageOfPage":{"@id":"https:\/\/www.lojadeequipamentos.com.br\/loja\/produto\/motor-b4t-15-0h-gas-15-0-cv-pe-branco-2\/#primaryimage"},"image":{"@id":"https:\/\/www.lojadeequipamentos.com.br\/loja\/produto\/motor-b4t-15-0h-gas-15-0-cv-pe-branco-2\/#primaryimage"},"thumbnailUrl":"http:\/\/www.lojadeequipamentos.com.br\/loja\/wp-content\/uploads\/2020\/08\/botao_whatsapp.png","datePublished":"2021-03-15T21:29:13+00:00","dateModified":"2024-08-31T13:19:20+00:00","description":"Motor B4T-15.0H Gas. 15.0 Cv PE - Branco R$ 2690,00","breadcrumb":{"@id":"https:\/\/www.lojadeequipamentos.com.br\/loja\/produto\/motor-b4t-15-0h-gas-15-0-cv-pe-branco-2\/#breadcrumb"},"inLanguage":"pt-BR","potentialAction":[{"@type":"ReadAction","target":["https:\/\/www.lojadeequipamentos.com.br\/loja\/produto\/motor-b4t-15-0h-gas-15-0-cv-pe-branco-2\/"]}]},{"@type":"ImageObject","inLanguage":"pt-BR","@id":"https:\/\/www.lojadeequipamentos.com.br\/loja\/produto\/motor-b4t-15-0h-gas-15-0-cv-pe-branco-2\/#primaryimage","url":"https:\/\/www.lojadeequipamentos.com.br\/loja\/wp-content\/uploads\/2020\/08\/botao_whatsapp.png","contentUrl":"https:\/\/www.lojadeequipamentos.com.br\/loja\/wp-content\/uploads\/2020\/08\/botao_whatsapp.png","width":226,"height":82},{"@type":"BreadcrumbList","@id":"https:\/\/www.lojadeequipamentos.com.br\/loja\/produto\/motor-b4t-15-0h-gas-15-0-cv-pe-branco-2\/#breadcrumb","itemListElement":[{"@type":"ListItem","position":1,"name":"In\u00edcio","item":"https:\/\/www.lojadeequipamentos.com.br\/loja\/"},{"@type":"ListItem","position":2,"name":"Loja Virtual","item":"https:\/\/www.lojadeequipamentos.com.br\/loja\/shop\/"},{"@type":"ListItem","position":3,"name":"Motor B4T-15.0H Gas. 15.0 Cv PE &#8211; Branco"}]},{"@type":"WebSite","@id":"https:\/\/www.lojadeequipamentos.com.br\/loja\/#website","url":"https:\/\/www.lojadeequipamentos.com.br\/loja\/","name":"Loja de Equipamentos","description":"","potentialAction":[{"@type":"SearchAction","target":{"@type":"EntryPoint","urlTemplate":"https:\/\/www.lojadeequipamentos.com.br\/loja\/?s={search_term_string}"},"query-input":{"@type":"PropertyValueSpecification","valueRequired":true,"valueName":"search_term_string"}}],"inLanguage":"pt-BR"}]}},"_links":{"self":[{"href":"https:\/\/www.lojadeequipamentos.com.br\/loja\/wp-json\/wp\/v2\/product\/5165","targetHints":{"allow":["GET"]}}],"collection":[{"href":"https:\/\/www.lojadeequipamentos.com.br\/loja\/wp-json\/wp\/v2\/product"}],"about":[{"href":"https:\/\/www.lojadeequipamentos.com.br\/loja\/wp-json\/wp\/v2\/types\/product"}],"replies":[{"embeddable":true,"href":"https:\/\/www.lojadeequipamentos.com.br\/loja\/wp-json\/wp\/v2\/comments?post=5165"}],"wp:attachment":[{"href":"https:\/\/www.lojadeequipamentos.com.br\/loja\/wp-json\/wp\/v2\/media?parent=5165"}],"wp:term":[{"taxonomy":"product_brand","embeddable":true,"href":"https:\/\/www.lojadeequipamentos.com.br\/loja\/wp-json\/wp\/v2\/product_brand?post=5165"},{"taxonomy":"product_cat","embeddable":true,"href":"https:\/\/www.lojadeequipamentos.com.br\/loja\/wp-json\/wp\/v2\/product_cat?post=5165"},{"taxonomy":"product_tag","embeddable":true,"href":"https:\/\/www.lojadeequipamentos.com.br\/loja\/wp-json\/wp\/v2\/product_tag?post=5165"}],"curies":[{"name":"wp","href":"https:\/\/api.w.org\/{rel}","templated":true}]}}