{"id":4993,"date":"2021-03-11T16:16:36","date_gmt":"2021-03-11T16:16:36","guid":{"rendered":"https:\/\/www.lojadeequipamentos.com.br\/loja\/?post_type=product&#038;p=4993"},"modified":"2021-03-12T01:13:10","modified_gmt":"2021-03-12T01:13:10","slug":"cortador-gas-5-5-cv-b4t-6000-cr","status":"publish","type":"product","link":"https:\/\/www.lojadeequipamentos.com.br\/loja\/produto\/cortador-gas-5-5-cv-b4t-6000-cr\/","title":{"rendered":"Cortador Grama Gas. 5.5cv \/ B4T-6000 CR"},"content":{"rendered":"<h2>Cortador Grama Gas. 5.5cv \/ B4T-6000 CR<\/h2>\n<p><strong>Caracter\u00edsticas do Produto<\/strong><br \/>\nC\u00f3digo : 90314390<br \/>\nMotor: B4T-5,5 VCR<br \/>\nTipo de Combust\u00edvel: Gasolina<br \/>\nPot\u00eancia M\u00e1xima: 5,5 cv a 3000 rpm<br \/>\nDi\u00e2metro de Corte: 22\u201d \/ 56 cm<br \/>\nAltura de Corte: m\u00edn. 4 cm - m\u00e1x. 7,5 cm<br \/>\nDi\u00e2metro do Corte: 4 mm<br \/>\nRodas: 14\"<br \/>\nCapacidade do Tanque: 900ml<br \/>\nConsumo: 0.9 L\/h<br \/>\nInclina\u00e7\u00e3o M\u00e1xima: 20\u00b0<br \/>\nDimens\u00f5es do Produto: 800 x 470 x 1200<br \/>\nDimens\u00f5es da embalagem: 900 x 550 x 500<br \/>\nPeso: 31 Kg<br \/>\nGarantia:<br \/>\n<strong>FAVOR ENTRAR EM CONTATO PARA COTA\u00c7\u00c3O DE FRETE<\/strong><\/p>\n<p><a href=\"https:\/\/api.whatsapp.com\/send?phone=5521964144201\"><img decoding=\"async\" class=\"alignnone size-full wp-image-4307\" src=\"http:\/\/www.lojadeequipamentos.com.br\/loja\/wp-content\/uploads\/2020\/08\/botao_whatsapp.png\" alt=\"botao_whatsapp\" width=\"226\" height=\" 82\" \/><\/a><\/p>\n","protected":false},"excerpt":{"rendered":"<strong>Cortador Grama Gas. 5.5cv \/ B4T-6000 CR<\/strong>","protected":false},"featured_media":0,"comment_status":"open","ping_status":"closed","template":"","meta":{"_links_to":"","_links_to_target":""},"product_brand":[],"product_cat":[4762],"product_tag":[],"class_list":{"0":"post-4993","1":"product","2":"type-product","3":"status-publish","5":"product_cat-rocadeira-branco","7":"first","8":"instock","9":"shipping-taxable","10":"product-type-simple"},"yoast_head":"<!-- This site is optimized with the Yoast SEO plugin v27.3 - https:\/\/yoast.com\/product\/yoast-seo-wordpress\/ -->\n<title>Cortador Grama Gas. 5.5cv \/ B4T-6000 CR - Loja de Equipamentos<\/title>\n<meta name=\"description\" content=\"Cortador Grama Gas. 5.5cv \/ B4T-6000 CR R$:\" \/>\n<meta name=\"robots\" content=\"index, follow, max-snippet:-1, max-image-preview:large, max-video-preview:-1\" \/>\n<link rel=\"canonical\" href=\"https:\/\/www.lojadeequipamentos.com.br\/loja\/produto\/cortador-gas-5-5-cv-b4t-6000-cr\/\" \/>\n<meta property=\"og:locale\" content=\"pt_BR\" \/>\n<meta property=\"og:type\" content=\"article\" \/>\n<meta property=\"og:title\" content=\"Cortador Grama Gas. 5.5cv \/ B4T-6000 CR - Loja de Equipamentos\" \/>\n<meta property=\"og:description\" content=\"Cortador Grama Gas. 5.5cv \/ B4T-6000 CR R$:\" \/>\n<meta property=\"og:url\" content=\"https:\/\/www.lojadeequipamentos.com.br\/loja\/produto\/cortador-gas-5-5-cv-b4t-6000-cr\/\" \/>\n<meta property=\"og:site_name\" content=\"Loja de Equipamentos\" \/>\n<meta property=\"article:modified_time\" content=\"2021-03-12T01:13:10+00:00\" \/>\n<meta property=\"og:image\" content=\"http:\/\/www.lojadeequipamentos.com.br\/loja\/wp-content\/uploads\/2020\/08\/botao_whatsapp.png\" \/>\n<meta name=\"twitter:card\" content=\"summary_large_image\" \/>\n<script type=\"application\/ld+json\" class=\"yoast-schema-graph\">{\"@context\":\"https:\\\/\\\/schema.org\",\"@graph\":[{\"@type\":\"WebPage\",\"@id\":\"https:\\\/\\\/www.lojadeequipamentos.com.br\\\/loja\\\/produto\\\/cortador-gas-5-5-cv-b4t-6000-cr\\\/\",\"url\":\"https:\\\/\\\/www.lojadeequipamentos.com.br\\\/loja\\\/produto\\\/cortador-gas-5-5-cv-b4t-6000-cr\\\/\",\"name\":\"Cortador Grama Gas. 5.5cv \\\/ B4T-6000 CR - Loja de Equipamentos\",\"isPartOf\":{\"@id\":\"https:\\\/\\\/www.lojadeequipamentos.com.br\\\/loja\\\/#website\"},\"primaryImageOfPage\":{\"@id\":\"https:\\\/\\\/www.lojadeequipamentos.com.br\\\/loja\\\/produto\\\/cortador-gas-5-5-cv-b4t-6000-cr\\\/#primaryimage\"},\"image\":{\"@id\":\"https:\\\/\\\/www.lojadeequipamentos.com.br\\\/loja\\\/produto\\\/cortador-gas-5-5-cv-b4t-6000-cr\\\/#primaryimage\"},\"thumbnailUrl\":\"http:\\\/\\\/www.lojadeequipamentos.com.br\\\/loja\\\/wp-content\\\/uploads\\\/2020\\\/08\\\/botao_whatsapp.png\",\"datePublished\":\"2021-03-11T16:16:36+00:00\",\"dateModified\":\"2021-03-12T01:13:10+00:00\",\"description\":\"Cortador Grama Gas. 5.5cv \\\/ B4T-6000 CR R$:\",\"breadcrumb\":{\"@id\":\"https:\\\/\\\/www.lojadeequipamentos.com.br\\\/loja\\\/produto\\\/cortador-gas-5-5-cv-b4t-6000-cr\\\/#breadcrumb\"},\"inLanguage\":\"pt-BR\",\"potentialAction\":[{\"@type\":\"ReadAction\",\"target\":[\"https:\\\/\\\/www.lojadeequipamentos.com.br\\\/loja\\\/produto\\\/cortador-gas-5-5-cv-b4t-6000-cr\\\/\"]}]},{\"@type\":\"ImageObject\",\"inLanguage\":\"pt-BR\",\"@id\":\"https:\\\/\\\/www.lojadeequipamentos.com.br\\\/loja\\\/produto\\\/cortador-gas-5-5-cv-b4t-6000-cr\\\/#primaryimage\",\"url\":\"https:\\\/\\\/www.lojadeequipamentos.com.br\\\/loja\\\/wp-content\\\/uploads\\\/2020\\\/08\\\/botao_whatsapp.png\",\"contentUrl\":\"https:\\\/\\\/www.lojadeequipamentos.com.br\\\/loja\\\/wp-content\\\/uploads\\\/2020\\\/08\\\/botao_whatsapp.png\",\"width\":226,\"height\":82},{\"@type\":\"BreadcrumbList\",\"@id\":\"https:\\\/\\\/www.lojadeequipamentos.com.br\\\/loja\\\/produto\\\/cortador-gas-5-5-cv-b4t-6000-cr\\\/#breadcrumb\",\"itemListElement\":[{\"@type\":\"ListItem\",\"position\":1,\"name\":\"In\u00edcio\",\"item\":\"https:\\\/\\\/www.lojadeequipamentos.com.br\\\/loja\\\/\"},{\"@type\":\"ListItem\",\"position\":2,\"name\":\"Loja Virtual\",\"item\":\"https:\\\/\\\/www.lojadeequipamentos.com.br\\\/loja\\\/shop\\\/\"},{\"@type\":\"ListItem\",\"position\":3,\"name\":\"Cortador Grama Gas. 5.5cv \\\/ B4T-6000 CR\"}]},{\"@type\":\"WebSite\",\"@id\":\"https:\\\/\\\/www.lojadeequipamentos.com.br\\\/loja\\\/#website\",\"url\":\"https:\\\/\\\/www.lojadeequipamentos.com.br\\\/loja\\\/\",\"name\":\"Loja de Equipamentos\",\"description\":\"\",\"potentialAction\":[{\"@type\":\"SearchAction\",\"target\":{\"@type\":\"EntryPoint\",\"urlTemplate\":\"https:\\\/\\\/www.lojadeequipamentos.com.br\\\/loja\\\/?s={search_term_string}\"},\"query-input\":{\"@type\":\"PropertyValueSpecification\",\"valueRequired\":true,\"valueName\":\"search_term_string\"}}],\"inLanguage\":\"pt-BR\"}]}<\/script>\n<!-- \/ Yoast SEO plugin. -->","yoast_head_json":{"title":"Cortador Grama Gas. 5.5cv \/ B4T-6000 CR - Loja de Equipamentos","description":"Cortador Grama Gas. 5.5cv \/ B4T-6000 CR R$:","robots":{"index":"index","follow":"follow","max-snippet":"max-snippet:-1","max-image-preview":"max-image-preview:large","max-video-preview":"max-video-preview:-1"},"canonical":"https:\/\/www.lojadeequipamentos.com.br\/loja\/produto\/cortador-gas-5-5-cv-b4t-6000-cr\/","og_locale":"pt_BR","og_type":"article","og_title":"Cortador Grama Gas. 5.5cv \/ B4T-6000 CR - Loja de Equipamentos","og_description":"Cortador Grama Gas. 5.5cv \/ B4T-6000 CR R$:","og_url":"https:\/\/www.lojadeequipamentos.com.br\/loja\/produto\/cortador-gas-5-5-cv-b4t-6000-cr\/","og_site_name":"Loja de Equipamentos","article_modified_time":"2021-03-12T01:13:10+00:00","og_image":[{"url":"http:\/\/www.lojadeequipamentos.com.br\/loja\/wp-content\/uploads\/2020\/08\/botao_whatsapp.png","type":"","width":"","height":""}],"twitter_card":"summary_large_image","schema":{"@context":"https:\/\/schema.org","@graph":[{"@type":"WebPage","@id":"https:\/\/www.lojadeequipamentos.com.br\/loja\/produto\/cortador-gas-5-5-cv-b4t-6000-cr\/","url":"https:\/\/www.lojadeequipamentos.com.br\/loja\/produto\/cortador-gas-5-5-cv-b4t-6000-cr\/","name":"Cortador Grama Gas. 5.5cv \/ B4T-6000 CR - Loja de Equipamentos","isPartOf":{"@id":"https:\/\/www.lojadeequipamentos.com.br\/loja\/#website"},"primaryImageOfPage":{"@id":"https:\/\/www.lojadeequipamentos.com.br\/loja\/produto\/cortador-gas-5-5-cv-b4t-6000-cr\/#primaryimage"},"image":{"@id":"https:\/\/www.lojadeequipamentos.com.br\/loja\/produto\/cortador-gas-5-5-cv-b4t-6000-cr\/#primaryimage"},"thumbnailUrl":"http:\/\/www.lojadeequipamentos.com.br\/loja\/wp-content\/uploads\/2020\/08\/botao_whatsapp.png","datePublished":"2021-03-11T16:16:36+00:00","dateModified":"2021-03-12T01:13:10+00:00","description":"Cortador Grama Gas. 5.5cv \/ B4T-6000 CR R$:","breadcrumb":{"@id":"https:\/\/www.lojadeequipamentos.com.br\/loja\/produto\/cortador-gas-5-5-cv-b4t-6000-cr\/#breadcrumb"},"inLanguage":"pt-BR","potentialAction":[{"@type":"ReadAction","target":["https:\/\/www.lojadeequipamentos.com.br\/loja\/produto\/cortador-gas-5-5-cv-b4t-6000-cr\/"]}]},{"@type":"ImageObject","inLanguage":"pt-BR","@id":"https:\/\/www.lojadeequipamentos.com.br\/loja\/produto\/cortador-gas-5-5-cv-b4t-6000-cr\/#primaryimage","url":"https:\/\/www.lojadeequipamentos.com.br\/loja\/wp-content\/uploads\/2020\/08\/botao_whatsapp.png","contentUrl":"https:\/\/www.lojadeequipamentos.com.br\/loja\/wp-content\/uploads\/2020\/08\/botao_whatsapp.png","width":226,"height":82},{"@type":"BreadcrumbList","@id":"https:\/\/www.lojadeequipamentos.com.br\/loja\/produto\/cortador-gas-5-5-cv-b4t-6000-cr\/#breadcrumb","itemListElement":[{"@type":"ListItem","position":1,"name":"In\u00edcio","item":"https:\/\/www.lojadeequipamentos.com.br\/loja\/"},{"@type":"ListItem","position":2,"name":"Loja Virtual","item":"https:\/\/www.lojadeequipamentos.com.br\/loja\/shop\/"},{"@type":"ListItem","position":3,"name":"Cortador Grama Gas. 5.5cv \/ B4T-6000 CR"}]},{"@type":"WebSite","@id":"https:\/\/www.lojadeequipamentos.com.br\/loja\/#website","url":"https:\/\/www.lojadeequipamentos.com.br\/loja\/","name":"Loja de Equipamentos","description":"","potentialAction":[{"@type":"SearchAction","target":{"@type":"EntryPoint","urlTemplate":"https:\/\/www.lojadeequipamentos.com.br\/loja\/?s={search_term_string}"},"query-input":{"@type":"PropertyValueSpecification","valueRequired":true,"valueName":"search_term_string"}}],"inLanguage":"pt-BR"}]}},"_links":{"self":[{"href":"https:\/\/www.lojadeequipamentos.com.br\/loja\/wp-json\/wp\/v2\/product\/4993","targetHints":{"allow":["GET"]}}],"collection":[{"href":"https:\/\/www.lojadeequipamentos.com.br\/loja\/wp-json\/wp\/v2\/product"}],"about":[{"href":"https:\/\/www.lojadeequipamentos.com.br\/loja\/wp-json\/wp\/v2\/types\/product"}],"replies":[{"embeddable":true,"href":"https:\/\/www.lojadeequipamentos.com.br\/loja\/wp-json\/wp\/v2\/comments?post=4993"}],"wp:attachment":[{"href":"https:\/\/www.lojadeequipamentos.com.br\/loja\/wp-json\/wp\/v2\/media?parent=4993"}],"wp:term":[{"taxonomy":"product_brand","embeddable":true,"href":"https:\/\/www.lojadeequipamentos.com.br\/loja\/wp-json\/wp\/v2\/product_brand?post=4993"},{"taxonomy":"product_cat","embeddable":true,"href":"https:\/\/www.lojadeequipamentos.com.br\/loja\/wp-json\/wp\/v2\/product_cat?post=4993"},{"taxonomy":"product_tag","embeddable":true,"href":"https:\/\/www.lojadeequipamentos.com.br\/loja\/wp-json\/wp\/v2\/product_tag?post=4993"}],"curies":[{"name":"wp","href":"https:\/\/api.w.org\/{rel}","templated":true}]}}