{"id":4966,"date":"2021-03-10T20:41:00","date_gmt":"2021-03-10T20:41:00","guid":{"rendered":"https:\/\/www.lojadeequipamentos.com.br\/loja\/?post_type=product&#038;p=4966"},"modified":"2024-09-03T23:11:44","modified_gmt":"2024-09-03T23:11:44","slug":"motobomba-b4t-703-manual-gas-centrifuga-branco","status":"publish","type":"product","link":"https:\/\/www.lojadeequipamentos.com.br\/loja\/produto\/motobomba-b4t-703-manual-gas-centrifuga-branco\/","title":{"rendered":"Motobomba B4T-703 Manual Gas- Centrifuga-Branco"},"content":{"rendered":"<h2>Motobomba B4T-703 Manual Gas- Centrifuga-Branco<\/h2>\n<p><strong>Caracter\u00edsticas do Produto<\/strong><br \/>\nC\u00f3digo:90314520<br \/>\nMotor: 2,8 cv<br \/>\nTipo de combust\u00edvel: gasolina<br \/>\nSuc\u00e7\u00e3o e Recalque: suc\u00e7\u00e3o de 2\u201d e recalque de 2\u201d<br \/>\nN\u00famero de Rotores: 01<br \/>\nTipo de Rotor: fechado<br \/>\nDi\u00e2metro de rotores: 130mm<br \/>\nAltura manom\u00e9trica m\u00e1xima: 45 mca<br \/>\nSuc\u00e7\u00e3o M\u00e1xima: 6m<br \/>\nVaz\u00e3o M\u00e1xima: 16 m\u00b3\/h<br \/>\nCapacidade do tanque: 1L<br \/>\nDimens\u00f5es do Produto: (CxLxA) (mm) 350 X 320 X 320<br \/>\nDimens\u00f5es da Embalagem: (CxLxA) (mm) 380 x 330 x 320<br \/>\nPeso: 16,4 kg<br \/>\nOutros: carca\u00e7a em ferro fundido e hidr\u00e1ulica em alum\u00ednio<br \/>\nGarantia:<br \/>\n<strong>FAVOR ENTRAR EM CONTATO PARA COTA\u00c7\u00c3O DE FRETE<\/strong><\/p>\n<p><a href=\"https:\/\/api.whatsapp.com\/send?phone=5521964144201\"><img decoding=\"async\" class=\"alignnone size-full wp-image-4307\" src=\"http:\/\/www.lojadeequipamentos.com.br\/loja\/wp-content\/uploads\/2020\/08\/botao_whatsapp.png\" alt=\"botao_whatsapp\" width=\"226\" height=\" 82\" \/><\/a><\/p>\n","protected":false},"excerpt":{"rendered":"<strong>Motobomba B4T-703 Manual Gas- Centrifuga-Branco<\/strong>","protected":false},"featured_media":0,"comment_status":"open","ping_status":"closed","template":"","meta":{"_links_to":"","_links_to_target":""},"product_brand":[],"product_cat":[3974],"product_tag":[5335,5333,5337,5245,5338,5334,5270,5336,5253,3846,5244],"class_list":{"0":"post-4966","1":"product","2":"type-product","3":"status-publish","5":"product_cat-motor-branco","6":"product_tag-branco-2-8cv-motobomba","7":"product_tag-gasolina-motobomba-branco","8":"product_tag-manual-branco-motobomba","9":"product_tag-manual-motobomba","10":"product_tag-motobomba-2-8cv","11":"product_tag-motobomba-2-8cv-branco","12":"product_tag-motobomba-2-branco","13":"product_tag-motobomba-b4t-703-manual-gas","14":"product_tag-motobomba-centrifuga-branco","15":"product_tag-motobomba-gasolina","16":"product_tag-motobomba-manual","18":"first","19":"instock","20":"shipping-taxable","21":"purchasable","22":"product-type-simple"},"yoast_head":"<!-- This site is optimized with the Yoast SEO plugin v27.3 - https:\/\/yoast.com\/product\/yoast-seo-wordpress\/ -->\n<title>Motobomba B4T-703 Manual Gas- Centrifuga-Branco - Loja de Equipamentos<\/title>\n<meta name=\"description\" content=\"Motobomba B4T-703 Manual Gas- Centrifuga-Branco R$ 1068\" \/>\n<meta name=\"robots\" content=\"index, follow, max-snippet:-1, max-image-preview:large, max-video-preview:-1\" \/>\n<link rel=\"canonical\" href=\"https:\/\/www.lojadeequipamentos.com.br\/loja\/produto\/motobomba-b4t-703-manual-gas-centrifuga-branco\/\" \/>\n<meta property=\"og:locale\" content=\"pt_BR\" \/>\n<meta property=\"og:type\" content=\"article\" \/>\n<meta property=\"og:title\" content=\"Motobomba B4T-703 Manual Gas- Centrifuga-Branco - Loja de Equipamentos\" \/>\n<meta property=\"og:description\" content=\"Motobomba B4T-703 Manual Gas- Centrifuga-Branco R$ 1068\" \/>\n<meta property=\"og:url\" content=\"https:\/\/www.lojadeequipamentos.com.br\/loja\/produto\/motobomba-b4t-703-manual-gas-centrifuga-branco\/\" \/>\n<meta property=\"og:site_name\" content=\"Loja de Equipamentos\" \/>\n<meta property=\"article:modified_time\" content=\"2024-09-03T23:11:44+00:00\" \/>\n<meta property=\"og:image\" content=\"http:\/\/www.lojadeequipamentos.com.br\/loja\/wp-content\/uploads\/2020\/08\/botao_whatsapp.png\" \/>\n<meta name=\"twitter:card\" content=\"summary_large_image\" \/>\n<meta name=\"twitter:label1\" content=\"Est. tempo de leitura\" \/>\n\t<meta name=\"twitter:data1\" content=\"1 minuto\" \/>\n<script type=\"application\/ld+json\" class=\"yoast-schema-graph\">{\"@context\":\"https:\\\/\\\/schema.org\",\"@graph\":[{\"@type\":\"WebPage\",\"@id\":\"https:\\\/\\\/www.lojadeequipamentos.com.br\\\/loja\\\/produto\\\/motobomba-b4t-703-manual-gas-centrifuga-branco\\\/\",\"url\":\"https:\\\/\\\/www.lojadeequipamentos.com.br\\\/loja\\\/produto\\\/motobomba-b4t-703-manual-gas-centrifuga-branco\\\/\",\"name\":\"Motobomba B4T-703 Manual Gas- Centrifuga-Branco - Loja de Equipamentos\",\"isPartOf\":{\"@id\":\"https:\\\/\\\/www.lojadeequipamentos.com.br\\\/loja\\\/#website\"},\"primaryImageOfPage\":{\"@id\":\"https:\\\/\\\/www.lojadeequipamentos.com.br\\\/loja\\\/produto\\\/motobomba-b4t-703-manual-gas-centrifuga-branco\\\/#primaryimage\"},\"image\":{\"@id\":\"https:\\\/\\\/www.lojadeequipamentos.com.br\\\/loja\\\/produto\\\/motobomba-b4t-703-manual-gas-centrifuga-branco\\\/#primaryimage\"},\"thumbnailUrl\":\"http:\\\/\\\/www.lojadeequipamentos.com.br\\\/loja\\\/wp-content\\\/uploads\\\/2020\\\/08\\\/botao_whatsapp.png\",\"datePublished\":\"2021-03-10T20:41:00+00:00\",\"dateModified\":\"2024-09-03T23:11:44+00:00\",\"description\":\"Motobomba B4T-703 Manual Gas- Centrifuga-Branco R$ 1068\",\"breadcrumb\":{\"@id\":\"https:\\\/\\\/www.lojadeequipamentos.com.br\\\/loja\\\/produto\\\/motobomba-b4t-703-manual-gas-centrifuga-branco\\\/#breadcrumb\"},\"inLanguage\":\"pt-BR\",\"potentialAction\":[{\"@type\":\"ReadAction\",\"target\":[\"https:\\\/\\\/www.lojadeequipamentos.com.br\\\/loja\\\/produto\\\/motobomba-b4t-703-manual-gas-centrifuga-branco\\\/\"]}]},{\"@type\":\"ImageObject\",\"inLanguage\":\"pt-BR\",\"@id\":\"https:\\\/\\\/www.lojadeequipamentos.com.br\\\/loja\\\/produto\\\/motobomba-b4t-703-manual-gas-centrifuga-branco\\\/#primaryimage\",\"url\":\"https:\\\/\\\/www.lojadeequipamentos.com.br\\\/loja\\\/wp-content\\\/uploads\\\/2020\\\/08\\\/botao_whatsapp.png\",\"contentUrl\":\"https:\\\/\\\/www.lojadeequipamentos.com.br\\\/loja\\\/wp-content\\\/uploads\\\/2020\\\/08\\\/botao_whatsapp.png\",\"width\":226,\"height\":82},{\"@type\":\"BreadcrumbList\",\"@id\":\"https:\\\/\\\/www.lojadeequipamentos.com.br\\\/loja\\\/produto\\\/motobomba-b4t-703-manual-gas-centrifuga-branco\\\/#breadcrumb\",\"itemListElement\":[{\"@type\":\"ListItem\",\"position\":1,\"name\":\"In\u00edcio\",\"item\":\"https:\\\/\\\/www.lojadeequipamentos.com.br\\\/loja\\\/\"},{\"@type\":\"ListItem\",\"position\":2,\"name\":\"Loja Virtual\",\"item\":\"https:\\\/\\\/www.lojadeequipamentos.com.br\\\/loja\\\/shop\\\/\"},{\"@type\":\"ListItem\",\"position\":3,\"name\":\"Motobomba B4T-703 Manual Gas- Centrifuga-Branco\"}]},{\"@type\":\"WebSite\",\"@id\":\"https:\\\/\\\/www.lojadeequipamentos.com.br\\\/loja\\\/#website\",\"url\":\"https:\\\/\\\/www.lojadeequipamentos.com.br\\\/loja\\\/\",\"name\":\"Loja de Equipamentos\",\"description\":\"\",\"potentialAction\":[{\"@type\":\"SearchAction\",\"target\":{\"@type\":\"EntryPoint\",\"urlTemplate\":\"https:\\\/\\\/www.lojadeequipamentos.com.br\\\/loja\\\/?s={search_term_string}\"},\"query-input\":{\"@type\":\"PropertyValueSpecification\",\"valueRequired\":true,\"valueName\":\"search_term_string\"}}],\"inLanguage\":\"pt-BR\"}]}<\/script>\n<!-- \/ Yoast SEO plugin. -->","yoast_head_json":{"title":"Motobomba B4T-703 Manual Gas- Centrifuga-Branco - Loja de Equipamentos","description":"Motobomba B4T-703 Manual Gas- Centrifuga-Branco R$ 1068","robots":{"index":"index","follow":"follow","max-snippet":"max-snippet:-1","max-image-preview":"max-image-preview:large","max-video-preview":"max-video-preview:-1"},"canonical":"https:\/\/www.lojadeequipamentos.com.br\/loja\/produto\/motobomba-b4t-703-manual-gas-centrifuga-branco\/","og_locale":"pt_BR","og_type":"article","og_title":"Motobomba B4T-703 Manual Gas- Centrifuga-Branco - Loja de Equipamentos","og_description":"Motobomba B4T-703 Manual Gas- Centrifuga-Branco R$ 1068","og_url":"https:\/\/www.lojadeequipamentos.com.br\/loja\/produto\/motobomba-b4t-703-manual-gas-centrifuga-branco\/","og_site_name":"Loja de Equipamentos","article_modified_time":"2024-09-03T23:11:44+00:00","og_image":[{"url":"http:\/\/www.lojadeequipamentos.com.br\/loja\/wp-content\/uploads\/2020\/08\/botao_whatsapp.png","type":"","width":"","height":""}],"twitter_card":"summary_large_image","twitter_misc":{"Est. tempo de leitura":"1 minuto"},"schema":{"@context":"https:\/\/schema.org","@graph":[{"@type":"WebPage","@id":"https:\/\/www.lojadeequipamentos.com.br\/loja\/produto\/motobomba-b4t-703-manual-gas-centrifuga-branco\/","url":"https:\/\/www.lojadeequipamentos.com.br\/loja\/produto\/motobomba-b4t-703-manual-gas-centrifuga-branco\/","name":"Motobomba B4T-703 Manual Gas- Centrifuga-Branco - Loja de Equipamentos","isPartOf":{"@id":"https:\/\/www.lojadeequipamentos.com.br\/loja\/#website"},"primaryImageOfPage":{"@id":"https:\/\/www.lojadeequipamentos.com.br\/loja\/produto\/motobomba-b4t-703-manual-gas-centrifuga-branco\/#primaryimage"},"image":{"@id":"https:\/\/www.lojadeequipamentos.com.br\/loja\/produto\/motobomba-b4t-703-manual-gas-centrifuga-branco\/#primaryimage"},"thumbnailUrl":"http:\/\/www.lojadeequipamentos.com.br\/loja\/wp-content\/uploads\/2020\/08\/botao_whatsapp.png","datePublished":"2021-03-10T20:41:00+00:00","dateModified":"2024-09-03T23:11:44+00:00","description":"Motobomba B4T-703 Manual Gas- Centrifuga-Branco R$ 1068","breadcrumb":{"@id":"https:\/\/www.lojadeequipamentos.com.br\/loja\/produto\/motobomba-b4t-703-manual-gas-centrifuga-branco\/#breadcrumb"},"inLanguage":"pt-BR","potentialAction":[{"@type":"ReadAction","target":["https:\/\/www.lojadeequipamentos.com.br\/loja\/produto\/motobomba-b4t-703-manual-gas-centrifuga-branco\/"]}]},{"@type":"ImageObject","inLanguage":"pt-BR","@id":"https:\/\/www.lojadeequipamentos.com.br\/loja\/produto\/motobomba-b4t-703-manual-gas-centrifuga-branco\/#primaryimage","url":"https:\/\/www.lojadeequipamentos.com.br\/loja\/wp-content\/uploads\/2020\/08\/botao_whatsapp.png","contentUrl":"https:\/\/www.lojadeequipamentos.com.br\/loja\/wp-content\/uploads\/2020\/08\/botao_whatsapp.png","width":226,"height":82},{"@type":"BreadcrumbList","@id":"https:\/\/www.lojadeequipamentos.com.br\/loja\/produto\/motobomba-b4t-703-manual-gas-centrifuga-branco\/#breadcrumb","itemListElement":[{"@type":"ListItem","position":1,"name":"In\u00edcio","item":"https:\/\/www.lojadeequipamentos.com.br\/loja\/"},{"@type":"ListItem","position":2,"name":"Loja Virtual","item":"https:\/\/www.lojadeequipamentos.com.br\/loja\/shop\/"},{"@type":"ListItem","position":3,"name":"Motobomba B4T-703 Manual Gas- Centrifuga-Branco"}]},{"@type":"WebSite","@id":"https:\/\/www.lojadeequipamentos.com.br\/loja\/#website","url":"https:\/\/www.lojadeequipamentos.com.br\/loja\/","name":"Loja de Equipamentos","description":"","potentialAction":[{"@type":"SearchAction","target":{"@type":"EntryPoint","urlTemplate":"https:\/\/www.lojadeequipamentos.com.br\/loja\/?s={search_term_string}"},"query-input":{"@type":"PropertyValueSpecification","valueRequired":true,"valueName":"search_term_string"}}],"inLanguage":"pt-BR"}]}},"_links":{"self":[{"href":"https:\/\/www.lojadeequipamentos.com.br\/loja\/wp-json\/wp\/v2\/product\/4966","targetHints":{"allow":["GET"]}}],"collection":[{"href":"https:\/\/www.lojadeequipamentos.com.br\/loja\/wp-json\/wp\/v2\/product"}],"about":[{"href":"https:\/\/www.lojadeequipamentos.com.br\/loja\/wp-json\/wp\/v2\/types\/product"}],"replies":[{"embeddable":true,"href":"https:\/\/www.lojadeequipamentos.com.br\/loja\/wp-json\/wp\/v2\/comments?post=4966"}],"wp:attachment":[{"href":"https:\/\/www.lojadeequipamentos.com.br\/loja\/wp-json\/wp\/v2\/media?parent=4966"}],"wp:term":[{"taxonomy":"product_brand","embeddable":true,"href":"https:\/\/www.lojadeequipamentos.com.br\/loja\/wp-json\/wp\/v2\/product_brand?post=4966"},{"taxonomy":"product_cat","embeddable":true,"href":"https:\/\/www.lojadeequipamentos.com.br\/loja\/wp-json\/wp\/v2\/product_cat?post=4966"},{"taxonomy":"product_tag","embeddable":true,"href":"https:\/\/www.lojadeequipamentos.com.br\/loja\/wp-json\/wp\/v2\/product_tag?post=4966"}],"curies":[{"name":"wp","href":"https:\/\/api.w.org\/{rel}","templated":true}]}}