{"id":4941,"date":"2021-03-10T00:10:00","date_gmt":"2021-03-10T00:10:00","guid":{"rendered":"https:\/\/www.lojadeequipamentos.com.br\/loja\/?post_type=product&#038;p=4941"},"modified":"2024-09-03T23:49:38","modified_gmt":"2024-09-03T23:49:38","slug":"motobomba-bd-709e-diesel-centrifuga-branco","status":"publish","type":"product","link":"https:\/\/www.lojadeequipamentos.com.br\/loja\/produto\/motobomba-bd-709e-diesel-centrifuga-branco\/","title":{"rendered":"Motobomba BD-709E Diesel Centr\u00edfuga-Branco"},"content":{"rendered":"<h2>Motobomba BD-709E Diesel Centr\u00edfuga-Branco<\/h2>\n<p><strong>Caracter\u00edsticas do Produto<\/strong><br \/>\nC\u00f3digo:90311946<br \/>\nMotor: 10 cv<br \/>\nTipo de combust\u00edvel: diesel<br \/>\nSuc\u00e7\u00e3o e Recalque: suc\u00e7\u00e3o de 3\u201d e recalque de 2\u201d<br \/>\nN\u00famero de Rotores: 01<br \/>\nTipo de Rotor: semiaberto<br \/>\nDi\u00e2metro de rotores: 170 mm<br \/>\nAltura manom\u00e9trica m\u00e1xima: 56 mca<br \/>\nSuc\u00e7\u00e3o M\u00e1xima: 7 m<br \/>\nVaz\u00e3o M\u00e1xima: 30 m\u00b3\/h<br \/>\nCapacidade do tanque: 4,5L<br \/>\nDimens\u00f5es do Produto: (CxLxA) (mm) 700 X 500 X 590<br \/>\nDimens\u00f5es da Embalagem: (CxLxA) (mm) 740 x 535 x 615<br \/>\nPeso: 76 kg<br \/>\nOutros: Carca\u00e7a e hidr\u00e1ulica em ferro fundido.<\/p>\n<p><strong>FAVOR ENTRAR EM CONTATO PARA COTA\u00c7\u00c3O DE FRETE<\/strong><\/p>\n<p><a href=\"https:\/\/api.whatsapp.com\/send?phone=5521964144201\"><img decoding=\"async\" class=\"alignnone size-full wp-image-4307\" src=\"http:\/\/www.lojadeequipamentos.com.br\/loja\/wp-content\/uploads\/2020\/08\/botao_whatsapp.png\" alt=\"botao_whatsapp\" width=\"226\" height=\" 82\" \/><\/a><\/p>\n","protected":false},"excerpt":{"rendered":"<strong>Motobomba BD-709 E Diesel Centr\u00edfuga-Branco<\/strong>","protected":false},"featured_media":0,"comment_status":"open","ping_status":"closed","template":"","meta":{"_links_to":"","_links_to_target":""},"product_brand":[],"product_cat":[3974],"product_tag":[5242,5223,5245,5225,5241,5221,5243,5248,3899,3908,3910,5238],"class_list":{"0":"post-4941","1":"product","2":"type-product","3":"status-publish","5":"product_cat-motor-branco","6":"product_tag-10cv-motobomba-branco","7":"product_tag-autoescorvante-branco-motobomba","8":"product_tag-manual-motobomba","9":"product_tag-motobomba","10":"product_tag-motobomba-10cv","11":"product_tag-motobomba-3","12":"product_tag-motobomba-3-10cv","13":"product_tag-motobomba-bd-709e-eletrica-diesel-centrifuga-branco","14":"product_tag-motobomba-branco-2","15":"product_tag-motobomba-diesel","16":"product_tag-motobomba-diesel-branco","17":"product_tag-motobomba-eletrica","19":"first","20":"instock","21":"shipping-taxable","22":"purchasable","23":"product-type-simple"},"yoast_head":"<!-- This site is optimized with the Yoast SEO plugin v27.3 - https:\/\/yoast.com\/product\/yoast-seo-wordpress\/ -->\n<title>Motobomba BD-709E Diesel Centr\u00edfuga-Branco - Loja de Equipamentos<\/title>\n<meta name=\"description\" content=\"Motobomba BD-709E Diesel Centr\u00edfuga-Branco R$ 7849,00\" \/>\n<meta name=\"robots\" content=\"index, follow, max-snippet:-1, max-image-preview:large, max-video-preview:-1\" \/>\n<link rel=\"canonical\" href=\"https:\/\/www.lojadeequipamentos.com.br\/loja\/produto\/motobomba-bd-709e-diesel-centrifuga-branco\/\" \/>\n<meta property=\"og:locale\" content=\"pt_BR\" \/>\n<meta property=\"og:type\" content=\"article\" \/>\n<meta property=\"og:title\" content=\"Motobomba BD-709E Diesel Centr\u00edfuga-Branco - Loja de Equipamentos\" \/>\n<meta property=\"og:description\" content=\"Motobomba BD-709E Diesel Centr\u00edfuga-Branco R$ 7849,00\" \/>\n<meta property=\"og:url\" content=\"https:\/\/www.lojadeequipamentos.com.br\/loja\/produto\/motobomba-bd-709e-diesel-centrifuga-branco\/\" \/>\n<meta property=\"og:site_name\" content=\"Loja de Equipamentos\" \/>\n<meta property=\"article:modified_time\" content=\"2024-09-03T23:49:38+00:00\" \/>\n<meta property=\"og:image\" content=\"http:\/\/www.lojadeequipamentos.com.br\/loja\/wp-content\/uploads\/2020\/08\/botao_whatsapp.png\" \/>\n<meta name=\"twitter:card\" content=\"summary_large_image\" \/>\n<meta name=\"twitter:label1\" content=\"Est. tempo de leitura\" \/>\n\t<meta name=\"twitter:data1\" content=\"1 minuto\" \/>\n<script type=\"application\/ld+json\" class=\"yoast-schema-graph\">{\"@context\":\"https:\\\/\\\/schema.org\",\"@graph\":[{\"@type\":\"WebPage\",\"@id\":\"https:\\\/\\\/www.lojadeequipamentos.com.br\\\/loja\\\/produto\\\/motobomba-bd-709e-diesel-centrifuga-branco\\\/\",\"url\":\"https:\\\/\\\/www.lojadeequipamentos.com.br\\\/loja\\\/produto\\\/motobomba-bd-709e-diesel-centrifuga-branco\\\/\",\"name\":\"Motobomba BD-709E Diesel Centr\u00edfuga-Branco - Loja de Equipamentos\",\"isPartOf\":{\"@id\":\"https:\\\/\\\/www.lojadeequipamentos.com.br\\\/loja\\\/#website\"},\"primaryImageOfPage\":{\"@id\":\"https:\\\/\\\/www.lojadeequipamentos.com.br\\\/loja\\\/produto\\\/motobomba-bd-709e-diesel-centrifuga-branco\\\/#primaryimage\"},\"image\":{\"@id\":\"https:\\\/\\\/www.lojadeequipamentos.com.br\\\/loja\\\/produto\\\/motobomba-bd-709e-diesel-centrifuga-branco\\\/#primaryimage\"},\"thumbnailUrl\":\"http:\\\/\\\/www.lojadeequipamentos.com.br\\\/loja\\\/wp-content\\\/uploads\\\/2020\\\/08\\\/botao_whatsapp.png\",\"datePublished\":\"2021-03-10T00:10:00+00:00\",\"dateModified\":\"2024-09-03T23:49:38+00:00\",\"description\":\"Motobomba BD-709E Diesel Centr\u00edfuga-Branco R$ 7849,00\",\"breadcrumb\":{\"@id\":\"https:\\\/\\\/www.lojadeequipamentos.com.br\\\/loja\\\/produto\\\/motobomba-bd-709e-diesel-centrifuga-branco\\\/#breadcrumb\"},\"inLanguage\":\"pt-BR\",\"potentialAction\":[{\"@type\":\"ReadAction\",\"target\":[\"https:\\\/\\\/www.lojadeequipamentos.com.br\\\/loja\\\/produto\\\/motobomba-bd-709e-diesel-centrifuga-branco\\\/\"]}]},{\"@type\":\"ImageObject\",\"inLanguage\":\"pt-BR\",\"@id\":\"https:\\\/\\\/www.lojadeequipamentos.com.br\\\/loja\\\/produto\\\/motobomba-bd-709e-diesel-centrifuga-branco\\\/#primaryimage\",\"url\":\"https:\\\/\\\/www.lojadeequipamentos.com.br\\\/loja\\\/wp-content\\\/uploads\\\/2020\\\/08\\\/botao_whatsapp.png\",\"contentUrl\":\"https:\\\/\\\/www.lojadeequipamentos.com.br\\\/loja\\\/wp-content\\\/uploads\\\/2020\\\/08\\\/botao_whatsapp.png\",\"width\":226,\"height\":82},{\"@type\":\"BreadcrumbList\",\"@id\":\"https:\\\/\\\/www.lojadeequipamentos.com.br\\\/loja\\\/produto\\\/motobomba-bd-709e-diesel-centrifuga-branco\\\/#breadcrumb\",\"itemListElement\":[{\"@type\":\"ListItem\",\"position\":1,\"name\":\"In\u00edcio\",\"item\":\"https:\\\/\\\/www.lojadeequipamentos.com.br\\\/loja\\\/\"},{\"@type\":\"ListItem\",\"position\":2,\"name\":\"Loja Virtual\",\"item\":\"https:\\\/\\\/www.lojadeequipamentos.com.br\\\/loja\\\/shop\\\/\"},{\"@type\":\"ListItem\",\"position\":3,\"name\":\"Motobomba BD-709E Diesel Centr\u00edfuga-Branco\"}]},{\"@type\":\"WebSite\",\"@id\":\"https:\\\/\\\/www.lojadeequipamentos.com.br\\\/loja\\\/#website\",\"url\":\"https:\\\/\\\/www.lojadeequipamentos.com.br\\\/loja\\\/\",\"name\":\"Loja de Equipamentos\",\"description\":\"\",\"potentialAction\":[{\"@type\":\"SearchAction\",\"target\":{\"@type\":\"EntryPoint\",\"urlTemplate\":\"https:\\\/\\\/www.lojadeequipamentos.com.br\\\/loja\\\/?s={search_term_string}\"},\"query-input\":{\"@type\":\"PropertyValueSpecification\",\"valueRequired\":true,\"valueName\":\"search_term_string\"}}],\"inLanguage\":\"pt-BR\"}]}<\/script>\n<!-- \/ Yoast SEO plugin. -->","yoast_head_json":{"title":"Motobomba BD-709E Diesel Centr\u00edfuga-Branco - Loja de Equipamentos","description":"Motobomba BD-709E Diesel Centr\u00edfuga-Branco R$ 7849,00","robots":{"index":"index","follow":"follow","max-snippet":"max-snippet:-1","max-image-preview":"max-image-preview:large","max-video-preview":"max-video-preview:-1"},"canonical":"https:\/\/www.lojadeequipamentos.com.br\/loja\/produto\/motobomba-bd-709e-diesel-centrifuga-branco\/","og_locale":"pt_BR","og_type":"article","og_title":"Motobomba BD-709E Diesel Centr\u00edfuga-Branco - Loja de Equipamentos","og_description":"Motobomba BD-709E Diesel Centr\u00edfuga-Branco R$ 7849,00","og_url":"https:\/\/www.lojadeequipamentos.com.br\/loja\/produto\/motobomba-bd-709e-diesel-centrifuga-branco\/","og_site_name":"Loja de Equipamentos","article_modified_time":"2024-09-03T23:49:38+00:00","og_image":[{"url":"http:\/\/www.lojadeequipamentos.com.br\/loja\/wp-content\/uploads\/2020\/08\/botao_whatsapp.png","type":"","width":"","height":""}],"twitter_card":"summary_large_image","twitter_misc":{"Est. tempo de leitura":"1 minuto"},"schema":{"@context":"https:\/\/schema.org","@graph":[{"@type":"WebPage","@id":"https:\/\/www.lojadeequipamentos.com.br\/loja\/produto\/motobomba-bd-709e-diesel-centrifuga-branco\/","url":"https:\/\/www.lojadeequipamentos.com.br\/loja\/produto\/motobomba-bd-709e-diesel-centrifuga-branco\/","name":"Motobomba BD-709E Diesel Centr\u00edfuga-Branco - Loja de Equipamentos","isPartOf":{"@id":"https:\/\/www.lojadeequipamentos.com.br\/loja\/#website"},"primaryImageOfPage":{"@id":"https:\/\/www.lojadeequipamentos.com.br\/loja\/produto\/motobomba-bd-709e-diesel-centrifuga-branco\/#primaryimage"},"image":{"@id":"https:\/\/www.lojadeequipamentos.com.br\/loja\/produto\/motobomba-bd-709e-diesel-centrifuga-branco\/#primaryimage"},"thumbnailUrl":"http:\/\/www.lojadeequipamentos.com.br\/loja\/wp-content\/uploads\/2020\/08\/botao_whatsapp.png","datePublished":"2021-03-10T00:10:00+00:00","dateModified":"2024-09-03T23:49:38+00:00","description":"Motobomba BD-709E Diesel Centr\u00edfuga-Branco R$ 7849,00","breadcrumb":{"@id":"https:\/\/www.lojadeequipamentos.com.br\/loja\/produto\/motobomba-bd-709e-diesel-centrifuga-branco\/#breadcrumb"},"inLanguage":"pt-BR","potentialAction":[{"@type":"ReadAction","target":["https:\/\/www.lojadeequipamentos.com.br\/loja\/produto\/motobomba-bd-709e-diesel-centrifuga-branco\/"]}]},{"@type":"ImageObject","inLanguage":"pt-BR","@id":"https:\/\/www.lojadeequipamentos.com.br\/loja\/produto\/motobomba-bd-709e-diesel-centrifuga-branco\/#primaryimage","url":"https:\/\/www.lojadeequipamentos.com.br\/loja\/wp-content\/uploads\/2020\/08\/botao_whatsapp.png","contentUrl":"https:\/\/www.lojadeequipamentos.com.br\/loja\/wp-content\/uploads\/2020\/08\/botao_whatsapp.png","width":226,"height":82},{"@type":"BreadcrumbList","@id":"https:\/\/www.lojadeequipamentos.com.br\/loja\/produto\/motobomba-bd-709e-diesel-centrifuga-branco\/#breadcrumb","itemListElement":[{"@type":"ListItem","position":1,"name":"In\u00edcio","item":"https:\/\/www.lojadeequipamentos.com.br\/loja\/"},{"@type":"ListItem","position":2,"name":"Loja Virtual","item":"https:\/\/www.lojadeequipamentos.com.br\/loja\/shop\/"},{"@type":"ListItem","position":3,"name":"Motobomba BD-709E Diesel Centr\u00edfuga-Branco"}]},{"@type":"WebSite","@id":"https:\/\/www.lojadeequipamentos.com.br\/loja\/#website","url":"https:\/\/www.lojadeequipamentos.com.br\/loja\/","name":"Loja de Equipamentos","description":"","potentialAction":[{"@type":"SearchAction","target":{"@type":"EntryPoint","urlTemplate":"https:\/\/www.lojadeequipamentos.com.br\/loja\/?s={search_term_string}"},"query-input":{"@type":"PropertyValueSpecification","valueRequired":true,"valueName":"search_term_string"}}],"inLanguage":"pt-BR"}]}},"_links":{"self":[{"href":"https:\/\/www.lojadeequipamentos.com.br\/loja\/wp-json\/wp\/v2\/product\/4941","targetHints":{"allow":["GET"]}}],"collection":[{"href":"https:\/\/www.lojadeequipamentos.com.br\/loja\/wp-json\/wp\/v2\/product"}],"about":[{"href":"https:\/\/www.lojadeequipamentos.com.br\/loja\/wp-json\/wp\/v2\/types\/product"}],"replies":[{"embeddable":true,"href":"https:\/\/www.lojadeequipamentos.com.br\/loja\/wp-json\/wp\/v2\/comments?post=4941"}],"wp:attachment":[{"href":"https:\/\/www.lojadeequipamentos.com.br\/loja\/wp-json\/wp\/v2\/media?parent=4941"}],"wp:term":[{"taxonomy":"product_brand","embeddable":true,"href":"https:\/\/www.lojadeequipamentos.com.br\/loja\/wp-json\/wp\/v2\/product_brand?post=4941"},{"taxonomy":"product_cat","embeddable":true,"href":"https:\/\/www.lojadeequipamentos.com.br\/loja\/wp-json\/wp\/v2\/product_cat?post=4941"},{"taxonomy":"product_tag","embeddable":true,"href":"https:\/\/www.lojadeequipamentos.com.br\/loja\/wp-json\/wp\/v2\/product_tag?post=4941"}],"curies":[{"name":"wp","href":"https:\/\/api.w.org\/{rel}","templated":true}]}}