{"id":4701,"date":"2020-12-27T01:37:03","date_gmt":"2020-12-27T01:37:03","guid":{"rendered":"https:\/\/www.lojadeequipamentos.com.br\/loja\/?post_type=product&#038;p=4701"},"modified":"2023-09-17T16:01:51","modified_gmt":"2023-09-17T16:01:51","slug":"sanduicheira-elet-sace-estriada-lisa-croydon","status":"publish","type":"product","link":"https:\/\/www.lojadeequipamentos.com.br\/loja\/produto\/sanduicheira-elet-sace-estriada-lisa-croydon\/","title":{"rendered":"Sanduicheira Elet. SACE Croydon"},"content":{"rendered":"<h2>Sanduicheira El\u00e9trica Conjugada de Mesa c\/ Chapa Estriada e Lateral Estriada SACE - Croydon<\/h2>\n<p>\nDescri\u00e7\u00e3o: Sanduicheira El\u00e9trica Conjugada de Mesa c\/ Chapa Estriada e Lateral Estriada, resist\u00eancias de (220v) 4100W ou (127v) 2550W, 02 termostatos regul\u00e1veis, gabinete em a\u00e7o inox, caixa frontal em inox de reten\u00e7\u00e3o de gordura, anteparo traseiro em alum\u00ednio para evitar queda de res\u00edduos para a parte traseira da sanduicheira, dispositivo protetor t\u00e9rmico com RESET MANUAL (Termostato de seguran\u00e7a), desativando as resist\u00eancias caso a temperatura da(s) placa(s) atinja(m) o n\u00edvel de seguran\u00e7a de 320\u00b0C., Chapas de contato superior e inferior em alum\u00ednio fundido e aquecidas, bra\u00e7o de articula\u00e7\u00e3o da chapa superior em a\u00e7o inox, prensa de fechamento ajust\u00e1vel com limitador e l\u00e2mpadas piloto.<br \/>\n<br \/>\nDados T\u00e9cnicos<br \/>\nCapacidade Nominal: 18 sandu\u00edches<br \/>\nPot\u00eancia: (220v) 4100W ou (127v) 2550W<br \/>\nCorrente: (220v) 18,6A ou (127v) 20,1A<br \/>\nConsumo: (220v) 2,1kw\/h ou (127v) 1,3kw\/h<br \/>\nAltura: 30cm  Largura: 78cm  Profundidade: 50cm<br \/>\nPeso L\u00edquido: 19,9kg  Peso Bruto: 21,8kg<br \/>\nGarantia: 03 meses<br \/>\nExce\u00e7\u00f5es: Esta garantia n\u00e3o se aplica \u00e0 manuten\u00e7\u00e3o normal do equipamento,incluindo (mas n\u00e3o limitado a) limpeza e lubrifica\u00e7\u00e3o.<br \/>\n<br \/>\n<strong>FAZER COTA\u00c7\u00c3O DE FRETE ANTES DE COMPRAR A MERCADORIA<\/strong><br \/>\n<br \/>\n<a href=\"https:\/\/api.whatsapp.com\/send?phone=5521964144201\"><img loading=\"lazy\" decoding=\"async\" class=\"alignnone size-full wp-image-4307\" alt=\"botao_whatsapp\" src=\"http:\/\/www.lojadeequipamentos.com.br\/loja\/wp-content\/uploads\/2020\/08\/botao_whatsapp.png\" width=\"226\" height=\"82\" \/><\/a><\/p>\n","protected":false},"excerpt":{"rendered":"<strong>Sanduicheira El\u00e9trica Conjugada de Mesa c\/ Chapa Estriada e Lateral Estriada SACE Croydon<\/strong>","protected":false},"featured_media":4702,"comment_status":"open","ping_status":"closed","template":"","meta":{"_links_to":"","_links_to_target":""},"product_brand":[],"product_cat":[2903],"product_tag":[4494,4504,4520,4574,4576,4573,4575,4493,2938,2939,4495,4519,4507,4510,4501,4522,4521,4502,2926,4523,4568,4524,4506,4560,4570,4565,4569,4572,2924,2925,4508,4566,4567,4571,4496,4509,2940,4514,2942,4517,4518,4525,4526,4498,4497],"class_list":{"0":"post-4701","1":"product","2":"type-product","3":"status-publish","4":"has-post-thumbnail","6":"product_cat-sanduicheira","7":"product_tag-croydon-sace","8":"product_tag-croydon-sace-sanduicheira","9":"product_tag-croydon-sanduicheira-chapa-estria-e-lateral-estriada-sace","10":"product_tag-croydon-sanduicheira-dupla-eletrica","11":"product_tag-croydon-sanduicheira-dupla-eletrica-sace","12":"product_tag-croydon-sanduicheira-eletrica-dupla","13":"product_tag-croydon-sanduicheira-eletrica-dupla-sace","14":"product_tag-croydon-sanduicheira-sace","15":"product_tag-eletrica-sanduicheira","16":"product_tag-eletrica-sanduicheira-croydon","17":"product_tag-eletrica-sanduicheira-croydon-sace","18":"product_tag-sace-croydon","19":"product_tag-sace-sanduicheira-eletrica","20":"product_tag-sace-sanduicheira-eletrica-croydon","21":"product_tag-sanduicheira-chapa-estriada-croydon-sace","22":"product_tag-sanduicheira-chapa-estriada-e-lateral-estriada","23":"product_tag-sanduicheira-chapa-estriada-e-lateral-estriada-sace","24":"product_tag-sanduicheira-chapa-estriada-sace-croydon","25":"product_tag-sanduicheira-croydon","26":"product_tag-sanduicheira-croydon-chapa-estriada","27":"product_tag-sanduicheira-croydon-dupla-estriada","28":"product_tag-sanduicheira-croydon-estriada","29":"product_tag-sanduicheira-croydon-sace","30":"product_tag-sanduicheira-dupla","31":"product_tag-sanduicheira-dupla-croydon-sace","32":"product_tag-sanduicheira-dupla-eletrica","33":"product_tag-sanduicheira-dupla-estriada","34":"product_tag-sanduicheira-dupla-sace","35":"product_tag-sanduicheira-eletrica-2","36":"product_tag-sanduicheira-eletrica-croydon","37":"product_tag-sanduicheira-eletrica-croydon-sace","38":"product_tag-sanduicheira-eletrica-dupla","39":"product_tag-sanduicheira-eletrica-dupla-croydon","40":"product_tag-sanduicheira-eletrica-dupla-estriada","41":"product_tag-sanduicheira-eletrica-sace","42":"product_tag-sanduicheira-eletrica-sace-croydon","43":"product_tag-sanduicheira-eletrica-simples","44":"product_tag-sanduicheira-eletrica-simples-chapa-estriada-e-lisa-croydon","45":"product_tag-sanduicheira-eletrica-simples-croydon","46":"product_tag-sanduicheira-eletrica-simples-croydon-sace","47":"product_tag-sanduicheira-eletrica-simples-sace","48":"product_tag-sanduicheira-estriada","49":"product_tag-sanduicheira-estriada-croydon","50":"product_tag-sanduicheira-sace","51":"product_tag-sanduicheira-sace-croydon","53":"first","54":"instock","55":"shipping-taxable","56":"purchasable","57":"product-type-simple"},"yoast_head":"<!-- This site is optimized with the Yoast SEO plugin v27.3 - https:\/\/yoast.com\/product\/yoast-seo-wordpress\/ -->\n<title>Sanduicheira Elet. SACE Croydon - Loja de Equipamentos<\/title>\n<meta name=\"description\" content=\"Sanduicheira El\u00e9trica SACE Croydon R$ 2.777,40 Chapa Estriada Lat. Estriada, Resist. (220v)4100W ou (127v)2550W, Gab. A\u00e7o Inox\" \/>\n<meta name=\"robots\" content=\"index, follow, max-snippet:-1, max-image-preview:large, max-video-preview:-1\" \/>\n<link rel=\"canonical\" href=\"https:\/\/www.lojadeequipamentos.com.br\/loja\/produto\/sanduicheira-elet-sace-estriada-lisa-croydon\/\" \/>\n<meta property=\"og:locale\" content=\"pt_BR\" \/>\n<meta property=\"og:type\" content=\"article\" \/>\n<meta property=\"og:title\" content=\"Sanduicheira Elet. SACE Croydon - Loja de Equipamentos\" \/>\n<meta property=\"og:description\" content=\"Sanduicheira El\u00e9trica SACE Croydon R$ 2.777,40 Chapa Estriada Lat. Estriada, Resist. (220v)4100W ou (127v)2550W, Gab. A\u00e7o Inox\" \/>\n<meta property=\"og:url\" content=\"https:\/\/www.lojadeequipamentos.com.br\/loja\/produto\/sanduicheira-elet-sace-estriada-lisa-croydon\/\" \/>\n<meta property=\"og:site_name\" content=\"Loja de Equipamentos\" \/>\n<meta property=\"article:modified_time\" content=\"2023-09-17T16:01:51+00:00\" \/>\n<meta property=\"og:image\" content=\"https:\/\/www.lojadeequipamentos.com.br\/loja\/wp-content\/uploads\/2020\/12\/SACE-e-SACL-loja-de-equipamentos.jpg\" \/>\n\t<meta property=\"og:image:width\" content=\"270\" \/>\n\t<meta property=\"og:image:height\" content=\"200\" \/>\n\t<meta property=\"og:image:type\" content=\"image\/jpeg\" \/>\n<meta name=\"twitter:card\" content=\"summary_large_image\" \/>\n<meta name=\"twitter:label1\" content=\"Est. tempo de leitura\" \/>\n\t<meta name=\"twitter:data1\" content=\"2 minutos\" \/>\n<script type=\"application\/ld+json\" class=\"yoast-schema-graph\">{\"@context\":\"https:\\\/\\\/schema.org\",\"@graph\":[{\"@type\":\"WebPage\",\"@id\":\"https:\\\/\\\/www.lojadeequipamentos.com.br\\\/loja\\\/produto\\\/sanduicheira-elet-sace-estriada-lisa-croydon\\\/\",\"url\":\"https:\\\/\\\/www.lojadeequipamentos.com.br\\\/loja\\\/produto\\\/sanduicheira-elet-sace-estriada-lisa-croydon\\\/\",\"name\":\"Sanduicheira Elet. SACE Croydon - Loja de Equipamentos\",\"isPartOf\":{\"@id\":\"https:\\\/\\\/www.lojadeequipamentos.com.br\\\/loja\\\/#website\"},\"primaryImageOfPage\":{\"@id\":\"https:\\\/\\\/www.lojadeequipamentos.com.br\\\/loja\\\/produto\\\/sanduicheira-elet-sace-estriada-lisa-croydon\\\/#primaryimage\"},\"image\":{\"@id\":\"https:\\\/\\\/www.lojadeequipamentos.com.br\\\/loja\\\/produto\\\/sanduicheira-elet-sace-estriada-lisa-croydon\\\/#primaryimage\"},\"thumbnailUrl\":\"https:\\\/\\\/www.lojadeequipamentos.com.br\\\/loja\\\/wp-content\\\/uploads\\\/2020\\\/12\\\/SACE-e-SACL-loja-de-equipamentos.jpg\",\"datePublished\":\"2020-12-27T01:37:03+00:00\",\"dateModified\":\"2023-09-17T16:01:51+00:00\",\"description\":\"Sanduicheira El\u00e9trica SACE Croydon R$ 2.777,40 Chapa Estriada Lat. Estriada, Resist. (220v)4100W ou (127v)2550W, Gab. A\u00e7o Inox\",\"breadcrumb\":{\"@id\":\"https:\\\/\\\/www.lojadeequipamentos.com.br\\\/loja\\\/produto\\\/sanduicheira-elet-sace-estriada-lisa-croydon\\\/#breadcrumb\"},\"inLanguage\":\"pt-BR\",\"potentialAction\":[{\"@type\":\"ReadAction\",\"target\":[\"https:\\\/\\\/www.lojadeequipamentos.com.br\\\/loja\\\/produto\\\/sanduicheira-elet-sace-estriada-lisa-croydon\\\/\"]}]},{\"@type\":\"ImageObject\",\"inLanguage\":\"pt-BR\",\"@id\":\"https:\\\/\\\/www.lojadeequipamentos.com.br\\\/loja\\\/produto\\\/sanduicheira-elet-sace-estriada-lisa-croydon\\\/#primaryimage\",\"url\":\"https:\\\/\\\/www.lojadeequipamentos.com.br\\\/loja\\\/wp-content\\\/uploads\\\/2020\\\/12\\\/SACE-e-SACL-loja-de-equipamentos.jpg\",\"contentUrl\":\"https:\\\/\\\/www.lojadeequipamentos.com.br\\\/loja\\\/wp-content\\\/uploads\\\/2020\\\/12\\\/SACE-e-SACL-loja-de-equipamentos.jpg\",\"width\":270,\"height\":200},{\"@type\":\"BreadcrumbList\",\"@id\":\"https:\\\/\\\/www.lojadeequipamentos.com.br\\\/loja\\\/produto\\\/sanduicheira-elet-sace-estriada-lisa-croydon\\\/#breadcrumb\",\"itemListElement\":[{\"@type\":\"ListItem\",\"position\":1,\"name\":\"In\u00edcio\",\"item\":\"https:\\\/\\\/www.lojadeequipamentos.com.br\\\/loja\\\/\"},{\"@type\":\"ListItem\",\"position\":2,\"name\":\"Loja Virtual\",\"item\":\"https:\\\/\\\/www.lojadeequipamentos.com.br\\\/loja\\\/shop\\\/\"},{\"@type\":\"ListItem\",\"position\":3,\"name\":\"Sanduicheira Elet. SACE Croydon\"}]},{\"@type\":\"WebSite\",\"@id\":\"https:\\\/\\\/www.lojadeequipamentos.com.br\\\/loja\\\/#website\",\"url\":\"https:\\\/\\\/www.lojadeequipamentos.com.br\\\/loja\\\/\",\"name\":\"Loja de Equipamentos\",\"description\":\"\",\"potentialAction\":[{\"@type\":\"SearchAction\",\"target\":{\"@type\":\"EntryPoint\",\"urlTemplate\":\"https:\\\/\\\/www.lojadeequipamentos.com.br\\\/loja\\\/?s={search_term_string}\"},\"query-input\":{\"@type\":\"PropertyValueSpecification\",\"valueRequired\":true,\"valueName\":\"search_term_string\"}}],\"inLanguage\":\"pt-BR\"}]}<\/script>\n<!-- \/ Yoast SEO plugin. -->","yoast_head_json":{"title":"Sanduicheira Elet. SACE Croydon - Loja de Equipamentos","description":"Sanduicheira El\u00e9trica SACE Croydon R$ 2.777,40 Chapa Estriada Lat. Estriada, Resist. (220v)4100W ou (127v)2550W, Gab. A\u00e7o Inox","robots":{"index":"index","follow":"follow","max-snippet":"max-snippet:-1","max-image-preview":"max-image-preview:large","max-video-preview":"max-video-preview:-1"},"canonical":"https:\/\/www.lojadeequipamentos.com.br\/loja\/produto\/sanduicheira-elet-sace-estriada-lisa-croydon\/","og_locale":"pt_BR","og_type":"article","og_title":"Sanduicheira Elet. SACE Croydon - Loja de Equipamentos","og_description":"Sanduicheira El\u00e9trica SACE Croydon R$ 2.777,40 Chapa Estriada Lat. Estriada, Resist. (220v)4100W ou (127v)2550W, Gab. A\u00e7o Inox","og_url":"https:\/\/www.lojadeequipamentos.com.br\/loja\/produto\/sanduicheira-elet-sace-estriada-lisa-croydon\/","og_site_name":"Loja de Equipamentos","article_modified_time":"2023-09-17T16:01:51+00:00","og_image":[{"width":270,"height":200,"url":"https:\/\/www.lojadeequipamentos.com.br\/loja\/wp-content\/uploads\/2020\/12\/SACE-e-SACL-loja-de-equipamentos.jpg","type":"image\/jpeg"}],"twitter_card":"summary_large_image","twitter_misc":{"Est. tempo de leitura":"2 minutos"},"schema":{"@context":"https:\/\/schema.org","@graph":[{"@type":"WebPage","@id":"https:\/\/www.lojadeequipamentos.com.br\/loja\/produto\/sanduicheira-elet-sace-estriada-lisa-croydon\/","url":"https:\/\/www.lojadeequipamentos.com.br\/loja\/produto\/sanduicheira-elet-sace-estriada-lisa-croydon\/","name":"Sanduicheira Elet. SACE Croydon - Loja de Equipamentos","isPartOf":{"@id":"https:\/\/www.lojadeequipamentos.com.br\/loja\/#website"},"primaryImageOfPage":{"@id":"https:\/\/www.lojadeequipamentos.com.br\/loja\/produto\/sanduicheira-elet-sace-estriada-lisa-croydon\/#primaryimage"},"image":{"@id":"https:\/\/www.lojadeequipamentos.com.br\/loja\/produto\/sanduicheira-elet-sace-estriada-lisa-croydon\/#primaryimage"},"thumbnailUrl":"https:\/\/www.lojadeequipamentos.com.br\/loja\/wp-content\/uploads\/2020\/12\/SACE-e-SACL-loja-de-equipamentos.jpg","datePublished":"2020-12-27T01:37:03+00:00","dateModified":"2023-09-17T16:01:51+00:00","description":"Sanduicheira El\u00e9trica SACE Croydon R$ 2.777,40 Chapa Estriada Lat. Estriada, Resist. (220v)4100W ou (127v)2550W, Gab. A\u00e7o Inox","breadcrumb":{"@id":"https:\/\/www.lojadeequipamentos.com.br\/loja\/produto\/sanduicheira-elet-sace-estriada-lisa-croydon\/#breadcrumb"},"inLanguage":"pt-BR","potentialAction":[{"@type":"ReadAction","target":["https:\/\/www.lojadeequipamentos.com.br\/loja\/produto\/sanduicheira-elet-sace-estriada-lisa-croydon\/"]}]},{"@type":"ImageObject","inLanguage":"pt-BR","@id":"https:\/\/www.lojadeequipamentos.com.br\/loja\/produto\/sanduicheira-elet-sace-estriada-lisa-croydon\/#primaryimage","url":"https:\/\/www.lojadeequipamentos.com.br\/loja\/wp-content\/uploads\/2020\/12\/SACE-e-SACL-loja-de-equipamentos.jpg","contentUrl":"https:\/\/www.lojadeequipamentos.com.br\/loja\/wp-content\/uploads\/2020\/12\/SACE-e-SACL-loja-de-equipamentos.jpg","width":270,"height":200},{"@type":"BreadcrumbList","@id":"https:\/\/www.lojadeequipamentos.com.br\/loja\/produto\/sanduicheira-elet-sace-estriada-lisa-croydon\/#breadcrumb","itemListElement":[{"@type":"ListItem","position":1,"name":"In\u00edcio","item":"https:\/\/www.lojadeequipamentos.com.br\/loja\/"},{"@type":"ListItem","position":2,"name":"Loja Virtual","item":"https:\/\/www.lojadeequipamentos.com.br\/loja\/shop\/"},{"@type":"ListItem","position":3,"name":"Sanduicheira Elet. SACE Croydon"}]},{"@type":"WebSite","@id":"https:\/\/www.lojadeequipamentos.com.br\/loja\/#website","url":"https:\/\/www.lojadeequipamentos.com.br\/loja\/","name":"Loja de Equipamentos","description":"","potentialAction":[{"@type":"SearchAction","target":{"@type":"EntryPoint","urlTemplate":"https:\/\/www.lojadeequipamentos.com.br\/loja\/?s={search_term_string}"},"query-input":{"@type":"PropertyValueSpecification","valueRequired":true,"valueName":"search_term_string"}}],"inLanguage":"pt-BR"}]}},"_links":{"self":[{"href":"https:\/\/www.lojadeequipamentos.com.br\/loja\/wp-json\/wp\/v2\/product\/4701","targetHints":{"allow":["GET"]}}],"collection":[{"href":"https:\/\/www.lojadeequipamentos.com.br\/loja\/wp-json\/wp\/v2\/product"}],"about":[{"href":"https:\/\/www.lojadeequipamentos.com.br\/loja\/wp-json\/wp\/v2\/types\/product"}],"replies":[{"embeddable":true,"href":"https:\/\/www.lojadeequipamentos.com.br\/loja\/wp-json\/wp\/v2\/comments?post=4701"}],"wp:featuredmedia":[{"embeddable":true,"href":"https:\/\/www.lojadeequipamentos.com.br\/loja\/wp-json\/wp\/v2\/media\/4702"}],"wp:attachment":[{"href":"https:\/\/www.lojadeequipamentos.com.br\/loja\/wp-json\/wp\/v2\/media?parent=4701"}],"wp:term":[{"taxonomy":"product_brand","embeddable":true,"href":"https:\/\/www.lojadeequipamentos.com.br\/loja\/wp-json\/wp\/v2\/product_brand?post=4701"},{"taxonomy":"product_cat","embeddable":true,"href":"https:\/\/www.lojadeequipamentos.com.br\/loja\/wp-json\/wp\/v2\/product_cat?post=4701"},{"taxonomy":"product_tag","embeddable":true,"href":"https:\/\/www.lojadeequipamentos.com.br\/loja\/wp-json\/wp\/v2\/product_tag?post=4701"}],"curies":[{"name":"wp","href":"https:\/\/api.w.org\/{rel}","templated":true}]}}