{"id":4550,"date":"2020-12-20T17:47:25","date_gmt":"2020-12-20T17:47:25","guid":{"rendered":"https:\/\/www.lojadeequipamentos.com.br\/loja\/?post_type=product&#038;p=4550"},"modified":"2021-03-29T00:18:44","modified_gmt":"2021-03-29T00:18:44","slug":"painel-de-comando-digital-sauna-seca-incisor-namarra","status":"publish","type":"product","link":"https:\/\/www.lojadeequipamentos.com.br\/loja\/produto\/painel-de-comando-digital-sauna-seca-incisor-namarra\/","title":{"rendered":"Painel de Comando Digital Sauna Seca &#8211; Namarra"},"content":{"rendered":"<h2>Painel de Comando Digital para Saunas Secas - Incisor \/ Namarra<\/h2>\n<p>\nDescri\u00e7\u00e3o: Painel de Comando Digital e Quadro de Comando para uso nas Saunas Secas; Modelo Hot Dry Pro. O Painel Digital \u00e9 composto de 01 Display (Visor) Digital Num\u00e9rico, 01 Bot\u00e3o On\/Off (Liga e Desliga) e 02 Bot\u00f5es Menos(-) e Mais (+) para Controle T\u00e9rmico da Temperatura Interna da Sauna, Termostato Digital e Term\u00f4metro Digital com cabo de 1,50cm. O Quadro de Comando \u00e9 composto de Contatoras de Resguardo e Partida El\u00e9trica.<br \/>\n<strong>O Painel de Comando Digital pode ser de Embutir em uma Caixa de 10cm x 10cm com Profundidade Dupla ou em Painel de Sobrepor na Parede.<\/strong><br \/>\n<br \/>\nMedida do Painel: largura 135mm x altura 125mm x profundidade 60mm, peso de 400gr.<br \/>\nMedida do Quadro: 6Kw\/9Kw\/12Kw  largura 240mm x altura 180mm x profundidade 150mm<br \/>\n                 15Kw\/18Kw\/24Kw largura 300mm x altura 230mm x profundidade 160mm<br \/>\nGarantia: 03 Meses<br \/>\n<br \/>\nQUADRO DE COMANDO DIGITAL + QUADRO DE RESGUARDOS E TERMOSTATO<\/p>\n<p>POT\u00caNCIAS:<br \/>\n6KW-220-BIF\/TRIF..............R$ 1.309,00<br \/>\n6KW-380-TRIF..................R$ 1.309,00<br \/>\n9KW-220-BIF-TRIF..............R$ 1.309,00<br \/>\n9KW-380-TRIF..................R$ 1.309,00<br \/>\n12KW-220\/380-TRIF.............R$ 1.382,00<br \/>\n15KW-220\/380-TRIF.............R$ 1.382,00<br \/>\n18KW-220\/380-TRIF.............R$ 1.526,00<br \/>\n24KW-220\/380-TRIF.............R$ 1.928,00<br \/>\n<\/p>\n<p><a href=\"https:\/\/api.whatsapp.com\/send?phone=5521964144201\"><img loading=\"lazy\" decoding=\"async\" class=\"alignnone size-full wp-image-4307\" alt=\"botao_whatsapp\" src=\"http:\/\/www.lojadeequipamentos.com.br\/loja\/wp-content\/uploads\/2020\/08\/botao_whatsapp.png\" width=\"226\" height=\"82\" \/><\/a><\/p>\n","protected":false},"excerpt":{"rendered":"<strong>Painel de Comando Digital para Saunas Secas - Incisor \/ Namarra<\/strong>","protected":false},"featured_media":4551,"comment_status":"open","ping_status":"closed","template":"","meta":{"_links_to":"","_links_to_target":""},"product_brand":[],"product_cat":[990],"product_tag":[4428,935,4450,4452,4426,4451,629,4414,4413,391,4415,4453,4454,4416,4425,4455,4417,4456,630,4419,4411,4423,4420,4457,4424],"class_list":{"0":"post-4550","1":"product","2":"type-product","3":"status-publish","4":"has-post-thumbnail","6":"product_cat-painel-de-comando-saunas","7":"product_tag-comando-digital-sauna-eletrica-namarra","8":"product_tag-comando-digital-sauna-namarra","9":"product_tag-comando-digital-sauna-seca-namarra","10":"product_tag-comando-sauna-eletrica-seca-namarra","11":"product_tag-comando-sauna-namarra","12":"product_tag-comando-sauna-seca-namarra","13":"product_tag-painel-de-comando-digital","14":"product_tag-painel-de-comando-digital-incisor","15":"product_tag-painel-de-comando-digital-namarra","16":"product_tag-painel-de-comando-digital-sauna","17":"product_tag-painel-de-comando-digital-sauna-namarra","18":"product_tag-painel-de-comando-digital-sauna-seca","19":"product_tag-painel-de-comando-digital-sauna-seca-namarra","20":"product_tag-painel-de-comando-digital-sauna-vapor-namarra","21":"product_tag-painel-de-comando-namarra","22":"product_tag-painel-de-comando-para-saunas-secas","23":"product_tag-painel-de-comando-sauna-eletrica-namarra","24":"product_tag-painel-de-comando-sauna-seca-namarra","25":"product_tag-painel-de-comando-termostato-digital","26":"product_tag-painel-de-comando-termostato-digital-namarra","27":"product_tag-painel-digital-de-comando","28":"product_tag-painel-digital-de-comando-namarra","29":"product_tag-painel-digital-de-comando-sauna-namarra","30":"product_tag-painel-digital-de-comando-sauna-seca-namarra","31":"product_tag-painel-digital-namarra","33":"first","34":"instock","35":"shipping-taxable","36":"purchasable","37":"product-type-simple"},"yoast_head":"<!-- This site is optimized with the Yoast SEO plugin v27.3 - https:\/\/yoast.com\/product\/yoast-seo-wordpress\/ -->\n<title>Painel de Comando Digital Sauna Seca - Namarra - Loja de Equipamentos<\/title>\n<meta name=\"description\" content=\"Painel de Comando Digital e Quadro para Sauna Seca Namarra R$ Ver Tabela Pre\u00e7o Termostato Term\u00f4metro Digital Quadro de Resguardo Comando El\u00e9trico.\" \/>\n<meta name=\"robots\" content=\"index, follow, max-snippet:-1, max-image-preview:large, max-video-preview:-1\" \/>\n<link rel=\"canonical\" href=\"https:\/\/www.lojadeequipamentos.com.br\/loja\/produto\/painel-de-comando-digital-sauna-seca-incisor-namarra\/\" \/>\n<meta property=\"og:locale\" content=\"pt_BR\" \/>\n<meta property=\"og:type\" content=\"article\" \/>\n<meta property=\"og:title\" content=\"Painel de Comando Digital Sauna Seca - Namarra - Loja de Equipamentos\" \/>\n<meta property=\"og:description\" content=\"Painel de Comando Digital e Quadro para Sauna Seca Namarra R$ Ver Tabela Pre\u00e7o Termostato Term\u00f4metro Digital Quadro de Resguardo Comando El\u00e9trico.\" \/>\n<meta property=\"og:url\" content=\"https:\/\/www.lojadeequipamentos.com.br\/loja\/produto\/painel-de-comando-digital-sauna-seca-incisor-namarra\/\" \/>\n<meta property=\"og:site_name\" content=\"Loja de Equipamentos\" \/>\n<meta property=\"article:modified_time\" content=\"2021-03-29T00:18:44+00:00\" \/>\n<meta property=\"og:image\" content=\"https:\/\/www.lojadeequipamentos.com.br\/loja\/wp-content\/uploads\/2020\/12\/painel-e-quadro-loja-de-equipamentos.jpg\" \/>\n\t<meta property=\"og:image:width\" content=\"270\" \/>\n\t<meta property=\"og:image:height\" content=\"200\" \/>\n\t<meta property=\"og:image:type\" content=\"image\/jpeg\" \/>\n<meta name=\"twitter:card\" content=\"summary_large_image\" \/>\n<meta name=\"twitter:label1\" content=\"Est. tempo de leitura\" \/>\n\t<meta name=\"twitter:data1\" content=\"1 minuto\" \/>\n<script type=\"application\/ld+json\" class=\"yoast-schema-graph\">{\"@context\":\"https:\\\/\\\/schema.org\",\"@graph\":[{\"@type\":\"WebPage\",\"@id\":\"https:\\\/\\\/www.lojadeequipamentos.com.br\\\/loja\\\/produto\\\/painel-de-comando-digital-sauna-seca-incisor-namarra\\\/\",\"url\":\"https:\\\/\\\/www.lojadeequipamentos.com.br\\\/loja\\\/produto\\\/painel-de-comando-digital-sauna-seca-incisor-namarra\\\/\",\"name\":\"Painel de Comando Digital Sauna Seca - Namarra - Loja de Equipamentos\",\"isPartOf\":{\"@id\":\"https:\\\/\\\/www.lojadeequipamentos.com.br\\\/loja\\\/#website\"},\"primaryImageOfPage\":{\"@id\":\"https:\\\/\\\/www.lojadeequipamentos.com.br\\\/loja\\\/produto\\\/painel-de-comando-digital-sauna-seca-incisor-namarra\\\/#primaryimage\"},\"image\":{\"@id\":\"https:\\\/\\\/www.lojadeequipamentos.com.br\\\/loja\\\/produto\\\/painel-de-comando-digital-sauna-seca-incisor-namarra\\\/#primaryimage\"},\"thumbnailUrl\":\"https:\\\/\\\/www.lojadeequipamentos.com.br\\\/loja\\\/wp-content\\\/uploads\\\/2020\\\/12\\\/painel-e-quadro-loja-de-equipamentos.jpg\",\"datePublished\":\"2020-12-20T17:47:25+00:00\",\"dateModified\":\"2021-03-29T00:18:44+00:00\",\"description\":\"Painel de Comando Digital e Quadro para Sauna Seca Namarra R$ Ver Tabela Pre\u00e7o Termostato Term\u00f4metro Digital Quadro de Resguardo Comando El\u00e9trico.\",\"breadcrumb\":{\"@id\":\"https:\\\/\\\/www.lojadeequipamentos.com.br\\\/loja\\\/produto\\\/painel-de-comando-digital-sauna-seca-incisor-namarra\\\/#breadcrumb\"},\"inLanguage\":\"pt-BR\",\"potentialAction\":[{\"@type\":\"ReadAction\",\"target\":[\"https:\\\/\\\/www.lojadeequipamentos.com.br\\\/loja\\\/produto\\\/painel-de-comando-digital-sauna-seca-incisor-namarra\\\/\"]}]},{\"@type\":\"ImageObject\",\"inLanguage\":\"pt-BR\",\"@id\":\"https:\\\/\\\/www.lojadeequipamentos.com.br\\\/loja\\\/produto\\\/painel-de-comando-digital-sauna-seca-incisor-namarra\\\/#primaryimage\",\"url\":\"https:\\\/\\\/www.lojadeequipamentos.com.br\\\/loja\\\/wp-content\\\/uploads\\\/2020\\\/12\\\/painel-e-quadro-loja-de-equipamentos.jpg\",\"contentUrl\":\"https:\\\/\\\/www.lojadeequipamentos.com.br\\\/loja\\\/wp-content\\\/uploads\\\/2020\\\/12\\\/painel-e-quadro-loja-de-equipamentos.jpg\",\"width\":270,\"height\":200},{\"@type\":\"BreadcrumbList\",\"@id\":\"https:\\\/\\\/www.lojadeequipamentos.com.br\\\/loja\\\/produto\\\/painel-de-comando-digital-sauna-seca-incisor-namarra\\\/#breadcrumb\",\"itemListElement\":[{\"@type\":\"ListItem\",\"position\":1,\"name\":\"In\u00edcio\",\"item\":\"https:\\\/\\\/www.lojadeequipamentos.com.br\\\/loja\\\/\"},{\"@type\":\"ListItem\",\"position\":2,\"name\":\"Loja Virtual\",\"item\":\"https:\\\/\\\/www.lojadeequipamentos.com.br\\\/loja\\\/shop\\\/\"},{\"@type\":\"ListItem\",\"position\":3,\"name\":\"Painel de Comando Digital Sauna Seca &#8211; Namarra\"}]},{\"@type\":\"WebSite\",\"@id\":\"https:\\\/\\\/www.lojadeequipamentos.com.br\\\/loja\\\/#website\",\"url\":\"https:\\\/\\\/www.lojadeequipamentos.com.br\\\/loja\\\/\",\"name\":\"Loja de Equipamentos\",\"description\":\"\",\"potentialAction\":[{\"@type\":\"SearchAction\",\"target\":{\"@type\":\"EntryPoint\",\"urlTemplate\":\"https:\\\/\\\/www.lojadeequipamentos.com.br\\\/loja\\\/?s={search_term_string}\"},\"query-input\":{\"@type\":\"PropertyValueSpecification\",\"valueRequired\":true,\"valueName\":\"search_term_string\"}}],\"inLanguage\":\"pt-BR\"}]}<\/script>\n<!-- \/ Yoast SEO plugin. -->","yoast_head_json":{"title":"Painel de Comando Digital Sauna Seca - Namarra - Loja de Equipamentos","description":"Painel de Comando Digital e Quadro para Sauna Seca Namarra R$ Ver Tabela Pre\u00e7o Termostato Term\u00f4metro Digital Quadro de Resguardo Comando El\u00e9trico.","robots":{"index":"index","follow":"follow","max-snippet":"max-snippet:-1","max-image-preview":"max-image-preview:large","max-video-preview":"max-video-preview:-1"},"canonical":"https:\/\/www.lojadeequipamentos.com.br\/loja\/produto\/painel-de-comando-digital-sauna-seca-incisor-namarra\/","og_locale":"pt_BR","og_type":"article","og_title":"Painel de Comando Digital Sauna Seca - Namarra - Loja de Equipamentos","og_description":"Painel de Comando Digital e Quadro para Sauna Seca Namarra R$ Ver Tabela Pre\u00e7o Termostato Term\u00f4metro Digital Quadro de Resguardo Comando El\u00e9trico.","og_url":"https:\/\/www.lojadeequipamentos.com.br\/loja\/produto\/painel-de-comando-digital-sauna-seca-incisor-namarra\/","og_site_name":"Loja de Equipamentos","article_modified_time":"2021-03-29T00:18:44+00:00","og_image":[{"width":270,"height":200,"url":"https:\/\/www.lojadeequipamentos.com.br\/loja\/wp-content\/uploads\/2020\/12\/painel-e-quadro-loja-de-equipamentos.jpg","type":"image\/jpeg"}],"twitter_card":"summary_large_image","twitter_misc":{"Est. tempo de leitura":"1 minuto"},"schema":{"@context":"https:\/\/schema.org","@graph":[{"@type":"WebPage","@id":"https:\/\/www.lojadeequipamentos.com.br\/loja\/produto\/painel-de-comando-digital-sauna-seca-incisor-namarra\/","url":"https:\/\/www.lojadeequipamentos.com.br\/loja\/produto\/painel-de-comando-digital-sauna-seca-incisor-namarra\/","name":"Painel de Comando Digital Sauna Seca - Namarra - Loja de Equipamentos","isPartOf":{"@id":"https:\/\/www.lojadeequipamentos.com.br\/loja\/#website"},"primaryImageOfPage":{"@id":"https:\/\/www.lojadeequipamentos.com.br\/loja\/produto\/painel-de-comando-digital-sauna-seca-incisor-namarra\/#primaryimage"},"image":{"@id":"https:\/\/www.lojadeequipamentos.com.br\/loja\/produto\/painel-de-comando-digital-sauna-seca-incisor-namarra\/#primaryimage"},"thumbnailUrl":"https:\/\/www.lojadeequipamentos.com.br\/loja\/wp-content\/uploads\/2020\/12\/painel-e-quadro-loja-de-equipamentos.jpg","datePublished":"2020-12-20T17:47:25+00:00","dateModified":"2021-03-29T00:18:44+00:00","description":"Painel de Comando Digital e Quadro para Sauna Seca Namarra R$ Ver Tabela Pre\u00e7o Termostato Term\u00f4metro Digital Quadro de Resguardo Comando El\u00e9trico.","breadcrumb":{"@id":"https:\/\/www.lojadeequipamentos.com.br\/loja\/produto\/painel-de-comando-digital-sauna-seca-incisor-namarra\/#breadcrumb"},"inLanguage":"pt-BR","potentialAction":[{"@type":"ReadAction","target":["https:\/\/www.lojadeequipamentos.com.br\/loja\/produto\/painel-de-comando-digital-sauna-seca-incisor-namarra\/"]}]},{"@type":"ImageObject","inLanguage":"pt-BR","@id":"https:\/\/www.lojadeequipamentos.com.br\/loja\/produto\/painel-de-comando-digital-sauna-seca-incisor-namarra\/#primaryimage","url":"https:\/\/www.lojadeequipamentos.com.br\/loja\/wp-content\/uploads\/2020\/12\/painel-e-quadro-loja-de-equipamentos.jpg","contentUrl":"https:\/\/www.lojadeequipamentos.com.br\/loja\/wp-content\/uploads\/2020\/12\/painel-e-quadro-loja-de-equipamentos.jpg","width":270,"height":200},{"@type":"BreadcrumbList","@id":"https:\/\/www.lojadeequipamentos.com.br\/loja\/produto\/painel-de-comando-digital-sauna-seca-incisor-namarra\/#breadcrumb","itemListElement":[{"@type":"ListItem","position":1,"name":"In\u00edcio","item":"https:\/\/www.lojadeequipamentos.com.br\/loja\/"},{"@type":"ListItem","position":2,"name":"Loja Virtual","item":"https:\/\/www.lojadeequipamentos.com.br\/loja\/shop\/"},{"@type":"ListItem","position":3,"name":"Painel de Comando Digital Sauna Seca &#8211; Namarra"}]},{"@type":"WebSite","@id":"https:\/\/www.lojadeequipamentos.com.br\/loja\/#website","url":"https:\/\/www.lojadeequipamentos.com.br\/loja\/","name":"Loja de Equipamentos","description":"","potentialAction":[{"@type":"SearchAction","target":{"@type":"EntryPoint","urlTemplate":"https:\/\/www.lojadeequipamentos.com.br\/loja\/?s={search_term_string}"},"query-input":{"@type":"PropertyValueSpecification","valueRequired":true,"valueName":"search_term_string"}}],"inLanguage":"pt-BR"}]}},"_links":{"self":[{"href":"https:\/\/www.lojadeequipamentos.com.br\/loja\/wp-json\/wp\/v2\/product\/4550","targetHints":{"allow":["GET"]}}],"collection":[{"href":"https:\/\/www.lojadeequipamentos.com.br\/loja\/wp-json\/wp\/v2\/product"}],"about":[{"href":"https:\/\/www.lojadeequipamentos.com.br\/loja\/wp-json\/wp\/v2\/types\/product"}],"replies":[{"embeddable":true,"href":"https:\/\/www.lojadeequipamentos.com.br\/loja\/wp-json\/wp\/v2\/comments?post=4550"}],"wp:featuredmedia":[{"embeddable":true,"href":"https:\/\/www.lojadeequipamentos.com.br\/loja\/wp-json\/wp\/v2\/media\/4551"}],"wp:attachment":[{"href":"https:\/\/www.lojadeequipamentos.com.br\/loja\/wp-json\/wp\/v2\/media?parent=4550"}],"wp:term":[{"taxonomy":"product_brand","embeddable":true,"href":"https:\/\/www.lojadeequipamentos.com.br\/loja\/wp-json\/wp\/v2\/product_brand?post=4550"},{"taxonomy":"product_cat","embeddable":true,"href":"https:\/\/www.lojadeequipamentos.com.br\/loja\/wp-json\/wp\/v2\/product_cat?post=4550"},{"taxonomy":"product_tag","embeddable":true,"href":"https:\/\/www.lojadeequipamentos.com.br\/loja\/wp-json\/wp\/v2\/product_tag?post=4550"}],"curies":[{"name":"wp","href":"https:\/\/api.w.org\/{rel}","templated":true}]}}