{"id":4541,"date":"2020-12-19T17:59:10","date_gmt":"2020-12-19T17:59:10","guid":{"rendered":"http:\/\/www.lojadeequipamentos.com.br\/loja\/?post_type=product&#038;p=4541"},"modified":"2026-01-16T10:44:52","modified_gmt":"2026-01-16T10:44:52","slug":"painel-de-comando-digital-saunas-vapor-incisor-namarra","status":"publish","type":"product","link":"https:\/\/www.lojadeequipamentos.com.br\/loja\/produto\/painel-de-comando-digital-saunas-vapor-incisor-namarra\/","title":{"rendered":"Painel de Comando Digital Sauna Vapor &#8211; Incisor\/Namarra"},"content":{"rendered":"<h2>Painel de Comando Digital para Saunas Vapor - Incisor \/ Namarra<\/h2>\n<p>\nDescri\u00e7\u00e3o: Painel de Comando Digital para uso nas Saunas de Vapor El\u00e9tricas e a G\u00e1s; Modelos Hot Max (Mini Caldeira) \/ Hot Max (Extreme) \/ TechG\u00e1s (Pro - Extreme - 35 Extreme). O Painel Digital \u00e9 composto de 01 Display (Visor) Digital Num\u00e9rico, 01 Bot\u00e3o On\/Off (Liga e Desliga) e 02 Bot\u00f5es Menos(-) e Mais (+) para Controle T\u00e9rmico da Temperatura Interna da Sauna, Termostato Digital e Term\u00f4metro Digital com cabo de 1,50cm.<br \/>\n<strong>O Pain\u00e9l de Comando Digital pode ser de Embutir em uma Caixa de 10cm x 10cm com Profundidade Dupla ou em Pain\u00e9l de Sobrepor na Parede.<\/strong><br \/>\n<br \/>\nMedida e Peso: largura 135mm x altura 125mm x profundidade 60mm, peso de 400gr.<br \/>\nGarantia: 03 Meses<br \/>\n<\/p>\n<p><a href=\"https:\/\/api.whatsapp.com\/send?phone=5521964144201\"><img loading=\"lazy\" decoding=\"async\" class=\"alignnone size-full wp-image-4307\" alt=\"botao_whatsapp\" src=\"http:\/\/www.lojadeequipamentos.com.br\/loja\/wp-content\/uploads\/2020\/08\/botao_whatsapp.png\" width=\"226\" height=\"82\" \/><\/a><\/p>\n","protected":false},"excerpt":{"rendered":"<strong>Painel de Comando Digital para Saunas Vapor - Incisor \/ Namarra<\/strong>","protected":false},"featured_media":4545,"comment_status":"open","ping_status":"closed","template":"","meta":{"_links_to":"","_links_to_target":""},"product_brand":[],"product_cat":[990],"product_tag":[4432,4428,935,4427,4431,4429,4430,4426,629,4414,4413,391,4415,543,4416,4425,4412,4418,4417,630,4419,4411,4423,4422,4420,4421,4424],"class_list":{"0":"post-4541","1":"product","2":"type-product","3":"status-publish","4":"has-post-thumbnail","6":"product_cat-painel-de-comando-saunas","7":"product_tag-comando-digital-sauna-a-gas-namarra","8":"product_tag-comando-digital-sauna-eletrica-namarra","9":"product_tag-comando-digital-sauna-namarra","10":"product_tag-comando-digital-sauna-vapor-namarra","11":"product_tag-comando-sauna-a-gas-namarra","12":"product_tag-comando-sauna-a-vapor-namarra","13":"product_tag-comando-sauna-eletrica-a-vapor-namarra","14":"product_tag-comando-sauna-namarra","15":"product_tag-painel-de-comando-digital","16":"product_tag-painel-de-comando-digital-incisor","17":"product_tag-painel-de-comando-digital-namarra","18":"product_tag-painel-de-comando-digital-sauna","19":"product_tag-painel-de-comando-digital-sauna-namarra","20":"product_tag-painel-de-comando-digital-sauna-vapor","21":"product_tag-painel-de-comando-digital-sauna-vapor-namarra","22":"product_tag-painel-de-comando-namarra","23":"product_tag-painel-de-comando-para-saunas-vapor","24":"product_tag-painel-de-comando-sauna-a-gas-namarra","25":"product_tag-painel-de-comando-sauna-eletrica-namarra","26":"product_tag-painel-de-comando-termostato-digital","27":"product_tag-painel-de-comando-termostato-digital-namarra","28":"product_tag-painel-digital-de-comando","29":"product_tag-painel-digital-de-comando-namarra","30":"product_tag-painel-digital-de-comando-sauna-a-gas-namarra","31":"product_tag-painel-digital-de-comando-sauna-namarra","32":"product_tag-painel-digital-de-comando-sauna-vapor-namarra","33":"product_tag-painel-digital-namarra","35":"first","36":"instock","37":"shipping-taxable","38":"purchasable","39":"product-type-simple"},"yoast_head":"<!-- This site is optimized with the Yoast SEO plugin v27.3 - https:\/\/yoast.com\/product\/yoast-seo-wordpress\/ -->\n<title>Painel de Comando Digital Sauna Vapor - Incisor\/Namarra - Loja de Equipamentos<\/title>\n<meta name=\"description\" content=\"Painel de Comando Digital para Saunas Vapor Namarra R$ 729,00 El\u00e9tricas e a G\u00e1s para Embutir ou Sobrepor - Termostato e Term\u00f4metro Digital.\" \/>\n<meta name=\"robots\" content=\"index, follow, max-snippet:-1, max-image-preview:large, max-video-preview:-1\" \/>\n<link rel=\"canonical\" href=\"https:\/\/www.lojadeequipamentos.com.br\/loja\/produto\/painel-de-comando-digital-saunas-vapor-incisor-namarra\/\" \/>\n<meta property=\"og:locale\" content=\"pt_BR\" \/>\n<meta property=\"og:type\" content=\"article\" \/>\n<meta property=\"og:title\" content=\"Painel de Comando Digital Sauna Vapor - Incisor\/Namarra - Loja de Equipamentos\" \/>\n<meta property=\"og:description\" content=\"Painel de Comando Digital para Saunas Vapor Namarra R$ 729,00 El\u00e9tricas e a G\u00e1s para Embutir ou Sobrepor - Termostato e Term\u00f4metro Digital.\" \/>\n<meta property=\"og:url\" content=\"https:\/\/www.lojadeequipamentos.com.br\/loja\/produto\/painel-de-comando-digital-saunas-vapor-incisor-namarra\/\" \/>\n<meta property=\"og:site_name\" content=\"Loja de Equipamentos\" \/>\n<meta property=\"article:modified_time\" content=\"2026-01-16T10:44:52+00:00\" \/>\n<meta property=\"og:image\" content=\"https:\/\/www.lojadeequipamentos.com.br\/loja\/wp-content\/uploads\/2020\/12\/painel-de-comando-loja-de-equipamentos.jpg\" \/>\n\t<meta property=\"og:image:width\" content=\"270\" \/>\n\t<meta property=\"og:image:height\" content=\"200\" \/>\n\t<meta property=\"og:image:type\" content=\"image\/jpeg\" \/>\n<meta name=\"twitter:card\" content=\"summary_large_image\" \/>\n<meta name=\"twitter:label1\" content=\"Est. tempo de leitura\" \/>\n\t<meta name=\"twitter:data1\" content=\"2 minutos\" \/>\n<script type=\"application\/ld+json\" class=\"yoast-schema-graph\">{\"@context\":\"https:\\\/\\\/schema.org\",\"@graph\":[{\"@type\":\"WebPage\",\"@id\":\"https:\\\/\\\/www.lojadeequipamentos.com.br\\\/loja\\\/produto\\\/painel-de-comando-digital-saunas-vapor-incisor-namarra\\\/\",\"url\":\"https:\\\/\\\/www.lojadeequipamentos.com.br\\\/loja\\\/produto\\\/painel-de-comando-digital-saunas-vapor-incisor-namarra\\\/\",\"name\":\"Painel de Comando Digital Sauna Vapor - Incisor\\\/Namarra - Loja de Equipamentos\",\"isPartOf\":{\"@id\":\"https:\\\/\\\/www.lojadeequipamentos.com.br\\\/loja\\\/#website\"},\"primaryImageOfPage\":{\"@id\":\"https:\\\/\\\/www.lojadeequipamentos.com.br\\\/loja\\\/produto\\\/painel-de-comando-digital-saunas-vapor-incisor-namarra\\\/#primaryimage\"},\"image\":{\"@id\":\"https:\\\/\\\/www.lojadeequipamentos.com.br\\\/loja\\\/produto\\\/painel-de-comando-digital-saunas-vapor-incisor-namarra\\\/#primaryimage\"},\"thumbnailUrl\":\"https:\\\/\\\/www.lojadeequipamentos.com.br\\\/loja\\\/wp-content\\\/uploads\\\/2020\\\/12\\\/painel-de-comando-loja-de-equipamentos.jpg\",\"datePublished\":\"2020-12-19T17:59:10+00:00\",\"dateModified\":\"2026-01-16T10:44:52+00:00\",\"description\":\"Painel de Comando Digital para Saunas Vapor Namarra R$ 729,00 El\u00e9tricas e a G\u00e1s para Embutir ou Sobrepor - Termostato e Term\u00f4metro Digital.\",\"breadcrumb\":{\"@id\":\"https:\\\/\\\/www.lojadeequipamentos.com.br\\\/loja\\\/produto\\\/painel-de-comando-digital-saunas-vapor-incisor-namarra\\\/#breadcrumb\"},\"inLanguage\":\"pt-BR\",\"potentialAction\":[{\"@type\":\"ReadAction\",\"target\":[\"https:\\\/\\\/www.lojadeequipamentos.com.br\\\/loja\\\/produto\\\/painel-de-comando-digital-saunas-vapor-incisor-namarra\\\/\"]}]},{\"@type\":\"ImageObject\",\"inLanguage\":\"pt-BR\",\"@id\":\"https:\\\/\\\/www.lojadeequipamentos.com.br\\\/loja\\\/produto\\\/painel-de-comando-digital-saunas-vapor-incisor-namarra\\\/#primaryimage\",\"url\":\"https:\\\/\\\/www.lojadeequipamentos.com.br\\\/loja\\\/wp-content\\\/uploads\\\/2020\\\/12\\\/painel-de-comando-loja-de-equipamentos.jpg\",\"contentUrl\":\"https:\\\/\\\/www.lojadeequipamentos.com.br\\\/loja\\\/wp-content\\\/uploads\\\/2020\\\/12\\\/painel-de-comando-loja-de-equipamentos.jpg\",\"width\":270,\"height\":200},{\"@type\":\"BreadcrumbList\",\"@id\":\"https:\\\/\\\/www.lojadeequipamentos.com.br\\\/loja\\\/produto\\\/painel-de-comando-digital-saunas-vapor-incisor-namarra\\\/#breadcrumb\",\"itemListElement\":[{\"@type\":\"ListItem\",\"position\":1,\"name\":\"In\u00edcio\",\"item\":\"https:\\\/\\\/www.lojadeequipamentos.com.br\\\/loja\\\/\"},{\"@type\":\"ListItem\",\"position\":2,\"name\":\"Loja Virtual\",\"item\":\"https:\\\/\\\/www.lojadeequipamentos.com.br\\\/loja\\\/shop\\\/\"},{\"@type\":\"ListItem\",\"position\":3,\"name\":\"Painel de Comando Digital Sauna Vapor &#8211; Incisor\\\/Namarra\"}]},{\"@type\":\"WebSite\",\"@id\":\"https:\\\/\\\/www.lojadeequipamentos.com.br\\\/loja\\\/#website\",\"url\":\"https:\\\/\\\/www.lojadeequipamentos.com.br\\\/loja\\\/\",\"name\":\"Loja de Equipamentos\",\"description\":\"\",\"potentialAction\":[{\"@type\":\"SearchAction\",\"target\":{\"@type\":\"EntryPoint\",\"urlTemplate\":\"https:\\\/\\\/www.lojadeequipamentos.com.br\\\/loja\\\/?s={search_term_string}\"},\"query-input\":{\"@type\":\"PropertyValueSpecification\",\"valueRequired\":true,\"valueName\":\"search_term_string\"}}],\"inLanguage\":\"pt-BR\"}]}<\/script>\n<!-- \/ Yoast SEO plugin. -->","yoast_head_json":{"title":"Painel de Comando Digital Sauna Vapor - Incisor\/Namarra - Loja de Equipamentos","description":"Painel de Comando Digital para Saunas Vapor Namarra R$ 729,00 El\u00e9tricas e a G\u00e1s para Embutir ou Sobrepor - Termostato e Term\u00f4metro Digital.","robots":{"index":"index","follow":"follow","max-snippet":"max-snippet:-1","max-image-preview":"max-image-preview:large","max-video-preview":"max-video-preview:-1"},"canonical":"https:\/\/www.lojadeequipamentos.com.br\/loja\/produto\/painel-de-comando-digital-saunas-vapor-incisor-namarra\/","og_locale":"pt_BR","og_type":"article","og_title":"Painel de Comando Digital Sauna Vapor - Incisor\/Namarra - Loja de Equipamentos","og_description":"Painel de Comando Digital para Saunas Vapor Namarra R$ 729,00 El\u00e9tricas e a G\u00e1s para Embutir ou Sobrepor - Termostato e Term\u00f4metro Digital.","og_url":"https:\/\/www.lojadeequipamentos.com.br\/loja\/produto\/painel-de-comando-digital-saunas-vapor-incisor-namarra\/","og_site_name":"Loja de Equipamentos","article_modified_time":"2026-01-16T10:44:52+00:00","og_image":[{"width":270,"height":200,"url":"https:\/\/www.lojadeequipamentos.com.br\/loja\/wp-content\/uploads\/2020\/12\/painel-de-comando-loja-de-equipamentos.jpg","type":"image\/jpeg"}],"twitter_card":"summary_large_image","twitter_misc":{"Est. tempo de leitura":"2 minutos"},"schema":{"@context":"https:\/\/schema.org","@graph":[{"@type":"WebPage","@id":"https:\/\/www.lojadeequipamentos.com.br\/loja\/produto\/painel-de-comando-digital-saunas-vapor-incisor-namarra\/","url":"https:\/\/www.lojadeequipamentos.com.br\/loja\/produto\/painel-de-comando-digital-saunas-vapor-incisor-namarra\/","name":"Painel de Comando Digital Sauna Vapor - Incisor\/Namarra - Loja de Equipamentos","isPartOf":{"@id":"https:\/\/www.lojadeequipamentos.com.br\/loja\/#website"},"primaryImageOfPage":{"@id":"https:\/\/www.lojadeequipamentos.com.br\/loja\/produto\/painel-de-comando-digital-saunas-vapor-incisor-namarra\/#primaryimage"},"image":{"@id":"https:\/\/www.lojadeequipamentos.com.br\/loja\/produto\/painel-de-comando-digital-saunas-vapor-incisor-namarra\/#primaryimage"},"thumbnailUrl":"https:\/\/www.lojadeequipamentos.com.br\/loja\/wp-content\/uploads\/2020\/12\/painel-de-comando-loja-de-equipamentos.jpg","datePublished":"2020-12-19T17:59:10+00:00","dateModified":"2026-01-16T10:44:52+00:00","description":"Painel de Comando Digital para Saunas Vapor Namarra R$ 729,00 El\u00e9tricas e a G\u00e1s para Embutir ou Sobrepor - Termostato e Term\u00f4metro Digital.","breadcrumb":{"@id":"https:\/\/www.lojadeequipamentos.com.br\/loja\/produto\/painel-de-comando-digital-saunas-vapor-incisor-namarra\/#breadcrumb"},"inLanguage":"pt-BR","potentialAction":[{"@type":"ReadAction","target":["https:\/\/www.lojadeequipamentos.com.br\/loja\/produto\/painel-de-comando-digital-saunas-vapor-incisor-namarra\/"]}]},{"@type":"ImageObject","inLanguage":"pt-BR","@id":"https:\/\/www.lojadeequipamentos.com.br\/loja\/produto\/painel-de-comando-digital-saunas-vapor-incisor-namarra\/#primaryimage","url":"https:\/\/www.lojadeequipamentos.com.br\/loja\/wp-content\/uploads\/2020\/12\/painel-de-comando-loja-de-equipamentos.jpg","contentUrl":"https:\/\/www.lojadeequipamentos.com.br\/loja\/wp-content\/uploads\/2020\/12\/painel-de-comando-loja-de-equipamentos.jpg","width":270,"height":200},{"@type":"BreadcrumbList","@id":"https:\/\/www.lojadeequipamentos.com.br\/loja\/produto\/painel-de-comando-digital-saunas-vapor-incisor-namarra\/#breadcrumb","itemListElement":[{"@type":"ListItem","position":1,"name":"In\u00edcio","item":"https:\/\/www.lojadeequipamentos.com.br\/loja\/"},{"@type":"ListItem","position":2,"name":"Loja Virtual","item":"https:\/\/www.lojadeequipamentos.com.br\/loja\/shop\/"},{"@type":"ListItem","position":3,"name":"Painel de Comando Digital Sauna Vapor &#8211; Incisor\/Namarra"}]},{"@type":"WebSite","@id":"https:\/\/www.lojadeequipamentos.com.br\/loja\/#website","url":"https:\/\/www.lojadeequipamentos.com.br\/loja\/","name":"Loja de Equipamentos","description":"","potentialAction":[{"@type":"SearchAction","target":{"@type":"EntryPoint","urlTemplate":"https:\/\/www.lojadeequipamentos.com.br\/loja\/?s={search_term_string}"},"query-input":{"@type":"PropertyValueSpecification","valueRequired":true,"valueName":"search_term_string"}}],"inLanguage":"pt-BR"}]}},"_links":{"self":[{"href":"https:\/\/www.lojadeequipamentos.com.br\/loja\/wp-json\/wp\/v2\/product\/4541","targetHints":{"allow":["GET"]}}],"collection":[{"href":"https:\/\/www.lojadeequipamentos.com.br\/loja\/wp-json\/wp\/v2\/product"}],"about":[{"href":"https:\/\/www.lojadeequipamentos.com.br\/loja\/wp-json\/wp\/v2\/types\/product"}],"replies":[{"embeddable":true,"href":"https:\/\/www.lojadeequipamentos.com.br\/loja\/wp-json\/wp\/v2\/comments?post=4541"}],"wp:featuredmedia":[{"embeddable":true,"href":"https:\/\/www.lojadeequipamentos.com.br\/loja\/wp-json\/wp\/v2\/media\/4545"}],"wp:attachment":[{"href":"https:\/\/www.lojadeequipamentos.com.br\/loja\/wp-json\/wp\/v2\/media?parent=4541"}],"wp:term":[{"taxonomy":"product_brand","embeddable":true,"href":"https:\/\/www.lojadeequipamentos.com.br\/loja\/wp-json\/wp\/v2\/product_brand?post=4541"},{"taxonomy":"product_cat","embeddable":true,"href":"https:\/\/www.lojadeequipamentos.com.br\/loja\/wp-json\/wp\/v2\/product_cat?post=4541"},{"taxonomy":"product_tag","embeddable":true,"href":"https:\/\/www.lojadeequipamentos.com.br\/loja\/wp-json\/wp\/v2\/product_tag?post=4541"}],"curies":[{"name":"wp","href":"https:\/\/api.w.org\/{rel}","templated":true}]}}