{"id":4476,"date":"2020-09-23T18:16:49","date_gmt":"2020-09-23T18:16:49","guid":{"rendered":"http:\/\/www.lojadeequipamentos.com.br\/loja\/?post_type=product&#038;p=4476"},"modified":"2021-03-03T00:08:49","modified_gmt":"2021-03-03T00:08:49","slug":"eletroserra-1600w-127v-sabre-14-matsuyama","status":"publish","type":"product","link":"https:\/\/www.lojadeequipamentos.com.br\/loja\/produto\/eletroserra-1600w-127v-sabre-14-matsuyama\/","title":{"rendered":"Eletroserra 1600W 110V &#8211; Sabre 14&#8243; Matsuyama"},"content":{"rendered":"<h2> Eletroserra 1600W 110V - Sabre 14\" Matsuyama<\/h2>\n<p>\nEletroserra com Trava de Seguran\u00e7a, Lubrifica\u00e7\u00e3o Autom\u00e1tica, Duplo Freio de Seguran\u00e7a, Bot\u00e3o de Seguran\u00e7a, Garra de Prote\u00e7\u00e3o, Corrente de Baixo Rebote e de F\u00e1cil Ajuste da Tens\u00e3o da Corrente.<br \/>\n<br \/>\nAplica\u00e7\u00f5es: Carpinteiros, Atividades de Colheita, Desbaste, Podas e Cortes de Pequenas \u00c1rvores e Galhos em Condom\u00ednios, Ch\u00e1caras, S\u00edtios e Fazendas.<br \/>\n<\/p>\n<p>DADOS T\u00c9CNICOS<br \/>\nC\u00f3digo.                  967548<br \/>\nFrequ\u00eancia               60 Hz<br \/>\nPot\u00eancia                 1600W<br \/>\nTipo de Corrente         3\/8\u201d - 0,050\u201d<br \/>\nQuantidade de Dentes     26<br \/>\nLubrifica\u00e7\u00e3o Autom\u00e1tica  Sim<br \/>\nComprimento do Sabre     14\u201d<br \/>\nVelocidade sem Carga     6250 rpm<br \/>\nN\u00edvel de Ru\u00eddo           110 db(A) (7M)<br \/>\nDimens\u00f5es                565 X 360 X 235 mm (C. x L. x A.)<br \/>\nPeso                     4,5 kg<br \/>\nGarantia                 6 Meses<br \/>\n<br \/>\n<strong>FAVOR ENTRAR EM CONTATO PARA COTA\u00c7\u00c3O DE FRETE<\/strong><br \/>\n<br \/>\n<a href=\"https:\/\/api.whatsapp.com\/send?phone=5521964144201\"><img loading=\"lazy\" decoding=\"async\" class=\"alignnone size-full wp-image-4307\" alt=\"botao_whatsapp\" src=\"http:\/\/www.lojadeequipamentos.com.br\/loja\/wp-content\/uploads\/2020\/08\/botao_whatsapp.png\" width=\"226\" height=\"82\" \/><\/a><\/p>\n","protected":false},"excerpt":{"rendered":" <strong>Eletroserra 1600W 110V - Sabre 14\" Matsuyama<\/strong>","protected":false},"featured_media":4474,"comment_status":"open","ping_status":"closed","template":"","meta":{"_links_to":"","_links_to_target":""},"product_brand":[],"product_cat":[4267],"product_tag":[4276,4275,4283,4269,4271,4279,4278,4277,4284,4270,4272,4280,4287,4286,4288,4285,4291,4289,4292,4290,4281,4273,4295,4293,4282,4274,4296,4294],"class_list":{"0":"post-4476","1":"product","2":"type-product","3":"status-publish","4":"has-post-thumbnail","6":"product_cat-motoserra","7":"product_tag-eletroserra-110v","8":"product_tag-eletroserra-127v","9":"product_tag-eletroserra-14-1600w","10":"product_tag-eletroserra-1600w","11":"product_tag-eletroserra-matsuyama","12":"product_tag-eletroserra-sabre-14","13":"product_tag-eletrosserra-110v","14":"product_tag-eletrosserra-127v","15":"product_tag-eletrosserra-14-1600w","16":"product_tag-eletrosserra-1600w","17":"product_tag-eletrosserra-matsuyama","18":"product_tag-eletrosserra-sabre-14","19":"product_tag-matsuyama-eletroserra-14","20":"product_tag-matsuyama-eletroserra-1600w","21":"product_tag-matsuyama-eletrosserra-14","22":"product_tag-matsuyama-eletrosserra-1600w","23":"product_tag-matsuyama-motoserra-eletrica-14","24":"product_tag-matsuyama-motoserra-eletrica-1600w","25":"product_tag-matsuyama-motosserra-eletrica-14","26":"product_tag-matsuyama-motosserra-eletrica-1600w","27":"product_tag-motoserra-eletrica-1600w","28":"product_tag-motoserra-eletrica-matsuyama","29":"product_tag-motoserra-eletrica-matsuyama-14","30":"product_tag-motoserra-eletrica-matsuyama-1600w","31":"product_tag-motosserra-eletrica-1600w","32":"product_tag-motosserra-eletrica-matsuyana","33":"product_tag-motosserra-eletrica-matsuyana-14","34":"product_tag-motosserra-eletrica-matsuyana-1600w","36":"first","37":"instock","38":"shipping-taxable","39":"purchasable","40":"product-type-simple"},"yoast_head":"<!-- This site is optimized with the Yoast SEO plugin v27.3 - https:\/\/yoast.com\/product\/yoast-seo-wordpress\/ -->\n<title>Eletroserra 1600W 110V - Sabre 14&quot; Matsuyama - Loja de Equipamentos<\/title>\n<meta name=\"description\" content=\"Eletroserra 1600W 110V - Sabre 14&quot; Matsuyama R$ 422,00 Trava de Seg. Lubrifica\u00e7\u00e3o Autom\u00e1tica Duplo Freio de Seguran\u00e7a Bot\u00e3o de Seguran\u00e7a Garra de Prote\u00e7\u00e3o\" \/>\n<meta name=\"robots\" content=\"index, follow, max-snippet:-1, max-image-preview:large, max-video-preview:-1\" \/>\n<link rel=\"canonical\" href=\"https:\/\/www.lojadeequipamentos.com.br\/loja\/produto\/eletroserra-1600w-127v-sabre-14-matsuyama\/\" \/>\n<meta property=\"og:locale\" content=\"pt_BR\" \/>\n<meta property=\"og:type\" content=\"article\" \/>\n<meta property=\"og:title\" content=\"Eletroserra 1600W 110V - Sabre 14&quot; Matsuyama - Loja de Equipamentos\" \/>\n<meta property=\"og:description\" content=\"Eletroserra 1600W 110V - Sabre 14&quot; Matsuyama R$ 422,00 Trava de Seg. Lubrifica\u00e7\u00e3o Autom\u00e1tica Duplo Freio de Seguran\u00e7a Bot\u00e3o de Seguran\u00e7a Garra de Prote\u00e7\u00e3o\" \/>\n<meta property=\"og:url\" content=\"https:\/\/www.lojadeequipamentos.com.br\/loja\/produto\/eletroserra-1600w-127v-sabre-14-matsuyama\/\" \/>\n<meta property=\"og:site_name\" content=\"Loja de Equipamentos\" \/>\n<meta property=\"article:modified_time\" content=\"2021-03-03T00:08:49+00:00\" \/>\n<meta property=\"og:image\" content=\"https:\/\/www.lojadeequipamentos.com.br\/loja\/wp-content\/uploads\/2020\/09\/Eletroserra-1600w-loja-de-equipamentos.jpg\" \/>\n\t<meta property=\"og:image:width\" content=\"270\" \/>\n\t<meta property=\"og:image:height\" content=\"200\" \/>\n\t<meta property=\"og:image:type\" content=\"image\/jpeg\" \/>\n<meta name=\"twitter:card\" content=\"summary_large_image\" \/>\n<meta name=\"twitter:label1\" content=\"Est. tempo de leitura\" \/>\n\t<meta name=\"twitter:data1\" content=\"1 minuto\" \/>\n<script type=\"application\/ld+json\" class=\"yoast-schema-graph\">{\"@context\":\"https:\\\/\\\/schema.org\",\"@graph\":[{\"@type\":\"WebPage\",\"@id\":\"https:\\\/\\\/www.lojadeequipamentos.com.br\\\/loja\\\/produto\\\/eletroserra-1600w-127v-sabre-14-matsuyama\\\/\",\"url\":\"https:\\\/\\\/www.lojadeequipamentos.com.br\\\/loja\\\/produto\\\/eletroserra-1600w-127v-sabre-14-matsuyama\\\/\",\"name\":\"Eletroserra 1600W 110V - Sabre 14\\\" Matsuyama - Loja de Equipamentos\",\"isPartOf\":{\"@id\":\"https:\\\/\\\/www.lojadeequipamentos.com.br\\\/loja\\\/#website\"},\"primaryImageOfPage\":{\"@id\":\"https:\\\/\\\/www.lojadeequipamentos.com.br\\\/loja\\\/produto\\\/eletroserra-1600w-127v-sabre-14-matsuyama\\\/#primaryimage\"},\"image\":{\"@id\":\"https:\\\/\\\/www.lojadeequipamentos.com.br\\\/loja\\\/produto\\\/eletroserra-1600w-127v-sabre-14-matsuyama\\\/#primaryimage\"},\"thumbnailUrl\":\"https:\\\/\\\/www.lojadeequipamentos.com.br\\\/loja\\\/wp-content\\\/uploads\\\/2020\\\/09\\\/Eletroserra-1600w-loja-de-equipamentos.jpg\",\"datePublished\":\"2020-09-23T18:16:49+00:00\",\"dateModified\":\"2021-03-03T00:08:49+00:00\",\"description\":\"Eletroserra 1600W 110V - Sabre 14\\\" Matsuyama R$ 422,00 Trava de Seg. Lubrifica\u00e7\u00e3o Autom\u00e1tica Duplo Freio de Seguran\u00e7a Bot\u00e3o de Seguran\u00e7a Garra de Prote\u00e7\u00e3o\",\"breadcrumb\":{\"@id\":\"https:\\\/\\\/www.lojadeequipamentos.com.br\\\/loja\\\/produto\\\/eletroserra-1600w-127v-sabre-14-matsuyama\\\/#breadcrumb\"},\"inLanguage\":\"pt-BR\",\"potentialAction\":[{\"@type\":\"ReadAction\",\"target\":[\"https:\\\/\\\/www.lojadeequipamentos.com.br\\\/loja\\\/produto\\\/eletroserra-1600w-127v-sabre-14-matsuyama\\\/\"]}]},{\"@type\":\"ImageObject\",\"inLanguage\":\"pt-BR\",\"@id\":\"https:\\\/\\\/www.lojadeequipamentos.com.br\\\/loja\\\/produto\\\/eletroserra-1600w-127v-sabre-14-matsuyama\\\/#primaryimage\",\"url\":\"https:\\\/\\\/www.lojadeequipamentos.com.br\\\/loja\\\/wp-content\\\/uploads\\\/2020\\\/09\\\/Eletroserra-1600w-loja-de-equipamentos.jpg\",\"contentUrl\":\"https:\\\/\\\/www.lojadeequipamentos.com.br\\\/loja\\\/wp-content\\\/uploads\\\/2020\\\/09\\\/Eletroserra-1600w-loja-de-equipamentos.jpg\",\"width\":270,\"height\":200},{\"@type\":\"BreadcrumbList\",\"@id\":\"https:\\\/\\\/www.lojadeequipamentos.com.br\\\/loja\\\/produto\\\/eletroserra-1600w-127v-sabre-14-matsuyama\\\/#breadcrumb\",\"itemListElement\":[{\"@type\":\"ListItem\",\"position\":1,\"name\":\"In\u00edcio\",\"item\":\"https:\\\/\\\/www.lojadeequipamentos.com.br\\\/loja\\\/\"},{\"@type\":\"ListItem\",\"position\":2,\"name\":\"Loja Virtual\",\"item\":\"https:\\\/\\\/www.lojadeequipamentos.com.br\\\/loja\\\/shop\\\/\"},{\"@type\":\"ListItem\",\"position\":3,\"name\":\"Eletroserra 1600W 110V &#8211; Sabre 14&#8243; Matsuyama\"}]},{\"@type\":\"WebSite\",\"@id\":\"https:\\\/\\\/www.lojadeequipamentos.com.br\\\/loja\\\/#website\",\"url\":\"https:\\\/\\\/www.lojadeequipamentos.com.br\\\/loja\\\/\",\"name\":\"Loja de Equipamentos\",\"description\":\"\",\"potentialAction\":[{\"@type\":\"SearchAction\",\"target\":{\"@type\":\"EntryPoint\",\"urlTemplate\":\"https:\\\/\\\/www.lojadeequipamentos.com.br\\\/loja\\\/?s={search_term_string}\"},\"query-input\":{\"@type\":\"PropertyValueSpecification\",\"valueRequired\":true,\"valueName\":\"search_term_string\"}}],\"inLanguage\":\"pt-BR\"}]}<\/script>\n<!-- \/ Yoast SEO plugin. -->","yoast_head_json":{"title":"Eletroserra 1600W 110V - Sabre 14\" Matsuyama - Loja de Equipamentos","description":"Eletroserra 1600W 110V - Sabre 14\" Matsuyama R$ 422,00 Trava de Seg. Lubrifica\u00e7\u00e3o Autom\u00e1tica Duplo Freio de Seguran\u00e7a Bot\u00e3o de Seguran\u00e7a Garra de Prote\u00e7\u00e3o","robots":{"index":"index","follow":"follow","max-snippet":"max-snippet:-1","max-image-preview":"max-image-preview:large","max-video-preview":"max-video-preview:-1"},"canonical":"https:\/\/www.lojadeequipamentos.com.br\/loja\/produto\/eletroserra-1600w-127v-sabre-14-matsuyama\/","og_locale":"pt_BR","og_type":"article","og_title":"Eletroserra 1600W 110V - Sabre 14\" Matsuyama - Loja de Equipamentos","og_description":"Eletroserra 1600W 110V - Sabre 14\" Matsuyama R$ 422,00 Trava de Seg. Lubrifica\u00e7\u00e3o Autom\u00e1tica Duplo Freio de Seguran\u00e7a Bot\u00e3o de Seguran\u00e7a Garra de Prote\u00e7\u00e3o","og_url":"https:\/\/www.lojadeequipamentos.com.br\/loja\/produto\/eletroserra-1600w-127v-sabre-14-matsuyama\/","og_site_name":"Loja de Equipamentos","article_modified_time":"2021-03-03T00:08:49+00:00","og_image":[{"width":270,"height":200,"url":"https:\/\/www.lojadeequipamentos.com.br\/loja\/wp-content\/uploads\/2020\/09\/Eletroserra-1600w-loja-de-equipamentos.jpg","type":"image\/jpeg"}],"twitter_card":"summary_large_image","twitter_misc":{"Est. tempo de leitura":"1 minuto"},"schema":{"@context":"https:\/\/schema.org","@graph":[{"@type":"WebPage","@id":"https:\/\/www.lojadeequipamentos.com.br\/loja\/produto\/eletroserra-1600w-127v-sabre-14-matsuyama\/","url":"https:\/\/www.lojadeequipamentos.com.br\/loja\/produto\/eletroserra-1600w-127v-sabre-14-matsuyama\/","name":"Eletroserra 1600W 110V - Sabre 14\" Matsuyama - Loja de Equipamentos","isPartOf":{"@id":"https:\/\/www.lojadeequipamentos.com.br\/loja\/#website"},"primaryImageOfPage":{"@id":"https:\/\/www.lojadeequipamentos.com.br\/loja\/produto\/eletroserra-1600w-127v-sabre-14-matsuyama\/#primaryimage"},"image":{"@id":"https:\/\/www.lojadeequipamentos.com.br\/loja\/produto\/eletroserra-1600w-127v-sabre-14-matsuyama\/#primaryimage"},"thumbnailUrl":"https:\/\/www.lojadeequipamentos.com.br\/loja\/wp-content\/uploads\/2020\/09\/Eletroserra-1600w-loja-de-equipamentos.jpg","datePublished":"2020-09-23T18:16:49+00:00","dateModified":"2021-03-03T00:08:49+00:00","description":"Eletroserra 1600W 110V - Sabre 14\" Matsuyama R$ 422,00 Trava de Seg. Lubrifica\u00e7\u00e3o Autom\u00e1tica Duplo Freio de Seguran\u00e7a Bot\u00e3o de Seguran\u00e7a Garra de Prote\u00e7\u00e3o","breadcrumb":{"@id":"https:\/\/www.lojadeequipamentos.com.br\/loja\/produto\/eletroserra-1600w-127v-sabre-14-matsuyama\/#breadcrumb"},"inLanguage":"pt-BR","potentialAction":[{"@type":"ReadAction","target":["https:\/\/www.lojadeequipamentos.com.br\/loja\/produto\/eletroserra-1600w-127v-sabre-14-matsuyama\/"]}]},{"@type":"ImageObject","inLanguage":"pt-BR","@id":"https:\/\/www.lojadeequipamentos.com.br\/loja\/produto\/eletroserra-1600w-127v-sabre-14-matsuyama\/#primaryimage","url":"https:\/\/www.lojadeequipamentos.com.br\/loja\/wp-content\/uploads\/2020\/09\/Eletroserra-1600w-loja-de-equipamentos.jpg","contentUrl":"https:\/\/www.lojadeequipamentos.com.br\/loja\/wp-content\/uploads\/2020\/09\/Eletroserra-1600w-loja-de-equipamentos.jpg","width":270,"height":200},{"@type":"BreadcrumbList","@id":"https:\/\/www.lojadeequipamentos.com.br\/loja\/produto\/eletroserra-1600w-127v-sabre-14-matsuyama\/#breadcrumb","itemListElement":[{"@type":"ListItem","position":1,"name":"In\u00edcio","item":"https:\/\/www.lojadeequipamentos.com.br\/loja\/"},{"@type":"ListItem","position":2,"name":"Loja Virtual","item":"https:\/\/www.lojadeequipamentos.com.br\/loja\/shop\/"},{"@type":"ListItem","position":3,"name":"Eletroserra 1600W 110V &#8211; Sabre 14&#8243; Matsuyama"}]},{"@type":"WebSite","@id":"https:\/\/www.lojadeequipamentos.com.br\/loja\/#website","url":"https:\/\/www.lojadeequipamentos.com.br\/loja\/","name":"Loja de Equipamentos","description":"","potentialAction":[{"@type":"SearchAction","target":{"@type":"EntryPoint","urlTemplate":"https:\/\/www.lojadeequipamentos.com.br\/loja\/?s={search_term_string}"},"query-input":{"@type":"PropertyValueSpecification","valueRequired":true,"valueName":"search_term_string"}}],"inLanguage":"pt-BR"}]}},"_links":{"self":[{"href":"https:\/\/www.lojadeequipamentos.com.br\/loja\/wp-json\/wp\/v2\/product\/4476","targetHints":{"allow":["GET"]}}],"collection":[{"href":"https:\/\/www.lojadeequipamentos.com.br\/loja\/wp-json\/wp\/v2\/product"}],"about":[{"href":"https:\/\/www.lojadeequipamentos.com.br\/loja\/wp-json\/wp\/v2\/types\/product"}],"replies":[{"embeddable":true,"href":"https:\/\/www.lojadeequipamentos.com.br\/loja\/wp-json\/wp\/v2\/comments?post=4476"}],"wp:featuredmedia":[{"embeddable":true,"href":"https:\/\/www.lojadeequipamentos.com.br\/loja\/wp-json\/wp\/v2\/media\/4474"}],"wp:attachment":[{"href":"https:\/\/www.lojadeequipamentos.com.br\/loja\/wp-json\/wp\/v2\/media?parent=4476"}],"wp:term":[{"taxonomy":"product_brand","embeddable":true,"href":"https:\/\/www.lojadeequipamentos.com.br\/loja\/wp-json\/wp\/v2\/product_brand?post=4476"},{"taxonomy":"product_cat","embeddable":true,"href":"https:\/\/www.lojadeequipamentos.com.br\/loja\/wp-json\/wp\/v2\/product_cat?post=4476"},{"taxonomy":"product_tag","embeddable":true,"href":"https:\/\/www.lojadeequipamentos.com.br\/loja\/wp-json\/wp\/v2\/product_tag?post=4476"}],"curies":[{"name":"wp","href":"https:\/\/api.w.org\/{rel}","templated":true}]}}