{"id":4438,"date":"2020-09-16T19:32:37","date_gmt":"2020-09-16T19:32:37","guid":{"rendered":"http:\/\/www.lojadeequipamentos.com.br\/loja\/?post_type=product&#038;p=4438"},"modified":"2024-09-19T15:57:42","modified_gmt":"2024-09-19T15:57:42","slug":"fritadeira-3l-x-2-cubas-gas-croydon-f2ag","status":"publish","type":"product","link":"https:\/\/www.lojadeequipamentos.com.br\/loja\/produto\/fritadeira-3l-x-2-cubas-gas-croydon-f2ag\/","title":{"rendered":"Fritadeira 3L x 2 Cubas &#8211; G\u00e1s Croydon F2AG"},"content":{"rendered":"<h2>Fritadeira a G\u00e1s de Mesa F2AG - 3 Litros x 2 Cubas - Croydon<\/h2>\n<p>Descri\u00e7\u00e3o: Fritadeira a G\u00e1s de Mesa Croydon de (06 Litros) 3 Litros x 2 Cubas, Pot\u00eancia(GLP): 2 x 9000Btu\/h = 2 x 2.270Kcal\/h, com gabinete em a\u00e7o inox, 02 caixas de \u00f3leo em a\u00e7o em inox, 02 cestas em arame estanhado, 02 suportes para cesta, 02 manipuladores de temperatura e 02 queimadores atmosf\u00e9rico.<\/p>\n<p>Para equipamentos alimentados por g\u00e1s GLP (P13 ou P45) utilizar regulador de press\u00e3o; independentes de serem conectados atrav\u00e9s de tubo flex\u00edvel(P13) ou rede primarias(P45 ou tanques de armazenamento estacion\u00e1rios) atrav\u00e9s de tubula\u00e7\u00f5es r\u00edgidas de ferro galvanizado ou cobre classe I.(menos os modelos TFAP e FA1B que operam em alta press\u00e3o com botij\u00e3o P13 sem regulador)<br \/>\nNa Instala\u00e7\u00e3o que se usa o tubo flex\u00edvel para liga\u00e7\u00e3o entre o equipamento e o boj\u00e3o dever\u00e1 atender a norma NBR 8613, no qual, a mangueira dever\u00e1 ter comprimento m\u00e1ximo de 80cm, n\u00e3o devendo cruzar a parte traseira do equipamento e deve indicar o nome do fabricante e o ano de fabrica\u00e7\u00e3o, pois sua vida \u00fatil \u00e9 de 5 (cinco) anos no m\u00e1ximo.<br \/>\nN\u00e3o \u00e9 permitido o uso de emendas entre os pontos ligados. As fixa\u00e7\u00f5es das extremidades da mangueira dever\u00e3o ser feitas com abra\u00e7adeiras met\u00e1licas nas suas extremidades para evitar vazamentos (em locais litor\u00e2neos \u00e9 recomendado o uso de abra\u00e7adeiras de a\u00e7o inox).<\/p>\n<p>NOTAS: \u00c9 importante que o tipo de g\u00e1s alimentado seja o mesmo para o qual o equipamento foi ajustado. Verifique na etiqueta de identifica\u00e7\u00e3o do produto, qual tipo de g\u00e1s dever\u00e1 ser utilizado.<br \/>\n<strong>Os equipamentos GLP convertidos para uso em GN dever\u00e3o operar com baixa press\u00e3o (200mmca). A transforma\u00e7\u00e3o de GLP para GN ou GN para GLP, n\u00e3o s\u00e3o cobertas pela garantia da f\u00e1brica.<\/strong><br \/>\nEvite usar esponja met\u00e1lica ou qualquer esponja fibrosa\/abrasiva para evitar danos no acabamento do a\u00e7o inoxid\u00e1vel.<br \/>\nO Perigo de fogo pode ocorrer caso n\u00e3o seja colocado a quantidade m\u00ednima de \u00f3leo indicada no manual. Se isto ocorrer a garantia ser\u00e1 automaticamente cancelada.<br \/>\nEste equipamento \u00e9 fornecido com registro de regulagem com 2 (dois) est\u00e1gios de chamas (m\u00e1xima e m\u00ednima). Incorporado ao registro existe um dispositivo de seguran\u00e7a que s\u00f3 permitir\u00e1 sua abertura quando o manipulador for pressionado e girado para a esquerda.<\/p>\n<p>Dados T\u00e9cnicos<br \/>\nCapacidade da Cesta: 1,25 Kg x 2 = 2,5Kg<br \/>\nCapacidade Nominal: 6 Litros (3 Litros x 2)<br \/>\nPot\u00eancia(GLP): 2 x 9000Btu\/h = 2 x 2.270Kcal\/h<br \/>\nPress\u00e3o de Trabalho(GLP):280 mm.Ca<br \/>\nConsumo(GLP): 2 x 225g\/h = 450g\/h<br \/>\nAltura:41cm Largura:41cm Profundidade:39cm<br \/>\nPeso L\u00edquido: 5,4kg Peso Bruto: 7,4kg<\/p>\n<p><strong>FAVOR ENTRAR EM CONTATO PARA COTA\u00c7\u00c3O DE FRETE<\/strong><\/p>\n<p><a href=\"https:\/\/api.whatsapp.com\/send?phone=5521964144201\"><img loading=\"lazy\" decoding=\"async\" class=\"alignnone size-full wp-image-4307\" src=\"http:\/\/www.lojadeequipamentos.com.br\/loja\/wp-content\/uploads\/2020\/08\/botao_whatsapp.png\" alt=\"botao_whatsapp\" width=\"226\" height=\"82\" \/><\/a><\/p>\n","protected":false},"excerpt":{"rendered":"<strong>Fritadeira a G\u00e1s de Mesa F2AG - 3 Litros x 2 Cubas - Croydon<\/strong>","protected":false},"featured_media":4439,"comment_status":"open","ping_status":"closed","template":"","meta":{"_links_to":"","_links_to_target":""},"product_brand":[],"product_cat":[2257],"product_tag":[2431,2643,2585,2644,2672,4232,2668,2605,2645,2669,4233,4234,2647,2670,2611,2649,2650,2651,2614,2652,2619,2653,2654,2655,4235,2657,2625,2629,2671,2301,2658,2659,2660,2661,2302,2662,2663,2604,2664,2665,2666,2590,4236],"class_list":{"0":"post-4438","1":"product","2":"type-product","3":"status-publish","4":"has-post-thumbnail","6":"product_cat-fritadeira","7":"product_tag-croydon","8":"product_tag-croydon-f2ag","9":"product_tag-croydon-fritadeira","10":"product_tag-friradeira-de-mesa-f2ag","11":"product_tag-fritadeira-18000-btu","12":"product_tag-fritadeira-4-540kcal","13":"product_tag-fritadeira-6-litros","14":"product_tag-fritadeira-a-gas-2","15":"product_tag-fritadeira-a-gas-3-litros-x-2","16":"product_tag-fritadeira-a-gas-6-litros","17":"product_tag-fritadeira-a-gas-croydon-2-x-2-270kcal","18":"product_tag-fritadeira-a-gas-croydon-2-x-9-000btu","19":"product_tag-fritadeira-a-gas-croydon-3-litros-x-2","20":"product_tag-fritadeira-a-gas-croydon-6-litros","21":"product_tag-fritadeira-a-gas-croydon-de-mesa","22":"product_tag-fritadeira-a-gas-croydon-de-mesa-3-litros-x-2","23":"product_tag-fritadeira-a-gas-croydon-de-mesa-f2ag","24":"product_tag-fritadeira-a-gas-croydon-f2ag","25":"product_tag-fritadeira-a-gas-de-mesa","26":"product_tag-fritadeira-a-gas-de-mesa-3-litros-x-2","27":"product_tag-fritadeira-a-gas-de-mesa-croydon","28":"product_tag-fritadeira-a-gas-de-mesa-croydon-3-litros-x-2","29":"product_tag-fritadeira-a-gas-de-mesa-croydon-f2ag","30":"product_tag-fritadeira-a-gas-de-mesa-f2ag","31":"product_tag-fritadeira-croydon-2-x-2-270kcal","32":"product_tag-fritadeira-croydon-2-x-9000btu","33":"product_tag-fritadeira-croydon-3-litros-x-2","34":"product_tag-fritadeira-croydon-6-litros","35":"product_tag-fritadeira-croydon-a-gas-6-litros","36":"product_tag-fritadeira-croydon-de-mesa","37":"product_tag-fritadeira-croydon-de-mesa-3-litros-x-2","38":"product_tag-fritadeira-croydon-de-mesa-f2ag","39":"product_tag-fritadeira-croydon-f2ag","40":"product_tag-fritadeira-de-mesa-3-litros-x-2","41":"product_tag-fritadeira-de-mesa-croydon","42":"product_tag-fritadeira-de-mesa-croydon-3-litros-x-2","43":"product_tag-fritadeira-de-mesa-croydon-f2ag","44":"product_tag-fritadeira-gas","45":"product_tag-fritadeira-gas-3-litros-x-2","46":"product_tag-fritadeira-gas-croydon-3-litros-x-2","47":"product_tag-fritadeira-gas-f2ag","48":"product_tag-gas-fritadeira-croydon","49":"product_tag-gas-fritadeira-croydon-f2ag","51":"first","52":"instock","53":"shipping-taxable","54":"purchasable","55":"product-type-simple"},"yoast_head":"<!-- This site is optimized with the Yoast SEO plugin v27.3 - https:\/\/yoast.com\/product\/yoast-seo-wordpress\/ -->\n<title>Fritadeira 3L x 2 Cubas - G\u00e1s Croydon F2AG - Loja de Equipamentos<\/title>\n<meta name=\"description\" content=\"R$ 1336,00 Fritadeira G\u00e1s de Mesa A\u00e7o Inox Mod. F2AG Croydon 3 Litros x 2 Cubas - Pot. 2 x 9000Btu\/h 2 x 2.270Kcal\/h Cap. Cestas 2,5kg G\u00e1s GLP\" \/>\n<meta name=\"robots\" content=\"index, follow, max-snippet:-1, max-image-preview:large, max-video-preview:-1\" \/>\n<link rel=\"canonical\" href=\"https:\/\/www.lojadeequipamentos.com.br\/loja\/produto\/fritadeira-3l-x-2-cubas-gas-croydon-f2ag\/\" \/>\n<meta property=\"og:locale\" content=\"pt_BR\" \/>\n<meta property=\"og:type\" content=\"article\" \/>\n<meta property=\"og:title\" content=\"Fritadeira 3L x 2 Cubas - G\u00e1s Croydon F2AG - Loja de Equipamentos\" \/>\n<meta property=\"og:description\" content=\"R$ 1336,00 Fritadeira G\u00e1s de Mesa A\u00e7o Inox Mod. F2AG Croydon 3 Litros x 2 Cubas - Pot. 2 x 9000Btu\/h 2 x 2.270Kcal\/h Cap. Cestas 2,5kg G\u00e1s GLP\" \/>\n<meta property=\"og:url\" content=\"https:\/\/www.lojadeequipamentos.com.br\/loja\/produto\/fritadeira-3l-x-2-cubas-gas-croydon-f2ag\/\" \/>\n<meta property=\"og:site_name\" content=\"Loja de Equipamentos\" \/>\n<meta property=\"article:modified_time\" content=\"2024-09-19T15:57:42+00:00\" \/>\n<meta property=\"og:image\" content=\"https:\/\/www.lojadeequipamentos.com.br\/loja\/wp-content\/uploads\/2020\/09\/fritadeira-F2AG-loja-de-equipamentos.jpg\" \/>\n\t<meta property=\"og:image:width\" content=\"270\" \/>\n\t<meta property=\"og:image:height\" content=\"200\" \/>\n\t<meta property=\"og:image:type\" content=\"image\/jpeg\" \/>\n<meta name=\"twitter:card\" content=\"summary_large_image\" \/>\n<meta name=\"twitter:label1\" content=\"Est. tempo de leitura\" \/>\n\t<meta name=\"twitter:data1\" content=\"3 minutos\" \/>\n<script type=\"application\/ld+json\" class=\"yoast-schema-graph\">{\"@context\":\"https:\\\/\\\/schema.org\",\"@graph\":[{\"@type\":\"WebPage\",\"@id\":\"https:\\\/\\\/www.lojadeequipamentos.com.br\\\/loja\\\/produto\\\/fritadeira-3l-x-2-cubas-gas-croydon-f2ag\\\/\",\"url\":\"https:\\\/\\\/www.lojadeequipamentos.com.br\\\/loja\\\/produto\\\/fritadeira-3l-x-2-cubas-gas-croydon-f2ag\\\/\",\"name\":\"Fritadeira 3L x 2 Cubas - G\u00e1s Croydon F2AG - Loja de Equipamentos\",\"isPartOf\":{\"@id\":\"https:\\\/\\\/www.lojadeequipamentos.com.br\\\/loja\\\/#website\"},\"primaryImageOfPage\":{\"@id\":\"https:\\\/\\\/www.lojadeequipamentos.com.br\\\/loja\\\/produto\\\/fritadeira-3l-x-2-cubas-gas-croydon-f2ag\\\/#primaryimage\"},\"image\":{\"@id\":\"https:\\\/\\\/www.lojadeequipamentos.com.br\\\/loja\\\/produto\\\/fritadeira-3l-x-2-cubas-gas-croydon-f2ag\\\/#primaryimage\"},\"thumbnailUrl\":\"https:\\\/\\\/www.lojadeequipamentos.com.br\\\/loja\\\/wp-content\\\/uploads\\\/2020\\\/09\\\/fritadeira-F2AG-loja-de-equipamentos.jpg\",\"datePublished\":\"2020-09-16T19:32:37+00:00\",\"dateModified\":\"2024-09-19T15:57:42+00:00\",\"description\":\"R$ 1336,00 Fritadeira G\u00e1s de Mesa A\u00e7o Inox Mod. F2AG Croydon 3 Litros x 2 Cubas - Pot. 2 x 9000Btu\\\/h 2 x 2.270Kcal\\\/h Cap. Cestas 2,5kg G\u00e1s GLP\",\"breadcrumb\":{\"@id\":\"https:\\\/\\\/www.lojadeequipamentos.com.br\\\/loja\\\/produto\\\/fritadeira-3l-x-2-cubas-gas-croydon-f2ag\\\/#breadcrumb\"},\"inLanguage\":\"pt-BR\",\"potentialAction\":[{\"@type\":\"ReadAction\",\"target\":[\"https:\\\/\\\/www.lojadeequipamentos.com.br\\\/loja\\\/produto\\\/fritadeira-3l-x-2-cubas-gas-croydon-f2ag\\\/\"]}]},{\"@type\":\"ImageObject\",\"inLanguage\":\"pt-BR\",\"@id\":\"https:\\\/\\\/www.lojadeequipamentos.com.br\\\/loja\\\/produto\\\/fritadeira-3l-x-2-cubas-gas-croydon-f2ag\\\/#primaryimage\",\"url\":\"https:\\\/\\\/www.lojadeequipamentos.com.br\\\/loja\\\/wp-content\\\/uploads\\\/2020\\\/09\\\/fritadeira-F2AG-loja-de-equipamentos.jpg\",\"contentUrl\":\"https:\\\/\\\/www.lojadeequipamentos.com.br\\\/loja\\\/wp-content\\\/uploads\\\/2020\\\/09\\\/fritadeira-F2AG-loja-de-equipamentos.jpg\",\"width\":270,\"height\":200},{\"@type\":\"BreadcrumbList\",\"@id\":\"https:\\\/\\\/www.lojadeequipamentos.com.br\\\/loja\\\/produto\\\/fritadeira-3l-x-2-cubas-gas-croydon-f2ag\\\/#breadcrumb\",\"itemListElement\":[{\"@type\":\"ListItem\",\"position\":1,\"name\":\"In\u00edcio\",\"item\":\"https:\\\/\\\/www.lojadeequipamentos.com.br\\\/loja\\\/\"},{\"@type\":\"ListItem\",\"position\":2,\"name\":\"Loja Virtual\",\"item\":\"https:\\\/\\\/www.lojadeequipamentos.com.br\\\/loja\\\/shop\\\/\"},{\"@type\":\"ListItem\",\"position\":3,\"name\":\"Fritadeira 3L x 2 Cubas &#8211; G\u00e1s Croydon F2AG\"}]},{\"@type\":\"WebSite\",\"@id\":\"https:\\\/\\\/www.lojadeequipamentos.com.br\\\/loja\\\/#website\",\"url\":\"https:\\\/\\\/www.lojadeequipamentos.com.br\\\/loja\\\/\",\"name\":\"Loja de Equipamentos\",\"description\":\"\",\"potentialAction\":[{\"@type\":\"SearchAction\",\"target\":{\"@type\":\"EntryPoint\",\"urlTemplate\":\"https:\\\/\\\/www.lojadeequipamentos.com.br\\\/loja\\\/?s={search_term_string}\"},\"query-input\":{\"@type\":\"PropertyValueSpecification\",\"valueRequired\":true,\"valueName\":\"search_term_string\"}}],\"inLanguage\":\"pt-BR\"}]}<\/script>\n<!-- \/ Yoast SEO plugin. -->","yoast_head_json":{"title":"Fritadeira 3L x 2 Cubas - G\u00e1s Croydon F2AG - Loja de Equipamentos","description":"R$ 1336,00 Fritadeira G\u00e1s de Mesa A\u00e7o Inox Mod. F2AG Croydon 3 Litros x 2 Cubas - Pot. 2 x 9000Btu\/h 2 x 2.270Kcal\/h Cap. Cestas 2,5kg G\u00e1s GLP","robots":{"index":"index","follow":"follow","max-snippet":"max-snippet:-1","max-image-preview":"max-image-preview:large","max-video-preview":"max-video-preview:-1"},"canonical":"https:\/\/www.lojadeequipamentos.com.br\/loja\/produto\/fritadeira-3l-x-2-cubas-gas-croydon-f2ag\/","og_locale":"pt_BR","og_type":"article","og_title":"Fritadeira 3L x 2 Cubas - G\u00e1s Croydon F2AG - Loja de Equipamentos","og_description":"R$ 1336,00 Fritadeira G\u00e1s de Mesa A\u00e7o Inox Mod. F2AG Croydon 3 Litros x 2 Cubas - Pot. 2 x 9000Btu\/h 2 x 2.270Kcal\/h Cap. Cestas 2,5kg G\u00e1s GLP","og_url":"https:\/\/www.lojadeequipamentos.com.br\/loja\/produto\/fritadeira-3l-x-2-cubas-gas-croydon-f2ag\/","og_site_name":"Loja de Equipamentos","article_modified_time":"2024-09-19T15:57:42+00:00","og_image":[{"width":270,"height":200,"url":"https:\/\/www.lojadeequipamentos.com.br\/loja\/wp-content\/uploads\/2020\/09\/fritadeira-F2AG-loja-de-equipamentos.jpg","type":"image\/jpeg"}],"twitter_card":"summary_large_image","twitter_misc":{"Est. tempo de leitura":"3 minutos"},"schema":{"@context":"https:\/\/schema.org","@graph":[{"@type":"WebPage","@id":"https:\/\/www.lojadeequipamentos.com.br\/loja\/produto\/fritadeira-3l-x-2-cubas-gas-croydon-f2ag\/","url":"https:\/\/www.lojadeequipamentos.com.br\/loja\/produto\/fritadeira-3l-x-2-cubas-gas-croydon-f2ag\/","name":"Fritadeira 3L x 2 Cubas - G\u00e1s Croydon F2AG - Loja de Equipamentos","isPartOf":{"@id":"https:\/\/www.lojadeequipamentos.com.br\/loja\/#website"},"primaryImageOfPage":{"@id":"https:\/\/www.lojadeequipamentos.com.br\/loja\/produto\/fritadeira-3l-x-2-cubas-gas-croydon-f2ag\/#primaryimage"},"image":{"@id":"https:\/\/www.lojadeequipamentos.com.br\/loja\/produto\/fritadeira-3l-x-2-cubas-gas-croydon-f2ag\/#primaryimage"},"thumbnailUrl":"https:\/\/www.lojadeequipamentos.com.br\/loja\/wp-content\/uploads\/2020\/09\/fritadeira-F2AG-loja-de-equipamentos.jpg","datePublished":"2020-09-16T19:32:37+00:00","dateModified":"2024-09-19T15:57:42+00:00","description":"R$ 1336,00 Fritadeira G\u00e1s de Mesa A\u00e7o Inox Mod. F2AG Croydon 3 Litros x 2 Cubas - Pot. 2 x 9000Btu\/h 2 x 2.270Kcal\/h Cap. Cestas 2,5kg G\u00e1s GLP","breadcrumb":{"@id":"https:\/\/www.lojadeequipamentos.com.br\/loja\/produto\/fritadeira-3l-x-2-cubas-gas-croydon-f2ag\/#breadcrumb"},"inLanguage":"pt-BR","potentialAction":[{"@type":"ReadAction","target":["https:\/\/www.lojadeequipamentos.com.br\/loja\/produto\/fritadeira-3l-x-2-cubas-gas-croydon-f2ag\/"]}]},{"@type":"ImageObject","inLanguage":"pt-BR","@id":"https:\/\/www.lojadeequipamentos.com.br\/loja\/produto\/fritadeira-3l-x-2-cubas-gas-croydon-f2ag\/#primaryimage","url":"https:\/\/www.lojadeequipamentos.com.br\/loja\/wp-content\/uploads\/2020\/09\/fritadeira-F2AG-loja-de-equipamentos.jpg","contentUrl":"https:\/\/www.lojadeequipamentos.com.br\/loja\/wp-content\/uploads\/2020\/09\/fritadeira-F2AG-loja-de-equipamentos.jpg","width":270,"height":200},{"@type":"BreadcrumbList","@id":"https:\/\/www.lojadeequipamentos.com.br\/loja\/produto\/fritadeira-3l-x-2-cubas-gas-croydon-f2ag\/#breadcrumb","itemListElement":[{"@type":"ListItem","position":1,"name":"In\u00edcio","item":"https:\/\/www.lojadeequipamentos.com.br\/loja\/"},{"@type":"ListItem","position":2,"name":"Loja Virtual","item":"https:\/\/www.lojadeequipamentos.com.br\/loja\/shop\/"},{"@type":"ListItem","position":3,"name":"Fritadeira 3L x 2 Cubas &#8211; G\u00e1s Croydon F2AG"}]},{"@type":"WebSite","@id":"https:\/\/www.lojadeequipamentos.com.br\/loja\/#website","url":"https:\/\/www.lojadeequipamentos.com.br\/loja\/","name":"Loja de Equipamentos","description":"","potentialAction":[{"@type":"SearchAction","target":{"@type":"EntryPoint","urlTemplate":"https:\/\/www.lojadeequipamentos.com.br\/loja\/?s={search_term_string}"},"query-input":{"@type":"PropertyValueSpecification","valueRequired":true,"valueName":"search_term_string"}}],"inLanguage":"pt-BR"}]}},"_links":{"self":[{"href":"https:\/\/www.lojadeequipamentos.com.br\/loja\/wp-json\/wp\/v2\/product\/4438","targetHints":{"allow":["GET"]}}],"collection":[{"href":"https:\/\/www.lojadeequipamentos.com.br\/loja\/wp-json\/wp\/v2\/product"}],"about":[{"href":"https:\/\/www.lojadeequipamentos.com.br\/loja\/wp-json\/wp\/v2\/types\/product"}],"replies":[{"embeddable":true,"href":"https:\/\/www.lojadeequipamentos.com.br\/loja\/wp-json\/wp\/v2\/comments?post=4438"}],"wp:featuredmedia":[{"embeddable":true,"href":"https:\/\/www.lojadeequipamentos.com.br\/loja\/wp-json\/wp\/v2\/media\/4439"}],"wp:attachment":[{"href":"https:\/\/www.lojadeequipamentos.com.br\/loja\/wp-json\/wp\/v2\/media?parent=4438"}],"wp:term":[{"taxonomy":"product_brand","embeddable":true,"href":"https:\/\/www.lojadeequipamentos.com.br\/loja\/wp-json\/wp\/v2\/product_brand?post=4438"},{"taxonomy":"product_cat","embeddable":true,"href":"https:\/\/www.lojadeequipamentos.com.br\/loja\/wp-json\/wp\/v2\/product_cat?post=4438"},{"taxonomy":"product_tag","embeddable":true,"href":"https:\/\/www.lojadeequipamentos.com.br\/loja\/wp-json\/wp\/v2\/product_tag?post=4438"}],"curies":[{"name":"wp","href":"https:\/\/api.w.org\/{rel}","templated":true}]}}